{"id":7385,"date":"2025-12-03T10:30:19","date_gmt":"2025-12-03T10:30:19","guid":{"rendered":"https:\/\/vozolvapen.de\/?post_type=product&#038;p=7385"},"modified":"2026-02-10T11:16:53","modified_gmt":"2026-02-10T11:16:53","slug":"vozol-rave-40000-watermelon-bubblegum","status":"publish","type":"product","link":"https:\/\/vozolvapen.de\/de\/product\/vozol-rave-40000-watermelon-bubblegum\/","title":{"rendered":"VOZOL RAVE 40000 \u2013 Wassermelone-Kaugummi"},"content":{"rendered":"<h1 data-path-to-node=\"192\"><b>VOZOL RAVE 40000 Puffs Einweg-Vape \u2013 Wassermelonen-Kaugummi-Geschmack<\/b><\/h1>\n<p data-path-to-node=\"194\"><b>Geschmacksbeschreibung:<\/b> Das <b>Wassermelonen-Kaugummi<\/b> Der Geschmack ist ein k\u00f6stlicher, nostalgischer Genuss, der auf modernste Weise pr\u00e4sentiert wird. <b>VOZOL RAVE 40000<\/b> Paket. Es f\u00e4ngt die knackige, s\u00fc\u00dfe Essenz frischer Wassermelonen ein und verbindet sie mit der zuckrigen, vertrauten Kaubarkeit klassischer rosa Kaugummis. Dieses s\u00fc\u00dfe, von S\u00fc\u00dfigkeiten inspirierte Profil ist \u00e4u\u00dferst befriedigend, sehr aromatisch und herrlich verspielt. Mit dem au\u00dfergew\u00f6hnlichen <b>Vozol 40000 Z\u00fcge<\/b> Kapazit\u00e4t und die optische Attraktivit\u00e4t des <b>Vozol Rave<\/b> Lichtshow, dieser Geschmack bringt Spa\u00df und Spannung zur\u00fcck zum Vapen.<\/p>\n<h2 data-path-to-node=\"195\"><b>Warum sollten Sie sich f\u00fcr Vozol Rave 40000 Watermelon Bubblegum entscheiden?<\/b><\/h2>\n<p data-path-to-node=\"196\">Ein unterhaltsamer, s\u00fc\u00dfer Geschmack, der durch ernsthafte Leistung untermauert wird:<\/p>\n<ol start=\"1\" data-path-to-node=\"197\">\n<li>\n<p data-path-to-node=\"197,0,0\"><b>Nostalgischer Bonbon-Geschmack:<\/b> Perfekt f\u00fcr Vaper, die s\u00fc\u00dfe, konfektartige Aromen m\u00f6gen, mit einer kr\u00e4ftigen und pr\u00e4zisen Note von Kaugummi.<\/p>\n<\/li>\n<li>\n<p data-path-to-node=\"197,1,0\"><b>Party-Verbesserung:<\/b> Das <b>Beat-Synchronisierter Party-Modus<\/b> ist perfekt f\u00fcr diesen verspielten Geschmack geeignet und verleiht Ihren Vape-Sessions ein dynamisches visuelles Element.<\/p>\n<\/li>\n<li>\n<p data-path-to-node=\"197,2,0\"><b>Kosteng\u00fcnstige S\u00fc\u00dfe:<\/b> Mit der enormen Anzahl von 40.000 Z\u00fcgen k\u00f6nnen Sie Ihre Naschlust wochenlang stillen, ohne h\u00e4ufig nachkaufen zu m\u00fcssen.<\/p>\n<\/li>\n<\/ol>\n<h3 data-path-to-node=\"198\"><b>VOZOL RAVE 40000 \u2013 Technische Daten<\/b><\/h3>\n<table data-path-to-node=\"4\">\n<thead>\n<tr>\n<td><strong>Parameter<\/strong><\/td>\n<td><strong>Detail<\/strong><\/td>\n<td><strong>Hervorhebung<\/strong><\/td>\n<\/tr>\n<\/thead>\n<tbody>\n<tr>\n<td><span data-path-to-node=\"4,1,0,0\"><b>Modellname<\/b><\/span><\/td>\n<td><span data-path-to-node=\"4,1,1,0\"><b>VOZOL RAVE 40000<\/b><\/span><\/td>\n<td><span data-path-to-node=\"4,1,2,0\">F\u00fchrend <b>Vozol 40000<\/b> Serie<\/span><\/td>\n<\/tr>\n<tr>\n<td><span data-path-to-node=\"4,2,0,0\"><b>Maximale Anzahl an Z\u00fcgen<\/b><\/span><\/td>\n<td><span data-path-to-node=\"4,2,1,0\">Bis zu <b>40.000 Z\u00fcge<\/b><\/span><\/td>\n<td><span data-path-to-node=\"4,2,2,0\">Un\u00fcbertroffene Langlebigkeit<\/span><\/td>\n<\/tr>\n<tr>\n<td><span data-path-to-node=\"4,3,0,0\"><b>E-Liquid<\/b><\/span><\/td>\n<td><span data-path-to-node=\"4,3,1,0\">20 ml vorgef\u00fcllte Fl\u00fcssigkeit<\/span><\/td>\n<td><span data-path-to-node=\"4,3,2,0\">Maximale Kapazit\u00e4t<\/span><\/td>\n<\/tr>\n<tr>\n<td><span data-path-to-node=\"4,4,0,0\"><b>Nikotin<\/b><\/span><\/td>\n<td><span data-path-to-node=\"4,4,1,0\">5% (50 mg\/ml) Nikotingehalt<\/span><\/td>\n<td><span data-path-to-node=\"4,4,2,0\">Kr\u00e4ftiger, befriedigender Schlag<\/span><\/td>\n<\/tr>\n<tr>\n<td><span data-path-to-node=\"4,5,0,0\"><b>Batterie<\/b><\/span><\/td>\n<td><span data-path-to-node=\"4,5,1,0\">1000 mAh wiederaufladbar<\/span><\/td>\n<td><span data-path-to-node=\"4,5,2,0\">80% In 20 Minuten aufgeladen<\/span><\/td>\n<\/tr>\n<tr>\n<td><span data-path-to-node=\"4,6,0,0\"><b>Versand<\/b><\/span><\/td>\n<td><span data-path-to-node=\"4,6,1,0\">Europ\u00e4isches Lager (1\u20133 Tage)<\/span><\/td>\n<td><span data-path-to-node=\"4,6,2,0\">Schnelle Lieferung innerhalb der EU<\/span><\/td>\n<\/tr>\n<tr>\n<td><span data-path-to-node=\"4,7,0,0\"><b>Funktionen<\/b><\/span><\/td>\n<td><span data-path-to-node=\"4,7,1,0\">270\u00b0 lebhaftes Leuchten, beat-synchronisierter Party-Modus<\/span><\/td>\n<td><span data-path-to-node=\"4,7,2,0\">Einzigartiges Vaping-Erlebnis<\/span><\/td>\n<\/tr>\n<\/tbody>\n<\/table>\n<h3 dir=\"auto\">Hier sind weitere Empfehlungen f\u00fcr Sie:<\/h3>\n<p dir=\"auto\">Entdecken Sie noch mehr unglaubliche Aromen mit dem Fumot VOZOL RAVE 40000 Puff Vape!<\/p>\n<p dir=\"auto\"><a href=\"https:\/\/vozolvapen.de\/de\/produktkategorie\/vozol-vape\/vozol-rave-40000-zuge-vape\/\">Alle Sorten hier ansehen \u2192<\/a><\/p>\n<p dir=\"auto\">Entdecken Sie unser komplettes Sortiment und kaufen Sie die beliebtesten Vape-Marken.<\/p>\n<p dir=\"auto\"><a href=\"https:\/\/vozolvapen.de\/de\/\">Jetzt alle Marken durchsuchen \u2192<\/a><\/p>\n<p dir=\"auto\">Entdecken Sie die komplette VOZOL Vape-Serie \u2013 alle Geschmacksrichtungen, alle Modelle!<\/p>\n<p dir=\"auto\"><a href=\"https:\/\/vozolvapen.de\/de\/produktkategorie\/vozol-vape\/\">Die gesamte VOZOL Vape-Kollektion ansehen \u2192<\/a><\/p>","protected":false},"excerpt":{"rendered":"<p>Die knackige S\u00fc\u00dfe der Wassermelone, angereichert mit dem zuckrigen, nostalgischen Aroma des klassischen Kaugummis. Die <b>Vozol Rave<\/b> bringt eine verspielte, bonbonartige S\u00fc\u00dfe mit sich.<\/p>","protected":false},"featured_media":7336,"comment_status":"open","ping_status":"closed","template":"","meta":{"_acf_changed":false},"product_brand":[],"product_cat":[15,134],"product_tag":[],"class_list":{"0":"post-7385","1":"product","2":"type-product","3":"status-publish","4":"has-post-thumbnail","6":"product_cat-uncategorized","7":"product_cat-eu-warehouse-in-stock","9":"first","10":"instock","11":"shipping-taxable","12":"purchasable","13":"product-type-variable"},"acf":[],"yoast_head":"<!-- This site is optimized with the Yoast SEO Premium plugin v26.1 (Yoast SEO v27.5) - https:\/\/yoast.com\/product\/yoast-seo-premium-wordpress\/ -->\n<title>Vozol Rave 40000 Puffs Watermelon Bubblegum - Vozol Vape Candy Flavor Wholesale - vozolvapen<\/title>\n<meta name=\"description\" content=\"Fun and fruity Watermelon Bubblegum in the Vozol Rave 40000. A sweet candy twist on classic watermelon. 40000 puffs, 5% Nicotine, fast 1-3 day EU delivery. Get your Vozol 40000 today!\" \/>\n<meta name=\"robots\" content=\"index, follow, max-snippet:-1, max-image-preview:large, max-video-preview:-1\" \/>\n<link rel=\"canonical\" href=\"https:\/\/vozolvapen.de\/de\/produkt\/vozol-rave-40000-watermelon-bubblegum\/\" \/>\n<meta property=\"og:locale\" content=\"de_DE\" \/>\n<meta property=\"og:type\" content=\"article\" \/>\n<meta property=\"og:title\" content=\"VOZOL RAVE 40000 - Watermelon Bubblegum\" \/>\n<meta property=\"og:description\" content=\"Fun and fruity Watermelon Bubblegum in the Vozol Rave 40000. A sweet candy twist on classic watermelon. 40000 puffs, 5% Nicotine, fast 1-3 day EU delivery. Get your Vozol 40000 today!\" \/>\n<meta property=\"og:url\" content=\"https:\/\/vozolvapen.de\/de\/produkt\/vozol-rave-40000-watermelon-bubblegum\/\" \/>\n<meta property=\"og:site_name\" content=\"vozolvapen\" \/>\n<meta property=\"article:modified_time\" content=\"2026-02-10T11:16:53+00:00\" \/>\n<meta property=\"og:image\" content=\"https:\/\/vozolvapen.de\/wp-content\/uploads\/2025\/12\/VOZOL-RAVE-40000-Watermelon-Bubblegum-2.webp\" \/>\n\t<meta property=\"og:image:width\" content=\"1200\" \/>\n\t<meta property=\"og:image:height\" content=\"1200\" \/>\n\t<meta property=\"og:image:type\" content=\"image\/webp\" \/>\n<meta name=\"twitter:card\" content=\"summary_large_image\" \/>\n<meta name=\"twitter:label1\" content=\"Gesch\u00e4tzte Lesezeit\" \/>\n\t<meta name=\"twitter:data1\" content=\"2\u00a0Minuten\" \/>\n<script type=\"application\/ld+json\" class=\"yoast-schema-graph\">{\"@context\":\"https:\\\/\\\/schema.org\",\"@graph\":[{\"@type\":\"WebPage\",\"@id\":\"https:\\\/\\\/vozolvapen.de\\\/product\\\/vozol-rave-40000-watermelon-bubblegum\\\/\",\"url\":\"https:\\\/\\\/vozolvapen.de\\\/product\\\/vozol-rave-40000-watermelon-bubblegum\\\/\",\"name\":\"Vozol Rave 40000 Puffs Watermelon Bubblegum - Vozol Vape Candy Flavor Wholesale - vozolvapen\",\"isPartOf\":{\"@id\":\"https:\\\/\\\/vozolvapen.de\\\/#website\"},\"primaryImageOfPage\":{\"@id\":\"https:\\\/\\\/vozolvapen.de\\\/product\\\/vozol-rave-40000-watermelon-bubblegum\\\/#primaryimage\"},\"image\":{\"@id\":\"https:\\\/\\\/vozolvapen.de\\\/product\\\/vozol-rave-40000-watermelon-bubblegum\\\/#primaryimage\"},\"thumbnailUrl\":\"https:\\\/\\\/vozolvapen.de\\\/wp-content\\\/uploads\\\/2025\\\/12\\\/VOZOL-RAVE-40000-Watermelon-Bubblegum-2.webp\",\"datePublished\":\"2025-12-03T10:30:19+00:00\",\"dateModified\":\"2026-02-10T11:16:53+00:00\",\"description\":\"Fun and fruity Watermelon Bubblegum in the Vozol Rave 40000. A sweet candy twist on classic watermelon. 40000 puffs, 5% Nicotine, fast 1-3 day EU delivery. Get your Vozol 40000 today!\",\"breadcrumb\":{\"@id\":\"https:\\\/\\\/vozolvapen.de\\\/product\\\/vozol-rave-40000-watermelon-bubblegum\\\/#breadcrumb\"},\"inLanguage\":\"de\",\"potentialAction\":[{\"@type\":\"ReadAction\",\"target\":[\"https:\\\/\\\/vozolvapen.de\\\/product\\\/vozol-rave-40000-watermelon-bubblegum\\\/\"]}]},{\"@type\":\"ImageObject\",\"inLanguage\":\"de\",\"@id\":\"https:\\\/\\\/vozolvapen.de\\\/product\\\/vozol-rave-40000-watermelon-bubblegum\\\/#primaryimage\",\"url\":\"https:\\\/\\\/vozolvapen.de\\\/wp-content\\\/uploads\\\/2025\\\/12\\\/VOZOL-RAVE-40000-Watermelon-Bubblegum-2.webp\",\"contentUrl\":\"https:\\\/\\\/vozolvapen.de\\\/wp-content\\\/uploads\\\/2025\\\/12\\\/VOZOL-RAVE-40000-Watermelon-Bubblegum-2.webp\",\"width\":1200,\"height\":1200,\"caption\":\"Vozol Rave 40000 Watermelon Bubblegum 2 Disposable Vape Device\"},{\"@type\":\"BreadcrumbList\",\"@id\":\"https:\\\/\\\/vozolvapen.de\\\/product\\\/vozol-rave-40000-watermelon-bubblegum\\\/#breadcrumb\",\"itemListElement\":[{\"@type\":\"ListItem\",\"position\":1,\"name\":\"Home\",\"item\":\"https:\\\/\\\/vozolvapen.de\\\/de\\\/\"},{\"@type\":\"ListItem\",\"position\":2,\"name\":\"Shop\",\"item\":\"https:\\\/\\\/vozolvapen.de\\\/shop\\\/\"},{\"@type\":\"ListItem\",\"position\":3,\"name\":\"VOZOL RAVE 40000 &#8211; Watermelon Bubblegum\"}]},{\"@type\":\"WebSite\",\"@id\":\"https:\\\/\\\/vozolvapen.de\\\/#website\",\"url\":\"https:\\\/\\\/vozolvapen.de\\\/\",\"name\":\"vozolvapen\",\"description\":\"vozolvapen\",\"publisher\":{\"@id\":\"https:\\\/\\\/vozolvapen.de\\\/#organization\"},\"potentialAction\":[{\"@type\":\"SearchAction\",\"target\":{\"@type\":\"EntryPoint\",\"urlTemplate\":\"https:\\\/\\\/vozolvapen.de\\\/?s={search_term_string}\"},\"query-input\":{\"@type\":\"PropertyValueSpecification\",\"valueRequired\":true,\"valueName\":\"search_term_string\"}}],\"inLanguage\":\"de\"},{\"@type\":\"Organization\",\"@id\":\"https:\\\/\\\/vozolvapen.de\\\/#organization\",\"name\":\"vozolvapen\",\"url\":\"https:\\\/\\\/vozolvapen.de\\\/\",\"logo\":{\"@type\":\"ImageObject\",\"inLanguage\":\"de\",\"@id\":\"https:\\\/\\\/vozolvapen.de\\\/#\\\/schema\\\/logo\\\/image\\\/\",\"url\":\"https:\\\/\\\/vozolvapen.de\\\/wp-content\\\/uploads\\\/2025\\\/12\\\/cropped-vozovapen-logo.webp\",\"contentUrl\":\"https:\\\/\\\/vozolvapen.de\\\/wp-content\\\/uploads\\\/2025\\\/12\\\/cropped-vozovapen-logo.webp\",\"width\":470,\"height\":110,\"caption\":\"vozolvapen\"},\"image\":{\"@id\":\"https:\\\/\\\/vozolvapen.de\\\/#\\\/schema\\\/logo\\\/image\\\/\"}}]}<\/script>\n<!-- \/ Yoast SEO Premium plugin. -->","yoast_head_json":{"title":"Vozol Rave 40000 Puffs Wassermelone Bubblegum - Vozol Vape Candy Flavor Gro\u00dfhandel - vozolvapen","description":"Lustige und fruchtige Wassermelone Bubblegum im Vozol Rave 40000. Eine s\u00fc\u00dfe S\u00fc\u00dfigkeit Twist auf klassische Wassermelone. 40000 Z\u00fcge, 5% Nikotin, schnelle 1-3 Tage EU-Lieferung. Holen Sie sich Ihre Vozol 40000 heute!","robots":{"index":"index","follow":"follow","max-snippet":"max-snippet:-1","max-image-preview":"max-image-preview:large","max-video-preview":"max-video-preview:-1"},"canonical":"https:\/\/vozolvapen.de\/de\/produkt\/vozol-rave-40000-watermelon-bubblegum\/","og_locale":"de_DE","og_type":"article","og_title":"VOZOL RAVE 40000 - Watermelon Bubblegum","og_description":"Fun and fruity Watermelon Bubblegum in the Vozol Rave 40000. A sweet candy twist on classic watermelon. 40000 puffs, 5% Nicotine, fast 1-3 day EU delivery. Get your Vozol 40000 today!","og_url":"https:\/\/vozolvapen.de\/de\/produkt\/vozol-rave-40000-watermelon-bubblegum\/","og_site_name":"vozolvapen","article_modified_time":"2026-02-10T11:16:53+00:00","og_image":[{"width":1200,"height":1200,"url":"https:\/\/vozolvapen.de\/wp-content\/uploads\/2025\/12\/VOZOL-RAVE-40000-Watermelon-Bubblegum-2.webp","type":"image\/webp"}],"twitter_card":"summary_large_image","twitter_misc":{"Gesch\u00e4tzte Lesezeit":"2\u00a0Minuten"},"schema":{"@context":"https:\/\/schema.org","@graph":[{"@type":"WebPage","@id":"https:\/\/vozolvapen.de\/product\/vozol-rave-40000-watermelon-bubblegum\/","url":"https:\/\/vozolvapen.de\/product\/vozol-rave-40000-watermelon-bubblegum\/","name":"Vozol Rave 40000 Puffs Wassermelone Bubblegum - Vozol Vape Candy Flavor Gro\u00dfhandel - vozolvapen","isPartOf":{"@id":"https:\/\/vozolvapen.de\/#website"},"primaryImageOfPage":{"@id":"https:\/\/vozolvapen.de\/product\/vozol-rave-40000-watermelon-bubblegum\/#primaryimage"},"image":{"@id":"https:\/\/vozolvapen.de\/product\/vozol-rave-40000-watermelon-bubblegum\/#primaryimage"},"thumbnailUrl":"https:\/\/vozolvapen.de\/wp-content\/uploads\/2025\/12\/VOZOL-RAVE-40000-Watermelon-Bubblegum-2.webp","datePublished":"2025-12-03T10:30:19+00:00","dateModified":"2026-02-10T11:16:53+00:00","description":"Lustige und fruchtige Wassermelone Bubblegum im Vozol Rave 40000. Eine s\u00fc\u00dfe S\u00fc\u00dfigkeit Twist auf klassische Wassermelone. 40000 Z\u00fcge, 5% Nikotin, schnelle 1-3 Tage EU-Lieferung. Holen Sie sich Ihre Vozol 40000 heute!","breadcrumb":{"@id":"https:\/\/vozolvapen.de\/product\/vozol-rave-40000-watermelon-bubblegum\/#breadcrumb"},"inLanguage":"de","potentialAction":[{"@type":"ReadAction","target":["https:\/\/vozolvapen.de\/product\/vozol-rave-40000-watermelon-bubblegum\/"]}]},{"@type":"ImageObject","inLanguage":"de","@id":"https:\/\/vozolvapen.de\/product\/vozol-rave-40000-watermelon-bubblegum\/#primaryimage","url":"https:\/\/vozolvapen.de\/wp-content\/uploads\/2025\/12\/VOZOL-RAVE-40000-Watermelon-Bubblegum-2.webp","contentUrl":"https:\/\/vozolvapen.de\/wp-content\/uploads\/2025\/12\/VOZOL-RAVE-40000-Watermelon-Bubblegum-2.webp","width":1200,"height":1200,"caption":"Vozol Rave 40000 Watermelon Bubblegum 2 Disposable Vape Device"},{"@type":"BreadcrumbList","@id":"https:\/\/vozolvapen.de\/product\/vozol-rave-40000-watermelon-bubblegum\/#breadcrumb","itemListElement":[{"@type":"ListItem","position":1,"name":"Home","item":"https:\/\/vozolvapen.de\/de\/"},{"@type":"ListItem","position":2,"name":"Shop","item":"https:\/\/vozolvapen.de\/shop\/"},{"@type":"ListItem","position":3,"name":"VOZOL RAVE 40000 &#8211; Watermelon Bubblegum"}]},{"@type":"WebSite","@id":"https:\/\/vozolvapen.de\/#website","url":"https:\/\/vozolvapen.de\/","name":"Vozolvapen","description":"Vozolvapen","publisher":{"@id":"https:\/\/vozolvapen.de\/#organization"},"potentialAction":[{"@type":"SearchAction","target":{"@type":"EntryPoint","urlTemplate":"https:\/\/vozolvapen.de\/?s={search_term_string}"},"query-input":{"@type":"PropertyValueSpecification","valueRequired":true,"valueName":"search_term_string"}}],"inLanguage":"de"},{"@type":"Organization","@id":"https:\/\/vozolvapen.de\/#organization","name":"Vozolvapen","url":"https:\/\/vozolvapen.de\/","logo":{"@type":"ImageObject","inLanguage":"de","@id":"https:\/\/vozolvapen.de\/#\/schema\/logo\/image\/","url":"https:\/\/vozolvapen.de\/wp-content\/uploads\/2025\/12\/cropped-vozovapen-logo.webp","contentUrl":"https:\/\/vozolvapen.de\/wp-content\/uploads\/2025\/12\/cropped-vozovapen-logo.webp","width":470,"height":110,"caption":"vozolvapen"},"image":{"@id":"https:\/\/vozolvapen.de\/#\/schema\/logo\/image\/"}}]}},"tiered_pricing_type":"fixed","tiered_pricing_fixed_rules":{"30":"14.04","50":"11.54","100":"11.04","200":"10.04"},"tiered_pricing_product_settings":{"layout":"default","base_unit_name":{"singular":null,"plural":null},"default_variation":{}},"tiered_pricing_minimum_quantity":10,"tiered_pricing_roles_data":[],"tiered_pricing_percentage_rules":[],"tiered_pricing_maximum_quantity":null,"tiered_pricing_quantity_step":"10","_links":{"self":[{"href":"https:\/\/vozolvapen.de\/de\/wp-json\/wp\/v2\/product\/7385","targetHints":{"allow":["GET"]}}],"collection":[{"href":"https:\/\/vozolvapen.de\/de\/wp-json\/wp\/v2\/product"}],"about":[{"href":"https:\/\/vozolvapen.de\/de\/wp-json\/wp\/v2\/types\/product"}],"replies":[{"embeddable":true,"href":"https:\/\/vozolvapen.de\/de\/wp-json\/wp\/v2\/comments?post=7385"}],"wp:featuredmedia":[{"embeddable":true,"href":"https:\/\/vozolvapen.de\/de\/wp-json\/wp\/v2\/media\/7336"}],"wp:attachment":[{"href":"https:\/\/vozolvapen.de\/de\/wp-json\/wp\/v2\/media?parent=7385"}],"wp:term":[{"taxonomy":"product_brand","embeddable":true,"href":"https:\/\/vozolvapen.de\/de\/wp-json\/wp\/v2\/product_brand?post=7385"},{"taxonomy":"product_cat","embeddable":true,"href":"https:\/\/vozolvapen.de\/de\/wp-json\/wp\/v2\/product_cat?post=7385"},{"taxonomy":"product_tag","embeddable":true,"href":"https:\/\/vozolvapen.de\/de\/wp-json\/wp\/v2\/product_tag?post=7385"}],"curies":[{"name":"wp","href":"https:\/\/api.w.org\/{rel}","templated":true}]}}