{"id":7408,"date":"2025-12-04T06:12:17","date_gmt":"2025-12-04T06:12:17","guid":{"rendered":"https:\/\/vozolvapen.de\/?post_type=product&#038;p=7408"},"modified":"2026-02-10T11:16:35","modified_gmt":"2026-02-10T11:16:35","slug":"vozol-vista-40000-kirsch-cola","status":"publish","type":"product","link":"https:\/\/vozolvapen.de\/de\/product\/vozol-vista-40000-cherry-cola\/","title":{"rendered":"VOZOL Vista 40000 \u2013 Kirsch-Cola"},"content":{"rendered":"<h1 data-path-to-node=\"38\"><b>VOZOL Vista 40000 Puffs Einweg-Vape \u2013 Kirsch-Cola-Geschmack<\/b><\/h1>\n<p data-path-to-node=\"39\"><b>Geschmacksbeschreibung:<\/b> Das <b>Kirsch-Cola<\/b> Der Geschmack bietet eine nostalgische Mischung aus zuckers\u00fc\u00dfem Cola-Sprudel und einem dunklen, s\u00fc\u00dfen Kirsch-Abgang. Der <b>VOZOL Vista 40000<\/b> zeichnet sich durch die gleichbleibende Leistung des <b>Doppelgewebespule<\/b>. Verwenden Sie die <b>Rotationsinteraktionsdesign<\/b> durch die <b>8 einzigartige Geschmackserlebnisse<\/b> und finden Sie die Einstellung, die die \u2018spritzigen\u2019 oder \u2018kirschigen\u2019 Noten dieses aufregenden Weins am besten zur Geltung bringt. <b>Vozol Vista<\/b> Geschmack.<\/p>\n<h2 data-path-to-node=\"40\"><b>Warum sollten Sie sich f\u00fcr Vozol Vista 40000 Cherry Cola entscheiden?<\/b><\/h2>\n<ol start=\"1\" data-path-to-node=\"41\">\n<li>\n<p data-path-to-node=\"41,0,0\"><b>Einzigartiges Getr\u00e4nkeerlebnis:<\/b> F\u00e4ngt den komplexen Geschmack von Cherry Cola erfolgreich ein und bietet sowohl die Spritzigkeit der Limonade als auch die S\u00fc\u00dfe der Kirsche.<\/p>\n<\/li>\n<li>\n<p data-path-to-node=\"41,1,0\"><b>Entdecken Sie 8 Geschmacksrichtungen:<\/b> Das <b>Rotationsinteraktionsdesign<\/b> erm\u00f6glicht es Vapern, den Luftstrom anzupassen und so die Wahrnehmung des \u2018Spritzens\u2019 oder der Geschmackskonzentration zu optimieren.<\/p>\n<\/li>\n<li>\n<p data-path-to-node=\"41,2,0\"><b>Vozol-Pods mit hoher Kapazit\u00e4t:<\/b> Mit einem Fassungsverm\u00f6gen von 20 ml ist dieses <b>Vozol-Pods<\/b> Mit diesem Ger\u00e4t k\u00f6nnen Sie diesen einzigartigen Getr\u00e4nkegeschmack \u00fcber einen l\u00e4ngeren Zeitraum genie\u00dfen.<\/p>\n<\/li>\n<\/ol>\n<h3 data-path-to-node=\"42\"><b>VOZOL Vista 40000 \u2013 Technische Daten<\/b><\/h3>\n<table data-path-to-node=\"10\">\n<thead>\n<tr>\n<td><strong>Parameter<\/strong><\/td>\n<td><strong>Details<\/strong><\/td>\n<td><strong>Hervorhebung<\/strong><\/td>\n<\/tr>\n<\/thead>\n<tbody>\n<tr>\n<td><span data-path-to-node=\"10,1,0,0\"><b>Modellname<\/b><\/span><\/td>\n<td><span data-path-to-node=\"10,1,1,0\"><b>VOZOL Vista 40000<\/b><\/span><\/td>\n<td><span data-path-to-node=\"10,1,2,0\">Revolution\u00e4r <b>Vozol 40K<\/b> Serie<\/span><\/td>\n<\/tr>\n<tr>\n<td><span data-path-to-node=\"10,2,0,0\"><b>Maximale Anzahl an Z\u00fcgen<\/b><\/span><\/td>\n<td><span data-path-to-node=\"10,2,1,0\">Bis zu <b>40.000 Z\u00fcge<\/b><\/span><\/td>\n<td><span data-path-to-node=\"10,2,2,0\">Hervorragende Langlebigkeit<\/span><\/td>\n<\/tr>\n<tr>\n<td><span data-path-to-node=\"10,3,0,0\"><b>E-Liquid<\/b><\/span><\/td>\n<td><span data-path-to-node=\"10,3,1,0\">20 ml vorgef\u00fcllte Fl\u00fcssigkeit<\/span><\/td>\n<td><span data-path-to-node=\"10,3,2,0\">Maximale Kapazit\u00e4t<\/span><\/td>\n<\/tr>\n<tr>\n<td><span data-path-to-node=\"10,4,0,0\"><b>Nikotin<\/b><\/span><\/td>\n<td><span data-path-to-node=\"10,4,1,0\">5% (50 mg\/ml) Nikotingehalt<\/span><\/td>\n<td><span data-path-to-node=\"10,4,2,0\">Starker Hit im Hals<\/span><\/td>\n<\/tr>\n<tr>\n<td><span data-path-to-node=\"10,5,0,0\"><b>Batterie<\/b><\/span><\/td>\n<td><span data-path-to-node=\"10,5,1,0\">1000 mAh wiederaufladbar<\/span><\/td>\n<td><span data-path-to-node=\"10,5,2,0\">Stabil und langlebig<\/span><\/td>\n<\/tr>\n<tr>\n<td><span data-path-to-node=\"10,6,0,0\"><b>Spule<\/b><\/span><\/td>\n<td><span data-path-to-node=\"10,6,1,0\"><b>Doppeltes Netz 0,65 \u03a9*2<\/b><\/span><\/td>\n<td><span data-path-to-node=\"10,6,2,0\">Geschmacksverst\u00e4rkung<\/span><\/td>\n<\/tr>\n<\/tbody>\n<\/table>\n<h3 dir=\"auto\">Hier sind weitere Empfehlungen f\u00fcr Sie:<\/h3>\n<p dir=\"auto\">Entdecken Sie noch mehr unglaubliche Aromen mit dem VOZOL Vista 40000 Puff Vape!<\/p>\n<p dir=\"auto\"><a href=\"https:\/\/vozolvapen.de\/de\/produktkategorie\/vozol-vape\/vozol-vista-40000-zuge-vape\/\">Alle Sorten hier ansehen \u2192<\/a><\/p>\n<p dir=\"auto\">Entdecken Sie unser komplettes Sortiment und kaufen Sie die beliebtesten Vape-Marken.<\/p>\n<p dir=\"auto\"><a href=\"https:\/\/vozolvapen.de\/de\/\">Jetzt alle Marken durchsuchen \u2192<\/a><\/p>\n<p dir=\"auto\">Entdecken Sie die komplette VOZOL Vape-Serie \u2013 alle Geschmacksrichtungen, alle Modelle!<\/p>\n<p dir=\"auto\"><a href=\"https:\/\/vozolvapen.de\/de\/produktkategorie\/vozol-vape\/\">Die gesamte VOZOL Vape-Kollektion ansehen \u2192<\/a><\/p>","protected":false},"excerpt":{"rendered":"<p>Die nostalgische Fusion aus sprudelnder Cola und dunklen, s\u00fc\u00dfen Kirschen bietet ein komplexes Geschmackserlebnis, das individuell angepasst werden kann. <b>Rotationsinteraktionsdesign<\/b>.<\/p>","protected":false},"featured_media":7430,"comment_status":"open","ping_status":"closed","template":"","meta":{"_acf_changed":false},"product_brand":[],"product_cat":[134,57],"product_tag":[],"class_list":{"0":"post-7408","1":"product","2":"type-product","3":"status-publish","4":"has-post-thumbnail","6":"product_cat-eu-warehouse-in-stock","7":"product_cat-vozol-vista-40000-puffs-vape","9":"first","10":"instock","11":"shipping-taxable","12":"purchasable","13":"product-type-variable"},"acf":[],"yoast_head":"<!-- This site is optimized with the Yoast SEO Premium plugin v26.1 (Yoast SEO v27.5) - https:\/\/yoast.com\/product\/yoast-seo-premium-wordpress\/ -->\n<title>Vozol Vista 40000 Puffs Cherry Cola - Vozol Pods Beverage Flavor - vozolvapen<\/title>\n<meta name=\"description\" content=\"Fizzy and sweet Cherry Cola flavor in the Vozol Vista 40000. Try the Rotary Interaction Design to find your perfect fizz setting on this unique vozol vape.\" \/>\n<meta name=\"robots\" content=\"index, follow, max-snippet:-1, max-image-preview:large, max-video-preview:-1\" \/>\n<link rel=\"canonical\" href=\"https:\/\/vozolvapen.de\/de\/produkt\/vozol-vista-40000-kirsch-cola\/\" \/>\n<meta property=\"og:locale\" content=\"de_DE\" \/>\n<meta property=\"og:type\" content=\"article\" \/>\n<meta property=\"og:title\" content=\"VOZOL Vista 40000 - Cherry Cola\" \/>\n<meta property=\"og:description\" content=\"Fizzy and sweet Cherry Cola flavor in the Vozol Vista 40000. Try the Rotary Interaction Design to find your perfect fizz setting on this unique vozol vape.\" \/>\n<meta property=\"og:url\" content=\"https:\/\/vozolvapen.de\/de\/produkt\/vozol-vista-40000-kirsch-cola\/\" \/>\n<meta property=\"og:site_name\" content=\"vozolvapen\" \/>\n<meta property=\"article:modified_time\" content=\"2026-02-10T11:16:35+00:00\" \/>\n<meta property=\"og:image\" content=\"https:\/\/vozolvapen.de\/wp-content\/uploads\/2025\/12\/VOZOL-Vista-40000-CHERRY-COLA-2.webp\" \/>\n\t<meta property=\"og:image:width\" content=\"1080\" \/>\n\t<meta property=\"og:image:height\" content=\"1080\" \/>\n\t<meta property=\"og:image:type\" content=\"image\/webp\" \/>\n<meta name=\"twitter:card\" content=\"summary_large_image\" \/>\n<meta name=\"twitter:label1\" content=\"Gesch\u00e4tzte Lesezeit\" \/>\n\t<meta name=\"twitter:data1\" content=\"2\u00a0Minuten\" \/>\n<script type=\"application\/ld+json\" class=\"yoast-schema-graph\">{\"@context\":\"https:\\\/\\\/schema.org\",\"@graph\":[{\"@type\":\"WebPage\",\"@id\":\"https:\\\/\\\/vozolvapen.de\\\/product\\\/vozol-vista-40000-cherry-cola\\\/\",\"url\":\"https:\\\/\\\/vozolvapen.de\\\/product\\\/vozol-vista-40000-cherry-cola\\\/\",\"name\":\"Vozol Vista 40000 Puffs Cherry Cola - Vozol Pods Beverage Flavor - vozolvapen\",\"isPartOf\":{\"@id\":\"https:\\\/\\\/vozolvapen.de\\\/#website\"},\"primaryImageOfPage\":{\"@id\":\"https:\\\/\\\/vozolvapen.de\\\/product\\\/vozol-vista-40000-cherry-cola\\\/#primaryimage\"},\"image\":{\"@id\":\"https:\\\/\\\/vozolvapen.de\\\/product\\\/vozol-vista-40000-cherry-cola\\\/#primaryimage\"},\"thumbnailUrl\":\"https:\\\/\\\/vozolvapen.de\\\/wp-content\\\/uploads\\\/2025\\\/12\\\/VOZOL-Vista-40000-CHERRY-COLA-2.webp\",\"datePublished\":\"2025-12-04T06:12:17+00:00\",\"dateModified\":\"2026-02-10T11:16:35+00:00\",\"description\":\"Fizzy and sweet Cherry Cola flavor in the Vozol Vista 40000. Try the Rotary Interaction Design to find your perfect fizz setting on this unique vozol vape.\",\"breadcrumb\":{\"@id\":\"https:\\\/\\\/vozolvapen.de\\\/product\\\/vozol-vista-40000-cherry-cola\\\/#breadcrumb\"},\"inLanguage\":\"de\",\"potentialAction\":[{\"@type\":\"ReadAction\",\"target\":[\"https:\\\/\\\/vozolvapen.de\\\/product\\\/vozol-vista-40000-cherry-cola\\\/\"]}]},{\"@type\":\"ImageObject\",\"inLanguage\":\"de\",\"@id\":\"https:\\\/\\\/vozolvapen.de\\\/product\\\/vozol-vista-40000-cherry-cola\\\/#primaryimage\",\"url\":\"https:\\\/\\\/vozolvapen.de\\\/wp-content\\\/uploads\\\/2025\\\/12\\\/VOZOL-Vista-40000-CHERRY-COLA-2.webp\",\"contentUrl\":\"https:\\\/\\\/vozolvapen.de\\\/wp-content\\\/uploads\\\/2025\\\/12\\\/VOZOL-Vista-40000-CHERRY-COLA-2.webp\",\"width\":1080,\"height\":1080,\"caption\":\"Vozol Vista 40000 Cherry Cola 2 Disposable Vape Device\"},{\"@type\":\"BreadcrumbList\",\"@id\":\"https:\\\/\\\/vozolvapen.de\\\/product\\\/vozol-vista-40000-cherry-cola\\\/#breadcrumb\",\"itemListElement\":[{\"@type\":\"ListItem\",\"position\":1,\"name\":\"Home\",\"item\":\"https:\\\/\\\/vozolvapen.de\\\/de\\\/\"},{\"@type\":\"ListItem\",\"position\":2,\"name\":\"Shop\",\"item\":\"https:\\\/\\\/vozolvapen.de\\\/shop\\\/\"},{\"@type\":\"ListItem\",\"position\":3,\"name\":\"VOZOL Vista 40000 &#8211; Cherry Cola\"}]},{\"@type\":\"WebSite\",\"@id\":\"https:\\\/\\\/vozolvapen.de\\\/#website\",\"url\":\"https:\\\/\\\/vozolvapen.de\\\/\",\"name\":\"vozolvapen\",\"description\":\"vozolvapen\",\"publisher\":{\"@id\":\"https:\\\/\\\/vozolvapen.de\\\/#organization\"},\"potentialAction\":[{\"@type\":\"SearchAction\",\"target\":{\"@type\":\"EntryPoint\",\"urlTemplate\":\"https:\\\/\\\/vozolvapen.de\\\/?s={search_term_string}\"},\"query-input\":{\"@type\":\"PropertyValueSpecification\",\"valueRequired\":true,\"valueName\":\"search_term_string\"}}],\"inLanguage\":\"de\"},{\"@type\":\"Organization\",\"@id\":\"https:\\\/\\\/vozolvapen.de\\\/#organization\",\"name\":\"vozolvapen\",\"url\":\"https:\\\/\\\/vozolvapen.de\\\/\",\"logo\":{\"@type\":\"ImageObject\",\"inLanguage\":\"de\",\"@id\":\"https:\\\/\\\/vozolvapen.de\\\/#\\\/schema\\\/logo\\\/image\\\/\",\"url\":\"https:\\\/\\\/vozolvapen.de\\\/wp-content\\\/uploads\\\/2025\\\/12\\\/cropped-vozovapen-logo.webp\",\"contentUrl\":\"https:\\\/\\\/vozolvapen.de\\\/wp-content\\\/uploads\\\/2025\\\/12\\\/cropped-vozovapen-logo.webp\",\"width\":470,\"height\":110,\"caption\":\"vozolvapen\"},\"image\":{\"@id\":\"https:\\\/\\\/vozolvapen.de\\\/#\\\/schema\\\/logo\\\/image\\\/\"}}]}<\/script>\n<!-- \/ Yoast SEO Premium plugin. -->","yoast_head_json":{"title":"Vozol Vista 40000 Z\u00fcge Kirsch-Cola \u2013 Vozol Pods Getr\u00e4nkearoma \u2013 vozolvapen","description":"Sprudelnder und s\u00fc\u00dfer Kirsch-Cola-Geschmack im Vozol Vista 40000. Probieren Sie das Rotary Interaction Design aus, um Ihre perfekte Sprudel-Einstellung f\u00fcr diesen einzigartigen Vozol-Vaporizer zu finden.","robots":{"index":"index","follow":"follow","max-snippet":"max-snippet:-1","max-image-preview":"max-image-preview:large","max-video-preview":"max-video-preview:-1"},"canonical":"https:\/\/vozolvapen.de\/de\/produkt\/vozol-vista-40000-kirsch-cola\/","og_locale":"de_DE","og_type":"article","og_title":"VOZOL Vista 40000 - Cherry Cola","og_description":"Fizzy and sweet Cherry Cola flavor in the Vozol Vista 40000. Try the Rotary Interaction Design to find your perfect fizz setting on this unique vozol vape.","og_url":"https:\/\/vozolvapen.de\/de\/produkt\/vozol-vista-40000-kirsch-cola\/","og_site_name":"vozolvapen","article_modified_time":"2026-02-10T11:16:35+00:00","og_image":[{"width":1080,"height":1080,"url":"https:\/\/vozolvapen.de\/wp-content\/uploads\/2025\/12\/VOZOL-Vista-40000-CHERRY-COLA-2.webp","type":"image\/webp"}],"twitter_card":"summary_large_image","twitter_misc":{"Gesch\u00e4tzte Lesezeit":"2\u00a0Minuten"},"schema":{"@context":"https:\/\/schema.org","@graph":[{"@type":"WebPage","@id":"https:\/\/vozolvapen.de\/product\/vozol-vista-40000-cherry-cola\/","url":"https:\/\/vozolvapen.de\/product\/vozol-vista-40000-cherry-cola\/","name":"Vozol Vista 40000 Z\u00fcge Kirsch-Cola \u2013 Vozol Pods Getr\u00e4nkearoma \u2013 vozolvapen","isPartOf":{"@id":"https:\/\/vozolvapen.de\/#website"},"primaryImageOfPage":{"@id":"https:\/\/vozolvapen.de\/product\/vozol-vista-40000-cherry-cola\/#primaryimage"},"image":{"@id":"https:\/\/vozolvapen.de\/product\/vozol-vista-40000-cherry-cola\/#primaryimage"},"thumbnailUrl":"https:\/\/vozolvapen.de\/wp-content\/uploads\/2025\/12\/VOZOL-Vista-40000-CHERRY-COLA-2.webp","datePublished":"2025-12-04T06:12:17+00:00","dateModified":"2026-02-10T11:16:35+00:00","description":"Sprudelnder und s\u00fc\u00dfer Kirsch-Cola-Geschmack im Vozol Vista 40000. Probieren Sie das Rotary Interaction Design aus, um Ihre perfekte Sprudel-Einstellung f\u00fcr diesen einzigartigen Vozol-Vaporizer zu finden.","breadcrumb":{"@id":"https:\/\/vozolvapen.de\/product\/vozol-vista-40000-cherry-cola\/#breadcrumb"},"inLanguage":"de","potentialAction":[{"@type":"ReadAction","target":["https:\/\/vozolvapen.de\/product\/vozol-vista-40000-cherry-cola\/"]}]},{"@type":"ImageObject","inLanguage":"de","@id":"https:\/\/vozolvapen.de\/product\/vozol-vista-40000-cherry-cola\/#primaryimage","url":"https:\/\/vozolvapen.de\/wp-content\/uploads\/2025\/12\/VOZOL-Vista-40000-CHERRY-COLA-2.webp","contentUrl":"https:\/\/vozolvapen.de\/wp-content\/uploads\/2025\/12\/VOZOL-Vista-40000-CHERRY-COLA-2.webp","width":1080,"height":1080,"caption":"Vozol Vista 40000 Cherry Cola 2 Disposable Vape Device"},{"@type":"BreadcrumbList","@id":"https:\/\/vozolvapen.de\/product\/vozol-vista-40000-cherry-cola\/#breadcrumb","itemListElement":[{"@type":"ListItem","position":1,"name":"Home","item":"https:\/\/vozolvapen.de\/de\/"},{"@type":"ListItem","position":2,"name":"Shop","item":"https:\/\/vozolvapen.de\/shop\/"},{"@type":"ListItem","position":3,"name":"VOZOL Vista 40000 &#8211; Cherry Cola"}]},{"@type":"WebSite","@id":"https:\/\/vozolvapen.de\/#website","url":"https:\/\/vozolvapen.de\/","name":"Vozolvapen","description":"Vozolvapen","publisher":{"@id":"https:\/\/vozolvapen.de\/#organization"},"potentialAction":[{"@type":"SearchAction","target":{"@type":"EntryPoint","urlTemplate":"https:\/\/vozolvapen.de\/?s={search_term_string}"},"query-input":{"@type":"PropertyValueSpecification","valueRequired":true,"valueName":"search_term_string"}}],"inLanguage":"de"},{"@type":"Organization","@id":"https:\/\/vozolvapen.de\/#organization","name":"Vozolvapen","url":"https:\/\/vozolvapen.de\/","logo":{"@type":"ImageObject","inLanguage":"de","@id":"https:\/\/vozolvapen.de\/#\/schema\/logo\/image\/","url":"https:\/\/vozolvapen.de\/wp-content\/uploads\/2025\/12\/cropped-vozovapen-logo.webp","contentUrl":"https:\/\/vozolvapen.de\/wp-content\/uploads\/2025\/12\/cropped-vozovapen-logo.webp","width":470,"height":110,"caption":"vozolvapen"},"image":{"@id":"https:\/\/vozolvapen.de\/#\/schema\/logo\/image\/"}}]}},"tiered_pricing_type":"fixed","tiered_pricing_fixed_rules":{"30":"14.39","50":"11.89","100":"11.39","200":"10.39"},"tiered_pricing_product_settings":{"layout":"default","base_unit_name":{"singular":null,"plural":null},"default_variation":{}},"tiered_pricing_minimum_quantity":10,"tiered_pricing_roles_data":[],"tiered_pricing_percentage_rules":[],"tiered_pricing_maximum_quantity":null,"tiered_pricing_quantity_step":"10","_links":{"self":[{"href":"https:\/\/vozolvapen.de\/de\/wp-json\/wp\/v2\/product\/7408","targetHints":{"allow":["GET"]}}],"collection":[{"href":"https:\/\/vozolvapen.de\/de\/wp-json\/wp\/v2\/product"}],"about":[{"href":"https:\/\/vozolvapen.de\/de\/wp-json\/wp\/v2\/types\/product"}],"replies":[{"embeddable":true,"href":"https:\/\/vozolvapen.de\/de\/wp-json\/wp\/v2\/comments?post=7408"}],"wp:featuredmedia":[{"embeddable":true,"href":"https:\/\/vozolvapen.de\/de\/wp-json\/wp\/v2\/media\/7430"}],"wp:attachment":[{"href":"https:\/\/vozolvapen.de\/de\/wp-json\/wp\/v2\/media?parent=7408"}],"wp:term":[{"taxonomy":"product_brand","embeddable":true,"href":"https:\/\/vozolvapen.de\/de\/wp-json\/wp\/v2\/product_brand?post=7408"},{"taxonomy":"product_cat","embeddable":true,"href":"https:\/\/vozolvapen.de\/de\/wp-json\/wp\/v2\/product_cat?post=7408"},{"taxonomy":"product_tag","embeddable":true,"href":"https:\/\/vozolvapen.de\/de\/wp-json\/wp\/v2\/product_tag?post=7408"}],"curies":[{"name":"wp","href":"https:\/\/api.w.org\/{rel}","templated":true}]}}