{"id":7204,"date":"2025-12-02T07:01:30","date_gmt":"2025-12-02T07:01:30","guid":{"rendered":"https:\/\/vozolvapen.de\/?page_id=7204"},"modified":"2025-12-02T07:02:11","modified_gmt":"2025-12-02T07:02:11","slug":"envio-y-seguimiento","status":"publish","type":"page","link":"https:\/\/vozolvapen.de\/es\/shipping-and-tracking\/","title":{"rendered":"Env\u00edo y seguimiento"},"content":{"rendered":"<h3 class=\"wp-block-heading\"><strong>Env\u00edos a todo el mundo<\/strong><\/h3>\n\n\n\n<p>Ofrecemos <strong>Env\u00edo r\u00e1pido y fiable a todo el mundo.<\/strong>, que abarca Europa, Norteam\u00e9rica y otros pa\u00edses, incluidos Estados Unidos, Reino Unido, Alemania, Francia, Italia, Espa\u00f1a, Pa\u00edses Bajos, B\u00e9lgica, Portugal, Suecia, Polonia y muchos m\u00e1s.<\/p>\n\n\n\n<ul class=\"wp-block-list\">\n<li><strong>Desde el almac\u00e9n de la UE:<\/strong> 1-3 d\u00edas laborables<\/li>\n\n\n\n<li><strong>Desde el almac\u00e9n de China:<\/strong> 10-15 d\u00edas laborables<\/li>\n<\/ul>\n\n\n\n<p>Todos los pedidos utilizan <strong>DDP (Entrega con derechos pagados)<\/strong> env\u00edo, significado <strong>sin tasas aduaneras ni impuestos de importaci\u00f3n adicionales<\/strong>.<\/p>\n\n\n\n<hr class=\"wp-block-separator has-alpha-channel-opacity\"\/>\n\n\n\n<h3 class=\"wp-block-heading\"><strong>Seguimiento de pedidos<\/strong><\/h3>\n\n\n\n<p>Una vez que se haya enviado tu pedido, recibir\u00e1s un <strong>n\u00famero de seguimiento por correo electr\u00f3nico o mensaje<\/strong>. Utilice este n\u00famero para realizar el seguimiento de su env\u00edo directamente en la p\u00e1gina web del servicio de mensajer\u00eda.<\/p>\n\n\n\n<p><strong>Atenci\u00f3n:<\/strong> Las actualizaciones de seguimiento pueden tardar entre 1 y 2 d\u00edas laborables en aparecer despu\u00e9s del env\u00edo.<\/p>\n\n\n\n<p>Si tiene alg\u00fan problema con el seguimiento, p\u00f3ngase en contacto con nuestro <strong>equipo de atenci\u00f3n al cliente<\/strong> por correo electr\u00f3nico o WhatsApp: estaremos encantados de ayudarle.<\/p>\n\n\n\n<hr class=\"wp-block-separator has-alpha-channel-opacity\"\/>\n\n\n\n<h3 class=\"wp-block-heading\"><strong>Paquetes m\u00faltiples<\/strong><\/h3>\n\n\n\n<p>Siempre que sea posible, enviamos todos los art\u00edculos en <strong>un paquete<\/strong> para una entrega m\u00e1s r\u00e1pida.<br>Si tu pedido incluye productos de <strong>diferentes almacenes<\/strong>, pueden llegar por separado, cada uno con su propio n\u00famero de seguimiento.<\/p>\n\n\n\n<hr class=\"wp-block-separator has-alpha-channel-opacity\"\/>\n\n\n\n<h3 class=\"wp-block-heading\"><strong>\u00bfNecesitas ayuda?<\/strong><\/h3>\n\n\n\n<p>Si tiene alguna pregunta sobre env\u00edos o seguimiento, p\u00f3ngase en contacto con nosotros en:<\/p>\n\n\n\n<ul class=\"wp-block-list\">\n<li><strong>Correo electr\u00f3nico:<\/strong> <a>support@vozolvapen.com<\/a><\/li>\n\n\n\n<li><strong>WhatsApp:<\/strong> +86 18024174651<\/li>\n<\/ul>\n\n\n\n<p><\/p>","protected":false},"excerpt":{"rendered":"<p>Worldwide Shipping We offer fast and reliable shipping worldwide, covering Europe, North America, and beyond, including the US, UK, Germany, France, Italy, Spain, Netherlands, Belgium, Portugal, Sweden, Poland, and more. All orders use DDP (Delivered Duty Paid) shipping, meaning no extra customs fees or import taxes. Order Tracking Once your order has been shipped, you\u2019ll [&hellip;]<\/p>\n","protected":false},"author":1,"featured_media":0,"parent":0,"menu_order":0,"comment_status":"closed","ping_status":"closed","template":"","meta":{"_acf_changed":false,"footnotes":""},"class_list":["post-7204","page","type-page","status-publish","hentry"],"acf":[],"yoast_head":"<!-- This site is optimized with the Yoast SEO Premium plugin v26.1 (Yoast SEO v27.5) - https:\/\/yoast.com\/product\/yoast-seo-premium-wordpress\/ -->\n<title>Shipping and Tracking - vozolvapen<\/title>\n<meta name=\"robots\" content=\"index, follow, max-snippet:-1, max-image-preview:large, max-video-preview:-1\" \/>\n<link rel=\"canonical\" href=\"https:\/\/vozolvapen.de\/es\/envio-y-seguimiento\/\" \/>\n<meta property=\"og:locale\" content=\"es_ES\" \/>\n<meta property=\"og:type\" content=\"article\" \/>\n<meta property=\"og:title\" content=\"Shipping and Tracking\" \/>\n<meta property=\"og:description\" content=\"Worldwide Shipping We offer fast and reliable shipping worldwide, covering Europe, North America, and beyond, including the US, UK, Germany, France, Italy, Spain, Netherlands, Belgium, Portugal, Sweden, Poland, and more. All orders use DDP (Delivered Duty Paid) shipping, meaning no extra customs fees or import taxes. Order Tracking Once your order has been shipped, you\u2019ll [&hellip;]\" \/>\n<meta property=\"og:url\" content=\"https:\/\/vozolvapen.de\/es\/envio-y-seguimiento\/\" \/>\n<meta property=\"og:site_name\" content=\"vozolvapen\" \/>\n<meta property=\"article:modified_time\" content=\"2025-12-02T07:02:11+00:00\" \/>\n<meta name=\"twitter:card\" content=\"summary_large_image\" \/>\n<meta name=\"twitter:label1\" content=\"Tiempo de lectura\" \/>\n\t<meta name=\"twitter:data1\" content=\"1 minuto\" \/>\n<script type=\"application\/ld+json\" class=\"yoast-schema-graph\">{\"@context\":\"https:\\\/\\\/schema.org\",\"@graph\":[{\"@type\":\"WebPage\",\"@id\":\"https:\\\/\\\/vozolvapen.de\\\/shipping-and-tracking\\\/\",\"url\":\"https:\\\/\\\/vozolvapen.de\\\/shipping-and-tracking\\\/\",\"name\":\"Shipping and Tracking - vozolvapen\",\"isPartOf\":{\"@id\":\"https:\\\/\\\/vozolvapen.de\\\/#website\"},\"datePublished\":\"2025-12-02T07:01:30+00:00\",\"dateModified\":\"2025-12-02T07:02:11+00:00\",\"breadcrumb\":{\"@id\":\"https:\\\/\\\/vozolvapen.de\\\/shipping-and-tracking\\\/#breadcrumb\"},\"inLanguage\":\"es\",\"potentialAction\":[{\"@type\":\"ReadAction\",\"target\":[\"https:\\\/\\\/vozolvapen.de\\\/shipping-and-tracking\\\/\"]}]},{\"@type\":\"BreadcrumbList\",\"@id\":\"https:\\\/\\\/vozolvapen.de\\\/shipping-and-tracking\\\/#breadcrumb\",\"itemListElement\":[{\"@type\":\"ListItem\",\"position\":1,\"name\":\"Home\",\"item\":\"https:\\\/\\\/vozolvapen.de\\\/de\\\/\"},{\"@type\":\"ListItem\",\"position\":2,\"name\":\"Shipping and Tracking\"}]},{\"@type\":\"WebSite\",\"@id\":\"https:\\\/\\\/vozolvapen.de\\\/#website\",\"url\":\"https:\\\/\\\/vozolvapen.de\\\/\",\"name\":\"vozolvapen\",\"description\":\"vozolvapen\",\"publisher\":{\"@id\":\"https:\\\/\\\/vozolvapen.de\\\/#organization\"},\"potentialAction\":[{\"@type\":\"SearchAction\",\"target\":{\"@type\":\"EntryPoint\",\"urlTemplate\":\"https:\\\/\\\/vozolvapen.de\\\/?s={search_term_string}\"},\"query-input\":{\"@type\":\"PropertyValueSpecification\",\"valueRequired\":true,\"valueName\":\"search_term_string\"}}],\"inLanguage\":\"es\"},{\"@type\":\"Organization\",\"@id\":\"https:\\\/\\\/vozolvapen.de\\\/#organization\",\"name\":\"vozolvapen\",\"url\":\"https:\\\/\\\/vozolvapen.de\\\/\",\"logo\":{\"@type\":\"ImageObject\",\"inLanguage\":\"es\",\"@id\":\"https:\\\/\\\/vozolvapen.de\\\/#\\\/schema\\\/logo\\\/image\\\/\",\"url\":\"https:\\\/\\\/vozolvapen.de\\\/wp-content\\\/uploads\\\/2025\\\/12\\\/cropped-vozovapen-logo.webp\",\"contentUrl\":\"https:\\\/\\\/vozolvapen.de\\\/wp-content\\\/uploads\\\/2025\\\/12\\\/cropped-vozovapen-logo.webp\",\"width\":470,\"height\":110,\"caption\":\"vozolvapen\"},\"image\":{\"@id\":\"https:\\\/\\\/vozolvapen.de\\\/#\\\/schema\\\/logo\\\/image\\\/\"}}]}<\/script>\n<!-- \/ Yoast SEO Premium plugin. -->","yoast_head_json":{"title":"Env\u00edo y seguimiento - vozolvapen","robots":{"index":"index","follow":"follow","max-snippet":"max-snippet:-1","max-image-preview":"max-image-preview:large","max-video-preview":"max-video-preview:-1"},"canonical":"https:\/\/vozolvapen.de\/es\/envio-y-seguimiento\/","og_locale":"es_ES","og_type":"article","og_title":"Shipping and Tracking","og_description":"Worldwide Shipping We offer fast and reliable shipping worldwide, covering Europe, North America, and beyond, including the US, UK, Germany, France, Italy, Spain, Netherlands, Belgium, Portugal, Sweden, Poland, and more. All orders use DDP (Delivered Duty Paid) shipping, meaning no extra customs fees or import taxes. Order Tracking Once your order has been shipped, you\u2019ll [&hellip;]","og_url":"https:\/\/vozolvapen.de\/es\/envio-y-seguimiento\/","og_site_name":"vozolvapen","article_modified_time":"2025-12-02T07:02:11+00:00","twitter_card":"summary_large_image","twitter_misc":{"Tiempo de lectura":"1 minuto"},"schema":{"@context":"https:\/\/schema.org","@graph":[{"@type":"WebPage","@id":"https:\/\/vozolvapen.de\/shipping-and-tracking\/","url":"https:\/\/vozolvapen.de\/shipping-and-tracking\/","name":"Env\u00edo y seguimiento - vozolvapen","isPartOf":{"@id":"https:\/\/vozolvapen.de\/#website"},"datePublished":"2025-12-02T07:01:30+00:00","dateModified":"2025-12-02T07:02:11+00:00","breadcrumb":{"@id":"https:\/\/vozolvapen.de\/shipping-and-tracking\/#breadcrumb"},"inLanguage":"es","potentialAction":[{"@type":"ReadAction","target":["https:\/\/vozolvapen.de\/shipping-and-tracking\/"]}]},{"@type":"BreadcrumbList","@id":"https:\/\/vozolvapen.de\/shipping-and-tracking\/#breadcrumb","itemListElement":[{"@type":"ListItem","position":1,"name":"Home","item":"https:\/\/vozolvapen.de\/de\/"},{"@type":"ListItem","position":2,"name":"Shipping and Tracking"}]},{"@type":"WebSite","@id":"https:\/\/vozolvapen.de\/#website","url":"https:\/\/vozolvapen.de\/","name":"vozolvapen","description":"vozolvapen","publisher":{"@id":"https:\/\/vozolvapen.de\/#organization"},"potentialAction":[{"@type":"SearchAction","target":{"@type":"EntryPoint","urlTemplate":"https:\/\/vozolvapen.de\/?s={search_term_string}"},"query-input":{"@type":"PropertyValueSpecification","valueRequired":true,"valueName":"search_term_string"}}],"inLanguage":"es"},{"@type":"Organization","@id":"https:\/\/vozolvapen.de\/#organization","name":"vozolvapen","url":"https:\/\/vozolvapen.de\/","logo":{"@type":"ImageObject","inLanguage":"es","@id":"https:\/\/vozolvapen.de\/#\/schema\/logo\/image\/","url":"https:\/\/vozolvapen.de\/wp-content\/uploads\/2025\/12\/cropped-vozovapen-logo.webp","contentUrl":"https:\/\/vozolvapen.de\/wp-content\/uploads\/2025\/12\/cropped-vozovapen-logo.webp","width":470,"height":110,"caption":"vozolvapen"},"image":{"@id":"https:\/\/vozolvapen.de\/#\/schema\/logo\/image\/"}}]}},"_links":{"self":[{"href":"https:\/\/vozolvapen.de\/es\/wp-json\/wp\/v2\/pages\/7204","targetHints":{"allow":["GET"]}}],"collection":[{"href":"https:\/\/vozolvapen.de\/es\/wp-json\/wp\/v2\/pages"}],"about":[{"href":"https:\/\/vozolvapen.de\/es\/wp-json\/wp\/v2\/types\/page"}],"author":[{"embeddable":true,"href":"https:\/\/vozolvapen.de\/es\/wp-json\/wp\/v2\/users\/1"}],"replies":[{"embeddable":true,"href":"https:\/\/vozolvapen.de\/es\/wp-json\/wp\/v2\/comments?post=7204"}],"version-history":[{"count":2,"href":"https:\/\/vozolvapen.de\/es\/wp-json\/wp\/v2\/pages\/7204\/revisions"}],"predecessor-version":[{"id":7208,"href":"https:\/\/vozolvapen.de\/es\/wp-json\/wp\/v2\/pages\/7204\/revisions\/7208"}],"wp:attachment":[{"href":"https:\/\/vozolvapen.de\/es\/wp-json\/wp\/v2\/media?parent=7204"}],"curies":[{"name":"wp","href":"https:\/\/api.w.org\/{rel}","templated":true}]}}