{"id":18699,"date":"2025-12-08T10:17:23","date_gmt":"2025-12-08T10:17:23","guid":{"rendered":"https:\/\/vozolvapen.de\/?post_type=product&#038;p=18699"},"modified":"2026-02-10T12:34:29","modified_gmt":"2026-02-10T12:34:29","slug":"vozol-star-40000-uva-helada","status":"publish","type":"product","link":"https:\/\/vozolvapen.de\/es\/product\/vozol-star-40000-grape-ice\/","title":{"rendered":"Vozol Star 40000 \u2013 Uva helada"},"content":{"rendered":"<h1 data-path-to-node=\"8,2,0\">VOZOL Star 40k Puffs  \u2013 Uva helada<\/h1>\n<p data-path-to-node=\"8,3,0\"><b>Una explosi\u00f3n audaz de uva morada<\/b> Experimenta la intensa riqueza de <b>VOZOL Star 40000 Hielo de uva<\/b>. Este perfil de sabor est\u00e1 dise\u00f1ado para los vapeadores que aman las notas frutales profundas y oscuras. Imita a la perfecci\u00f3n el sabor de las uvas Concord reci\u00e9n prensadas, ofreciendo una dulzura confitada que se reconoce al instante. La adici\u00f3n de una capa refrescante de hielo garantiza que el sabor se mantenga brillante y nunca resulte demasiado pesado.<\/p>\n<h2 data-path-to-node=\"8,3,1\"><b>Rendimiento constante<\/b><\/h2>\n<p data-path-to-node=\"8,3,1\">El <b>VOZOL Star 40000<\/b> El hardware est\u00e1 dise\u00f1ado para soportar sabores intensos como Grape Ice sin atenuar el sabor con el paso del tiempo. Las bobinas de malla doble se calientan r\u00e1pidamente, liberando los complejos \u00e9steres del aroma a uva para crear una nube suave y arom\u00e1tica. Tanto si est\u00e1s en casa como fuera de ella, la bater\u00eda recargable te garantiza que podr\u00e1s disfrutar de cada gota del dep\u00f3sito precargado de 20 ml.<\/p>\n<h3 data-path-to-node=\"8,4,0\"><b>Especificaciones<\/b><\/h3>\n<ul>\n<li data-path-to-node=\"8,4,1,0,0\"><b>Puffs:<\/b> Hasta 40 000<\/li>\n<li data-path-to-node=\"8,4,1,1,0\"><b>Sabor:<\/b> Uva morada, mentol<\/li>\n<li data-path-to-node=\"8,4,1,2,0\"><b>E-l\u00edquido:<\/b> 20 ml<\/li>\n<li data-path-to-node=\"8,4,1,3,0\"><b>Bobina:<\/b> Malla doble 0,65 \u03a9*2<\/li>\n<\/ul>\n<h3 dir=\"auto\">Aqu\u00ed tienes m\u00e1s recomendaciones para ti:<\/h3>\n<p dir=\"auto\">\u00a1Descubre sabores a\u00fan m\u00e1s incre\u00edbles con el vaporizador Vozol Star 40000 Puff!<\/p>\n<p dir=\"auto\"><a href=\"https:\/\/vozolvapen.de\/es\/categoria-de-producto\/vozol-vape\/vozol-star-40-000-caladas-vape\/\">Ver todas las variedades aqu\u00ed \u2192<\/a><\/p>\n<p dir=\"auto\">Explora nuestra colecci\u00f3n completa y compra las mejores marcas de vapeo que te encantar\u00e1n.<\/p>\n<p dir=\"auto\"><a href=\"https:\/\/vozolvapen.de\/es\/\">Explora todas las marcas ahora \u2192<\/a><\/p>\n<p dir=\"auto\">\u00a1Echa un vistazo a la serie completa de VOZOL Vape: todos los sabores, todos los estilos!<\/p>\n<p dir=\"auto\"><a href=\"https:\/\/vozolvapen.de\/es\/categoria-de-producto\/vozol-vape\/\">Ver la colecci\u00f3n completa de VOZOL Vape \u2192<\/a><\/p>","protected":false},"excerpt":{"rendered":"<p><span data-path-to-node=\"4,2,2,0\"><b>Uva morada intensa y con cuerpo.<\/b> Sabor con un final refrescante perfectamente equilibrado. Un cl\u00e1sico favorito.<\/span><\/p>","protected":false},"featured_media":19300,"comment_status":"open","ping_status":"closed","template":"","meta":{"_acf_changed":false},"product_brand":[],"product_cat":[15,134,69],"product_tag":[],"class_list":{"0":"post-18699","1":"product","2":"type-product","3":"status-publish","4":"has-post-thumbnail","6":"product_cat-uncategorized","7":"product_cat-eu-warehouse-in-stock","8":"product_cat-vozol-star-40000-puffs-vape","10":"first","11":"instock","12":"shipping-taxable","13":"purchasable","14":"product-type-variable"},"acf":[],"yoast_head":"<!-- This site is optimized with the Yoast SEO Premium plugin v26.1 (Yoast SEO v27.5) - https:\/\/yoast.com\/product\/yoast-seo-premium-wordpress\/ -->\n<title>VOZOL Star 40000 Grape Ice | Rich Grape Flavor 40k Vape - vozolvapen<\/title>\n<meta name=\"description\" content=\"Shop VOZOL Star 40000 Grape Ice. A bold fusion of deep purple grapes and refreshing menthol. Long-lasting 40,000 puffs disposable device. European Stock.\" \/>\n<meta name=\"robots\" content=\"index, follow, max-snippet:-1, max-image-preview:large, max-video-preview:-1\" \/>\n<link rel=\"canonical\" href=\"https:\/\/vozolvapen.de\/es\/product\/vozol-star-40000-uva-helada\/\" \/>\n<meta property=\"og:locale\" content=\"es_ES\" \/>\n<meta property=\"og:type\" content=\"article\" \/>\n<meta property=\"og:title\" content=\"Vozol Star 40000 - Grape Ice\" \/>\n<meta property=\"og:description\" content=\"Shop VOZOL Star 40000 Grape Ice. A bold fusion of deep purple grapes and refreshing menthol. Long-lasting 40,000 puffs disposable device. European Stock.\" \/>\n<meta property=\"og:url\" content=\"https:\/\/vozolvapen.de\/es\/product\/vozol-star-40000-uva-helada\/\" \/>\n<meta property=\"og:site_name\" content=\"vozolvapen\" \/>\n<meta property=\"article:modified_time\" content=\"2026-02-10T12:34:29+00:00\" \/>\n<meta property=\"og:image\" content=\"https:\/\/vozolvapen.de\/wp-content\/uploads\/2025\/12\/Vozol-Star-40000-Grape-Ice-1.webp\" \/>\n\t<meta property=\"og:image:width\" content=\"1200\" \/>\n\t<meta property=\"og:image:height\" content=\"1200\" \/>\n\t<meta property=\"og:image:type\" content=\"image\/webp\" \/>\n<meta name=\"twitter:card\" content=\"summary_large_image\" \/>\n<meta name=\"twitter:label1\" content=\"Tiempo de lectura\" \/>\n\t<meta name=\"twitter:data1\" content=\"2 minutos\" \/>\n<script type=\"application\/ld+json\" class=\"yoast-schema-graph\">{\"@context\":\"https:\\\/\\\/schema.org\",\"@graph\":[{\"@type\":\"WebPage\",\"@id\":\"https:\\\/\\\/vozolvapen.de\\\/product\\\/vozol-star-40000-grape-ice\\\/\",\"url\":\"https:\\\/\\\/vozolvapen.de\\\/product\\\/vozol-star-40000-grape-ice\\\/\",\"name\":\"VOZOL Star 40000 Grape Ice | Rich Grape Flavor 40k Vape - vozolvapen\",\"isPartOf\":{\"@id\":\"https:\\\/\\\/vozolvapen.de\\\/#website\"},\"primaryImageOfPage\":{\"@id\":\"https:\\\/\\\/vozolvapen.de\\\/product\\\/vozol-star-40000-grape-ice\\\/#primaryimage\"},\"image\":{\"@id\":\"https:\\\/\\\/vozolvapen.de\\\/product\\\/vozol-star-40000-grape-ice\\\/#primaryimage\"},\"thumbnailUrl\":\"https:\\\/\\\/vozolvapen.de\\\/wp-content\\\/uploads\\\/2025\\\/12\\\/Vozol-Star-40000-Grape-Ice-1.webp\",\"datePublished\":\"2025-12-08T10:17:23+00:00\",\"dateModified\":\"2026-02-10T12:34:29+00:00\",\"description\":\"Shop VOZOL Star 40000 Grape Ice. A bold fusion of deep purple grapes and refreshing menthol. Long-lasting 40,000 puffs disposable device. European Stock.\",\"breadcrumb\":{\"@id\":\"https:\\\/\\\/vozolvapen.de\\\/product\\\/vozol-star-40000-grape-ice\\\/#breadcrumb\"},\"inLanguage\":\"es\",\"potentialAction\":[{\"@type\":\"ReadAction\",\"target\":[\"https:\\\/\\\/vozolvapen.de\\\/product\\\/vozol-star-40000-grape-ice\\\/\"]}]},{\"@type\":\"ImageObject\",\"inLanguage\":\"es\",\"@id\":\"https:\\\/\\\/vozolvapen.de\\\/product\\\/vozol-star-40000-grape-ice\\\/#primaryimage\",\"url\":\"https:\\\/\\\/vozolvapen.de\\\/wp-content\\\/uploads\\\/2025\\\/12\\\/Vozol-Star-40000-Grape-Ice-1.webp\",\"contentUrl\":\"https:\\\/\\\/vozolvapen.de\\\/wp-content\\\/uploads\\\/2025\\\/12\\\/Vozol-Star-40000-Grape-Ice-1.webp\",\"width\":1200,\"height\":1200,\"caption\":\"Vozol Star 40000 Grape Ice 1 Disposable Vape Device\"},{\"@type\":\"BreadcrumbList\",\"@id\":\"https:\\\/\\\/vozolvapen.de\\\/product\\\/vozol-star-40000-grape-ice\\\/#breadcrumb\",\"itemListElement\":[{\"@type\":\"ListItem\",\"position\":1,\"name\":\"Home\",\"item\":\"https:\\\/\\\/vozolvapen.de\\\/de\\\/\"},{\"@type\":\"ListItem\",\"position\":2,\"name\":\"Shop\",\"item\":\"https:\\\/\\\/vozolvapen.de\\\/shop\\\/\"},{\"@type\":\"ListItem\",\"position\":3,\"name\":\"Vozol Star 40000 &#8211; Grape Ice\"}]},{\"@type\":\"WebSite\",\"@id\":\"https:\\\/\\\/vozolvapen.de\\\/#website\",\"url\":\"https:\\\/\\\/vozolvapen.de\\\/\",\"name\":\"vozolvapen\",\"description\":\"vozolvapen\",\"publisher\":{\"@id\":\"https:\\\/\\\/vozolvapen.de\\\/#organization\"},\"potentialAction\":[{\"@type\":\"SearchAction\",\"target\":{\"@type\":\"EntryPoint\",\"urlTemplate\":\"https:\\\/\\\/vozolvapen.de\\\/?s={search_term_string}\"},\"query-input\":{\"@type\":\"PropertyValueSpecification\",\"valueRequired\":true,\"valueName\":\"search_term_string\"}}],\"inLanguage\":\"es\"},{\"@type\":\"Organization\",\"@id\":\"https:\\\/\\\/vozolvapen.de\\\/#organization\",\"name\":\"vozolvapen\",\"url\":\"https:\\\/\\\/vozolvapen.de\\\/\",\"logo\":{\"@type\":\"ImageObject\",\"inLanguage\":\"es\",\"@id\":\"https:\\\/\\\/vozolvapen.de\\\/#\\\/schema\\\/logo\\\/image\\\/\",\"url\":\"https:\\\/\\\/vozolvapen.de\\\/wp-content\\\/uploads\\\/2025\\\/12\\\/cropped-vozovapen-logo.webp\",\"contentUrl\":\"https:\\\/\\\/vozolvapen.de\\\/wp-content\\\/uploads\\\/2025\\\/12\\\/cropped-vozovapen-logo.webp\",\"width\":470,\"height\":110,\"caption\":\"vozolvapen\"},\"image\":{\"@id\":\"https:\\\/\\\/vozolvapen.de\\\/#\\\/schema\\\/logo\\\/image\\\/\"}}]}<\/script>\n<!-- \/ Yoast SEO Premium plugin. -->","yoast_head_json":{"title":"VOZOL Star 40000 Grape Ice | Sabor intenso a uva 40k Vape - vozolvapen","description":"Compra VOZOL Star 40000 Grape Ice. Una atrevida fusi\u00f3n de uvas moradas intensas y mentol refrescante. Dispositivo desechable de larga duraci\u00f3n con 40k Puffs . Stock europeo.","robots":{"index":"index","follow":"follow","max-snippet":"max-snippet:-1","max-image-preview":"max-image-preview:large","max-video-preview":"max-video-preview:-1"},"canonical":"https:\/\/vozolvapen.de\/es\/product\/vozol-star-40000-uva-helada\/","og_locale":"es_ES","og_type":"article","og_title":"Vozol Star 40000 - Grape Ice","og_description":"Shop VOZOL Star 40000 Grape Ice. A bold fusion of deep purple grapes and refreshing menthol. Long-lasting 40,000 puffs disposable device. European Stock.","og_url":"https:\/\/vozolvapen.de\/es\/product\/vozol-star-40000-uva-helada\/","og_site_name":"vozolvapen","article_modified_time":"2026-02-10T12:34:29+00:00","og_image":[{"width":1200,"height":1200,"url":"https:\/\/vozolvapen.de\/wp-content\/uploads\/2025\/12\/Vozol-Star-40000-Grape-Ice-1.webp","type":"image\/webp"}],"twitter_card":"summary_large_image","twitter_misc":{"Tiempo de lectura":"2 minutos"},"schema":{"@context":"https:\/\/schema.org","@graph":[{"@type":"WebPage","@id":"https:\/\/vozolvapen.de\/product\/vozol-star-40000-grape-ice\/","url":"https:\/\/vozolvapen.de\/product\/vozol-star-40000-grape-ice\/","name":"VOZOL Star 40000 Grape Ice | Sabor intenso a uva 40k Vape - vozolvapen","isPartOf":{"@id":"https:\/\/vozolvapen.de\/#website"},"primaryImageOfPage":{"@id":"https:\/\/vozolvapen.de\/product\/vozol-star-40000-grape-ice\/#primaryimage"},"image":{"@id":"https:\/\/vozolvapen.de\/product\/vozol-star-40000-grape-ice\/#primaryimage"},"thumbnailUrl":"https:\/\/vozolvapen.de\/wp-content\/uploads\/2025\/12\/Vozol-Star-40000-Grape-Ice-1.webp","datePublished":"2025-12-08T10:17:23+00:00","dateModified":"2026-02-10T12:34:29+00:00","description":"Compra VOZOL Star 40000 Grape Ice. Una atrevida fusi\u00f3n de uvas moradas intensas y mentol refrescante. Dispositivo desechable de larga duraci\u00f3n con 40k Puffs . Stock europeo.","breadcrumb":{"@id":"https:\/\/vozolvapen.de\/product\/vozol-star-40000-grape-ice\/#breadcrumb"},"inLanguage":"es","potentialAction":[{"@type":"ReadAction","target":["https:\/\/vozolvapen.de\/product\/vozol-star-40000-grape-ice\/"]}]},{"@type":"ImageObject","inLanguage":"es","@id":"https:\/\/vozolvapen.de\/product\/vozol-star-40000-grape-ice\/#primaryimage","url":"https:\/\/vozolvapen.de\/wp-content\/uploads\/2025\/12\/Vozol-Star-40000-Grape-Ice-1.webp","contentUrl":"https:\/\/vozolvapen.de\/wp-content\/uploads\/2025\/12\/Vozol-Star-40000-Grape-Ice-1.webp","width":1200,"height":1200,"caption":"Vozol Star 40000 Grape Ice 1 Disposable Vape Device"},{"@type":"BreadcrumbList","@id":"https:\/\/vozolvapen.de\/product\/vozol-star-40000-grape-ice\/#breadcrumb","itemListElement":[{"@type":"ListItem","position":1,"name":"Home","item":"https:\/\/vozolvapen.de\/de\/"},{"@type":"ListItem","position":2,"name":"Shop","item":"https:\/\/vozolvapen.de\/shop\/"},{"@type":"ListItem","position":3,"name":"Vozol Star 40000 &#8211; Grape Ice"}]},{"@type":"WebSite","@id":"https:\/\/vozolvapen.de\/#website","url":"https:\/\/vozolvapen.de\/","name":"vozolvapen","description":"vozolvapen","publisher":{"@id":"https:\/\/vozolvapen.de\/#organization"},"potentialAction":[{"@type":"SearchAction","target":{"@type":"EntryPoint","urlTemplate":"https:\/\/vozolvapen.de\/?s={search_term_string}"},"query-input":{"@type":"PropertyValueSpecification","valueRequired":true,"valueName":"search_term_string"}}],"inLanguage":"es"},{"@type":"Organization","@id":"https:\/\/vozolvapen.de\/#organization","name":"vozolvapen","url":"https:\/\/vozolvapen.de\/","logo":{"@type":"ImageObject","inLanguage":"es","@id":"https:\/\/vozolvapen.de\/#\/schema\/logo\/image\/","url":"https:\/\/vozolvapen.de\/wp-content\/uploads\/2025\/12\/cropped-vozovapen-logo.webp","contentUrl":"https:\/\/vozolvapen.de\/wp-content\/uploads\/2025\/12\/cropped-vozovapen-logo.webp","width":470,"height":110,"caption":"vozolvapen"},"image":{"@id":"https:\/\/vozolvapen.de\/#\/schema\/logo\/image\/"}}]}},"tiered_pricing_type":"fixed","tiered_pricing_fixed_rules":{"30":"12.98","50":"11.48","100":"10.98","200":"10.48"},"tiered_pricing_product_settings":{"layout":"default","base_unit_name":{"singular":null,"plural":null},"default_variation":{}},"tiered_pricing_minimum_quantity":10,"tiered_pricing_roles_data":[],"tiered_pricing_percentage_rules":[],"tiered_pricing_maximum_quantity":null,"tiered_pricing_quantity_step":"10","_links":{"self":[{"href":"https:\/\/vozolvapen.de\/es\/wp-json\/wp\/v2\/product\/18699","targetHints":{"allow":["GET"]}}],"collection":[{"href":"https:\/\/vozolvapen.de\/es\/wp-json\/wp\/v2\/product"}],"about":[{"href":"https:\/\/vozolvapen.de\/es\/wp-json\/wp\/v2\/types\/product"}],"replies":[{"embeddable":true,"href":"https:\/\/vozolvapen.de\/es\/wp-json\/wp\/v2\/comments?post=18699"}],"wp:featuredmedia":[{"embeddable":true,"href":"https:\/\/vozolvapen.de\/es\/wp-json\/wp\/v2\/media\/19300"}],"wp:attachment":[{"href":"https:\/\/vozolvapen.de\/es\/wp-json\/wp\/v2\/media?parent=18699"}],"wp:term":[{"taxonomy":"product_brand","embeddable":true,"href":"https:\/\/vozolvapen.de\/es\/wp-json\/wp\/v2\/product_brand?post=18699"},{"taxonomy":"product_cat","embeddable":true,"href":"https:\/\/vozolvapen.de\/es\/wp-json\/wp\/v2\/product_cat?post=18699"},{"taxonomy":"product_tag","embeddable":true,"href":"https:\/\/vozolvapen.de\/es\/wp-json\/wp\/v2\/product_tag?post=18699"}],"curies":[{"name":"wp","href":"https:\/\/api.w.org\/{rel}","templated":true}]}}