{"id":19561,"date":"2025-12-09T08:38:59","date_gmt":"2025-12-09T08:38:59","guid":{"rendered":"https:\/\/vozolvapen.de\/?post_type=product&#038;p=19561"},"modified":"2026-02-10T12:33:27","modified_gmt":"2026-02-10T12:33:27","slug":"puff-20k-bang-leader-20000-arandano-y-frambuesa","status":"publish","type":"product","link":"https:\/\/vozolvapen.de\/es\/product\/puff-20k-bang-leader-20000-blueberry-raspberry\/","title":{"rendered":"Puff 20k Bang Leader 20000 \u2013 Ar\u00e1ndano y frambuesa"},"content":{"rendered":"<h1 data-path-to-node=\"44\"><b>Puff 20k Bang Leader 20000 \u2013 Sabor a ar\u00e1ndanos y frambuesas (Puff 20000 Longevity)<\/b><\/h1>\n<p data-path-to-node=\"45\">El sabor a ar\u00e1ndanos y frambuesas para el <b>Puff 20k Bang Leader 20000<\/b> es una mezcla b\u00e1sica de bayas que equilibra a la perfecci\u00f3n el dulzor y la acidez. Dise\u00f1ada para maximizar tu tiempo de vapeo, esta <b>Bang Vape<\/b> El dispositivo proporciona hasta <b>20000 Puffs<\/b> de este sabor emocionante y complejo.<\/p>\n<h2 data-path-to-node=\"46\"><b>Perfil de sabor de ar\u00e1ndanos y frambuesas: bayas equilibradas<\/b><\/h2>\n<p data-path-to-node=\"47\">Este sabor logra un contraste delicioso. La primera calada ofrece la dulzura profunda y suave de los ar\u00e1ndanos maduros, seguida r\u00e1pidamente por el sabor \u00e1cido y brillante de las frambuesas frescas al exhalar. El resultado es una experiencia de bayas muy refrescante y con m\u00faltiples matices que se mantiene vibrante durante toda la vida \u00fatil del producto. <b>Puff 20k<\/b>.<\/p>\n<h2 data-path-to-node=\"48\"><b>Tecnolog\u00eda central del Puff 20k Bang Leader 20000<\/b><\/h2>\n<p data-path-to-node=\"49\">El <b>Puff 20k<\/b> Est\u00e1 dise\u00f1ado para ofrecer un alto rendimiento y comodidad:<\/p>\n<ul>\n<li data-path-to-node=\"50,0,0\"><b>Capacidad:<\/b> Hasta <b>20000 Puffs<\/b> de un <b>20 ml<\/b> dep\u00f3sito precargado.<\/li>\n<li data-path-to-node=\"50,1,0\"><b>Sistema de bobinas:<\/b> Alta eficiencia <b>Bobina de malla de 0,8 \u03a9<\/b> para una liberaci\u00f3n optimizada del sabor.<\/li>\n<li data-path-to-node=\"50,2,0\"><b>Bater\u00eda recargable:<\/b> La bater\u00eda integrada de 650 mAh garantiza que el dispositivo funcione hasta la \u00faltima gota de e-l\u00edquido.<\/li>\n<li data-path-to-node=\"50,3,0\"><b>Opciones de nicotina:<\/b> Elige entre niveles de nicotina de 0 mg, 20 mg, 30 mg o 50 mg.<\/li>\n<\/ul>\n<h2 data-path-to-node=\"51\"><b>Especificaciones: Bang Leader 20000 Ar\u00e1ndano y frambuesa<\/b><\/h2>\n<table data-path-to-node=\"52\">\n<thead>\n<tr>\n<td><strong>Par\u00e1metro<\/strong><\/td>\n<td><strong>Detalle<\/strong><\/td>\n<\/tr>\n<\/thead>\n<tbody>\n<tr>\n<td><span data-path-to-node=\"52,1,0,0\"><b>N\u00famero de modelo<\/b><\/span><\/td>\n<td><span data-path-to-node=\"52,1,1,0\"><b>Bang Leader 20000<\/b><\/span><\/td>\n<\/tr>\n<tr>\n<td><span data-path-to-node=\"52,2,0,0\"><b>M\u00e1ximo n\u00famero de caladas<\/b><\/span><\/td>\n<td><span data-path-to-node=\"52,2,1,0\">Hasta <b>20000 Puffs<\/b><\/span><\/td>\n<\/tr>\n<tr>\n<td><span data-path-to-node=\"52,3,0,0\"><b>Capacidad del l\u00edquido electr\u00f3nico<\/b><\/span><\/td>\n<td><span data-path-to-node=\"52,3,1,0\"><b>20 ml<\/b> (Prellenado)<\/span><\/td>\n<\/tr>\n<tr>\n<td><span data-path-to-node=\"52,4,0,0\"><b>Tipo de bobina<\/b><\/span><\/td>\n<td><span data-path-to-node=\"52,4,1,0\">Bobina de malla de 0,8 \u03a9<\/span><\/td>\n<\/tr>\n<tr>\n<td><span data-path-to-node=\"52,5,0,0\"><b>Capacidad de la bater\u00eda<\/b><\/span><\/td>\n<td><span data-path-to-node=\"52,5,1,0\">650 mAh (recargable)<\/span><\/td>\n<\/tr>\n<tr>\n<td><span data-path-to-node=\"52,6,0,0\"><b>Niveles de nicotina<\/b><\/span><\/td>\n<td><span data-path-to-node=\"52,6,1,0\">0% \/ 2% \/ 3% \/ 5%<\/span><\/td>\n<\/tr>\n<tr>\n<td><span data-path-to-node=\"52,7,0,0\"><b>Env\u00edo<\/b><\/span><\/td>\n<td><span data-path-to-node=\"52,7,1,0\">Almac\u00e9n europeo (entrega en 1-3 d\u00edas)<\/span><\/td>\n<\/tr>\n<\/tbody>\n<\/table>\n<h3 dir=\"auto\">Aqu\u00ed tienes m\u00e1s recomendaciones para ti:<\/h3>\n<p dir=\"auto\">\u00a1Descubre sabores a\u00fan m\u00e1s incre\u00edbles con el vaporizador Puff 20k Bang Leader 20000!<\/p>\n<p dir=\"auto\"><a href=\"https:\/\/vozolvapen.de\/es\/categoria-de-producto\/bang-vape\/puff-20k-bang-leader-20000-puffs-vape\/\">Ver todas las variedades aqu\u00ed \u2192<\/a><\/p>\n<p dir=\"auto\">Explora nuestra colecci\u00f3n completa y compra las mejores marcas de vapeo que te encantar\u00e1n.<\/p>\n<p dir=\"auto\"><a href=\"https:\/\/vozolvapen.de\/es\/\">Explora todas las marcas ahora \u2192<\/a><\/p>\n<p dir=\"auto\">\u00a1Echa un vistazo a la serie completa Bang Vape: todos los sabores, todos los estilos!<\/p>\n<p dir=\"auto\"><a href=\"https:\/\/vozolvapen.de\/es\/categoria-de-producto\/bang-vape\/\">Ver la colecci\u00f3n completa de Bang Vape \u2192<\/a><\/p>","protected":false},"excerpt":{"rendered":"<p>Una equilibrada combinaci\u00f3n de bayas, con el sabor intenso y dulce del ar\u00e1ndano y el toque \u00e1cido y picante de la frambuesa. Complejo y estimulante.<\/p>","protected":false},"featured_media":19989,"comment_status":"open","ping_status":"closed","template":"","meta":{"_acf_changed":false},"product_brand":[],"product_cat":[134,70],"product_tag":[],"class_list":{"0":"post-19561","1":"product","2":"type-product","3":"status-publish","4":"has-post-thumbnail","6":"product_cat-eu-warehouse-in-stock","7":"product_cat-puff-20k-bang-leader-20000-puffs-vape","9":"first","10":"instock","11":"featured","12":"shipping-taxable","13":"purchasable","14":"product-type-variable"},"acf":[],"yoast_head":"<!-- This site is optimized with the Yoast SEO Premium plugin v26.1 (Yoast SEO v27.5) - https:\/\/yoast.com\/product\/yoast-seo-premium-wordpress\/ -->\n<title>Blueberry Raspberry - Puff 20k Bang Leader 20000 Disposable Puff 20000 - vozolvapen<\/title>\n<meta name=\"description\" content=\"Get the balanced Blueberry Raspberry Puff 20k Bang Leader 20000. Max 20000 Puffs, 20mL e-liquid, 0.8\u03a9 mesh coil. Shop the long-lasting 20k vape with fast EU shipping.\" \/>\n<meta name=\"robots\" content=\"index, follow, max-snippet:-1, max-image-preview:large, max-video-preview:-1\" \/>\n<link rel=\"canonical\" href=\"https:\/\/vozolvapen.de\/es\/product\/puff-20k-bang-leader-20000-arandano-y-frambuesa\/\" \/>\n<meta property=\"og:locale\" content=\"es_ES\" \/>\n<meta property=\"og:type\" content=\"article\" \/>\n<meta property=\"og:title\" content=\"Puff 20k Bang Leader 20000 - Blueberry Raspberry\" \/>\n<meta property=\"og:description\" content=\"Get the balanced Blueberry Raspberry Puff 20k Bang Leader 20000. Max 20000 Puffs, 20mL e-liquid, 0.8\u03a9 mesh coil. Shop the long-lasting 20k vape with fast EU shipping.\" \/>\n<meta property=\"og:url\" content=\"https:\/\/vozolvapen.de\/es\/product\/puff-20k-bang-leader-20000-arandano-y-frambuesa\/\" \/>\n<meta property=\"og:site_name\" content=\"vozolvapen\" \/>\n<meta property=\"article:modified_time\" content=\"2026-02-10T12:33:27+00:00\" \/>\n<meta property=\"og:image\" content=\"https:\/\/vozolvapen.de\/wp-content\/uploads\/2025\/12\/Puff-20k-Bang-Leader-20000-blueberry-raspberry-.jpg.webp\" \/>\n\t<meta property=\"og:image:width\" content=\"1000\" \/>\n\t<meta property=\"og:image:height\" content=\"1000\" \/>\n\t<meta property=\"og:image:type\" content=\"image\/webp\" \/>\n<meta name=\"twitter:card\" content=\"summary_large_image\" \/>\n<meta name=\"twitter:label1\" content=\"Tiempo de lectura\" \/>\n\t<meta name=\"twitter:data1\" content=\"2 minutos\" \/>\n<script type=\"application\/ld+json\" class=\"yoast-schema-graph\">{\"@context\":\"https:\\\/\\\/schema.org\",\"@graph\":[{\"@type\":\"WebPage\",\"@id\":\"https:\\\/\\\/vozolvapen.de\\\/product\\\/puff-20k-bang-leader-20000-blueberry-raspberry\\\/\",\"url\":\"https:\\\/\\\/vozolvapen.de\\\/product\\\/puff-20k-bang-leader-20000-blueberry-raspberry\\\/\",\"name\":\"Blueberry Raspberry - Puff 20k Bang Leader 20000 Disposable Puff 20000 - vozolvapen\",\"isPartOf\":{\"@id\":\"https:\\\/\\\/vozolvapen.de\\\/#website\"},\"primaryImageOfPage\":{\"@id\":\"https:\\\/\\\/vozolvapen.de\\\/product\\\/puff-20k-bang-leader-20000-blueberry-raspberry\\\/#primaryimage\"},\"image\":{\"@id\":\"https:\\\/\\\/vozolvapen.de\\\/product\\\/puff-20k-bang-leader-20000-blueberry-raspberry\\\/#primaryimage\"},\"thumbnailUrl\":\"https:\\\/\\\/vozolvapen.de\\\/wp-content\\\/uploads\\\/2025\\\/12\\\/Puff-20k-Bang-Leader-20000-blueberry-raspberry-.jpg.webp\",\"datePublished\":\"2025-12-09T08:38:59+00:00\",\"dateModified\":\"2026-02-10T12:33:27+00:00\",\"description\":\"Get the balanced Blueberry Raspberry Puff 20k Bang Leader 20000. Max 20000 Puffs, 20mL e-liquid, 0.8\u03a9 mesh coil. Shop the long-lasting 20k vape with fast EU shipping.\",\"breadcrumb\":{\"@id\":\"https:\\\/\\\/vozolvapen.de\\\/product\\\/puff-20k-bang-leader-20000-blueberry-raspberry\\\/#breadcrumb\"},\"inLanguage\":\"es\",\"potentialAction\":[{\"@type\":\"ReadAction\",\"target\":[\"https:\\\/\\\/vozolvapen.de\\\/product\\\/puff-20k-bang-leader-20000-blueberry-raspberry\\\/\"]}]},{\"@type\":\"ImageObject\",\"inLanguage\":\"es\",\"@id\":\"https:\\\/\\\/vozolvapen.de\\\/product\\\/puff-20k-bang-leader-20000-blueberry-raspberry\\\/#primaryimage\",\"url\":\"https:\\\/\\\/vozolvapen.de\\\/wp-content\\\/uploads\\\/2025\\\/12\\\/Puff-20k-Bang-Leader-20000-blueberry-raspberry-.jpg.webp\",\"contentUrl\":\"https:\\\/\\\/vozolvapen.de\\\/wp-content\\\/uploads\\\/2025\\\/12\\\/Puff-20k-Bang-Leader-20000-blueberry-raspberry-.jpg.webp\",\"width\":1000,\"height\":1000,\"caption\":\"Puff 20k Bang Leader 20000 Blueberry Raspberry .jpg Disposable Vape Device\"},{\"@type\":\"BreadcrumbList\",\"@id\":\"https:\\\/\\\/vozolvapen.de\\\/product\\\/puff-20k-bang-leader-20000-blueberry-raspberry\\\/#breadcrumb\",\"itemListElement\":[{\"@type\":\"ListItem\",\"position\":1,\"name\":\"Home\",\"item\":\"https:\\\/\\\/vozolvapen.de\\\/de\\\/\"},{\"@type\":\"ListItem\",\"position\":2,\"name\":\"Shop\",\"item\":\"https:\\\/\\\/vozolvapen.de\\\/shop\\\/\"},{\"@type\":\"ListItem\",\"position\":3,\"name\":\"Puff 20k Bang Leader 20000 &#8211; Blueberry Raspberry\"}]},{\"@type\":\"WebSite\",\"@id\":\"https:\\\/\\\/vozolvapen.de\\\/#website\",\"url\":\"https:\\\/\\\/vozolvapen.de\\\/\",\"name\":\"vozolvapen\",\"description\":\"vozolvapen\",\"publisher\":{\"@id\":\"https:\\\/\\\/vozolvapen.de\\\/#organization\"},\"potentialAction\":[{\"@type\":\"SearchAction\",\"target\":{\"@type\":\"EntryPoint\",\"urlTemplate\":\"https:\\\/\\\/vozolvapen.de\\\/?s={search_term_string}\"},\"query-input\":{\"@type\":\"PropertyValueSpecification\",\"valueRequired\":true,\"valueName\":\"search_term_string\"}}],\"inLanguage\":\"es\"},{\"@type\":\"Organization\",\"@id\":\"https:\\\/\\\/vozolvapen.de\\\/#organization\",\"name\":\"vozolvapen\",\"url\":\"https:\\\/\\\/vozolvapen.de\\\/\",\"logo\":{\"@type\":\"ImageObject\",\"inLanguage\":\"es\",\"@id\":\"https:\\\/\\\/vozolvapen.de\\\/#\\\/schema\\\/logo\\\/image\\\/\",\"url\":\"https:\\\/\\\/vozolvapen.de\\\/wp-content\\\/uploads\\\/2025\\\/12\\\/cropped-vozovapen-logo.webp\",\"contentUrl\":\"https:\\\/\\\/vozolvapen.de\\\/wp-content\\\/uploads\\\/2025\\\/12\\\/cropped-vozovapen-logo.webp\",\"width\":470,\"height\":110,\"caption\":\"vozolvapen\"},\"image\":{\"@id\":\"https:\\\/\\\/vozolvapen.de\\\/#\\\/schema\\\/logo\\\/image\\\/\"}}]}<\/script>\n<!-- \/ Yoast SEO Premium plugin. -->","yoast_head_json":{"title":"Ar\u00e1ndanos y frambuesas - Puff 20k Bang Leader 20000 desechable Puff 20000 - vozolvapen","description":"Consigue el equilibrado Blueberry Raspberry Puff 20k Bang Leader 20000. M\u00e1ximo 20 000 caladas, 20 ml de e-l\u00edquido, bobina de malla de 0,8 \u03a9. Compra el vaporizador 20k de larga duraci\u00f3n con env\u00edo r\u00e1pido a la UE.","robots":{"index":"index","follow":"follow","max-snippet":"max-snippet:-1","max-image-preview":"max-image-preview:large","max-video-preview":"max-video-preview:-1"},"canonical":"https:\/\/vozolvapen.de\/es\/product\/puff-20k-bang-leader-20000-arandano-y-frambuesa\/","og_locale":"es_ES","og_type":"article","og_title":"Puff 20k Bang Leader 20000 - Blueberry Raspberry","og_description":"Get the balanced Blueberry Raspberry Puff 20k Bang Leader 20000. Max 20000 Puffs, 20mL e-liquid, 0.8\u03a9 mesh coil. Shop the long-lasting 20k vape with fast EU shipping.","og_url":"https:\/\/vozolvapen.de\/es\/product\/puff-20k-bang-leader-20000-arandano-y-frambuesa\/","og_site_name":"vozolvapen","article_modified_time":"2026-02-10T12:33:27+00:00","og_image":[{"width":1000,"height":1000,"url":"https:\/\/vozolvapen.de\/wp-content\/uploads\/2025\/12\/Puff-20k-Bang-Leader-20000-blueberry-raspberry-.jpg.webp","type":"image\/webp"}],"twitter_card":"summary_large_image","twitter_misc":{"Tiempo de lectura":"2 minutos"},"schema":{"@context":"https:\/\/schema.org","@graph":[{"@type":"WebPage","@id":"https:\/\/vozolvapen.de\/product\/puff-20k-bang-leader-20000-blueberry-raspberry\/","url":"https:\/\/vozolvapen.de\/product\/puff-20k-bang-leader-20000-blueberry-raspberry\/","name":"Ar\u00e1ndanos y frambuesas - Puff 20k Bang Leader 20000 desechable Puff 20000 - vozolvapen","isPartOf":{"@id":"https:\/\/vozolvapen.de\/#website"},"primaryImageOfPage":{"@id":"https:\/\/vozolvapen.de\/product\/puff-20k-bang-leader-20000-blueberry-raspberry\/#primaryimage"},"image":{"@id":"https:\/\/vozolvapen.de\/product\/puff-20k-bang-leader-20000-blueberry-raspberry\/#primaryimage"},"thumbnailUrl":"https:\/\/vozolvapen.de\/wp-content\/uploads\/2025\/12\/Puff-20k-Bang-Leader-20000-blueberry-raspberry-.jpg.webp","datePublished":"2025-12-09T08:38:59+00:00","dateModified":"2026-02-10T12:33:27+00:00","description":"Consigue el equilibrado Blueberry Raspberry Puff 20k Bang Leader 20000. M\u00e1ximo 20 000 caladas, 20 ml de e-l\u00edquido, bobina de malla de 0,8 \u03a9. Compra el vaporizador 20k de larga duraci\u00f3n con env\u00edo r\u00e1pido a la UE.","breadcrumb":{"@id":"https:\/\/vozolvapen.de\/product\/puff-20k-bang-leader-20000-blueberry-raspberry\/#breadcrumb"},"inLanguage":"es","potentialAction":[{"@type":"ReadAction","target":["https:\/\/vozolvapen.de\/product\/puff-20k-bang-leader-20000-blueberry-raspberry\/"]}]},{"@type":"ImageObject","inLanguage":"es","@id":"https:\/\/vozolvapen.de\/product\/puff-20k-bang-leader-20000-blueberry-raspberry\/#primaryimage","url":"https:\/\/vozolvapen.de\/wp-content\/uploads\/2025\/12\/Puff-20k-Bang-Leader-20000-blueberry-raspberry-.jpg.webp","contentUrl":"https:\/\/vozolvapen.de\/wp-content\/uploads\/2025\/12\/Puff-20k-Bang-Leader-20000-blueberry-raspberry-.jpg.webp","width":1000,"height":1000,"caption":"Puff 20k Bang Leader 20000 Blueberry Raspberry .jpg Disposable Vape Device"},{"@type":"BreadcrumbList","@id":"https:\/\/vozolvapen.de\/product\/puff-20k-bang-leader-20000-blueberry-raspberry\/#breadcrumb","itemListElement":[{"@type":"ListItem","position":1,"name":"Home","item":"https:\/\/vozolvapen.de\/de\/"},{"@type":"ListItem","position":2,"name":"Shop","item":"https:\/\/vozolvapen.de\/shop\/"},{"@type":"ListItem","position":3,"name":"Puff 20k Bang Leader 20000 &#8211; Blueberry Raspberry"}]},{"@type":"WebSite","@id":"https:\/\/vozolvapen.de\/#website","url":"https:\/\/vozolvapen.de\/","name":"vozolvapen","description":"vozolvapen","publisher":{"@id":"https:\/\/vozolvapen.de\/#organization"},"potentialAction":[{"@type":"SearchAction","target":{"@type":"EntryPoint","urlTemplate":"https:\/\/vozolvapen.de\/?s={search_term_string}"},"query-input":{"@type":"PropertyValueSpecification","valueRequired":true,"valueName":"search_term_string"}}],"inLanguage":"es"},{"@type":"Organization","@id":"https:\/\/vozolvapen.de\/#organization","name":"vozolvapen","url":"https:\/\/vozolvapen.de\/","logo":{"@type":"ImageObject","inLanguage":"es","@id":"https:\/\/vozolvapen.de\/#\/schema\/logo\/image\/","url":"https:\/\/vozolvapen.de\/wp-content\/uploads\/2025\/12\/cropped-vozovapen-logo.webp","contentUrl":"https:\/\/vozolvapen.de\/wp-content\/uploads\/2025\/12\/cropped-vozovapen-logo.webp","width":470,"height":110,"caption":"vozolvapen"},"image":{"@id":"https:\/\/vozolvapen.de\/#\/schema\/logo\/image\/"}}]}},"tiered_pricing_type":"fixed","tiered_pricing_fixed_rules":{"30":"8.55","50":"6.55","100":"6.05","200":"5.05"},"tiered_pricing_product_settings":{"layout":"default","base_unit_name":{"singular":null,"plural":null},"default_variation":{}},"tiered_pricing_minimum_quantity":10,"tiered_pricing_roles_data":[],"tiered_pricing_percentage_rules":[],"tiered_pricing_maximum_quantity":null,"tiered_pricing_quantity_step":"10","_links":{"self":[{"href":"https:\/\/vozolvapen.de\/es\/wp-json\/wp\/v2\/product\/19561","targetHints":{"allow":["GET"]}}],"collection":[{"href":"https:\/\/vozolvapen.de\/es\/wp-json\/wp\/v2\/product"}],"about":[{"href":"https:\/\/vozolvapen.de\/es\/wp-json\/wp\/v2\/types\/product"}],"replies":[{"embeddable":true,"href":"https:\/\/vozolvapen.de\/es\/wp-json\/wp\/v2\/comments?post=19561"}],"wp:featuredmedia":[{"embeddable":true,"href":"https:\/\/vozolvapen.de\/es\/wp-json\/wp\/v2\/media\/19989"}],"wp:attachment":[{"href":"https:\/\/vozolvapen.de\/es\/wp-json\/wp\/v2\/media?parent=19561"}],"wp:term":[{"taxonomy":"product_brand","embeddable":true,"href":"https:\/\/vozolvapen.de\/es\/wp-json\/wp\/v2\/product_brand?post=19561"},{"taxonomy":"product_cat","embeddable":true,"href":"https:\/\/vozolvapen.de\/es\/wp-json\/wp\/v2\/product_cat?post=19561"},{"taxonomy":"product_tag","embeddable":true,"href":"https:\/\/vozolvapen.de\/es\/wp-json\/wp\/v2\/product_tag?post=19561"}],"curies":[{"name":"wp","href":"https:\/\/api.w.org\/{rel}","templated":true}]}}