{"id":29496,"date":"2025-12-15T10:25:33","date_gmt":"2025-12-15T10:25:33","guid":{"rendered":"https:\/\/vozolvapen.de\/?post_type=product&#038;p=29496"},"modified":"2025-12-15T11:09:34","modified_gmt":"2025-12-15T11:09:34","slug":"jnr-alien-10000-arandanos-sobre-hielo","status":"publish","type":"product","link":"https:\/\/vozolvapen.de\/es\/product\/jnr-alien-10000-blueberry-on-ice\/","title":{"rendered":"JNR Alien 10000 \u2013 Ar\u00e1ndanos sobre hielo"},"content":{"rendered":"<h1 data-path-to-node=\"73\"><b>JNR Alien 10000 \u2013 Ar\u00e1ndanos helados | 10 000 vatios JNR, doble malla de sabor<\/b><\/h1>\n<p data-path-to-node=\"74\">Disfruta del incre\u00edble sabor de Blueberry On Ice con la avanzada tecnolog\u00eda <b>JNR Alien 10000 Puffs<\/b> dispositivo. Este buque insignia <b>puff jnr<\/b> El modelo combina una gran capacidad (<b>10000 Puffs<\/b>) con un sofisticado sistema Dual Core y un potente <b>Bater\u00eda recargable de 850 mAh<\/b>, lo que lo convierte en el mejor <b>Puff recargable jnr<\/b> elecci\u00f3n.<\/p>\n<h2 data-path-to-node=\"75\"><b>Perfil de sabor: Limpio y helado<\/b><\/h2>\n<p data-path-to-node=\"76\">Blueberry On Ice ofrece el sabor puro, dulce y ligeramente \u00e1cido de los ar\u00e1ndanos maduros, realzado por una capa de mentol limpia, suave y refrescante. El <b>JNR Alien 10000<\/b>\u2018de <b>Bobina de malla doble<\/b> garantiza que cada calada sea intensamente sabrosa.<\/p>\n<h2 data-path-to-node=\"29\"><b>\u00bfPor qu\u00e9 elegir el JNR Alien 10000?<\/b><\/h2>\n<ul data-path-to-node=\"30\">\n<li>\n<p data-path-to-node=\"30,0,0\"><b>Larga duraci\u00f3n:<\/b> Garant\u00edas de hasta <b>10000 Puffs<\/b> de sabor premium Blueberry On Ice.<\/p>\n<\/li>\n<li>\n<p data-path-to-node=\"30,1,0\"><b>Rendimiento optimizado:<\/b> <b>Bobina de malla doble<\/b> y la tecnolog\u00eda Dual Core proporcionan un vapor constante y un sabor puro.<\/p>\n<\/li>\n<li>\n<p data-path-to-node=\"30,2,0\"><b>Control de usuario:<\/b> Caracter\u00edsticas: <b>Pantalla digital<\/b> para supervisar los niveles de bater\u00eda y l\u00edquido, adem\u00e1s de <b>Flujo de aire ajustable<\/b> control.<\/p>\n<\/li>\n<li>\n<p data-path-to-node=\"30,3,0\"><b>Comodidad:<\/b> <b>Carga r\u00e1pida tipo C<\/b> hace esto <b>Puff 10k jnr<\/b> El dispositivo estar\u00e1 listo cuando t\u00fa lo est\u00e9s.<\/p>\n<\/li>\n<\/ul>\n<h2 data-path-to-node=\"31\"><b>Especificaciones del JNR Alien 10000<\/b><\/h2>\n<table data-path-to-node=\"32\">\n<thead>\n<tr>\n<td><strong>Par\u00e1metro<\/strong><\/td>\n<td><strong>Detalle<\/strong><\/td>\n<\/tr>\n<\/thead>\n<tbody>\n<tr>\n<td><span data-path-to-node=\"32,1,0,0\"><b>Modelo<\/b><\/span><\/td>\n<td><span data-path-to-node=\"32,1,1,0\"><b>JNR Alien 10000<\/b><\/span><\/td>\n<\/tr>\n<tr>\n<td><span data-path-to-node=\"32,2,0,0\"><b>Puffs<\/b><\/span><\/td>\n<td><span data-path-to-node=\"32,2,1,0\">Hasta <b>10000 Puffs<\/b> (<b>10k JNR<\/b>)<\/span><\/td>\n<\/tr>\n<tr>\n<td><span data-path-to-node=\"32,3,0,0\"><b>Tipo de bobina<\/b><\/span><\/td>\n<td><span data-path-to-node=\"32,3,1,0\">Bobina de doble malla (1,2 \u03a9)<\/span><\/td>\n<\/tr>\n<tr>\n<td><span data-path-to-node=\"32,4,0,0\"><b>Bater\u00eda<\/b><\/span><\/td>\n<td><span data-path-to-node=\"32,4,1,0\">850 mAh (<b>Puff recargable JNR<\/b>)<\/span><\/td>\n<\/tr>\n<tr>\n<td><span data-path-to-node=\"32,5,0,0\"><b>Caracter\u00edsticas<\/b><\/span><\/td>\n<td><span data-path-to-node=\"32,5,1,0\">Pantalla digital, flujo de aire ajustable<\/span><\/td>\n<\/tr>\n<tr>\n<td><span data-path-to-node=\"32,6,0,0\"><b>Nicotina<\/b><\/span><\/td>\n<td><span data-path-to-node=\"32,6,1,0\">2% \/ 5%<\/span><\/td>\n<\/tr>\n<\/tbody>\n<\/table>\n<h2>Ar\u00e1ndanos sobre hielo \u2013 \ud83c\udfaf <b>\u00bfPara qui\u00e9n es este JNR Alien 10000 Flavor?\u00a0<\/b><\/h2>\n<p data-path-to-node=\"29\">Esto <b>Ar\u00e1ndanos sobre hielo<\/b> sabor en el <b>JNR Alien 10000<\/b> est\u00e1 especialmente dise\u00f1ado para vapeadores que aprecian un <b>Sabor puro y aut\u00e9ntico a ar\u00e1ndanos con un final limpio y suave a mentol.<\/b> perfil.<\/p>\n<table data-path-to-node=\"30\">\n<thead>\n<tr>\n<td><strong>Preferencia<\/strong><\/td>\n<td><strong>Recomendaci\u00f3n<\/strong><\/td>\n<\/tr>\n<\/thead>\n<tbody>\n<tr>\n<td><span data-path-to-node=\"30,1,0,0\"><b>Estilo de vapeo<\/b><\/span><\/td>\n<td><span data-path-to-node=\"30,1,1,0\">Ideal para <b>MTL<\/b> Vapeadores que buscan un sabor afrutado limpio con un buen golpe de garganta.<\/span><\/td>\n<\/tr>\n<tr>\n<td><span data-path-to-node=\"30,2,0,0\"><b>Perfil de sabor<\/b><\/span><\/td>\n<td><span data-path-to-node=\"30,2,1,0\">Te encantar\u00e1 si te gusta <b>pureza de una sola fruta, el dulzor natural del ar\u00e1ndano y un nivel medio de mentol refrescante.<\/b>.<\/span><\/td>\n<\/tr>\n<tr>\n<td><span data-path-to-node=\"30,3,0,0\"><b>Ideal para<\/b><\/span><\/td>\n<td><span data-path-to-node=\"30,3,1,0\">Perfecto como <b>Vapeo durante todo el d\u00eda (ADV)<\/b> debido a su <b>Sabor consistente y refrescante sencillez.<\/b>.<\/span><\/td>\n<\/tr>\n<tr>\n<td><span data-path-to-node=\"30,4,0,0\"><b>No recomendado si<\/b><\/span><\/td>\n<td><span data-path-to-node=\"30,4,1,0\">Ev\u00edtalo si no te gusta. <b>mentol<\/b> o prefieren sabores complejos, mezclas de frutas o dulces.<\/span><\/td>\n<\/tr>\n<\/tbody>\n<\/table>\n<h3 dir=\"auto\">Aqu\u00ed tienes m\u00e1s recomendaciones para ti:<\/h3>\n<p dir=\"auto\">\u00a1Descubre sabores a\u00fan m\u00e1s incre\u00edbles con el vaporizador JNR Alien 10000 Puff!<\/p>\n<p dir=\"auto\"><a href=\"https:\/\/vozolvapen.de\/es\/categoria-de-producto\/vape-jnr\/vaporizador-alien-10000-puff-jnr\/\">Ver todas las variedades aqu\u00ed \u2192<\/a><\/p>\n<p dir=\"auto\">Explora nuestra colecci\u00f3n completa y compra las mejores marcas de vapeo que te encantar\u00e1n.<\/p>\n<p dir=\"auto\"><a href=\"https:\/\/vozolvapen.de\/es\/\">Explora todas las marcas ahora \u2192<\/a><\/p>\n<p dir=\"auto\">\u00a1Echa un vistazo a la serie completa de JNR Vape: todos los sabores, todos los estilos!<\/p>\n<p dir=\"auto\"><a href=\"https:\/\/vozolvapen.de\/es\/categoria-de-producto\/vape-jnr\/\">Ver la colecci\u00f3n completa de JNR Vape \u2192<\/a><\/p>","protected":false},"excerpt":{"rendered":"<p>Sabor puro y natural a ar\u00e1ndanos. Disfruta de la aut\u00e9ntica dulzura de las bayas maduras, realzada por un suave frescor mentolado de intensidad media.<\/p>","protected":false},"featured_media":30836,"comment_status":"open","ping_status":"closed","template":"","meta":{"_acf_changed":false},"product_brand":[],"product_cat":[79],"product_tag":[],"class_list":{"0":"post-29496","1":"product","2":"type-product","3":"status-publish","4":"has-post-thumbnail","6":"product_cat-jnr-alien-10000-puff-vape","8":"first","9":"instock","10":"shipping-taxable","11":"purchasable","12":"product-type-variable"},"acf":[],"yoast_head":"<!-- This site is optimized with the Yoast SEO Premium plugin v26.1 (Yoast SEO v27.5) - https:\/\/yoast.com\/product\/yoast-seo-premium-wordpress\/ -->\n<title>Blueberry On Ice - JNR Alien 10000 Puffs Disposable - vozolvapen<\/title>\n<meta name=\"description\" content=\"Buy Blueberry On Ice JNR Alien 10000. Pure blueberry flavor with a cool finish. 10k JNR quality, Dual Mesh Coil, puff rechargeable jnr.\" \/>\n<meta name=\"robots\" content=\"index, follow, max-snippet:-1, max-image-preview:large, max-video-preview:-1\" \/>\n<link rel=\"canonical\" href=\"https:\/\/vozolvapen.de\/es\/product\/jnr-alien-10000-arandanos-sobre-hielo\/\" \/>\n<meta property=\"og:locale\" content=\"es_ES\" \/>\n<meta property=\"og:type\" content=\"article\" \/>\n<meta property=\"og:title\" content=\"JNR Alien 10000 - Blueberry On Ice\" \/>\n<meta property=\"og:description\" content=\"Buy Blueberry On Ice JNR Alien 10000. Pure blueberry flavor with a cool finish. 10k JNR quality, Dual Mesh Coil, puff rechargeable jnr.\" \/>\n<meta property=\"og:url\" content=\"https:\/\/vozolvapen.de\/es\/product\/jnr-alien-10000-arandanos-sobre-hielo\/\" \/>\n<meta property=\"og:site_name\" content=\"vozolvapen\" \/>\n<meta property=\"article:modified_time\" content=\"2025-12-15T11:09:34+00:00\" \/>\n<meta property=\"og:image\" content=\"https:\/\/vozolvapen.de\/wp-content\/uploads\/2025\/12\/JNR-Alien-10000-BLUEBERRY-ON-ICE.webp\" \/>\n\t<meta property=\"og:image:width\" content=\"800\" \/>\n\t<meta property=\"og:image:height\" content=\"800\" \/>\n\t<meta property=\"og:image:type\" content=\"image\/webp\" \/>\n<meta name=\"twitter:card\" content=\"summary_large_image\" \/>\n<meta name=\"twitter:label1\" content=\"Tiempo de lectura\" \/>\n\t<meta name=\"twitter:data1\" content=\"2 minutos\" \/>\n<script type=\"application\/ld+json\" class=\"yoast-schema-graph\">{\"@context\":\"https:\\\/\\\/schema.org\",\"@graph\":[{\"@type\":\"WebPage\",\"@id\":\"https:\\\/\\\/vozolvapen.de\\\/product\\\/jnr-alien-10000-blueberry-on-ice\\\/\",\"url\":\"https:\\\/\\\/vozolvapen.de\\\/product\\\/jnr-alien-10000-blueberry-on-ice\\\/\",\"name\":\"Blueberry On Ice - JNR Alien 10000 Puffs Disposable - vozolvapen\",\"isPartOf\":{\"@id\":\"https:\\\/\\\/vozolvapen.de\\\/#website\"},\"primaryImageOfPage\":{\"@id\":\"https:\\\/\\\/vozolvapen.de\\\/product\\\/jnr-alien-10000-blueberry-on-ice\\\/#primaryimage\"},\"image\":{\"@id\":\"https:\\\/\\\/vozolvapen.de\\\/product\\\/jnr-alien-10000-blueberry-on-ice\\\/#primaryimage\"},\"thumbnailUrl\":\"https:\\\/\\\/vozolvapen.de\\\/wp-content\\\/uploads\\\/2025\\\/12\\\/JNR-Alien-10000-BLUEBERRY-ON-ICE.webp\",\"datePublished\":\"2025-12-15T10:25:33+00:00\",\"dateModified\":\"2025-12-15T11:09:34+00:00\",\"description\":\"Buy Blueberry On Ice JNR Alien 10000. Pure blueberry flavor with a cool finish. 10k JNR quality, Dual Mesh Coil, puff rechargeable jnr.\",\"breadcrumb\":{\"@id\":\"https:\\\/\\\/vozolvapen.de\\\/product\\\/jnr-alien-10000-blueberry-on-ice\\\/#breadcrumb\"},\"inLanguage\":\"es\",\"potentialAction\":[{\"@type\":\"ReadAction\",\"target\":[\"https:\\\/\\\/vozolvapen.de\\\/product\\\/jnr-alien-10000-blueberry-on-ice\\\/\"]}]},{\"@type\":\"ImageObject\",\"inLanguage\":\"es\",\"@id\":\"https:\\\/\\\/vozolvapen.de\\\/product\\\/jnr-alien-10000-blueberry-on-ice\\\/#primaryimage\",\"url\":\"https:\\\/\\\/vozolvapen.de\\\/wp-content\\\/uploads\\\/2025\\\/12\\\/JNR-Alien-10000-BLUEBERRY-ON-ICE.webp\",\"contentUrl\":\"https:\\\/\\\/vozolvapen.de\\\/wp-content\\\/uploads\\\/2025\\\/12\\\/JNR-Alien-10000-BLUEBERRY-ON-ICE.webp\",\"width\":800,\"height\":800,\"caption\":\"Jnr Alien 10000 Blueberry On Ice Disposable Vape Device\"},{\"@type\":\"BreadcrumbList\",\"@id\":\"https:\\\/\\\/vozolvapen.de\\\/product\\\/jnr-alien-10000-blueberry-on-ice\\\/#breadcrumb\",\"itemListElement\":[{\"@type\":\"ListItem\",\"position\":1,\"name\":\"Home\",\"item\":\"https:\\\/\\\/vozolvapen.de\\\/de\\\/\"},{\"@type\":\"ListItem\",\"position\":2,\"name\":\"Shop\",\"item\":\"https:\\\/\\\/vozolvapen.de\\\/shop\\\/\"},{\"@type\":\"ListItem\",\"position\":3,\"name\":\"JNR Alien 10000 &#8211; Blueberry On Ice\"}]},{\"@type\":\"WebSite\",\"@id\":\"https:\\\/\\\/vozolvapen.de\\\/#website\",\"url\":\"https:\\\/\\\/vozolvapen.de\\\/\",\"name\":\"vozolvapen\",\"description\":\"vozolvapen\",\"publisher\":{\"@id\":\"https:\\\/\\\/vozolvapen.de\\\/#organization\"},\"potentialAction\":[{\"@type\":\"SearchAction\",\"target\":{\"@type\":\"EntryPoint\",\"urlTemplate\":\"https:\\\/\\\/vozolvapen.de\\\/?s={search_term_string}\"},\"query-input\":{\"@type\":\"PropertyValueSpecification\",\"valueRequired\":true,\"valueName\":\"search_term_string\"}}],\"inLanguage\":\"es\"},{\"@type\":\"Organization\",\"@id\":\"https:\\\/\\\/vozolvapen.de\\\/#organization\",\"name\":\"vozolvapen\",\"url\":\"https:\\\/\\\/vozolvapen.de\\\/\",\"logo\":{\"@type\":\"ImageObject\",\"inLanguage\":\"es\",\"@id\":\"https:\\\/\\\/vozolvapen.de\\\/#\\\/schema\\\/logo\\\/image\\\/\",\"url\":\"https:\\\/\\\/vozolvapen.de\\\/wp-content\\\/uploads\\\/2025\\\/12\\\/cropped-vozovapen-logo.webp\",\"contentUrl\":\"https:\\\/\\\/vozolvapen.de\\\/wp-content\\\/uploads\\\/2025\\\/12\\\/cropped-vozovapen-logo.webp\",\"width\":470,\"height\":110,\"caption\":\"vozolvapen\"},\"image\":{\"@id\":\"https:\\\/\\\/vozolvapen.de\\\/#\\\/schema\\\/logo\\\/image\\\/\"}}]}<\/script>\n<!-- \/ Yoast SEO Premium plugin. -->","yoast_head_json":{"title":"Blueberry On Ice - JNR Alien 10000 caladas desechable - vozolvapen","description":"Compra Blueberry On Ice JNR Alien 10000. Sabor puro a ar\u00e1ndanos con un final refrescante. Calidad 10k JNR, bobina de doble malla, recargable jnr.","robots":{"index":"index","follow":"follow","max-snippet":"max-snippet:-1","max-image-preview":"max-image-preview:large","max-video-preview":"max-video-preview:-1"},"canonical":"https:\/\/vozolvapen.de\/es\/product\/jnr-alien-10000-arandanos-sobre-hielo\/","og_locale":"es_ES","og_type":"article","og_title":"JNR Alien 10000 - Blueberry On Ice","og_description":"Buy Blueberry On Ice JNR Alien 10000. Pure blueberry flavor with a cool finish. 10k JNR quality, Dual Mesh Coil, puff rechargeable jnr.","og_url":"https:\/\/vozolvapen.de\/es\/product\/jnr-alien-10000-arandanos-sobre-hielo\/","og_site_name":"vozolvapen","article_modified_time":"2025-12-15T11:09:34+00:00","og_image":[{"width":800,"height":800,"url":"https:\/\/vozolvapen.de\/wp-content\/uploads\/2025\/12\/JNR-Alien-10000-BLUEBERRY-ON-ICE.webp","type":"image\/webp"}],"twitter_card":"summary_large_image","twitter_misc":{"Tiempo de lectura":"2 minutos"},"schema":{"@context":"https:\/\/schema.org","@graph":[{"@type":"WebPage","@id":"https:\/\/vozolvapen.de\/product\/jnr-alien-10000-blueberry-on-ice\/","url":"https:\/\/vozolvapen.de\/product\/jnr-alien-10000-blueberry-on-ice\/","name":"Blueberry On Ice - JNR Alien 10000 caladas desechable - vozolvapen","isPartOf":{"@id":"https:\/\/vozolvapen.de\/#website"},"primaryImageOfPage":{"@id":"https:\/\/vozolvapen.de\/product\/jnr-alien-10000-blueberry-on-ice\/#primaryimage"},"image":{"@id":"https:\/\/vozolvapen.de\/product\/jnr-alien-10000-blueberry-on-ice\/#primaryimage"},"thumbnailUrl":"https:\/\/vozolvapen.de\/wp-content\/uploads\/2025\/12\/JNR-Alien-10000-BLUEBERRY-ON-ICE.webp","datePublished":"2025-12-15T10:25:33+00:00","dateModified":"2025-12-15T11:09:34+00:00","description":"Compra Blueberry On Ice JNR Alien 10000. Sabor puro a ar\u00e1ndanos con un final refrescante. Calidad 10k JNR, bobina de doble malla, recargable jnr.","breadcrumb":{"@id":"https:\/\/vozolvapen.de\/product\/jnr-alien-10000-blueberry-on-ice\/#breadcrumb"},"inLanguage":"es","potentialAction":[{"@type":"ReadAction","target":["https:\/\/vozolvapen.de\/product\/jnr-alien-10000-blueberry-on-ice\/"]}]},{"@type":"ImageObject","inLanguage":"es","@id":"https:\/\/vozolvapen.de\/product\/jnr-alien-10000-blueberry-on-ice\/#primaryimage","url":"https:\/\/vozolvapen.de\/wp-content\/uploads\/2025\/12\/JNR-Alien-10000-BLUEBERRY-ON-ICE.webp","contentUrl":"https:\/\/vozolvapen.de\/wp-content\/uploads\/2025\/12\/JNR-Alien-10000-BLUEBERRY-ON-ICE.webp","width":800,"height":800,"caption":"Jnr Alien 10000 Blueberry On Ice Disposable Vape Device"},{"@type":"BreadcrumbList","@id":"https:\/\/vozolvapen.de\/product\/jnr-alien-10000-blueberry-on-ice\/#breadcrumb","itemListElement":[{"@type":"ListItem","position":1,"name":"Home","item":"https:\/\/vozolvapen.de\/de\/"},{"@type":"ListItem","position":2,"name":"Shop","item":"https:\/\/vozolvapen.de\/shop\/"},{"@type":"ListItem","position":3,"name":"JNR Alien 10000 &#8211; Blueberry On Ice"}]},{"@type":"WebSite","@id":"https:\/\/vozolvapen.de\/#website","url":"https:\/\/vozolvapen.de\/","name":"vozolvapen","description":"vozolvapen","publisher":{"@id":"https:\/\/vozolvapen.de\/#organization"},"potentialAction":[{"@type":"SearchAction","target":{"@type":"EntryPoint","urlTemplate":"https:\/\/vozolvapen.de\/?s={search_term_string}"},"query-input":{"@type":"PropertyValueSpecification","valueRequired":true,"valueName":"search_term_string"}}],"inLanguage":"es"},{"@type":"Organization","@id":"https:\/\/vozolvapen.de\/#organization","name":"vozolvapen","url":"https:\/\/vozolvapen.de\/","logo":{"@type":"ImageObject","inLanguage":"es","@id":"https:\/\/vozolvapen.de\/#\/schema\/logo\/image\/","url":"https:\/\/vozolvapen.de\/wp-content\/uploads\/2025\/12\/cropped-vozovapen-logo.webp","contentUrl":"https:\/\/vozolvapen.de\/wp-content\/uploads\/2025\/12\/cropped-vozovapen-logo.webp","width":470,"height":110,"caption":"vozolvapen"},"image":{"@id":"https:\/\/vozolvapen.de\/#\/schema\/logo\/image\/"}}]}},"tiered_pricing_type":"fixed","tiered_pricing_fixed_rules":{"30":"11","50":"9","100":"8","200":"7.5"},"tiered_pricing_product_settings":{"layout":"default","base_unit_name":{"singular":null,"plural":null},"default_variation":{}},"tiered_pricing_minimum_quantity":10,"tiered_pricing_roles_data":[],"tiered_pricing_percentage_rules":[],"tiered_pricing_maximum_quantity":null,"tiered_pricing_quantity_step":"10","_links":{"self":[{"href":"https:\/\/vozolvapen.de\/es\/wp-json\/wp\/v2\/product\/29496","targetHints":{"allow":["GET"]}}],"collection":[{"href":"https:\/\/vozolvapen.de\/es\/wp-json\/wp\/v2\/product"}],"about":[{"href":"https:\/\/vozolvapen.de\/es\/wp-json\/wp\/v2\/types\/product"}],"replies":[{"embeddable":true,"href":"https:\/\/vozolvapen.de\/es\/wp-json\/wp\/v2\/comments?post=29496"}],"wp:featuredmedia":[{"embeddable":true,"href":"https:\/\/vozolvapen.de\/es\/wp-json\/wp\/v2\/media\/30836"}],"wp:attachment":[{"href":"https:\/\/vozolvapen.de\/es\/wp-json\/wp\/v2\/media?parent=29496"}],"wp:term":[{"taxonomy":"product_brand","embeddable":true,"href":"https:\/\/vozolvapen.de\/es\/wp-json\/wp\/v2\/product_brand?post=29496"},{"taxonomy":"product_cat","embeddable":true,"href":"https:\/\/vozolvapen.de\/es\/wp-json\/wp\/v2\/product_cat?post=29496"},{"taxonomy":"product_tag","embeddable":true,"href":"https:\/\/vozolvapen.de\/es\/wp-json\/wp\/v2\/product_tag?post=29496"}],"curies":[{"name":"wp","href":"https:\/\/api.w.org\/{rel}","templated":true}]}}