{"id":32305,"date":"2025-12-17T07:03:15","date_gmt":"2025-12-17T07:03:15","guid":{"rendered":"https:\/\/vozolvapen.de\/?post_type=product&#038;p=32305"},"modified":"2026-04-27T07:12:35","modified_gmt":"2026-04-27T07:12:35","slug":"vozol-star-20000-love-777","status":"publish","type":"product","link":"https:\/\/vozolvapen.de\/es\/product\/vozol-star-20000-love-777\/","title":{"rendered":"Vozol Star 20000 \u2013 Amor 777"},"content":{"rendered":"<h2>VOZOL Star 20 000 caladas \u2013 Love 777<\/h2>\n<div class=\"product-intro\">\n<p><strong>Disfruta del Love 777 con el primer vaporizador desechable del mundo con pantalla HD Mirror de 2,2 pulgadas.<\/strong> El VOZOL Star 20000 ofrece hasta 20 000 caladas con un sabor constante, gracias a la tecnolog\u00eda de doble bobina de malla y una bater\u00eda recargable de 650 mAh.<\/p>\n<\/div>\n<div class=\"flavor-profile\" style=\"background-color: #f9f9f9; padding: 20px; margin: 20px 0; border-radius: 8px;\">\n<h3>\ud83d\udd25 Perfil de sabor: Love 777<\/h3>\n<p>Un best seller misterioso y ex\u00f3tico. <b>Amor 777<\/b> Es una sofisticada mezcla que combina la acidez del maracuy\u00e1, la dulzura acuosa del mel\u00f3n cantalupo y un toque de menta fresca. Crea una sensaci\u00f3n compleja, tropical y refrescante.<\/p>\n<\/div>\n<div class=\"product-specs\">\n<h3>Especificaciones y caracter\u00edsticas<\/h3>\n<table style=\"width: 100%; border-collapse: collapse; margin-top: 10px;\">\n<tbody>\n<tr style=\"border-bottom: 1px solid #ddd;\">\n<td style=\"padding: 10px;\"><strong>Recuento de bocanadas<\/strong><\/td>\n<td style=\"padding: 10px;\">Hasta 20,000 Puffs (modo ECO) \/ 15 000 (modo POWER)<\/td>\n<\/tr>\n<tr style=\"border-bottom: 1px solid #ddd;\">\n<td style=\"padding: 10px;\"><strong>Pantalla<\/strong><\/td>\n<td style=\"padding: 10px;\">Pantalla HD de 2,2 pulgadas (nivel de bater\u00eda y l\u00edquido electr\u00f3nico)<\/td>\n<\/tr>\n<tr style=\"border-bottom: 1px solid #ddd;\">\n<td style=\"padding: 10px;\"><strong>Bobina<\/strong><\/td>\n<td style=\"padding: 10px;\">Bobina de doble malla de 0,65 \u03a9 (sabor m\u00e1s suave)<\/td>\n<\/tr>\n<tr style=\"border-bottom: 1px solid #ddd;\">\n<td style=\"padding: 10px;\"><strong>Bater\u00eda<\/strong><\/td>\n<td style=\"padding: 10px;\">650 mAh recargable (tipo C)<\/td>\n<\/tr>\n<tr style=\"border-bottom: 1px solid #ddd;\">\n<td style=\"padding: 10px;\"><strong>Nicotina<\/strong><\/td>\n<td style=\"padding: 10px;\">5% (50 mg) Sal de nicotina<\/td>\n<\/tr>\n<tr style=\"border-bottom: 1px solid #ddd;\">\n<td style=\"padding: 10px;\"><strong>Capacidad<\/strong><\/td>\n<td style=\"padding: 10px;\">20 ml de l\u00edquido precargado para cigarrillos electr\u00f3nicos<\/td>\n<\/tr>\n<tr>\n<td style=\"padding: 10px;\"><strong>Dise\u00f1o<\/strong><\/td>\n<td style=\"padding: 10px;\">Est\u00e9tica futurista con acabado espejo<\/td>\n<\/tr>\n<\/tbody>\n<\/table>\n<\/div>\n<div class=\"product-seo-footer\" style=\"margin-top: 30px;\">\n<h3>\u00bfPor qu\u00e9 elegir VOZOL Star 20000?<\/h3>\n<p>El <strong>VOZOL Star 20k<\/strong> Redefine el vapeo desechable con su <strong>Modo de doble alimentaci\u00f3n<\/strong>. Cambiar a <strong>Modo POWER<\/strong> para golpes intensos en la garganta y nubes enormes, o qu\u00e9date con <strong>Modo ECO<\/strong> para maximizar la longevidad hasta 20 000 caladas. Tanto si se encuentra en Alemania, Pa\u00edses Bajos o Espa\u00f1a, disfrute de un env\u00edo r\u00e1pido desde nuestro almac\u00e9n europeo.<\/p>\n<p><strong>En la caja:<\/strong> 1 x VOZOL Star 20000 Vape desechable (Love 777)<\/p>\n<h3 dir=\"auto\">Aqu\u00ed tienes m\u00e1s recomendaciones para ti:<\/h3>\n<p dir=\"auto\">\u00a1Descubre sabores a\u00fan m\u00e1s incre\u00edbles con el vaporizador Vozol Star 20000 Puff!<\/p>\n<p dir=\"auto\"><a href=\"https:\/\/vozolvapen.de\/es\/categoria-de-producto\/vozol-vape\/vozol-star-20000-caladas-vape\/\">Ver todas las variedades aqu\u00ed \u2192<\/a><\/p>\n<p dir=\"auto\">Explora nuestra colecci\u00f3n completa y compra las mejores marcas de vapeo que te encantar\u00e1n.<\/p>\n<p dir=\"auto\"><a href=\"https:\/\/vozolvapen.de\/es\/\">Explora todas las marcas ahora \u2192<\/a><\/p>\n<p dir=\"auto\">\u00a1Echa un vistazo a la serie completa de VOZOL Vape: todos los sabores, todos los estilos!<\/p>\n<p dir=\"auto\"><a href=\"https:\/\/vozolvapen.de\/es\/categoria-de-producto\/vozol-vape\/\">Ver la colecci\u00f3n completa de VOZOL Vape \u2192<\/a><\/p>\n<\/div>","protected":false},"excerpt":{"rendered":"<p>Descubre VOZOL Star 20000 Love 777. Una misteriosa mezcla de maracuy\u00e1, mel\u00f3n dulce y menta. Perfil de sabor \u00fanico, 20 000 caladas.<\/p>\n<p><strong>MOQ s\u00f3lo 3pcs<\/strong> - cada pieza se puede mezclar con el sabor que desee (1pc = 1 sabor). Perfecto para peque\u00f1os pedidos y minoristas. Env\u00edo r\u00e1pido desde el almac\u00e9n europeo en 1-3 d\u00edas.<\/p>","protected":false},"featured_media":32537,"comment_status":"open","ping_status":"closed","template":"","meta":{"_acf_changed":false},"product_brand":[],"product_cat":[134,82],"product_tag":[],"class_list":{"0":"post-32305","1":"product","2":"type-product","3":"status-publish","4":"has-post-thumbnail","6":"product_cat-eu-warehouse-in-stock","7":"product_cat-vozol-star-20000-puffs-vape","9":"first","10":"instock","11":"shipping-taxable","12":"purchasable","13":"product-type-variable"},"acf":[],"yoast_head":"<!-- This site is optimized with the Yoast SEO Premium plugin v26.1 (Yoast SEO v27.5) - https:\/\/yoast.com\/product\/yoast-seo-premium-wordpress\/ -->\n<title>VOZOL Star 20000 Love 777 | Passion Fruit &amp; Melon Mint - vozolvapen<\/title>\n<meta name=\"description\" content=\"Discover VOZOL Star 20000 Love 777. A mysterious blend of passion fruit, sweet melon, and mint. Unique flavor profile, 20k puffs.\" \/>\n<meta name=\"robots\" content=\"index, follow, max-snippet:-1, max-image-preview:large, max-video-preview:-1\" \/>\n<link rel=\"canonical\" href=\"https:\/\/vozolvapen.de\/es\/product\/vozol-star-20000-love-777\/\" \/>\n<meta property=\"og:locale\" content=\"es_ES\" \/>\n<meta property=\"og:type\" content=\"article\" \/>\n<meta property=\"og:title\" content=\"Vozol Star 20000 - Love 777\" \/>\n<meta property=\"og:description\" content=\"Discover VOZOL Star 20000 Love 777. A mysterious blend of passion fruit, sweet melon, and mint. Unique flavor profile, 20k puffs.\" \/>\n<meta property=\"og:url\" content=\"https:\/\/vozolvapen.de\/es\/product\/vozol-star-20000-love-777\/\" \/>\n<meta property=\"og:site_name\" content=\"vozolvapen\" \/>\n<meta property=\"article:modified_time\" content=\"2026-04-27T07:12:35+00:00\" \/>\n<meta property=\"og:image\" content=\"https:\/\/vozolvapen.de\/wp-content\/uploads\/2025\/12\/Vozol-Star-20000-Love-777.webp\" \/>\n\t<meta property=\"og:image:width\" content=\"1080\" \/>\n\t<meta property=\"og:image:height\" content=\"1080\" \/>\n\t<meta property=\"og:image:type\" content=\"image\/webp\" \/>\n<meta name=\"twitter:card\" content=\"summary_large_image\" \/>\n<meta name=\"twitter:label1\" content=\"Tiempo de lectura\" \/>\n\t<meta name=\"twitter:data1\" content=\"2 minutos\" \/>\n<script type=\"application\/ld+json\" class=\"yoast-schema-graph\">{\"@context\":\"https:\\\/\\\/schema.org\",\"@graph\":[{\"@type\":\"WebPage\",\"@id\":\"https:\\\/\\\/vozolvapen.de\\\/product\\\/vozol-star-20000-love-777\\\/\",\"url\":\"https:\\\/\\\/vozolvapen.de\\\/product\\\/vozol-star-20000-love-777\\\/\",\"name\":\"VOZOL Star 20000 Love 777 | Passion Fruit & Melon Mint - vozolvapen\",\"isPartOf\":{\"@id\":\"https:\\\/\\\/vozolvapen.de\\\/#website\"},\"primaryImageOfPage\":{\"@id\":\"https:\\\/\\\/vozolvapen.de\\\/product\\\/vozol-star-20000-love-777\\\/#primaryimage\"},\"image\":{\"@id\":\"https:\\\/\\\/vozolvapen.de\\\/product\\\/vozol-star-20000-love-777\\\/#primaryimage\"},\"thumbnailUrl\":\"https:\\\/\\\/vozolvapen.de\\\/wp-content\\\/uploads\\\/2025\\\/12\\\/Vozol-Star-20000-Love-777.webp\",\"datePublished\":\"2025-12-17T07:03:15+00:00\",\"dateModified\":\"2026-04-27T07:12:35+00:00\",\"description\":\"Discover VOZOL Star 20000 Love 777. A mysterious blend of passion fruit, sweet melon, and mint. Unique flavor profile, 20k puffs.\",\"breadcrumb\":{\"@id\":\"https:\\\/\\\/vozolvapen.de\\\/product\\\/vozol-star-20000-love-777\\\/#breadcrumb\"},\"inLanguage\":\"es\",\"potentialAction\":[{\"@type\":\"ReadAction\",\"target\":[\"https:\\\/\\\/vozolvapen.de\\\/product\\\/vozol-star-20000-love-777\\\/\"]}]},{\"@type\":\"ImageObject\",\"inLanguage\":\"es\",\"@id\":\"https:\\\/\\\/vozolvapen.de\\\/product\\\/vozol-star-20000-love-777\\\/#primaryimage\",\"url\":\"https:\\\/\\\/vozolvapen.de\\\/wp-content\\\/uploads\\\/2025\\\/12\\\/Vozol-Star-20000-Love-777.webp\",\"contentUrl\":\"https:\\\/\\\/vozolvapen.de\\\/wp-content\\\/uploads\\\/2025\\\/12\\\/Vozol-Star-20000-Love-777.webp\",\"width\":1080,\"height\":1080,\"caption\":\"Vozol Star 20000 Love 777 Disposable Vape Device\"},{\"@type\":\"BreadcrumbList\",\"@id\":\"https:\\\/\\\/vozolvapen.de\\\/product\\\/vozol-star-20000-love-777\\\/#breadcrumb\",\"itemListElement\":[{\"@type\":\"ListItem\",\"position\":1,\"name\":\"Home\",\"item\":\"https:\\\/\\\/vozolvapen.de\\\/de\\\/\"},{\"@type\":\"ListItem\",\"position\":2,\"name\":\"Shop\",\"item\":\"https:\\\/\\\/vozolvapen.de\\\/shop\\\/\"},{\"@type\":\"ListItem\",\"position\":3,\"name\":\"Vozol Star 20000 &#8211; Love 777\"}]},{\"@type\":\"WebSite\",\"@id\":\"https:\\\/\\\/vozolvapen.de\\\/#website\",\"url\":\"https:\\\/\\\/vozolvapen.de\\\/\",\"name\":\"vozolvapen\",\"description\":\"vozolvapen\",\"publisher\":{\"@id\":\"https:\\\/\\\/vozolvapen.de\\\/#organization\"},\"potentialAction\":[{\"@type\":\"SearchAction\",\"target\":{\"@type\":\"EntryPoint\",\"urlTemplate\":\"https:\\\/\\\/vozolvapen.de\\\/?s={search_term_string}\"},\"query-input\":{\"@type\":\"PropertyValueSpecification\",\"valueRequired\":true,\"valueName\":\"search_term_string\"}}],\"inLanguage\":\"es\"},{\"@type\":\"Organization\",\"@id\":\"https:\\\/\\\/vozolvapen.de\\\/#organization\",\"name\":\"vozolvapen\",\"url\":\"https:\\\/\\\/vozolvapen.de\\\/\",\"logo\":{\"@type\":\"ImageObject\",\"inLanguage\":\"es\",\"@id\":\"https:\\\/\\\/vozolvapen.de\\\/#\\\/schema\\\/logo\\\/image\\\/\",\"url\":\"https:\\\/\\\/vozolvapen.de\\\/wp-content\\\/uploads\\\/2025\\\/12\\\/cropped-vozovapen-logo.webp\",\"contentUrl\":\"https:\\\/\\\/vozolvapen.de\\\/wp-content\\\/uploads\\\/2025\\\/12\\\/cropped-vozovapen-logo.webp\",\"width\":470,\"height\":110,\"caption\":\"vozolvapen\"},\"image\":{\"@id\":\"https:\\\/\\\/vozolvapen.de\\\/#\\\/schema\\\/logo\\\/image\\\/\"}}]}<\/script>\n<!-- \/ Yoast SEO Premium plugin. -->","yoast_head_json":{"title":"VOZOL Star 20000 Love 777 | Maracuy\u00e1 y menta mel\u00f3n - vozolvapen","description":"Descubre VOZOL Star 20000 Love 777. Una misteriosa mezcla de maracuy\u00e1, mel\u00f3n dulce y menta. Perfil de sabor \u00fanico, 20 000 caladas.","robots":{"index":"index","follow":"follow","max-snippet":"max-snippet:-1","max-image-preview":"max-image-preview:large","max-video-preview":"max-video-preview:-1"},"canonical":"https:\/\/vozolvapen.de\/es\/product\/vozol-star-20000-love-777\/","og_locale":"es_ES","og_type":"article","og_title":"Vozol Star 20000 - Love 777","og_description":"Discover VOZOL Star 20000 Love 777. A mysterious blend of passion fruit, sweet melon, and mint. Unique flavor profile, 20k puffs.","og_url":"https:\/\/vozolvapen.de\/es\/product\/vozol-star-20000-love-777\/","og_site_name":"vozolvapen","article_modified_time":"2026-04-27T07:12:35+00:00","og_image":[{"width":1080,"height":1080,"url":"https:\/\/vozolvapen.de\/wp-content\/uploads\/2025\/12\/Vozol-Star-20000-Love-777.webp","type":"image\/webp"}],"twitter_card":"summary_large_image","twitter_misc":{"Tiempo de lectura":"2 minutos"},"schema":{"@context":"https:\/\/schema.org","@graph":[{"@type":"WebPage","@id":"https:\/\/vozolvapen.de\/product\/vozol-star-20000-love-777\/","url":"https:\/\/vozolvapen.de\/product\/vozol-star-20000-love-777\/","name":"VOZOL Star 20000 Love 777 | Maracuy\u00e1 y menta mel\u00f3n - vozolvapen","isPartOf":{"@id":"https:\/\/vozolvapen.de\/#website"},"primaryImageOfPage":{"@id":"https:\/\/vozolvapen.de\/product\/vozol-star-20000-love-777\/#primaryimage"},"image":{"@id":"https:\/\/vozolvapen.de\/product\/vozol-star-20000-love-777\/#primaryimage"},"thumbnailUrl":"https:\/\/vozolvapen.de\/wp-content\/uploads\/2025\/12\/Vozol-Star-20000-Love-777.webp","datePublished":"2025-12-17T07:03:15+00:00","dateModified":"2026-04-27T07:12:35+00:00","description":"Descubre VOZOL Star 20000 Love 777. Una misteriosa mezcla de maracuy\u00e1, mel\u00f3n dulce y menta. Perfil de sabor \u00fanico, 20 000 caladas.","breadcrumb":{"@id":"https:\/\/vozolvapen.de\/product\/vozol-star-20000-love-777\/#breadcrumb"},"inLanguage":"es","potentialAction":[{"@type":"ReadAction","target":["https:\/\/vozolvapen.de\/product\/vozol-star-20000-love-777\/"]}]},{"@type":"ImageObject","inLanguage":"es","@id":"https:\/\/vozolvapen.de\/product\/vozol-star-20000-love-777\/#primaryimage","url":"https:\/\/vozolvapen.de\/wp-content\/uploads\/2025\/12\/Vozol-Star-20000-Love-777.webp","contentUrl":"https:\/\/vozolvapen.de\/wp-content\/uploads\/2025\/12\/Vozol-Star-20000-Love-777.webp","width":1080,"height":1080,"caption":"Vozol Star 20000 Love 777 Disposable Vape Device"},{"@type":"BreadcrumbList","@id":"https:\/\/vozolvapen.de\/product\/vozol-star-20000-love-777\/#breadcrumb","itemListElement":[{"@type":"ListItem","position":1,"name":"Home","item":"https:\/\/vozolvapen.de\/de\/"},{"@type":"ListItem","position":2,"name":"Shop","item":"https:\/\/vozolvapen.de\/shop\/"},{"@type":"ListItem","position":3,"name":"Vozol Star 20000 &#8211; Love 777"}]},{"@type":"WebSite","@id":"https:\/\/vozolvapen.de\/#website","url":"https:\/\/vozolvapen.de\/","name":"vozolvapen","description":"vozolvapen","publisher":{"@id":"https:\/\/vozolvapen.de\/#organization"},"potentialAction":[{"@type":"SearchAction","target":{"@type":"EntryPoint","urlTemplate":"https:\/\/vozolvapen.de\/?s={search_term_string}"},"query-input":{"@type":"PropertyValueSpecification","valueRequired":true,"valueName":"search_term_string"}}],"inLanguage":"es"},{"@type":"Organization","@id":"https:\/\/vozolvapen.de\/#organization","name":"vozolvapen","url":"https:\/\/vozolvapen.de\/","logo":{"@type":"ImageObject","inLanguage":"es","@id":"https:\/\/vozolvapen.de\/#\/schema\/logo\/image\/","url":"https:\/\/vozolvapen.de\/wp-content\/uploads\/2025\/12\/cropped-vozovapen-logo.webp","contentUrl":"https:\/\/vozolvapen.de\/wp-content\/uploads\/2025\/12\/cropped-vozovapen-logo.webp","width":470,"height":110,"caption":"vozolvapen"},"image":{"@id":"https:\/\/vozolvapen.de\/#\/schema\/logo\/image\/"}}]}},"tiered_pricing_type":"fixed","tiered_pricing_fixed_rules":{"5":"17.06","10":"15.73","30":"13.73","50":"11.23"},"tiered_pricing_product_settings":{"layout":"default","base_unit_name":{"singular":null,"plural":null},"default_variation":null},"tiered_pricing_minimum_quantity":3,"tiered_pricing_roles_data":[],"tiered_pricing_percentage_rules":[],"tiered_pricing_maximum_quantity":null,"tiered_pricing_quantity_step":null,"_links":{"self":[{"href":"https:\/\/vozolvapen.de\/es\/wp-json\/wp\/v2\/product\/32305","targetHints":{"allow":["GET"]}}],"collection":[{"href":"https:\/\/vozolvapen.de\/es\/wp-json\/wp\/v2\/product"}],"about":[{"href":"https:\/\/vozolvapen.de\/es\/wp-json\/wp\/v2\/types\/product"}],"replies":[{"embeddable":true,"href":"https:\/\/vozolvapen.de\/es\/wp-json\/wp\/v2\/comments?post=32305"}],"wp:featuredmedia":[{"embeddable":true,"href":"https:\/\/vozolvapen.de\/es\/wp-json\/wp\/v2\/media\/32537"}],"wp:attachment":[{"href":"https:\/\/vozolvapen.de\/es\/wp-json\/wp\/v2\/media?parent=32305"}],"wp:term":[{"taxonomy":"product_brand","embeddable":true,"href":"https:\/\/vozolvapen.de\/es\/wp-json\/wp\/v2\/product_brand?post=32305"},{"taxonomy":"product_cat","embeddable":true,"href":"https:\/\/vozolvapen.de\/es\/wp-json\/wp\/v2\/product_cat?post=32305"},{"taxonomy":"product_tag","embeddable":true,"href":"https:\/\/vozolvapen.de\/es\/wp-json\/wp\/v2\/product_tag?post=32305"}],"curies":[{"name":"wp","href":"https:\/\/api.w.org\/{rel}","templated":true}]}}