{"id":34620,"date":"2025-12-18T07:01:00","date_gmt":"2025-12-18T07:01:00","guid":{"rendered":"https:\/\/vozolvapen.de\/?post_type=product&#038;p=34620"},"modified":"2025-12-18T08:12:33","modified_gmt":"2025-12-18T08:12:33","slug":"jnr-falcon-pro-28000-kiwi-sandia-hielo","status":"publish","type":"product","link":"https:\/\/vozolvapen.de\/es\/product\/jnr-falcon-pro-28000-kiwi-watermelon-ice\/","title":{"rendered":"JNR Falcon Pro 28000 \u2013 Sand\u00eda y kiwi helados"},"content":{"rendered":"<h1 data-path-to-node=\"43,3,0\">JNR Falcon Pro 28000 \u2013 Sand\u00eda y kiwi helados<\/h1>\n<p data-path-to-node=\"43,4,0\">Picante y refrescante, el <b data-path-to-node=\"43,4,0\" data-index-in-node=\"39\">JNR Falcon pro 28000<\/b> Kiwi Watermelon Ice destaca. Este <b data-path-to-node=\"43,4,0\" data-index-in-node=\"97\">jnr 28k<\/b> El dispositivo ofrece un intenso sabor a kiwi que contrasta perfectamente con la base dulce de sand\u00eda, controlado por una tecnolog\u00eda de vanguardia. <b data-path-to-node=\"43,4,0\" data-index-in-node=\"217\">Pantalla inteligente<\/b>.<\/p>\n<h2 data-path-to-node=\"43,5,0\"><b data-path-to-node=\"43,5,0\" data-index-in-node=\"0\">Perfil de sabor de Kiwi Sand\u00eda Hielo<\/b><\/h2>\n<ul>\n<li data-path-to-node=\"40,0,0\"><b data-path-to-node=\"40,0,0\" data-index-in-node=\"0\">Dulzura:<\/b> \u2605\u2605\u2605\u2606\u2606<\/li>\n<li data-path-to-node=\"40,1,0\"><b data-path-to-node=\"40,1,0\" data-index-in-node=\"0\">Nivel de hielo:<\/b> \u2605\u2605\u2605\u2605\u2606<\/li>\n<li data-path-to-node=\"40,2,0\"><b data-path-to-node=\"40,2,0\" data-index-in-node=\"0\">Aroma:<\/b> \u2605\u2605\u2605\u2605\u2606<\/li>\n<\/ul>\n<p data-path-to-node=\"40,3,0\"><b data-path-to-node=\"40,3,0\" data-index-in-node=\"0\">Veredicto r\u00e1pido:<\/b> Picante y brillante. Este <b data-path-to-node=\"40,3,0\" data-index-in-node=\"38\">28k jnr<\/b> El sabor utiliza el toque \u00e1cido del kiwi para realzar la refrescante base de sand\u00eda, dejando un regusto limpio.<\/p>\n<h2 data-path-to-node=\"52\">\ud83c\udfaf <b data-path-to-node=\"52\" data-index-in-node=\"3\">\u00bfPara qui\u00e9n es esto?<\/b><\/h2>\n<ul>\n<li data-path-to-node=\"53,0,0\"><b data-path-to-node=\"53,0,0\" data-index-in-node=\"0\">Amantes de la ralladura:<\/b> Para los vapeadores que buscan un sabor \u201cintenso\u201d que limpie el paladar.<\/li>\n<li data-path-to-node=\"53,1,0\"><b data-path-to-node=\"53,1,0\" data-index-in-node=\"0\">Aficionados al bajo nivel de dulzor:<\/b> Si te parece que la fresa o el melocot\u00f3n puros son demasiado dulces, el kiwi le da el toque \u00e1cido necesario. <b data-path-to-node=\"53,1,0\" data-index-in-node=\"108\">jnr 28k<\/b> vapear.<\/li>\n<li data-path-to-node=\"53,2,0\"><b data-path-to-node=\"53,2,0\" data-index-in-node=\"0\">Minimalistas tropicales:<\/b> Una mezcla sencilla y ex\u00f3tica para paladares modernos.<\/li>\n<\/ul>\n<h2 data-path-to-node=\"22\">\ud83c\udfaf <b data-path-to-node=\"22\" data-index-in-node=\"3\">\u00bfPara qui\u00e9n es este JNR Falcon Pro 28000?<\/b><\/h2>\n<table data-path-to-node=\"23\">\n<thead>\n<tr>\n<td><strong>Preferencia<\/strong><\/td>\n<td><strong>Recomendaci\u00f3n<\/strong><\/td>\n<\/tr>\n<\/thead>\n<tbody>\n<tr>\n<td><span data-path-to-node=\"23,1,0,0\"><b data-path-to-node=\"23,1,0,0\" data-index-in-node=\"0\">Vapeadores a largo plazo<\/b><\/span><\/td>\n<td><span data-path-to-node=\"23,1,1,0\">Si odias comprar nuevos vaporizadores cada pocos d\u00edas, el <b data-path-to-node=\"23,1,1,0\" data-index-in-node=\"49\">28k jnr<\/b> La capacidad es tu pareja perfecta.<\/span><\/td>\n<\/tr>\n<tr>\n<td><span data-path-to-node=\"23,2,0,0\"><b data-path-to-node=\"23,2,0,0\" data-index-in-node=\"0\">Entusiastas de la tecnolog\u00eda<\/b><\/span><\/td>\n<td><span data-path-to-node=\"23,2,1,0\">El <b data-path-to-node=\"23,2,1,0\" data-index-in-node=\"4\">Pantalla inteligente<\/b> Es ideal para aquellos que desean un control preciso sobre los niveles de l\u00edquido electr\u00f3nico y bater\u00eda.<\/span><\/td>\n<\/tr>\n<tr>\n<td><span data-path-to-node=\"23,3,0,0\"><b data-path-to-node=\"23,3,0,0\" data-index-in-node=\"0\">Exploradores del sabor<\/b><\/span><\/td>\n<td><span data-path-to-node=\"23,3,1,0\">Con 20 premium <b data-path-to-node=\"23,3,1,0\" data-index-in-node=\"16\">e liquide jnr<\/b> Opciones para todos los gustos, desde frutas heladas hasta dulces caramelos.<\/span><\/td>\n<\/tr>\n<tr>\n<td><span data-path-to-node=\"23,4,0,0\"><b data-path-to-node=\"23,4,0,0\" data-index-in-node=\"0\">Usuarios de ritmo r\u00e1pido<\/b><\/span><\/td>\n<td><span data-path-to-node=\"23,4,1,0\">Gracias al <b data-path-to-node=\"23,4,1,0\" data-index-in-node=\"14\">Carga r\u00e1pida tipo C<\/b> y entrega en la UE en 1-3 d\u00edas, nunca te quedar\u00e1s sin tu <b data-path-to-node=\"23,4,1,0\" data-index-in-node=\"88\">puff jnr 28k<\/b>.<\/span><\/td>\n<\/tr>\n<\/tbody>\n<\/table>\n<h2 data-path-to-node=\"3\"><b data-path-to-node=\"3\" data-index-in-node=\"0\">Especificaciones<\/b><\/h2>\n<ul>\n<li data-path-to-node=\"4,0,0\"><b data-path-to-node=\"4,0,0\" data-index-in-node=\"0\">Puffs:<\/b> Hasta 28 000<\/li>\n<li data-path-to-node=\"4,1,0\"><b data-path-to-node=\"4,1,0\" data-index-in-node=\"0\">Bater\u00eda:<\/b> 950 mAh (recargable tipo C)<\/li>\n<li data-path-to-node=\"4,2,0\"><b data-path-to-node=\"4,2,0\" data-index-in-node=\"0\">Pantalla:<\/b> Pantalla inteligente integrada (bater\u00eda y energ\u00eda)<\/li>\n<li data-path-to-node=\"4,3,0\"><b data-path-to-node=\"4,3,0\" data-index-in-node=\"0\">E-l\u00edquido:<\/b> 30 ml <b data-path-to-node=\"4,3,0\" data-index-in-node=\"15\">e liquide jnr<\/b><\/li>\n<li data-path-to-node=\"4,4,0\"><b data-path-to-node=\"4,4,0\" data-index-in-node=\"0\">Nicotina:<\/b> 2% \/ 5%<\/li>\n<li data-path-to-node=\"4,5,0\"><b data-path-to-node=\"4,5,0\" data-index-in-node=\"0\">Env\u00edo:<\/b> Almac\u00e9n europeo (entrega en 1-3 d\u00edas)<\/li>\n<\/ul>\n<h3 data-path-to-node=\"54\">Aqu\u00ed tienes m\u00e1s recomendaciones para ti:<\/h3>\n<p dir=\"auto\">\u00a1Descubre sabores a\u00fan m\u00e1s incre\u00edbles con el vaporizador JNR Falcon Pro 28000 Puff!<\/p>\n<p dir=\"auto\"><a href=\"https:\/\/vozolvapen.de\/es\/categoria-de-producto\/vape-jnr\/jnr-falcon-pro-28000-caladas\/\">Ver todas las variedades aqu\u00ed \u2192<\/a><\/p>\n<p dir=\"auto\">Explora nuestra colecci\u00f3n completa y compra las mejores marcas de vapeo que te encantar\u00e1n.<\/p>\n<p dir=\"auto\"><a href=\"https:\/\/vozolvapen.de\/es\/\">Explora todas las marcas ahora \u2192<\/a><\/p>\n<p dir=\"auto\">\u00a1Echa un vistazo a la serie completa de JNR Vape: todos los sabores, todos los estilos!<\/p>\n<p dir=\"auto\"><a href=\"https:\/\/vozolvapen.de\/es\/categoria-de-producto\/vape-jnr\/\">Ver la colecci\u00f3n completa de JNR Vape \u2192<\/a><\/p>\n<h2 data-path-to-node=\"3\"><b data-path-to-node=\"3\" data-index-in-node=\"0\">Preguntas frecuentes (FAQ) \u2013 JNR Falcon Pro 28000<\/b><\/h2>\n<h3 data-path-to-node=\"4\"><b data-path-to-node=\"4\" data-index-in-node=\"0\">P1: \u00bfCu\u00e1ntas caladas proporciona realmente el JNR Falcon Pro 28000?<\/b><\/h3>\n<p data-path-to-node=\"5\">El <b data-path-to-node=\"5\" data-index-in-node=\"4\">JNR Falcon pro 28000<\/b> est\u00e1 dise\u00f1ado para ofrecer hasta <b data-path-to-node=\"5\" data-index-in-node=\"54\">28 000 caladas<\/b>. La longevidad real depende de los h\u00e1bitos individuales de vapeo, como la duraci\u00f3n de cada calada, pero como <b data-path-to-node=\"5\" data-index-in-node=\"170\">28k jnr<\/b> dispositivo, est\u00e1 dise\u00f1ado para ser uno de los desechables m\u00e1s duraderos del mercado.<\/p>\n<h3 data-path-to-node=\"6\"><b data-path-to-node=\"6\" data-index-in-node=\"0\">P2: \u00bfQu\u00e9 informaci\u00f3n muestra la pantalla inteligente?<\/b><\/h3>\n<p data-path-to-node=\"7\">El integrado <b data-path-to-node=\"7\" data-index-in-node=\"15\">Pantalla inteligente<\/b> en el <b data-path-to-node=\"7\" data-index-in-node=\"35\">jnr 28k<\/b> proporciona supervisi\u00f3n en tiempo real de dos factores cr\u00edticos:<\/p>\n<ol start=\"1\" data-path-to-node=\"8\">\n<li>\n<p data-path-to-node=\"8,0,0\"><b data-path-to-node=\"8,0,0\" data-index-in-node=\"0\">Porcentaje de vida \u00fatil de la bater\u00eda:<\/b> Sepa exactamente cu\u00e1ndo necesita recargar.<\/p>\n<\/li>\n<li>\n<p data-path-to-node=\"8,1,0\"><b data-path-to-node=\"8,1,0\" data-index-in-node=\"0\">Niveles de e-l\u00edquido:<\/b> Seguimiento visual de tu <b data-path-to-node=\"8,1,0\" data-index-in-node=\"41\">e liquide jnr<\/b> para que nunca te sorprenda una calada seca.<\/p>\n<\/li>\n<\/ol>\n<h3 data-path-to-node=\"9\"><b data-path-to-node=\"9\" data-index-in-node=\"0\">P3: \u00bfC\u00f3mo se carga el JNR Falcon Pro 28000?<\/b><\/h3>\n<p data-path-to-node=\"10\">El dispositivo cuenta con un <b data-path-to-node=\"10\" data-index-in-node=\"22\">Puerto de carga tipo C<\/b> en la parte inferior. Solo tienes que conectarlo a cualquier cable est\u00e1ndar de tipo C. Gracias a su gran capacidad <b data-path-to-node=\"10\" data-index-in-node=\"133\">Bater\u00eda de 950 mAh<\/b>, el <b data-path-to-node=\"10\" data-index-in-node=\"153\">puff jnr 28k<\/b> Se carga r\u00e1pidamente y mantiene la energ\u00eda durante largos periodos entre cargas.<\/p>\n<h3 data-path-to-node=\"11\"><b data-path-to-node=\"11\" data-index-in-node=\"0\">P4: \u00bfCu\u00e1nto tarda el env\u00edo a mi pa\u00eds?<\/b><\/h3>\n<p data-path-to-node=\"12\">Enviamos directamente desde nuestro <b data-path-to-node=\"12\" data-index-in-node=\"26\">Almac\u00e9n europeo<\/b>. Para la mayor\u00eda de los pa\u00edses de la UE, el plazo de entrega es muy r\u00e1pido, normalmente entre <b data-path-to-node=\"12\" data-index-in-node=\"132\">De 1 a 3 d\u00edas h\u00e1biles<\/b>. Una vez que haga su pedido <b data-path-to-node=\"12\" data-index-in-node=\"174\">JNR Falcon pro 28000<\/b>, no tendr\u00e1s que esperar mucho para disfrutarlo.<\/p>\n<h3 data-path-to-node=\"13\"><b data-path-to-node=\"13\" data-index-in-node=\"0\">P5: \u00bfQu\u00e9 concentraciones de nicotina hay disponibles?<\/b><\/h3>\n<p data-path-to-node=\"14\">El <b data-path-to-node=\"14\" data-index-in-node=\"4\">e liquide jnr<\/b> El Falcon Pro viene en dos niveles de nicotina para adaptarse a diferentes preferencias: <b data-path-to-node=\"14\" data-index-in-node=\"100\">2% (20 mg\/ml)<\/b> para un golpe de garganta equilibrado y <b data-path-to-node=\"14\" data-index-in-node=\"143\">5% (50 mg\/ml)<\/b> para aquellos que prefieren una sensaci\u00f3n de nicotina m\u00e1s fuerte.<\/p>\n<h3 data-path-to-node=\"15\"><b data-path-to-node=\"15\" data-index-in-node=\"0\">P6: \u00bfEl e-l\u00edquido utilizado en el 28k JNR es seguro y de alta calidad?<\/b><\/h3>\n<p data-path-to-node=\"16\">S\u00ed. Todos. <b data-path-to-node=\"16\" data-index-in-node=\"11\">puff jnr 28k<\/b> est\u00e1 prellenado con <b data-path-to-node=\"16\" data-index-in-node=\"43\">30 ml de l\u00edquido electr\u00f3nico premium jnr<\/b>. Este l\u00edquido est\u00e1 elaborado con ingredientes de alta calidad para garantizar un sabor constante, una producci\u00f3n de vapor suave y una experiencia satisfactoria desde la primera calada hasta la n\u00famero 28 000.<\/p>\n<h3 data-path-to-node=\"17\"><b data-path-to-node=\"17\" data-index-in-node=\"0\">P7: \u00bfPuedo rellenar el JNR Falcon Pro 28000?<\/b><\/h3>\n<p data-path-to-node=\"18\">El <b data-path-to-node=\"18\" data-index-in-node=\"4\">JNR Falcon pro 28000<\/b> es un dispositivo desechable dise\u00f1ado para mayor comodidad y facilidad de uso. Una vez que el <b data-path-to-node=\"18\" data-index-in-node=\"99\">30 ml de l\u00edquido electr\u00f3nico jnr<\/b> Una vez finalizado su uso, el dispositivo debe desecharse de forma responsable y sustituirse por uno nuevo.<\/p>","protected":false},"excerpt":{"rendered":"<p>Un toque picante a un cl\u00e1sico. El kiwi \u00e1cido contrasta con la sand\u00eda dulce para crear un sabor limpio y refrescante. <b data-path-to-node=\"4,13,2,0\" data-index-in-node=\"93\">e liquide jnr<\/b> experiencia.<\/p>","protected":false},"featured_media":35012,"comment_status":"open","ping_status":"closed","template":"","meta":{"_acf_changed":false},"product_brand":[],"product_cat":[84],"product_tag":[],"class_list":{"0":"post-34620","1":"product","2":"type-product","3":"status-publish","4":"has-post-thumbnail","6":"product_cat-jnr-falcon-pro-28000-puffs","8":"first","9":"instock","10":"shipping-taxable","11":"purchasable","12":"product-type-variable"},"acf":[],"yoast_head":"<!-- This site is optimized with the Yoast SEO Premium plugin v26.1 (Yoast SEO v27.5) - https:\/\/yoast.com\/product\/yoast-seo-premium-wordpress\/ -->\n<title>Kiwi Watermelon Ice JNR Falcon Pro 28000 | 28k JNR Vape - vozolvapen<\/title>\n<meta name=\"description\" content=\"Refresh with Kiwi Watermelon Ice JNR Falcon pro 28000. 28,000 puffs and 30ml juice. Best puff jnr 28k available.\" \/>\n<meta name=\"robots\" content=\"index, follow, max-snippet:-1, max-image-preview:large, max-video-preview:-1\" \/>\n<link rel=\"canonical\" href=\"https:\/\/vozolvapen.de\/es\/product\/jnr-falcon-pro-28000-kiwi-sandia-hielo\/\" \/>\n<meta property=\"og:locale\" content=\"es_ES\" \/>\n<meta property=\"og:type\" content=\"article\" \/>\n<meta property=\"og:title\" content=\"JNR Falcon Pro 28000 - Kiwi Watermelon Ice\" \/>\n<meta property=\"og:description\" content=\"Refresh with Kiwi Watermelon Ice JNR Falcon pro 28000. 28,000 puffs and 30ml juice. Best puff jnr 28k available.\" \/>\n<meta property=\"og:url\" content=\"https:\/\/vozolvapen.de\/es\/product\/jnr-falcon-pro-28000-kiwi-sandia-hielo\/\" \/>\n<meta property=\"og:site_name\" content=\"vozolvapen\" \/>\n<meta property=\"article:modified_time\" content=\"2025-12-18T08:12:33+00:00\" \/>\n<meta property=\"og:image\" content=\"https:\/\/vozolvapen.de\/wp-content\/uploads\/2025\/12\/JNR-Falcon-Pro-28000-Kiwi-Watermelon-Ice-1.webp\" \/>\n\t<meta property=\"og:image:width\" content=\"800\" \/>\n\t<meta property=\"og:image:height\" content=\"800\" \/>\n\t<meta property=\"og:image:type\" content=\"image\/webp\" \/>\n<meta name=\"twitter:card\" content=\"summary_large_image\" \/>\n<meta name=\"twitter:label1\" content=\"Tiempo de lectura\" \/>\n\t<meta name=\"twitter:data1\" content=\"4 minutos\" \/>\n<script type=\"application\/ld+json\" class=\"yoast-schema-graph\">{\"@context\":\"https:\\\/\\\/schema.org\",\"@graph\":[{\"@type\":\"WebPage\",\"@id\":\"https:\\\/\\\/vozolvapen.de\\\/product\\\/jnr-falcon-pro-28000-kiwi-watermelon-ice\\\/\",\"url\":\"https:\\\/\\\/vozolvapen.de\\\/product\\\/jnr-falcon-pro-28000-kiwi-watermelon-ice\\\/\",\"name\":\"Kiwi Watermelon Ice JNR Falcon Pro 28000 | 28k JNR Vape - vozolvapen\",\"isPartOf\":{\"@id\":\"https:\\\/\\\/vozolvapen.de\\\/#website\"},\"primaryImageOfPage\":{\"@id\":\"https:\\\/\\\/vozolvapen.de\\\/product\\\/jnr-falcon-pro-28000-kiwi-watermelon-ice\\\/#primaryimage\"},\"image\":{\"@id\":\"https:\\\/\\\/vozolvapen.de\\\/product\\\/jnr-falcon-pro-28000-kiwi-watermelon-ice\\\/#primaryimage\"},\"thumbnailUrl\":\"https:\\\/\\\/vozolvapen.de\\\/wp-content\\\/uploads\\\/2025\\\/12\\\/JNR-Falcon-Pro-28000-Kiwi-Watermelon-Ice-1.webp\",\"datePublished\":\"2025-12-18T07:01:00+00:00\",\"dateModified\":\"2025-12-18T08:12:33+00:00\",\"description\":\"Refresh with Kiwi Watermelon Ice JNR Falcon pro 28000. 28,000 puffs and 30ml juice. Best puff jnr 28k available.\",\"breadcrumb\":{\"@id\":\"https:\\\/\\\/vozolvapen.de\\\/product\\\/jnr-falcon-pro-28000-kiwi-watermelon-ice\\\/#breadcrumb\"},\"inLanguage\":\"es\",\"potentialAction\":[{\"@type\":\"ReadAction\",\"target\":[\"https:\\\/\\\/vozolvapen.de\\\/product\\\/jnr-falcon-pro-28000-kiwi-watermelon-ice\\\/\"]}]},{\"@type\":\"ImageObject\",\"inLanguage\":\"es\",\"@id\":\"https:\\\/\\\/vozolvapen.de\\\/product\\\/jnr-falcon-pro-28000-kiwi-watermelon-ice\\\/#primaryimage\",\"url\":\"https:\\\/\\\/vozolvapen.de\\\/wp-content\\\/uploads\\\/2025\\\/12\\\/JNR-Falcon-Pro-28000-Kiwi-Watermelon-Ice-1.webp\",\"contentUrl\":\"https:\\\/\\\/vozolvapen.de\\\/wp-content\\\/uploads\\\/2025\\\/12\\\/JNR-Falcon-Pro-28000-Kiwi-Watermelon-Ice-1.webp\",\"width\":800,\"height\":800,\"caption\":\"Jnr Falcon Pro 28000 Kiwi Watermelon Ice 1 Disposable Vape Device detail\"},{\"@type\":\"BreadcrumbList\",\"@id\":\"https:\\\/\\\/vozolvapen.de\\\/product\\\/jnr-falcon-pro-28000-kiwi-watermelon-ice\\\/#breadcrumb\",\"itemListElement\":[{\"@type\":\"ListItem\",\"position\":1,\"name\":\"Home\",\"item\":\"https:\\\/\\\/vozolvapen.de\\\/de\\\/\"},{\"@type\":\"ListItem\",\"position\":2,\"name\":\"Shop\",\"item\":\"https:\\\/\\\/vozolvapen.de\\\/shop\\\/\"},{\"@type\":\"ListItem\",\"position\":3,\"name\":\"JNR Falcon Pro 28000 &#8211; Kiwi Watermelon Ice\"}]},{\"@type\":\"WebSite\",\"@id\":\"https:\\\/\\\/vozolvapen.de\\\/#website\",\"url\":\"https:\\\/\\\/vozolvapen.de\\\/\",\"name\":\"vozolvapen\",\"description\":\"vozolvapen\",\"publisher\":{\"@id\":\"https:\\\/\\\/vozolvapen.de\\\/#organization\"},\"potentialAction\":[{\"@type\":\"SearchAction\",\"target\":{\"@type\":\"EntryPoint\",\"urlTemplate\":\"https:\\\/\\\/vozolvapen.de\\\/?s={search_term_string}\"},\"query-input\":{\"@type\":\"PropertyValueSpecification\",\"valueRequired\":true,\"valueName\":\"search_term_string\"}}],\"inLanguage\":\"es\"},{\"@type\":\"Organization\",\"@id\":\"https:\\\/\\\/vozolvapen.de\\\/#organization\",\"name\":\"vozolvapen\",\"url\":\"https:\\\/\\\/vozolvapen.de\\\/\",\"logo\":{\"@type\":\"ImageObject\",\"inLanguage\":\"es\",\"@id\":\"https:\\\/\\\/vozolvapen.de\\\/#\\\/schema\\\/logo\\\/image\\\/\",\"url\":\"https:\\\/\\\/vozolvapen.de\\\/wp-content\\\/uploads\\\/2025\\\/12\\\/cropped-vozovapen-logo.webp\",\"contentUrl\":\"https:\\\/\\\/vozolvapen.de\\\/wp-content\\\/uploads\\\/2025\\\/12\\\/cropped-vozovapen-logo.webp\",\"width\":470,\"height\":110,\"caption\":\"vozolvapen\"},\"image\":{\"@id\":\"https:\\\/\\\/vozolvapen.de\\\/#\\\/schema\\\/logo\\\/image\\\/\"}}]}<\/script>\n<!-- \/ Yoast SEO Premium plugin. -->","yoast_head_json":{"title":"Kiwi Sand\u00eda Hielo JNR Falcon Pro 28000 | 28k JNR Vape - vozolvapen","description":"Refr\u00e9scate con Kiwi Watermelon Ice JNR Falcon pro 28000. 28 000 caladas y 30 ml de l\u00edquido. El mejor JNR 28k disponible.","robots":{"index":"index","follow":"follow","max-snippet":"max-snippet:-1","max-image-preview":"max-image-preview:large","max-video-preview":"max-video-preview:-1"},"canonical":"https:\/\/vozolvapen.de\/es\/product\/jnr-falcon-pro-28000-kiwi-sandia-hielo\/","og_locale":"es_ES","og_type":"article","og_title":"JNR Falcon Pro 28000 - Kiwi Watermelon Ice","og_description":"Refresh with Kiwi Watermelon Ice JNR Falcon pro 28000. 28,000 puffs and 30ml juice. Best puff jnr 28k available.","og_url":"https:\/\/vozolvapen.de\/es\/product\/jnr-falcon-pro-28000-kiwi-sandia-hielo\/","og_site_name":"vozolvapen","article_modified_time":"2025-12-18T08:12:33+00:00","og_image":[{"width":800,"height":800,"url":"https:\/\/vozolvapen.de\/wp-content\/uploads\/2025\/12\/JNR-Falcon-Pro-28000-Kiwi-Watermelon-Ice-1.webp","type":"image\/webp"}],"twitter_card":"summary_large_image","twitter_misc":{"Tiempo de lectura":"4 minutos"},"schema":{"@context":"https:\/\/schema.org","@graph":[{"@type":"WebPage","@id":"https:\/\/vozolvapen.de\/product\/jnr-falcon-pro-28000-kiwi-watermelon-ice\/","url":"https:\/\/vozolvapen.de\/product\/jnr-falcon-pro-28000-kiwi-watermelon-ice\/","name":"Kiwi Sand\u00eda Hielo JNR Falcon Pro 28000 | 28k JNR Vape - vozolvapen","isPartOf":{"@id":"https:\/\/vozolvapen.de\/#website"},"primaryImageOfPage":{"@id":"https:\/\/vozolvapen.de\/product\/jnr-falcon-pro-28000-kiwi-watermelon-ice\/#primaryimage"},"image":{"@id":"https:\/\/vozolvapen.de\/product\/jnr-falcon-pro-28000-kiwi-watermelon-ice\/#primaryimage"},"thumbnailUrl":"https:\/\/vozolvapen.de\/wp-content\/uploads\/2025\/12\/JNR-Falcon-Pro-28000-Kiwi-Watermelon-Ice-1.webp","datePublished":"2025-12-18T07:01:00+00:00","dateModified":"2025-12-18T08:12:33+00:00","description":"Refr\u00e9scate con Kiwi Watermelon Ice JNR Falcon pro 28000. 28 000 caladas y 30 ml de l\u00edquido. El mejor JNR 28k disponible.","breadcrumb":{"@id":"https:\/\/vozolvapen.de\/product\/jnr-falcon-pro-28000-kiwi-watermelon-ice\/#breadcrumb"},"inLanguage":"es","potentialAction":[{"@type":"ReadAction","target":["https:\/\/vozolvapen.de\/product\/jnr-falcon-pro-28000-kiwi-watermelon-ice\/"]}]},{"@type":"ImageObject","inLanguage":"es","@id":"https:\/\/vozolvapen.de\/product\/jnr-falcon-pro-28000-kiwi-watermelon-ice\/#primaryimage","url":"https:\/\/vozolvapen.de\/wp-content\/uploads\/2025\/12\/JNR-Falcon-Pro-28000-Kiwi-Watermelon-Ice-1.webp","contentUrl":"https:\/\/vozolvapen.de\/wp-content\/uploads\/2025\/12\/JNR-Falcon-Pro-28000-Kiwi-Watermelon-Ice-1.webp","width":800,"height":800,"caption":"Jnr Falcon Pro 28000 Kiwi Watermelon Ice 1 Disposable Vape Device detail"},{"@type":"BreadcrumbList","@id":"https:\/\/vozolvapen.de\/product\/jnr-falcon-pro-28000-kiwi-watermelon-ice\/#breadcrumb","itemListElement":[{"@type":"ListItem","position":1,"name":"Home","item":"https:\/\/vozolvapen.de\/de\/"},{"@type":"ListItem","position":2,"name":"Shop","item":"https:\/\/vozolvapen.de\/shop\/"},{"@type":"ListItem","position":3,"name":"JNR Falcon Pro 28000 &#8211; Kiwi Watermelon Ice"}]},{"@type":"WebSite","@id":"https:\/\/vozolvapen.de\/#website","url":"https:\/\/vozolvapen.de\/","name":"vozolvapen","description":"vozolvapen","publisher":{"@id":"https:\/\/vozolvapen.de\/#organization"},"potentialAction":[{"@type":"SearchAction","target":{"@type":"EntryPoint","urlTemplate":"https:\/\/vozolvapen.de\/?s={search_term_string}"},"query-input":{"@type":"PropertyValueSpecification","valueRequired":true,"valueName":"search_term_string"}}],"inLanguage":"es"},{"@type":"Organization","@id":"https:\/\/vozolvapen.de\/#organization","name":"vozolvapen","url":"https:\/\/vozolvapen.de\/","logo":{"@type":"ImageObject","inLanguage":"es","@id":"https:\/\/vozolvapen.de\/#\/schema\/logo\/image\/","url":"https:\/\/vozolvapen.de\/wp-content\/uploads\/2025\/12\/cropped-vozovapen-logo.webp","contentUrl":"https:\/\/vozolvapen.de\/wp-content\/uploads\/2025\/12\/cropped-vozovapen-logo.webp","width":470,"height":110,"caption":"vozolvapen"},"image":{"@id":"https:\/\/vozolvapen.de\/#\/schema\/logo\/image\/"}}]}},"tiered_pricing_type":"fixed","tiered_pricing_fixed_rules":{"30":"13.5","50":"11.5","100":"10.5","200":"10"},"tiered_pricing_product_settings":{"layout":"default","base_unit_name":{"singular":null,"plural":null},"default_variation":null},"tiered_pricing_minimum_quantity":10,"tiered_pricing_roles_data":[],"tiered_pricing_percentage_rules":[],"tiered_pricing_maximum_quantity":null,"tiered_pricing_quantity_step":"10","_links":{"self":[{"href":"https:\/\/vozolvapen.de\/es\/wp-json\/wp\/v2\/product\/34620","targetHints":{"allow":["GET"]}}],"collection":[{"href":"https:\/\/vozolvapen.de\/es\/wp-json\/wp\/v2\/product"}],"about":[{"href":"https:\/\/vozolvapen.de\/es\/wp-json\/wp\/v2\/types\/product"}],"replies":[{"embeddable":true,"href":"https:\/\/vozolvapen.de\/es\/wp-json\/wp\/v2\/comments?post=34620"}],"wp:featuredmedia":[{"embeddable":true,"href":"https:\/\/vozolvapen.de\/es\/wp-json\/wp\/v2\/media\/35012"}],"wp:attachment":[{"href":"https:\/\/vozolvapen.de\/es\/wp-json\/wp\/v2\/media?parent=34620"}],"wp:term":[{"taxonomy":"product_brand","embeddable":true,"href":"https:\/\/vozolvapen.de\/es\/wp-json\/wp\/v2\/product_brand?post=34620"},{"taxonomy":"product_cat","embeddable":true,"href":"https:\/\/vozolvapen.de\/es\/wp-json\/wp\/v2\/product_cat?post=34620"},{"taxonomy":"product_tag","embeddable":true,"href":"https:\/\/vozolvapen.de\/es\/wp-json\/wp\/v2\/product_tag?post=34620"}],"curies":[{"name":"wp","href":"https:\/\/api.w.org\/{rel}","templated":true}]}}