{"id":37909,"date":"2025-12-19T10:51:31","date_gmt":"2025-12-19T10:51:31","guid":{"rendered":"https:\/\/vozolvapen.de\/?post_type=product&#038;p=37909"},"modified":"2026-02-10T11:06:32","modified_gmt":"2026-02-10T11:06:32","slug":"elfbar-ice-king-30000-lima-cola","status":"publish","type":"product","link":"https:\/\/vozolvapen.de\/es\/product\/elfbar-ice-king-30000-lime-cola\/","title":{"rendered":"Elfbar Ice King 30000 \u2013 Lima Cola"},"content":{"rendered":"<h1 data-path-to-node=\"86\">Elfbar Ice King 30000 \u2013 Lima Cola<\/h1>\n<p data-path-to-node=\"87\">La perfecci\u00f3n de una tienda de refrescos. <span class=\"citation-20\">El <\/span><b data-path-to-node=\"87\" data-index-in-node=\"26\"><span class=\"citation-20\">Elfbar Ice King 30000<\/span><\/b><span class=\"citation-20 citation-end-20\"> Lime Cola combina las notas profundas y acarameladas de la cola cl\u00e1sica con un toque c\u00edtrico y \u00e1cido de lima.<\/span> Con su pantalla LED inteligente y carga tipo C, este <b data-path-to-node=\"87\" data-index-in-node=\"192\">elfbar vape<\/b> Siempre est\u00e1 listo para una \u201crecarga\u201d.\u201d<\/p>\n<h2 data-path-to-node=\"88\"><b data-path-to-node=\"88\" data-index-in-node=\"0\">Valoraciones de sabor \u2013 Cola de lima<\/b><\/h2>\n<ul data-path-to-node=\"89\">\n<li>\n<p data-path-to-node=\"89,0,0\"><b data-path-to-node=\"89,0,0\" data-index-in-node=\"0\">Dulzura:<\/b> \u2605\u2605\u2605\u2606\u2606<\/p>\n<\/li>\n<li>\n<p data-path-to-node=\"89,1,0\"><b data-path-to-node=\"89,1,0\" data-index-in-node=\"0\">Nivel de hielo:<\/b> \u2605\u2605\u2605\u2605\u2605 (Ajustable)<\/p>\n<\/li>\n<li>\n<p data-path-to-node=\"89,2,0\"><b data-path-to-node=\"89,2,0\" data-index-in-node=\"0\">Aroma:<\/b> \u2605\u2605\u2605\u2605\u2606<\/p>\n<\/li>\n<li>\n<p data-path-to-node=\"89,3,0\"><b data-path-to-node=\"89,3,0\" data-index-in-node=\"0\">Veredicto sobre el sabor:<\/b> Burbujeante, refrescante y nost\u00e1lgico. El <b data-path-to-node=\"89,3,0\" data-index-in-node=\"55\">Elfbar 30k<\/b> Hace que parezca una cola servida sobre hielo picado.<\/p>\n<\/li>\n<\/ul>\n<h2 data-path-to-node=\"90\"><b data-path-to-node=\"90\" data-index-in-node=\"0\">\u00bfPara qui\u00e9n es esto?<\/b><\/h2>\n<ul data-path-to-node=\"91\">\n<li>\n<p data-path-to-node=\"91,0,0\"><b data-path-to-node=\"91,0,0\" data-index-in-node=\"0\">Aficionados a los refrescos:<\/b> Para los amantes de los vapeadores inspirados en bebidas.<\/p>\n<\/li>\n<li>\n<p data-path-to-node=\"91,1,0\"><b data-path-to-node=\"91,1,0\" data-index-in-node=\"0\"><span class=\"citation-19\">Amantes de los c\u00edtricos:<\/span><\/b><span class=\"citation-19 citation-end-19\"> La lima le da un toque limpio y fresco a la cola dulce.<\/span><\/p>\n<\/li>\n<li>\n<p data-path-to-node=\"91,2,0\"><b data-path-to-node=\"91,2,0\" data-index-in-node=\"0\">Ventiladores de refrigeraci\u00f3n:<\/b> Se disfruta mejor con los ajustes \u201cFrost\u201d o \u201cArctic\u201d para imitar una bebida fr\u00eda.<\/p>\n<\/li>\n<\/ul>\n<h3 data-path-to-node=\"107\"><b data-path-to-node=\"107\" data-index-in-node=\"0\">Especificaciones<\/b><\/h3>\n<ul>\n<li data-path-to-node=\"108,0,0\"><b data-path-to-node=\"108,0,0\" data-index-in-node=\"0\"><span class=\"citation-17\">Capacidad:<\/span><\/b><span class=\"citation-17 citation-end-17\"> 20 ml de l\u00edquido precargado para cigarrillos electr\u00f3nicos<\/span><\/li>\n<li data-path-to-node=\"108,1,0\"><b data-path-to-node=\"108,1,0\" data-index-in-node=\"0\">Puffs:<\/b> Turbo I (30 000) \/ Turbo III (15 000)<\/li>\n<li data-path-to-node=\"108,2,0\"><b data-path-to-node=\"108,2,0\" data-index-in-node=\"0\"><span class=\"citation-16\">Bater\u00eda:<\/span><\/b><span class=\"citation-16 citation-end-16\"> 850 mAh (recargable tipo C)<\/span><\/li>\n<li data-path-to-node=\"108,3,0\"><b data-path-to-node=\"108,3,0\" data-index-in-node=\"0\">Pantalla:<\/b> Pantalla LED inteligente (nivel de potencia, aceite y refrigeraci\u00f3n)<\/li>\n<li data-path-to-node=\"108,4,0\"><b data-path-to-node=\"108,4,0\" data-index-in-node=\"0\">Frescura:<\/b> Ajuste personalizado de 5 niveles<\/li>\n<li data-path-to-node=\"108,5,0\"><b data-path-to-node=\"108,5,0\" data-index-in-node=\"0\"><span class=\"citation-15\">Bobina:<\/span><\/b><span class=\"citation-15 citation-end-15\"> Bobina de malla doble y n\u00facleo doble<\/span><\/li>\n<li data-path-to-node=\"108,6,0\"><b data-path-to-node=\"108,6,0\" data-index-in-node=\"0\">Env\u00edo:<\/b> Almac\u00e9n europeo (1-3 d\u00edas)<\/li>\n<\/ul>\n<h3 data-path-to-node=\"109\"><b data-path-to-node=\"109\" data-index-in-node=\"0\">\u00bfPara qui\u00e9n es el Elfbar Ice King 30000?<\/b><\/h3>\n<ul>\n<li data-path-to-node=\"110,0,0\"><b data-path-to-node=\"110,0,0\" data-index-in-node=\"0\">El personalizador:<\/b> Si odias que algunos vaporizadores sean \u201cdemasiado fr\u00edos\u201d o \u201cno lo suficientemente fr\u00edos\u201d, el <b data-path-to-node=\"110,0,0\" data-index-in-node=\"85\">Elfbar Ice King<\/b> es tu soluci\u00f3n.<\/li>\n<li data-path-to-node=\"110,1,0\"><b data-path-to-node=\"110,1,0\" data-index-in-node=\"0\">El experto en eficiencia:<\/b> Aquellos que desean un dispositivo con una capacidad enorme de 30 000 caladas que no sacrifica la calidad del sabor.<\/li>\n<li data-path-to-node=\"110,2,0\"><b data-path-to-node=\"110,2,0\" data-index-in-node=\"0\">El vapeador europeo:<\/b> Perfecto para aquellos que quieren <b data-path-to-node=\"110,2,0\" data-index-in-node=\"47\">Elfbar 30k<\/b> Calidad entregada en 3 d\u00edas desde un almac\u00e9n local.<\/li>\n<\/ul>\n<h3 dir=\"auto\">Aqu\u00ed tienes m\u00e1s recomendaciones para ti:<\/h3>\n<p dir=\"auto\">\u00a1Descubre sabores a\u00fan m\u00e1s incre\u00edbles con el vaporizador Elfbar Ice King 30000 Puffs!<\/p>\n<p dir=\"auto\"><a href=\"https:\/\/vozolvapen.de\/es\/categoria-de-producto\/elfbar-vape\/elfbar-ice-king-30000-caladas-vape\/\">Ver todas las variedades aqu\u00ed \u2192<\/a><\/p>\n<p dir=\"auto\">Explora nuestra colecci\u00f3n completa y compra las mejores marcas de vapeo que te encantar\u00e1n.<\/p>\n<p dir=\"auto\"><a href=\"https:\/\/vozolvapen.de\/es\/\">Explora todas las marcas ahora \u2192<\/a><\/p>\n<p dir=\"auto\">\u00a1Echa un vistazo a la serie completa Bang Vape: todos los sabores, todos los estilos!<\/p>\n<p dir=\"auto\"><a href=\"https:\/\/vozolvapen.de\/es\/categoria-de-producto\/bang-vape\/\">Ver la colecci\u00f3n completa de Bang Vape \u2192<\/a><\/p>\n<h2 data-path-to-node=\"2\"><b data-path-to-node=\"2\" data-index-in-node=\"0\">Preguntas frecuentes (FAQ) \u2013 Elfbar Ice King 30000<\/b><\/h2>\n<h3 data-path-to-node=\"3\"><b data-path-to-node=\"3\" data-index-in-node=\"0\">1. \u00bfCu\u00e1nto tiempo me durar\u00e1 realmente el Elfbar Ice King 30000?<\/b><\/h3>\n<p data-path-to-node=\"4\">El <b data-path-to-node=\"4\" data-index-in-node=\"4\">Elfbar Ice King 30000<\/b> Est\u00e1 dise\u00f1ado para una longevidad extrema. Dependiendo de tu estilo de vapeo:<\/p>\n<ul data-path-to-node=\"5\">\n<li>\n<p data-path-to-node=\"5,0,0\"><b data-path-to-node=\"5,0,0\" data-index-in-node=\"0\">Modo Turbo I (30 000 Puffs):<\/b> Ideal para un uso diario constante, ya que ofrece la mayor vida \u00fatil.<\/p>\n<\/li>\n<li>\n<p data-path-to-node=\"5,1,0\"><b data-path-to-node=\"5,1,0\" data-index-in-node=\"0\">Modo Turbo III (15 000 Puffs):<\/b> Perfecto para los amantes de las nubes que buscan una calada m\u00e1s intensa y potente. Para el vapeador medio, un dispositivo puede durar f\u00e1cilmente <b data-path-to-node=\"5,1,0\" data-index-in-node=\"146\">De 3 a 5 semanas<\/b>.<\/p>\n<\/li>\n<\/ul>\n<h3 data-path-to-node=\"6\"><b data-path-to-node=\"6\" data-index-in-node=\"0\">2. \u00bfC\u00f3mo funciona el sistema de frescor personalizado de 5 niveles?<\/b><\/h3>\n<p data-path-to-node=\"7\">Esta es la caracter\u00edstica m\u00e1s destacada del <b data-path-to-node=\"7\" data-index-in-node=\"36\">Elfbar Ice King<\/b>. En el lateral del dispositivo hay un bot\u00f3n de ajuste espec\u00edfico. Puede alternar entre:<\/p>\n<ul data-path-to-node=\"8\">\n<li>\n<p data-path-to-node=\"8,0,0\"><b data-path-to-node=\"8,0,0\" data-index-in-node=\"0\">Nivel 0 (Brisa):<\/b> Sabor puro sin ning\u00fan tipo de enfriamiento.<\/p>\n<\/li>\n<li>\n<p data-path-to-node=\"8,1,0\"><b data-path-to-node=\"8,1,0\" data-index-in-node=\"0\">Nivel 4 (Congelaci\u00f3n \u00e1rtica):<\/b> La sensaci\u00f3n m\u00e1s fr\u00eda disponible en el mercado. La pantalla LED inteligente muestra tu nivel actual, para que siempre sepas exactamente qu\u00e9 esperar.<\/p>\n<\/li>\n<\/ul>\n<h3 data-path-to-node=\"9\"><b data-path-to-node=\"9\" data-index-in-node=\"0\">3. \u00bfEste producto es aut\u00e9ntico?<\/b><\/h3>\n<p data-path-to-node=\"10\">S\u00ed. Solo utilizamos productos genuinos 100%. <b data-path-to-node=\"10\" data-index-in-node=\"33\">Vaporizador Elfbar<\/b> productos directamente del fabricante oficial. Cada <b data-path-to-node=\"10\" data-index-in-node=\"100\">Elfbar Ice King 30000<\/b> Viene con un c\u00f3digo de seguridad verificable para garantizar que recibes un dispositivo de primera calidad, seguro y aut\u00e9ntico.<\/p>\n<h3 data-path-to-node=\"11\"><b data-path-to-node=\"11\" data-index-in-node=\"0\">4. \u00bfCu\u00e1nto tarda el env\u00edo a Alemania y al resto de Europa?<\/b><\/h3>\n<p data-path-to-node=\"12\">Enviamos directamente desde nuestro <b data-path-to-node=\"12\" data-index-in-node=\"26\">Almac\u00e9n europeo<\/b>.<\/p>\n<ul data-path-to-node=\"13\">\n<li>\n<p data-path-to-node=\"13,0,0\"><b data-path-to-node=\"13,0,0\" data-index-in-node=\"0\">Alemania:<\/b> 1-2 d\u00edas h\u00e1biles.<\/p>\n<\/li>\n<li>\n<p data-path-to-node=\"13,1,0\"><b data-path-to-node=\"13,1,0\" data-index-in-node=\"0\">Resto de la UE:<\/b> 2-3 d\u00edas h\u00e1biles. Hay <b data-path-to-node=\"13,1,0\" data-index-in-node=\"41\">sin retrasos en la aduana ni tasas ocultas<\/b>, ya que el producto ya se encuentra dentro de las fronteras de la UE.<\/p>\n<\/li>\n<\/ul>\n<h3 data-path-to-node=\"14\"><b data-path-to-node=\"14\" data-index-in-node=\"0\">5. \u00bfQu\u00e9 muestra la pantalla LED inteligente?<\/b><\/h3>\n<p data-path-to-node=\"15\">El <b data-path-to-node=\"15\" data-index-in-node=\"4\">Elfbar 30k<\/b> cuenta con una pantalla de alta definici\u00f3n que proporciona datos en tiempo real sobre:<\/p>\n<ul data-path-to-node=\"16\">\n<li>\n<p data-path-to-node=\"16,0,0\"><b data-path-to-node=\"16,0,0\" data-index-in-node=\"0\">Nivel de l\u00edquido electr\u00f3nico:<\/b> Se acabaron las caladas secas \u201cquemadas\u201d: sabr\u00e1s exactamente cu\u00e1ndo se est\u00e1n acabando los 20 ml.<\/p>\n<\/li>\n<li>\n<p data-path-to-node=\"16,1,0\"><b data-path-to-node=\"16,1,0\" data-index-in-node=\"0\">Porcentaje de bater\u00eda:<\/b> Comprueba exactamente cu\u00e1nta bater\u00eda te queda de tu bater\u00eda de 850 mAh.<\/p>\n<\/li>\n<li>\n<p data-path-to-node=\"16,2,0\"><b data-path-to-node=\"16,2,0\" data-index-in-node=\"0\">Nivel de frescura:<\/b> Muestra cu\u00e1l de los 5 ajustes de refrigeraci\u00f3n est\u00e1 activo actualmente.<\/p>\n<\/li>\n<\/ul>\n<h3 data-path-to-node=\"17\"><b data-path-to-node=\"17\" data-index-in-node=\"0\">6. \u00bfLa bater\u00eda es recargable?<\/b><\/h3>\n<p data-path-to-node=\"18\">Por supuesto. El dispositivo cuenta con un <b data-path-to-node=\"18\" data-index-in-node=\"34\">Puerto de carga r\u00e1pida tipo C<\/b>. Aunque el e-l\u00edquido est\u00e1 dise\u00f1ado para durar hasta 30 000 caladas, la bater\u00eda se puede recargar varias veces para garantizar que se aproveche hasta la \u00faltima gota de los 20 ml de l\u00edquido premium.<\/p>\n<h3 data-path-to-node=\"19\"><b data-path-to-node=\"19\" data-index-in-node=\"0\">7. \u00bfPor qu\u00e9 elegir el Ice King 30000 en lugar de un Elfbar est\u00e1ndar?<\/b><\/h3>\n<p data-path-to-node=\"20\">El <b data-path-to-node=\"20\" data-index-in-node=\"4\">Elfbar Ice King<\/b> ofrece tres ventajas principales:<\/p>\n<ol start=\"1\" data-path-to-node=\"21\">\n<li>\n<p data-path-to-node=\"21,0,0\"><b data-path-to-node=\"21,0,0\" data-index-in-node=\"0\">Rentabilidad:<\/b> Un dispositivo de 30 000 sustituye hasta 15 desechables est\u00e1ndar, lo que le permite ahorrar dinero.<\/p>\n<\/li>\n<li>\n<p data-path-to-node=\"21,1,0\"><b data-path-to-node=\"21,1,0\" data-index-in-node=\"0\">Personalizaci\u00f3n:<\/b> Usted controla el flujo de aire, la potencia (modos Turbo) y la intensidad de refrigeraci\u00f3n.<\/p>\n<\/li>\n<li>\n<p data-path-to-node=\"21,2,0\"><b data-path-to-node=\"21,2,0\" data-index-in-node=\"0\">Sabor avanzado:<\/b> El <b data-path-to-node=\"21,2,0\" data-index-in-node=\"21\">Bobina de malla doble<\/b> El sistema evita la degradaci\u00f3n del sabor, algo habitual en dispositivos m\u00e1s peque\u00f1os y econ\u00f3micos.<\/p>\n<\/li>\n<\/ol>","protected":false},"excerpt":{"rendered":"<p>Refresco cl\u00e1sico de cola con un toque c\u00edtrico y \u00e1cido de lima. Es refrescante, nost\u00e1lgico y perfectamente equilibrado.<\/p>","protected":false},"featured_media":37993,"comment_status":"open","ping_status":"closed","template":"","meta":{"_acf_changed":false},"product_brand":[],"product_cat":[86,134],"product_tag":[],"class_list":{"0":"post-37909","1":"product","2":"type-product","3":"status-publish","4":"has-post-thumbnail","6":"product_cat-elfbar-ice-king-30000-puff-vape","7":"product_cat-eu-warehouse-in-stock","9":"first","10":"instock","11":"shipping-taxable","12":"purchasable","13":"product-type-variable"},"acf":[],"yoast_head":"<!-- This site is optimized with the Yoast SEO Premium plugin v26.1 (Yoast SEO v27.5) - https:\/\/yoast.com\/product\/yoast-seo-premium-wordpress\/ -->\n<title>Lime Cola - Elfbar Ice King 30000 | Elfbar Ice King Soda - vozolvapen<\/title>\n<meta name=\"description\" content=\"Refreshing Lime Cola Elfbar Ice King 30000. Fizzy soda flavor with adjustable cooling levels. Fast delivery from local European warehouse. Buy today!\" \/>\n<meta name=\"robots\" content=\"index, follow, max-snippet:-1, max-image-preview:large, max-video-preview:-1\" \/>\n<link rel=\"canonical\" href=\"https:\/\/vozolvapen.de\/es\/product\/elfbar-ice-king-30000-lima-cola\/\" \/>\n<meta property=\"og:locale\" content=\"es_ES\" \/>\n<meta property=\"og:type\" content=\"article\" \/>\n<meta property=\"og:title\" content=\"Elfbar Ice King 30000 - Lime Cola\" \/>\n<meta property=\"og:description\" content=\"Refreshing Lime Cola Elfbar Ice King 30000. Fizzy soda flavor with adjustable cooling levels. Fast delivery from local European warehouse. Buy today!\" \/>\n<meta property=\"og:url\" content=\"https:\/\/vozolvapen.de\/es\/product\/elfbar-ice-king-30000-lima-cola\/\" \/>\n<meta property=\"og:site_name\" content=\"vozolvapen\" \/>\n<meta property=\"article:modified_time\" content=\"2026-02-10T11:06:32+00:00\" \/>\n<meta property=\"og:image\" content=\"https:\/\/vozolvapen.de\/wp-content\/uploads\/2025\/12\/Elfbar-Ice-King-30000-Cola_Ice.webp\" \/>\n\t<meta property=\"og:image:width\" content=\"1000\" \/>\n\t<meta property=\"og:image:height\" content=\"1000\" \/>\n\t<meta property=\"og:image:type\" content=\"image\/webp\" \/>\n<meta name=\"twitter:card\" content=\"summary_large_image\" \/>\n<meta name=\"twitter:label1\" content=\"Tiempo de lectura\" \/>\n\t<meta name=\"twitter:data1\" content=\"4 minutos\" \/>\n<script type=\"application\/ld+json\" class=\"yoast-schema-graph\">{\"@context\":\"https:\\\/\\\/schema.org\",\"@graph\":[{\"@type\":\"WebPage\",\"@id\":\"https:\\\/\\\/vozolvapen.de\\\/product\\\/elfbar-ice-king-30000-lime-cola\\\/\",\"url\":\"https:\\\/\\\/vozolvapen.de\\\/product\\\/elfbar-ice-king-30000-lime-cola\\\/\",\"name\":\"Lime Cola - Elfbar Ice King 30000 | Elfbar Ice King Soda - vozolvapen\",\"isPartOf\":{\"@id\":\"https:\\\/\\\/vozolvapen.de\\\/#website\"},\"primaryImageOfPage\":{\"@id\":\"https:\\\/\\\/vozolvapen.de\\\/product\\\/elfbar-ice-king-30000-lime-cola\\\/#primaryimage\"},\"image\":{\"@id\":\"https:\\\/\\\/vozolvapen.de\\\/product\\\/elfbar-ice-king-30000-lime-cola\\\/#primaryimage\"},\"thumbnailUrl\":\"https:\\\/\\\/vozolvapen.de\\\/wp-content\\\/uploads\\\/2025\\\/12\\\/Elfbar-Ice-King-30000-Cola_Ice.webp\",\"datePublished\":\"2025-12-19T10:51:31+00:00\",\"dateModified\":\"2026-02-10T11:06:32+00:00\",\"description\":\"Refreshing Lime Cola Elfbar Ice King 30000. Fizzy soda flavor with adjustable cooling levels. Fast delivery from local European warehouse. Buy today!\",\"breadcrumb\":{\"@id\":\"https:\\\/\\\/vozolvapen.de\\\/product\\\/elfbar-ice-king-30000-lime-cola\\\/#breadcrumb\"},\"inLanguage\":\"es\",\"potentialAction\":[{\"@type\":\"ReadAction\",\"target\":[\"https:\\\/\\\/vozolvapen.de\\\/product\\\/elfbar-ice-king-30000-lime-cola\\\/\"]}]},{\"@type\":\"ImageObject\",\"inLanguage\":\"es\",\"@id\":\"https:\\\/\\\/vozolvapen.de\\\/product\\\/elfbar-ice-king-30000-lime-cola\\\/#primaryimage\",\"url\":\"https:\\\/\\\/vozolvapen.de\\\/wp-content\\\/uploads\\\/2025\\\/12\\\/Elfbar-Ice-King-30000-Cola_Ice.webp\",\"contentUrl\":\"https:\\\/\\\/vozolvapen.de\\\/wp-content\\\/uploads\\\/2025\\\/12\\\/Elfbar-Ice-King-30000-Cola_Ice.webp\",\"width\":1000,\"height\":1000,\"caption\":\"Elfbar Ice King 30000 Cola Disposable Vape Device\"},{\"@type\":\"BreadcrumbList\",\"@id\":\"https:\\\/\\\/vozolvapen.de\\\/product\\\/elfbar-ice-king-30000-lime-cola\\\/#breadcrumb\",\"itemListElement\":[{\"@type\":\"ListItem\",\"position\":1,\"name\":\"Home\",\"item\":\"https:\\\/\\\/vozolvapen.de\\\/de\\\/\"},{\"@type\":\"ListItem\",\"position\":2,\"name\":\"Shop\",\"item\":\"https:\\\/\\\/vozolvapen.de\\\/shop\\\/\"},{\"@type\":\"ListItem\",\"position\":3,\"name\":\"Elfbar Ice King 30000 &#8211; Lime Cola\"}]},{\"@type\":\"WebSite\",\"@id\":\"https:\\\/\\\/vozolvapen.de\\\/#website\",\"url\":\"https:\\\/\\\/vozolvapen.de\\\/\",\"name\":\"vozolvapen\",\"description\":\"vozolvapen\",\"publisher\":{\"@id\":\"https:\\\/\\\/vozolvapen.de\\\/#organization\"},\"potentialAction\":[{\"@type\":\"SearchAction\",\"target\":{\"@type\":\"EntryPoint\",\"urlTemplate\":\"https:\\\/\\\/vozolvapen.de\\\/?s={search_term_string}\"},\"query-input\":{\"@type\":\"PropertyValueSpecification\",\"valueRequired\":true,\"valueName\":\"search_term_string\"}}],\"inLanguage\":\"es\"},{\"@type\":\"Organization\",\"@id\":\"https:\\\/\\\/vozolvapen.de\\\/#organization\",\"name\":\"vozolvapen\",\"url\":\"https:\\\/\\\/vozolvapen.de\\\/\",\"logo\":{\"@type\":\"ImageObject\",\"inLanguage\":\"es\",\"@id\":\"https:\\\/\\\/vozolvapen.de\\\/#\\\/schema\\\/logo\\\/image\\\/\",\"url\":\"https:\\\/\\\/vozolvapen.de\\\/wp-content\\\/uploads\\\/2025\\\/12\\\/cropped-vozovapen-logo.webp\",\"contentUrl\":\"https:\\\/\\\/vozolvapen.de\\\/wp-content\\\/uploads\\\/2025\\\/12\\\/cropped-vozovapen-logo.webp\",\"width\":470,\"height\":110,\"caption\":\"vozolvapen\"},\"image\":{\"@id\":\"https:\\\/\\\/vozolvapen.de\\\/#\\\/schema\\\/logo\\\/image\\\/\"}}]}<\/script>\n<!-- \/ Yoast SEO Premium plugin. -->","yoast_head_json":{"title":"Lime Cola - Elfbar Ice King 30000 | Elfbar Ice King Soda - vozolvapen","description":"Refrescante Lime Cola Elfbar Ice King 30000. Sabor a refresco con gas y niveles de enfriamiento ajustables. Entrega r\u00e1pida desde nuestro almac\u00e9n local en Europa. \u00a1C\u00f3mpralo hoy mismo!","robots":{"index":"index","follow":"follow","max-snippet":"max-snippet:-1","max-image-preview":"max-image-preview:large","max-video-preview":"max-video-preview:-1"},"canonical":"https:\/\/vozolvapen.de\/es\/product\/elfbar-ice-king-30000-lima-cola\/","og_locale":"es_ES","og_type":"article","og_title":"Elfbar Ice King 30000 - Lime Cola","og_description":"Refreshing Lime Cola Elfbar Ice King 30000. Fizzy soda flavor with adjustable cooling levels. Fast delivery from local European warehouse. Buy today!","og_url":"https:\/\/vozolvapen.de\/es\/product\/elfbar-ice-king-30000-lima-cola\/","og_site_name":"vozolvapen","article_modified_time":"2026-02-10T11:06:32+00:00","og_image":[{"width":1000,"height":1000,"url":"https:\/\/vozolvapen.de\/wp-content\/uploads\/2025\/12\/Elfbar-Ice-King-30000-Cola_Ice.webp","type":"image\/webp"}],"twitter_card":"summary_large_image","twitter_misc":{"Tiempo de lectura":"4 minutos"},"schema":{"@context":"https:\/\/schema.org","@graph":[{"@type":"WebPage","@id":"https:\/\/vozolvapen.de\/product\/elfbar-ice-king-30000-lime-cola\/","url":"https:\/\/vozolvapen.de\/product\/elfbar-ice-king-30000-lime-cola\/","name":"Lime Cola - Elfbar Ice King 30000 | Elfbar Ice King Soda - vozolvapen","isPartOf":{"@id":"https:\/\/vozolvapen.de\/#website"},"primaryImageOfPage":{"@id":"https:\/\/vozolvapen.de\/product\/elfbar-ice-king-30000-lime-cola\/#primaryimage"},"image":{"@id":"https:\/\/vozolvapen.de\/product\/elfbar-ice-king-30000-lime-cola\/#primaryimage"},"thumbnailUrl":"https:\/\/vozolvapen.de\/wp-content\/uploads\/2025\/12\/Elfbar-Ice-King-30000-Cola_Ice.webp","datePublished":"2025-12-19T10:51:31+00:00","dateModified":"2026-02-10T11:06:32+00:00","description":"Refrescante Lime Cola Elfbar Ice King 30000. Sabor a refresco con gas y niveles de enfriamiento ajustables. Entrega r\u00e1pida desde nuestro almac\u00e9n local en Europa. \u00a1C\u00f3mpralo hoy mismo!","breadcrumb":{"@id":"https:\/\/vozolvapen.de\/product\/elfbar-ice-king-30000-lime-cola\/#breadcrumb"},"inLanguage":"es","potentialAction":[{"@type":"ReadAction","target":["https:\/\/vozolvapen.de\/product\/elfbar-ice-king-30000-lime-cola\/"]}]},{"@type":"ImageObject","inLanguage":"es","@id":"https:\/\/vozolvapen.de\/product\/elfbar-ice-king-30000-lime-cola\/#primaryimage","url":"https:\/\/vozolvapen.de\/wp-content\/uploads\/2025\/12\/Elfbar-Ice-King-30000-Cola_Ice.webp","contentUrl":"https:\/\/vozolvapen.de\/wp-content\/uploads\/2025\/12\/Elfbar-Ice-King-30000-Cola_Ice.webp","width":1000,"height":1000,"caption":"Elfbar Ice King 30000 Cola Disposable Vape Device"},{"@type":"BreadcrumbList","@id":"https:\/\/vozolvapen.de\/product\/elfbar-ice-king-30000-lime-cola\/#breadcrumb","itemListElement":[{"@type":"ListItem","position":1,"name":"Home","item":"https:\/\/vozolvapen.de\/de\/"},{"@type":"ListItem","position":2,"name":"Shop","item":"https:\/\/vozolvapen.de\/shop\/"},{"@type":"ListItem","position":3,"name":"Elfbar Ice King 30000 &#8211; Lime Cola"}]},{"@type":"WebSite","@id":"https:\/\/vozolvapen.de\/#website","url":"https:\/\/vozolvapen.de\/","name":"vozolvapen","description":"vozolvapen","publisher":{"@id":"https:\/\/vozolvapen.de\/#organization"},"potentialAction":[{"@type":"SearchAction","target":{"@type":"EntryPoint","urlTemplate":"https:\/\/vozolvapen.de\/?s={search_term_string}"},"query-input":{"@type":"PropertyValueSpecification","valueRequired":true,"valueName":"search_term_string"}}],"inLanguage":"es"},{"@type":"Organization","@id":"https:\/\/vozolvapen.de\/#organization","name":"vozolvapen","url":"https:\/\/vozolvapen.de\/","logo":{"@type":"ImageObject","inLanguage":"es","@id":"https:\/\/vozolvapen.de\/#\/schema\/logo\/image\/","url":"https:\/\/vozolvapen.de\/wp-content\/uploads\/2025\/12\/cropped-vozovapen-logo.webp","contentUrl":"https:\/\/vozolvapen.de\/wp-content\/uploads\/2025\/12\/cropped-vozovapen-logo.webp","width":470,"height":110,"caption":"vozolvapen"},"image":{"@id":"https:\/\/vozolvapen.de\/#\/schema\/logo\/image\/"}}]}},"tiered_pricing_type":"fixed","tiered_pricing_fixed_rules":{"30":"15.78","50":"12.78","100":"11.78","200":"10.78"},"tiered_pricing_product_settings":{"layout":"default","base_unit_name":{"singular":null,"plural":null},"default_variation":null},"tiered_pricing_minimum_quantity":10,"tiered_pricing_roles_data":[],"tiered_pricing_percentage_rules":[],"tiered_pricing_maximum_quantity":null,"tiered_pricing_quantity_step":"10","_links":{"self":[{"href":"https:\/\/vozolvapen.de\/es\/wp-json\/wp\/v2\/product\/37909","targetHints":{"allow":["GET"]}}],"collection":[{"href":"https:\/\/vozolvapen.de\/es\/wp-json\/wp\/v2\/product"}],"about":[{"href":"https:\/\/vozolvapen.de\/es\/wp-json\/wp\/v2\/types\/product"}],"replies":[{"embeddable":true,"href":"https:\/\/vozolvapen.de\/es\/wp-json\/wp\/v2\/comments?post=37909"}],"wp:featuredmedia":[{"embeddable":true,"href":"https:\/\/vozolvapen.de\/es\/wp-json\/wp\/v2\/media\/37993"}],"wp:attachment":[{"href":"https:\/\/vozolvapen.de\/es\/wp-json\/wp\/v2\/media?parent=37909"}],"wp:term":[{"taxonomy":"product_brand","embeddable":true,"href":"https:\/\/vozolvapen.de\/es\/wp-json\/wp\/v2\/product_brand?post=37909"},{"taxonomy":"product_cat","embeddable":true,"href":"https:\/\/vozolvapen.de\/es\/wp-json\/wp\/v2\/product_cat?post=37909"},{"taxonomy":"product_tag","embeddable":true,"href":"https:\/\/vozolvapen.de\/es\/wp-json\/wp\/v2\/product_tag?post=37909"}],"curies":[{"name":"wp","href":"https:\/\/api.w.org\/{rel}","templated":true}]}}