{"id":38233,"date":"2025-12-20T07:37:29","date_gmt":"2025-12-20T07:37:29","guid":{"rendered":"https:\/\/vozolvapen.de\/?post_type=product&#038;p=38233"},"modified":"2026-02-10T11:05:52","modified_gmt":"2026-02-10T11:05:52","slug":"elfbar-sweet-king-30000-jazmin-y-frambuesa","status":"publish","type":"product","link":"https:\/\/vozolvapen.de\/es\/product\/elfbar-sweet-king-30000-jasmine-raspberry\/","title":{"rendered":"ELFBAR Sweet King 30000 \u2013 Jazm\u00edn y frambuesa"},"content":{"rendered":"<h1>ELFBAR Sweet King 30000 \u2013 Jazm\u00edn y frambuesa<\/h1>\n<p data-path-to-node=\"7\"><b data-path-to-node=\"7\" data-index-in-node=\"0\">Una elegante infusi\u00f3n de flores y bayas<\/b> Para el vapeador sofisticado, <b data-path-to-node=\"7\" data-index-in-node=\"64\">Jazm\u00edn y frambuesa<\/b> ofrece un delicado viaje arom\u00e1tico. Las notas fragantes del t\u00e9 de jazm\u00edn se complementan a la perfecci\u00f3n con la acidez de las frambuesas frescas. Este <b data-path-to-node=\"7\" data-index-in-node=\"220\">ELFBAR Sweet King<\/b> El sabor destaca en el nivel de dulzor 0, lo que permite que los ingredientes bot\u00e1nicos florales naturales cobren protagonismo. Entrega r\u00e1pida en 1-3 d\u00edas a trav\u00e9s de <b data-path-to-node=\"7\" data-index-in-node=\"361\">elfbar germany<\/b>.<\/p>\n<h2 data-path-to-node=\"15,2,0\"><b data-path-to-node=\"15,2,0\" data-index-in-node=\"0\">Veredicto sobre el sabor<\/b><\/h2>\n<ul>\n<li>\n<p data-path-to-node=\"19,2,0\">Arom\u00e1tico y refinado. Recomendamos <b data-path-to-node=\"19,2,0\" data-index-in-node=\"51\">Nivel de dulzor 0<\/b> para apreciar las delicadas notas florales.<\/p>\n<\/li>\n<li>\n<p data-path-to-node=\"19,3,0\"><b data-path-to-node=\"19,3,0\" data-index-in-node=\"0\">Calificaci\u00f3n:<\/b> Dulzor: \u2605\u2605\u2606\u2606\u2606 | Refrescante: \u2605\u2606\u2606\u2606\u2606 | Aroma: \u2605\u2605\u2605\u2605\u2605<\/p>\n<\/li>\n<\/ul>\n<h2 data-path-to-node=\"3\"><b data-path-to-node=\"3\" data-index-in-node=\"0\">Especificaciones t\u00e9cnicas: ELFBAR Sweet King 30000<\/b><\/h2>\n<table data-path-to-node=\"4\">\n<thead>\n<tr>\n<td><strong>Caracter\u00edstica<\/strong><\/td>\n<td><strong>Detalles de las especificaciones<\/strong><\/td>\n<\/tr>\n<\/thead>\n<tbody>\n<tr>\n<td><span data-path-to-node=\"4,1,0,0\"><b data-path-to-node=\"4,1,0,0\" data-index-in-node=\"0\">Modelo<\/b><\/span><\/td>\n<td><span data-path-to-node=\"4,1,1,0\"><b data-path-to-node=\"4,1,1,0\" data-index-in-node=\"0\">ELFBAR Sweet King 30000<\/b><\/span><\/td>\n<\/tr>\n<tr>\n<td><span data-path-to-node=\"4,2,0,0\"><b data-path-to-node=\"4,2,0,0\" data-index-in-node=\"0\">Recuento de bocanadas<\/b><\/span><\/td>\n<td><span data-path-to-node=\"4,2,1,0\">Hasta <b data-path-to-node=\"4,2,1,0\" data-index-in-node=\"6\">30,000 Puffs<\/b><\/span><\/td>\n<\/tr>\n<tr>\n<td><span data-path-to-node=\"4,3,0,0\"><b data-path-to-node=\"4,3,0,0\" data-index-in-node=\"0\">Capacidad del l\u00edquido electr\u00f3nico<\/b><\/span><\/td>\n<td><span data-path-to-node=\"4,3,1,0\"><b data-path-to-node=\"4,3,1,0\" data-index-in-node=\"0\">30 ml<\/b> Premium <b data-path-to-node=\"4,3,1,0\" data-index-in-node=\"13\">L\u00edquido Elfbar<\/b><\/span><\/td>\n<\/tr>\n<tr>\n<td><span data-path-to-node=\"4,4,0,0\"><b data-path-to-node=\"4,4,0,0\" data-index-in-node=\"0\">Control de dulzor<\/b><\/span><\/td>\n<td><span data-path-to-node=\"4,4,1,0\"><b data-path-to-node=\"4,4,1,0\" data-index-in-node=\"0\">Control deslizante personalizado de 4 niveles<\/b> (Nivel 0 \u2013 3)<\/span><\/td>\n<\/tr>\n<tr>\n<td><span data-path-to-node=\"4,5,0,0\"><b data-path-to-node=\"4,5,0,0\" data-index-in-node=\"0\">Tecnolog\u00eda de bobinas<\/b><\/span><\/td>\n<td><span data-path-to-node=\"4,5,1,0\"><b data-path-to-node=\"4,5,1,0\" data-index-in-node=\"0\">Bobina de malla triple<\/b> (Sabor y vapor mejorados)<\/span><\/td>\n<\/tr>\n<tr>\n<td><span data-path-to-node=\"4,6,0,0\"><b data-path-to-node=\"4,6,0,0\" data-index-in-node=\"0\">Sistema central<\/b><\/span><\/td>\n<td><span data-path-to-node=\"4,6,1,0\">Rendimiento de doble n\u00facleo<\/span><\/td>\n<\/tr>\n<tr>\n<td><span data-path-to-node=\"4,7,0,0\"><b data-path-to-node=\"4,7,0,0\" data-index-in-node=\"0\">Capacidad de la bater\u00eda<\/b><\/span><\/td>\n<td><span data-path-to-node=\"4,7,1,0\">850 mAh (recargable)<\/span><\/td>\n<\/tr>\n<tr>\n<td><span data-path-to-node=\"4,8,0,0\"><b data-path-to-node=\"4,8,0,0\" data-index-in-node=\"0\">Puerto de carga<\/b><\/span><\/td>\n<td><span data-path-to-node=\"4,8,1,0\">Carga r\u00e1pida tipo C<\/span><\/td>\n<\/tr>\n<tr>\n<td><span data-path-to-node=\"4,9,0,0\"><b data-path-to-node=\"4,9,0,0\" data-index-in-node=\"0\">Pantalla<\/b><\/span><\/td>\n<td><span data-path-to-node=\"4,9,1,0\">Pantalla inteligente de potencia y nivel de l\u00edquido<\/span><\/td>\n<\/tr>\n<tr>\n<td><span data-path-to-node=\"4,10,0,0\"><b data-path-to-node=\"4,10,0,0\" data-index-in-node=\"0\">Concentraci\u00f3n de nicotina<\/b><\/span><\/td>\n<td><span data-path-to-node=\"4,10,1,0\">5% (50 mg\/ml) Sal de nicotina<\/span><\/td>\n<\/tr>\n<tr>\n<td><span data-path-to-node=\"4,11,0,0\"><b data-path-to-node=\"4,11,0,0\" data-index-in-node=\"0\">Env\u00edo<\/b><\/span><\/td>\n<td><span data-path-to-node=\"4,11,1,0\"><b data-path-to-node=\"4,11,1,0\" data-index-in-node=\"0\">Almac\u00e9n alem\u00e1n<\/b> (Entrega en 1-3 d\u00edas)<\/span><\/td>\n<\/tr>\n<\/tbody>\n<\/table>\n<h2 data-path-to-node=\"6\"><b data-path-to-node=\"6\" data-index-in-node=\"0\">Dominando al Rey Dulce: Ajustes personalizados<\/b><\/h2>\n<p data-path-to-node=\"7\">Para sacar el m\u00e1ximo partido a tu <b data-path-to-node=\"7\" data-index-in-node=\"28\">Elfbar 30k<\/b>, te recomendamos que pruebes los controles integrados para encontrar tu \u201cpunto \u00f3ptimo\u201d:<\/p>\n<ul data-path-to-node=\"8\">\n<li>\n<p data-path-to-node=\"8,0,0\"><b data-path-to-node=\"8,0,0\" data-index-in-node=\"0\">Para el naturalista (Nivel 0 \u2013 1):<\/b> Ideal para sabores como <i data-path-to-node=\"8,0,0\" data-index-in-node=\"56\">Jazm\u00edn y frambuesa<\/i> o <i data-path-to-node=\"8,0,0\" data-index-in-node=\"77\">Menta de agujas de pino<\/i>. Este ajuste reduce la intensidad del az\u00facar, permitiendo que destaquen las delicadas notas florales y herbales.<\/p>\n<\/li>\n<li>\n<p data-path-to-node=\"8,1,0\"><b data-path-to-node=\"8,1,0\" data-index-in-node=\"0\">Para los amantes de los dulces (Nivel 2-3):<\/b> Ideal para <i data-path-to-node=\"8,1,0\" data-index-in-node=\"45\">Hielo de uva<\/i> o <i data-path-to-node=\"8,1,0\" data-index-in-node=\"58\">Manzana Sand\u00eda<\/i>. Esto imita el sabor rico y saturado de las gominolas de fruta o los refrescos fr\u00edos.<\/p>\n<\/li>\n<li>\n<p data-path-to-node=\"8,2,0\"><b data-path-to-node=\"8,2,0\" data-index-in-node=\"0\">Flujo de aire y potencia:<\/b> Abre el flujo de aire para obtener nubes m\u00e1s grandes y una calada m\u00e1s fresca, o restr\u00edngelo para obtener una liberaci\u00f3n de nicotina m\u00e1s intensa y concentrada.<\/p>\n<\/li>\n<\/ul>\n<h3 data-path-to-node=\"32\"><b data-path-to-node=\"32\" data-index-in-node=\"0\">\u00bfPor qu\u00e9 comprar el ELFBAR Sweet King 30000 con nosotros?<\/b><\/h3>\n<ul data-path-to-node=\"33\">\n<li>\n<p data-path-to-node=\"33,0,0\"><b data-path-to-node=\"33,0,0\" data-index-in-node=\"0\">Autenticidad:<\/b> 100% Genuino <b data-path-to-node=\"33,0,0\" data-index-in-node=\"27\">C\u00e1psula Elfbar<\/b> productos con c\u00f3digos de seguridad.<\/p>\n<\/li>\n<li>\n<p data-path-to-node=\"33,1,0\"><b data-path-to-node=\"33,1,0\" data-index-in-node=\"0\">Almac\u00e9n de Alemania:<\/b> Env\u00edo r\u00e1pido y fiable a trav\u00e9s de <b data-path-to-node=\"33,1,0\" data-index-in-node=\"54\">elfbar germany<\/b> red.<\/p>\n<\/li>\n<li>\n<p data-path-to-node=\"33,2,0\"><b data-path-to-node=\"33,2,0\" data-index-in-node=\"0\">Ahorros masivos:<\/b> 30 000 caladas significa que un dispositivo dura m\u00e1s que 15 desechables est\u00e1ndar.<\/p>\n<\/li>\n<\/ul>\n<h3 data-path-to-node=\"34\"><b data-path-to-node=\"34\" data-index-in-node=\"0\">Preguntas frecuentes:<\/b><\/h3>\n<ul data-path-to-node=\"35\">\n<li>\n<p data-path-to-node=\"35,0,0\"><b data-path-to-node=\"35,0,0\" data-index-in-node=\"0\">P: \u00bfQu\u00e9 es el nivel de dulzor 0?<\/b><\/p>\n<ul data-path-to-node=\"35,0,1\">\n<li>\n<p data-path-to-node=\"35,0,1,0,0\">R: Es el modo \u201cNatural\u201d, en el que se saborea la esencia pura de la fruta sin la intensidad del az\u00facar a\u00f1adido.<\/p>\n<\/li>\n<\/ul>\n<\/li>\n<li>\n<p data-path-to-node=\"35,1,0\"><b data-path-to-node=\"35,1,0\" data-index-in-node=\"0\">P: \u00bfCu\u00e1nto tarda el env\u00edo a Alemania?<\/b><\/p>\n<ul data-path-to-node=\"35,1,1\">\n<li>\n<p data-path-to-node=\"35,1,1,0,0\">R: Ofrecemos env\u00edos en 1-3 d\u00edas desde nuestro almac\u00e9n local en Europa.<\/p>\n<\/li>\n<\/ul>\n<\/li>\n<li>\n<p data-path-to-node=\"35,2,0\"><b data-path-to-node=\"35,2,0\" data-index-in-node=\"0\">P: \u00bfSe puede ajustar el nivel de nicotina?<\/b><\/p>\n<ul data-path-to-node=\"35,2,1\">\n<li>\n<p data-path-to-node=\"35,2,1,0,0\">R: El dispositivo viene con un 5% (50 mg) de primera calidad. <b data-path-to-node=\"35,2,1,0,0\" data-index-in-node=\"45\">elfbar liquid<\/b> para un golpe de garganta consistente.<\/p>\n<\/li>\n<\/ul>\n<\/li>\n<\/ul>\n<h3 dir=\"auto\">Aqu\u00ed tienes m\u00e1s recomendaciones para ti:<\/h3>\n<p dir=\"auto\">\u00a1Descubre sabores a\u00fan m\u00e1s incre\u00edbles con el vaporizador ELFBAR Sweet King 30000 Puffs!<\/p>\n<p dir=\"auto\"><a href=\"https:\/\/vozolvapen.de\/es\/categoria-de-producto\/elfbar-vape\/elfbar-sweet-king-30000-vape\/\">Ver todas las variedades aqu\u00ed \u2192<\/a><\/p>\n<p dir=\"auto\">Explora nuestra colecci\u00f3n completa y compra las mejores marcas de vapeo que te encantar\u00e1n.<\/p>\n<p dir=\"auto\"><a href=\"https:\/\/vozolvapen.de\/es\/\">Explora todas las marcas ahora \u2192<\/a><\/p>\n<p dir=\"auto\">\u00a1Echa un vistazo a la serie completa Bang Vape: todos los sabores, todos los estilos!<\/p>\n<p dir=\"auto\"><a href=\"https:\/\/vozolvapen.de\/es\/categoria-de-producto\/elfbar-vape\/\">Ver la colecci\u00f3n completa de Elfbar Vape \u2192<\/a><\/p>","protected":false},"excerpt":{"rendered":"<p><b data-path-to-node=\"3,2,0\" data-index-in-node=\"0\">Jazm\u00edn y frambuesa:<\/b> Una elegante fusi\u00f3n floral de t\u00e9 de jazm\u00edn y frambuesa \u00e1cida. Se disfruta mejor con un nivel de dulzor 0 para obtener un sabor refinado y arom\u00e1tico. <b data-path-to-node=\"3,2,0\" data-index-in-node=\"138\">elfbar pod<\/b> experiencia.<\/p>","protected":false},"featured_media":38299,"comment_status":"open","ping_status":"closed","template":"","meta":{"_acf_changed":false},"product_brand":[],"product_cat":[88,134],"product_tag":[],"class_list":{"0":"post-38233","1":"product","2":"type-product","3":"status-publish","4":"has-post-thumbnail","6":"product_cat-elfbar-sweet-king-30000-vape","7":"product_cat-eu-warehouse-in-stock","9":"first","10":"instock","11":"shipping-taxable","12":"purchasable","13":"product-type-variable"},"acf":[],"yoast_head":"<!-- This site is optimized with the Yoast SEO Premium plugin v26.1 (Yoast SEO v27.5) - https:\/\/yoast.com\/product\/yoast-seo-premium-wordpress\/ -->\n<title>Jasmine Raspberry - ELFBAR Sweet King 30000 | Elfbar Pod - vozolvapen<\/title>\n<meta name=\"description\" content=\"Floral Jasmine meets tart Raspberry in the ELFBAR Sweet King 30000. Customize your sweetness from level 0-3. Local EU stock, fast shipping.\" \/>\n<meta name=\"robots\" content=\"index, follow, max-snippet:-1, max-image-preview:large, max-video-preview:-1\" \/>\n<link rel=\"canonical\" href=\"https:\/\/vozolvapen.de\/es\/product\/elfbar-sweet-king-30000-jazmin-y-frambuesa\/\" \/>\n<meta property=\"og:locale\" content=\"es_ES\" \/>\n<meta property=\"og:type\" content=\"article\" \/>\n<meta property=\"og:title\" content=\"ELFBAR Sweet King 30000 - Jasmine Raspberry\" \/>\n<meta property=\"og:description\" content=\"Floral Jasmine meets tart Raspberry in the ELFBAR Sweet King 30000. Customize your sweetness from level 0-3. Local EU stock, fast shipping.\" \/>\n<meta property=\"og:url\" content=\"https:\/\/vozolvapen.de\/es\/product\/elfbar-sweet-king-30000-jazmin-y-frambuesa\/\" \/>\n<meta property=\"og:site_name\" content=\"vozolvapen\" \/>\n<meta property=\"article:modified_time\" content=\"2026-02-10T11:05:52+00:00\" \/>\n<meta property=\"og:image\" content=\"https:\/\/vozolvapen.de\/wp-content\/uploads\/2025\/12\/ELFBAR-Sweet-King-30000-Triple-Mango.webp\" \/>\n\t<meta property=\"og:image:width\" content=\"1080\" \/>\n\t<meta property=\"og:image:height\" content=\"1080\" \/>\n\t<meta property=\"og:image:type\" content=\"image\/webp\" \/>\n<meta name=\"twitter:card\" content=\"summary_large_image\" \/>\n<meta name=\"twitter:label1\" content=\"Tiempo de lectura\" \/>\n\t<meta name=\"twitter:data1\" content=\"3 minutos\" \/>\n<script type=\"application\/ld+json\" class=\"yoast-schema-graph\">{\"@context\":\"https:\\\/\\\/schema.org\",\"@graph\":[{\"@type\":\"WebPage\",\"@id\":\"https:\\\/\\\/vozolvapen.de\\\/product\\\/elfbar-sweet-king-30000-jasmine-raspberry\\\/\",\"url\":\"https:\\\/\\\/vozolvapen.de\\\/product\\\/elfbar-sweet-king-30000-jasmine-raspberry\\\/\",\"name\":\"Jasmine Raspberry - ELFBAR Sweet King 30000 | Elfbar Pod - vozolvapen\",\"isPartOf\":{\"@id\":\"https:\\\/\\\/vozolvapen.de\\\/#website\"},\"primaryImageOfPage\":{\"@id\":\"https:\\\/\\\/vozolvapen.de\\\/product\\\/elfbar-sweet-king-30000-jasmine-raspberry\\\/#primaryimage\"},\"image\":{\"@id\":\"https:\\\/\\\/vozolvapen.de\\\/product\\\/elfbar-sweet-king-30000-jasmine-raspberry\\\/#primaryimage\"},\"thumbnailUrl\":\"https:\\\/\\\/vozolvapen.de\\\/wp-content\\\/uploads\\\/2025\\\/12\\\/ELFBAR-Sweet-King-30000-Triple-Mango.webp\",\"datePublished\":\"2025-12-20T07:37:29+00:00\",\"dateModified\":\"2026-02-10T11:05:52+00:00\",\"description\":\"Floral Jasmine meets tart Raspberry in the ELFBAR Sweet King 30000. Customize your sweetness from level 0-3. Local EU stock, fast shipping.\",\"breadcrumb\":{\"@id\":\"https:\\\/\\\/vozolvapen.de\\\/product\\\/elfbar-sweet-king-30000-jasmine-raspberry\\\/#breadcrumb\"},\"inLanguage\":\"es\",\"potentialAction\":[{\"@type\":\"ReadAction\",\"target\":[\"https:\\\/\\\/vozolvapen.de\\\/product\\\/elfbar-sweet-king-30000-jasmine-raspberry\\\/\"]}]},{\"@type\":\"ImageObject\",\"inLanguage\":\"es\",\"@id\":\"https:\\\/\\\/vozolvapen.de\\\/product\\\/elfbar-sweet-king-30000-jasmine-raspberry\\\/#primaryimage\",\"url\":\"https:\\\/\\\/vozolvapen.de\\\/wp-content\\\/uploads\\\/2025\\\/12\\\/ELFBAR-Sweet-King-30000-Triple-Mango.webp\",\"contentUrl\":\"https:\\\/\\\/vozolvapen.de\\\/wp-content\\\/uploads\\\/2025\\\/12\\\/ELFBAR-Sweet-King-30000-Triple-Mango.webp\",\"width\":1080,\"height\":1080,\"caption\":\"Elfbar Sweet King 30000 Triple Mango Disposable Vape Device\"},{\"@type\":\"BreadcrumbList\",\"@id\":\"https:\\\/\\\/vozolvapen.de\\\/product\\\/elfbar-sweet-king-30000-jasmine-raspberry\\\/#breadcrumb\",\"itemListElement\":[{\"@type\":\"ListItem\",\"position\":1,\"name\":\"Home\",\"item\":\"https:\\\/\\\/vozolvapen.de\\\/de\\\/\"},{\"@type\":\"ListItem\",\"position\":2,\"name\":\"Shop\",\"item\":\"https:\\\/\\\/vozolvapen.de\\\/shop\\\/\"},{\"@type\":\"ListItem\",\"position\":3,\"name\":\"ELFBAR Sweet King 30000 &#8211; Jasmine Raspberry\"}]},{\"@type\":\"WebSite\",\"@id\":\"https:\\\/\\\/vozolvapen.de\\\/#website\",\"url\":\"https:\\\/\\\/vozolvapen.de\\\/\",\"name\":\"vozolvapen\",\"description\":\"vozolvapen\",\"publisher\":{\"@id\":\"https:\\\/\\\/vozolvapen.de\\\/#organization\"},\"potentialAction\":[{\"@type\":\"SearchAction\",\"target\":{\"@type\":\"EntryPoint\",\"urlTemplate\":\"https:\\\/\\\/vozolvapen.de\\\/?s={search_term_string}\"},\"query-input\":{\"@type\":\"PropertyValueSpecification\",\"valueRequired\":true,\"valueName\":\"search_term_string\"}}],\"inLanguage\":\"es\"},{\"@type\":\"Organization\",\"@id\":\"https:\\\/\\\/vozolvapen.de\\\/#organization\",\"name\":\"vozolvapen\",\"url\":\"https:\\\/\\\/vozolvapen.de\\\/\",\"logo\":{\"@type\":\"ImageObject\",\"inLanguage\":\"es\",\"@id\":\"https:\\\/\\\/vozolvapen.de\\\/#\\\/schema\\\/logo\\\/image\\\/\",\"url\":\"https:\\\/\\\/vozolvapen.de\\\/wp-content\\\/uploads\\\/2025\\\/12\\\/cropped-vozovapen-logo.webp\",\"contentUrl\":\"https:\\\/\\\/vozolvapen.de\\\/wp-content\\\/uploads\\\/2025\\\/12\\\/cropped-vozovapen-logo.webp\",\"width\":470,\"height\":110,\"caption\":\"vozolvapen\"},\"image\":{\"@id\":\"https:\\\/\\\/vozolvapen.de\\\/#\\\/schema\\\/logo\\\/image\\\/\"}}]}<\/script>\n<!-- \/ Yoast SEO Premium plugin. -->","yoast_head_json":{"title":"Jasmine Raspberry - ELFBAR Sweet King 30000 | Elfbar Pod - vozolvapen","description":"El jazm\u00edn floral se combina con la frambuesa \u00e1cida en ELFBAR Sweet King 30000. Personaliza tu dulzor del nivel 0 al 3. Stock local en la UE, env\u00edo r\u00e1pido.","robots":{"index":"index","follow":"follow","max-snippet":"max-snippet:-1","max-image-preview":"max-image-preview:large","max-video-preview":"max-video-preview:-1"},"canonical":"https:\/\/vozolvapen.de\/es\/product\/elfbar-sweet-king-30000-jazmin-y-frambuesa\/","og_locale":"es_ES","og_type":"article","og_title":"ELFBAR Sweet King 30000 - Jasmine Raspberry","og_description":"Floral Jasmine meets tart Raspberry in the ELFBAR Sweet King 30000. Customize your sweetness from level 0-3. Local EU stock, fast shipping.","og_url":"https:\/\/vozolvapen.de\/es\/product\/elfbar-sweet-king-30000-jazmin-y-frambuesa\/","og_site_name":"vozolvapen","article_modified_time":"2026-02-10T11:05:52+00:00","og_image":[{"width":1080,"height":1080,"url":"https:\/\/vozolvapen.de\/wp-content\/uploads\/2025\/12\/ELFBAR-Sweet-King-30000-Triple-Mango.webp","type":"image\/webp"}],"twitter_card":"summary_large_image","twitter_misc":{"Tiempo de lectura":"3 minutos"},"schema":{"@context":"https:\/\/schema.org","@graph":[{"@type":"WebPage","@id":"https:\/\/vozolvapen.de\/product\/elfbar-sweet-king-30000-jasmine-raspberry\/","url":"https:\/\/vozolvapen.de\/product\/elfbar-sweet-king-30000-jasmine-raspberry\/","name":"Jasmine Raspberry - ELFBAR Sweet King 30000 | Elfbar Pod - vozolvapen","isPartOf":{"@id":"https:\/\/vozolvapen.de\/#website"},"primaryImageOfPage":{"@id":"https:\/\/vozolvapen.de\/product\/elfbar-sweet-king-30000-jasmine-raspberry\/#primaryimage"},"image":{"@id":"https:\/\/vozolvapen.de\/product\/elfbar-sweet-king-30000-jasmine-raspberry\/#primaryimage"},"thumbnailUrl":"https:\/\/vozolvapen.de\/wp-content\/uploads\/2025\/12\/ELFBAR-Sweet-King-30000-Triple-Mango.webp","datePublished":"2025-12-20T07:37:29+00:00","dateModified":"2026-02-10T11:05:52+00:00","description":"El jazm\u00edn floral se combina con la frambuesa \u00e1cida en ELFBAR Sweet King 30000. Personaliza tu dulzor del nivel 0 al 3. Stock local en la UE, env\u00edo r\u00e1pido.","breadcrumb":{"@id":"https:\/\/vozolvapen.de\/product\/elfbar-sweet-king-30000-jasmine-raspberry\/#breadcrumb"},"inLanguage":"es","potentialAction":[{"@type":"ReadAction","target":["https:\/\/vozolvapen.de\/product\/elfbar-sweet-king-30000-jasmine-raspberry\/"]}]},{"@type":"ImageObject","inLanguage":"es","@id":"https:\/\/vozolvapen.de\/product\/elfbar-sweet-king-30000-jasmine-raspberry\/#primaryimage","url":"https:\/\/vozolvapen.de\/wp-content\/uploads\/2025\/12\/ELFBAR-Sweet-King-30000-Triple-Mango.webp","contentUrl":"https:\/\/vozolvapen.de\/wp-content\/uploads\/2025\/12\/ELFBAR-Sweet-King-30000-Triple-Mango.webp","width":1080,"height":1080,"caption":"Elfbar Sweet King 30000 Triple Mango Disposable Vape Device"},{"@type":"BreadcrumbList","@id":"https:\/\/vozolvapen.de\/product\/elfbar-sweet-king-30000-jasmine-raspberry\/#breadcrumb","itemListElement":[{"@type":"ListItem","position":1,"name":"Home","item":"https:\/\/vozolvapen.de\/de\/"},{"@type":"ListItem","position":2,"name":"Shop","item":"https:\/\/vozolvapen.de\/shop\/"},{"@type":"ListItem","position":3,"name":"ELFBAR Sweet King 30000 &#8211; Jasmine Raspberry"}]},{"@type":"WebSite","@id":"https:\/\/vozolvapen.de\/#website","url":"https:\/\/vozolvapen.de\/","name":"vozolvapen","description":"vozolvapen","publisher":{"@id":"https:\/\/vozolvapen.de\/#organization"},"potentialAction":[{"@type":"SearchAction","target":{"@type":"EntryPoint","urlTemplate":"https:\/\/vozolvapen.de\/?s={search_term_string}"},"query-input":{"@type":"PropertyValueSpecification","valueRequired":true,"valueName":"search_term_string"}}],"inLanguage":"es"},{"@type":"Organization","@id":"https:\/\/vozolvapen.de\/#organization","name":"vozolvapen","url":"https:\/\/vozolvapen.de\/","logo":{"@type":"ImageObject","inLanguage":"es","@id":"https:\/\/vozolvapen.de\/#\/schema\/logo\/image\/","url":"https:\/\/vozolvapen.de\/wp-content\/uploads\/2025\/12\/cropped-vozovapen-logo.webp","contentUrl":"https:\/\/vozolvapen.de\/wp-content\/uploads\/2025\/12\/cropped-vozovapen-logo.webp","width":470,"height":110,"caption":"vozolvapen"},"image":{"@id":"https:\/\/vozolvapen.de\/#\/schema\/logo\/image\/"}}]}},"tiered_pricing_type":"fixed","tiered_pricing_fixed_rules":{"30":"14.78","50":"12.28","100":"11.78","200":"10.78"},"tiered_pricing_product_settings":{"layout":"default","base_unit_name":{"singular":null,"plural":null},"default_variation":{}},"tiered_pricing_minimum_quantity":10,"tiered_pricing_roles_data":[],"tiered_pricing_percentage_rules":[],"tiered_pricing_maximum_quantity":null,"tiered_pricing_quantity_step":"5","_links":{"self":[{"href":"https:\/\/vozolvapen.de\/es\/wp-json\/wp\/v2\/product\/38233","targetHints":{"allow":["GET"]}}],"collection":[{"href":"https:\/\/vozolvapen.de\/es\/wp-json\/wp\/v2\/product"}],"about":[{"href":"https:\/\/vozolvapen.de\/es\/wp-json\/wp\/v2\/types\/product"}],"replies":[{"embeddable":true,"href":"https:\/\/vozolvapen.de\/es\/wp-json\/wp\/v2\/comments?post=38233"}],"wp:featuredmedia":[{"embeddable":true,"href":"https:\/\/vozolvapen.de\/es\/wp-json\/wp\/v2\/media\/38299"}],"wp:attachment":[{"href":"https:\/\/vozolvapen.de\/es\/wp-json\/wp\/v2\/media?parent=38233"}],"wp:term":[{"taxonomy":"product_brand","embeddable":true,"href":"https:\/\/vozolvapen.de\/es\/wp-json\/wp\/v2\/product_brand?post=38233"},{"taxonomy":"product_cat","embeddable":true,"href":"https:\/\/vozolvapen.de\/es\/wp-json\/wp\/v2\/product_cat?post=38233"},{"taxonomy":"product_tag","embeddable":true,"href":"https:\/\/vozolvapen.de\/es\/wp-json\/wp\/v2\/product_tag?post=38233"}],"curies":[{"name":"wp","href":"https:\/\/api.w.org\/{rel}","templated":true}]}}