{"id":42859,"date":"2025-12-23T06:41:47","date_gmt":"2025-12-23T06:41:47","guid":{"rendered":"https:\/\/vozolvapen.de\/?post_type=product&#038;p=42859"},"modified":"2026-05-04T13:42:12","modified_gmt":"2026-05-04T13:42:12","slug":"jnr-mega-caja-25000-limon-lima","status":"publish","type":"product","link":"https:\/\/vozolvapen.de\/es\/product\/jnr-mega-box-25000-lemon-lime\/","title":{"rendered":"JNR Mega Box 25000 \u2013 LIM\u00d3N Y LIMA"},"content":{"rendered":"<h1 data-path-to-node=\"7\"><b data-path-to-node=\"7\" data-index-in-node=\"0\">JNR Mega Box 25000 \u2013 Sabor a lim\u00f3n y lima<\/b><\/h1>\n<p data-path-to-node=\"8\">Lemon &amp; Lime es el d\u00fao c\u00edtrico m\u00e1s refrescante de la <b data-path-to-node=\"8\" data-index-in-node=\"54\">caja mega jnr 25k<\/b> \u00a1Nueva gama! Este sabor combina la intensidad electrizante de los limones frescos con el toque \u00e1cido y brillante de la lima. Es una experiencia limpia que refresca el paladar, perfecta para quienes disfrutan del equilibrio entre lo \u00e1cido y lo dulce.<\/p>\n<h2 data-path-to-node=\"9\"><b data-path-to-node=\"9\" data-index-in-node=\"0\">\u00bfPor qu\u00e9 elegir JNR Mega Box 25000 Lim\u00f3n y Lima?<\/b><\/h2>\n<ul data-path-to-node=\"10\">\n<li>\n<p data-path-to-node=\"10,0,0\"><b data-path-to-node=\"10,0,0\" data-index-in-node=\"0\">Precisi\u00f3n c\u00edtrica:<\/b> La resistencia Mesh Coil de 1,0 \u03a9 libera los aceites esenciales de los c\u00edtricos para ofrecer un sabor vibrante y realista.<\/p>\n<\/li>\n<li>\n<p data-path-to-node=\"10,1,0\"><b data-path-to-node=\"10,1,0\" data-index-in-node=\"0\">Env\u00edo r\u00e1pido a la UE:<\/b> Enviado desde nuestro <b data-path-to-node=\"10,1,0\" data-index-in-node=\"35\">Almac\u00e9n europeo<\/b>, que llegar\u00e1 a su puerta en solo 1-3 d\u00edas.<\/p>\n<\/li>\n<li>\n<p data-path-to-node=\"10,2,0\"><b data-path-to-node=\"10,2,0\" data-index-in-node=\"0\">Satisfacci\u00f3n intensa:<\/b> El sistema de doble n\u00facleo garantiza que las notas c\u00edtricas se mantengan intensas y nunca se vuelvan amargas.<\/p>\n<\/li>\n<\/ul>\n<h2>Especificaciones clave de JNR MEGA BOX 25000 de un vistazo<\/h2>\n<table data-path-to-node=\"78\">\n<thead>\n<tr>\n<td><strong>Par\u00e1metro<\/strong><\/td>\n<td><strong>Detalle<\/strong><\/td>\n<td><strong>Destacar<\/strong><\/td>\n<\/tr>\n<\/thead>\n<tbody>\n<tr>\n<td><span data-path-to-node=\"78,1,0,0\"><b data-path-to-node=\"78,1,0,0\" data-index-in-node=\"0\">Nombre del modelo<\/b><\/span><\/td>\n<td><span data-path-to-node=\"78,1,1,0\"><b data-path-to-node=\"78,1,1,0\" data-index-in-node=\"0\">JNR Mega Box 25000<\/b><\/span><\/td>\n<td><span data-path-to-node=\"78,1,2,0\">L\u00edder del mercado <b data-path-to-node=\"78,1,2,0\" data-index-in-node=\"15\">JNR 25k<\/b> Serie<\/span><\/td>\n<\/tr>\n<tr>\n<td><span data-path-to-node=\"78,2,0,0\"><b data-path-to-node=\"78,2,0,0\" data-index-in-node=\"0\">M\u00e1ximo n\u00famero de caladas<\/b><\/span><\/td>\n<td><span data-path-to-node=\"78,2,1,0\">Hasta 25 000 Puffs<\/span><\/td>\n<td><span data-path-to-node=\"78,2,2,0\">Experiencias sin l\u00edmites<\/span><\/td>\n<\/tr>\n<tr>\n<td><span data-path-to-node=\"78,3,0,0\"><b data-path-to-node=\"78,3,0,0\" data-index-in-node=\"0\">E-l\u00edquido<\/b><\/span><\/td>\n<td><span data-path-to-node=\"78,3,1,0\"><b data-path-to-node=\"78,3,1,0\" data-index-in-node=\"0\">30 ml<\/b> L\u00edquido precargado<\/span><\/td>\n<td><span data-path-to-node=\"78,3,2,0\">Mayor capacidad del sector<\/span><\/td>\n<\/tr>\n<tr>\n<td><span data-path-to-node=\"78,4,0,0\"><b data-path-to-node=\"78,4,0,0\" data-index-in-node=\"0\">Nicotina<\/b><\/span><\/td>\n<td><span data-path-to-node=\"78,4,1,0\">2% \/ 5% Niveles de nicotina<\/span><\/td>\n<td><span data-path-to-node=\"78,4,2,0\">Golpe suave y satisfactorio<\/span><\/td>\n<\/tr>\n<tr>\n<td><span data-path-to-node=\"78,5,0,0\"><b data-path-to-node=\"78,5,0,0\" data-index-in-node=\"0\">Sistema de bobinas<\/b><\/span><\/td>\n<td><span data-path-to-node=\"78,5,1,0\"><b data-path-to-node=\"78,5,1,0\" data-index-in-node=\"0\">Malla doble y doble n\u00facleo<\/b><\/span><\/td>\n<td><span data-path-to-node=\"78,5,2,0\">Sabor puro hasta el final<\/span><\/td>\n<\/tr>\n<tr>\n<td><span data-path-to-node=\"78,6,0,0\"><b data-path-to-node=\"78,6,0,0\" data-index-in-node=\"0\">Carga<\/b><\/span><\/td>\n<td><span data-path-to-node=\"78,6,1,0\"><b data-path-to-node=\"78,6,1,0\" data-index-in-node=\"0\">Tipo C y Lighting<\/b><\/span><\/td>\n<td><span data-path-to-node=\"78,6,2,0\">Carga r\u00e1pida de doble puerto<\/span><\/td>\n<\/tr>\n<tr>\n<td><span data-path-to-node=\"78,7,0,0\"><b data-path-to-node=\"78,7,0,0\" data-index-in-node=\"0\">Env\u00edo<\/b><\/span><\/td>\n<td><span data-path-to-node=\"78,7,1,0\"><b data-path-to-node=\"78,7,1,0\" data-index-in-node=\"0\">Almac\u00e9n europeo<\/b><\/span><\/td>\n<td><span data-path-to-node=\"78,7,2,0\">Entrega r\u00e1pida en 1-3 d\u00edas<\/span><\/td>\n<\/tr>\n<\/tbody>\n<\/table>\n<h3 data-path-to-node=\"54\">Aqu\u00ed tienes m\u00e1s recomendaciones para ti:<\/h3>\n<p dir=\"auto\">\u00a1Descubre sabores a\u00fan m\u00e1s incre\u00edbles con el vaporizador JNR Mega Box 25000 Puff!<\/p>\n<p dir=\"auto\"><a href=\"https:\/\/vozolvapen.de\/es\/categoria-de-producto\/vape-jnr\/mega-box-jr-25-000-caladas\/28000-puffs\/\">Ver todas las variedades aqu\u00ed \u2192<\/a><\/p>\n<p dir=\"auto\">Explora nuestra colecci\u00f3n completa y compra las mejores marcas de vapeo que te encantar\u00e1n.<\/p>\n<p dir=\"auto\"><a href=\"https:\/\/vozolvapen.de\/es\/\">Explora todas las marcas ahora \u2192<\/a><\/p>\n<p dir=\"auto\">\u00a1Echa un vistazo a la serie completa de JNR Vape: todos los sabores, todos los estilos!<\/p>\n<p dir=\"auto\"><a href=\"https:\/\/vozolvapen.de\/es\/categoria-de-producto\/vape-jnr\/\">Ver la colecci\u00f3n completa de JNR Vape \u2192<\/a><\/p>\n<h3 data-path-to-node=\"2\"><b data-path-to-node=\"2\" data-index-in-node=\"0\">Preguntas frecuentes (FAQ) \u2013 JNR Mega Box 25000<\/b><\/h3>\n<h4 data-path-to-node=\"3\"><b data-path-to-node=\"3\" data-index-in-node=\"0\">1. \u00bfC\u00f3mo se carga el JNR Mega Box 25000?<\/b><\/h4>\n<p data-path-to-node=\"4\">El <b data-path-to-node=\"4\" data-index-in-node=\"4\">JNR Mega Box 25k<\/b> cuenta con un exclusivo <b data-path-to-node=\"4\" data-index-in-node=\"39\">Sistema de carga de doble puerto<\/b>. Puede utilizar un est\u00e1ndar <b data-path-to-node=\"4\" data-index-in-node=\"89\">Tipo C<\/b> cable o un <b data-path-to-node=\"4\" data-index-in-node=\"108\">Iluminaci\u00f3n Apple<\/b> cable. Esto garantiza que, independientemente del smartphone que utilices, siempre puedas cargar r\u00e1pidamente tu dispositivo. <b data-path-to-node=\"4\" data-index-in-node=\"224\">Bater\u00eda de 850 mAh<\/b>.<\/p>\n<h4 data-path-to-node=\"5\"><b data-path-to-node=\"5\" data-index-in-node=\"0\">2. \u00bfCu\u00e1nto tiempo durar\u00e1n realmente 25 000 caladas?<\/b><\/h4>\n<p data-path-to-node=\"6\">Con un enorme <b data-path-to-node=\"6\" data-index-in-node=\"15\">Capacidad de 30 ml de l\u00edquido electr\u00f3nico.<\/b>, el <b data-path-to-node=\"6\" data-index-in-node=\"43\">JNR Mega Box 25000<\/b> est\u00e1 fabricado para una longevidad extrema.<\/p>\n<ul data-path-to-node=\"7\">\n<li>\n<p data-path-to-node=\"7,0,0\"><b data-path-to-node=\"7,0,0\" data-index-in-node=\"0\">Usuarios intensivos:<\/b> De 3 a 5 semanas.<\/p>\n<\/li>\n<li>\n<p data-path-to-node=\"7,1,0\"><b data-path-to-node=\"7,1,0\" data-index-in-node=\"0\">Usuarios moderados:<\/b> De 6 a 8 semanas. Proporciona una verdadera <b data-path-to-node=\"7,1,0\" data-index-in-node=\"50\">experiencia ilimitada<\/b> en comparaci\u00f3n con los dispositivos est\u00e1ndar de 5000 caladas.<\/p>\n<\/li>\n<\/ul>\n<h4 data-path-to-node=\"8\"><b data-path-to-node=\"8\" data-index-in-node=\"0\">3. \u00bfQu\u00e9 es la tecnolog\u00eda \u201cDual Core &amp; Dual Mesh\u201d?<\/b><\/h4>\n<p data-path-to-node=\"9\">A diferencia de los vaporizadores est\u00e1ndar que utilizan una sola bobina, el <b data-path-to-node=\"9\" data-index-in-node=\"50\">JNR Mega Box<\/b> utiliza un <b data-path-to-node=\"9\" data-index-in-node=\"74\">Doble n\u00facleo<\/b> sistema con <b data-path-to-node=\"9\" data-index-in-node=\"96\">Bobinas de malla doble<\/b>. Esta tecnolog\u00eda alterna el proceso de calentamiento entre dos bobinas, evitando que el algod\u00f3n se queme y garantizando que el <b data-path-to-node=\"9\" data-index-in-node=\"236\">\u201cSabor puro\u201d<\/b> Se mantiene constante desde la primera calada hasta la n\u00famero 25 000.<\/p>\n<h4 data-path-to-node=\"10\"><b data-path-to-node=\"10\" data-index-in-node=\"0\">4. \u00bfEs aut\u00e9ntico el JNR Mega Box 25000?<\/b><\/h4>\n<p data-path-to-node=\"11\">S\u00ed. Solo suministramos <b data-path-to-node=\"11\" data-index-in-node=\"20\">100% aut\u00e9ntico JNR Vape<\/b> Productos procedentes directamente del fabricante. Cada paquete de 10 unidades y cada dispositivo individual incluyen un c\u00f3digo de seguridad que se puede rascar y verificar en el sitio web oficial de JNR para garantizar su autenticidad.<\/p>\n<h4 data-path-to-node=\"12\"><b data-path-to-node=\"12\" data-index-in-node=\"0\">5. \u00bfCu\u00e1nto tarda el env\u00edo a mi pa\u00eds en Europa?<\/b><\/h4>\n<p data-path-to-node=\"13\">Enviamos todos los pedidos directamente desde nuestro <b data-path-to-node=\"13\" data-index-in-node=\"37\">Almac\u00e9n europeo<\/b>.<\/p>\n<ul data-path-to-node=\"14\">\n<li>\n<p data-path-to-node=\"14,0,0\"><b data-path-to-node=\"14,0,0\" data-index-in-node=\"0\">Alemania y Pa\u00edses Bajos:<\/b> 1-2 d\u00edas h\u00e1biles.<\/p>\n<\/li>\n<li>\n<p data-path-to-node=\"14,1,0\"><b data-path-to-node=\"14,1,0\" data-index-in-node=\"0\">Francia, Italia, Espa\u00f1a y resto de la UE:<\/b> 2-3 d\u00edas h\u00e1biles.<\/p>\n<\/li>\n<li>\n<p data-path-to-node=\"14,2,0\"><b data-path-to-node=\"14,2,0\" data-index-in-node=\"0\">Aduanas:<\/b> Dado que realizamos env\u00edos dentro de la UE, hay <b data-path-to-node=\"14,2,0\" data-index-in-node=\"48\">sin derechos de aduana<\/b> o impuestos de importaci\u00f3n para los residentes de la UE.<\/p>\n<\/li>\n<\/ul>\n<h4 data-path-to-node=\"15\"><b data-path-to-node=\"15\" data-index-in-node=\"0\">6. \u00bfEl JNR Mega Box 25k tiene flujo de aire ajustable?<\/b><\/h4>\n<p data-path-to-node=\"16\">El <b data-path-to-node=\"16\" data-index-in-node=\"4\">JNR Mega Box 25000<\/b> est\u00e1 optimizado para un alto rendimiento. <b data-path-to-node=\"16\" data-index-in-node=\"60\">Pulm\u00f3n directo restringido (RDL)<\/b> experiencia. Su flujo de aire est\u00e1 dise\u00f1ado para maximizar la intensidad del sabor del <b data-path-to-node=\"16\" data-index-in-node=\"165\">Dep\u00f3sito de 30 ml<\/b>, proporcionando nubes densas y satisfactorias con cada calada.<\/p>\n<h4 data-path-to-node=\"17\"><b data-path-to-node=\"17\" data-index-in-node=\"0\">7. \u00bfQu\u00e9 concentraciones de nicotina hay disponibles?<\/b><\/h4>\n<p data-path-to-node=\"18\">El <b data-path-to-node=\"18\" data-index-in-node=\"4\">JNR 25k<\/b> La serie est\u00e1 disponible en ambos formatos. <b data-path-to-node=\"18\" data-index-in-node=\"40\">2% (20 mg)<\/b> y <b data-path-to-node=\"18\" data-index-in-node=\"54\">5% (50 mg)<\/b> niveles de sal de nicotina, lo que te permite elegir el golpe de garganta que mejor se adapte a tus preferencias.<\/p>\n<h4 data-path-to-node=\"19\"><b data-path-to-node=\"19\" data-index-in-node=\"0\">8. \u00bfPor qu\u00e9 elegir la JNR Mega Box en lugar de la JNR Falcon 16000?<\/b><\/h4>\n<p data-path-to-node=\"20\">Aunque ambos son excelentes, el <b data-path-to-node=\"20\" data-index-in-node=\"30\">Mega Box 25000<\/b> es el rey de la \u201calta capacidad\u201d. Ofrece <b data-path-to-node=\"20\" data-index-in-node=\"84\">casi el doble de l\u00edquido electr\u00f3nico (30 ml frente a 22 ml)<\/b> y <b data-path-to-node=\"20\" data-index-in-node=\"130\">9000 caladas m\u00e1s<\/b> que el Falcon 16000, lo que lo convierte en la mejor opci\u00f3n para los vapeadores habituales.<\/p>\n<hr data-path-to-node=\"21\" \/>\n<h3 data-path-to-node=\"22\"><b data-path-to-node=\"22\" data-index-in-node=\"0\">Informaci\u00f3n sobre ventas al por mayor de JNR Mega Box 25k<\/b><\/h3>\n<ul data-path-to-node=\"23\">\n<li>\n<p data-path-to-node=\"23,0,0\"><b data-path-to-node=\"23,0,0\" data-index-in-node=\"0\">Embalaje:<\/b> Se vende en cajas de <b data-path-to-node=\"23,0,0\" data-index-in-node=\"26\">10 vaporizadores<\/b>.<\/p>\n<\/li>\n<li>\n<p data-path-to-node=\"23,1,0\"><b data-path-to-node=\"23,1,0\" data-index-in-node=\"0\">Peso:<\/b> 157 g por unidad (estructura s\u00f3lida y de alta calidad).<\/p>\n<\/li>\n<li>\n<p data-path-to-node=\"23,2,0\"><b data-path-to-node=\"23,2,0\" data-index-in-node=\"0\">Consultas masivas:<\/b> Para pedidos superiores a 500 unidades, p\u00f3ngase en contacto con nuestro departamento mayorista para obtener precios escalonados.<\/p>\n<\/li>\n<\/ul>","protected":false},"excerpt":{"rendered":"<p>Refrescante y c\u00edtrico. Un equilibrio perfecto entre lim\u00f3n \u00e1cido y lima picante para 25 000 caladas.<\/p>","protected":false},"featured_media":43634,"comment_status":"open","ping_status":"closed","template":"","meta":{"_acf_changed":false},"product_brand":[],"product_cat":[94],"product_tag":[],"class_list":{"0":"post-42859","1":"product","2":"type-product","3":"status-publish","4":"has-post-thumbnail","6":"product_cat-jnr-mega-box-25000-puff-vape","8":"first","9":"instock","10":"shipping-taxable","11":"purchasable","12":"product-type-variable"},"acf":[],"yoast_head":"<!-- This site is optimized with the Yoast SEO Premium plugin v26.1 (Yoast SEO v27.5) - https:\/\/yoast.com\/product\/yoast-seo-premium-wordpress\/ -->\n<title>Lemon &amp; Lime - JNR Mega Box 25k - vozolvapen<\/title>\n<meta name=\"description\" content=\"Zesty Lemon &amp; Lime JNR 25k. 30ML capacity. Authentic JNR Mega Box shipped from EU.\" \/>\n<meta name=\"robots\" content=\"index, follow, max-snippet:-1, max-image-preview:large, max-video-preview:-1\" \/>\n<link rel=\"canonical\" href=\"https:\/\/vozolvapen.de\/es\/product\/jnr-mega-caja-25000-limon-lima\/\" \/>\n<meta property=\"og:locale\" content=\"es_ES\" \/>\n<meta property=\"og:type\" content=\"article\" \/>\n<meta property=\"og:title\" content=\"JNR Mega Box 25000 - LEMON &amp; LIME\" \/>\n<meta property=\"og:description\" content=\"Zesty Lemon &amp; Lime JNR 25k. 30ML capacity. Authentic JNR Mega Box shipped from EU.\" \/>\n<meta property=\"og:url\" content=\"https:\/\/vozolvapen.de\/es\/product\/jnr-mega-caja-25000-limon-lima\/\" \/>\n<meta property=\"og:site_name\" content=\"vozolvapen\" \/>\n<meta property=\"article:modified_time\" content=\"2026-05-04T13:42:12+00:00\" \/>\n<meta property=\"og:image\" content=\"https:\/\/vozolvapen.de\/wp-content\/uploads\/2025\/12\/JNR-Mega-box-25000-LEMON-LIME-1.webp\" \/>\n\t<meta property=\"og:image:width\" content=\"800\" \/>\n\t<meta property=\"og:image:height\" content=\"800\" \/>\n\t<meta property=\"og:image:type\" content=\"image\/webp\" \/>\n<meta name=\"twitter:card\" content=\"summary_large_image\" \/>\n<meta name=\"twitter:label1\" content=\"Tiempo de lectura\" \/>\n\t<meta name=\"twitter:data1\" content=\"4 minutos\" \/>\n<script type=\"application\/ld+json\" class=\"yoast-schema-graph\">{\"@context\":\"https:\\\/\\\/schema.org\",\"@graph\":[{\"@type\":\"WebPage\",\"@id\":\"https:\\\/\\\/vozolvapen.de\\\/product\\\/jnr-mega-box-25000-lemon-lime\\\/\",\"url\":\"https:\\\/\\\/vozolvapen.de\\\/product\\\/jnr-mega-box-25000-lemon-lime\\\/\",\"name\":\"Lemon & Lime - JNR Mega Box 25k - vozolvapen\",\"isPartOf\":{\"@id\":\"https:\\\/\\\/vozolvapen.de\\\/#website\"},\"primaryImageOfPage\":{\"@id\":\"https:\\\/\\\/vozolvapen.de\\\/product\\\/jnr-mega-box-25000-lemon-lime\\\/#primaryimage\"},\"image\":{\"@id\":\"https:\\\/\\\/vozolvapen.de\\\/product\\\/jnr-mega-box-25000-lemon-lime\\\/#primaryimage\"},\"thumbnailUrl\":\"https:\\\/\\\/vozolvapen.de\\\/wp-content\\\/uploads\\\/2025\\\/12\\\/JNR-Mega-box-25000-LEMON-LIME-1.webp\",\"datePublished\":\"2025-12-23T06:41:47+00:00\",\"dateModified\":\"2026-05-04T13:42:12+00:00\",\"description\":\"Zesty Lemon & Lime JNR 25k. 30ML capacity. Authentic JNR Mega Box shipped from EU.\",\"breadcrumb\":{\"@id\":\"https:\\\/\\\/vozolvapen.de\\\/product\\\/jnr-mega-box-25000-lemon-lime\\\/#breadcrumb\"},\"inLanguage\":\"es\",\"potentialAction\":[{\"@type\":\"ReadAction\",\"target\":[\"https:\\\/\\\/vozolvapen.de\\\/product\\\/jnr-mega-box-25000-lemon-lime\\\/\"]}]},{\"@type\":\"ImageObject\",\"inLanguage\":\"es\",\"@id\":\"https:\\\/\\\/vozolvapen.de\\\/product\\\/jnr-mega-box-25000-lemon-lime\\\/#primaryimage\",\"url\":\"https:\\\/\\\/vozolvapen.de\\\/wp-content\\\/uploads\\\/2025\\\/12\\\/JNR-Mega-box-25000-LEMON-LIME-1.webp\",\"contentUrl\":\"https:\\\/\\\/vozolvapen.de\\\/wp-content\\\/uploads\\\/2025\\\/12\\\/JNR-Mega-box-25000-LEMON-LIME-1.webp\",\"width\":800,\"height\":800,\"caption\":\"Jnr Mega Box 25000 Lemon Lime 1 Disposable Vape Device\"},{\"@type\":\"BreadcrumbList\",\"@id\":\"https:\\\/\\\/vozolvapen.de\\\/product\\\/jnr-mega-box-25000-lemon-lime\\\/#breadcrumb\",\"itemListElement\":[{\"@type\":\"ListItem\",\"position\":1,\"name\":\"Home\",\"item\":\"https:\\\/\\\/vozolvapen.de\\\/de\\\/\"},{\"@type\":\"ListItem\",\"position\":2,\"name\":\"Shop\",\"item\":\"https:\\\/\\\/vozolvapen.de\\\/shop\\\/\"},{\"@type\":\"ListItem\",\"position\":3,\"name\":\"JNR Mega Box 25000 &#8211; LEMON &#038; LIME\"}]},{\"@type\":\"WebSite\",\"@id\":\"https:\\\/\\\/vozolvapen.de\\\/#website\",\"url\":\"https:\\\/\\\/vozolvapen.de\\\/\",\"name\":\"vozolvapen\",\"description\":\"vozolvapen\",\"publisher\":{\"@id\":\"https:\\\/\\\/vozolvapen.de\\\/#organization\"},\"potentialAction\":[{\"@type\":\"SearchAction\",\"target\":{\"@type\":\"EntryPoint\",\"urlTemplate\":\"https:\\\/\\\/vozolvapen.de\\\/?s={search_term_string}\"},\"query-input\":{\"@type\":\"PropertyValueSpecification\",\"valueRequired\":true,\"valueName\":\"search_term_string\"}}],\"inLanguage\":\"es\"},{\"@type\":\"Organization\",\"@id\":\"https:\\\/\\\/vozolvapen.de\\\/#organization\",\"name\":\"vozolvapen\",\"url\":\"https:\\\/\\\/vozolvapen.de\\\/\",\"logo\":{\"@type\":\"ImageObject\",\"inLanguage\":\"es\",\"@id\":\"https:\\\/\\\/vozolvapen.de\\\/#\\\/schema\\\/logo\\\/image\\\/\",\"url\":\"https:\\\/\\\/vozolvapen.de\\\/wp-content\\\/uploads\\\/2025\\\/12\\\/cropped-vozovapen-logo.webp\",\"contentUrl\":\"https:\\\/\\\/vozolvapen.de\\\/wp-content\\\/uploads\\\/2025\\\/12\\\/cropped-vozovapen-logo.webp\",\"width\":470,\"height\":110,\"caption\":\"vozolvapen\"},\"image\":{\"@id\":\"https:\\\/\\\/vozolvapen.de\\\/#\\\/schema\\\/logo\\\/image\\\/\"}}]}<\/script>\n<!-- \/ Yoast SEO Premium plugin. -->","yoast_head_json":{"title":"Lim\u00f3n y lima - JNR Mega Box 25k - vozolvapen","description":"Zesty Lemon &amp; Lime JNR 25k. Capacidad de 30 ml. Aut\u00e9ntica caja Mega JNR enviada desde la UE.","robots":{"index":"index","follow":"follow","max-snippet":"max-snippet:-1","max-image-preview":"max-image-preview:large","max-video-preview":"max-video-preview:-1"},"canonical":"https:\/\/vozolvapen.de\/es\/product\/jnr-mega-caja-25000-limon-lima\/","og_locale":"es_ES","og_type":"article","og_title":"JNR Mega Box 25000 - LEMON & LIME","og_description":"Zesty Lemon & Lime JNR 25k. 30ML capacity. Authentic JNR Mega Box shipped from EU.","og_url":"https:\/\/vozolvapen.de\/es\/product\/jnr-mega-caja-25000-limon-lima\/","og_site_name":"vozolvapen","article_modified_time":"2026-05-04T13:42:12+00:00","og_image":[{"width":800,"height":800,"url":"https:\/\/vozolvapen.de\/wp-content\/uploads\/2025\/12\/JNR-Mega-box-25000-LEMON-LIME-1.webp","type":"image\/webp"}],"twitter_card":"summary_large_image","twitter_misc":{"Tiempo de lectura":"4 minutos"},"schema":{"@context":"https:\/\/schema.org","@graph":[{"@type":"WebPage","@id":"https:\/\/vozolvapen.de\/product\/jnr-mega-box-25000-lemon-lime\/","url":"https:\/\/vozolvapen.de\/product\/jnr-mega-box-25000-lemon-lime\/","name":"Lim\u00f3n y lima - JNR Mega Box 25k - vozolvapen","isPartOf":{"@id":"https:\/\/vozolvapen.de\/#website"},"primaryImageOfPage":{"@id":"https:\/\/vozolvapen.de\/product\/jnr-mega-box-25000-lemon-lime\/#primaryimage"},"image":{"@id":"https:\/\/vozolvapen.de\/product\/jnr-mega-box-25000-lemon-lime\/#primaryimage"},"thumbnailUrl":"https:\/\/vozolvapen.de\/wp-content\/uploads\/2025\/12\/JNR-Mega-box-25000-LEMON-LIME-1.webp","datePublished":"2025-12-23T06:41:47+00:00","dateModified":"2026-05-04T13:42:12+00:00","description":"Zesty Lemon &amp; Lime JNR 25k. Capacidad de 30 ml. Aut\u00e9ntica caja Mega JNR enviada desde la UE.","breadcrumb":{"@id":"https:\/\/vozolvapen.de\/product\/jnr-mega-box-25000-lemon-lime\/#breadcrumb"},"inLanguage":"es","potentialAction":[{"@type":"ReadAction","target":["https:\/\/vozolvapen.de\/product\/jnr-mega-box-25000-lemon-lime\/"]}]},{"@type":"ImageObject","inLanguage":"es","@id":"https:\/\/vozolvapen.de\/product\/jnr-mega-box-25000-lemon-lime\/#primaryimage","url":"https:\/\/vozolvapen.de\/wp-content\/uploads\/2025\/12\/JNR-Mega-box-25000-LEMON-LIME-1.webp","contentUrl":"https:\/\/vozolvapen.de\/wp-content\/uploads\/2025\/12\/JNR-Mega-box-25000-LEMON-LIME-1.webp","width":800,"height":800,"caption":"Jnr Mega Box 25000 Lemon Lime 1 Disposable Vape Device"},{"@type":"BreadcrumbList","@id":"https:\/\/vozolvapen.de\/product\/jnr-mega-box-25000-lemon-lime\/#breadcrumb","itemListElement":[{"@type":"ListItem","position":1,"name":"Home","item":"https:\/\/vozolvapen.de\/de\/"},{"@type":"ListItem","position":2,"name":"Shop","item":"https:\/\/vozolvapen.de\/shop\/"},{"@type":"ListItem","position":3,"name":"JNR Mega Box 25000 &#8211; LEMON &#038; LIME"}]},{"@type":"WebSite","@id":"https:\/\/vozolvapen.de\/#website","url":"https:\/\/vozolvapen.de\/","name":"vozolvapen","description":"vozolvapen","publisher":{"@id":"https:\/\/vozolvapen.de\/#organization"},"potentialAction":[{"@type":"SearchAction","target":{"@type":"EntryPoint","urlTemplate":"https:\/\/vozolvapen.de\/?s={search_term_string}"},"query-input":{"@type":"PropertyValueSpecification","valueRequired":true,"valueName":"search_term_string"}}],"inLanguage":"es"},{"@type":"Organization","@id":"https:\/\/vozolvapen.de\/#organization","name":"vozolvapen","url":"https:\/\/vozolvapen.de\/","logo":{"@type":"ImageObject","inLanguage":"es","@id":"https:\/\/vozolvapen.de\/#\/schema\/logo\/image\/","url":"https:\/\/vozolvapen.de\/wp-content\/uploads\/2025\/12\/cropped-vozovapen-logo.webp","contentUrl":"https:\/\/vozolvapen.de\/wp-content\/uploads\/2025\/12\/cropped-vozovapen-logo.webp","width":470,"height":110,"caption":"vozolvapen"},"image":{"@id":"https:\/\/vozolvapen.de\/#\/schema\/logo\/image\/"}}]}},"tiered_pricing_type":"fixed","tiered_pricing_fixed_rules":{"30":"12.6","50":"10.1","100":"9.6","200":"8.6"},"tiered_pricing_product_settings":{"layout":"default","base_unit_name":{"singular":null,"plural":null},"default_variation":null},"tiered_pricing_minimum_quantity":10,"tiered_pricing_roles_data":[],"tiered_pricing_percentage_rules":[],"tiered_pricing_maximum_quantity":null,"tiered_pricing_quantity_step":"10","_links":{"self":[{"href":"https:\/\/vozolvapen.de\/es\/wp-json\/wp\/v2\/product\/42859","targetHints":{"allow":["GET"]}}],"collection":[{"href":"https:\/\/vozolvapen.de\/es\/wp-json\/wp\/v2\/product"}],"about":[{"href":"https:\/\/vozolvapen.de\/es\/wp-json\/wp\/v2\/types\/product"}],"replies":[{"embeddable":true,"href":"https:\/\/vozolvapen.de\/es\/wp-json\/wp\/v2\/comments?post=42859"}],"wp:featuredmedia":[{"embeddable":true,"href":"https:\/\/vozolvapen.de\/es\/wp-json\/wp\/v2\/media\/43634"}],"wp:attachment":[{"href":"https:\/\/vozolvapen.de\/es\/wp-json\/wp\/v2\/media?parent=42859"}],"wp:term":[{"taxonomy":"product_brand","embeddable":true,"href":"https:\/\/vozolvapen.de\/es\/wp-json\/wp\/v2\/product_brand?post=42859"},{"taxonomy":"product_cat","embeddable":true,"href":"https:\/\/vozolvapen.de\/es\/wp-json\/wp\/v2\/product_cat?post=42859"},{"taxonomy":"product_tag","embeddable":true,"href":"https:\/\/vozolvapen.de\/es\/wp-json\/wp\/v2\/product_tag?post=42859"}],"curies":[{"name":"wp","href":"https:\/\/api.w.org\/{rel}","templated":true}]}}