{"id":46909,"date":"2025-12-29T11:21:57","date_gmt":"2025-12-29T11:21:57","guid":{"rendered":"https:\/\/vozolvapen.de\/?post_type=product&#038;p=46909"},"modified":"2026-02-10T10:59:31","modified_gmt":"2026-02-10T10:59:31","slug":"fumot-50k-eco-2-en-1-50000-black-mamba-mr-blue","status":"publish","type":"product","link":"https:\/\/vozolvapen.de\/es\/product\/fumot-50k-eco-2in1-50000-black-mamba-mr-blue\/","title":{"rendered":"Fumot 50k ECO 2 en 1 50000 \u2013 Black Mamba y Mr Blue"},"content":{"rendered":"<h1 data-path-to-node=\"2\"><b data-path-to-node=\"2\" data-index-in-node=\"0\">Fumot 50k ECO 2 en 1 50 000 caladas: Black Mamba y Mr Blue<\/b><\/h1>\n<p data-path-to-node=\"3\"><b data-path-to-node=\"3\" data-index-in-node=\"0\">El d\u00fao del misterio oscuro:<\/b> Para vapeadores que disfrutan de perfiles intensos de bayas oscuras con un legendario final helado. Este <b data-path-to-node=\"3\" data-index-in-node=\"106\">Fumot 50k<\/b> El kit utiliza un sistema de doble dep\u00f3sito de 10 ml + 10 ml para mantener el misterioso Black Mamba, con sus notas c\u00edtricas, perfectamente aislado del ic\u00f3nico frescor a ar\u00e1ndanos y mentol de Mr Blue. La resistencia de malla de 0,9 \u03a9 garantiza que cada calada de <b data-path-to-node=\"3\" data-index-in-node=\"321\">fumot liquid<\/b> es rico y de alta definici\u00f3n.<\/p>\n<h2 data-path-to-node=\"4\"><b data-path-to-node=\"4\" data-index-in-node=\"0\">La inmersi\u00f3n profunda en el oscuro misterio<\/b><\/h2>\n<ul data-path-to-node=\"5\">\n<li>\n<p data-path-to-node=\"5,0,0\"><b data-path-to-node=\"5,0,0\" data-index-in-node=\"0\">Sabor 1 \u2013 Mamba negra:<\/b> Una sofisticada mezcla de bayas silvestres oscuras con un sutil y \u00e1cido toque c\u00edtrico.<\/p>\n<\/li>\n<li>\n<p data-path-to-node=\"5,1,0\"><b data-path-to-node=\"5,1,0\" data-index-in-node=\"0\">Sabor 2 \u2013 Mr Blue:<\/b> Una mezcla favorita de los fans de ar\u00e1ndanos dulces, moras y frambuesas con un toque \u00e1cido y \u00e1rtico.<\/p>\n<\/li>\n<\/ul>\n<h2 data-path-to-node=\"6\"><b data-path-to-node=\"6\" data-index-in-node=\"0\">\u00bfPara qui\u00e9n es este sabor?<\/b><\/h2>\n<p data-path-to-node=\"6\"><b data-path-to-node=\"6\" data-index-in-node=\"24\">El fan\u00e1tico de las bayas atrevidas:<\/b> Perfecto para aquellos que desean alternar entre un perfil complejo de frutas oscuras y un cl\u00e1sico y refrescante toque de mentol azul.<\/p>\n<h2 data-path-to-node=\"60\">Fumot 50k ECO 2in1 50000 Especificaciones b\u00e1sicas<\/h2>\n<table data-path-to-node=\"5\">\n<thead>\n<tr>\n<td><strong>Innovaci\u00f3n t\u00e9cnica<\/strong><\/td>\n<td><strong>Fumot 50k ECO 2 en 1 Detalles<\/strong><\/td>\n<\/tr>\n<\/thead>\n<tbody>\n<tr>\n<td><span data-path-to-node=\"5,1,0,0\"><b data-path-to-node=\"5,1,0,0\" data-index-in-node=\"0\">N\u00famero de modelo<\/b><\/span><\/td>\n<td><span data-path-to-node=\"5,1,1,0\">Fumot ECO 2 en 1 50000<\/span><\/td>\n<\/tr>\n<tr>\n<td><span data-path-to-node=\"5,2,0,0\"><b data-path-to-node=\"5,2,0,0\" data-index-in-node=\"0\">Vida \u00fatil del puff<\/b><\/span><\/td>\n<td><span data-path-to-node=\"5,2,1,0\"><b data-path-to-node=\"5,2,1,0\" data-index-in-node=\"0\">Hasta 50 000 caladas de alta saturaci\u00f3n<\/b><\/span><\/td>\n<\/tr>\n<tr>\n<td><span data-path-to-node=\"5,3,0,0\"><b data-path-to-node=\"5,3,0,0\" data-index-in-node=\"0\">N\u00facleo de atomizaci\u00f3n<\/b><\/span><\/td>\n<td><span data-path-to-node=\"5,3,1,0\"><b data-path-to-node=\"5,3,1,0\" data-index-in-node=\"0\">Bobina de malla avanzada de 0,9 \u03a9<\/b><\/span><\/td>\n<\/tr>\n<tr>\n<td><span data-path-to-node=\"5,4,0,0\"><b data-path-to-node=\"5,4,0,0\" data-index-in-node=\"0\">Sistema de sabores<\/b><\/span><\/td>\n<td><span data-path-to-node=\"5,4,1,0\">Tanques independientes duales de 10 ml 2 en 1<\/span><\/td>\n<\/tr>\n<tr>\n<td><span data-path-to-node=\"5,5,0,0\"><b data-path-to-node=\"5,5,0,0\" data-index-in-node=\"0\">Interfaz visual<\/b><\/span><\/td>\n<td><span data-path-to-node=\"5,5,1,0\">Pantalla digital inteligente (bater\u00eda y energ\u00eda)<\/span><\/td>\n<\/tr>\n<tr>\n<td><span data-path-to-node=\"5,6,0,0\"><b data-path-to-node=\"5,6,0,0\" data-index-in-node=\"0\">Iluminaci\u00f3n atmosf\u00e9rica<\/b><\/span><\/td>\n<td><span data-path-to-node=\"5,6,1,0\">Efecto de luz iridiscente caracter\u00edstico<\/span><\/td>\n<\/tr>\n<tr>\n<td><span data-path-to-node=\"5,7,0,0\"><b data-path-to-node=\"5,7,0,0\" data-index-in-node=\"0\">Concentraci\u00f3n de nicotina<\/b><\/span><\/td>\n<td><span data-path-to-node=\"5,7,1,0\">Ajustable 0% \/ 2% \/ 3% \/ 5%<\/span><\/td>\n<\/tr>\n<\/tbody>\n<\/table>\n<h3 dir=\"auto\">Aqu\u00ed tienes m\u00e1s recomendaciones para ti:<\/h3>\n<p dir=\"auto\">\u00a1Descubre sabores a\u00fan m\u00e1s incre\u00edbles con el Fumot 50k ECO 2 en 1 50000 Puffs !<\/p>\n<p dir=\"auto\"><a href=\"https:\/\/vozolvapen.de\/es\/categoria-de-producto\/fumot-vape\/fumot-50k-eco-2-en-1-50-000-caladas\/\">Ver todas las variedades aqu\u00ed \u2192<\/a><\/p>\n<p dir=\"auto\">Explora nuestra colecci\u00f3n completa y compra las mejores marcas de vapeo que te encantar\u00e1n.<\/p>\n<p dir=\"auto\"><a href=\"https:\/\/vozolvapen.de\/es\/categoria-de-producto\/fumot-vape\/\">Explora todas las marcas ahora \u2192<\/a><\/p>\n<p dir=\"auto\">\u00a1Echa un vistazo a la serie completa de Fumot Vape: todos los sabores, todos los estilos!<\/p>\n<p dir=\"auto\"><a href=\"https:\/\/vozolvapen.de\/es\/categoria-de-producto\/fumot-vape\/\">Ver la colecci\u00f3n completa de Fumot Vape \u2192<\/a><\/p>","protected":false},"excerpt":{"rendered":"<p>El doble de bayas, el doble de diversi\u00f3n. Esto <b data-path-to-node=\"3,1,4,0\" data-index-in-node=\"39\">Fumot 50k ECO 2in1 50000<\/b> Combina el oscuro misterio de Black Mamba y el g\u00e9lido ponche de ar\u00e1ndanos de Mr Blue en un solo dispositivo.<\/p>","protected":false},"featured_media":48023,"comment_status":"open","ping_status":"closed","template":"","meta":{"_acf_changed":false},"product_brand":[],"product_cat":[134,102],"product_tag":[],"class_list":{"0":"post-46909","1":"product","2":"type-product","3":"status-publish","4":"has-post-thumbnail","6":"product_cat-eu-warehouse-in-stock","7":"product_cat-fumot-50k-eco-2in1-50000-puffs","9":"first","10":"instock","11":"shipping-taxable","12":"purchasable","13":"product-type-variable"},"acf":[],"yoast_head":"<!-- This site is optimized with the Yoast SEO Premium plugin v26.1 (Yoast SEO v27.5) - https:\/\/yoast.com\/product\/yoast-seo-premium-wordpress\/ -->\n<title>Black Mamba &amp; Mr Blue | Fumot 50k ECO 2in1 50000 - vozolvapen<\/title>\n<meta name=\"description\" content=\"Switch between Black Mamba &amp; Mr Blue with the Fumot 50k. 50,000 puffs, 2-in-1 dual tanks, and smart screen. Fast 1-3 day EU delivery.\" \/>\n<meta name=\"robots\" content=\"index, follow, max-snippet:-1, max-image-preview:large, max-video-preview:-1\" \/>\n<link rel=\"canonical\" href=\"https:\/\/vozolvapen.de\/es\/product\/fumot-50k-eco-2-en-1-50000-black-mamba-mr-blue\/\" \/>\n<meta property=\"og:locale\" content=\"es_ES\" \/>\n<meta property=\"og:type\" content=\"article\" \/>\n<meta property=\"og:title\" content=\"Fumot 50k ECO 2in1 50000 - Black Mamba &amp; Mr Blue\" \/>\n<meta property=\"og:description\" content=\"Switch between Black Mamba &amp; Mr Blue with the Fumot 50k. 50,000 puffs, 2-in-1 dual tanks, and smart screen. Fast 1-3 day EU delivery.\" \/>\n<meta property=\"og:url\" content=\"https:\/\/vozolvapen.de\/es\/product\/fumot-50k-eco-2-en-1-50000-black-mamba-mr-blue\/\" \/>\n<meta property=\"og:site_name\" content=\"vozolvapen\" \/>\n<meta property=\"article:modified_time\" content=\"2026-02-10T10:59:31+00:00\" \/>\n<meta property=\"og:image\" content=\"https:\/\/vozolvapen.de\/wp-content\/uploads\/2025\/12\/Fumot-50k-ECO-2in1-50000-Black-mamba-Mr-blue-3.webp\" \/>\n\t<meta property=\"og:image:width\" content=\"1200\" \/>\n\t<meta property=\"og:image:height\" content=\"1200\" \/>\n\t<meta property=\"og:image:type\" content=\"image\/webp\" \/>\n<meta name=\"twitter:card\" content=\"summary_large_image\" \/>\n<meta name=\"twitter:label1\" content=\"Tiempo de lectura\" \/>\n\t<meta name=\"twitter:data1\" content=\"2 minutos\" \/>\n<script type=\"application\/ld+json\" class=\"yoast-schema-graph\">{\"@context\":\"https:\\\/\\\/schema.org\",\"@graph\":[{\"@type\":\"WebPage\",\"@id\":\"https:\\\/\\\/vozolvapen.de\\\/product\\\/fumot-50k-eco-2in1-50000-black-mamba-mr-blue\\\/\",\"url\":\"https:\\\/\\\/vozolvapen.de\\\/product\\\/fumot-50k-eco-2in1-50000-black-mamba-mr-blue\\\/\",\"name\":\"Black Mamba & Mr Blue | Fumot 50k ECO 2in1 50000 - vozolvapen\",\"isPartOf\":{\"@id\":\"https:\\\/\\\/vozolvapen.de\\\/#website\"},\"primaryImageOfPage\":{\"@id\":\"https:\\\/\\\/vozolvapen.de\\\/product\\\/fumot-50k-eco-2in1-50000-black-mamba-mr-blue\\\/#primaryimage\"},\"image\":{\"@id\":\"https:\\\/\\\/vozolvapen.de\\\/product\\\/fumot-50k-eco-2in1-50000-black-mamba-mr-blue\\\/#primaryimage\"},\"thumbnailUrl\":\"https:\\\/\\\/vozolvapen.de\\\/wp-content\\\/uploads\\\/2025\\\/12\\\/Fumot-50k-ECO-2in1-50000-Black-mamba-Mr-blue-3.webp\",\"datePublished\":\"2025-12-29T11:21:57+00:00\",\"dateModified\":\"2026-02-10T10:59:31+00:00\",\"description\":\"Switch between Black Mamba & Mr Blue with the Fumot 50k. 50,000 puffs, 2-in-1 dual tanks, and smart screen. Fast 1-3 day EU delivery.\",\"breadcrumb\":{\"@id\":\"https:\\\/\\\/vozolvapen.de\\\/product\\\/fumot-50k-eco-2in1-50000-black-mamba-mr-blue\\\/#breadcrumb\"},\"inLanguage\":\"es\",\"potentialAction\":[{\"@type\":\"ReadAction\",\"target\":[\"https:\\\/\\\/vozolvapen.de\\\/product\\\/fumot-50k-eco-2in1-50000-black-mamba-mr-blue\\\/\"]}]},{\"@type\":\"ImageObject\",\"inLanguage\":\"es\",\"@id\":\"https:\\\/\\\/vozolvapen.de\\\/product\\\/fumot-50k-eco-2in1-50000-black-mamba-mr-blue\\\/#primaryimage\",\"url\":\"https:\\\/\\\/vozolvapen.de\\\/wp-content\\\/uploads\\\/2025\\\/12\\\/Fumot-50k-ECO-2in1-50000-Black-mamba-Mr-blue-3.webp\",\"contentUrl\":\"https:\\\/\\\/vozolvapen.de\\\/wp-content\\\/uploads\\\/2025\\\/12\\\/Fumot-50k-ECO-2in1-50000-Black-mamba-Mr-blue-3.webp\",\"width\":1200,\"height\":1200,\"caption\":\"Fumot 50k Eco 2in1 50000 Black Mamba Mr Blue 3 Disposable Vape Device detail\"},{\"@type\":\"BreadcrumbList\",\"@id\":\"https:\\\/\\\/vozolvapen.de\\\/product\\\/fumot-50k-eco-2in1-50000-black-mamba-mr-blue\\\/#breadcrumb\",\"itemListElement\":[{\"@type\":\"ListItem\",\"position\":1,\"name\":\"Home\",\"item\":\"https:\\\/\\\/vozolvapen.de\\\/de\\\/\"},{\"@type\":\"ListItem\",\"position\":2,\"name\":\"Shop\",\"item\":\"https:\\\/\\\/vozolvapen.de\\\/shop\\\/\"},{\"@type\":\"ListItem\",\"position\":3,\"name\":\"Fumot 50k ECO 2in1 50000 &#8211; Black Mamba &#038; Mr Blue\"}]},{\"@type\":\"WebSite\",\"@id\":\"https:\\\/\\\/vozolvapen.de\\\/#website\",\"url\":\"https:\\\/\\\/vozolvapen.de\\\/\",\"name\":\"vozolvapen\",\"description\":\"vozolvapen\",\"publisher\":{\"@id\":\"https:\\\/\\\/vozolvapen.de\\\/#organization\"},\"potentialAction\":[{\"@type\":\"SearchAction\",\"target\":{\"@type\":\"EntryPoint\",\"urlTemplate\":\"https:\\\/\\\/vozolvapen.de\\\/?s={search_term_string}\"},\"query-input\":{\"@type\":\"PropertyValueSpecification\",\"valueRequired\":true,\"valueName\":\"search_term_string\"}}],\"inLanguage\":\"es\"},{\"@type\":\"Organization\",\"@id\":\"https:\\\/\\\/vozolvapen.de\\\/#organization\",\"name\":\"vozolvapen\",\"url\":\"https:\\\/\\\/vozolvapen.de\\\/\",\"logo\":{\"@type\":\"ImageObject\",\"inLanguage\":\"es\",\"@id\":\"https:\\\/\\\/vozolvapen.de\\\/#\\\/schema\\\/logo\\\/image\\\/\",\"url\":\"https:\\\/\\\/vozolvapen.de\\\/wp-content\\\/uploads\\\/2025\\\/12\\\/cropped-vozovapen-logo.webp\",\"contentUrl\":\"https:\\\/\\\/vozolvapen.de\\\/wp-content\\\/uploads\\\/2025\\\/12\\\/cropped-vozovapen-logo.webp\",\"width\":470,\"height\":110,\"caption\":\"vozolvapen\"},\"image\":{\"@id\":\"https:\\\/\\\/vozolvapen.de\\\/#\\\/schema\\\/logo\\\/image\\\/\"}}]}<\/script>\n<!-- \/ Yoast SEO Premium plugin. -->","yoast_head_json":{"title":"Black Mamba &amp; Mr Blue | Fumot 50k ECO 2 en 1 50000 - vozolvapen","description":"Cambia entre Black Mamba y Mr Blue con el Fumot 50k. 50 000 caladas, dos dep\u00f3sitos 2 en 1 y pantalla inteligente. Entrega r\u00e1pida en 1-3 d\u00edas en la UE.","robots":{"index":"index","follow":"follow","max-snippet":"max-snippet:-1","max-image-preview":"max-image-preview:large","max-video-preview":"max-video-preview:-1"},"canonical":"https:\/\/vozolvapen.de\/es\/product\/fumot-50k-eco-2-en-1-50000-black-mamba-mr-blue\/","og_locale":"es_ES","og_type":"article","og_title":"Fumot 50k ECO 2in1 50000 - Black Mamba & Mr Blue","og_description":"Switch between Black Mamba & Mr Blue with the Fumot 50k. 50,000 puffs, 2-in-1 dual tanks, and smart screen. Fast 1-3 day EU delivery.","og_url":"https:\/\/vozolvapen.de\/es\/product\/fumot-50k-eco-2-en-1-50000-black-mamba-mr-blue\/","og_site_name":"vozolvapen","article_modified_time":"2026-02-10T10:59:31+00:00","og_image":[{"width":1200,"height":1200,"url":"https:\/\/vozolvapen.de\/wp-content\/uploads\/2025\/12\/Fumot-50k-ECO-2in1-50000-Black-mamba-Mr-blue-3.webp","type":"image\/webp"}],"twitter_card":"summary_large_image","twitter_misc":{"Tiempo de lectura":"2 minutos"},"schema":{"@context":"https:\/\/schema.org","@graph":[{"@type":"WebPage","@id":"https:\/\/vozolvapen.de\/product\/fumot-50k-eco-2in1-50000-black-mamba-mr-blue\/","url":"https:\/\/vozolvapen.de\/product\/fumot-50k-eco-2in1-50000-black-mamba-mr-blue\/","name":"Black Mamba &amp; Mr Blue | Fumot 50k ECO 2 en 1 50000 - vozolvapen","isPartOf":{"@id":"https:\/\/vozolvapen.de\/#website"},"primaryImageOfPage":{"@id":"https:\/\/vozolvapen.de\/product\/fumot-50k-eco-2in1-50000-black-mamba-mr-blue\/#primaryimage"},"image":{"@id":"https:\/\/vozolvapen.de\/product\/fumot-50k-eco-2in1-50000-black-mamba-mr-blue\/#primaryimage"},"thumbnailUrl":"https:\/\/vozolvapen.de\/wp-content\/uploads\/2025\/12\/Fumot-50k-ECO-2in1-50000-Black-mamba-Mr-blue-3.webp","datePublished":"2025-12-29T11:21:57+00:00","dateModified":"2026-02-10T10:59:31+00:00","description":"Cambia entre Black Mamba y Mr Blue con el Fumot 50k. 50 000 caladas, dos dep\u00f3sitos 2 en 1 y pantalla inteligente. Entrega r\u00e1pida en 1-3 d\u00edas en la UE.","breadcrumb":{"@id":"https:\/\/vozolvapen.de\/product\/fumot-50k-eco-2in1-50000-black-mamba-mr-blue\/#breadcrumb"},"inLanguage":"es","potentialAction":[{"@type":"ReadAction","target":["https:\/\/vozolvapen.de\/product\/fumot-50k-eco-2in1-50000-black-mamba-mr-blue\/"]}]},{"@type":"ImageObject","inLanguage":"es","@id":"https:\/\/vozolvapen.de\/product\/fumot-50k-eco-2in1-50000-black-mamba-mr-blue\/#primaryimage","url":"https:\/\/vozolvapen.de\/wp-content\/uploads\/2025\/12\/Fumot-50k-ECO-2in1-50000-Black-mamba-Mr-blue-3.webp","contentUrl":"https:\/\/vozolvapen.de\/wp-content\/uploads\/2025\/12\/Fumot-50k-ECO-2in1-50000-Black-mamba-Mr-blue-3.webp","width":1200,"height":1200,"caption":"Fumot 50k Eco 2in1 50000 Black Mamba Mr Blue 3 Disposable Vape Device detail"},{"@type":"BreadcrumbList","@id":"https:\/\/vozolvapen.de\/product\/fumot-50k-eco-2in1-50000-black-mamba-mr-blue\/#breadcrumb","itemListElement":[{"@type":"ListItem","position":1,"name":"Home","item":"https:\/\/vozolvapen.de\/de\/"},{"@type":"ListItem","position":2,"name":"Shop","item":"https:\/\/vozolvapen.de\/shop\/"},{"@type":"ListItem","position":3,"name":"Fumot 50k ECO 2in1 50000 &#8211; Black Mamba &#038; Mr Blue"}]},{"@type":"WebSite","@id":"https:\/\/vozolvapen.de\/#website","url":"https:\/\/vozolvapen.de\/","name":"vozolvapen","description":"vozolvapen","publisher":{"@id":"https:\/\/vozolvapen.de\/#organization"},"potentialAction":[{"@type":"SearchAction","target":{"@type":"EntryPoint","urlTemplate":"https:\/\/vozolvapen.de\/?s={search_term_string}"},"query-input":{"@type":"PropertyValueSpecification","valueRequired":true,"valueName":"search_term_string"}}],"inLanguage":"es"},{"@type":"Organization","@id":"https:\/\/vozolvapen.de\/#organization","name":"vozolvapen","url":"https:\/\/vozolvapen.de\/","logo":{"@type":"ImageObject","inLanguage":"es","@id":"https:\/\/vozolvapen.de\/#\/schema\/logo\/image\/","url":"https:\/\/vozolvapen.de\/wp-content\/uploads\/2025\/12\/cropped-vozovapen-logo.webp","contentUrl":"https:\/\/vozolvapen.de\/wp-content\/uploads\/2025\/12\/cropped-vozovapen-logo.webp","width":470,"height":110,"caption":"vozolvapen"},"image":{"@id":"https:\/\/vozolvapen.de\/#\/schema\/logo\/image\/"}}]}},"tiered_pricing_type":"fixed","tiered_pricing_fixed_rules":{"30":"14.6","50":"12.6","100":"11.6","200":"11.1"},"tiered_pricing_product_settings":{"layout":"default","base_unit_name":{"singular":null,"plural":null},"default_variation":{}},"tiered_pricing_minimum_quantity":10,"tiered_pricing_roles_data":[],"tiered_pricing_percentage_rules":[],"tiered_pricing_maximum_quantity":null,"tiered_pricing_quantity_step":"10","_links":{"self":[{"href":"https:\/\/vozolvapen.de\/es\/wp-json\/wp\/v2\/product\/46909","targetHints":{"allow":["GET"]}}],"collection":[{"href":"https:\/\/vozolvapen.de\/es\/wp-json\/wp\/v2\/product"}],"about":[{"href":"https:\/\/vozolvapen.de\/es\/wp-json\/wp\/v2\/types\/product"}],"replies":[{"embeddable":true,"href":"https:\/\/vozolvapen.de\/es\/wp-json\/wp\/v2\/comments?post=46909"}],"wp:featuredmedia":[{"embeddable":true,"href":"https:\/\/vozolvapen.de\/es\/wp-json\/wp\/v2\/media\/48023"}],"wp:attachment":[{"href":"https:\/\/vozolvapen.de\/es\/wp-json\/wp\/v2\/media?parent=46909"}],"wp:term":[{"taxonomy":"product_brand","embeddable":true,"href":"https:\/\/vozolvapen.de\/es\/wp-json\/wp\/v2\/product_brand?post=46909"},{"taxonomy":"product_cat","embeddable":true,"href":"https:\/\/vozolvapen.de\/es\/wp-json\/wp\/v2\/product_cat?post=46909"},{"taxonomy":"product_tag","embeddable":true,"href":"https:\/\/vozolvapen.de\/es\/wp-json\/wp\/v2\/product_tag?post=46909"}],"curies":[{"name":"wp","href":"https:\/\/api.w.org\/{rel}","templated":true}]}}