{"id":47010,"date":"2025-12-29T11:22:01","date_gmt":"2025-12-29T11:22:01","guid":{"rendered":"https:\/\/vozolvapen.de\/?post_type=product&#038;p=47010"},"modified":"2026-02-10T10:59:29","modified_gmt":"2026-02-10T10:59:29","slug":"fumot-50k-eco-2-en-1-50000-black-ice-grape-ice","status":"publish","type":"product","link":"https:\/\/vozolvapen.de\/es\/product\/fumot-50k-eco-2in1-50000-black-ice-grape-ice\/","title":{"rendered":"Fumot 50k ECO 2 en 1 50000 \u2013 Black Ice y Grape Ice"},"content":{"rendered":"<h1 data-path-to-node=\"8\"><b data-path-to-node=\"8\" data-index-in-node=\"0\">Fumot 50k ECO 2 en 1 50000 Puffs : Black Ice y Grape Ice<\/b><\/h1>\n<p data-path-to-node=\"9\"><b data-path-to-node=\"9\" data-index-in-node=\"0\">El vi\u00f1edo del \u00c1rtico:<\/b> Dise\u00f1ado para los \u201cIce Chaser\u201d que buscan una sensaci\u00f3n refrescante intensa combinada con frutos negros intensos. Este <b data-path-to-node=\"9\" data-index-in-node=\"124\">Fumot Vape 50k<\/b> La edici\u00f3n ofrece hasta 50 000 Puffs  de puro placer helado. La pantalla inteligente te permite controlar la bater\u00eda de 950 mAh mientras disfrutas de esta experiencia frutal bajo cero.<\/p>\n<h2 data-path-to-node=\"10\"><b data-path-to-node=\"10\" data-index-in-node=\"0\">Profundizando en los vi\u00f1edos del \u00c1rtico<\/b><\/h2>\n<ul data-path-to-node=\"11\">\n<li>\n<p data-path-to-node=\"11,0,0\"><b data-path-to-node=\"11,0,0\" data-index-in-node=\"0\">Sabor 1 \u2013 Hielo negro:<\/b> Una inhalaci\u00f3n intensa y dulce de mora seguida de una exhalaci\u00f3n intensa y helada de mentol.<\/p>\n<\/li>\n<li>\n<p data-path-to-node=\"11,1,0\"><b data-path-to-node=\"11,1,0\" data-index-in-node=\"0\">Sabor 2 \u2013 Uva helada:<\/b> Uvas moradas cl\u00e1sicas y jugosas, congeladas a la perfecci\u00f3n para obtener un sabor dulce y fresco a vi\u00f1edo.<\/p>\n<\/li>\n<\/ul>\n<h2 data-path-to-node=\"12\"><b data-path-to-node=\"12\" data-index-in-node=\"0\">\u00bfPara qui\u00e9n es este sabor?<\/b><\/h2>\n<p data-path-to-node=\"12\"><b data-path-to-node=\"12\" data-index-in-node=\"24\">El entusiasta del hielo:<\/b> Ideal para vapeadores que necesitan un golpe de garganta intenso y un final refrescante para mantenerse frescos durante todo el d\u00eda.<\/p>\n<h2 data-path-to-node=\"60\">Fumot 50k ECO 2in1 50000 Especificaciones b\u00e1sicas<\/h2>\n<table data-path-to-node=\"9\">\n<thead>\n<tr>\n<td><strong>Perfil de rendimiento<\/strong><\/td>\n<td><strong>Especificaciones del Fumot 50000<\/strong><\/td>\n<\/tr>\n<\/thead>\n<tbody>\n<tr>\n<td><span data-path-to-node=\"9,1,0,0\"><b data-path-to-node=\"9,1,0,0\" data-index-in-node=\"0\">Volumen total de l\u00edquido<\/b><\/span><\/td>\n<td><span data-path-to-node=\"9,1,1,0\"><b data-path-to-node=\"9,1,1,0\" data-index-in-node=\"0\">20 ml de l\u00edquido Fumot Premium (10 ml + 10 ml)<\/b><\/span><\/td>\n<\/tr>\n<tr>\n<td><span data-path-to-node=\"9,2,0,0\"><b data-path-to-node=\"9,2,0,0\" data-index-in-node=\"0\">Unidad de bater\u00eda<\/b><\/span><\/td>\n<td><span data-path-to-node=\"9,2,1,0\">Recargable de alta densidad de 950 mAh<\/span><\/td>\n<\/tr>\n<tr>\n<td><span data-path-to-node=\"9,3,0,0\"><b data-path-to-node=\"9,3,0,0\" data-index-in-node=\"0\">Puerto de carga<\/b><\/span><\/td>\n<td><span data-path-to-node=\"9,3,1,0\">Tecnolog\u00eda de carga r\u00e1pida tipo C<\/span><\/td>\n<\/tr>\n<tr>\n<td><span data-path-to-node=\"9,4,0,0\"><b data-path-to-node=\"9,4,0,0\" data-index-in-node=\"0\">Capacidad de inflado<\/b><\/span><\/td>\n<td><span data-path-to-node=\"9,4,1,0\">Dise\u00f1ado para 50 000 Puffs .<\/span><\/td>\n<\/tr>\n<tr>\n<td><span data-path-to-node=\"9,5,0,0\"><b data-path-to-node=\"9,5,0,0\" data-index-in-node=\"0\">Tecnolog\u00eda del sabor<\/b><\/span><\/td>\n<td><span data-path-to-node=\"9,5,1,0\">Sistema de alternancia de doble sabor<\/span><\/td>\n<\/tr>\n<tr>\n<td><span data-path-to-node=\"9,6,0,0\"><b data-path-to-node=\"9,6,0,0\" data-index-in-node=\"0\">Resistencia de la bobina<\/b><\/span><\/td>\n<td><span data-path-to-node=\"9,6,1,0\">Malla de 0,9 ohmios para un vapor optimizado<\/span><\/td>\n<\/tr>\n<tr>\n<td><span data-path-to-node=\"9,7,0,0\"><b data-path-to-node=\"9,7,0,0\" data-index-in-node=\"0\">Tipo de pantalla<\/b><\/span><\/td>\n<td><span data-path-to-node=\"9,7,1,0\">Monitor de potencia y combustible en tiempo real<\/span><\/td>\n<\/tr>\n<\/tbody>\n<\/table>\n<h3 dir=\"auto\">Aqu\u00ed tienes m\u00e1s recomendaciones para ti:<\/h3>\n<p dir=\"auto\">\u00a1Descubre sabores a\u00fan m\u00e1s incre\u00edbles con el Fumot 50k ECO 2 en 1 50000 Puffs !<\/p>\n<p dir=\"auto\"><a href=\"https:\/\/vozolvapen.de\/es\/categoria-de-producto\/fumot-vape\/fumot-50k-eco-2-en-1-50-000-caladas\/\">Ver todas las variedades aqu\u00ed \u2192<\/a><\/p>\n<p dir=\"auto\">Explora nuestra colecci\u00f3n completa y compra las mejores marcas de vapeo que te encantar\u00e1n.<\/p>\n<p dir=\"auto\"><a href=\"https:\/\/vozolvapen.de\/es\/categoria-de-producto\/fumot-vape\/\">Explora todas las marcas ahora \u2192<\/a><\/p>\n<p dir=\"auto\">\u00a1Echa un vistazo a la serie completa de Fumot Vape: todos los sabores, todos los estilos!<\/p>\n<p dir=\"auto\"><a href=\"https:\/\/vozolvapen.de\/es\/categoria-de-producto\/fumot-vape\/\">Ver la colecci\u00f3n completa de Fumot Vape \u2192<\/a><\/p>","protected":false},"excerpt":{"rendered":"<p>La experiencia \u00e1rtica definitiva. Alterna entre moras congeladas y dulces uvas de vi\u00f1edo con el <b data-path-to-node=\"3,2,4,0\" data-index-in-node=\"102\">Fumot 50 000<\/b> Sistema de conmutaci\u00f3n de doble sabor.<\/p>","protected":false},"featured_media":48127,"comment_status":"open","ping_status":"closed","template":"","meta":{"_acf_changed":false},"product_brand":[],"product_cat":[134,102],"product_tag":[],"class_list":{"0":"post-47010","1":"product","2":"type-product","3":"status-publish","4":"has-post-thumbnail","6":"product_cat-eu-warehouse-in-stock","7":"product_cat-fumot-50k-eco-2in1-50000-puffs","9":"first","10":"instock","11":"shipping-taxable","12":"purchasable","13":"product-type-variable"},"acf":[],"yoast_head":"<!-- This site is optimized with the Yoast SEO Premium plugin v26.1 (Yoast SEO v27.5) - https:\/\/yoast.com\/product\/yoast-seo-premium-wordpress\/ -->\n<title>Black Ice &amp; Grape Ice | Fumot 50000 Puffs Vape - vozolvapen<\/title>\n<meta name=\"description\" content=\"Get the ultimate chill with Black Ice &amp; Grape Ice Fumot 50k. 20ml dual tanks, 0.9\u03a9 mesh coil, and iridescent light. Shop Fumot vape 50k now!\" \/>\n<meta name=\"robots\" content=\"index, follow, max-snippet:-1, max-image-preview:large, max-video-preview:-1\" \/>\n<link rel=\"canonical\" href=\"https:\/\/vozolvapen.de\/es\/product\/fumot-50k-eco-2-en-1-50000-black-ice-grape-ice\/\" \/>\n<meta property=\"og:locale\" content=\"es_ES\" \/>\n<meta property=\"og:type\" content=\"article\" \/>\n<meta property=\"og:title\" content=\"Fumot 50k ECO 2in1 50000 - Black Ice &amp; Grape Ice\" \/>\n<meta property=\"og:description\" content=\"Get the ultimate chill with Black Ice &amp; Grape Ice Fumot 50k. 20ml dual tanks, 0.9\u03a9 mesh coil, and iridescent light. Shop Fumot vape 50k now!\" \/>\n<meta property=\"og:url\" content=\"https:\/\/vozolvapen.de\/es\/product\/fumot-50k-eco-2-en-1-50000-black-ice-grape-ice\/\" \/>\n<meta property=\"og:site_name\" content=\"vozolvapen\" \/>\n<meta property=\"article:modified_time\" content=\"2026-02-10T10:59:29+00:00\" \/>\n<meta property=\"og:image\" content=\"https:\/\/vozolvapen.de\/wp-content\/uploads\/2025\/12\/Fumot-50k-ECO-2in1-50000-Black-ice-Grape-ice-3.webp\" \/>\n\t<meta property=\"og:image:width\" content=\"1200\" \/>\n\t<meta property=\"og:image:height\" content=\"1200\" \/>\n\t<meta property=\"og:image:type\" content=\"image\/webp\" \/>\n<meta name=\"twitter:card\" content=\"summary_large_image\" \/>\n<meta name=\"twitter:label1\" content=\"Tiempo de lectura\" \/>\n\t<meta name=\"twitter:data1\" content=\"2 minutos\" \/>\n<script type=\"application\/ld+json\" class=\"yoast-schema-graph\">{\"@context\":\"https:\\\/\\\/schema.org\",\"@graph\":[{\"@type\":\"WebPage\",\"@id\":\"https:\\\/\\\/vozolvapen.de\\\/product\\\/fumot-50k-eco-2in1-50000-black-ice-grape-ice\\\/\",\"url\":\"https:\\\/\\\/vozolvapen.de\\\/product\\\/fumot-50k-eco-2in1-50000-black-ice-grape-ice\\\/\",\"name\":\"Black Ice & Grape Ice | Fumot 50000 Puffs Vape - vozolvapen\",\"isPartOf\":{\"@id\":\"https:\\\/\\\/vozolvapen.de\\\/#website\"},\"primaryImageOfPage\":{\"@id\":\"https:\\\/\\\/vozolvapen.de\\\/product\\\/fumot-50k-eco-2in1-50000-black-ice-grape-ice\\\/#primaryimage\"},\"image\":{\"@id\":\"https:\\\/\\\/vozolvapen.de\\\/product\\\/fumot-50k-eco-2in1-50000-black-ice-grape-ice\\\/#primaryimage\"},\"thumbnailUrl\":\"https:\\\/\\\/vozolvapen.de\\\/wp-content\\\/uploads\\\/2025\\\/12\\\/Fumot-50k-ECO-2in1-50000-Black-ice-Grape-ice-3.webp\",\"datePublished\":\"2025-12-29T11:22:01+00:00\",\"dateModified\":\"2026-02-10T10:59:29+00:00\",\"description\":\"Get the ultimate chill with Black Ice & Grape Ice Fumot 50k. 20ml dual tanks, 0.9\u03a9 mesh coil, and iridescent light. Shop Fumot vape 50k now!\",\"breadcrumb\":{\"@id\":\"https:\\\/\\\/vozolvapen.de\\\/product\\\/fumot-50k-eco-2in1-50000-black-ice-grape-ice\\\/#breadcrumb\"},\"inLanguage\":\"es\",\"potentialAction\":[{\"@type\":\"ReadAction\",\"target\":[\"https:\\\/\\\/vozolvapen.de\\\/product\\\/fumot-50k-eco-2in1-50000-black-ice-grape-ice\\\/\"]}]},{\"@type\":\"ImageObject\",\"inLanguage\":\"es\",\"@id\":\"https:\\\/\\\/vozolvapen.de\\\/product\\\/fumot-50k-eco-2in1-50000-black-ice-grape-ice\\\/#primaryimage\",\"url\":\"https:\\\/\\\/vozolvapen.de\\\/wp-content\\\/uploads\\\/2025\\\/12\\\/Fumot-50k-ECO-2in1-50000-Black-ice-Grape-ice-3.webp\",\"contentUrl\":\"https:\\\/\\\/vozolvapen.de\\\/wp-content\\\/uploads\\\/2025\\\/12\\\/Fumot-50k-ECO-2in1-50000-Black-ice-Grape-ice-3.webp\",\"width\":1200,\"height\":1200,\"caption\":\"Fumot 50k Eco 2in1 50000 Black Ice Grape 3 Disposable Vape Device\"},{\"@type\":\"BreadcrumbList\",\"@id\":\"https:\\\/\\\/vozolvapen.de\\\/product\\\/fumot-50k-eco-2in1-50000-black-ice-grape-ice\\\/#breadcrumb\",\"itemListElement\":[{\"@type\":\"ListItem\",\"position\":1,\"name\":\"Home\",\"item\":\"https:\\\/\\\/vozolvapen.de\\\/de\\\/\"},{\"@type\":\"ListItem\",\"position\":2,\"name\":\"Shop\",\"item\":\"https:\\\/\\\/vozolvapen.de\\\/shop\\\/\"},{\"@type\":\"ListItem\",\"position\":3,\"name\":\"Fumot 50k ECO 2in1 50000 &#8211; Black Ice &#038; Grape Ice\"}]},{\"@type\":\"WebSite\",\"@id\":\"https:\\\/\\\/vozolvapen.de\\\/#website\",\"url\":\"https:\\\/\\\/vozolvapen.de\\\/\",\"name\":\"vozolvapen\",\"description\":\"vozolvapen\",\"publisher\":{\"@id\":\"https:\\\/\\\/vozolvapen.de\\\/#organization\"},\"potentialAction\":[{\"@type\":\"SearchAction\",\"target\":{\"@type\":\"EntryPoint\",\"urlTemplate\":\"https:\\\/\\\/vozolvapen.de\\\/?s={search_term_string}\"},\"query-input\":{\"@type\":\"PropertyValueSpecification\",\"valueRequired\":true,\"valueName\":\"search_term_string\"}}],\"inLanguage\":\"es\"},{\"@type\":\"Organization\",\"@id\":\"https:\\\/\\\/vozolvapen.de\\\/#organization\",\"name\":\"vozolvapen\",\"url\":\"https:\\\/\\\/vozolvapen.de\\\/\",\"logo\":{\"@type\":\"ImageObject\",\"inLanguage\":\"es\",\"@id\":\"https:\\\/\\\/vozolvapen.de\\\/#\\\/schema\\\/logo\\\/image\\\/\",\"url\":\"https:\\\/\\\/vozolvapen.de\\\/wp-content\\\/uploads\\\/2025\\\/12\\\/cropped-vozovapen-logo.webp\",\"contentUrl\":\"https:\\\/\\\/vozolvapen.de\\\/wp-content\\\/uploads\\\/2025\\\/12\\\/cropped-vozovapen-logo.webp\",\"width\":470,\"height\":110,\"caption\":\"vozolvapen\"},\"image\":{\"@id\":\"https:\\\/\\\/vozolvapen.de\\\/#\\\/schema\\\/logo\\\/image\\\/\"}}]}<\/script>\n<!-- \/ Yoast SEO Premium plugin. -->","yoast_head_json":{"title":"Black Ice &amp; Grape Ice | Fumot 50000 Puffs Vape - vozolvapen","description":"Disfruta del m\u00e1ximo relax con Black Ice &amp; Grape Ice Fumot 50k. Dos dep\u00f3sitos de 20 ml, bobina de malla de 0,9 \u03a9 y luz iridiscente. \u00a1Compra ahora el vaporizador Fumot 50k!","robots":{"index":"index","follow":"follow","max-snippet":"max-snippet:-1","max-image-preview":"max-image-preview:large","max-video-preview":"max-video-preview:-1"},"canonical":"https:\/\/vozolvapen.de\/es\/product\/fumot-50k-eco-2-en-1-50000-black-ice-grape-ice\/","og_locale":"es_ES","og_type":"article","og_title":"Fumot 50k ECO 2in1 50000 - Black Ice & Grape Ice","og_description":"Get the ultimate chill with Black Ice & Grape Ice Fumot 50k. 20ml dual tanks, 0.9\u03a9 mesh coil, and iridescent light. Shop Fumot vape 50k now!","og_url":"https:\/\/vozolvapen.de\/es\/product\/fumot-50k-eco-2-en-1-50000-black-ice-grape-ice\/","og_site_name":"vozolvapen","article_modified_time":"2026-02-10T10:59:29+00:00","og_image":[{"width":1200,"height":1200,"url":"https:\/\/vozolvapen.de\/wp-content\/uploads\/2025\/12\/Fumot-50k-ECO-2in1-50000-Black-ice-Grape-ice-3.webp","type":"image\/webp"}],"twitter_card":"summary_large_image","twitter_misc":{"Tiempo de lectura":"2 minutos"},"schema":{"@context":"https:\/\/schema.org","@graph":[{"@type":"WebPage","@id":"https:\/\/vozolvapen.de\/product\/fumot-50k-eco-2in1-50000-black-ice-grape-ice\/","url":"https:\/\/vozolvapen.de\/product\/fumot-50k-eco-2in1-50000-black-ice-grape-ice\/","name":"Black Ice &amp; Grape Ice | Fumot 50000 Puffs Vape - vozolvapen","isPartOf":{"@id":"https:\/\/vozolvapen.de\/#website"},"primaryImageOfPage":{"@id":"https:\/\/vozolvapen.de\/product\/fumot-50k-eco-2in1-50000-black-ice-grape-ice\/#primaryimage"},"image":{"@id":"https:\/\/vozolvapen.de\/product\/fumot-50k-eco-2in1-50000-black-ice-grape-ice\/#primaryimage"},"thumbnailUrl":"https:\/\/vozolvapen.de\/wp-content\/uploads\/2025\/12\/Fumot-50k-ECO-2in1-50000-Black-ice-Grape-ice-3.webp","datePublished":"2025-12-29T11:22:01+00:00","dateModified":"2026-02-10T10:59:29+00:00","description":"Disfruta del m\u00e1ximo relax con Black Ice &amp; Grape Ice Fumot 50k. Dos dep\u00f3sitos de 20 ml, bobina de malla de 0,9 \u03a9 y luz iridiscente. \u00a1Compra ahora el vaporizador Fumot 50k!","breadcrumb":{"@id":"https:\/\/vozolvapen.de\/product\/fumot-50k-eco-2in1-50000-black-ice-grape-ice\/#breadcrumb"},"inLanguage":"es","potentialAction":[{"@type":"ReadAction","target":["https:\/\/vozolvapen.de\/product\/fumot-50k-eco-2in1-50000-black-ice-grape-ice\/"]}]},{"@type":"ImageObject","inLanguage":"es","@id":"https:\/\/vozolvapen.de\/product\/fumot-50k-eco-2in1-50000-black-ice-grape-ice\/#primaryimage","url":"https:\/\/vozolvapen.de\/wp-content\/uploads\/2025\/12\/Fumot-50k-ECO-2in1-50000-Black-ice-Grape-ice-3.webp","contentUrl":"https:\/\/vozolvapen.de\/wp-content\/uploads\/2025\/12\/Fumot-50k-ECO-2in1-50000-Black-ice-Grape-ice-3.webp","width":1200,"height":1200,"caption":"Fumot 50k Eco 2in1 50000 Black Ice Grape 3 Disposable Vape Device"},{"@type":"BreadcrumbList","@id":"https:\/\/vozolvapen.de\/product\/fumot-50k-eco-2in1-50000-black-ice-grape-ice\/#breadcrumb","itemListElement":[{"@type":"ListItem","position":1,"name":"Home","item":"https:\/\/vozolvapen.de\/de\/"},{"@type":"ListItem","position":2,"name":"Shop","item":"https:\/\/vozolvapen.de\/shop\/"},{"@type":"ListItem","position":3,"name":"Fumot 50k ECO 2in1 50000 &#8211; Black Ice &#038; Grape Ice"}]},{"@type":"WebSite","@id":"https:\/\/vozolvapen.de\/#website","url":"https:\/\/vozolvapen.de\/","name":"vozolvapen","description":"vozolvapen","publisher":{"@id":"https:\/\/vozolvapen.de\/#organization"},"potentialAction":[{"@type":"SearchAction","target":{"@type":"EntryPoint","urlTemplate":"https:\/\/vozolvapen.de\/?s={search_term_string}"},"query-input":{"@type":"PropertyValueSpecification","valueRequired":true,"valueName":"search_term_string"}}],"inLanguage":"es"},{"@type":"Organization","@id":"https:\/\/vozolvapen.de\/#organization","name":"vozolvapen","url":"https:\/\/vozolvapen.de\/","logo":{"@type":"ImageObject","inLanguage":"es","@id":"https:\/\/vozolvapen.de\/#\/schema\/logo\/image\/","url":"https:\/\/vozolvapen.de\/wp-content\/uploads\/2025\/12\/cropped-vozovapen-logo.webp","contentUrl":"https:\/\/vozolvapen.de\/wp-content\/uploads\/2025\/12\/cropped-vozovapen-logo.webp","width":470,"height":110,"caption":"vozolvapen"},"image":{"@id":"https:\/\/vozolvapen.de\/#\/schema\/logo\/image\/"}}]}},"tiered_pricing_type":"fixed","tiered_pricing_fixed_rules":{"30":"14.6","50":"12.6","100":"11.6","200":"11.1"},"tiered_pricing_product_settings":{"layout":"default","base_unit_name":{"singular":null,"plural":null},"default_variation":{}},"tiered_pricing_minimum_quantity":10,"tiered_pricing_roles_data":[],"tiered_pricing_percentage_rules":[],"tiered_pricing_maximum_quantity":null,"tiered_pricing_quantity_step":"10","_links":{"self":[{"href":"https:\/\/vozolvapen.de\/es\/wp-json\/wp\/v2\/product\/47010","targetHints":{"allow":["GET"]}}],"collection":[{"href":"https:\/\/vozolvapen.de\/es\/wp-json\/wp\/v2\/product"}],"about":[{"href":"https:\/\/vozolvapen.de\/es\/wp-json\/wp\/v2\/types\/product"}],"replies":[{"embeddable":true,"href":"https:\/\/vozolvapen.de\/es\/wp-json\/wp\/v2\/comments?post=47010"}],"wp:featuredmedia":[{"embeddable":true,"href":"https:\/\/vozolvapen.de\/es\/wp-json\/wp\/v2\/media\/48127"}],"wp:attachment":[{"href":"https:\/\/vozolvapen.de\/es\/wp-json\/wp\/v2\/media?parent=47010"}],"wp:term":[{"taxonomy":"product_brand","embeddable":true,"href":"https:\/\/vozolvapen.de\/es\/wp-json\/wp\/v2\/product_brand?post=47010"},{"taxonomy":"product_cat","embeddable":true,"href":"https:\/\/vozolvapen.de\/es\/wp-json\/wp\/v2\/product_cat?post=47010"},{"taxonomy":"product_tag","embeddable":true,"href":"https:\/\/vozolvapen.de\/es\/wp-json\/wp\/v2\/product_tag?post=47010"}],"curies":[{"name":"wp","href":"https:\/\/api.w.org\/{rel}","templated":true}]}}