{"id":49591,"date":"2025-12-31T02:45:46","date_gmt":"2025-12-31T02:45:46","guid":{"rendered":"https:\/\/vozolvapen.de\/?post_type=product&#038;p=49591"},"modified":"2026-02-10T10:55:27","modified_gmt":"2026-02-10T10:55:27","slug":"hifancy-space-50000-melocoton-mango-pina","status":"publish","type":"product","link":"https:\/\/vozolvapen.de\/es\/product\/hifancy-space-50000-peach-mango-pneapple\/","title":{"rendered":"HIFANCY SPACE 50000 \u2013 Melocot\u00f3n, mango y pi\u00f1a"},"content":{"rendered":"<h1>HIFANCY SPACE 50000 \u2013 Melocot\u00f3n, mango y pi\u00f1a<\/h1>\n<p data-path-to-node=\"31\"><b data-path-to-node=\"31\" data-index-in-node=\"0\">El Tr\u00edo Dorado:<\/b> Una potencia tropical dise\u00f1ada para el <b data-path-to-node=\"31\" data-index-in-node=\"56\">HIFANCY 50k<\/b>. Este sabor es \u201cintenso\u201d: combina la textura aterciopelada del melocot\u00f3n, la dulzura del n\u00e9ctar del mango y el toque \u00e1cido de la pi\u00f1a.<\/p>\n<h2 data-path-to-node=\"32\"><b data-path-to-node=\"32\" data-index-in-node=\"0\">Perfil sensorial:<\/b><\/h2>\n<ul data-path-to-node=\"33\">\n<li>\n<p data-path-to-node=\"33,0,0\"><b data-path-to-node=\"33,0,0\" data-index-in-node=\"0\">Aroma:<\/b> Profundamente tropical y seductor.<\/p>\n<\/li>\n<li>\n<p data-path-to-node=\"33,1,0\"><b data-path-to-node=\"33,1,0\" data-index-in-node=\"0\">Textura:<\/b> Producci\u00f3n de vapor cremoso y denso.<\/p>\n<\/li>\n<li>\n<p data-path-to-node=\"33,2,0\"><b data-path-to-node=\"33,2,0\" data-index-in-node=\"0\">Regusto:<\/b> Persistente ralladura de pi\u00f1a.<\/p>\n<\/li>\n<\/ul>\n<h2 data-path-to-node=\"34\"><b data-path-to-node=\"34\" data-index-in-node=\"0\">Consejo profesional:<\/b><\/h2>\n<p data-path-to-node=\"34\">Este sabor sabe mejor cuando el dispositivo est\u00e1 completamente cargado; utilice el <b data-path-to-node=\"34\" data-index-in-node=\"75\">Puerto tipo C<\/b> para mantener la bobina de malla funcionando al m\u00e1ximo rendimiento y obtener la m\u00e1xima dulzura.<\/p>\n<h2 data-path-to-node=\"21\"><b data-path-to-node=\"21\" data-index-in-node=\"0\">Par\u00e1metros b\u00e1sicos:<\/b><\/h2>\n<table data-path-to-node=\"44\">\n<thead>\n<tr>\n<td><strong>Caracter\u00edstica<\/strong><\/td>\n<td><strong>HIFANCY SPACE 50000 Especificaciones<\/strong><\/td>\n<\/tr>\n<\/thead>\n<tbody>\n<tr>\n<td><span data-path-to-node=\"44,1,0,0\"><b data-path-to-node=\"44,1,0,0\" data-index-in-node=\"0\">Total de bocanadas<\/b><\/span><\/td>\n<td><span data-path-to-node=\"44,1,1,0\"><b data-path-to-node=\"44,1,1,0\" data-index-in-node=\"0\">50 000 puffs (modo de resistencia)<\/b><\/span><\/td>\n<\/tr>\n<tr>\n<td><span data-path-to-node=\"44,2,0,0\"><b data-path-to-node=\"44,2,0,0\" data-index-in-node=\"0\">Capacidad de l\u00edquido<\/b><\/span><\/td>\n<td><span data-path-to-node=\"44,2,1,0\"><b data-path-to-node=\"44,2,1,0\" data-index-in-node=\"0\">30 ml de sal de nicotina premium precargada<\/b><\/span><\/td>\n<\/tr>\n<tr>\n<td><span data-path-to-node=\"44,3,0,0\"><b data-path-to-node=\"44,3,0,0\" data-index-in-node=\"0\">Interfaz inteligente<\/b><\/span><\/td>\n<td><span data-path-to-node=\"44,3,1,0\"><b data-path-to-node=\"44,3,1,0\" data-index-in-node=\"0\">Pantalla inteligente de alta definici\u00f3n<\/b><\/span><\/td>\n<\/tr>\n<tr>\n<td><span data-path-to-node=\"44,4,0,0\"><b data-path-to-node=\"44,4,0,0\" data-index-in-node=\"0\">Concentraci\u00f3n de nicotina<\/b><\/span><\/td>\n<td><span data-path-to-node=\"44,4,1,0\">2% \/ 3% \/ 5% (nicotina salina)<\/span><\/td>\n<\/tr>\n<tr>\n<td><span data-path-to-node=\"44,5,0,0\"><b data-path-to-node=\"44,5,0,0\" data-index-in-node=\"0\">Especificaciones de la bater\u00eda<\/b><\/span><\/td>\n<td><span data-path-to-node=\"44,5,1,0\">650 mAh (recargable tipo C)<\/span><\/td>\n<\/tr>\n<tr>\n<td><span data-path-to-node=\"44,6,0,0\"><b data-path-to-node=\"44,6,0,0\" data-index-in-node=\"0\">N\u00facleo del atomizador<\/b><\/span><\/td>\n<td><span data-path-to-node=\"44,6,1,0\">Bobina de malla de precisi\u00f3n de 1,0 \u03a9<\/span><\/td>\n<\/tr>\n<\/tbody>\n<\/table>\n<h3 dir=\"auto\">Aqu\u00ed tienes m\u00e1s recomendaciones para ti:<\/h3>\n<p dir=\"auto\">\u00a1Descubre sabores a\u00fan m\u00e1s incre\u00edbles con el vaporizador HIFANCY SPACE 50000 Puff!<\/p>\n<p dir=\"auto\"><a href=\"https:\/\/vozolvapen.de\/es\/categoria-de-producto\/vaporizador-de-alta-gama\/hifancy-space-50000-caladas-vape\/\">Ver todas las variedades aqu\u00ed \u2192<\/a><\/p>\n<p dir=\"auto\">Explora nuestra colecci\u00f3n completa y compra las mejores marcas de vapeo que te encantar\u00e1n.<\/p>\n<p dir=\"auto\"><a href=\"https:\/\/vozolvapen.de\/es\/\">Explora todas las marcas ahora \u2192<\/a><\/p>\n<p dir=\"auto\">\u00a1Echa un vistazo a la serie completa de Hifancy Vape: todos los sabores, todos los estilos!<\/p>\n<p dir=\"auto\"><a href=\"https:\/\/vozolvapen.de\/es\/categoria-de-producto\/vaporizador-de-alta-gama\/\">Ver la colecci\u00f3n completa de Hifancy Vape \u2192<\/a><\/p>","protected":false},"excerpt":{"rendered":"<p><b data-path-to-node=\"4,6,4,0\" data-index-in-node=\"0\">El Tr\u00edo Dorado.<\/b> Una rica mezcla, similar al n\u00e9ctar, de melocot\u00f3n aterciopelado, mango exuberante y pi\u00f1a \u00e1cida. Sabor de alta saturaci\u00f3n en 50 000 potentes caladas.<\/p>","protected":false},"featured_media":49774,"comment_status":"open","ping_status":"closed","template":"","meta":{"_acf_changed":false},"product_brand":[],"product_cat":[134,105],"product_tag":[],"class_list":{"0":"post-49591","1":"product","2":"type-product","3":"status-publish","4":"has-post-thumbnail","6":"product_cat-eu-warehouse-in-stock","7":"product_cat-hifancy-space-50000-puffs-vape","9":"first","10":"instock","11":"shipping-taxable","12":"purchasable","13":"product-type-variable"},"acf":[],"yoast_head":"<!-- This site is optimized with the Yoast SEO Premium plugin v26.1 (Yoast SEO v27.5) - https:\/\/yoast.com\/product\/yoast-seo-premium-wordpress\/ -->\n<title>Peach Mango Pineapple HIFANCY SPACE 50k | 50,000 Puffs - vozolvapen<\/title>\n<meta name=\"description\" content=\"Tropical trio! Peach Mango Pineapple HIFANCY SPACE 50000. 50k puffs, 30ml tank, and full screen monitoring. The smoothest 50k vape experience.\" \/>\n<meta name=\"robots\" content=\"index, follow, max-snippet:-1, max-image-preview:large, max-video-preview:-1\" \/>\n<link rel=\"canonical\" href=\"https:\/\/vozolvapen.de\/es\/product\/hifancy-space-50000-melocoton-mango-pina\/\" \/>\n<meta property=\"og:locale\" content=\"es_ES\" \/>\n<meta property=\"og:type\" content=\"article\" \/>\n<meta property=\"og:title\" content=\"HIFANCY SPACE 50000 - Peach Mango Pneapple\" \/>\n<meta property=\"og:description\" content=\"Tropical trio! Peach Mango Pineapple HIFANCY SPACE 50000. 50k puffs, 30ml tank, and full screen monitoring. The smoothest 50k vape experience.\" \/>\n<meta property=\"og:url\" content=\"https:\/\/vozolvapen.de\/es\/product\/hifancy-space-50000-melocoton-mango-pina\/\" \/>\n<meta property=\"og:site_name\" content=\"vozolvapen\" \/>\n<meta property=\"article:modified_time\" content=\"2026-02-10T10:55:27+00:00\" \/>\n<meta property=\"og:image\" content=\"https:\/\/vozolvapen.de\/wp-content\/uploads\/2025\/12\/HIFANCY-SPACE-50000-Peach-Mango-Pneapple.webp\" \/>\n\t<meta property=\"og:image:width\" content=\"1000\" \/>\n\t<meta property=\"og:image:height\" content=\"1000\" \/>\n\t<meta property=\"og:image:type\" content=\"image\/webp\" \/>\n<meta name=\"twitter:card\" content=\"summary_large_image\" \/>\n<meta name=\"twitter:label1\" content=\"Tiempo de lectura\" \/>\n\t<meta name=\"twitter:data1\" content=\"2 minutos\" \/>\n<script type=\"application\/ld+json\" class=\"yoast-schema-graph\">{\"@context\":\"https:\\\/\\\/schema.org\",\"@graph\":[{\"@type\":\"WebPage\",\"@id\":\"https:\\\/\\\/vozolvapen.de\\\/product\\\/hifancy-space-50000-peach-mango-pneapple\\\/\",\"url\":\"https:\\\/\\\/vozolvapen.de\\\/product\\\/hifancy-space-50000-peach-mango-pneapple\\\/\",\"name\":\"Peach Mango Pineapple HIFANCY SPACE 50k | 50,000 Puffs - vozolvapen\",\"isPartOf\":{\"@id\":\"https:\\\/\\\/vozolvapen.de\\\/#website\"},\"primaryImageOfPage\":{\"@id\":\"https:\\\/\\\/vozolvapen.de\\\/product\\\/hifancy-space-50000-peach-mango-pneapple\\\/#primaryimage\"},\"image\":{\"@id\":\"https:\\\/\\\/vozolvapen.de\\\/product\\\/hifancy-space-50000-peach-mango-pneapple\\\/#primaryimage\"},\"thumbnailUrl\":\"https:\\\/\\\/vozolvapen.de\\\/wp-content\\\/uploads\\\/2025\\\/12\\\/HIFANCY-SPACE-50000-Peach-Mango-Pneapple.webp\",\"datePublished\":\"2025-12-31T02:45:46+00:00\",\"dateModified\":\"2026-02-10T10:55:27+00:00\",\"description\":\"Tropical trio! Peach Mango Pineapple HIFANCY SPACE 50000. 50k puffs, 30ml tank, and full screen monitoring. The smoothest 50k vape experience.\",\"breadcrumb\":{\"@id\":\"https:\\\/\\\/vozolvapen.de\\\/product\\\/hifancy-space-50000-peach-mango-pneapple\\\/#breadcrumb\"},\"inLanguage\":\"es\",\"potentialAction\":[{\"@type\":\"ReadAction\",\"target\":[\"https:\\\/\\\/vozolvapen.de\\\/product\\\/hifancy-space-50000-peach-mango-pneapple\\\/\"]}]},{\"@type\":\"ImageObject\",\"inLanguage\":\"es\",\"@id\":\"https:\\\/\\\/vozolvapen.de\\\/product\\\/hifancy-space-50000-peach-mango-pneapple\\\/#primaryimage\",\"url\":\"https:\\\/\\\/vozolvapen.de\\\/wp-content\\\/uploads\\\/2025\\\/12\\\/HIFANCY-SPACE-50000-Peach-Mango-Pneapple.webp\",\"contentUrl\":\"https:\\\/\\\/vozolvapen.de\\\/wp-content\\\/uploads\\\/2025\\\/12\\\/HIFANCY-SPACE-50000-Peach-Mango-Pneapple.webp\",\"width\":1000,\"height\":1000,\"caption\":\"Hifancy Space 50000 Peach Mango Pneapple Disposable Vape Device\"},{\"@type\":\"BreadcrumbList\",\"@id\":\"https:\\\/\\\/vozolvapen.de\\\/product\\\/hifancy-space-50000-peach-mango-pneapple\\\/#breadcrumb\",\"itemListElement\":[{\"@type\":\"ListItem\",\"position\":1,\"name\":\"Home\",\"item\":\"https:\\\/\\\/vozolvapen.de\\\/de\\\/\"},{\"@type\":\"ListItem\",\"position\":2,\"name\":\"Shop\",\"item\":\"https:\\\/\\\/vozolvapen.de\\\/shop\\\/\"},{\"@type\":\"ListItem\",\"position\":3,\"name\":\"HIFANCY SPACE 50000 &#8211; Peach Mango Pneapple\"}]},{\"@type\":\"WebSite\",\"@id\":\"https:\\\/\\\/vozolvapen.de\\\/#website\",\"url\":\"https:\\\/\\\/vozolvapen.de\\\/\",\"name\":\"vozolvapen\",\"description\":\"vozolvapen\",\"publisher\":{\"@id\":\"https:\\\/\\\/vozolvapen.de\\\/#organization\"},\"potentialAction\":[{\"@type\":\"SearchAction\",\"target\":{\"@type\":\"EntryPoint\",\"urlTemplate\":\"https:\\\/\\\/vozolvapen.de\\\/?s={search_term_string}\"},\"query-input\":{\"@type\":\"PropertyValueSpecification\",\"valueRequired\":true,\"valueName\":\"search_term_string\"}}],\"inLanguage\":\"es\"},{\"@type\":\"Organization\",\"@id\":\"https:\\\/\\\/vozolvapen.de\\\/#organization\",\"name\":\"vozolvapen\",\"url\":\"https:\\\/\\\/vozolvapen.de\\\/\",\"logo\":{\"@type\":\"ImageObject\",\"inLanguage\":\"es\",\"@id\":\"https:\\\/\\\/vozolvapen.de\\\/#\\\/schema\\\/logo\\\/image\\\/\",\"url\":\"https:\\\/\\\/vozolvapen.de\\\/wp-content\\\/uploads\\\/2025\\\/12\\\/cropped-vozovapen-logo.webp\",\"contentUrl\":\"https:\\\/\\\/vozolvapen.de\\\/wp-content\\\/uploads\\\/2025\\\/12\\\/cropped-vozovapen-logo.webp\",\"width\":470,\"height\":110,\"caption\":\"vozolvapen\"},\"image\":{\"@id\":\"https:\\\/\\\/vozolvapen.de\\\/#\\\/schema\\\/logo\\\/image\\\/\"}}]}<\/script>\n<!-- \/ Yoast SEO Premium plugin. -->","yoast_head_json":{"title":"Melocot\u00f3n, mango y pi\u00f1a HIFANCY SPACE 50k | 50 000 caladas - vozolvapen","description":"\u00a1Tr\u00edo tropical! Melocot\u00f3n, mango y pi\u00f1a HIFANCY SPACE 50000. 50 000 caladas, dep\u00f3sito de 30 ml y monitorizaci\u00f3n en pantalla completa. La experiencia de vapeo m\u00e1s suave con 50 000 caladas.","robots":{"index":"index","follow":"follow","max-snippet":"max-snippet:-1","max-image-preview":"max-image-preview:large","max-video-preview":"max-video-preview:-1"},"canonical":"https:\/\/vozolvapen.de\/es\/product\/hifancy-space-50000-melocoton-mango-pina\/","og_locale":"es_ES","og_type":"article","og_title":"HIFANCY SPACE 50000 - Peach Mango Pneapple","og_description":"Tropical trio! Peach Mango Pineapple HIFANCY SPACE 50000. 50k puffs, 30ml tank, and full screen monitoring. The smoothest 50k vape experience.","og_url":"https:\/\/vozolvapen.de\/es\/product\/hifancy-space-50000-melocoton-mango-pina\/","og_site_name":"vozolvapen","article_modified_time":"2026-02-10T10:55:27+00:00","og_image":[{"width":1000,"height":1000,"url":"https:\/\/vozolvapen.de\/wp-content\/uploads\/2025\/12\/HIFANCY-SPACE-50000-Peach-Mango-Pneapple.webp","type":"image\/webp"}],"twitter_card":"summary_large_image","twitter_misc":{"Tiempo de lectura":"2 minutos"},"schema":{"@context":"https:\/\/schema.org","@graph":[{"@type":"WebPage","@id":"https:\/\/vozolvapen.de\/product\/hifancy-space-50000-peach-mango-pneapple\/","url":"https:\/\/vozolvapen.de\/product\/hifancy-space-50000-peach-mango-pneapple\/","name":"Melocot\u00f3n, mango y pi\u00f1a HIFANCY SPACE 50k | 50 000 caladas - vozolvapen","isPartOf":{"@id":"https:\/\/vozolvapen.de\/#website"},"primaryImageOfPage":{"@id":"https:\/\/vozolvapen.de\/product\/hifancy-space-50000-peach-mango-pneapple\/#primaryimage"},"image":{"@id":"https:\/\/vozolvapen.de\/product\/hifancy-space-50000-peach-mango-pneapple\/#primaryimage"},"thumbnailUrl":"https:\/\/vozolvapen.de\/wp-content\/uploads\/2025\/12\/HIFANCY-SPACE-50000-Peach-Mango-Pneapple.webp","datePublished":"2025-12-31T02:45:46+00:00","dateModified":"2026-02-10T10:55:27+00:00","description":"\u00a1Tr\u00edo tropical! Melocot\u00f3n, mango y pi\u00f1a HIFANCY SPACE 50000. 50 000 caladas, dep\u00f3sito de 30 ml y monitorizaci\u00f3n en pantalla completa. La experiencia de vapeo m\u00e1s suave con 50 000 caladas.","breadcrumb":{"@id":"https:\/\/vozolvapen.de\/product\/hifancy-space-50000-peach-mango-pneapple\/#breadcrumb"},"inLanguage":"es","potentialAction":[{"@type":"ReadAction","target":["https:\/\/vozolvapen.de\/product\/hifancy-space-50000-peach-mango-pneapple\/"]}]},{"@type":"ImageObject","inLanguage":"es","@id":"https:\/\/vozolvapen.de\/product\/hifancy-space-50000-peach-mango-pneapple\/#primaryimage","url":"https:\/\/vozolvapen.de\/wp-content\/uploads\/2025\/12\/HIFANCY-SPACE-50000-Peach-Mango-Pneapple.webp","contentUrl":"https:\/\/vozolvapen.de\/wp-content\/uploads\/2025\/12\/HIFANCY-SPACE-50000-Peach-Mango-Pneapple.webp","width":1000,"height":1000,"caption":"Hifancy Space 50000 Peach Mango Pneapple Disposable Vape Device"},{"@type":"BreadcrumbList","@id":"https:\/\/vozolvapen.de\/product\/hifancy-space-50000-peach-mango-pneapple\/#breadcrumb","itemListElement":[{"@type":"ListItem","position":1,"name":"Home","item":"https:\/\/vozolvapen.de\/de\/"},{"@type":"ListItem","position":2,"name":"Shop","item":"https:\/\/vozolvapen.de\/shop\/"},{"@type":"ListItem","position":3,"name":"HIFANCY SPACE 50000 &#8211; Peach Mango Pneapple"}]},{"@type":"WebSite","@id":"https:\/\/vozolvapen.de\/#website","url":"https:\/\/vozolvapen.de\/","name":"vozolvapen","description":"vozolvapen","publisher":{"@id":"https:\/\/vozolvapen.de\/#organization"},"potentialAction":[{"@type":"SearchAction","target":{"@type":"EntryPoint","urlTemplate":"https:\/\/vozolvapen.de\/?s={search_term_string}"},"query-input":{"@type":"PropertyValueSpecification","valueRequired":true,"valueName":"search_term_string"}}],"inLanguage":"es"},{"@type":"Organization","@id":"https:\/\/vozolvapen.de\/#organization","name":"vozolvapen","url":"https:\/\/vozolvapen.de\/","logo":{"@type":"ImageObject","inLanguage":"es","@id":"https:\/\/vozolvapen.de\/#\/schema\/logo\/image\/","url":"https:\/\/vozolvapen.de\/wp-content\/uploads\/2025\/12\/cropped-vozovapen-logo.webp","contentUrl":"https:\/\/vozolvapen.de\/wp-content\/uploads\/2025\/12\/cropped-vozovapen-logo.webp","width":470,"height":110,"caption":"vozolvapen"},"image":{"@id":"https:\/\/vozolvapen.de\/#\/schema\/logo\/image\/"}}]}},"tiered_pricing_type":"fixed","tiered_pricing_fixed_rules":{"30":"14.45","50":"10.31","100":"9.81","200":"8.8"},"tiered_pricing_product_settings":{"layout":"default","base_unit_name":{"singular":null,"plural":null},"default_variation":{}},"tiered_pricing_minimum_quantity":10,"tiered_pricing_roles_data":[],"tiered_pricing_percentage_rules":[],"tiered_pricing_maximum_quantity":null,"tiered_pricing_quantity_step":"10","_links":{"self":[{"href":"https:\/\/vozolvapen.de\/es\/wp-json\/wp\/v2\/product\/49591","targetHints":{"allow":["GET"]}}],"collection":[{"href":"https:\/\/vozolvapen.de\/es\/wp-json\/wp\/v2\/product"}],"about":[{"href":"https:\/\/vozolvapen.de\/es\/wp-json\/wp\/v2\/types\/product"}],"replies":[{"embeddable":true,"href":"https:\/\/vozolvapen.de\/es\/wp-json\/wp\/v2\/comments?post=49591"}],"wp:featuredmedia":[{"embeddable":true,"href":"https:\/\/vozolvapen.de\/es\/wp-json\/wp\/v2\/media\/49774"}],"wp:attachment":[{"href":"https:\/\/vozolvapen.de\/es\/wp-json\/wp\/v2\/media?parent=49591"}],"wp:term":[{"taxonomy":"product_brand","embeddable":true,"href":"https:\/\/vozolvapen.de\/es\/wp-json\/wp\/v2\/product_brand?post=49591"},{"taxonomy":"product_cat","embeddable":true,"href":"https:\/\/vozolvapen.de\/es\/wp-json\/wp\/v2\/product_cat?post=49591"},{"taxonomy":"product_tag","embeddable":true,"href":"https:\/\/vozolvapen.de\/es\/wp-json\/wp\/v2\/product_tag?post=49591"}],"curies":[{"name":"wp","href":"https:\/\/api.w.org\/{rel}","templated":true}]}}