{"id":51925,"date":"2026-01-04T03:49:24","date_gmt":"2026-01-04T03:49:24","guid":{"rendered":"https:\/\/vozolvapen.de\/?post_type=product&#038;p=51925"},"modified":"2026-02-10T10:54:31","modified_gmt":"2026-02-10T10:54:31","slug":"100k-vape-waspe-aiviou-100k-candy-berry-series","status":"publish","type":"product","link":"https:\/\/vozolvapen.de\/es\/product\/100k-vape-waspe-aiviou-100k-candy-berry-series\/","title":{"rendered":"100k Vape Waspe Aiviou 100k \u2013 Serie Candy Berry"},"content":{"rendered":"<h1>100k Vape Waspe Aiviou 100k caladas \u2013 Serie Candy Berry<\/h1>\n<p data-path-to-node=\"9\"><b data-path-to-node=\"9\" data-index-in-node=\"0\">La fusi\u00f3n de caramelos de bayas:<\/b> Dise\u00f1ado para los golosos que exigen variedad. Este <b data-path-to-node=\"9\" data-index-in-node=\"79\">Waspe Aiviou 100k<\/b> Combina notas nost\u00e1lgicas de caramelo y profundas mezclas de bayas. El sistema de bobina de 4 mallas garantiza que cada una de las 100 000 caladas permanezca saturada de intenso sabor.<\/p>\n<h2 data-path-to-node=\"10\"><b data-path-to-node=\"10\" data-index-in-node=\"0\">La inmersi\u00f3n profunda en Sweet &amp; Berry<\/b><\/h2>\n<ul data-path-to-node=\"11\">\n<li>\n<p data-path-to-node=\"11,0,0\"><b data-path-to-node=\"11,0,0\" data-index-in-node=\"0\">Modo A \u2013 Fresa y sand\u00eda:<\/b> La fusi\u00f3n frutal dulce por excelencia.<\/p>\n<\/li>\n<li>\n<p data-path-to-node=\"11,1,0\"><b data-path-to-node=\"11,1,0\" data-index-in-node=\"0\">Modo B \u2013 Sr. Blue:<\/b> Una misteriosa y refrescante mezcla de frambuesas azules y moras.<\/p>\n<\/li>\n<li>\n<p data-path-to-node=\"11,2,0\"><b data-path-to-node=\"11,2,0\" data-index-in-node=\"0\">Modo C \u2013 Hielo de uva:<\/b> Uvas moradas dulces con un intenso regusto mentolado.<\/p>\n<\/li>\n<li>\n<p data-path-to-node=\"11,3,0\"><b data-path-to-node=\"11,3,0\" data-index-in-node=\"0\">Modo D \u2013 Caramelo arco\u00edris:<\/b> Una explosi\u00f3n azucarada y multifrutal que recuerda al pasillo de los snacks.<\/p>\n<\/li>\n<\/ul>\n<h2 data-path-to-node=\"12\"><b data-path-to-node=\"12\" data-index-in-node=\"0\">\u00bfPara qui\u00e9n es este sabor?<\/b><\/h2>\n<p data-path-to-node=\"12\"><b data-path-to-node=\"12\" data-index-in-node=\"24\">El buscador de dulzura:<\/b> Ideal para vapeadores que desean una gran capacidad. <b data-path-to-node=\"12\" data-index-in-node=\"84\">Vaper 100k<\/b> que sabe a un viaje a la tienda de golosinas.<\/p>\n<h3 data-path-to-node=\"5\"><b data-path-to-node=\"5\" data-index-in-node=\"0\">Serie Candy Berry: especificaciones<\/b><\/h3>\n<table data-path-to-node=\"6\">\n<thead>\n<tr>\n<td><strong>Perfil de rendimiento<\/strong><\/td>\n<td><strong>Datos t\u00e9cnicos del Waspe 100k<\/strong><\/td>\n<td><strong>\u00cdndice de experiencia de sabor<\/strong><\/td>\n<\/tr>\n<\/thead>\n<tbody>\n<tr>\n<td><span data-path-to-node=\"6,1,0,0\"><b data-path-to-node=\"6,1,0,0\" data-index-in-node=\"0\">Modelo<\/b><\/span><\/td>\n<td><span data-path-to-node=\"6,1,1,0\"><b data-path-to-node=\"6,1,1,0\" data-index-in-node=\"0\">Waspe Aiviou 100k<\/b><\/span><\/td>\n<td><span data-path-to-node=\"6,1,2,0\"><b data-path-to-node=\"6,1,2,0\" data-index-in-node=\"0\">Intensidad de enfriamiento:<\/b> \u2744\ufe0f\u2744\ufe0f<\/span><\/td>\n<\/tr>\n<tr>\n<td><span data-path-to-node=\"6,2,0,0\"><b data-path-to-node=\"6,2,0,0\" data-index-in-node=\"0\">Peso<\/b><\/span><\/td>\n<td><span data-path-to-node=\"6,2,1,0\">142 g Dise\u00f1o ergon\u00f3mico<\/span><\/td>\n<td><span data-path-to-node=\"6,2,2,0\"><b data-path-to-node=\"6,2,2,0\" data-index-in-node=\"0\">Nivel de dulzor:<\/b> \ud83c\udf6c\ud83c\udf6c\ud83c\udf6c\ud83c\udf6c\ud83c\udf6c<\/span><\/td>\n<\/tr>\n<tr>\n<td><span data-path-to-node=\"6,3,0,0\"><b data-path-to-node=\"6,3,0,0\" data-index-in-node=\"0\">Carga<\/b><\/span><\/td>\n<td><span data-path-to-node=\"6,3,1,0\">Carga r\u00e1pida tipo C<\/span><\/td>\n<td><span data-path-to-node=\"6,3,2,0\"><b data-path-to-node=\"6,3,2,0\" data-index-in-node=\"0\">Textura del caramelo:<\/b> \ud83c\udf6d\ud83c\udf6d\ud83c\udf6d\ud83c\udf6d\ud83c\udf6d<\/span><\/td>\n<\/tr>\n<tr>\n<td><span data-path-to-node=\"6,4,0,0\"><b data-path-to-node=\"6,4,0,0\" data-index-in-node=\"0\">Tecnolog\u00eda de bobinas<\/b><\/span><\/td>\n<td><span data-path-to-node=\"6,4,1,0\">4 bobinas de malla de 1,0 \u03a9<\/span><\/td>\n<td><span data-path-to-node=\"6,4,2,0\"><b data-path-to-node=\"6,4,2,0\" data-index-in-node=\"0\">Mejor flujo de aire:<\/b> Medio (Sabor Pop)<\/span><\/td>\n<\/tr>\n<\/tbody>\n<\/table>\n<h3 data-path-to-node=\"9,0\"><b data-path-to-node=\"9,0\" data-index-in-node=\"0\">\u00bfCu\u00e1ndo alimentar tu Waspe 100k?<\/b><\/h3>\n<p data-path-to-node=\"9,1\">El <b data-path-to-node=\"9,1\" data-index-in-node=\"4\">Waspe 4 en 1 100K<\/b> Es el accesorio definitivo para tu estilo de vida, dise\u00f1ado para aquellos que nunca quieren quedarse sin bater\u00eda en sus dispositivos.<\/p>\n<ul data-path-to-node=\"9,2\">\n<li>\n<p data-path-to-node=\"9,2,0,0\"><b data-path-to-node=\"9,2,0,0\" data-index-in-node=\"0\">El impulso matutino:<\/b> Pasa al modo Energ\u00eda para empezar el d\u00eda con un toque estimulante, como si te hubieras tomado un caf\u00e9.<\/p>\n<\/li>\n<li>\n<p data-path-to-node=\"9,2,1,0\"><b data-path-to-node=\"9,2,1,0\" data-index-in-node=\"0\">El largo recorrido:<\/b> \u00bfEst\u00e1s planeando un viaje por carretera? Esto <b data-path-to-node=\"9,2,1,0\" data-index-in-node=\"42\">vaper 100k<\/b> Giant te garantiza semanas de sabor sin necesidad de tener un repuesto.<\/p>\n<\/li>\n<li>\n<p data-path-to-node=\"9,2,2,0\"><b data-path-to-node=\"9,2,2,0\" data-index-in-node=\"0\">Reuniones sociales nocturnas:<\/b> Cambia a los modos \u201cIcy\u201d para disfrutar de una nube fresca y arom\u00e1tica que destaca entre la multitud.<\/p>\n<\/li>\n<\/ul>\n<p data-path-to-node=\"9,3\"><b data-path-to-node=\"9,3\" data-index-in-node=\"0\">Consejo profesional:<\/b> Como un dispositivo de alta capacidad <b data-path-to-node=\"9,3\" data-index-in-node=\"28\">Vaper 100k<\/b>, utiliza el puerto Type-C para recargar la bater\u00eda mientras tomas tu caf\u00e9 matutino y disfruta de un d\u00eda completo sin interrupciones. <b data-path-to-node=\"9,3\" data-index-in-node=\"142\">vaper 100k caladas<\/b>.<\/p>\n<h3 data-path-to-node=\"77\"><b data-path-to-node=\"77\" data-index-in-node=\"0\">Recomendaciones adicionales:<\/b><\/h3>\n<p data-path-to-node=\"78\">Descubre a\u00fan m\u00e1s sabores incre\u00edbles con el <b data-path-to-node=\"78\" data-index-in-node=\"47\">Waspe 4 en 1 100K Vape<\/b>!<\/p>\n<p data-path-to-node=\"79\"><a class=\"ng-star-inserted\" href=\"https:\/\/vozolvapen.de\/es\/categoria-de-producto\/waspe-vape\/100k-vape-waspe-aiviou-100k-4-in-1\/\" target=\"_blank\" rel=\"noopener\" data-hveid=\"0\" data-ved=\"0CAAQ_4QMahgKEwjxyYqx9_CRAxUAAAAAHQAAAAAQ9wE\">Ver todas las variedades aqu\u00ed \u2192<\/a><\/p>\n<p data-path-to-node=\"80\">Explora nuestra colecci\u00f3n completa y compra las mejores marcas de vapeo que te encantar\u00e1n.<\/p>\n<p data-path-to-node=\"81\"><a class=\"ng-star-inserted\" href=\"https:\/\/vozolvapen.de\/es\/\" target=\"_blank\" rel=\"noopener\" data-hveid=\"0\" data-ved=\"0CAAQ_4QMahgKEwjxyYqx9_CRAxUAAAAAHQAAAAAQ-AE\">Explora todas las marcas ahora \u2192<\/a><\/p>\n<p data-path-to-node=\"82\">Echa un vistazo al completo <b data-path-to-node=\"82\" data-index-in-node=\"23\">Waspe Aiviou<\/b> serie \u2014 \u00a1todos los sabores, todos los estilos!<\/p>\n<p data-path-to-node=\"83\"><a class=\"ng-star-inserted\" href=\"https:\/\/vozolvapen.de\/es\/categoria-de-producto\/waspe-vape\/\" target=\"_blank\" rel=\"noopener\" data-hveid=\"0\" data-ved=\"0CAAQ_4QMahgKEwjxyYqx9_CRAxUAAAAAHQAAAAAQ-QE\">Ver la colecci\u00f3n completa Waspe \u2192<\/a><\/p>","protected":false},"excerpt":{"rendered":"<p><b data-path-to-node=\"3,2,4,0\" data-index-in-node=\"0\">La marat\u00f3n m\u00e1s dulce.<\/b> Cambia entre cuatro c\u00e1psulas nost\u00e1lgicas de caramelos y bayas. Una gran capacidad. <b data-path-to-node=\"3,2,4,0\" data-index-in-node=\"91\">vaper 100k caladas<\/b> Gigante dise\u00f1ado para los aut\u00e9nticos golosos.<\/p>","protected":false},"featured_media":52370,"comment_status":"open","ping_status":"closed","template":"","meta":{"_acf_changed":false},"product_brand":[],"product_cat":[107,134],"product_tag":[],"class_list":{"0":"post-51925","1":"product","2":"type-product","3":"status-publish","4":"has-post-thumbnail","6":"product_cat-100k-vape-waspe-aiviou-100k-4-in-1","7":"product_cat-eu-warehouse-in-stock","9":"first","10":"instock","11":"shipping-taxable","12":"purchasable","13":"product-type-variable"},"acf":[],"yoast_head":"<!-- This site is optimized with the Yoast SEO Premium plugin v26.1 (Yoast SEO v27.5) - https:\/\/yoast.com\/product\/yoast-seo-premium-wordpress\/ -->\n<title>Candy Berry Waspe Aiviou 100k | 100k Vape Candy Mix - vozolvapen<\/title>\n<meta name=\"description\" content=\"Shop Candy Berry Waspe Aiviou 100k. A sweet 4-in-1 blend of Grape, Mr. Blue, and Candy. The perfect vaper 100k for those seeking a sugary, long-lasting hit.\" \/>\n<meta name=\"robots\" content=\"index, follow, max-snippet:-1, max-image-preview:large, max-video-preview:-1\" \/>\n<link rel=\"canonical\" href=\"https:\/\/vozolvapen.de\/es\/product\/100k-vape-waspe-aiviou-100k-candy-berry-series\/\" \/>\n<meta property=\"og:locale\" content=\"es_ES\" \/>\n<meta property=\"og:type\" content=\"article\" \/>\n<meta property=\"og:title\" content=\"100k Vape Waspe Aiviou 100k - Candy Berry Series\" \/>\n<meta property=\"og:description\" content=\"Shop Candy Berry Waspe Aiviou 100k. A sweet 4-in-1 blend of Grape, Mr. Blue, and Candy. The perfect vaper 100k for those seeking a sugary, long-lasting hit.\" \/>\n<meta property=\"og:url\" content=\"https:\/\/vozolvapen.de\/es\/product\/100k-vape-waspe-aiviou-100k-candy-berry-series\/\" \/>\n<meta property=\"og:site_name\" content=\"vozolvapen\" \/>\n<meta property=\"article:modified_time\" content=\"2026-02-10T10:54:31+00:00\" \/>\n<meta property=\"og:image\" content=\"https:\/\/vozolvapen.de\/wp-content\/uploads\/2026\/01\/waspe-100k-Strawberry-WatermelonMr.BlueGrape-lceRainbow-Candy.webp\" \/>\n\t<meta property=\"og:image:width\" content=\"1200\" \/>\n\t<meta property=\"og:image:height\" content=\"1200\" \/>\n\t<meta property=\"og:image:type\" content=\"image\/webp\" \/>\n<meta name=\"twitter:card\" content=\"summary_large_image\" \/>\n<meta name=\"twitter:label1\" content=\"Tiempo de lectura\" \/>\n\t<meta name=\"twitter:data1\" content=\"2 minutos\" \/>\n<script type=\"application\/ld+json\" class=\"yoast-schema-graph\">{\"@context\":\"https:\\\/\\\/schema.org\",\"@graph\":[{\"@type\":\"WebPage\",\"@id\":\"https:\\\/\\\/vozolvapen.de\\\/product\\\/100k-vape-waspe-aiviou-100k-candy-berry-series\\\/\",\"url\":\"https:\\\/\\\/vozolvapen.de\\\/product\\\/100k-vape-waspe-aiviou-100k-candy-berry-series\\\/\",\"name\":\"Candy Berry Waspe Aiviou 100k | 100k Vape Candy Mix - vozolvapen\",\"isPartOf\":{\"@id\":\"https:\\\/\\\/vozolvapen.de\\\/#website\"},\"primaryImageOfPage\":{\"@id\":\"https:\\\/\\\/vozolvapen.de\\\/product\\\/100k-vape-waspe-aiviou-100k-candy-berry-series\\\/#primaryimage\"},\"image\":{\"@id\":\"https:\\\/\\\/vozolvapen.de\\\/product\\\/100k-vape-waspe-aiviou-100k-candy-berry-series\\\/#primaryimage\"},\"thumbnailUrl\":\"https:\\\/\\\/vozolvapen.de\\\/wp-content\\\/uploads\\\/2026\\\/01\\\/waspe-100k-Strawberry-WatermelonMr.BlueGrape-lceRainbow-Candy.webp\",\"datePublished\":\"2026-01-04T03:49:24+00:00\",\"dateModified\":\"2026-02-10T10:54:31+00:00\",\"description\":\"Shop Candy Berry Waspe Aiviou 100k. A sweet 4-in-1 blend of Grape, Mr. Blue, and Candy. The perfect vaper 100k for those seeking a sugary, long-lasting hit.\",\"breadcrumb\":{\"@id\":\"https:\\\/\\\/vozolvapen.de\\\/product\\\/100k-vape-waspe-aiviou-100k-candy-berry-series\\\/#breadcrumb\"},\"inLanguage\":\"es\",\"potentialAction\":[{\"@type\":\"ReadAction\",\"target\":[\"https:\\\/\\\/vozolvapen.de\\\/product\\\/100k-vape-waspe-aiviou-100k-candy-berry-series\\\/\"]}]},{\"@type\":\"ImageObject\",\"inLanguage\":\"es\",\"@id\":\"https:\\\/\\\/vozolvapen.de\\\/product\\\/100k-vape-waspe-aiviou-100k-candy-berry-series\\\/#primaryimage\",\"url\":\"https:\\\/\\\/vozolvapen.de\\\/wp-content\\\/uploads\\\/2026\\\/01\\\/waspe-100k-Strawberry-WatermelonMr.BlueGrape-lceRainbow-Candy.webp\",\"contentUrl\":\"https:\\\/\\\/vozolvapen.de\\\/wp-content\\\/uploads\\\/2026\\\/01\\\/waspe-100k-Strawberry-WatermelonMr.BlueGrape-lceRainbow-Candy.webp\",\"width\":1200,\"height\":1200,\"caption\":\"Waspe 100k Strawberry Watermelonmr.bluegrape Lcerainbow Candy Disposable Vape Device\"},{\"@type\":\"BreadcrumbList\",\"@id\":\"https:\\\/\\\/vozolvapen.de\\\/product\\\/100k-vape-waspe-aiviou-100k-candy-berry-series\\\/#breadcrumb\",\"itemListElement\":[{\"@type\":\"ListItem\",\"position\":1,\"name\":\"Home\",\"item\":\"https:\\\/\\\/vozolvapen.de\\\/de\\\/\"},{\"@type\":\"ListItem\",\"position\":2,\"name\":\"Shop\",\"item\":\"https:\\\/\\\/vozolvapen.de\\\/shop\\\/\"},{\"@type\":\"ListItem\",\"position\":3,\"name\":\"100k Vape Waspe Aiviou 100k &#8211; Candy Berry Series\"}]},{\"@type\":\"WebSite\",\"@id\":\"https:\\\/\\\/vozolvapen.de\\\/#website\",\"url\":\"https:\\\/\\\/vozolvapen.de\\\/\",\"name\":\"vozolvapen\",\"description\":\"vozolvapen\",\"publisher\":{\"@id\":\"https:\\\/\\\/vozolvapen.de\\\/#organization\"},\"potentialAction\":[{\"@type\":\"SearchAction\",\"target\":{\"@type\":\"EntryPoint\",\"urlTemplate\":\"https:\\\/\\\/vozolvapen.de\\\/?s={search_term_string}\"},\"query-input\":{\"@type\":\"PropertyValueSpecification\",\"valueRequired\":true,\"valueName\":\"search_term_string\"}}],\"inLanguage\":\"es\"},{\"@type\":\"Organization\",\"@id\":\"https:\\\/\\\/vozolvapen.de\\\/#organization\",\"name\":\"vozolvapen\",\"url\":\"https:\\\/\\\/vozolvapen.de\\\/\",\"logo\":{\"@type\":\"ImageObject\",\"inLanguage\":\"es\",\"@id\":\"https:\\\/\\\/vozolvapen.de\\\/#\\\/schema\\\/logo\\\/image\\\/\",\"url\":\"https:\\\/\\\/vozolvapen.de\\\/wp-content\\\/uploads\\\/2025\\\/12\\\/cropped-vozovapen-logo.webp\",\"contentUrl\":\"https:\\\/\\\/vozolvapen.de\\\/wp-content\\\/uploads\\\/2025\\\/12\\\/cropped-vozovapen-logo.webp\",\"width\":470,\"height\":110,\"caption\":\"vozolvapen\"},\"image\":{\"@id\":\"https:\\\/\\\/vozolvapen.de\\\/#\\\/schema\\\/logo\\\/image\\\/\"}}]}<\/script>\n<!-- \/ Yoast SEO Premium plugin. -->","yoast_head_json":{"title":"Candy Berry Waspe Aiviou 100k | Mezcla de caramelos para vapeo 100k - vozolvapen","description":"Compra Candy Berry Waspe Aiviou 100k. Una dulce mezcla 4 en 1 de uva, Mr. Blue y caramelo. El vaporizador perfecto 100k para aquellos que buscan un golpe azucarado y duradero.","robots":{"index":"index","follow":"follow","max-snippet":"max-snippet:-1","max-image-preview":"max-image-preview:large","max-video-preview":"max-video-preview:-1"},"canonical":"https:\/\/vozolvapen.de\/es\/product\/100k-vape-waspe-aiviou-100k-candy-berry-series\/","og_locale":"es_ES","og_type":"article","og_title":"100k Vape Waspe Aiviou 100k - Candy Berry Series","og_description":"Shop Candy Berry Waspe Aiviou 100k. A sweet 4-in-1 blend of Grape, Mr. Blue, and Candy. The perfect vaper 100k for those seeking a sugary, long-lasting hit.","og_url":"https:\/\/vozolvapen.de\/es\/product\/100k-vape-waspe-aiviou-100k-candy-berry-series\/","og_site_name":"vozolvapen","article_modified_time":"2026-02-10T10:54:31+00:00","og_image":[{"width":1200,"height":1200,"url":"https:\/\/vozolvapen.de\/wp-content\/uploads\/2026\/01\/waspe-100k-Strawberry-WatermelonMr.BlueGrape-lceRainbow-Candy.webp","type":"image\/webp"}],"twitter_card":"summary_large_image","twitter_misc":{"Tiempo de lectura":"2 minutos"},"schema":{"@context":"https:\/\/schema.org","@graph":[{"@type":"WebPage","@id":"https:\/\/vozolvapen.de\/product\/100k-vape-waspe-aiviou-100k-candy-berry-series\/","url":"https:\/\/vozolvapen.de\/product\/100k-vape-waspe-aiviou-100k-candy-berry-series\/","name":"Candy Berry Waspe Aiviou 100k | Mezcla de caramelos para vapeo 100k - vozolvapen","isPartOf":{"@id":"https:\/\/vozolvapen.de\/#website"},"primaryImageOfPage":{"@id":"https:\/\/vozolvapen.de\/product\/100k-vape-waspe-aiviou-100k-candy-berry-series\/#primaryimage"},"image":{"@id":"https:\/\/vozolvapen.de\/product\/100k-vape-waspe-aiviou-100k-candy-berry-series\/#primaryimage"},"thumbnailUrl":"https:\/\/vozolvapen.de\/wp-content\/uploads\/2026\/01\/waspe-100k-Strawberry-WatermelonMr.BlueGrape-lceRainbow-Candy.webp","datePublished":"2026-01-04T03:49:24+00:00","dateModified":"2026-02-10T10:54:31+00:00","description":"Compra Candy Berry Waspe Aiviou 100k. Una dulce mezcla 4 en 1 de uva, Mr. Blue y caramelo. El vaporizador perfecto 100k para aquellos que buscan un golpe azucarado y duradero.","breadcrumb":{"@id":"https:\/\/vozolvapen.de\/product\/100k-vape-waspe-aiviou-100k-candy-berry-series\/#breadcrumb"},"inLanguage":"es","potentialAction":[{"@type":"ReadAction","target":["https:\/\/vozolvapen.de\/product\/100k-vape-waspe-aiviou-100k-candy-berry-series\/"]}]},{"@type":"ImageObject","inLanguage":"es","@id":"https:\/\/vozolvapen.de\/product\/100k-vape-waspe-aiviou-100k-candy-berry-series\/#primaryimage","url":"https:\/\/vozolvapen.de\/wp-content\/uploads\/2026\/01\/waspe-100k-Strawberry-WatermelonMr.BlueGrape-lceRainbow-Candy.webp","contentUrl":"https:\/\/vozolvapen.de\/wp-content\/uploads\/2026\/01\/waspe-100k-Strawberry-WatermelonMr.BlueGrape-lceRainbow-Candy.webp","width":1200,"height":1200,"caption":"Waspe 100k Strawberry Watermelonmr.bluegrape Lcerainbow Candy Disposable Vape Device"},{"@type":"BreadcrumbList","@id":"https:\/\/vozolvapen.de\/product\/100k-vape-waspe-aiviou-100k-candy-berry-series\/#breadcrumb","itemListElement":[{"@type":"ListItem","position":1,"name":"Home","item":"https:\/\/vozolvapen.de\/de\/"},{"@type":"ListItem","position":2,"name":"Shop","item":"https:\/\/vozolvapen.de\/shop\/"},{"@type":"ListItem","position":3,"name":"100k Vape Waspe Aiviou 100k &#8211; Candy Berry Series"}]},{"@type":"WebSite","@id":"https:\/\/vozolvapen.de\/#website","url":"https:\/\/vozolvapen.de\/","name":"vozolvapen","description":"vozolvapen","publisher":{"@id":"https:\/\/vozolvapen.de\/#organization"},"potentialAction":[{"@type":"SearchAction","target":{"@type":"EntryPoint","urlTemplate":"https:\/\/vozolvapen.de\/?s={search_term_string}"},"query-input":{"@type":"PropertyValueSpecification","valueRequired":true,"valueName":"search_term_string"}}],"inLanguage":"es"},{"@type":"Organization","@id":"https:\/\/vozolvapen.de\/#organization","name":"vozolvapen","url":"https:\/\/vozolvapen.de\/","logo":{"@type":"ImageObject","inLanguage":"es","@id":"https:\/\/vozolvapen.de\/#\/schema\/logo\/image\/","url":"https:\/\/vozolvapen.de\/wp-content\/uploads\/2025\/12\/cropped-vozovapen-logo.webp","contentUrl":"https:\/\/vozolvapen.de\/wp-content\/uploads\/2025\/12\/cropped-vozovapen-logo.webp","width":470,"height":110,"caption":"vozolvapen"},"image":{"@id":"https:\/\/vozolvapen.de\/#\/schema\/logo\/image\/"}}]}},"tiered_pricing_type":"fixed","tiered_pricing_fixed_rules":{"30":"13.57","50":"11.57","100":"10.57","200":"10.07"},"tiered_pricing_product_settings":{"layout":"default","base_unit_name":{"singular":null,"plural":null},"default_variation":{}},"tiered_pricing_minimum_quantity":10,"tiered_pricing_roles_data":[],"tiered_pricing_percentage_rules":[],"tiered_pricing_maximum_quantity":null,"tiered_pricing_quantity_step":"10","_links":{"self":[{"href":"https:\/\/vozolvapen.de\/es\/wp-json\/wp\/v2\/product\/51925","targetHints":{"allow":["GET"]}}],"collection":[{"href":"https:\/\/vozolvapen.de\/es\/wp-json\/wp\/v2\/product"}],"about":[{"href":"https:\/\/vozolvapen.de\/es\/wp-json\/wp\/v2\/types\/product"}],"replies":[{"embeddable":true,"href":"https:\/\/vozolvapen.de\/es\/wp-json\/wp\/v2\/comments?post=51925"}],"wp:featuredmedia":[{"embeddable":true,"href":"https:\/\/vozolvapen.de\/es\/wp-json\/wp\/v2\/media\/52370"}],"wp:attachment":[{"href":"https:\/\/vozolvapen.de\/es\/wp-json\/wp\/v2\/media?parent=51925"}],"wp:term":[{"taxonomy":"product_brand","embeddable":true,"href":"https:\/\/vozolvapen.de\/es\/wp-json\/wp\/v2\/product_brand?post=51925"},{"taxonomy":"product_cat","embeddable":true,"href":"https:\/\/vozolvapen.de\/es\/wp-json\/wp\/v2\/product_cat?post=51925"},{"taxonomy":"product_tag","embeddable":true,"href":"https:\/\/vozolvapen.de\/es\/wp-json\/wp\/v2\/product_tag?post=51925"}],"curies":[{"name":"wp","href":"https:\/\/api.w.org\/{rel}","templated":true}]}}