{"id":52165,"date":"2026-01-04T03:49:36","date_gmt":"2026-01-04T03:49:36","guid":{"rendered":"https:\/\/vozolvapen.de\/?post_type=product&#038;p=52165"},"modified":"2026-02-10T10:54:19","modified_gmt":"2026-02-10T10:54:19","slug":"100k-vape-waspe-aiviou-100k-peach-paradise-series","status":"publish","type":"product","link":"https:\/\/vozolvapen.de\/es\/product\/100k-vape-waspe-aiviou-100k-peach-paradise-series\/","title":{"rendered":"100k Vape Waspe Aiviou 100k \u2013 Serie Peach Paradise"},"content":{"rendered":"<h1>100k Vape Waspe Aiviou 100k caladas \u2013 Serie Peach Paradise<\/h1>\n<p data-path-to-node=\"45\"><b data-path-to-node=\"45\" data-index-in-node=\"0\">El surtido de melocot\u00f3n y frutas tropicales:<\/b> Para aquellos que anhelan la dulzura difusa del melocot\u00f3n combinada con una explosi\u00f3n de notas tropicales. Esto <b data-path-to-node=\"45\" data-index-in-node=\"121\">Waspe Aiviou 100k<\/b> utiliza su sistema de bobina de 4 mallas para ofrecer una experiencia similar a la de un bar de zumos.<\/p>\n<h2 data-path-to-node=\"46\"><b data-path-to-node=\"46\" data-index-in-node=\"0\">La fruta dorada: an\u00e1lisis en profundidad<\/b><\/h2>\n<ul data-path-to-node=\"47\">\n<li>\n<p data-path-to-node=\"47,0,0\"><b data-path-to-node=\"47,0,0\" data-index-in-node=\"0\">Modo A \u2013 Hielo de melocot\u00f3n jugoso:<\/b> Melocotones madurados al sol con una capa fr\u00eda de mentol.<\/p>\n<\/li>\n<li>\n<p data-path-to-node=\"47,1,0\"><b data-path-to-node=\"47,1,0\" data-index-in-node=\"0\">Modo B \u2013 Fruta tropical:<\/b> Una mezcla intensa de guayaba, maracuy\u00e1 y pi\u00f1a.<\/p>\n<\/li>\n<li>\n<p data-path-to-node=\"47,2,0\"><b data-path-to-node=\"47,2,0\" data-index-in-node=\"0\">Modo C \u2013 Explosi\u00f3n de frutas:<\/b> Una \u201cdosis\u201d de alta intensidad de siropes de frutas mixtas.<\/p>\n<\/li>\n<li>\n<p data-path-to-node=\"47,3,0\"><b data-path-to-node=\"47,3,0\" data-index-in-node=\"0\">Modo D \u2013 Melocot\u00f3n y bayas:<\/b> Suaves notas de melocot\u00f3n combinadas con la acidez \u00e1cida de las bayas.<\/p>\n<\/li>\n<\/ul>\n<h2 data-path-to-node=\"48\"><b data-path-to-node=\"48\" data-index-in-node=\"0\">\u00bfPara qui\u00e9n es este sabor?<\/b><\/h2>\n<p data-path-to-node=\"48\"><b data-path-to-node=\"48\" data-index-in-node=\"24\">El alma de la isla:<\/b> Perfecto para los vapeadores que buscan un producto hidratante y bronceador. <b data-path-to-node=\"48\" data-index-in-node=\"98\">vaper 100k<\/b> experiencia.<\/p>\n<h3 data-path-to-node=\"23\"><b data-path-to-node=\"23\" data-index-in-node=\"0\">Serie Peach Paradise: especificaciones<\/b><\/h3>\n<table data-path-to-node=\"24\">\n<thead>\n<tr>\n<td><strong>Perfil de rendimiento<\/strong><\/td>\n<td><strong>Datos t\u00e9cnicos del Waspe 100k<\/strong><\/td>\n<td><strong>\u00cdndice de experiencia de sabor<\/strong><\/td>\n<\/tr>\n<\/thead>\n<tbody>\n<tr>\n<td><span data-path-to-node=\"24,1,0,0\"><b data-path-to-node=\"24,1,0,0\" data-index-in-node=\"0\">Nombre de la serie<\/b><\/span><\/td>\n<td><span data-path-to-node=\"24,1,1,0\"><b data-path-to-node=\"24,1,1,0\" data-index-in-node=\"0\">Vaper 100k<\/b> Mezcla de melocot\u00f3n<\/span><\/td>\n<td><span data-path-to-node=\"24,1,2,0\"><b data-path-to-node=\"24,1,2,0\" data-index-in-node=\"0\">Nivel de jugosidad:<\/b> \ud83c\udf51\ud83c\udf51\ud83c\udf51\ud83c\udf51\ud83c\udf51<\/span><\/td>\n<\/tr>\n<tr>\n<td><span data-path-to-node=\"24,2,0,0\"><b data-path-to-node=\"24,2,0,0\" data-index-in-node=\"0\">Dep\u00f3sito de l\u00edquido<\/b><\/span><\/td>\n<td><span data-path-to-node=\"24,2,1,0\">4 dep\u00f3sitos independientes de 14 ml<\/span><\/td>\n<td><span data-path-to-node=\"24,2,2,0\"><b data-path-to-node=\"24,2,2,0\" data-index-in-node=\"0\">Mezcla tropical:<\/b> \ud83e\udd6d\ud83e\udd6d\ud83e\udd6d<\/span><\/td>\n<\/tr>\n<tr>\n<td><span data-path-to-node=\"24,3,0,0\"><b data-path-to-node=\"24,3,0,0\" data-index-in-node=\"0\">Puerto de carga<\/b><\/span><\/td>\n<td><span data-path-to-node=\"24,3,1,0\">Tipo C universal<\/span><\/td>\n<td><span data-path-to-node=\"24,3,2,0\"><b data-path-to-node=\"24,3,2,0\" data-index-in-node=\"0\">Intensidad de enfriamiento:<\/b> \u2744\ufe0f\u2744\ufe0f\u2744\ufe0f<\/span><\/td>\n<\/tr>\n<tr>\n<td><span data-path-to-node=\"24,4,0,0\"><b data-path-to-node=\"24,4,0,0\" data-index-in-node=\"0\">Total de bocanadas<\/b><\/span><\/td>\n<td><span data-path-to-node=\"24,4,1,0\">100 000 garantizados<\/span><\/td>\n<td><span data-path-to-node=\"24,4,2,0\"><b data-path-to-node=\"24,4,2,0\" data-index-in-node=\"0\">Mejor flujo de aire:<\/b> Totalmente abierto<\/span><\/td>\n<\/tr>\n<\/tbody>\n<\/table>\n<h3 data-path-to-node=\"17,0\"><b data-path-to-node=\"17,0\" data-index-in-node=\"0\">Por qu\u00e9 el Vaper 100k es el est\u00e1ndar de oro de la industria<\/b><\/h3>\n<p data-path-to-node=\"17,1\">No todos los dispositivos de alta potencia son iguales. El <b data-path-to-node=\"17,1\" data-index-in-node=\"49\">Waspe 4 en 1 100K<\/b> Est\u00e1 fabricado con materiales de grado m\u00e9dico y componentes electr\u00f3nicos de precisi\u00f3n.<\/p>\n<ul data-path-to-node=\"17,2\">\n<li>\n<p data-path-to-node=\"17,2,0,0\"><b data-path-to-node=\"17,2,0,0\" data-index-in-node=\"0\">Log\u00edstica inteligente con LED:<\/b> La pantalla en tiempo real de tu <b data-path-to-node=\"17,2,0,0\" data-index-in-node=\"50\">Waspe 100k<\/b> Controla tanto la bater\u00eda como el dep\u00f3sito de e-l\u00edquido de 56 ml con una precisi\u00f3n de 99%.<\/p>\n<\/li>\n<li>\n<p data-path-to-node=\"17,2,1,0\"><b data-path-to-node=\"17,2,1,0\" data-index-in-node=\"0\">Dise\u00f1o ergon\u00f3mico:<\/b> Con 142 g, este <b data-path-to-node=\"17,2,1,0\" data-index-in-node=\"32\">100k vape<\/b> proporciona una sensaci\u00f3n de solidez y calidad sin resultar voluminoso, con solo 47 mm de ancho.<\/p>\n<\/li>\n<li>\n<p data-path-to-node=\"17,2,2,0\"><b data-path-to-node=\"17,2,2,0\" data-index-in-node=\"0\">La seguridad es lo primero:<\/b> El <b data-path-to-node=\"17,2,2,0\" data-index-in-node=\"18\">Waspe Aiviou 100k<\/b> Cuenta con protecci\u00f3n contra sobrecargas y prevenci\u00f3n de cortocircuitos, lo que lo convierte en una opci\u00f3n fiable para quienes buscan un dispositivo seguro. <b data-path-to-node=\"17,2,2,0\" data-index-in-node=\"150\">vaper 100k caladas<\/b> experiencia.<\/p>\n<\/li>\n<\/ul>\n<h3 data-path-to-node=\"77\"><b data-path-to-node=\"77\" data-index-in-node=\"0\">Recomendaciones adicionales:<\/b><\/h3>\n<p data-path-to-node=\"78\">Descubre a\u00fan m\u00e1s sabores incre\u00edbles con el <b data-path-to-node=\"78\" data-index-in-node=\"47\">Waspe 4 en 1 100K Vape<\/b>!<\/p>\n<p data-path-to-node=\"79\"><a class=\"ng-star-inserted\" href=\"https:\/\/vozolvapen.de\/es\/categoria-de-producto\/waspe-vape\/100k-vape-waspe-aiviou-100k-4-in-1\/\" target=\"_blank\" rel=\"noopener\" data-hveid=\"0\" data-ved=\"0CAAQ_4QMahgKEwjxyYqx9_CRAxUAAAAAHQAAAAAQ9wE\">Ver todas las variedades aqu\u00ed \u2192<\/a><\/p>\n<p data-path-to-node=\"80\">Explora nuestra colecci\u00f3n completa y compra las mejores marcas de vapeo que te encantar\u00e1n.<\/p>\n<p data-path-to-node=\"81\"><a class=\"ng-star-inserted\" href=\"https:\/\/vozolvapen.de\/es\/\" target=\"_blank\" rel=\"noopener\" data-hveid=\"0\" data-ved=\"0CAAQ_4QMahgKEwjxyYqx9_CRAxUAAAAAHQAAAAAQ-AE\">Explora todas las marcas ahora \u2192<\/a><\/p>\n<p data-path-to-node=\"82\">Echa un vistazo al completo <b data-path-to-node=\"82\" data-index-in-node=\"23\">Waspe Aiviou<\/b> serie \u2014 \u00a1todos los sabores, todos los estilos!<\/p>\n<p data-path-to-node=\"83\"><a class=\"ng-star-inserted\" href=\"https:\/\/vozolvapen.de\/es\/categoria-de-producto\/waspe-vape\/\" target=\"_blank\" rel=\"noopener\" data-hveid=\"0\" data-ved=\"0CAAQ_4QMahgKEwjxyYqx9_CRAxUAAAAAHQAAAAAQ-QE\">Ver la colecci\u00f3n completa Waspe \u2192<\/a><\/p>","protected":false},"excerpt":{"rendered":"<p><b data-path-to-node=\"3,8,4,0\" data-index-in-node=\"0\">El Retiro de Terciopelo.<\/b> Melocot\u00f3n suave y jugoso combinado con frutas ex\u00f3ticas de la isla. Un aroma <b data-path-to-node=\"3,8,4,0\" data-index-in-node=\"80\">vaper 100k<\/b> que se siente como unas vacaciones tropicales en cada calada.<\/p>","protected":false},"featured_media":52388,"comment_status":"open","ping_status":"closed","template":"","meta":{"_acf_changed":false},"product_brand":[],"product_cat":[107,134],"product_tag":[],"class_list":{"0":"post-52165","1":"product","2":"type-product","3":"status-publish","4":"has-post-thumbnail","6":"product_cat-100k-vape-waspe-aiviou-100k-4-in-1","7":"product_cat-eu-warehouse-in-stock","9":"first","10":"instock","11":"shipping-taxable","12":"purchasable","13":"product-type-variable"},"acf":[],"yoast_head":"<!-- This site is optimized with the Yoast SEO Premium plugin v26.1 (Yoast SEO v27.5) - https:\/\/yoast.com\/product\/yoast-seo-premium-wordpress\/ -->\n<title>Peach Paradise Waspe 100k | Tropical Peach 4-in-1 - vozolvapen<\/title>\n<meta name=\"description\" content=\"Shop Peach Paradise Waspe 100k. Velvet Peach and Tropical Fruit 4-in-1 pods. 100,000 puffs, Type-C charging. Top-rated Waspe Aiviou 100k.\" \/>\n<meta name=\"robots\" content=\"index, follow, max-snippet:-1, max-image-preview:large, max-video-preview:-1\" \/>\n<link rel=\"canonical\" href=\"https:\/\/vozolvapen.de\/es\/product\/100k-vape-waspe-aiviou-100k-peach-paradise-series\/\" \/>\n<meta property=\"og:locale\" content=\"es_ES\" \/>\n<meta property=\"og:type\" content=\"article\" \/>\n<meta property=\"og:title\" content=\"100k Vape Waspe Aiviou 100k - Peach Paradise Series\" \/>\n<meta property=\"og:description\" content=\"Shop Peach Paradise Waspe 100k. Velvet Peach and Tropical Fruit 4-in-1 pods. 100,000 puffs, Type-C charging. Top-rated Waspe Aiviou 100k.\" \/>\n<meta property=\"og:url\" content=\"https:\/\/vozolvapen.de\/es\/product\/100k-vape-waspe-aiviou-100k-peach-paradise-series\/\" \/>\n<meta property=\"og:site_name\" content=\"vozolvapen\" \/>\n<meta property=\"article:modified_time\" content=\"2026-02-10T10:54:19+00:00\" \/>\n<meta property=\"og:image\" content=\"https:\/\/vozolvapen.de\/wp-content\/uploads\/2026\/01\/waspe-100k-Juicy-Peach-lceTropical-FruitFruit-BlastPeach-Berry.webp\" \/>\n\t<meta property=\"og:image:width\" content=\"1200\" \/>\n\t<meta property=\"og:image:height\" content=\"1200\" \/>\n\t<meta property=\"og:image:type\" content=\"image\/webp\" \/>\n<meta name=\"twitter:card\" content=\"summary_large_image\" \/>\n<meta name=\"twitter:label1\" content=\"Tiempo de lectura\" \/>\n\t<meta name=\"twitter:data1\" content=\"2 minutos\" \/>\n<script type=\"application\/ld+json\" class=\"yoast-schema-graph\">{\"@context\":\"https:\\\/\\\/schema.org\",\"@graph\":[{\"@type\":\"WebPage\",\"@id\":\"https:\\\/\\\/vozolvapen.de\\\/product\\\/100k-vape-waspe-aiviou-100k-peach-paradise-series\\\/\",\"url\":\"https:\\\/\\\/vozolvapen.de\\\/product\\\/100k-vape-waspe-aiviou-100k-peach-paradise-series\\\/\",\"name\":\"Peach Paradise Waspe 100k | Tropical Peach 4-in-1 - vozolvapen\",\"isPartOf\":{\"@id\":\"https:\\\/\\\/vozolvapen.de\\\/#website\"},\"primaryImageOfPage\":{\"@id\":\"https:\\\/\\\/vozolvapen.de\\\/product\\\/100k-vape-waspe-aiviou-100k-peach-paradise-series\\\/#primaryimage\"},\"image\":{\"@id\":\"https:\\\/\\\/vozolvapen.de\\\/product\\\/100k-vape-waspe-aiviou-100k-peach-paradise-series\\\/#primaryimage\"},\"thumbnailUrl\":\"https:\\\/\\\/vozolvapen.de\\\/wp-content\\\/uploads\\\/2026\\\/01\\\/waspe-100k-Juicy-Peach-lceTropical-FruitFruit-BlastPeach-Berry.webp\",\"datePublished\":\"2026-01-04T03:49:36+00:00\",\"dateModified\":\"2026-02-10T10:54:19+00:00\",\"description\":\"Shop Peach Paradise Waspe 100k. Velvet Peach and Tropical Fruit 4-in-1 pods. 100,000 puffs, Type-C charging. Top-rated Waspe Aiviou 100k.\",\"breadcrumb\":{\"@id\":\"https:\\\/\\\/vozolvapen.de\\\/product\\\/100k-vape-waspe-aiviou-100k-peach-paradise-series\\\/#breadcrumb\"},\"inLanguage\":\"es\",\"potentialAction\":[{\"@type\":\"ReadAction\",\"target\":[\"https:\\\/\\\/vozolvapen.de\\\/product\\\/100k-vape-waspe-aiviou-100k-peach-paradise-series\\\/\"]}]},{\"@type\":\"ImageObject\",\"inLanguage\":\"es\",\"@id\":\"https:\\\/\\\/vozolvapen.de\\\/product\\\/100k-vape-waspe-aiviou-100k-peach-paradise-series\\\/#primaryimage\",\"url\":\"https:\\\/\\\/vozolvapen.de\\\/wp-content\\\/uploads\\\/2026\\\/01\\\/waspe-100k-Juicy-Peach-lceTropical-FruitFruit-BlastPeach-Berry.webp\",\"contentUrl\":\"https:\\\/\\\/vozolvapen.de\\\/wp-content\\\/uploads\\\/2026\\\/01\\\/waspe-100k-Juicy-Peach-lceTropical-FruitFruit-BlastPeach-Berry.webp\",\"width\":1200,\"height\":1200,\"caption\":\"Waspe 100k Juicy Peach Lcetropical Fruitfruit Blastpeach Berry Disposable Vape Device\"},{\"@type\":\"BreadcrumbList\",\"@id\":\"https:\\\/\\\/vozolvapen.de\\\/product\\\/100k-vape-waspe-aiviou-100k-peach-paradise-series\\\/#breadcrumb\",\"itemListElement\":[{\"@type\":\"ListItem\",\"position\":1,\"name\":\"Home\",\"item\":\"https:\\\/\\\/vozolvapen.de\\\/de\\\/\"},{\"@type\":\"ListItem\",\"position\":2,\"name\":\"Shop\",\"item\":\"https:\\\/\\\/vozolvapen.de\\\/shop\\\/\"},{\"@type\":\"ListItem\",\"position\":3,\"name\":\"100k Vape Waspe Aiviou 100k &#8211; Peach Paradise Series\"}]},{\"@type\":\"WebSite\",\"@id\":\"https:\\\/\\\/vozolvapen.de\\\/#website\",\"url\":\"https:\\\/\\\/vozolvapen.de\\\/\",\"name\":\"vozolvapen\",\"description\":\"vozolvapen\",\"publisher\":{\"@id\":\"https:\\\/\\\/vozolvapen.de\\\/#organization\"},\"potentialAction\":[{\"@type\":\"SearchAction\",\"target\":{\"@type\":\"EntryPoint\",\"urlTemplate\":\"https:\\\/\\\/vozolvapen.de\\\/?s={search_term_string}\"},\"query-input\":{\"@type\":\"PropertyValueSpecification\",\"valueRequired\":true,\"valueName\":\"search_term_string\"}}],\"inLanguage\":\"es\"},{\"@type\":\"Organization\",\"@id\":\"https:\\\/\\\/vozolvapen.de\\\/#organization\",\"name\":\"vozolvapen\",\"url\":\"https:\\\/\\\/vozolvapen.de\\\/\",\"logo\":{\"@type\":\"ImageObject\",\"inLanguage\":\"es\",\"@id\":\"https:\\\/\\\/vozolvapen.de\\\/#\\\/schema\\\/logo\\\/image\\\/\",\"url\":\"https:\\\/\\\/vozolvapen.de\\\/wp-content\\\/uploads\\\/2025\\\/12\\\/cropped-vozovapen-logo.webp\",\"contentUrl\":\"https:\\\/\\\/vozolvapen.de\\\/wp-content\\\/uploads\\\/2025\\\/12\\\/cropped-vozovapen-logo.webp\",\"width\":470,\"height\":110,\"caption\":\"vozolvapen\"},\"image\":{\"@id\":\"https:\\\/\\\/vozolvapen.de\\\/#\\\/schema\\\/logo\\\/image\\\/\"}}]}<\/script>\n<!-- \/ Yoast SEO Premium plugin. -->","yoast_head_json":{"title":"Peach Paradise Waspe 100k | Melocot\u00f3n tropical 4 en 1 - vozolvapen","description":"Compra Peach Paradise Waspe 100k. C\u00e1psulas 4 en 1 de melocot\u00f3n aterciopelado y frutas tropicales. 100 000 caladas, carga tipo C. Waspe Aiviou 100k, el mejor valorado.","robots":{"index":"index","follow":"follow","max-snippet":"max-snippet:-1","max-image-preview":"max-image-preview:large","max-video-preview":"max-video-preview:-1"},"canonical":"https:\/\/vozolvapen.de\/es\/product\/100k-vape-waspe-aiviou-100k-peach-paradise-series\/","og_locale":"es_ES","og_type":"article","og_title":"100k Vape Waspe Aiviou 100k - Peach Paradise Series","og_description":"Shop Peach Paradise Waspe 100k. Velvet Peach and Tropical Fruit 4-in-1 pods. 100,000 puffs, Type-C charging. Top-rated Waspe Aiviou 100k.","og_url":"https:\/\/vozolvapen.de\/es\/product\/100k-vape-waspe-aiviou-100k-peach-paradise-series\/","og_site_name":"vozolvapen","article_modified_time":"2026-02-10T10:54:19+00:00","og_image":[{"width":1200,"height":1200,"url":"https:\/\/vozolvapen.de\/wp-content\/uploads\/2026\/01\/waspe-100k-Juicy-Peach-lceTropical-FruitFruit-BlastPeach-Berry.webp","type":"image\/webp"}],"twitter_card":"summary_large_image","twitter_misc":{"Tiempo de lectura":"2 minutos"},"schema":{"@context":"https:\/\/schema.org","@graph":[{"@type":"WebPage","@id":"https:\/\/vozolvapen.de\/product\/100k-vape-waspe-aiviou-100k-peach-paradise-series\/","url":"https:\/\/vozolvapen.de\/product\/100k-vape-waspe-aiviou-100k-peach-paradise-series\/","name":"Peach Paradise Waspe 100k | Melocot\u00f3n tropical 4 en 1 - vozolvapen","isPartOf":{"@id":"https:\/\/vozolvapen.de\/#website"},"primaryImageOfPage":{"@id":"https:\/\/vozolvapen.de\/product\/100k-vape-waspe-aiviou-100k-peach-paradise-series\/#primaryimage"},"image":{"@id":"https:\/\/vozolvapen.de\/product\/100k-vape-waspe-aiviou-100k-peach-paradise-series\/#primaryimage"},"thumbnailUrl":"https:\/\/vozolvapen.de\/wp-content\/uploads\/2026\/01\/waspe-100k-Juicy-Peach-lceTropical-FruitFruit-BlastPeach-Berry.webp","datePublished":"2026-01-04T03:49:36+00:00","dateModified":"2026-02-10T10:54:19+00:00","description":"Compra Peach Paradise Waspe 100k. C\u00e1psulas 4 en 1 de melocot\u00f3n aterciopelado y frutas tropicales. 100 000 caladas, carga tipo C. Waspe Aiviou 100k, el mejor valorado.","breadcrumb":{"@id":"https:\/\/vozolvapen.de\/product\/100k-vape-waspe-aiviou-100k-peach-paradise-series\/#breadcrumb"},"inLanguage":"es","potentialAction":[{"@type":"ReadAction","target":["https:\/\/vozolvapen.de\/product\/100k-vape-waspe-aiviou-100k-peach-paradise-series\/"]}]},{"@type":"ImageObject","inLanguage":"es","@id":"https:\/\/vozolvapen.de\/product\/100k-vape-waspe-aiviou-100k-peach-paradise-series\/#primaryimage","url":"https:\/\/vozolvapen.de\/wp-content\/uploads\/2026\/01\/waspe-100k-Juicy-Peach-lceTropical-FruitFruit-BlastPeach-Berry.webp","contentUrl":"https:\/\/vozolvapen.de\/wp-content\/uploads\/2026\/01\/waspe-100k-Juicy-Peach-lceTropical-FruitFruit-BlastPeach-Berry.webp","width":1200,"height":1200,"caption":"Waspe 100k Juicy Peach Lcetropical Fruitfruit Blastpeach Berry Disposable Vape Device"},{"@type":"BreadcrumbList","@id":"https:\/\/vozolvapen.de\/product\/100k-vape-waspe-aiviou-100k-peach-paradise-series\/#breadcrumb","itemListElement":[{"@type":"ListItem","position":1,"name":"Home","item":"https:\/\/vozolvapen.de\/de\/"},{"@type":"ListItem","position":2,"name":"Shop","item":"https:\/\/vozolvapen.de\/shop\/"},{"@type":"ListItem","position":3,"name":"100k Vape Waspe Aiviou 100k &#8211; Peach Paradise Series"}]},{"@type":"WebSite","@id":"https:\/\/vozolvapen.de\/#website","url":"https:\/\/vozolvapen.de\/","name":"vozolvapen","description":"vozolvapen","publisher":{"@id":"https:\/\/vozolvapen.de\/#organization"},"potentialAction":[{"@type":"SearchAction","target":{"@type":"EntryPoint","urlTemplate":"https:\/\/vozolvapen.de\/?s={search_term_string}"},"query-input":{"@type":"PropertyValueSpecification","valueRequired":true,"valueName":"search_term_string"}}],"inLanguage":"es"},{"@type":"Organization","@id":"https:\/\/vozolvapen.de\/#organization","name":"vozolvapen","url":"https:\/\/vozolvapen.de\/","logo":{"@type":"ImageObject","inLanguage":"es","@id":"https:\/\/vozolvapen.de\/#\/schema\/logo\/image\/","url":"https:\/\/vozolvapen.de\/wp-content\/uploads\/2025\/12\/cropped-vozovapen-logo.webp","contentUrl":"https:\/\/vozolvapen.de\/wp-content\/uploads\/2025\/12\/cropped-vozovapen-logo.webp","width":470,"height":110,"caption":"vozolvapen"},"image":{"@id":"https:\/\/vozolvapen.de\/#\/schema\/logo\/image\/"}}]}},"tiered_pricing_type":"fixed","tiered_pricing_fixed_rules":{"30":"13.57","50":"11.57","100":"10.57","200":"10.07"},"tiered_pricing_product_settings":{"layout":"default","base_unit_name":{"singular":null,"plural":null},"default_variation":{}},"tiered_pricing_minimum_quantity":10,"tiered_pricing_roles_data":[],"tiered_pricing_percentage_rules":[],"tiered_pricing_maximum_quantity":null,"tiered_pricing_quantity_step":"10","_links":{"self":[{"href":"https:\/\/vozolvapen.de\/es\/wp-json\/wp\/v2\/product\/52165","targetHints":{"allow":["GET"]}}],"collection":[{"href":"https:\/\/vozolvapen.de\/es\/wp-json\/wp\/v2\/product"}],"about":[{"href":"https:\/\/vozolvapen.de\/es\/wp-json\/wp\/v2\/types\/product"}],"replies":[{"embeddable":true,"href":"https:\/\/vozolvapen.de\/es\/wp-json\/wp\/v2\/comments?post=52165"}],"wp:featuredmedia":[{"embeddable":true,"href":"https:\/\/vozolvapen.de\/es\/wp-json\/wp\/v2\/media\/52388"}],"wp:attachment":[{"href":"https:\/\/vozolvapen.de\/es\/wp-json\/wp\/v2\/media?parent=52165"}],"wp:term":[{"taxonomy":"product_brand","embeddable":true,"href":"https:\/\/vozolvapen.de\/es\/wp-json\/wp\/v2\/product_brand?post=52165"},{"taxonomy":"product_cat","embeddable":true,"href":"https:\/\/vozolvapen.de\/es\/wp-json\/wp\/v2\/product_cat?post=52165"},{"taxonomy":"product_tag","embeddable":true,"href":"https:\/\/vozolvapen.de\/es\/wp-json\/wp\/v2\/product_tag?post=52165"}],"curies":[{"name":"wp","href":"https:\/\/api.w.org\/{rel}","templated":true}]}}