{"id":52205,"date":"2026-01-04T03:49:38","date_gmt":"2026-01-04T03:49:38","guid":{"rendered":"https:\/\/vozolvapen.de\/?post_type=product&#038;p=52205"},"modified":"2026-02-10T10:54:16","modified_gmt":"2026-02-10T10:54:16","slug":"100k-vape-waspe-aiviou-100k-orchard-fusion-series","status":"publish","type":"product","link":"https:\/\/vozolvapen.de\/es\/product\/100k-vape-waspe-aiviou-100k-orchard-fusion-series\/","title":{"rendered":"100k Vape Waspe Aiviou 100k \u2013 Serie Orchard Fusion"},"content":{"rendered":"<h1>100k Vape Waspe Aiviou 100k caladas \u2013 Serie Orchard Fusion<\/h1>\n<p data-path-to-node=\"51\"><b data-path-to-node=\"51\" data-index-in-node=\"0\">La mezcla de frutos negros y kiwi:<\/b> Una sofisticada combinaci\u00f3n que se inclina hacia el lado m\u00e1s profundo y rico de los perfiles frutales. Tanto si eliges 5% como el <b data-path-to-node=\"51\" data-index-in-node=\"143\">vaper sin nicotina<\/b> Versi\u00f3n 0%, la intensidad del sabor se mantiene constante.<\/p>\n<h2 data-path-to-node=\"52\"><b data-path-to-node=\"52\" data-index-in-node=\"0\">La cosecha profunda: an\u00e1lisis en profundidad<\/b><\/h2>\n<ul data-path-to-node=\"53\">\n<li>\n<p data-path-to-node=\"53,0,0\"><b data-path-to-node=\"53,0,0\" data-index-in-node=\"0\">Modo A \u2013 Hielo de uva:<\/b> Uvas Concord en un vi\u00f1edo helado.<\/p>\n<\/li>\n<li>\n<p data-path-to-node=\"53,1,0\"><b data-path-to-node=\"53,1,0\" data-index-in-node=\"0\">Modo B \u2013 Fresa y kiwi:<\/b> Un alimento b\u00e1sico refrescante y equilibrado.<\/p>\n<\/li>\n<li>\n<p data-path-to-node=\"53,2,0\"><b data-path-to-node=\"53,2,0\" data-index-in-node=\"0\">Modo C \u2013 Fresa, frambuesa y cereza:<\/b> Una mezcla \u00e1cida y dulce de frutos rojos.<\/p>\n<\/li>\n<li>\n<p data-path-to-node=\"53,3,0\"><b data-path-to-node=\"53,3,0\" data-index-in-node=\"0\">Modo D \u2013 Caballero Negro:<\/b> La oscura y misteriosa baya insignia.<\/p>\n<\/li>\n<\/ul>\n<h2 data-path-to-node=\"54\"><b data-path-to-node=\"54\" data-index-in-node=\"0\">\u00bfPara qui\u00e9n es este sabor?<\/b><\/h2>\n<p data-path-to-node=\"54\"><b data-path-to-node=\"54\" data-index-in-node=\"24\">El vapeador sofisticado:<\/b> Ideal para quienes disfrutan de frutas oscuras y intensas con un final fresco en su <b data-path-to-node=\"54\" data-index-in-node=\"122\">100k vape<\/b>.<\/p>\n<h3 data-path-to-node=\"26\"><b data-path-to-node=\"26\" data-index-in-node=\"0\"> Serie Orchard Fusion: especificaciones<\/b><\/h3>\n<table data-path-to-node=\"27\">\n<thead>\n<tr>\n<td><strong>Perfil de rendimiento<\/strong><\/td>\n<td><strong>Datos t\u00e9cnicos del Waspe 100k<\/strong><\/td>\n<td><strong>\u00cdndice de experiencia de sabor<\/strong><\/td>\n<\/tr>\n<\/thead>\n<tbody>\n<tr>\n<td><span data-path-to-node=\"27,1,0,0\"><b data-path-to-node=\"27,1,0,0\" data-index-in-node=\"0\">Modelo<\/b><\/span><\/td>\n<td><span data-path-to-node=\"27,1,1,0\"><b data-path-to-node=\"27,1,1,0\" data-index-in-node=\"0\">100k Vape<\/b> Mezcla de frutas del huerto<\/span><\/td>\n<td><span data-path-to-node=\"27,1,2,0\"><b data-path-to-node=\"27,1,2,0\" data-index-in-node=\"0\">Relaci\u00f3n de equilibrio:<\/b> \u2696\ufe0f\u2696\ufe0f\u2696\ufe0f\u2696\ufe0f\u2696\ufe0f<\/span><\/td>\n<\/tr>\n<tr>\n<td><span data-path-to-node=\"27,2,0,0\"><b data-path-to-node=\"27,2,0,0\" data-index-in-node=\"0\">Construcci\u00f3n de bobinas<\/b><\/span><\/td>\n<td><span data-path-to-node=\"27,2,1,0\">Malla de doble capa de 1,0 \u03a9<\/span><\/td>\n<td><span data-path-to-node=\"27,2,2,0\"><b data-path-to-node=\"27,2,2,0\" data-index-in-node=\"0\">Acidez de la fruta:<\/b> \ud83c\udf4f\ud83c\udf4f\ud83c\udf4f<\/span><\/td>\n<\/tr>\n<tr>\n<td><span data-path-to-node=\"27,3,0,0\"><b data-path-to-node=\"27,3,0,0\" data-index-in-node=\"0\">Nivel de nicotina<\/b><\/span><\/td>\n<td><span data-path-to-node=\"27,3,1,0\"><b data-path-to-node=\"27,3,1,0\" data-index-in-node=\"0\">vaper sin nicotina<\/b> Amigable<\/span><\/td>\n<td><span data-path-to-node=\"27,3,2,0\"><b data-path-to-node=\"27,3,2,0\" data-index-in-node=\"0\">Complejidad arom\u00e1tica:<\/b> \ud83c\udf47\ud83c\udf47\ud83c\udf47\ud83c\udf47<\/span><\/td>\n<\/tr>\n<tr>\n<td><span data-path-to-node=\"27,4,0,0\"><b data-path-to-node=\"27,4,0,0\" data-index-in-node=\"0\">Tama\u00f1o<\/b><\/span><\/td>\n<td><span data-path-to-node=\"27,4,1,0\">47<i data-path-to-node=\"27,4,1,0\" data-index-in-node=\"2\">47<\/i>118 mm<\/span><\/td>\n<td><span data-path-to-node=\"27,4,2,0\"><b data-path-to-node=\"27,4,2,0\" data-index-in-node=\"0\">Mejor flujo de aire:<\/b> Medio<\/span><\/td>\n<\/tr>\n<\/tbody>\n<\/table>\n<h3 data-path-to-node=\"17,0\"><b data-path-to-node=\"17,0\" data-index-in-node=\"0\">Por qu\u00e9 el Vaper 100k es el est\u00e1ndar de oro de la industria<\/b><\/h3>\n<p data-path-to-node=\"17,1\">No todos los dispositivos de alta potencia son iguales. El <b data-path-to-node=\"17,1\" data-index-in-node=\"49\">Waspe 4 en 1 100K<\/b> Est\u00e1 fabricado con materiales de grado m\u00e9dico y componentes electr\u00f3nicos de precisi\u00f3n.<\/p>\n<ul data-path-to-node=\"17,2\">\n<li>\n<p data-path-to-node=\"17,2,0,0\"><b data-path-to-node=\"17,2,0,0\" data-index-in-node=\"0\">Log\u00edstica inteligente con LED:<\/b> La pantalla en tiempo real de tu <b data-path-to-node=\"17,2,0,0\" data-index-in-node=\"50\">Waspe 100k<\/b> Controla tanto la bater\u00eda como el dep\u00f3sito de e-l\u00edquido de 56 ml con una precisi\u00f3n de 99%.<\/p>\n<\/li>\n<li>\n<p data-path-to-node=\"17,2,1,0\"><b data-path-to-node=\"17,2,1,0\" data-index-in-node=\"0\">Dise\u00f1o ergon\u00f3mico:<\/b> Con 142 g, este <b data-path-to-node=\"17,2,1,0\" data-index-in-node=\"32\">100k vape<\/b> proporciona una sensaci\u00f3n de solidez y calidad sin resultar voluminoso, con solo 47 mm de ancho.<\/p>\n<\/li>\n<li>\n<p data-path-to-node=\"17,2,2,0\"><b data-path-to-node=\"17,2,2,0\" data-index-in-node=\"0\">La seguridad es lo primero:<\/b> El <b data-path-to-node=\"17,2,2,0\" data-index-in-node=\"18\">Waspe Aiviou 100k<\/b> Cuenta con protecci\u00f3n contra sobrecargas y prevenci\u00f3n de cortocircuitos, lo que lo convierte en una opci\u00f3n fiable para quienes buscan un dispositivo seguro. <b data-path-to-node=\"17,2,2,0\" data-index-in-node=\"150\">vaper 100k caladas<\/b> experiencia.<\/p>\n<\/li>\n<\/ul>\n<h3 data-path-to-node=\"77\"><b data-path-to-node=\"77\" data-index-in-node=\"0\">Recomendaciones adicionales:<\/b><\/h3>\n<p data-path-to-node=\"78\">Descubre a\u00fan m\u00e1s sabores incre\u00edbles con el <b data-path-to-node=\"78\" data-index-in-node=\"47\">Waspe 4 en 1 100K Vape<\/b>!<\/p>\n<p data-path-to-node=\"79\"><a class=\"ng-star-inserted\" href=\"https:\/\/vozolvapen.de\/es\/categoria-de-producto\/waspe-vape\/100k-vape-waspe-aiviou-100k-4-in-1\/\" target=\"_blank\" rel=\"noopener\" data-hveid=\"0\" data-ved=\"0CAAQ_4QMahgKEwjxyYqx9_CRAxUAAAAAHQAAAAAQ9wE\">Ver todas las variedades aqu\u00ed \u2192<\/a><\/p>\n<p data-path-to-node=\"80\">Explora nuestra colecci\u00f3n completa y compra las mejores marcas de vapeo que te encantar\u00e1n.<\/p>\n<p data-path-to-node=\"81\"><a class=\"ng-star-inserted\" href=\"https:\/\/vozolvapen.de\/es\/\" target=\"_blank\" rel=\"noopener\" data-hveid=\"0\" data-ved=\"0CAAQ_4QMahgKEwjxyYqx9_CRAxUAAAAAHQAAAAAQ-AE\">Explora todas las marcas ahora \u2192<\/a><\/p>\n<p data-path-to-node=\"82\">Echa un vistazo al completo <b data-path-to-node=\"82\" data-index-in-node=\"23\">Waspe Aiviou<\/b> serie \u2014 \u00a1todos los sabores, todos los estilos!<\/p>\n<p data-path-to-node=\"83\"><a class=\"ng-star-inserted\" href=\"https:\/\/vozolvapen.de\/es\/categoria-de-producto\/waspe-vape\/\" target=\"_blank\" rel=\"noopener\" data-hveid=\"0\" data-ved=\"0CAAQ_4QMahgKEwjxyYqx9_CRAxUAAAAAHQAAAAAQ-QE\">Ver la colecci\u00f3n completa Waspe \u2192<\/a><\/p>","protected":false},"excerpt":{"rendered":"<p><b data-path-to-node=\"3,9,4,0\" data-index-in-node=\"0\">La armon\u00eda de la cosecha.<\/b> Una sofisticada mezcla de frutas favoritas del huerto y bayas oscuras. Esto <b data-path-to-node=\"3,9,4,0\" data-index-in-node=\"87\">Waspe Aiviou 100k<\/b> ofrece un perfil frutal perfectamente equilibrado.<\/p>","protected":false},"featured_media":52391,"comment_status":"open","ping_status":"closed","template":"","meta":{"_acf_changed":false},"product_brand":[],"product_cat":[107,134],"product_tag":[],"class_list":{"0":"post-52205","1":"product","2":"type-product","3":"status-publish","4":"has-post-thumbnail","6":"product_cat-100k-vape-waspe-aiviou-100k-4-in-1","7":"product_cat-eu-warehouse-in-stock","9":"first","10":"instock","11":"shipping-taxable","12":"purchasable","13":"product-type-variable"},"acf":[],"yoast_head":"<!-- This site is optimized with the Yoast SEO Premium plugin v26.1 (Yoast SEO v27.5) - https:\/\/yoast.com\/product\/yoast-seo-premium-wordpress\/ -->\n<title>Orchard Fusion Waspe 100k | Balanced Fruit 4-in-1 - vozolvapen<\/title>\n<meta name=\"description\" content=\"Discover Orchard Fusion Waspe 100k. Balanced Grape, Kiwi, and Black Knight pods. Perfect for vaper sin nicotina users. High-quality 100k vape.\" \/>\n<meta name=\"robots\" content=\"index, follow, max-snippet:-1, max-image-preview:large, max-video-preview:-1\" \/>\n<link rel=\"canonical\" href=\"https:\/\/vozolvapen.de\/es\/product\/100k-vape-waspe-aiviou-100k-orchard-fusion-series\/\" \/>\n<meta property=\"og:locale\" content=\"es_ES\" \/>\n<meta property=\"og:type\" content=\"article\" \/>\n<meta property=\"og:title\" content=\"100k Vape Waspe Aiviou 100k - Orchard Fusion Series\" \/>\n<meta property=\"og:description\" content=\"Discover Orchard Fusion Waspe 100k. Balanced Grape, Kiwi, and Black Knight pods. Perfect for vaper sin nicotina users. High-quality 100k vape.\" \/>\n<meta property=\"og:url\" content=\"https:\/\/vozolvapen.de\/es\/product\/100k-vape-waspe-aiviou-100k-orchard-fusion-series\/\" \/>\n<meta property=\"og:site_name\" content=\"vozolvapen\" \/>\n<meta property=\"article:modified_time\" content=\"2026-02-10T10:54:16+00:00\" \/>\n<meta property=\"og:image\" content=\"https:\/\/vozolvapen.de\/wp-content\/uploads\/2026\/01\/waspe-100k-Grape-lceStrawberry-KiwiStrawberry-Raspberry-cherryBlack-Knight.webp\" \/>\n\t<meta property=\"og:image:width\" content=\"1200\" \/>\n\t<meta property=\"og:image:height\" content=\"1200\" \/>\n\t<meta property=\"og:image:type\" content=\"image\/webp\" \/>\n<meta name=\"twitter:card\" content=\"summary_large_image\" \/>\n<meta name=\"twitter:label1\" content=\"Tiempo de lectura\" \/>\n\t<meta name=\"twitter:data1\" content=\"2 minutos\" \/>\n<script type=\"application\/ld+json\" class=\"yoast-schema-graph\">{\"@context\":\"https:\\\/\\\/schema.org\",\"@graph\":[{\"@type\":\"WebPage\",\"@id\":\"https:\\\/\\\/vozolvapen.de\\\/product\\\/100k-vape-waspe-aiviou-100k-orchard-fusion-series\\\/\",\"url\":\"https:\\\/\\\/vozolvapen.de\\\/product\\\/100k-vape-waspe-aiviou-100k-orchard-fusion-series\\\/\",\"name\":\"Orchard Fusion Waspe 100k | Balanced Fruit 4-in-1 - vozolvapen\",\"isPartOf\":{\"@id\":\"https:\\\/\\\/vozolvapen.de\\\/#website\"},\"primaryImageOfPage\":{\"@id\":\"https:\\\/\\\/vozolvapen.de\\\/product\\\/100k-vape-waspe-aiviou-100k-orchard-fusion-series\\\/#primaryimage\"},\"image\":{\"@id\":\"https:\\\/\\\/vozolvapen.de\\\/product\\\/100k-vape-waspe-aiviou-100k-orchard-fusion-series\\\/#primaryimage\"},\"thumbnailUrl\":\"https:\\\/\\\/vozolvapen.de\\\/wp-content\\\/uploads\\\/2026\\\/01\\\/waspe-100k-Grape-lceStrawberry-KiwiStrawberry-Raspberry-cherryBlack-Knight.webp\",\"datePublished\":\"2026-01-04T03:49:38+00:00\",\"dateModified\":\"2026-02-10T10:54:16+00:00\",\"description\":\"Discover Orchard Fusion Waspe 100k. Balanced Grape, Kiwi, and Black Knight pods. Perfect for vaper sin nicotina users. High-quality 100k vape.\",\"breadcrumb\":{\"@id\":\"https:\\\/\\\/vozolvapen.de\\\/product\\\/100k-vape-waspe-aiviou-100k-orchard-fusion-series\\\/#breadcrumb\"},\"inLanguage\":\"es\",\"potentialAction\":[{\"@type\":\"ReadAction\",\"target\":[\"https:\\\/\\\/vozolvapen.de\\\/product\\\/100k-vape-waspe-aiviou-100k-orchard-fusion-series\\\/\"]}]},{\"@type\":\"ImageObject\",\"inLanguage\":\"es\",\"@id\":\"https:\\\/\\\/vozolvapen.de\\\/product\\\/100k-vape-waspe-aiviou-100k-orchard-fusion-series\\\/#primaryimage\",\"url\":\"https:\\\/\\\/vozolvapen.de\\\/wp-content\\\/uploads\\\/2026\\\/01\\\/waspe-100k-Grape-lceStrawberry-KiwiStrawberry-Raspberry-cherryBlack-Knight.webp\",\"contentUrl\":\"https:\\\/\\\/vozolvapen.de\\\/wp-content\\\/uploads\\\/2026\\\/01\\\/waspe-100k-Grape-lceStrawberry-KiwiStrawberry-Raspberry-cherryBlack-Knight.webp\",\"width\":1200,\"height\":1200,\"caption\":\"Waspe 100k Grape Lcestrawberry Kiwistrawberry Raspberry Cherryblack Knight Disposable Vape Device\"},{\"@type\":\"BreadcrumbList\",\"@id\":\"https:\\\/\\\/vozolvapen.de\\\/product\\\/100k-vape-waspe-aiviou-100k-orchard-fusion-series\\\/#breadcrumb\",\"itemListElement\":[{\"@type\":\"ListItem\",\"position\":1,\"name\":\"Home\",\"item\":\"https:\\\/\\\/vozolvapen.de\\\/de\\\/\"},{\"@type\":\"ListItem\",\"position\":2,\"name\":\"Shop\",\"item\":\"https:\\\/\\\/vozolvapen.de\\\/shop\\\/\"},{\"@type\":\"ListItem\",\"position\":3,\"name\":\"100k Vape Waspe Aiviou 100k &#8211; Orchard Fusion Series\"}]},{\"@type\":\"WebSite\",\"@id\":\"https:\\\/\\\/vozolvapen.de\\\/#website\",\"url\":\"https:\\\/\\\/vozolvapen.de\\\/\",\"name\":\"vozolvapen\",\"description\":\"vozolvapen\",\"publisher\":{\"@id\":\"https:\\\/\\\/vozolvapen.de\\\/#organization\"},\"potentialAction\":[{\"@type\":\"SearchAction\",\"target\":{\"@type\":\"EntryPoint\",\"urlTemplate\":\"https:\\\/\\\/vozolvapen.de\\\/?s={search_term_string}\"},\"query-input\":{\"@type\":\"PropertyValueSpecification\",\"valueRequired\":true,\"valueName\":\"search_term_string\"}}],\"inLanguage\":\"es\"},{\"@type\":\"Organization\",\"@id\":\"https:\\\/\\\/vozolvapen.de\\\/#organization\",\"name\":\"vozolvapen\",\"url\":\"https:\\\/\\\/vozolvapen.de\\\/\",\"logo\":{\"@type\":\"ImageObject\",\"inLanguage\":\"es\",\"@id\":\"https:\\\/\\\/vozolvapen.de\\\/#\\\/schema\\\/logo\\\/image\\\/\",\"url\":\"https:\\\/\\\/vozolvapen.de\\\/wp-content\\\/uploads\\\/2025\\\/12\\\/cropped-vozovapen-logo.webp\",\"contentUrl\":\"https:\\\/\\\/vozolvapen.de\\\/wp-content\\\/uploads\\\/2025\\\/12\\\/cropped-vozovapen-logo.webp\",\"width\":470,\"height\":110,\"caption\":\"vozolvapen\"},\"image\":{\"@id\":\"https:\\\/\\\/vozolvapen.de\\\/#\\\/schema\\\/logo\\\/image\\\/\"}}]}<\/script>\n<!-- \/ Yoast SEO Premium plugin. -->","yoast_head_json":{"title":"Orchard Fusion Waspe 100k | Fruta equilibrada 4 en 1 - vozolvapen","description":"Descubre Orchard Fusion Waspe 100k. C\u00e1psulas equilibradas de uva, kiwi y Black Knight. Perfecto para usuarios de vapeadores sin nicotina. Vapeador 100k de alta calidad.","robots":{"index":"index","follow":"follow","max-snippet":"max-snippet:-1","max-image-preview":"max-image-preview:large","max-video-preview":"max-video-preview:-1"},"canonical":"https:\/\/vozolvapen.de\/es\/product\/100k-vape-waspe-aiviou-100k-orchard-fusion-series\/","og_locale":"es_ES","og_type":"article","og_title":"100k Vape Waspe Aiviou 100k - Orchard Fusion Series","og_description":"Discover Orchard Fusion Waspe 100k. Balanced Grape, Kiwi, and Black Knight pods. Perfect for vaper sin nicotina users. High-quality 100k vape.","og_url":"https:\/\/vozolvapen.de\/es\/product\/100k-vape-waspe-aiviou-100k-orchard-fusion-series\/","og_site_name":"vozolvapen","article_modified_time":"2026-02-10T10:54:16+00:00","og_image":[{"width":1200,"height":1200,"url":"https:\/\/vozolvapen.de\/wp-content\/uploads\/2026\/01\/waspe-100k-Grape-lceStrawberry-KiwiStrawberry-Raspberry-cherryBlack-Knight.webp","type":"image\/webp"}],"twitter_card":"summary_large_image","twitter_misc":{"Tiempo de lectura":"2 minutos"},"schema":{"@context":"https:\/\/schema.org","@graph":[{"@type":"WebPage","@id":"https:\/\/vozolvapen.de\/product\/100k-vape-waspe-aiviou-100k-orchard-fusion-series\/","url":"https:\/\/vozolvapen.de\/product\/100k-vape-waspe-aiviou-100k-orchard-fusion-series\/","name":"Orchard Fusion Waspe 100k | Fruta equilibrada 4 en 1 - vozolvapen","isPartOf":{"@id":"https:\/\/vozolvapen.de\/#website"},"primaryImageOfPage":{"@id":"https:\/\/vozolvapen.de\/product\/100k-vape-waspe-aiviou-100k-orchard-fusion-series\/#primaryimage"},"image":{"@id":"https:\/\/vozolvapen.de\/product\/100k-vape-waspe-aiviou-100k-orchard-fusion-series\/#primaryimage"},"thumbnailUrl":"https:\/\/vozolvapen.de\/wp-content\/uploads\/2026\/01\/waspe-100k-Grape-lceStrawberry-KiwiStrawberry-Raspberry-cherryBlack-Knight.webp","datePublished":"2026-01-04T03:49:38+00:00","dateModified":"2026-02-10T10:54:16+00:00","description":"Descubre Orchard Fusion Waspe 100k. C\u00e1psulas equilibradas de uva, kiwi y Black Knight. Perfecto para usuarios de vapeadores sin nicotina. Vapeador 100k de alta calidad.","breadcrumb":{"@id":"https:\/\/vozolvapen.de\/product\/100k-vape-waspe-aiviou-100k-orchard-fusion-series\/#breadcrumb"},"inLanguage":"es","potentialAction":[{"@type":"ReadAction","target":["https:\/\/vozolvapen.de\/product\/100k-vape-waspe-aiviou-100k-orchard-fusion-series\/"]}]},{"@type":"ImageObject","inLanguage":"es","@id":"https:\/\/vozolvapen.de\/product\/100k-vape-waspe-aiviou-100k-orchard-fusion-series\/#primaryimage","url":"https:\/\/vozolvapen.de\/wp-content\/uploads\/2026\/01\/waspe-100k-Grape-lceStrawberry-KiwiStrawberry-Raspberry-cherryBlack-Knight.webp","contentUrl":"https:\/\/vozolvapen.de\/wp-content\/uploads\/2026\/01\/waspe-100k-Grape-lceStrawberry-KiwiStrawberry-Raspberry-cherryBlack-Knight.webp","width":1200,"height":1200,"caption":"Waspe 100k Grape Lcestrawberry Kiwistrawberry Raspberry Cherryblack Knight Disposable Vape Device"},{"@type":"BreadcrumbList","@id":"https:\/\/vozolvapen.de\/product\/100k-vape-waspe-aiviou-100k-orchard-fusion-series\/#breadcrumb","itemListElement":[{"@type":"ListItem","position":1,"name":"Home","item":"https:\/\/vozolvapen.de\/de\/"},{"@type":"ListItem","position":2,"name":"Shop","item":"https:\/\/vozolvapen.de\/shop\/"},{"@type":"ListItem","position":3,"name":"100k Vape Waspe Aiviou 100k &#8211; Orchard Fusion Series"}]},{"@type":"WebSite","@id":"https:\/\/vozolvapen.de\/#website","url":"https:\/\/vozolvapen.de\/","name":"vozolvapen","description":"vozolvapen","publisher":{"@id":"https:\/\/vozolvapen.de\/#organization"},"potentialAction":[{"@type":"SearchAction","target":{"@type":"EntryPoint","urlTemplate":"https:\/\/vozolvapen.de\/?s={search_term_string}"},"query-input":{"@type":"PropertyValueSpecification","valueRequired":true,"valueName":"search_term_string"}}],"inLanguage":"es"},{"@type":"Organization","@id":"https:\/\/vozolvapen.de\/#organization","name":"vozolvapen","url":"https:\/\/vozolvapen.de\/","logo":{"@type":"ImageObject","inLanguage":"es","@id":"https:\/\/vozolvapen.de\/#\/schema\/logo\/image\/","url":"https:\/\/vozolvapen.de\/wp-content\/uploads\/2025\/12\/cropped-vozovapen-logo.webp","contentUrl":"https:\/\/vozolvapen.de\/wp-content\/uploads\/2025\/12\/cropped-vozovapen-logo.webp","width":470,"height":110,"caption":"vozolvapen"},"image":{"@id":"https:\/\/vozolvapen.de\/#\/schema\/logo\/image\/"}}]}},"tiered_pricing_type":"fixed","tiered_pricing_fixed_rules":{"30":"13.57","50":"11.57","100":"10.57","200":"10.07"},"tiered_pricing_product_settings":{"layout":"default","base_unit_name":{"singular":null,"plural":null},"default_variation":{}},"tiered_pricing_minimum_quantity":10,"tiered_pricing_roles_data":[],"tiered_pricing_percentage_rules":[],"tiered_pricing_maximum_quantity":null,"tiered_pricing_quantity_step":"10","_links":{"self":[{"href":"https:\/\/vozolvapen.de\/es\/wp-json\/wp\/v2\/product\/52205","targetHints":{"allow":["GET"]}}],"collection":[{"href":"https:\/\/vozolvapen.de\/es\/wp-json\/wp\/v2\/product"}],"about":[{"href":"https:\/\/vozolvapen.de\/es\/wp-json\/wp\/v2\/types\/product"}],"replies":[{"embeddable":true,"href":"https:\/\/vozolvapen.de\/es\/wp-json\/wp\/v2\/comments?post=52205"}],"wp:featuredmedia":[{"embeddable":true,"href":"https:\/\/vozolvapen.de\/es\/wp-json\/wp\/v2\/media\/52391"}],"wp:attachment":[{"href":"https:\/\/vozolvapen.de\/es\/wp-json\/wp\/v2\/media?parent=52205"}],"wp:term":[{"taxonomy":"product_brand","embeddable":true,"href":"https:\/\/vozolvapen.de\/es\/wp-json\/wp\/v2\/product_brand?post=52205"},{"taxonomy":"product_cat","embeddable":true,"href":"https:\/\/vozolvapen.de\/es\/wp-json\/wp\/v2\/product_cat?post=52205"},{"taxonomy":"product_tag","embeddable":true,"href":"https:\/\/vozolvapen.de\/es\/wp-json\/wp\/v2\/product_tag?post=52205"}],"curies":[{"name":"wp","href":"https:\/\/api.w.org\/{rel}","templated":true}]}}