{"id":52245,"date":"2026-01-04T03:49:40","date_gmt":"2026-01-04T03:49:40","guid":{"rendered":"https:\/\/vozolvapen.de\/?post_type=product&#038;p=52245"},"modified":"2026-02-10T10:54:14","modified_gmt":"2026-02-10T10:54:14","slug":"100k-vape-waspe-aiviou-100k-gourmet-harvest-series","status":"publish","type":"product","link":"https:\/\/vozolvapen.de\/es\/product\/100k-vape-waspe-aiviou-100k-gourmet-harvest-series\/","title":{"rendered":"100k Vape Waspe Aiviou 100k \u2013 Serie Gourmet Harvest"},"content":{"rendered":"<h1>100k Vape Waspe Aiviou 100k caladas \u2013 Serie Gourmet Harvest<\/h1>\n<p data-path-to-node=\"57\"><b data-path-to-node=\"57\" data-index-in-node=\"0\">El huerto rico en bayas y miel:<\/b> Una selecci\u00f3n de frutas gourmet con la exclusiva miel de ar\u00e1ndanos. Esta <b data-path-to-node=\"57\" data-index-in-node=\"102\">Waspe 100k<\/b> ofrece un nivel de complejidad de sabor poco habitual en los desechables.<\/p>\n<h2 data-path-to-node=\"58\"><b data-path-to-node=\"58\" data-index-in-node=\"0\">La mezcla artesanal en profundidad<\/b><\/h2>\n<ul data-path-to-node=\"59\">\n<li>\n<p data-path-to-node=\"59,0,0\"><b data-path-to-node=\"59,0,0\" data-index-in-node=\"0\">Modo A \u2013 Bayas mixtas:<\/b> Una recolecci\u00f3n de bayas en el suelo del bosque.<\/p>\n<\/li>\n<li>\n<p data-path-to-node=\"59,1,0\"><b data-path-to-node=\"59,1,0\" data-index-in-node=\"0\">Modo B \u2013 Doble manzana helada:<\/b> Manzanas verdes crujientes y rojas dulces con hielo.<\/p>\n<\/li>\n<li>\n<p data-path-to-node=\"59,2,0\"><b data-path-to-node=\"59,2,0\" data-index-in-node=\"0\">Modo C \u2013 Ar\u00e1ndanos y frambuesas:<\/b> Una cl\u00e1sica colisi\u00f3n de bayas \u00e1cidas.<\/p>\n<\/li>\n<li>\n<p data-path-to-node=\"59,3,0\"><b data-path-to-node=\"59,3,0\" data-index-in-node=\"0\">Modo D \u2013 Miel de ar\u00e1ndanos:<\/b> Una experiencia suave, floral y melosa con sabor a ar\u00e1ndanos.<\/p>\n<\/li>\n<\/ul>\n<h2 data-path-to-node=\"60\"><b data-path-to-node=\"60\" data-index-in-node=\"0\">\u00bfPara qui\u00e9n es este sabor?<\/b><\/h2>\n<p data-path-to-node=\"60\"><b data-path-to-node=\"60\" data-index-in-node=\"24\">El vapeador gourmet:<\/b> Perfecto para aquellos que buscan sabores poco convencionales y de alta gama en un <b data-path-to-node=\"60\" data-index-in-node=\"111\">vaper 100k caladas<\/b> dispositivo.<\/p>\n<h3 data-path-to-node=\"29\"><b data-path-to-node=\"29\" data-index-in-node=\"0\">Serie Gourmet Harvest: especificaciones<\/b><\/h3>\n<table data-path-to-node=\"30\">\n<thead>\n<tr>\n<td><strong>Perfil de rendimiento<\/strong><\/td>\n<td><strong>Datos t\u00e9cnicos del Waspe 100k<\/strong><\/td>\n<td><strong>\u00cdndice de experiencia de sabor<\/strong><\/td>\n<\/tr>\n<\/thead>\n<tbody>\n<tr>\n<td><span data-path-to-node=\"30,1,0,0\"><b data-path-to-node=\"30,1,0,0\" data-index-in-node=\"0\">Serie<\/b><\/span><\/td>\n<td><span data-path-to-node=\"30,1,1,0\"><b data-path-to-node=\"30,1,1,0\" data-index-in-node=\"0\">Waspe 100k<\/b> Gourmet<\/span><\/td>\n<td><span data-path-to-node=\"30,1,2,0\"><b data-path-to-node=\"30,1,2,0\" data-index-in-node=\"0\">Dulzura de la miel:<\/b> \ud83c\udf6f\ud83c\udf6f\ud83c\udf6f\ud83c\udf6f<\/span><\/td>\n<\/tr>\n<tr>\n<td><span data-path-to-node=\"30,2,0,0\"><b data-path-to-node=\"30,2,0,0\" data-index-in-node=\"0\">Capacidad de inflado<\/b><\/span><\/td>\n<td><span data-path-to-node=\"30,2,1,0\">100 000 caladas<\/span><\/td>\n<td><span data-path-to-node=\"30,2,2,0\"><b data-path-to-node=\"30,2,2,0\" data-index-in-node=\"0\">Perfil del artesano:<\/b> \ud83c\udfa8\ud83c\udfa8\ud83c\udfa8\ud83c\udfa8\ud83c\udfa8<\/span><\/td>\n<\/tr>\n<tr>\n<td><span data-path-to-node=\"30,3,0,0\"><b data-path-to-node=\"30,3,0,0\" data-index-in-node=\"0\">Tecnolog\u00eda de bobinas<\/b><\/span><\/td>\n<td><span data-path-to-node=\"30,3,1,0\">Extracci\u00f3n de sabor 4x Mesh<\/span><\/td>\n<td><span data-path-to-node=\"30,3,2,0\"><b data-path-to-node=\"30,3,2,0\" data-index-in-node=\"0\">Riqueza:<\/b> \ud83c\udf47\ud83c\udf52\ud83e\udd6d<\/span><\/td>\n<\/tr>\n<tr>\n<td><span data-path-to-node=\"30,4,0,0\"><b data-path-to-node=\"30,4,0,0\" data-index-in-node=\"0\">Pantalla<\/b><\/span><\/td>\n<td><span data-path-to-node=\"30,4,1,0\">LED de alta definici\u00f3n<\/span><\/td>\n<td><span data-path-to-node=\"30,4,2,0\"><b data-path-to-node=\"30,4,2,0\" data-index-in-node=\"0\">Mejor flujo de aire:<\/b> Restringido (detalle completo)<\/span><\/td>\n<\/tr>\n<\/tbody>\n<\/table>\n<h3 data-path-to-node=\"17,0\"><b data-path-to-node=\"17,0\" data-index-in-node=\"0\">Por qu\u00e9 el Vaper 100k es el est\u00e1ndar de oro de la industria<\/b><\/h3>\n<p data-path-to-node=\"17,1\">No todos los dispositivos de alta potencia son iguales. El <b data-path-to-node=\"17,1\" data-index-in-node=\"49\">Waspe 4 en 1 100K<\/b> Est\u00e1 fabricado con materiales de grado m\u00e9dico y componentes electr\u00f3nicos de precisi\u00f3n.<\/p>\n<ul data-path-to-node=\"17,2\">\n<li>\n<p data-path-to-node=\"17,2,0,0\"><b data-path-to-node=\"17,2,0,0\" data-index-in-node=\"0\">Log\u00edstica inteligente con LED:<\/b> La pantalla en tiempo real de tu <b data-path-to-node=\"17,2,0,0\" data-index-in-node=\"50\">Waspe 100k<\/b> Controla tanto la bater\u00eda como el dep\u00f3sito de e-l\u00edquido de 56 ml con una precisi\u00f3n de 99%.<\/p>\n<\/li>\n<li>\n<p data-path-to-node=\"17,2,1,0\"><b data-path-to-node=\"17,2,1,0\" data-index-in-node=\"0\">Dise\u00f1o ergon\u00f3mico:<\/b> Con 142 g, este <b data-path-to-node=\"17,2,1,0\" data-index-in-node=\"32\">100k vape<\/b> proporciona una sensaci\u00f3n de solidez y calidad sin resultar voluminoso, con solo 47 mm de ancho.<\/p>\n<\/li>\n<li>\n<p data-path-to-node=\"17,2,2,0\"><b data-path-to-node=\"17,2,2,0\" data-index-in-node=\"0\">La seguridad es lo primero:<\/b> El <b data-path-to-node=\"17,2,2,0\" data-index-in-node=\"18\">Waspe Aiviou 100k<\/b> Cuenta con protecci\u00f3n contra sobrecargas y prevenci\u00f3n de cortocircuitos, lo que lo convierte en una opci\u00f3n fiable para quienes buscan un dispositivo seguro. <b data-path-to-node=\"17,2,2,0\" data-index-in-node=\"150\">vaper 100k caladas<\/b> experiencia.<\/p>\n<\/li>\n<\/ul>\n<h3 data-path-to-node=\"77\"><b data-path-to-node=\"77\" data-index-in-node=\"0\">Recomendaciones adicionales:<\/b><\/h3>\n<p data-path-to-node=\"78\">Descubre a\u00fan m\u00e1s sabores incre\u00edbles con el <b data-path-to-node=\"78\" data-index-in-node=\"47\">Waspe 4 en 1 100K Vape<\/b>!<\/p>\n<p data-path-to-node=\"79\"><a class=\"ng-star-inserted\" href=\"https:\/\/vozolvapen.de\/es\/categoria-de-producto\/waspe-vape\/100k-vape-waspe-aiviou-100k-4-in-1\/\" target=\"_blank\" rel=\"noopener\" data-hveid=\"0\" data-ved=\"0CAAQ_4QMahgKEwjxyYqx9_CRAxUAAAAAHQAAAAAQ9wE\">Ver todas las variedades aqu\u00ed \u2192<\/a><\/p>\n<p data-path-to-node=\"80\">Explora nuestra colecci\u00f3n completa y compra las mejores marcas de vapeo que te encantar\u00e1n.<\/p>\n<p data-path-to-node=\"81\"><a class=\"ng-star-inserted\" href=\"https:\/\/vozolvapen.de\/es\/\" target=\"_blank\" rel=\"noopener\" data-hveid=\"0\" data-ved=\"0CAAQ_4QMahgKEwjxyYqx9_CRAxUAAAAAHQAAAAAQ-AE\">Explora todas las marcas ahora \u2192<\/a><\/p>\n<p data-path-to-node=\"82\">Echa un vistazo al completo <b data-path-to-node=\"82\" data-index-in-node=\"23\">Waspe Aiviou<\/b> serie \u2014 \u00a1todos los sabores, todos los estilos!<\/p>\n<p data-path-to-node=\"83\"><a class=\"ng-star-inserted\" href=\"https:\/\/vozolvapen.de\/es\/categoria-de-producto\/waspe-vape\/\" target=\"_blank\" rel=\"noopener\" data-hveid=\"0\" data-ved=\"0CAAQ_4QMahgKEwjxyYqx9_CRAxUAAAAAHQAAAAAQ-QE\">Ver la colecci\u00f3n completa Waspe \u2192<\/a><\/p>","protected":false},"excerpt":{"rendered":"<p><b data-path-to-node=\"3,10,4,0\" data-index-in-node=\"0\">La elecci\u00f3n del artesano.<\/b> Con la rara miel de ar\u00e1ndanos y la crujiente manzana doble. Un sabor rico y complejo. <b data-path-to-node=\"3,10,4,0\" data-index-in-node=\"97\">vaper 100k caladas<\/b> Una experiencia para los vapeadores m\u00e1s exigentes.<\/p>","protected":false},"featured_media":52394,"comment_status":"open","ping_status":"closed","template":"","meta":{"_acf_changed":false},"product_brand":[],"product_cat":[107,134],"product_tag":[],"class_list":{"0":"post-52245","1":"product","2":"type-product","3":"status-publish","4":"has-post-thumbnail","6":"product_cat-100k-vape-waspe-aiviou-100k-4-in-1","7":"product_cat-eu-warehouse-in-stock","9":"first","10":"instock","11":"shipping-taxable","12":"purchasable","13":"product-type-variable"},"acf":[],"yoast_head":"<!-- This site is optimized with the Yoast SEO Premium plugin v26.1 (Yoast SEO v27.5) - https:\/\/yoast.com\/product\/yoast-seo-premium-wordpress\/ -->\n<title>Gourmet Harvest Waspe 100k | Artisan 4-in-1 Vape - vozolvapen<\/title>\n<meta name=\"description\" content=\"Experience Gourmet Harvest Waspe 100k. Featuring unique Blueberry Honey and Double Apple. A premium 100,000 puff vaper 100k for connoisseurs.\" \/>\n<meta name=\"robots\" content=\"index, follow, max-snippet:-1, max-image-preview:large, max-video-preview:-1\" \/>\n<link rel=\"canonical\" href=\"https:\/\/vozolvapen.de\/es\/product\/100k-vape-waspe-aiviou-100k-gourmet-harvest-series\/\" \/>\n<meta property=\"og:locale\" content=\"es_ES\" \/>\n<meta property=\"og:type\" content=\"article\" \/>\n<meta property=\"og:title\" content=\"100k Vape Waspe Aiviou 100k - Gourmet Harvest Series\" \/>\n<meta property=\"og:description\" content=\"Experience Gourmet Harvest Waspe 100k. Featuring unique Blueberry Honey and Double Apple. A premium 100,000 puff vaper 100k for connoisseurs.\" \/>\n<meta property=\"og:url\" content=\"https:\/\/vozolvapen.de\/es\/product\/100k-vape-waspe-aiviou-100k-gourmet-harvest-series\/\" \/>\n<meta property=\"og:site_name\" content=\"vozolvapen\" \/>\n<meta property=\"article:modified_time\" content=\"2026-02-10T10:54:14+00:00\" \/>\n<meta property=\"og:image\" content=\"https:\/\/vozolvapen.de\/wp-content\/uploads\/2026\/01\/waspe-100k-Mixed-BerriesDouble-Apple-lceBlueberry-RaspberryBlueberry-Honey.webp\" \/>\n\t<meta property=\"og:image:width\" content=\"1200\" \/>\n\t<meta property=\"og:image:height\" content=\"1200\" \/>\n\t<meta property=\"og:image:type\" content=\"image\/webp\" \/>\n<meta name=\"twitter:card\" content=\"summary_large_image\" \/>\n<meta name=\"twitter:label1\" content=\"Tiempo de lectura\" \/>\n\t<meta name=\"twitter:data1\" content=\"2 minutos\" \/>\n<script type=\"application\/ld+json\" class=\"yoast-schema-graph\">{\"@context\":\"https:\\\/\\\/schema.org\",\"@graph\":[{\"@type\":\"WebPage\",\"@id\":\"https:\\\/\\\/vozolvapen.de\\\/product\\\/100k-vape-waspe-aiviou-100k-gourmet-harvest-series\\\/\",\"url\":\"https:\\\/\\\/vozolvapen.de\\\/product\\\/100k-vape-waspe-aiviou-100k-gourmet-harvest-series\\\/\",\"name\":\"Gourmet Harvest Waspe 100k | Artisan 4-in-1 Vape - vozolvapen\",\"isPartOf\":{\"@id\":\"https:\\\/\\\/vozolvapen.de\\\/#website\"},\"primaryImageOfPage\":{\"@id\":\"https:\\\/\\\/vozolvapen.de\\\/product\\\/100k-vape-waspe-aiviou-100k-gourmet-harvest-series\\\/#primaryimage\"},\"image\":{\"@id\":\"https:\\\/\\\/vozolvapen.de\\\/product\\\/100k-vape-waspe-aiviou-100k-gourmet-harvest-series\\\/#primaryimage\"},\"thumbnailUrl\":\"https:\\\/\\\/vozolvapen.de\\\/wp-content\\\/uploads\\\/2026\\\/01\\\/waspe-100k-Mixed-BerriesDouble-Apple-lceBlueberry-RaspberryBlueberry-Honey.webp\",\"datePublished\":\"2026-01-04T03:49:40+00:00\",\"dateModified\":\"2026-02-10T10:54:14+00:00\",\"description\":\"Experience Gourmet Harvest Waspe 100k. Featuring unique Blueberry Honey and Double Apple. A premium 100,000 puff vaper 100k for connoisseurs.\",\"breadcrumb\":{\"@id\":\"https:\\\/\\\/vozolvapen.de\\\/product\\\/100k-vape-waspe-aiviou-100k-gourmet-harvest-series\\\/#breadcrumb\"},\"inLanguage\":\"es\",\"potentialAction\":[{\"@type\":\"ReadAction\",\"target\":[\"https:\\\/\\\/vozolvapen.de\\\/product\\\/100k-vape-waspe-aiviou-100k-gourmet-harvest-series\\\/\"]}]},{\"@type\":\"ImageObject\",\"inLanguage\":\"es\",\"@id\":\"https:\\\/\\\/vozolvapen.de\\\/product\\\/100k-vape-waspe-aiviou-100k-gourmet-harvest-series\\\/#primaryimage\",\"url\":\"https:\\\/\\\/vozolvapen.de\\\/wp-content\\\/uploads\\\/2026\\\/01\\\/waspe-100k-Mixed-BerriesDouble-Apple-lceBlueberry-RaspberryBlueberry-Honey.webp\",\"contentUrl\":\"https:\\\/\\\/vozolvapen.de\\\/wp-content\\\/uploads\\\/2026\\\/01\\\/waspe-100k-Mixed-BerriesDouble-Apple-lceBlueberry-RaspberryBlueberry-Honey.webp\",\"width\":1200,\"height\":1200,\"caption\":\"Waspe 100k Mixed Berriesdouble Apple Lceblueberry Raspberryblueberry Honey Disposable Vape Device\"},{\"@type\":\"BreadcrumbList\",\"@id\":\"https:\\\/\\\/vozolvapen.de\\\/product\\\/100k-vape-waspe-aiviou-100k-gourmet-harvest-series\\\/#breadcrumb\",\"itemListElement\":[{\"@type\":\"ListItem\",\"position\":1,\"name\":\"Home\",\"item\":\"https:\\\/\\\/vozolvapen.de\\\/de\\\/\"},{\"@type\":\"ListItem\",\"position\":2,\"name\":\"Shop\",\"item\":\"https:\\\/\\\/vozolvapen.de\\\/shop\\\/\"},{\"@type\":\"ListItem\",\"position\":3,\"name\":\"100k Vape Waspe Aiviou 100k &#8211; Gourmet Harvest Series\"}]},{\"@type\":\"WebSite\",\"@id\":\"https:\\\/\\\/vozolvapen.de\\\/#website\",\"url\":\"https:\\\/\\\/vozolvapen.de\\\/\",\"name\":\"vozolvapen\",\"description\":\"vozolvapen\",\"publisher\":{\"@id\":\"https:\\\/\\\/vozolvapen.de\\\/#organization\"},\"potentialAction\":[{\"@type\":\"SearchAction\",\"target\":{\"@type\":\"EntryPoint\",\"urlTemplate\":\"https:\\\/\\\/vozolvapen.de\\\/?s={search_term_string}\"},\"query-input\":{\"@type\":\"PropertyValueSpecification\",\"valueRequired\":true,\"valueName\":\"search_term_string\"}}],\"inLanguage\":\"es\"},{\"@type\":\"Organization\",\"@id\":\"https:\\\/\\\/vozolvapen.de\\\/#organization\",\"name\":\"vozolvapen\",\"url\":\"https:\\\/\\\/vozolvapen.de\\\/\",\"logo\":{\"@type\":\"ImageObject\",\"inLanguage\":\"es\",\"@id\":\"https:\\\/\\\/vozolvapen.de\\\/#\\\/schema\\\/logo\\\/image\\\/\",\"url\":\"https:\\\/\\\/vozolvapen.de\\\/wp-content\\\/uploads\\\/2025\\\/12\\\/cropped-vozovapen-logo.webp\",\"contentUrl\":\"https:\\\/\\\/vozolvapen.de\\\/wp-content\\\/uploads\\\/2025\\\/12\\\/cropped-vozovapen-logo.webp\",\"width\":470,\"height\":110,\"caption\":\"vozolvapen\"},\"image\":{\"@id\":\"https:\\\/\\\/vozolvapen.de\\\/#\\\/schema\\\/logo\\\/image\\\/\"}}]}<\/script>\n<!-- \/ Yoast SEO Premium plugin. -->","yoast_head_json":{"title":"Gourmet Harvest Waspe 100k | Vaporizador artesanal 4 en 1 - vozolvapen","description":"Disfruta de Gourmet Harvest Waspe 100k. Con miel de ar\u00e1ndanos y doble manzana \u00fanicas. Un vaporizador premium de 100 000 caladas para los m\u00e1s exigentes.","robots":{"index":"index","follow":"follow","max-snippet":"max-snippet:-1","max-image-preview":"max-image-preview:large","max-video-preview":"max-video-preview:-1"},"canonical":"https:\/\/vozolvapen.de\/es\/product\/100k-vape-waspe-aiviou-100k-gourmet-harvest-series\/","og_locale":"es_ES","og_type":"article","og_title":"100k Vape Waspe Aiviou 100k - Gourmet Harvest Series","og_description":"Experience Gourmet Harvest Waspe 100k. Featuring unique Blueberry Honey and Double Apple. A premium 100,000 puff vaper 100k for connoisseurs.","og_url":"https:\/\/vozolvapen.de\/es\/product\/100k-vape-waspe-aiviou-100k-gourmet-harvest-series\/","og_site_name":"vozolvapen","article_modified_time":"2026-02-10T10:54:14+00:00","og_image":[{"width":1200,"height":1200,"url":"https:\/\/vozolvapen.de\/wp-content\/uploads\/2026\/01\/waspe-100k-Mixed-BerriesDouble-Apple-lceBlueberry-RaspberryBlueberry-Honey.webp","type":"image\/webp"}],"twitter_card":"summary_large_image","twitter_misc":{"Tiempo de lectura":"2 minutos"},"schema":{"@context":"https:\/\/schema.org","@graph":[{"@type":"WebPage","@id":"https:\/\/vozolvapen.de\/product\/100k-vape-waspe-aiviou-100k-gourmet-harvest-series\/","url":"https:\/\/vozolvapen.de\/product\/100k-vape-waspe-aiviou-100k-gourmet-harvest-series\/","name":"Gourmet Harvest Waspe 100k | Vaporizador artesanal 4 en 1 - vozolvapen","isPartOf":{"@id":"https:\/\/vozolvapen.de\/#website"},"primaryImageOfPage":{"@id":"https:\/\/vozolvapen.de\/product\/100k-vape-waspe-aiviou-100k-gourmet-harvest-series\/#primaryimage"},"image":{"@id":"https:\/\/vozolvapen.de\/product\/100k-vape-waspe-aiviou-100k-gourmet-harvest-series\/#primaryimage"},"thumbnailUrl":"https:\/\/vozolvapen.de\/wp-content\/uploads\/2026\/01\/waspe-100k-Mixed-BerriesDouble-Apple-lceBlueberry-RaspberryBlueberry-Honey.webp","datePublished":"2026-01-04T03:49:40+00:00","dateModified":"2026-02-10T10:54:14+00:00","description":"Disfruta de Gourmet Harvest Waspe 100k. Con miel de ar\u00e1ndanos y doble manzana \u00fanicas. Un vaporizador premium de 100 000 caladas para los m\u00e1s exigentes.","breadcrumb":{"@id":"https:\/\/vozolvapen.de\/product\/100k-vape-waspe-aiviou-100k-gourmet-harvest-series\/#breadcrumb"},"inLanguage":"es","potentialAction":[{"@type":"ReadAction","target":["https:\/\/vozolvapen.de\/product\/100k-vape-waspe-aiviou-100k-gourmet-harvest-series\/"]}]},{"@type":"ImageObject","inLanguage":"es","@id":"https:\/\/vozolvapen.de\/product\/100k-vape-waspe-aiviou-100k-gourmet-harvest-series\/#primaryimage","url":"https:\/\/vozolvapen.de\/wp-content\/uploads\/2026\/01\/waspe-100k-Mixed-BerriesDouble-Apple-lceBlueberry-RaspberryBlueberry-Honey.webp","contentUrl":"https:\/\/vozolvapen.de\/wp-content\/uploads\/2026\/01\/waspe-100k-Mixed-BerriesDouble-Apple-lceBlueberry-RaspberryBlueberry-Honey.webp","width":1200,"height":1200,"caption":"Waspe 100k Mixed Berriesdouble Apple Lceblueberry Raspberryblueberry Honey Disposable Vape Device"},{"@type":"BreadcrumbList","@id":"https:\/\/vozolvapen.de\/product\/100k-vape-waspe-aiviou-100k-gourmet-harvest-series\/#breadcrumb","itemListElement":[{"@type":"ListItem","position":1,"name":"Home","item":"https:\/\/vozolvapen.de\/de\/"},{"@type":"ListItem","position":2,"name":"Shop","item":"https:\/\/vozolvapen.de\/shop\/"},{"@type":"ListItem","position":3,"name":"100k Vape Waspe Aiviou 100k &#8211; Gourmet Harvest Series"}]},{"@type":"WebSite","@id":"https:\/\/vozolvapen.de\/#website","url":"https:\/\/vozolvapen.de\/","name":"vozolvapen","description":"vozolvapen","publisher":{"@id":"https:\/\/vozolvapen.de\/#organization"},"potentialAction":[{"@type":"SearchAction","target":{"@type":"EntryPoint","urlTemplate":"https:\/\/vozolvapen.de\/?s={search_term_string}"},"query-input":{"@type":"PropertyValueSpecification","valueRequired":true,"valueName":"search_term_string"}}],"inLanguage":"es"},{"@type":"Organization","@id":"https:\/\/vozolvapen.de\/#organization","name":"vozolvapen","url":"https:\/\/vozolvapen.de\/","logo":{"@type":"ImageObject","inLanguage":"es","@id":"https:\/\/vozolvapen.de\/#\/schema\/logo\/image\/","url":"https:\/\/vozolvapen.de\/wp-content\/uploads\/2025\/12\/cropped-vozovapen-logo.webp","contentUrl":"https:\/\/vozolvapen.de\/wp-content\/uploads\/2025\/12\/cropped-vozovapen-logo.webp","width":470,"height":110,"caption":"vozolvapen"},"image":{"@id":"https:\/\/vozolvapen.de\/#\/schema\/logo\/image\/"}}]}},"tiered_pricing_type":"fixed","tiered_pricing_fixed_rules":{"30":"13.57","50":"11.57","100":"10.57","200":"10.07"},"tiered_pricing_product_settings":{"layout":"default","base_unit_name":{"singular":null,"plural":null},"default_variation":{}},"tiered_pricing_minimum_quantity":10,"tiered_pricing_roles_data":[],"tiered_pricing_percentage_rules":[],"tiered_pricing_maximum_quantity":null,"tiered_pricing_quantity_step":"10","_links":{"self":[{"href":"https:\/\/vozolvapen.de\/es\/wp-json\/wp\/v2\/product\/52245","targetHints":{"allow":["GET"]}}],"collection":[{"href":"https:\/\/vozolvapen.de\/es\/wp-json\/wp\/v2\/product"}],"about":[{"href":"https:\/\/vozolvapen.de\/es\/wp-json\/wp\/v2\/types\/product"}],"replies":[{"embeddable":true,"href":"https:\/\/vozolvapen.de\/es\/wp-json\/wp\/v2\/comments?post=52245"}],"wp:featuredmedia":[{"embeddable":true,"href":"https:\/\/vozolvapen.de\/es\/wp-json\/wp\/v2\/media\/52394"}],"wp:attachment":[{"href":"https:\/\/vozolvapen.de\/es\/wp-json\/wp\/v2\/media?parent=52245"}],"wp:term":[{"taxonomy":"product_brand","embeddable":true,"href":"https:\/\/vozolvapen.de\/es\/wp-json\/wp\/v2\/product_brand?post=52245"},{"taxonomy":"product_cat","embeddable":true,"href":"https:\/\/vozolvapen.de\/es\/wp-json\/wp\/v2\/product_cat?post=52245"},{"taxonomy":"product_tag","embeddable":true,"href":"https:\/\/vozolvapen.de\/es\/wp-json\/wp\/v2\/product_tag?post=52245"}],"curies":[{"name":"wp","href":"https:\/\/api.w.org\/{rel}","templated":true}]}}