{"id":66451,"date":"2026-02-02T10:48:09","date_gmt":"2026-02-02T10:48:09","guid":{"rendered":"https:\/\/vozolvapen.de\/?post_type=product&#038;p=66451"},"modified":"2026-02-26T08:29:28","modified_gmt":"2026-02-26T08:29:28","slug":"razz-bar-30000-30k-puffs-disposable-vape-adjustable-airflow-eu-warehouse-wholesale","status":"publish","type":"product","link":"https:\/\/vozolvapen.de\/es\/product\/razz-bar-30000-30k-puffs-disposable-vape-adjustable-airflow-eu-warehouse-wholesale\/","title":{"rendered":"Razz Bar 30000 30k Puffs Vape Desechable | Flujo de Aire Ajustable | EU Warehouse Wholesale"},"content":{"rendered":"<h1 style=\"text-align: center;\">Razz Bar 30000 30k Puffs Vape Desechable<\/h1>\n<p data-path-to-node=\"1\">Eleva tus est\u00e1ndares de vapeo con el <b data-path-to-node=\"1\" data-index-in-node=\"39\">Razz Bar 30000<\/b>, un desechable de alto rendimiento dise\u00f1ado para ofrecer la m\u00e1xima longevidad y precisi\u00f3n de sabor. Con una enorme <b data-path-to-node=\"1\" data-index-in-node=\"159\">30k Razz Bar<\/b> capacidad de soplado y una <b data-path-to-node=\"1\" data-index-in-node=\"193\">sistema de flujo de aire ajustable<\/b>, el <b data-path-to-node=\"1\" data-index-in-node=\"224\">Razz Bar 30k<\/b> ofrece una experiencia personalizable y de primera calidad con un <b data-path-to-node=\"1\" data-index-in-node=\"304\">vaper razz bar 30000<\/b> plataforma.<\/p>\n<h2 data-path-to-node=\"3\">Par\u00e1metros b\u00e1sicos del producto Razz Bar 30000<\/h2>\n<table data-path-to-node=\"4\">\n<thead>\n<tr>\n<td><strong>Caracter\u00edstica<\/strong><\/td>\n<td><strong>Especificaciones t\u00e9cnicas<\/strong><\/td>\n<\/tr>\n<\/thead>\n<tbody>\n<tr>\n<td><span data-path-to-node=\"4,1,0,0\"><b data-path-to-node=\"4,1,0,0\" data-index-in-node=\"0\">Modelo<\/b><\/span><\/td>\n<td><span data-path-to-node=\"4,1,1,0\"><b data-path-to-node=\"4,1,1,0\" data-index-in-node=\"0\">Barra Razz 30000 (30k Puffs)<\/b><\/span><\/td>\n<\/tr>\n<tr>\n<td><span data-path-to-node=\"4,2,0,0\"><b data-path-to-node=\"4,2,0,0\" data-index-in-node=\"0\">Recuento de bocanadas<\/b><\/span><\/td>\n<td><span data-path-to-node=\"4,2,1,0\">Hasta 30 000 Puffs<\/span><\/td>\n<\/tr>\n<tr>\n<td><span data-path-to-node=\"4,3,0,0\"><b data-path-to-node=\"4,3,0,0\" data-index-in-node=\"0\">Capacidad del l\u00edquido electr\u00f3nico<\/b><\/span><\/td>\n<td><span data-path-to-node=\"4,3,1,0\">30ML L\u00edquido Relleno Premium<\/span><\/td>\n<\/tr>\n<tr>\n<td><span data-path-to-node=\"4,4,0,0\"><b data-path-to-node=\"4,4,0,0\" data-index-in-node=\"0\">Capacidad de la bater\u00eda<\/b><\/span><\/td>\n<td><span data-path-to-node=\"4,4,1,0\">Cobalto de alta densidad de 650 mAh<\/span><\/td>\n<\/tr>\n<tr>\n<td><span data-path-to-node=\"4,5,0,0\"><b data-path-to-node=\"4,5,0,0\" data-index-in-node=\"0\">Tipo de bobina<\/b><\/span><\/td>\n<td><span data-path-to-node=\"4,5,1,0\">Bobina de malla de 1.0\u03a9 (sabor de alta fidelidad)<\/span><\/td>\n<\/tr>\n<tr>\n<td><span data-path-to-node=\"4,6,0,0\"><b data-path-to-node=\"4,6,0,0\" data-index-in-node=\"0\">Flujo de aire<\/b><\/span><\/td>\n<td><span data-path-to-node=\"4,6,1,0\">Flujo de aire inferior totalmente ajustable<\/span><\/td>\n<\/tr>\n<tr>\n<td><span data-path-to-node=\"4,7,0,0\"><b data-path-to-node=\"4,7,0,0\" data-index-in-node=\"0\">Nivel de nicotina<\/b><\/span><\/td>\n<td><span data-path-to-node=\"4,7,1,0\">2% (20mg) \/ 5% (50mg) Opciones<\/span><\/td>\n<\/tr>\n<tr>\n<td><span data-path-to-node=\"4,8,0,0\"><b data-path-to-node=\"4,8,0,0\" data-index-in-node=\"0\">Carga<\/b><\/span><\/td>\n<td><span data-path-to-node=\"4,8,1,0\">USB Tipo-C Recargable<\/span><\/td>\n<\/tr>\n<tr>\n<td><span data-path-to-node=\"4,9,0,0\"><b data-path-to-node=\"4,9,0,0\" data-index-in-node=\"0\">Log\u00edstica<\/b><\/span><\/td>\n<td><span data-path-to-node=\"4,9,1,0\">Almac\u00e9n de la UE (entrega en 1-3 d\u00edas)<\/span><\/td>\n<\/tr>\n<\/tbody>\n<\/table>\n<h2 data-path-to-node=\"6\">Selecci\u00f3n de sabores de Razz Bar 30k<\/h2>\n<p data-path-to-node=\"7\">El <b data-path-to-node=\"7\" data-index-in-node=\"4\">razz bar puffs<\/b> collection ofrece 16 sabores master-blended, optimizados para la bobina de malla de 1,0\u03a9 para garantizar una degradaci\u00f3n cero del sabor:<\/p>\n<p>1.Triple mel\u00f3n<br \/>\n2.Hielo de fresa<br \/>\n3. Manzana \u00e1cida<br \/>\n4.Mango Melocot\u00f3n Sand\u00eda<br \/>\n5. Pl\u00e1tano con fresa<br \/>\n6.Hielo de ar\u00e1ndano<br \/>\n7.Hielo de melocot\u00f3n jugoso<br \/>\n8.Kiwi fresa<br \/>\n9.Hielo de sand\u00eda<br \/>\n10.Sue\u00f1o de verano<br \/>\n11.Sand\u00eda con fresa<br \/>\n12. Bayas mixtas<br \/>\n13.Blue Razz hielo<br \/>\n14.Lim\u00f3n Lima<br \/>\n15.Cola ice<br \/>\n16.Hielo de mora<\/p>\n<h2><strong>Razz Bar 30000 30k puffs <\/strong><strong>V\u00eddeo:<\/strong><\/h2>\n<p><iframe title=\"\u00a116 sabores, 30.000 puffs! \u00bfQu\u00e9 Razz Bar 30k es el tuyo? \ufffd\ufffd\" src=\"https:\/\/player.vimeo.com\/video\/1152429678?badge=0&amp;autopause=0&amp;player_id=0&amp;app_id=58479\" width=\"400\" height=\"711\" frameborder=\"0\" data-mce-fragment=\"1\"><\/iframe><\/p>\n<h2>Experiencia Premium y Puntos Clave de Venta<\/h2>\n<p data-path-to-node=\"12\">El <b data-path-to-node=\"12\" data-index-in-node=\"4\">Razz Bar 30000<\/b> est\u00e1 dise\u00f1ado para el vapeador moderno que exige tanto durabilidad como control.<\/p>\n<ul>\n<li data-path-to-node=\"13,0,0\"><b data-path-to-node=\"13,0,0\" data-index-in-node=\"0\">Flujo de aire personalizable:<\/b> A diferencia de los desechables est\u00e1ndar, el <b data-path-to-node=\"13,0,0\" data-index-in-node=\"55\">Razz Bar 30k<\/b> le permite alternar entre un apretado MTL (boca a pulm\u00f3n) o un flojo RDL sorteo, poniendo el poder de la <b data-path-to-node=\"13,0,0\" data-index-in-node=\"171\">vaper razz bar 30000<\/b> en tus manos.<\/li>\n<li data-path-to-node=\"13,1,0\"><b data-path-to-node=\"13,1,0\" data-index-in-node=\"0\">Tecnolog\u00eda de malla superior de 1,0\u03a9:<\/b> La avanzada estructura de malla maximiza la superficie, garantizando que cada <b data-path-to-node=\"13,1,0\" data-index-in-node=\"102\">bar razz puff<\/b> es denso, caliente y rebosante de sabor.<\/li>\n<li data-path-to-node=\"13,2,0\"><b data-path-to-node=\"13,2,0\" data-index-in-node=\"0\">Capacidad insuperable:<\/b> Con <b data-path-to-node=\"13,2,0\" data-index-in-node=\"26\">30,000 puffs<\/b> y un dep\u00f3sito de 30ML, este dispositivo sustituye a varios desechables de menor tama\u00f1o, ofreciendo la mejor relaci\u00f3n calidad-precio del mercado. <b data-path-to-node=\"13,2,0\" data-index-in-node=\"138\">puff 30k razz bar<\/b> mercado.<\/li>\n<li data-path-to-node=\"13,3,0\"><b data-path-to-node=\"13,3,0\" data-index-in-node=\"0\">Env\u00edo r\u00e1pido a la UE:<\/b> Disponible en nuestro <b data-path-to-node=\"13,3,0\" data-index-in-node=\"34\">Almac\u00e9n europeo<\/b>, Garantizamos la entrega en <b data-path-to-node=\"13,3,0\" data-index-in-node=\"83\">1-3 d\u00edas h\u00e1biles<\/b>, totalmente libre de impuestos para los minoristas y consumidores europeos.<\/li>\n<\/ul>\n<h2 data-path-to-node=\"15\">Oportunidades B2B y mayoristas<\/h2>\n<p data-path-to-node=\"16\">Ampl\u00ede su inventario con las \u00faltimas tendencias <b data-path-to-node=\"16\" data-index-in-node=\"44\">Razz Bar 30000<\/b>. Ofrecemos precios competitivos al por mayor para los <b data-path-to-node=\"16\" data-index-in-node=\"107\">Razz Bar 30k Vape<\/b> para ayudarle a dominar su mercado local.<\/p>\n<ul>\n<li data-path-to-node=\"17,0,0\"><b data-path-to-node=\"17,0,0\" data-index-in-node=\"0\">Embalaje:<\/b> 10 unidades por caja expositora \/ 135 g por unidad.<\/li>\n<li data-path-to-node=\"17,1,0\"><b data-path-to-node=\"17,1,0\" data-index-in-node=\"0\">Beneficios a granel:<\/b> Precios escalonados, cadena de suministro fiable y log\u00edstica r\u00e1pida de UE a UE.<\/li>\n<li data-path-to-node=\"17,2,0\"><b data-path-to-node=\"17,2,0\" data-index-in-node=\"0\">Demanda del mercado:<\/b> El <b data-path-to-node=\"17,2,0\" data-index-in-node=\"19\">30k Razz Bar<\/b> es un art\u00edculo de alta rotaci\u00f3n debido a su gran cantidad de caladas y a sus caracter\u00edsticas de flujo de aire premium.<\/li>\n<\/ul>\n<h2 data-path-to-node=\"19\">Razz Bar 30000 FAQ<\/h2>\n<h3 data-path-to-node=\"20\"><b data-path-to-node=\"20\" data-index-in-node=\"0\">P: \u00bfC\u00f3mo se ajusta el caudal de aire de la Razz Bar 30000?<\/b><\/h3>\n<p data-path-to-node=\"20\">R: Hay un interruptor deslizante en la base del <b data-path-to-node=\"20\" data-index-in-node=\"102\">razz bar puffs<\/b> dispositivo. Desl\u00edzalo para abrirlo y obtener m\u00e1s vapor o ci\u00e9rralo para un golpe m\u00e1s ajustado y centrado en la nicotina.<\/p>\n<h3 data-path-to-node=\"21\"><b data-path-to-node=\"21\" data-index-in-node=\"0\">P: \u00bfCu\u00e1nto dura la bater\u00eda de 650 mAh?<\/b><\/h3>\n<p data-path-to-node=\"21\">R: Con una carga completa, el <b data-path-to-node=\"21\" data-index-in-node=\"67\">Razz Bar 30k<\/b> suele durar un d\u00eda entero para usuarios moderados. Se puede recargar r\u00e1pidamente mediante cualquier cable Type-C.<\/p>\n<h3 data-path-to-node=\"22\"><b data-path-to-node=\"22\" data-index-in-node=\"0\">P: \u00bfEl nivel de nicotina es alto?<\/b><\/h3>\n<p data-path-to-node=\"22\">R: No, el <b data-path-to-node=\"22\" data-index-in-node=\"43\">vaper razz bar 30000<\/b> utiliza sales de nicotina de alta calidad (2% o 5%) combinadas con una bobina de malla de 1,0\u03a9 para garantizar un suave golpe de garganta sin sacrificar la \u201cpatada\u201d.\u201d<\/p>","protected":false},"excerpt":{"rendered":"<ul>\n<li data-path-to-node=\"13,0,0\"><strong>Capacidad para 30.000 puff: La barra de 30k puff razz m\u00e1s duradera en un dise\u00f1o port\u00e1til.<\/strong><\/li>\n<li data-path-to-node=\"13,1,0\"><strong>Flujo de aire personalizado: Cambia entre caladas estrechas y aireadas con un simple deslizamiento.<\/strong><\/li>\n<li data-path-to-node=\"13,2,0\"><strong>Bobina de malla de 1.0\u03a9: Optimizado para un vapor rico y consistente razz bar puffs.<\/strong><\/li>\n<li data-path-to-node=\"13,3,0\"><strong>Carga r\u00e1pida: bater\u00eda de 650 mAh con USB Type-C para un tiempo de inactividad m\u00ednimo.<\/strong><\/li>\n<li data-path-to-node=\"13,4,0\"><strong>Stock en almac\u00e9n de la UE: Env\u00edo libre de impuestos con entrega en 1-3 d\u00edas en toda Europa.<\/strong><\/li>\n<\/ul>","protected":false},"featured_media":56450,"comment_status":"open","ping_status":"closed","template":"","meta":{"_acf_changed":false},"product_brand":[],"product_cat":[134,110],"product_tag":[],"class_list":{"0":"post-66451","1":"product","2":"type-product","3":"status-publish","4":"has-post-thumbnail","6":"product_cat-eu-warehouse-in-stock","7":"product_cat-razz-bar","9":"first","10":"instock","11":"shipping-taxable","12":"purchasable","13":"product-type-variable"},"acf":[],"yoast_head":"<!-- This site is optimized with the Yoast SEO Premium plugin v26.1 (Yoast SEO v27.5) - https:\/\/yoast.com\/product\/yoast-seo-premium-wordpress\/ -->\n<title>Razz Bar 30000 Puffs | 30k Rechargeable Vape with Airflow - vozolvapen<\/title>\n<meta name=\"description\" content=\"Get the Razz Bar 30000. Features 30k puffs, a 30ML tank, 1.0\u03a9 mesh coil, and adjustable airflow. Fast 1-3 day EU delivery. Shop the best 30k Razz Bar today!\" \/>\n<meta name=\"robots\" content=\"index, follow, max-snippet:-1, max-image-preview:large, max-video-preview:-1\" \/>\n<link rel=\"canonical\" href=\"https:\/\/vozolvapen.de\/es\/product\/razz-bar-30000-30k-puffs-disposable-vape-adjustable-airflow-eu-warehouse-wholesale\/\" \/>\n<meta property=\"og:locale\" content=\"es_ES\" \/>\n<meta property=\"og:type\" content=\"article\" \/>\n<meta property=\"og:title\" content=\"Razz Bar 30000 30k Puffs Disposable Vape | Adjustable Airflow | EU Warehouse Wholesale\" \/>\n<meta property=\"og:description\" content=\"Get the Razz Bar 30000. Features 30k puffs, a 30ML tank, 1.0\u03a9 mesh coil, and adjustable airflow. Fast 1-3 day EU delivery. Shop the best 30k Razz Bar today!\" \/>\n<meta property=\"og:url\" content=\"https:\/\/vozolvapen.de\/es\/product\/razz-bar-30000-30k-puffs-disposable-vape-adjustable-airflow-eu-warehouse-wholesale\/\" \/>\n<meta property=\"og:site_name\" content=\"vozolvapen\" \/>\n<meta property=\"article:modified_time\" content=\"2026-02-26T08:29:28+00:00\" \/>\n<meta property=\"og:image\" content=\"https:\/\/vozolvapen.de\/wp-content\/uploads\/2026\/01\/Razz-Bar-30000-30k-puffs-5.webp\" \/>\n\t<meta property=\"og:image:width\" content=\"1200\" \/>\n\t<meta property=\"og:image:height\" content=\"1200\" \/>\n\t<meta property=\"og:image:type\" content=\"image\/webp\" \/>\n<meta name=\"twitter:card\" content=\"summary_large_image\" \/>\n<meta name=\"twitter:label1\" content=\"Tiempo de lectura\" \/>\n\t<meta name=\"twitter:data1\" content=\"3 minutos\" \/>\n<script type=\"application\/ld+json\" class=\"yoast-schema-graph\">{\"@context\":\"https:\\\/\\\/schema.org\",\"@graph\":[{\"@type\":\"WebPage\",\"@id\":\"https:\\\/\\\/vozolvapen.de\\\/product\\\/razz-bar-30000-30k-puffs-disposable-vape-adjustable-airflow-eu-warehouse-wholesale\\\/\",\"url\":\"https:\\\/\\\/vozolvapen.de\\\/product\\\/razz-bar-30000-30k-puffs-disposable-vape-adjustable-airflow-eu-warehouse-wholesale\\\/\",\"name\":\"Razz Bar 30000 Puffs | 30k Rechargeable Vape with Airflow - vozolvapen\",\"isPartOf\":{\"@id\":\"https:\\\/\\\/vozolvapen.de\\\/#website\"},\"primaryImageOfPage\":{\"@id\":\"https:\\\/\\\/vozolvapen.de\\\/product\\\/razz-bar-30000-30k-puffs-disposable-vape-adjustable-airflow-eu-warehouse-wholesale\\\/#primaryimage\"},\"image\":{\"@id\":\"https:\\\/\\\/vozolvapen.de\\\/product\\\/razz-bar-30000-30k-puffs-disposable-vape-adjustable-airflow-eu-warehouse-wholesale\\\/#primaryimage\"},\"thumbnailUrl\":\"https:\\\/\\\/vozolvapen.de\\\/wp-content\\\/uploads\\\/2026\\\/01\\\/Razz-Bar-30000-30k-puffs-5.webp\",\"datePublished\":\"2026-02-02T10:48:09+00:00\",\"dateModified\":\"2026-02-26T08:29:28+00:00\",\"description\":\"Get the Razz Bar 30000. Features 30k puffs, a 30ML tank, 1.0\u03a9 mesh coil, and adjustable airflow. Fast 1-3 day EU delivery. Shop the best 30k Razz Bar today!\",\"breadcrumb\":{\"@id\":\"https:\\\/\\\/vozolvapen.de\\\/product\\\/razz-bar-30000-30k-puffs-disposable-vape-adjustable-airflow-eu-warehouse-wholesale\\\/#breadcrumb\"},\"inLanguage\":\"es\",\"potentialAction\":[{\"@type\":\"ReadAction\",\"target\":[\"https:\\\/\\\/vozolvapen.de\\\/product\\\/razz-bar-30000-30k-puffs-disposable-vape-adjustable-airflow-eu-warehouse-wholesale\\\/\"]}]},{\"@type\":\"ImageObject\",\"inLanguage\":\"es\",\"@id\":\"https:\\\/\\\/vozolvapen.de\\\/product\\\/razz-bar-30000-30k-puffs-disposable-vape-adjustable-airflow-eu-warehouse-wholesale\\\/#primaryimage\",\"url\":\"https:\\\/\\\/vozolvapen.de\\\/wp-content\\\/uploads\\\/2026\\\/01\\\/Razz-Bar-30000-30k-puffs-5.webp\",\"contentUrl\":\"https:\\\/\\\/vozolvapen.de\\\/wp-content\\\/uploads\\\/2026\\\/01\\\/Razz-Bar-30000-30k-puffs-5.webp\",\"width\":1200,\"height\":1200,\"caption\":\"Razz Bar 30000 30k Puffs 5 Disposable Vape Device\"},{\"@type\":\"BreadcrumbList\",\"@id\":\"https:\\\/\\\/vozolvapen.de\\\/product\\\/razz-bar-30000-30k-puffs-disposable-vape-adjustable-airflow-eu-warehouse-wholesale\\\/#breadcrumb\",\"itemListElement\":[{\"@type\":\"ListItem\",\"position\":1,\"name\":\"Home\",\"item\":\"https:\\\/\\\/vozolvapen.de\\\/de\\\/\"},{\"@type\":\"ListItem\",\"position\":2,\"name\":\"Shop\",\"item\":\"https:\\\/\\\/vozolvapen.de\\\/shop\\\/\"},{\"@type\":\"ListItem\",\"position\":3,\"name\":\"Razz Bar 30000 30k Puffs Disposable Vape | Adjustable Airflow | EU Warehouse Wholesale\"}]},{\"@type\":\"WebSite\",\"@id\":\"https:\\\/\\\/vozolvapen.de\\\/#website\",\"url\":\"https:\\\/\\\/vozolvapen.de\\\/\",\"name\":\"vozolvapen\",\"description\":\"vozolvapen\",\"publisher\":{\"@id\":\"https:\\\/\\\/vozolvapen.de\\\/#organization\"},\"potentialAction\":[{\"@type\":\"SearchAction\",\"target\":{\"@type\":\"EntryPoint\",\"urlTemplate\":\"https:\\\/\\\/vozolvapen.de\\\/?s={search_term_string}\"},\"query-input\":{\"@type\":\"PropertyValueSpecification\",\"valueRequired\":true,\"valueName\":\"search_term_string\"}}],\"inLanguage\":\"es\"},{\"@type\":\"Organization\",\"@id\":\"https:\\\/\\\/vozolvapen.de\\\/#organization\",\"name\":\"vozolvapen\",\"url\":\"https:\\\/\\\/vozolvapen.de\\\/\",\"logo\":{\"@type\":\"ImageObject\",\"inLanguage\":\"es\",\"@id\":\"https:\\\/\\\/vozolvapen.de\\\/#\\\/schema\\\/logo\\\/image\\\/\",\"url\":\"https:\\\/\\\/vozolvapen.de\\\/wp-content\\\/uploads\\\/2025\\\/12\\\/cropped-vozovapen-logo.webp\",\"contentUrl\":\"https:\\\/\\\/vozolvapen.de\\\/wp-content\\\/uploads\\\/2025\\\/12\\\/cropped-vozovapen-logo.webp\",\"width\":470,\"height\":110,\"caption\":\"vozolvapen\"},\"image\":{\"@id\":\"https:\\\/\\\/vozolvapen.de\\\/#\\\/schema\\\/logo\\\/image\\\/\"}}]}<\/script>\n<!-- \/ Yoast SEO Premium plugin. -->","yoast_head_json":{"title":"Razz Bar 30000 Puffs | 30k Vape recargable con flujo de aire - vozolvapen","description":"Consigue el Razz Bar 30000. Cuenta con 30k caladas, un tanque de 30ML, bobina de malla de 1,0\u03a9 y flujo de aire ajustable. Entrega r\u00e1pida en la UE en 1-3 d\u00edas. \u00a1Compra el mejor Razz Bar 30k hoy mismo!","robots":{"index":"index","follow":"follow","max-snippet":"max-snippet:-1","max-image-preview":"max-image-preview:large","max-video-preview":"max-video-preview:-1"},"canonical":"https:\/\/vozolvapen.de\/es\/product\/razz-bar-30000-30k-puffs-disposable-vape-adjustable-airflow-eu-warehouse-wholesale\/","og_locale":"es_ES","og_type":"article","og_title":"Razz Bar 30000 30k Puffs Disposable Vape | Adjustable Airflow | EU Warehouse Wholesale","og_description":"Get the Razz Bar 30000. Features 30k puffs, a 30ML tank, 1.0\u03a9 mesh coil, and adjustable airflow. Fast 1-3 day EU delivery. Shop the best 30k Razz Bar today!","og_url":"https:\/\/vozolvapen.de\/es\/product\/razz-bar-30000-30k-puffs-disposable-vape-adjustable-airflow-eu-warehouse-wholesale\/","og_site_name":"vozolvapen","article_modified_time":"2026-02-26T08:29:28+00:00","og_image":[{"width":1200,"height":1200,"url":"https:\/\/vozolvapen.de\/wp-content\/uploads\/2026\/01\/Razz-Bar-30000-30k-puffs-5.webp","type":"image\/webp"}],"twitter_card":"summary_large_image","twitter_misc":{"Tiempo de lectura":"3 minutos"},"schema":{"@context":"https:\/\/schema.org","@graph":[{"@type":"WebPage","@id":"https:\/\/vozolvapen.de\/product\/razz-bar-30000-30k-puffs-disposable-vape-adjustable-airflow-eu-warehouse-wholesale\/","url":"https:\/\/vozolvapen.de\/product\/razz-bar-30000-30k-puffs-disposable-vape-adjustable-airflow-eu-warehouse-wholesale\/","name":"Razz Bar 30000 Puffs | 30k Vape recargable con flujo de aire - vozolvapen","isPartOf":{"@id":"https:\/\/vozolvapen.de\/#website"},"primaryImageOfPage":{"@id":"https:\/\/vozolvapen.de\/product\/razz-bar-30000-30k-puffs-disposable-vape-adjustable-airflow-eu-warehouse-wholesale\/#primaryimage"},"image":{"@id":"https:\/\/vozolvapen.de\/product\/razz-bar-30000-30k-puffs-disposable-vape-adjustable-airflow-eu-warehouse-wholesale\/#primaryimage"},"thumbnailUrl":"https:\/\/vozolvapen.de\/wp-content\/uploads\/2026\/01\/Razz-Bar-30000-30k-puffs-5.webp","datePublished":"2026-02-02T10:48:09+00:00","dateModified":"2026-02-26T08:29:28+00:00","description":"Consigue el Razz Bar 30000. Cuenta con 30k caladas, un tanque de 30ML, bobina de malla de 1,0\u03a9 y flujo de aire ajustable. Entrega r\u00e1pida en la UE en 1-3 d\u00edas. \u00a1Compra el mejor Razz Bar 30k hoy mismo!","breadcrumb":{"@id":"https:\/\/vozolvapen.de\/product\/razz-bar-30000-30k-puffs-disposable-vape-adjustable-airflow-eu-warehouse-wholesale\/#breadcrumb"},"inLanguage":"es","potentialAction":[{"@type":"ReadAction","target":["https:\/\/vozolvapen.de\/product\/razz-bar-30000-30k-puffs-disposable-vape-adjustable-airflow-eu-warehouse-wholesale\/"]}]},{"@type":"ImageObject","inLanguage":"es","@id":"https:\/\/vozolvapen.de\/product\/razz-bar-30000-30k-puffs-disposable-vape-adjustable-airflow-eu-warehouse-wholesale\/#primaryimage","url":"https:\/\/vozolvapen.de\/wp-content\/uploads\/2026\/01\/Razz-Bar-30000-30k-puffs-5.webp","contentUrl":"https:\/\/vozolvapen.de\/wp-content\/uploads\/2026\/01\/Razz-Bar-30000-30k-puffs-5.webp","width":1200,"height":1200,"caption":"Razz Bar 30000 30k Puffs 5 Disposable Vape Device"},{"@type":"BreadcrumbList","@id":"https:\/\/vozolvapen.de\/product\/razz-bar-30000-30k-puffs-disposable-vape-adjustable-airflow-eu-warehouse-wholesale\/#breadcrumb","itemListElement":[{"@type":"ListItem","position":1,"name":"Home","item":"https:\/\/vozolvapen.de\/de\/"},{"@type":"ListItem","position":2,"name":"Shop","item":"https:\/\/vozolvapen.de\/shop\/"},{"@type":"ListItem","position":3,"name":"Razz Bar 30000 30k Puffs Disposable Vape | Adjustable Airflow | EU Warehouse Wholesale"}]},{"@type":"WebSite","@id":"https:\/\/vozolvapen.de\/#website","url":"https:\/\/vozolvapen.de\/","name":"vozolvapen","description":"vozolvapen","publisher":{"@id":"https:\/\/vozolvapen.de\/#organization"},"potentialAction":[{"@type":"SearchAction","target":{"@type":"EntryPoint","urlTemplate":"https:\/\/vozolvapen.de\/?s={search_term_string}"},"query-input":{"@type":"PropertyValueSpecification","valueRequired":true,"valueName":"search_term_string"}}],"inLanguage":"es"},{"@type":"Organization","@id":"https:\/\/vozolvapen.de\/#organization","name":"vozolvapen","url":"https:\/\/vozolvapen.de\/","logo":{"@type":"ImageObject","inLanguage":"es","@id":"https:\/\/vozolvapen.de\/#\/schema\/logo\/image\/","url":"https:\/\/vozolvapen.de\/wp-content\/uploads\/2025\/12\/cropped-vozovapen-logo.webp","contentUrl":"https:\/\/vozolvapen.de\/wp-content\/uploads\/2025\/12\/cropped-vozovapen-logo.webp","width":470,"height":110,"caption":"vozolvapen"},"image":{"@id":"https:\/\/vozolvapen.de\/#\/schema\/logo\/image\/"}}]}},"tiered_pricing_type":"fixed","tiered_pricing_fixed_rules":{"100":"8.86","400":"7.78"},"tiered_pricing_product_settings":{"layout":"default","base_unit_name":{"singular":null,"plural":null},"default_variation":null},"tiered_pricing_minimum_quantity":50,"tiered_pricing_roles_data":[],"tiered_pricing_percentage_rules":[],"tiered_pricing_maximum_quantity":null,"tiered_pricing_quantity_step":"10","_links":{"self":[{"href":"https:\/\/vozolvapen.de\/es\/wp-json\/wp\/v2\/product\/66451","targetHints":{"allow":["GET"]}}],"collection":[{"href":"https:\/\/vozolvapen.de\/es\/wp-json\/wp\/v2\/product"}],"about":[{"href":"https:\/\/vozolvapen.de\/es\/wp-json\/wp\/v2\/types\/product"}],"replies":[{"embeddable":true,"href":"https:\/\/vozolvapen.de\/es\/wp-json\/wp\/v2\/comments?post=66451"}],"wp:featuredmedia":[{"embeddable":true,"href":"https:\/\/vozolvapen.de\/es\/wp-json\/wp\/v2\/media\/56450"}],"wp:attachment":[{"href":"https:\/\/vozolvapen.de\/es\/wp-json\/wp\/v2\/media?parent=66451"}],"wp:term":[{"taxonomy":"product_brand","embeddable":true,"href":"https:\/\/vozolvapen.de\/es\/wp-json\/wp\/v2\/product_brand?post=66451"},{"taxonomy":"product_cat","embeddable":true,"href":"https:\/\/vozolvapen.de\/es\/wp-json\/wp\/v2\/product_cat?post=66451"},{"taxonomy":"product_tag","embeddable":true,"href":"https:\/\/vozolvapen.de\/es\/wp-json\/wp\/v2\/product_tag?post=66451"}],"curies":[{"name":"wp","href":"https:\/\/api.w.org\/{rel}","templated":true}]}}