{"id":67243,"date":"2026-02-26T10:07:30","date_gmt":"2026-02-26T10:07:30","guid":{"rendered":"https:\/\/vozolvapen.de\/?post_type=product&#038;p=67243"},"modified":"2026-02-26T10:12:19","modified_gmt":"2026-02-26T10:12:19","slug":"vozol-star-click-50000-50k-puffs-disposable-vape-30-flavors-eu-warehouse-wholesale","status":"publish","type":"product","link":"https:\/\/vozolvapen.de\/es\/product\/vozol-star-click-50000-50k-puffs-disposable-vape-30-flavors-eu-warehouse-wholesale\/","title":{"rendered":"VOZOL Star Click 50000 50K Puffs Vape Desechable | 30 Sabores | EU Warehouse Wholesale"},"content":{"rendered":"<p>En busca del <strong>el mejor vape desechable de 50.000 caladas<\/strong> en 2026? En <strong>VOZOL Star Click 50000<\/strong> (VOZOL Star 50k) es la mejor opci\u00f3n, ya que proporciona hasta <strong>50.000 bocanadas<\/strong> con un rendimiento potente y duradero.<\/p>\n\n\n\n<p>Con un <strong>Bater\u00eda recargable de 1000 mAh<\/strong>, con dos modos de potencia y un flujo de aire totalmente ajustable. <strong>VOZOL vape 50000<\/strong> mantiene un rico sabor y gruesas nubes desde la primera calada hasta la \u00faltima. Perfecto para vapeadores diarios y mayoristas que buscan los m\u00e1s vendidos. <strong>VOZOL Star Click 50000<\/strong> existencias.<\/p>\n\n\n\n<h2 class=\"wp-block-heading\" id=\"h-vozol-star-click-50000-core-product-specifications\">Especificaciones del producto VOZOL Star Click 50000 Core<\/h2>\n\n\n\n<figure class=\"wp-block-table is-style-stripes\"><table class=\"has-fixed-layout\"><thead><tr><th>Par\u00e1metro<\/th><th>Detalles<\/th><\/tr><\/thead><tbody><tr><td>Marca<\/td><td>VOZOL Vape<\/td><\/tr><tr><td>Modelo<\/td><td>VOZOL Star Click 50000<\/td><\/tr><tr><td>Puffs<\/td><td>Hasta <strong>50,000 puffs<\/strong> (50k VOZOL)<\/td><\/tr><tr><td>Bater\u00eda<\/td><td><strong>1000mAh<\/strong> Recargable<\/td><\/tr><tr><td>Carga<\/td><td>Carga r\u00e1pida USB-C<\/td><\/tr><tr><td>Concentraci\u00f3n de nicotina<\/td><td>50mg\/ml Nicotina Salada<\/td><\/tr><tr><td>Modos de potencia<\/td><td>Dual: Regular \/ Power<\/td><\/tr><tr><td>Flujo de aire<\/td><td>Totalmente ajustable<\/td><\/tr><tr><td>L\u00edquido electr\u00f3nico<\/td><td>Prellenado<\/td><\/tr><tr><td>Ideal para<\/td><td>Uso personal y al por mayor \/ B2B<\/td><\/tr><\/tbody><\/table><\/figure>\n\n\n\n<h2 class=\"wp-block-heading\" id=\"h-30-premium-flavors-vozol-star-click-50000-flavor-guide\">30 Sabores Premium - VOZOL Star Click 50000 Gu\u00eda de Sabores <\/h2>\n\n\n\n<p>VOZOL Star 50000 ofrece 30 sabores cuidadosamente elaborados en las categor\u00edas de helado de frutas, bayas, tropical, postre y caf\u00e9. Cada calada es suave, estratificada y adictiva.<\/p>\n\n\n\n<p>1.Mel\u00f3n Sand\u00eda<br>2.Hielo de sand\u00eda<br>3.Chicle de sand\u00eda<br>4.Tormenta de frutas tropicales<br>5.Sangre de tigre<br>6.Sand\u00eda con fresa<br>7.Fresa Frambuesa Cereza<br>8.Fresa Lim\u00f3n<br>9.Fresa y kiwi<br>10.Chicle de fresa<br>11.Fresa Pl\u00e1tano<br>12.Menta verde<br>13.Sand\u00eda Frambuesa<br>14.Hielo de pi\u00f1a<br>15.Melocot\u00f3n Mango Sand\u00eda<br>16.Melocot\u00f3n lce<br>17.Melaza de naranja<br>18.Mixed Berry<br>19.Mexican Mango Ice<br>20.Mel\u00f3n chicle<br>21.Amor 777<br>22.Uva lce<br>23.Fruta del drag\u00f3n Pl\u00e1tano Cereza<br>24.Batido de d\u00e1tiles Melaza<br>25. Cola de cereza<br>26.Cappuccino<br>27.Blueberry Energy<br>28.Blue Razz Ice<br>29.Mora Granada Cereza<br>30.Caf\u00e9 \u00e1rabe<\/p>\n\n\n\n<h2 class=\"wp-block-heading\" id=\"h-real-user-experience-amp-top-selling-points\">Experiencia real del usuario y puntos fuertes de venta<\/h2>\n\n\n\n<p>\u2705 <strong>50.000 caladas reales<\/strong> - 16 veces m\u00e1s que los vaporizadores normales de 3.000 caladas <\/p>\n\n\n\n<p>\u2705 <strong>Bater\u00eda de 1000 mAh + carga r\u00e1pida USB-C<\/strong> - carga completa en 45-60 minutos <\/p>\n\n\n\n<p>\u2705 <strong>Modos de alimentaci\u00f3n dual<\/strong> - Potencia para nubes masivas, Regular para m\u00e1xima resistencia<\/p>\n\n\n\n<p>\u2705 <strong>Flujo de aire ajustable<\/strong> - MTL a DL, para principiantes y profesionales <\/p>\n\n\n\n<p>\u2705 <strong>50mg\/ml de nicotina salada premium<\/strong> - perfecto golpe de garganta y satisfacci\u00f3n <\/p>\n\n\n\n<p>\u2705 Ultraplano y port\u00e1til: cabe en cualquier bolsillo<\/p>\n\n\n\n<p>Los usuarios dicen: \u201c\u00a1Todav\u00eda fuerte sabor a 40k caladas!\u201d \u201cMejor <strong>VOZOL vape 50000<\/strong> que he probado nunca\u201d.\u201d<\/p>\n\n\n\n<h2 class=\"wp-block-heading\" id=\"h-wholesale-b2b-special-section\">Venta al por mayor \/ B2B Secci\u00f3n especial<\/h2>\n\n\n\n<p>Buscamos <strong>VOZOL Star Click 50000 al por mayor<\/strong> suministro? Ofrecemos precios directos de f\u00e1brica, existencias estables, embalajes personalizados, env\u00edos r\u00e1pidos a todo el mundo y programas de distribuidores exclusivos para el <strong>VOZOL Star 50k<\/strong>.<\/p>\n\n\n\n<p>Tanto si tiene una tienda de vapeo, una tienda online o un negocio de exportaci\u00f3n, el <strong>50k VOZOL vape 50000<\/strong> es el probado \u00e9xito de ventas de 2026.<\/p>\n\n\n\n<p>Solicite su <strong>lista de precios al por mayor + muestras gratuitas<\/strong> \u00a1hoy mismo y aumente sus m\u00e1rgenes!<\/p>\n\n\n\n<h2 class=\"wp-block-heading\" id=\"h-frequently-asked-questions-faq\">Preguntas frecuentes (FAQ)<\/h2>\n\n\n\n<p><strong>P: \u00bfRealmente la VOZOL Star Click 50000 proporciona 50.000 inhalaciones?<\/strong> <\/p>\n\n\n\n<p>R: S\u00ed: las pruebas oficiales confirman hasta <strong>50.000 bocanadas<\/strong>. Los resultados en el mundo real suelen ser de 45.000-50.000 caladas dependiendo del uso.<\/p>\n\n\n\n<p><strong>P: \u00bfQu\u00e9 velocidad de carga tiene el USB-C?<\/strong> <\/p>\n\n\n\n<p>R: Carga completa de la <strong>Bater\u00eda de 1000 mAh<\/strong> s\u00f3lo tarda entre 45 y 60 minutos.<\/p>\n\n\n\n<p><strong>P: \u00bfQu\u00e9 sabores de VOZOL Star 50000 se venden mejor?<\/strong><\/p>\n\n\n\n<p> A: Top 3: Sand\u00eda Ice, Blue Razz Ice, Sand\u00eda Fresa.<\/p>\n\n\n\n<p><strong>P: \u00bfOfrecen c\u00e1psulas VOZOL Star a granel o cartones completos?<\/strong> <\/p>\n\n\n\n<p>R: S\u00ed - cartones completos al por mayor de <strong>VOZOL Star Click 50000<\/strong> m\u00e1s opciones de vaina \u00fanica disponibles.<\/p>\n\n\n\n<p><strong>P: \u00bfEs 50mg\/ml adecuado para nuevos vapers?<\/strong> <\/p>\n\n\n\n<p>R: Proporciona una fuerte satisfacci\u00f3n; los principiantes deber\u00edan empezar en modo Regular con un flujo de aire m\u00e1s ligero.<\/p>","protected":false},"excerpt":{"rendered":"<p dir=\"auto\">El <strong>VOZOL Star Click 50000<\/strong> es lo \u00faltimo <strong>50.000 caladas de vaporizador desechable<\/strong> de 2026. Impulsado por un <strong>Bater\u00eda recargable de 1000 mAh<\/strong>, con dos modos de potencia (Regular\/Power), flujo de aire ajustable y 30 sabores premium, el <strong>VOZOL Star 50k<\/strong> ofrece un sabor rico y consistente y nubes espesas desde la primera calada hasta la \u00faltima.<\/p>\n<p dir=\"auto\">Perfecto para vapers diarios pesados y mayoristas inteligentes, este top ventas <strong>VOZOL vape 50000<\/strong> ofrece un rendimiento y un valor insuperables en un dispositivo elegante.<\/p>","protected":false},"featured_media":67244,"comment_status":"open","ping_status":"closed","template":"","meta":{"_acf_changed":true},"product_brand":[],"product_cat":[134,52],"product_tag":[],"class_list":{"0":"post-67243","1":"product","2":"type-product","3":"status-publish","4":"has-post-thumbnail","6":"product_cat-eu-warehouse-in-stock","7":"product_cat-vozol-vape","9":"first","10":"instock","11":"shipping-taxable","12":"purchasable","13":"product-type-variable"},"acf":[],"yoast_head":"<!-- This site is optimized with the Yoast SEO Premium plugin v26.1 (Yoast SEO v27.5) - https:\/\/yoast.com\/product\/yoast-seo-premium-wordpress\/ -->\n<title>VOZOL Star Click 50000 Disposable Vape | 50,000 Puffs VOZOL Star 50k | 30 Flavors - vozolvapen<\/title>\n<meta name=\"description\" content=\"Shop the VOZOL Star Click 50000 \u2014 up to 50k puffs with 1000mAh battery, dual modes &amp; 30 flavors. Best VOZOL vape 50000 for personal use &amp; wholesale. Fast shipping &amp; factory prices.\" \/>\n<meta name=\"robots\" content=\"index, follow, max-snippet:-1, max-image-preview:large, max-video-preview:-1\" \/>\n<link rel=\"canonical\" href=\"https:\/\/vozolvapen.de\/es\/product\/vozol-star-click-50000-50k-puffs-disposable-vape-30-flavors-eu-warehouse-wholesale\/\" \/>\n<meta property=\"og:locale\" content=\"es_ES\" \/>\n<meta property=\"og:type\" content=\"article\" \/>\n<meta property=\"og:title\" content=\"VOZOL Star Click 50000 50K Puffs Disposable Vape | 30 Flavors | EU Warehouse Wholesale\" \/>\n<meta property=\"og:description\" content=\"Shop the VOZOL Star Click 50000 \u2014 up to 50k puffs with 1000mAh battery, dual modes &amp; 30 flavors. Best VOZOL vape 50000 for personal use &amp; wholesale. Fast shipping &amp; factory prices.\" \/>\n<meta property=\"og:url\" content=\"https:\/\/vozolvapen.de\/es\/product\/vozol-star-click-50000-50k-puffs-disposable-vape-30-flavors-eu-warehouse-wholesale\/\" \/>\n<meta property=\"og:site_name\" content=\"vozolvapen\" \/>\n<meta property=\"article:modified_time\" content=\"2026-02-26T10:12:19+00:00\" \/>\n<meta property=\"og:image\" content=\"https:\/\/vozolvapen.de\/wp-content\/uploads\/2026\/02\/vozol-Star-Click-50000-50K-puffs-Arabic-Coffee.webp\" \/>\n\t<meta property=\"og:image:width\" content=\"1200\" \/>\n\t<meta property=\"og:image:height\" content=\"1200\" \/>\n\t<meta property=\"og:image:type\" content=\"image\/webp\" \/>\n<meta name=\"twitter:card\" content=\"summary_large_image\" \/>\n<meta name=\"twitter:label1\" content=\"Tiempo de lectura\" \/>\n\t<meta name=\"twitter:data1\" content=\"3 minutos\" \/>\n<script type=\"application\/ld+json\" class=\"yoast-schema-graph\">{\"@context\":\"https:\\\/\\\/schema.org\",\"@graph\":[{\"@type\":\"WebPage\",\"@id\":\"https:\\\/\\\/vozolvapen.de\\\/product\\\/vozol-star-click-50000-50k-puffs-disposable-vape-30-flavors-eu-warehouse-wholesale\\\/\",\"url\":\"https:\\\/\\\/vozolvapen.de\\\/product\\\/vozol-star-click-50000-50k-puffs-disposable-vape-30-flavors-eu-warehouse-wholesale\\\/\",\"name\":\"VOZOL Star Click 50000 Disposable Vape | 50,000 Puffs VOZOL Star 50k | 30 Flavors - vozolvapen\",\"isPartOf\":{\"@id\":\"https:\\\/\\\/vozolvapen.de\\\/#website\"},\"primaryImageOfPage\":{\"@id\":\"https:\\\/\\\/vozolvapen.de\\\/product\\\/vozol-star-click-50000-50k-puffs-disposable-vape-30-flavors-eu-warehouse-wholesale\\\/#primaryimage\"},\"image\":{\"@id\":\"https:\\\/\\\/vozolvapen.de\\\/product\\\/vozol-star-click-50000-50k-puffs-disposable-vape-30-flavors-eu-warehouse-wholesale\\\/#primaryimage\"},\"thumbnailUrl\":\"https:\\\/\\\/vozolvapen.de\\\/wp-content\\\/uploads\\\/2026\\\/02\\\/vozol-Star-Click-50000-50K-puffs-Arabic-Coffee.webp\",\"datePublished\":\"2026-02-26T10:07:30+00:00\",\"dateModified\":\"2026-02-26T10:12:19+00:00\",\"description\":\"Shop the VOZOL Star Click 50000 \u2014 up to 50k puffs with 1000mAh battery, dual modes & 30 flavors. Best VOZOL vape 50000 for personal use & wholesale. Fast shipping & factory prices.\",\"breadcrumb\":{\"@id\":\"https:\\\/\\\/vozolvapen.de\\\/product\\\/vozol-star-click-50000-50k-puffs-disposable-vape-30-flavors-eu-warehouse-wholesale\\\/#breadcrumb\"},\"inLanguage\":\"es\",\"potentialAction\":[{\"@type\":\"ReadAction\",\"target\":[\"https:\\\/\\\/vozolvapen.de\\\/product\\\/vozol-star-click-50000-50k-puffs-disposable-vape-30-flavors-eu-warehouse-wholesale\\\/\"]}]},{\"@type\":\"ImageObject\",\"inLanguage\":\"es\",\"@id\":\"https:\\\/\\\/vozolvapen.de\\\/product\\\/vozol-star-click-50000-50k-puffs-disposable-vape-30-flavors-eu-warehouse-wholesale\\\/#primaryimage\",\"url\":\"https:\\\/\\\/vozolvapen.de\\\/wp-content\\\/uploads\\\/2026\\\/02\\\/vozol-Star-Click-50000-50K-puffs-Arabic-Coffee.webp\",\"contentUrl\":\"https:\\\/\\\/vozolvapen.de\\\/wp-content\\\/uploads\\\/2026\\\/02\\\/vozol-Star-Click-50000-50K-puffs-Arabic-Coffee.webp\",\"width\":1200,\"height\":1200,\"caption\":\"Vozol Star Click 50000 50k Puffs Arabic Coffee Disposable Vape Device\"},{\"@type\":\"BreadcrumbList\",\"@id\":\"https:\\\/\\\/vozolvapen.de\\\/product\\\/vozol-star-click-50000-50k-puffs-disposable-vape-30-flavors-eu-warehouse-wholesale\\\/#breadcrumb\",\"itemListElement\":[{\"@type\":\"ListItem\",\"position\":1,\"name\":\"Home\",\"item\":\"https:\\\/\\\/vozolvapen.de\\\/de\\\/\"},{\"@type\":\"ListItem\",\"position\":2,\"name\":\"Shop\",\"item\":\"https:\\\/\\\/vozolvapen.de\\\/shop\\\/\"},{\"@type\":\"ListItem\",\"position\":3,\"name\":\"VOZOL Star Click 50000 50K Puffs Disposable Vape | 30 Flavors | EU Warehouse Wholesale\"}]},{\"@type\":\"WebSite\",\"@id\":\"https:\\\/\\\/vozolvapen.de\\\/#website\",\"url\":\"https:\\\/\\\/vozolvapen.de\\\/\",\"name\":\"vozolvapen\",\"description\":\"vozolvapen\",\"publisher\":{\"@id\":\"https:\\\/\\\/vozolvapen.de\\\/#organization\"},\"potentialAction\":[{\"@type\":\"SearchAction\",\"target\":{\"@type\":\"EntryPoint\",\"urlTemplate\":\"https:\\\/\\\/vozolvapen.de\\\/?s={search_term_string}\"},\"query-input\":{\"@type\":\"PropertyValueSpecification\",\"valueRequired\":true,\"valueName\":\"search_term_string\"}}],\"inLanguage\":\"es\"},{\"@type\":\"Organization\",\"@id\":\"https:\\\/\\\/vozolvapen.de\\\/#organization\",\"name\":\"vozolvapen\",\"url\":\"https:\\\/\\\/vozolvapen.de\\\/\",\"logo\":{\"@type\":\"ImageObject\",\"inLanguage\":\"es\",\"@id\":\"https:\\\/\\\/vozolvapen.de\\\/#\\\/schema\\\/logo\\\/image\\\/\",\"url\":\"https:\\\/\\\/vozolvapen.de\\\/wp-content\\\/uploads\\\/2025\\\/12\\\/cropped-vozovapen-logo.webp\",\"contentUrl\":\"https:\\\/\\\/vozolvapen.de\\\/wp-content\\\/uploads\\\/2025\\\/12\\\/cropped-vozovapen-logo.webp\",\"width\":470,\"height\":110,\"caption\":\"vozolvapen\"},\"image\":{\"@id\":\"https:\\\/\\\/vozolvapen.de\\\/#\\\/schema\\\/logo\\\/image\\\/\"}}]}<\/script>\n<!-- \/ Yoast SEO Premium plugin. -->","yoast_head_json":{"title":"VOZOL Star Click 50000 Vapeador Desechable | 50.000 Puffs VOZOL Star 50k | 30 Sabores - vozolvapen","description":"Compra el VOZOL Star Click 50000 - hasta 50k caladas con bater\u00eda de 1000mAh, modos duales y 30 sabores. El mejor VOZOL vape 50000 para uso personal y al por mayor. Env\u00edo r\u00e1pido y precios de f\u00e1brica.","robots":{"index":"index","follow":"follow","max-snippet":"max-snippet:-1","max-image-preview":"max-image-preview:large","max-video-preview":"max-video-preview:-1"},"canonical":"https:\/\/vozolvapen.de\/es\/product\/vozol-star-click-50000-50k-puffs-disposable-vape-30-flavors-eu-warehouse-wholesale\/","og_locale":"es_ES","og_type":"article","og_title":"VOZOL Star Click 50000 50K Puffs Disposable Vape | 30 Flavors | EU Warehouse Wholesale","og_description":"Shop the VOZOL Star Click 50000 \u2014 up to 50k puffs with 1000mAh battery, dual modes & 30 flavors. Best VOZOL vape 50000 for personal use & wholesale. Fast shipping & factory prices.","og_url":"https:\/\/vozolvapen.de\/es\/product\/vozol-star-click-50000-50k-puffs-disposable-vape-30-flavors-eu-warehouse-wholesale\/","og_site_name":"vozolvapen","article_modified_time":"2026-02-26T10:12:19+00:00","og_image":[{"width":1200,"height":1200,"url":"https:\/\/vozolvapen.de\/wp-content\/uploads\/2026\/02\/vozol-Star-Click-50000-50K-puffs-Arabic-Coffee.webp","type":"image\/webp"}],"twitter_card":"summary_large_image","twitter_misc":{"Tiempo de lectura":"3 minutos"},"schema":{"@context":"https:\/\/schema.org","@graph":[{"@type":"WebPage","@id":"https:\/\/vozolvapen.de\/product\/vozol-star-click-50000-50k-puffs-disposable-vape-30-flavors-eu-warehouse-wholesale\/","url":"https:\/\/vozolvapen.de\/product\/vozol-star-click-50000-50k-puffs-disposable-vape-30-flavors-eu-warehouse-wholesale\/","name":"VOZOL Star Click 50000 Vapeador Desechable | 50.000 Puffs VOZOL Star 50k | 30 Sabores - vozolvapen","isPartOf":{"@id":"https:\/\/vozolvapen.de\/#website"},"primaryImageOfPage":{"@id":"https:\/\/vozolvapen.de\/product\/vozol-star-click-50000-50k-puffs-disposable-vape-30-flavors-eu-warehouse-wholesale\/#primaryimage"},"image":{"@id":"https:\/\/vozolvapen.de\/product\/vozol-star-click-50000-50k-puffs-disposable-vape-30-flavors-eu-warehouse-wholesale\/#primaryimage"},"thumbnailUrl":"https:\/\/vozolvapen.de\/wp-content\/uploads\/2026\/02\/vozol-Star-Click-50000-50K-puffs-Arabic-Coffee.webp","datePublished":"2026-02-26T10:07:30+00:00","dateModified":"2026-02-26T10:12:19+00:00","description":"Compra el VOZOL Star Click 50000 - hasta 50k caladas con bater\u00eda de 1000mAh, modos duales y 30 sabores. El mejor VOZOL vape 50000 para uso personal y al por mayor. Env\u00edo r\u00e1pido y precios de f\u00e1brica.","breadcrumb":{"@id":"https:\/\/vozolvapen.de\/product\/vozol-star-click-50000-50k-puffs-disposable-vape-30-flavors-eu-warehouse-wholesale\/#breadcrumb"},"inLanguage":"es","potentialAction":[{"@type":"ReadAction","target":["https:\/\/vozolvapen.de\/product\/vozol-star-click-50000-50k-puffs-disposable-vape-30-flavors-eu-warehouse-wholesale\/"]}]},{"@type":"ImageObject","inLanguage":"es","@id":"https:\/\/vozolvapen.de\/product\/vozol-star-click-50000-50k-puffs-disposable-vape-30-flavors-eu-warehouse-wholesale\/#primaryimage","url":"https:\/\/vozolvapen.de\/wp-content\/uploads\/2026\/02\/vozol-Star-Click-50000-50K-puffs-Arabic-Coffee.webp","contentUrl":"https:\/\/vozolvapen.de\/wp-content\/uploads\/2026\/02\/vozol-Star-Click-50000-50K-puffs-Arabic-Coffee.webp","width":1200,"height":1200,"caption":"Vozol Star Click 50000 50k Puffs Arabic Coffee Disposable Vape Device"},{"@type":"BreadcrumbList","@id":"https:\/\/vozolvapen.de\/product\/vozol-star-click-50000-50k-puffs-disposable-vape-30-flavors-eu-warehouse-wholesale\/#breadcrumb","itemListElement":[{"@type":"ListItem","position":1,"name":"Home","item":"https:\/\/vozolvapen.de\/de\/"},{"@type":"ListItem","position":2,"name":"Shop","item":"https:\/\/vozolvapen.de\/shop\/"},{"@type":"ListItem","position":3,"name":"VOZOL Star Click 50000 50K Puffs Disposable Vape | 30 Flavors | EU Warehouse Wholesale"}]},{"@type":"WebSite","@id":"https:\/\/vozolvapen.de\/#website","url":"https:\/\/vozolvapen.de\/","name":"vozolvapen","description":"vozolvapen","publisher":{"@id":"https:\/\/vozolvapen.de\/#organization"},"potentialAction":[{"@type":"SearchAction","target":{"@type":"EntryPoint","urlTemplate":"https:\/\/vozolvapen.de\/?s={search_term_string}"},"query-input":{"@type":"PropertyValueSpecification","valueRequired":true,"valueName":"search_term_string"}}],"inLanguage":"es"},{"@type":"Organization","@id":"https:\/\/vozolvapen.de\/#organization","name":"vozolvapen","url":"https:\/\/vozolvapen.de\/","logo":{"@type":"ImageObject","inLanguage":"es","@id":"https:\/\/vozolvapen.de\/#\/schema\/logo\/image\/","url":"https:\/\/vozolvapen.de\/wp-content\/uploads\/2025\/12\/cropped-vozovapen-logo.webp","contentUrl":"https:\/\/vozolvapen.de\/wp-content\/uploads\/2025\/12\/cropped-vozovapen-logo.webp","width":470,"height":110,"caption":"vozolvapen"},"image":{"@id":"https:\/\/vozolvapen.de\/#\/schema\/logo\/image\/"}}]}},"tiered_pricing_type":"fixed","tiered_pricing_fixed_rules":{"30":"15.8","50":"12.8","100":"11.8","200":"10.8"},"tiered_pricing_product_settings":{"layout":"default","base_unit_name":{"singular":null,"plural":null},"default_variation":{}},"tiered_pricing_minimum_quantity":10,"tiered_pricing_roles_data":[],"tiered_pricing_percentage_rules":[],"tiered_pricing_maximum_quantity":null,"tiered_pricing_quantity_step":"10","_links":{"self":[{"href":"https:\/\/vozolvapen.de\/es\/wp-json\/wp\/v2\/product\/67243","targetHints":{"allow":["GET"]}}],"collection":[{"href":"https:\/\/vozolvapen.de\/es\/wp-json\/wp\/v2\/product"}],"about":[{"href":"https:\/\/vozolvapen.de\/es\/wp-json\/wp\/v2\/types\/product"}],"replies":[{"embeddable":true,"href":"https:\/\/vozolvapen.de\/es\/wp-json\/wp\/v2\/comments?post=67243"}],"wp:featuredmedia":[{"embeddable":true,"href":"https:\/\/vozolvapen.de\/es\/wp-json\/wp\/v2\/media\/67244"}],"wp:attachment":[{"href":"https:\/\/vozolvapen.de\/es\/wp-json\/wp\/v2\/media?parent=67243"}],"wp:term":[{"taxonomy":"product_brand","embeddable":true,"href":"https:\/\/vozolvapen.de\/es\/wp-json\/wp\/v2\/product_brand?post=67243"},{"taxonomy":"product_cat","embeddable":true,"href":"https:\/\/vozolvapen.de\/es\/wp-json\/wp\/v2\/product_cat?post=67243"},{"taxonomy":"product_tag","embeddable":true,"href":"https:\/\/vozolvapen.de\/es\/wp-json\/wp\/v2\/product_tag?post=67243"}],"curies":[{"name":"wp","href":"https:\/\/api.w.org\/{rel}","templated":true}]}}