{"id":70223,"date":"2026-05-12T09:01:49","date_gmt":"2026-05-12T09:01:49","guid":{"rendered":"https:\/\/vozolvapen.de\/?post_type=product&#038;p=70223"},"modified":"2026-05-12T09:42:06","modified_gmt":"2026-05-12T09:42:06","slug":"bnag-leader-450k-pod-4-pineapple-coconut-mango-peach","status":"publish","type":"product","link":"https:\/\/vozolvapen.de\/es\/product\/bnag-leader-450k-pod-4-pineapple-coconut-mango-peach\/","title":{"rendered":"L\u00edder Bnag 450k - Pod 4: Isla tropical y centro cremoso 15 en 1"},"content":{"rendered":"<p>El <strong>L\u00edder Bnag 450k<\/strong> (Bnag Leader 450000) es la joya de la corona de <strong>Optimizaci\u00f3n del vaporizador desechable<\/strong>. <strong>Pod 4<\/strong> est\u00e1 dise\u00f1ado espec\u00edficamente para los vapeadores que desean una experiencia sensorial lujosa, inspirada en las vacaciones. Como <strong>450k vape<\/strong>, utiliza un sofisticado <strong>Sabor 15 en 1<\/strong> que te permite crear un para\u00edso tropical personalizado con una vida \u00fatil de 450.000 esponjas.<\/p>\n\n\n\n<h2 class=\"wp-block-heading\" id=\"h-technical-parameters-amp-performance\"><strong>Par\u00e1metros t\u00e9cnicos y rendimiento:<\/strong><\/h2>\n\n\n\n<ul class=\"wp-block-list\">\n<li><strong>Recuento de bocanadas:<\/strong> Hasta 450.000 caladas (resistencia inigualable en el mercado)<\/li>\n\n\n\n<li><strong>L\u00f3gica del sabor:<\/strong> Selecci\u00f3n h\u00edbrida personalizable 15 en 1<\/li>\n\n\n\n<li><strong>Hardware:<\/strong> Bobina de malla avanzada 1.2\u03a9 | Bater\u00eda de cobalto 850mAh<\/li>\n\n\n\n<li><strong>Carga:<\/strong> Puerto de alta velocidad Type-C preparado para el futuro<\/li>\n\n\n\n<li><strong>Precisi\u00f3n de nicotina:<\/strong> 0% | 2% | 3% | 5% Opciones de nicotina salada<\/li>\n<\/ul>\n\n\n\n<h2 class=\"wp-block-heading\">\ud83c\udfa8 Mazo de Sabores 15 en 1 \u201cEscape Ex\u00f3tico\u201d (Pod 4)<\/h2>\n\n\n\n<p>\u00bfPor qu\u00e9 elegir una fruta cuando puedes ser due\u00f1o de la isla? <strong>Pod 4<\/strong> alberga cuatro l\u00edquidos base cremosos y vibrantes. Utiliza el interruptor mec\u00e1nico para disfrutarlos puros o crear 11 h\u00edbridos \u201cCremoso-Tropical\u201d \u00fanicos.<\/p>\n\n\n\n<h3 class=\"wp-block-heading\"><strong>Los 4 componentes ex\u00f3ticos b\u00e1sicos:<\/strong><\/h3>\n\n\n\n<ol start=\"1\" class=\"wp-block-list\">\n<li><strong>Pi\u00f1a Coco:<\/strong> Una aterciopelada base de crema inspirada en la Pi\u00f1a Colada con un dulce coraz\u00f3n de pi\u00f1a.<\/li>\n\n\n\n<li><strong>Blue Razz:<\/strong> Una brillante chispa de frambuesa azul el\u00e9ctrico que a\u00f1ade un \u201cpop\u201d de caramelo.\u201d<\/li>\n\n\n\n<li><strong>Bayas mixtas:<\/strong> Una cosecha densa y confitada de bayas del bosque para un cuerpo arom\u00e1tico profundo.<\/li>\n\n\n\n<li><strong>Mango Melocot\u00f3n:<\/strong> Un exuberante n\u00e9ctar ba\u00f1ado por el sol que proporciona un sedoso final de fruta de hueso.<\/li>\n<\/ol>\n\n\n\n<h3 class=\"wp-block-heading\"><strong>Mezclas h\u00edbridas de autor:<\/strong><\/h3>\n\n\n\n<ul class=\"wp-block-list\">\n<li><strong>La Colada Azul (Mezcla 1+2):<\/strong> El cremoso Coco Pi\u00f1a se une al el\u00e9ctrico Blue Razz para crear un vibrante ambiente de club de playa.<\/li>\n\n\n\n<li><strong>Crema de bayas tropicales (mezcla 1+3):<\/strong> Una pesada y suave fusi\u00f3n de coco y bayas mixtas.<\/li>\n\n\n\n<li><strong>Amanecer de melocot\u00f3n y bayas (mezcla 3+4):<\/strong> Una mezcla dulce y no picante de melocot\u00f3n con mango y bayas mixtas.<\/li>\n\n\n\n<li><strong>La obra maestra de la isla (Mix 1+2+3+4):<\/strong> Las cuatro c\u00e1maras se abren para ofrecer una compleja sinfon\u00eda tropical 15 en 1.<\/li>\n<\/ul>\n\n\n\n<h2 class=\"wp-block-heading\">\ud83e\uddec Enfoque sensorial: Saturaci\u00f3n de vapor insignia<\/h2>\n\n\n\n<p>Usando <strong>B\u00fasqueda de palabras clave para vapes<\/strong> para abordar la intenci\u00f3n del usuario, nos centramos en la \u201csensaci\u00f3n en boca\u201d del <strong>L\u00edder Bnag 450000<\/strong>\u2019de alto rendimiento de 1,2\u03a9.<\/p>\n\n\n\n<ul class=\"wp-block-list\">\n<li><strong>La inhalaci\u00f3n:<\/strong> Inmediata sensaci\u00f3n de cremosidad de la Pineapple Coconut, seguida de la brillante acidez de la Blue Razz.<\/li>\n\n\n\n<li><strong>La secci\u00f3n media:<\/strong> El Mango Peach proporciona una textura de vapor \u201cespesa\u201d, cubriendo el paladar en un sedoso n\u00e9ctar de frutas.<\/li>\n\n\n\n<li><strong>El regusto:<\/strong> Limpio, dulce y persistente. La mezcla de bayas proporciona una sofisticada estela floral que se mantiene constante durante toda la fragancia. <strong>450.000 puff<\/strong> duraci\u00f3n.<\/li>\n<\/ul>\n\n\n\n<h2 class=\"wp-block-heading\">\u2753 Optimizaci\u00f3n de FAQ y Rich Snippet<\/h2>\n\n\n\n<p><strong>P: \u00bfC\u00f3mo se gestionan los sabores 15 en 1 en el Bnag Leader 450k?<\/strong><\/p>\n\n\n\n<p> <strong>A:<\/strong> El <strong>L\u00edder Bnag 450000<\/strong> utiliza un sistema de interruptores mec\u00e1nicos. Cambia entre Flavor 1, 2, 3 o 4, o activa varios interruptores para activar las c\u00e1maras de mezcla internas y conseguir un perfil h\u00edbrido personalizado.<\/p>\n\n\n\n<p><strong>P: \u00bfEs el vape 450k demasiado grande para llevarlo a diario?<\/strong> <\/p>\n\n\n\n<p><strong>A:<\/strong> A pesar de su enorme <strong>450.000 puff<\/strong> de capacidad, el Bnag Leader 450k presenta un dise\u00f1o ergon\u00f3mico que equilibra una bater\u00eda de 850 mAh con un factor de forma elegante, perfecto para viajar.<\/p>\n\n\n\n<p><strong>P: \u00bfPuedo comprar Bnag Leader 450k al por mayor?<\/strong> <\/p>\n\n\n\n<p><strong>A:<\/strong> S\u00ed. Proporcionamos <strong>Marketing digital para tiendas de vapeo<\/strong> activos y precios a granel (10 unidades\/paquete) para minoristas de todo el mundo que buscan un inventario de alta rotaci\u00f3n.<\/p>\n\n\n\n<h2 class=\"wp-block-heading\">\ud83d\udd0d Explora m\u00e1s experiencias sensoriales 15 en 1<\/h2>\n\n\n\n<p>Si disfrut\u00f3 con la compleja tecnolog\u00eda h\u00edbrida del <strong>L\u00edder Bnag 450000<\/strong>, Descubra estas alternativas dise\u00f1adas para superar los l\u00edmites de la tecnolog\u00eda. <strong>450k vape<\/strong> revoluci\u00f3n.<\/p>\n\n\n\n<p>1.<a href=\"https:\/\/vozolvapen.de\/es\/product\/bnag-leader-450k-pod-1-watermelon-cherry-mango\/\">Estaci\u00f3n Tropical Red &amp; Mango<\/a><br>2.<a href=\"https:\/\/vozolvapen.de\/es\/product\/bnag-leader-450k-pod-2-cola-ice-energy-drink\/\">Refrescos y chispas energ\u00e9ticas<\/a><br>3.<a href=\"https:\/\/vozolvapen.de\/es\/product\/bnag-leader-450k-pod-3-watermelon-ice-red-bull\/\">El revitalizante helado<\/a><br>5.<a href=\"https:\/\/vozolvapen.de\/es\/product\/bnag-leader-450k-pod-5-energy-drink-blueberry-watermelon-gummy-bear\/\">Caramelo \u00e1cido Energ\u00eda<\/a><br>6.<a href=\"https:\/\/vozolvapen.de\/es\/product\/bnag-leader-450k-pod-6-strawberry-watermelon-kiwi-guava\/\">Antolog\u00eda del huerto de verano<\/a><br>7.<a href=\"https:\/\/vozolvapen.de\/es\/product\/bnag-leader-450k-pod-7-fuji-apple-ice-blueberry-mint-lime-romance\/\">Fuji Romance &amp; Menta<\/a><br>8.<a href=\"https:\/\/vozolvapen.de\/es\/product\/bnag-leader-450k-pod-8-peach-ice-blueberry-ice-rainbow-candy-lemon-sour-orange\/\">Ralladura de caramelo arco iris<\/a><br>9.<a href=\"https:\/\/vozolvapen.de\/es\/product\/bnag-leader-450k-pod-9-blueberry-ice-peach-mango-watermelon-passion-kiss-melon-apple\/\">Beso de mel\u00f3n pasi\u00f3n<\/a><br>10.<a href=\"https:\/\/vozolvapen.de\/es\/product\/bnag-leader-450k-pod-10-watermelon-ice-blueberry-cherry-sour-mango-pineapple\/\">Pi\u00f1a \u00e1cida de verano<\/a><br>11.<a href=\"https:\/\/vozolvapen.de\/es\/product\/bnag-leader-450k-pod-11-california-cherry-passion-fruit-mango-berry-mix\/\">Cosecha de bayas en California<\/a><br>12.<a href=\"https:\/\/vozolvapen.de\/es\/product\/bnag-leader-450k-pod-12-love66-red-mojito-strawberry-mango\/\">Love &amp; Mojito Lounge<\/a><\/p>","protected":false},"excerpt":{"rendered":"<p data-path-to-node=\"6\">Una cremosa escapada tropical. Este h\u00edbrido 15 en 1 contiene los aterciopelados Pineapple Coconut y Blue Razz combinados con el exuberante Mango Peach. Utilizando una bobina de malla de 1,2\u03a9, proporciona 450.000 caladas de vapor suave inspirado en las vacaciones.<\/p>","protected":false},"featured_media":70818,"comment_status":"open","ping_status":"closed","template":"","meta":{"_acf_changed":false},"product_brand":[],"product_cat":[171],"product_tag":[],"class_list":{"0":"post-70223","1":"product","2":"type-product","3":"status-publish","4":"has-post-thumbnail","6":"product_cat-puff-450k-bang-leader-450k-15-in-1","8":"first","9":"instock","10":"shipping-taxable","11":"purchasable","12":"product-type-variable"},"acf":[],"yoast_head":"<!-- This site is optimized with the Yoast SEO Premium plugin v26.1 (Yoast SEO v27.5) - https:\/\/yoast.com\/product\/yoast-seo-premium-wordpress\/ -->\n<title>Bnag Leader 450k Pod 4 | 450k Puffs Pineapple Coconut 15-in-1<\/title>\n<meta name=\"description\" content=\"Escape with Bnag Leader 450k Pod 4. 450,000 puffs of Pineapple Coconut, Blue Razz, Mixed Berries, and Mango Peach. The ultimate 450k exotic hybrid vape.\" \/>\n<meta name=\"robots\" content=\"index, follow, max-snippet:-1, max-image-preview:large, max-video-preview:-1\" \/>\n<link rel=\"canonical\" href=\"https:\/\/vozolvapen.de\/es\/product\/bnag-leader-450k-pod-4-pineapple-coconut-mango-peach\/\" \/>\n<meta property=\"og:locale\" content=\"es_ES\" \/>\n<meta property=\"og:type\" content=\"article\" \/>\n<meta property=\"og:title\" content=\"Bnag Leader 450k - Pod 4: Tropical Island &amp; Creamy 15-in-1 Hub\" \/>\n<meta property=\"og:description\" content=\"Escape with Bnag Leader 450k Pod 4. 450,000 puffs of Pineapple Coconut, Blue Razz, Mixed Berries, and Mango Peach. The ultimate 450k exotic hybrid vape.\" \/>\n<meta property=\"og:url\" content=\"https:\/\/vozolvapen.de\/es\/product\/bnag-leader-450k-pod-4-pineapple-coconut-mango-peach\/\" \/>\n<meta property=\"og:site_name\" content=\"vozolvapen\" \/>\n<meta property=\"article:modified_time\" content=\"2026-05-12T09:42:06+00:00\" \/>\n<meta property=\"og:image\" content=\"https:\/\/vozolvapen.de\/wp-content\/uploads\/2026\/05\/450k-puffs-Bnag-Leader-450k-Exotic-Island-Cream.webp\" \/>\n\t<meta property=\"og:image:width\" content=\"768\" \/>\n\t<meta property=\"og:image:height\" content=\"768\" \/>\n\t<meta property=\"og:image:type\" content=\"image\/webp\" \/>\n<meta name=\"twitter:card\" content=\"summary_large_image\" \/>\n<meta name=\"twitter:label1\" content=\"Tiempo de lectura\" \/>\n\t<meta name=\"twitter:data1\" content=\"3 minutos\" \/>\n<script type=\"application\/ld+json\" class=\"yoast-schema-graph\">{\"@context\":\"https:\\\/\\\/schema.org\",\"@graph\":[{\"@type\":\"WebPage\",\"@id\":\"https:\\\/\\\/vozolvapen.de\\\/product\\\/bnag-leader-450k-pod-4-pineapple-coconut-mango-peach\\\/\",\"url\":\"https:\\\/\\\/vozolvapen.de\\\/product\\\/bnag-leader-450k-pod-4-pineapple-coconut-mango-peach\\\/\",\"name\":\"Bnag Leader 450k Pod 4 | 450k Puffs Pineapple Coconut 15-in-1\",\"isPartOf\":{\"@id\":\"https:\\\/\\\/vozolvapen.de\\\/#website\"},\"primaryImageOfPage\":{\"@id\":\"https:\\\/\\\/vozolvapen.de\\\/product\\\/bnag-leader-450k-pod-4-pineapple-coconut-mango-peach\\\/#primaryimage\"},\"image\":{\"@id\":\"https:\\\/\\\/vozolvapen.de\\\/product\\\/bnag-leader-450k-pod-4-pineapple-coconut-mango-peach\\\/#primaryimage\"},\"thumbnailUrl\":\"https:\\\/\\\/vozolvapen.de\\\/wp-content\\\/uploads\\\/2026\\\/05\\\/450k-puffs-Bnag-Leader-450k-Exotic-Island-Cream.webp\",\"datePublished\":\"2026-05-12T09:01:49+00:00\",\"dateModified\":\"2026-05-12T09:42:06+00:00\",\"description\":\"Escape with Bnag Leader 450k Pod 4. 450,000 puffs of Pineapple Coconut, Blue Razz, Mixed Berries, and Mango Peach. The ultimate 450k exotic hybrid vape.\",\"breadcrumb\":{\"@id\":\"https:\\\/\\\/vozolvapen.de\\\/product\\\/bnag-leader-450k-pod-4-pineapple-coconut-mango-peach\\\/#breadcrumb\"},\"inLanguage\":\"es\",\"potentialAction\":[{\"@type\":\"ReadAction\",\"target\":[\"https:\\\/\\\/vozolvapen.de\\\/product\\\/bnag-leader-450k-pod-4-pineapple-coconut-mango-peach\\\/\"]}]},{\"@type\":\"ImageObject\",\"inLanguage\":\"es\",\"@id\":\"https:\\\/\\\/vozolvapen.de\\\/product\\\/bnag-leader-450k-pod-4-pineapple-coconut-mango-peach\\\/#primaryimage\",\"url\":\"https:\\\/\\\/vozolvapen.de\\\/wp-content\\\/uploads\\\/2026\\\/05\\\/450k-puffs-Bnag-Leader-450k-Exotic-Island-Cream.webp\",\"contentUrl\":\"https:\\\/\\\/vozolvapen.de\\\/wp-content\\\/uploads\\\/2026\\\/05\\\/450k-puffs-Bnag-Leader-450k-Exotic-Island-Cream.webp\",\"width\":768,\"height\":768,\"caption\":\"450k Puffs Bnag Leader Exotic Island Cream Disposable Vape Device\"},{\"@type\":\"BreadcrumbList\",\"@id\":\"https:\\\/\\\/vozolvapen.de\\\/product\\\/bnag-leader-450k-pod-4-pineapple-coconut-mango-peach\\\/#breadcrumb\",\"itemListElement\":[{\"@type\":\"ListItem\",\"position\":1,\"name\":\"Home\",\"item\":\"https:\\\/\\\/vozolvapen.de\\\/de\\\/\"},{\"@type\":\"ListItem\",\"position\":2,\"name\":\"Shop\",\"item\":\"https:\\\/\\\/vozolvapen.de\\\/shop\\\/\"},{\"@type\":\"ListItem\",\"position\":3,\"name\":\"Bnag Leader 450k &#8211; Pod 4: Tropical Island &amp; Creamy 15-in-1 Hub\"}]},{\"@type\":\"WebSite\",\"@id\":\"https:\\\/\\\/vozolvapen.de\\\/#website\",\"url\":\"https:\\\/\\\/vozolvapen.de\\\/\",\"name\":\"vozolvapen\",\"description\":\"vozolvapen\",\"publisher\":{\"@id\":\"https:\\\/\\\/vozolvapen.de\\\/#organization\"},\"potentialAction\":[{\"@type\":\"SearchAction\",\"target\":{\"@type\":\"EntryPoint\",\"urlTemplate\":\"https:\\\/\\\/vozolvapen.de\\\/?s={search_term_string}\"},\"query-input\":{\"@type\":\"PropertyValueSpecification\",\"valueRequired\":true,\"valueName\":\"search_term_string\"}}],\"inLanguage\":\"es\"},{\"@type\":\"Organization\",\"@id\":\"https:\\\/\\\/vozolvapen.de\\\/#organization\",\"name\":\"vozolvapen\",\"url\":\"https:\\\/\\\/vozolvapen.de\\\/\",\"logo\":{\"@type\":\"ImageObject\",\"inLanguage\":\"es\",\"@id\":\"https:\\\/\\\/vozolvapen.de\\\/#\\\/schema\\\/logo\\\/image\\\/\",\"url\":\"https:\\\/\\\/vozolvapen.de\\\/wp-content\\\/uploads\\\/2025\\\/12\\\/cropped-vozovapen-logo.webp\",\"contentUrl\":\"https:\\\/\\\/vozolvapen.de\\\/wp-content\\\/uploads\\\/2025\\\/12\\\/cropped-vozovapen-logo.webp\",\"width\":470,\"height\":110,\"caption\":\"vozolvapen\"},\"image\":{\"@id\":\"https:\\\/\\\/vozolvapen.de\\\/#\\\/schema\\\/logo\\\/image\\\/\"}}]}<\/script>\n<!-- \/ Yoast SEO Premium plugin. -->","yoast_head_json":{"title":"Bnag Leader 450k Pod 4 | 450k Puffs Pi\u00f1a Coco 15 en 1","description":"Escape con Bnag Leader 450k Pod 4. 450.000 caladas de Pineapple Coconut, Blue Razz, Mixed Berries y Mango Peach. Lo \u00faltimo en vapeo h\u00edbrido ex\u00f3tico 450k.","robots":{"index":"index","follow":"follow","max-snippet":"max-snippet:-1","max-image-preview":"max-image-preview:large","max-video-preview":"max-video-preview:-1"},"canonical":"https:\/\/vozolvapen.de\/es\/product\/bnag-leader-450k-pod-4-pineapple-coconut-mango-peach\/","og_locale":"es_ES","og_type":"article","og_title":"Bnag Leader 450k - Pod 4: Tropical Island &amp; Creamy 15-in-1 Hub","og_description":"Escape with Bnag Leader 450k Pod 4. 450,000 puffs of Pineapple Coconut, Blue Razz, Mixed Berries, and Mango Peach. The ultimate 450k exotic hybrid vape.","og_url":"https:\/\/vozolvapen.de\/es\/product\/bnag-leader-450k-pod-4-pineapple-coconut-mango-peach\/","og_site_name":"vozolvapen","article_modified_time":"2026-05-12T09:42:06+00:00","og_image":[{"width":768,"height":768,"url":"https:\/\/vozolvapen.de\/wp-content\/uploads\/2026\/05\/450k-puffs-Bnag-Leader-450k-Exotic-Island-Cream.webp","type":"image\/webp"}],"twitter_card":"summary_large_image","twitter_misc":{"Tiempo de lectura":"3 minutos"},"schema":{"@context":"https:\/\/schema.org","@graph":[{"@type":"WebPage","@id":"https:\/\/vozolvapen.de\/product\/bnag-leader-450k-pod-4-pineapple-coconut-mango-peach\/","url":"https:\/\/vozolvapen.de\/product\/bnag-leader-450k-pod-4-pineapple-coconut-mango-peach\/","name":"Bnag Leader 450k Pod 4 | 450k Puffs Pi\u00f1a Coco 15 en 1","isPartOf":{"@id":"https:\/\/vozolvapen.de\/#website"},"primaryImageOfPage":{"@id":"https:\/\/vozolvapen.de\/product\/bnag-leader-450k-pod-4-pineapple-coconut-mango-peach\/#primaryimage"},"image":{"@id":"https:\/\/vozolvapen.de\/product\/bnag-leader-450k-pod-4-pineapple-coconut-mango-peach\/#primaryimage"},"thumbnailUrl":"https:\/\/vozolvapen.de\/wp-content\/uploads\/2026\/05\/450k-puffs-Bnag-Leader-450k-Exotic-Island-Cream.webp","datePublished":"2026-05-12T09:01:49+00:00","dateModified":"2026-05-12T09:42:06+00:00","description":"Escape con Bnag Leader 450k Pod 4. 450.000 caladas de Pineapple Coconut, Blue Razz, Mixed Berries y Mango Peach. Lo \u00faltimo en vapeo h\u00edbrido ex\u00f3tico 450k.","breadcrumb":{"@id":"https:\/\/vozolvapen.de\/product\/bnag-leader-450k-pod-4-pineapple-coconut-mango-peach\/#breadcrumb"},"inLanguage":"es","potentialAction":[{"@type":"ReadAction","target":["https:\/\/vozolvapen.de\/product\/bnag-leader-450k-pod-4-pineapple-coconut-mango-peach\/"]}]},{"@type":"ImageObject","inLanguage":"es","@id":"https:\/\/vozolvapen.de\/product\/bnag-leader-450k-pod-4-pineapple-coconut-mango-peach\/#primaryimage","url":"https:\/\/vozolvapen.de\/wp-content\/uploads\/2026\/05\/450k-puffs-Bnag-Leader-450k-Exotic-Island-Cream.webp","contentUrl":"https:\/\/vozolvapen.de\/wp-content\/uploads\/2026\/05\/450k-puffs-Bnag-Leader-450k-Exotic-Island-Cream.webp","width":768,"height":768,"caption":"450k Puffs Bnag Leader Exotic Island Cream Disposable Vape Device"},{"@type":"BreadcrumbList","@id":"https:\/\/vozolvapen.de\/product\/bnag-leader-450k-pod-4-pineapple-coconut-mango-peach\/#breadcrumb","itemListElement":[{"@type":"ListItem","position":1,"name":"Home","item":"https:\/\/vozolvapen.de\/de\/"},{"@type":"ListItem","position":2,"name":"Shop","item":"https:\/\/vozolvapen.de\/shop\/"},{"@type":"ListItem","position":3,"name":"Bnag Leader 450k &#8211; Pod 4: Tropical Island &amp; Creamy 15-in-1 Hub"}]},{"@type":"WebSite","@id":"https:\/\/vozolvapen.de\/#website","url":"https:\/\/vozolvapen.de\/","name":"vozolvapen","description":"vozolvapen","publisher":{"@id":"https:\/\/vozolvapen.de\/#organization"},"potentialAction":[{"@type":"SearchAction","target":{"@type":"EntryPoint","urlTemplate":"https:\/\/vozolvapen.de\/?s={search_term_string}"},"query-input":{"@type":"PropertyValueSpecification","valueRequired":true,"valueName":"search_term_string"}}],"inLanguage":"es"},{"@type":"Organization","@id":"https:\/\/vozolvapen.de\/#organization","name":"vozolvapen","url":"https:\/\/vozolvapen.de\/","logo":{"@type":"ImageObject","inLanguage":"es","@id":"https:\/\/vozolvapen.de\/#\/schema\/logo\/image\/","url":"https:\/\/vozolvapen.de\/wp-content\/uploads\/2025\/12\/cropped-vozovapen-logo.webp","contentUrl":"https:\/\/vozolvapen.de\/wp-content\/uploads\/2025\/12\/cropped-vozovapen-logo.webp","width":470,"height":110,"caption":"vozolvapen"},"image":{"@id":"https:\/\/vozolvapen.de\/#\/schema\/logo\/image\/"}}]}},"tiered_pricing_type":"fixed","tiered_pricing_fixed_rules":{"30":"14.5","50":"12.5","100":"12.5","200":"11.5"},"tiered_pricing_product_settings":{"layout":"default","base_unit_name":{"singular":null,"plural":null},"default_variation":null},"tiered_pricing_minimum_quantity":10,"tiered_pricing_roles_data":[],"tiered_pricing_percentage_rules":[],"tiered_pricing_maximum_quantity":null,"tiered_pricing_quantity_step":"10","_links":{"self":[{"href":"https:\/\/vozolvapen.de\/es\/wp-json\/wp\/v2\/product\/70223","targetHints":{"allow":["GET"]}}],"collection":[{"href":"https:\/\/vozolvapen.de\/es\/wp-json\/wp\/v2\/product"}],"about":[{"href":"https:\/\/vozolvapen.de\/es\/wp-json\/wp\/v2\/types\/product"}],"replies":[{"embeddable":true,"href":"https:\/\/vozolvapen.de\/es\/wp-json\/wp\/v2\/comments?post=70223"}],"wp:featuredmedia":[{"embeddable":true,"href":"https:\/\/vozolvapen.de\/es\/wp-json\/wp\/v2\/media\/70818"}],"wp:attachment":[{"href":"https:\/\/vozolvapen.de\/es\/wp-json\/wp\/v2\/media?parent=70223"}],"wp:term":[{"taxonomy":"product_brand","embeddable":true,"href":"https:\/\/vozolvapen.de\/es\/wp-json\/wp\/v2\/product_brand?post=70223"},{"taxonomy":"product_cat","embeddable":true,"href":"https:\/\/vozolvapen.de\/es\/wp-json\/wp\/v2\/product_cat?post=70223"},{"taxonomy":"product_tag","embeddable":true,"href":"https:\/\/vozolvapen.de\/es\/wp-json\/wp\/v2\/product_tag?post=70223"}],"curies":[{"name":"wp","href":"https:\/\/api.w.org\/{rel}","templated":true}]}}