{"id":70289,"date":"2026-05-12T09:01:53","date_gmt":"2026-05-12T09:01:53","guid":{"rendered":"https:\/\/vozolvapen.de\/?post_type=product&#038;p=70289"},"modified":"2026-05-12T09:42:54","modified_gmt":"2026-05-12T09:42:54","slug":"bnag-leader-450k-pod-5-energy-drink-blueberry-watermelon-gummy-bear","status":"publish","type":"product","link":"https:\/\/vozolvapen.de\/es\/product\/bnag-leader-450k-pod-5-energy-drink-blueberry-watermelon-gummy-bear\/","title":{"rendered":"Bnag Leader 450k - Pod 5: Manzana \u00e1cida y gominola 15 en 1 Hub"},"content":{"rendered":"<p>El <strong>L\u00edder Bnag 450k<\/strong> (Bnag Leader 450000) es el pin\u00e1culo del <strong>Optimizaci\u00f3n del vaporizador desechable<\/strong>. <strong>Pod 5<\/strong> ha sido meticulosamente seleccionada para los entusiastas de la tarta \u00e1cida y \u00e1cida, y ofrece una alternativa n\u00edtida y apetitosa a los dulces tradicionales. Como buque insignia <strong>450k vape<\/strong>, utiliza un avanzado <strong>Sabor 15 en 1<\/strong> interruptor h\u00edbrido, que permite un control granular de la intensidad de su sabor de 450.000 caladas.<\/p>\n\n\n\n<h2 class=\"wp-block-heading\" id=\"h-technical-parameters-amp-performance\"><strong>Par\u00e1metros t\u00e9cnicos y rendimiento:<\/strong><\/h2>\n\n\n\n<ul class=\"wp-block-list\">\n<li><strong>Capacidad de soplado:<\/strong> Hasta 450.000 Puffs (Valor inigualable)<\/li>\n\n\n\n<li><strong>L\u00f3gica del sabor:<\/strong> Sistema h\u00edbrido mec\u00e1nico 15 en 1<\/li>\n\n\n\n<li><strong>Hardware:<\/strong> 1.2\u03a9 Precision Mesh Coil | 850mAh Bater\u00eda de Cobalto<\/li>\n\n\n\n<li><strong>Carga:<\/strong> Interfaz de recarga ultrarr\u00e1pida Type-C<\/li>\n\n\n\n<li><strong>Precisi\u00f3n de nicotina:<\/strong> 0% | 2% | 3% | 5% Fuerza de Nicotina Salada<\/li>\n<\/ul>\n\n\n\n<h2 class=\"wp-block-heading\">\ud83c\udfa8 El mazo de sabores 15 en 1 \u201cTienda de caramelos\u201d (Pod 5)<\/h2>\n\n\n\n<p>\u00bfPor qu\u00e9 elegir un dulce cuando puedes tener toda la bolsa? <strong>Pod 5<\/strong> incluye cuatro l\u00edquidos base de alta intensidad. Utiliza la palanca h\u00edbrida para disfrutarlos puros o crear 11 combinaciones \u00fanicas \u201cagridulces\u201d.<\/p>\n\n\n\n<h3 class=\"wp-block-heading\"><strong>Los 4 componentes del caramelo base:<\/strong><\/h3>\n\n\n\n<ol start=\"1\" class=\"wp-block-list\">\n<li><strong>Bebida energ\u00e9tica:<\/strong> Un sabor fuerte, inspirado en la taurina, que a\u00f1ade un toque vibrante a las mezclas de frutas.<\/li>\n\n\n\n<li><strong>Sand\u00eda con ar\u00e1ndanos:<\/strong> Un d\u00fao de frutas jugosas e hidratantes que act\u00faa como la base dulce perfecta.<\/li>\n\n\n\n<li><strong>Manzana \u00e1cida y frambuesa:<\/strong> Una acidez elevada que proporciona un crujiente efecto \u201cfruncido\u201d de manzana verde.<\/li>\n\n\n\n<li><strong>Osito de goma:<\/strong> Un dulzor gelatinoso, nost\u00e1lgico y masticable, con matices multifrutas.<\/li>\n<\/ol>\n\n\n\n<h3 class=\"wp-block-heading\"><strong>Mezclas h\u00edbridas de autor:<\/strong><\/h3>\n\n\n\n<ul class=\"wp-block-list\">\n<li><strong>La c\u00e1scara agria (mezcla 2+3):<\/strong> La sand\u00eda con ar\u00e1ndanos se une a la frambuesa con manzana \u00e1cida para crear una explosi\u00f3n de fruta \u00e1cida y crujiente.<\/li>\n\n\n\n<li><strong>Gominolas energ\u00e9ticas (mezcla 1+4):<\/strong> Lo \u00faltimo en \u201cestimulantes\u201d: chispeantes notas energ\u00e9ticas infusionadas con caramelos de goma masticables.<\/li>\n\n\n\n<li><strong>Berry-Gummy Frost (Mezcla 2+4):<\/strong> Una suave fusi\u00f3n de ar\u00e1ndanos y caramelos de goma.<\/li>\n\n\n\n<li><strong>El caramelo \u00e1cido definitivo (mezcla 1+2+3+4):<\/strong> Las cuatro c\u00e1maras se abren para una compleja sinfon\u00eda \u00e1cida y azucarada 15 en 1.<\/li>\n<\/ul>\n\n\n\n<h2 class=\"wp-block-heading\">\ud83e\uddec Enfoque sensorial: Saturaci\u00f3n de sabores de nueva generaci\u00f3n<\/h2>\n\n\n\n<p>Usando <strong>B\u00fasqueda de palabras clave para vapes<\/strong> sensaciones espec\u00edficas del usuario, nos centramos en la <strong>L\u00edder Bnag 450000<\/strong>\u2019s flujo de aire optimizado y el rendimiento de malla.<\/p>\n\n\n\n<ul class=\"wp-block-list\">\n<li><strong>La inhalaci\u00f3n:<\/strong> La manzana \u00e1cida y la bebida energ\u00e9tica estimulan el paladar.<\/li>\n\n\n\n<li><strong>La secci\u00f3n media:<\/strong> La sand\u00eda con ar\u00e1ndanos proporciona una sensaci\u00f3n en boca suculenta y h\u00fameda que equilibra la acidez inicial.<\/li>\n\n\n\n<li><strong>El regusto:<\/strong> Limpio y masticable. La esencia de Gummy Bear proporciona un rastro azucarado persistente que mantiene la bobina de 1,2\u03a9 con un sabor fresco durante todo el <strong>450.000 puff<\/strong> vida \u00fatil.<\/li>\n<\/ul>\n\n\n\n<h2 class=\"wp-block-heading\">\u2753 Optimizaci\u00f3n de FAQ y Rich Snippet<\/h2>\n\n\n\n<p><strong>P: \u00bfSe desvanece el sabor despu\u00e9s de 450.000 caladas?<\/strong><\/p>\n\n\n\n<p> <strong>A:<\/strong> No. El <strong>L\u00edder Bnag 450k<\/strong> utiliza una bobina de malla de 1.2\u03a9 antiobstrucci\u00f3n y una salida de bater\u00eda estable de 850mAh para garantizar <strong>Integridad del sabor<\/strong> desde la primera calada hasta la \u00faltima.<\/p>\n\n\n\n<p><strong>P: \u00bfPuedo crear mis propios niveles \u00e1cidos en el Bnag Leader 450000?<\/strong> <\/p>\n\n\n\n<p><strong>A:<\/strong> \u00a1S\u00ed! El <strong>Sabores 15 en 1<\/strong> le permite mezclar la base \u201cManzana \u00e1cida y frambuesa\u201d con cualquiera de los otros tres sabores para encontrar su equilibrio perfecto de \u00e1cido y dulce.<\/p>\n\n\n\n<p><strong>P: \u00bfEst\u00e1 Pod 5 disponible para la venta al por mayor B2B?<\/strong> <\/p>\n\n\n\n<p><strong>A:<\/strong> S\u00ed. Ofrecemos servicios especializados <strong>Marketing digital para tiendas de vapeo<\/strong> apoyo y precios al por mayor (paquete de 10) para distribuidores globales que buscan dominar el <strong>450k vape<\/strong> mercado.<\/p>\n\n\n\n<h2 class=\"wp-block-heading\">\ud83d\udd0d Explora m\u00e1s experiencias sensoriales 15 en 1<\/h2>\n\n\n\n<p>Si disfrut\u00f3 con la compleja tecnolog\u00eda h\u00edbrida del <strong>L\u00edder Bnag 450000<\/strong>, Descubra estas alternativas dise\u00f1adas para superar los l\u00edmites de la tecnolog\u00eda. <strong>450k vape<\/strong> revoluci\u00f3n.<\/p>\n\n\n\n<p>1.<a href=\"https:\/\/vozolvapen.de\/es\/product\/bnag-leader-450k-pod-1-watermelon-cherry-mango\/\">Estaci\u00f3n Tropical Red &amp; Mango<\/a><br>2.<a href=\"https:\/\/vozolvapen.de\/es\/product\/bnag-leader-450k-pod-2-cola-ice-energy-drink\/\">Refrescos y chispas energ\u00e9ticas<\/a><br>3.<a href=\"https:\/\/vozolvapen.de\/es\/product\/bnag-leader-450k-pod-3-watermelon-ice-red-bull\/\">El revitalizante helado<\/a><br>4.<a href=\"https:\/\/vozolvapen.de\/es\/product\/bnag-leader-450k-pod-4-pineapple-coconut-mango-peach\/\">Crema de islas ex\u00f3ticas<\/a><br>6.<a href=\"https:\/\/vozolvapen.de\/es\/product\/bnag-leader-450k-pod-6-strawberry-watermelon-kiwi-guava\/\">Antolog\u00eda del huerto de verano<\/a><br>7.<a href=\"https:\/\/vozolvapen.de\/es\/product\/bnag-leader-450k-pod-7-fuji-apple-ice-blueberry-mint-lime-romance\/\">Fuji Romance &amp; Menta<\/a><br>8.<a href=\"https:\/\/vozolvapen.de\/es\/product\/bnag-leader-450k-pod-8-peach-ice-blueberry-ice-rainbow-candy-lemon-sour-orange\/\">Ralladura de caramelo arco iris<\/a><br>9.<a href=\"https:\/\/vozolvapen.de\/es\/product\/bnag-leader-450k-pod-9-blueberry-ice-peach-mango-watermelon-passion-kiss-melon-apple\/\">Beso de mel\u00f3n pasi\u00f3n<\/a><br>10.<a href=\"https:\/\/vozolvapen.de\/es\/product\/bnag-leader-450k-pod-10-watermelon-ice-blueberry-cherry-sour-mango-pineapple\/\">Pi\u00f1a \u00e1cida de verano<\/a><br>11.<a href=\"https:\/\/vozolvapen.de\/es\/product\/bnag-leader-450k-pod-11-california-cherry-passion-fruit-mango-berry-mix\/\">Cosecha de bayas en California<\/a><br>12.<a href=\"https:\/\/vozolvapen.de\/es\/product\/bnag-leader-450k-pod-12-love66-red-mojito-strawberry-mango\/\">Love &amp; Mojito Lounge<\/a><\/p>","protected":false},"excerpt":{"rendered":"<p data-path-to-node=\"7\">La antolog\u00eda definitiva del caramelo \u00e1cido. Frunce los labios con la frambuesa de manzana \u00e1cida y la nost\u00e1lgica dulzura del osito de gominola. Este <b data-path-to-node=\"7\" data-index-in-node=\"155\">L\u00edder Bnag 450000<\/b> pod le permite personalizar sus niveles de acidez a trav\u00e9s de un <b data-path-to-node=\"7\" data-index-in-node=\"247\">450.000 puff<\/b> vida \u00fatil.<\/p>","protected":false},"featured_media":70824,"comment_status":"open","ping_status":"closed","template":"","meta":{"_acf_changed":false},"product_brand":[],"product_cat":[171],"product_tag":[],"class_list":{"0":"post-70289","1":"product","2":"type-product","3":"status-publish","4":"has-post-thumbnail","6":"product_cat-puff-450k-bang-leader-450k-15-in-1","8":"first","9":"instock","10":"shipping-taxable","11":"purchasable","12":"product-type-variable"},"acf":[],"yoast_head":"<!-- This site is optimized with the Yoast SEO Premium plugin v26.1 (Yoast SEO v27.5) - https:\/\/yoast.com\/product\/yoast-seo-premium-wordpress\/ -->\n<title>Bnag Leader 450k Pod 5 | 450k Puffs Sour Apple &amp; Gummy 15-in-1<\/title>\n<meta name=\"description\" content=\"Pucker up with Bnag Leader 450k Pod 5. 450,000 puffs of Gummy Bear, Sour Apple Raspberry, and Energy Drink. The ultimate 15-in-1 sour hybrid vape.\" \/>\n<meta name=\"robots\" content=\"index, follow, max-snippet:-1, max-image-preview:large, max-video-preview:-1\" \/>\n<link rel=\"canonical\" href=\"https:\/\/vozolvapen.de\/es\/product\/bnag-leader-450k-pod-5-energy-drink-blueberry-watermelon-gummy-bear\/\" \/>\n<meta property=\"og:locale\" content=\"es_ES\" \/>\n<meta property=\"og:type\" content=\"article\" \/>\n<meta property=\"og:title\" content=\"Bnag Leader 450k - Pod 5: Sour Apple &amp; Gummy 15-in-1 Hub\" \/>\n<meta property=\"og:description\" content=\"Pucker up with Bnag Leader 450k Pod 5. 450,000 puffs of Gummy Bear, Sour Apple Raspberry, and Energy Drink. The ultimate 15-in-1 sour hybrid vape.\" \/>\n<meta property=\"og:url\" content=\"https:\/\/vozolvapen.de\/es\/product\/bnag-leader-450k-pod-5-energy-drink-blueberry-watermelon-gummy-bear\/\" \/>\n<meta property=\"og:site_name\" content=\"vozolvapen\" \/>\n<meta property=\"article:modified_time\" content=\"2026-05-12T09:42:54+00:00\" \/>\n<meta property=\"og:image\" content=\"https:\/\/vozolvapen.de\/wp-content\/uploads\/2026\/05\/450k-puffs-Bnag-Leader-450k-Sour-Candy-Energy.webp\" \/>\n\t<meta property=\"og:image:width\" content=\"768\" \/>\n\t<meta property=\"og:image:height\" content=\"768\" \/>\n\t<meta property=\"og:image:type\" content=\"image\/webp\" \/>\n<meta name=\"twitter:card\" content=\"summary_large_image\" \/>\n<meta name=\"twitter:label1\" content=\"Tiempo de lectura\" \/>\n\t<meta name=\"twitter:data1\" content=\"3 minutos\" \/>\n<script type=\"application\/ld+json\" class=\"yoast-schema-graph\">{\"@context\":\"https:\\\/\\\/schema.org\",\"@graph\":[{\"@type\":\"WebPage\",\"@id\":\"https:\\\/\\\/vozolvapen.de\\\/product\\\/bnag-leader-450k-pod-5-energy-drink-blueberry-watermelon-gummy-bear\\\/\",\"url\":\"https:\\\/\\\/vozolvapen.de\\\/product\\\/bnag-leader-450k-pod-5-energy-drink-blueberry-watermelon-gummy-bear\\\/\",\"name\":\"Bnag Leader 450k Pod 5 | 450k Puffs Sour Apple & Gummy 15-in-1\",\"isPartOf\":{\"@id\":\"https:\\\/\\\/vozolvapen.de\\\/#website\"},\"primaryImageOfPage\":{\"@id\":\"https:\\\/\\\/vozolvapen.de\\\/product\\\/bnag-leader-450k-pod-5-energy-drink-blueberry-watermelon-gummy-bear\\\/#primaryimage\"},\"image\":{\"@id\":\"https:\\\/\\\/vozolvapen.de\\\/product\\\/bnag-leader-450k-pod-5-energy-drink-blueberry-watermelon-gummy-bear\\\/#primaryimage\"},\"thumbnailUrl\":\"https:\\\/\\\/vozolvapen.de\\\/wp-content\\\/uploads\\\/2026\\\/05\\\/450k-puffs-Bnag-Leader-450k-Sour-Candy-Energy.webp\",\"datePublished\":\"2026-05-12T09:01:53+00:00\",\"dateModified\":\"2026-05-12T09:42:54+00:00\",\"description\":\"Pucker up with Bnag Leader 450k Pod 5. 450,000 puffs of Gummy Bear, Sour Apple Raspberry, and Energy Drink. The ultimate 15-in-1 sour hybrid vape.\",\"breadcrumb\":{\"@id\":\"https:\\\/\\\/vozolvapen.de\\\/product\\\/bnag-leader-450k-pod-5-energy-drink-blueberry-watermelon-gummy-bear\\\/#breadcrumb\"},\"inLanguage\":\"es\",\"potentialAction\":[{\"@type\":\"ReadAction\",\"target\":[\"https:\\\/\\\/vozolvapen.de\\\/product\\\/bnag-leader-450k-pod-5-energy-drink-blueberry-watermelon-gummy-bear\\\/\"]}]},{\"@type\":\"ImageObject\",\"inLanguage\":\"es\",\"@id\":\"https:\\\/\\\/vozolvapen.de\\\/product\\\/bnag-leader-450k-pod-5-energy-drink-blueberry-watermelon-gummy-bear\\\/#primaryimage\",\"url\":\"https:\\\/\\\/vozolvapen.de\\\/wp-content\\\/uploads\\\/2026\\\/05\\\/450k-puffs-Bnag-Leader-450k-Sour-Candy-Energy.webp\",\"contentUrl\":\"https:\\\/\\\/vozolvapen.de\\\/wp-content\\\/uploads\\\/2026\\\/05\\\/450k-puffs-Bnag-Leader-450k-Sour-Candy-Energy.webp\",\"width\":768,\"height\":768,\"caption\":\"450k Puffs Bnag Leader Sour Candy Energy Disposable Vape Device\"},{\"@type\":\"BreadcrumbList\",\"@id\":\"https:\\\/\\\/vozolvapen.de\\\/product\\\/bnag-leader-450k-pod-5-energy-drink-blueberry-watermelon-gummy-bear\\\/#breadcrumb\",\"itemListElement\":[{\"@type\":\"ListItem\",\"position\":1,\"name\":\"Home\",\"item\":\"https:\\\/\\\/vozolvapen.de\\\/de\\\/\"},{\"@type\":\"ListItem\",\"position\":2,\"name\":\"Shop\",\"item\":\"https:\\\/\\\/vozolvapen.de\\\/shop\\\/\"},{\"@type\":\"ListItem\",\"position\":3,\"name\":\"Bnag Leader 450k &#8211; Pod 5: Sour Apple &amp; Gummy 15-in-1 Hub\"}]},{\"@type\":\"WebSite\",\"@id\":\"https:\\\/\\\/vozolvapen.de\\\/#website\",\"url\":\"https:\\\/\\\/vozolvapen.de\\\/\",\"name\":\"vozolvapen\",\"description\":\"vozolvapen\",\"publisher\":{\"@id\":\"https:\\\/\\\/vozolvapen.de\\\/#organization\"},\"potentialAction\":[{\"@type\":\"SearchAction\",\"target\":{\"@type\":\"EntryPoint\",\"urlTemplate\":\"https:\\\/\\\/vozolvapen.de\\\/?s={search_term_string}\"},\"query-input\":{\"@type\":\"PropertyValueSpecification\",\"valueRequired\":true,\"valueName\":\"search_term_string\"}}],\"inLanguage\":\"es\"},{\"@type\":\"Organization\",\"@id\":\"https:\\\/\\\/vozolvapen.de\\\/#organization\",\"name\":\"vozolvapen\",\"url\":\"https:\\\/\\\/vozolvapen.de\\\/\",\"logo\":{\"@type\":\"ImageObject\",\"inLanguage\":\"es\",\"@id\":\"https:\\\/\\\/vozolvapen.de\\\/#\\\/schema\\\/logo\\\/image\\\/\",\"url\":\"https:\\\/\\\/vozolvapen.de\\\/wp-content\\\/uploads\\\/2025\\\/12\\\/cropped-vozovapen-logo.webp\",\"contentUrl\":\"https:\\\/\\\/vozolvapen.de\\\/wp-content\\\/uploads\\\/2025\\\/12\\\/cropped-vozovapen-logo.webp\",\"width\":470,\"height\":110,\"caption\":\"vozolvapen\"},\"image\":{\"@id\":\"https:\\\/\\\/vozolvapen.de\\\/#\\\/schema\\\/logo\\\/image\\\/\"}}]}<\/script>\n<!-- \/ Yoast SEO Premium plugin. -->","yoast_head_json":{"title":"Bnag Leader 450k Pod 5 | 450k Puffs Manzana \u00e1cida y Gominolas 15 en 1","description":"Frunce el ce\u00f1o con Bnag Leader 450k Pod 5. 450.000 caladas de Gummy Bear, Sour Apple Raspberry y Energy Drink. El vape h\u00edbrido \u00e1cido 15 en 1 definitivo.","robots":{"index":"index","follow":"follow","max-snippet":"max-snippet:-1","max-image-preview":"max-image-preview:large","max-video-preview":"max-video-preview:-1"},"canonical":"https:\/\/vozolvapen.de\/es\/product\/bnag-leader-450k-pod-5-energy-drink-blueberry-watermelon-gummy-bear\/","og_locale":"es_ES","og_type":"article","og_title":"Bnag Leader 450k - Pod 5: Sour Apple &amp; Gummy 15-in-1 Hub","og_description":"Pucker up with Bnag Leader 450k Pod 5. 450,000 puffs of Gummy Bear, Sour Apple Raspberry, and Energy Drink. The ultimate 15-in-1 sour hybrid vape.","og_url":"https:\/\/vozolvapen.de\/es\/product\/bnag-leader-450k-pod-5-energy-drink-blueberry-watermelon-gummy-bear\/","og_site_name":"vozolvapen","article_modified_time":"2026-05-12T09:42:54+00:00","og_image":[{"width":768,"height":768,"url":"https:\/\/vozolvapen.de\/wp-content\/uploads\/2026\/05\/450k-puffs-Bnag-Leader-450k-Sour-Candy-Energy.webp","type":"image\/webp"}],"twitter_card":"summary_large_image","twitter_misc":{"Tiempo de lectura":"3 minutos"},"schema":{"@context":"https:\/\/schema.org","@graph":[{"@type":"WebPage","@id":"https:\/\/vozolvapen.de\/product\/bnag-leader-450k-pod-5-energy-drink-blueberry-watermelon-gummy-bear\/","url":"https:\/\/vozolvapen.de\/product\/bnag-leader-450k-pod-5-energy-drink-blueberry-watermelon-gummy-bear\/","name":"Bnag Leader 450k Pod 5 | 450k Puffs Manzana \u00e1cida y Gominolas 15 en 1","isPartOf":{"@id":"https:\/\/vozolvapen.de\/#website"},"primaryImageOfPage":{"@id":"https:\/\/vozolvapen.de\/product\/bnag-leader-450k-pod-5-energy-drink-blueberry-watermelon-gummy-bear\/#primaryimage"},"image":{"@id":"https:\/\/vozolvapen.de\/product\/bnag-leader-450k-pod-5-energy-drink-blueberry-watermelon-gummy-bear\/#primaryimage"},"thumbnailUrl":"https:\/\/vozolvapen.de\/wp-content\/uploads\/2026\/05\/450k-puffs-Bnag-Leader-450k-Sour-Candy-Energy.webp","datePublished":"2026-05-12T09:01:53+00:00","dateModified":"2026-05-12T09:42:54+00:00","description":"Frunce el ce\u00f1o con Bnag Leader 450k Pod 5. 450.000 caladas de Gummy Bear, Sour Apple Raspberry y Energy Drink. El vape h\u00edbrido \u00e1cido 15 en 1 definitivo.","breadcrumb":{"@id":"https:\/\/vozolvapen.de\/product\/bnag-leader-450k-pod-5-energy-drink-blueberry-watermelon-gummy-bear\/#breadcrumb"},"inLanguage":"es","potentialAction":[{"@type":"ReadAction","target":["https:\/\/vozolvapen.de\/product\/bnag-leader-450k-pod-5-energy-drink-blueberry-watermelon-gummy-bear\/"]}]},{"@type":"ImageObject","inLanguage":"es","@id":"https:\/\/vozolvapen.de\/product\/bnag-leader-450k-pod-5-energy-drink-blueberry-watermelon-gummy-bear\/#primaryimage","url":"https:\/\/vozolvapen.de\/wp-content\/uploads\/2026\/05\/450k-puffs-Bnag-Leader-450k-Sour-Candy-Energy.webp","contentUrl":"https:\/\/vozolvapen.de\/wp-content\/uploads\/2026\/05\/450k-puffs-Bnag-Leader-450k-Sour-Candy-Energy.webp","width":768,"height":768,"caption":"450k Puffs Bnag Leader Sour Candy Energy Disposable Vape Device"},{"@type":"BreadcrumbList","@id":"https:\/\/vozolvapen.de\/product\/bnag-leader-450k-pod-5-energy-drink-blueberry-watermelon-gummy-bear\/#breadcrumb","itemListElement":[{"@type":"ListItem","position":1,"name":"Home","item":"https:\/\/vozolvapen.de\/de\/"},{"@type":"ListItem","position":2,"name":"Shop","item":"https:\/\/vozolvapen.de\/shop\/"},{"@type":"ListItem","position":3,"name":"Bnag Leader 450k &#8211; Pod 5: Sour Apple &amp; Gummy 15-in-1 Hub"}]},{"@type":"WebSite","@id":"https:\/\/vozolvapen.de\/#website","url":"https:\/\/vozolvapen.de\/","name":"vozolvapen","description":"vozolvapen","publisher":{"@id":"https:\/\/vozolvapen.de\/#organization"},"potentialAction":[{"@type":"SearchAction","target":{"@type":"EntryPoint","urlTemplate":"https:\/\/vozolvapen.de\/?s={search_term_string}"},"query-input":{"@type":"PropertyValueSpecification","valueRequired":true,"valueName":"search_term_string"}}],"inLanguage":"es"},{"@type":"Organization","@id":"https:\/\/vozolvapen.de\/#organization","name":"vozolvapen","url":"https:\/\/vozolvapen.de\/","logo":{"@type":"ImageObject","inLanguage":"es","@id":"https:\/\/vozolvapen.de\/#\/schema\/logo\/image\/","url":"https:\/\/vozolvapen.de\/wp-content\/uploads\/2025\/12\/cropped-vozovapen-logo.webp","contentUrl":"https:\/\/vozolvapen.de\/wp-content\/uploads\/2025\/12\/cropped-vozovapen-logo.webp","width":470,"height":110,"caption":"vozolvapen"},"image":{"@id":"https:\/\/vozolvapen.de\/#\/schema\/logo\/image\/"}}]}},"tiered_pricing_type":"fixed","tiered_pricing_fixed_rules":{"30":"14.5","50":"12.5","100":"12.5","200":"11.5"},"tiered_pricing_product_settings":{"layout":"default","base_unit_name":{"singular":null,"plural":null},"default_variation":null},"tiered_pricing_minimum_quantity":10,"tiered_pricing_roles_data":[],"tiered_pricing_percentage_rules":[],"tiered_pricing_maximum_quantity":null,"tiered_pricing_quantity_step":"10","_links":{"self":[{"href":"https:\/\/vozolvapen.de\/es\/wp-json\/wp\/v2\/product\/70289","targetHints":{"allow":["GET"]}}],"collection":[{"href":"https:\/\/vozolvapen.de\/es\/wp-json\/wp\/v2\/product"}],"about":[{"href":"https:\/\/vozolvapen.de\/es\/wp-json\/wp\/v2\/types\/product"}],"replies":[{"embeddable":true,"href":"https:\/\/vozolvapen.de\/es\/wp-json\/wp\/v2\/comments?post=70289"}],"wp:featuredmedia":[{"embeddable":true,"href":"https:\/\/vozolvapen.de\/es\/wp-json\/wp\/v2\/media\/70824"}],"wp:attachment":[{"href":"https:\/\/vozolvapen.de\/es\/wp-json\/wp\/v2\/media?parent=70289"}],"wp:term":[{"taxonomy":"product_brand","embeddable":true,"href":"https:\/\/vozolvapen.de\/es\/wp-json\/wp\/v2\/product_brand?post=70289"},{"taxonomy":"product_cat","embeddable":true,"href":"https:\/\/vozolvapen.de\/es\/wp-json\/wp\/v2\/product_cat?post=70289"},{"taxonomy":"product_tag","embeddable":true,"href":"https:\/\/vozolvapen.de\/es\/wp-json\/wp\/v2\/product_tag?post=70289"}],"curies":[{"name":"wp","href":"https:\/\/api.w.org\/{rel}","templated":true}]}}