{"id":70421,"date":"2026-05-12T09:01:59","date_gmt":"2026-05-12T09:01:59","guid":{"rendered":"https:\/\/vozolvapen.de\/?post_type=product&#038;p=70421"},"modified":"2026-05-12T09:42:56","modified_gmt":"2026-05-12T09:42:56","slug":"bnag-leader-450k-pod-7-fuji-apple-ice-blueberry-mint-lime-romance","status":"publish","type":"product","link":"https:\/\/vozolvapen.de\/es\/product\/bnag-leader-450k-pod-7-fuji-apple-ice-blueberry-mint-lime-romance\/","title":{"rendered":"Bnag Leader 450k - Pod 7: Cubo 15 en 1 Fuji Apple Ice &amp; Lime Romance"},"content":{"rendered":"<p>El <strong>L\u00edder Bnag 450k<\/strong> (Bnag Leader 450000) es la referencia mundial en materia de <strong>Optimizaci\u00f3n del comercio electr\u00f3nico de cigarrillos electr\u00f3nicos<\/strong>. <strong>Pod 7<\/strong> es una elegante colecci\u00f3n pensada para los entusiastas del \u201cCrisp &amp; Clean\u201d, que ofrece un sofisticado alejamiento de los dulces pesados. Como buque insignia <strong>450k vape<\/strong>, y cuenta con nuestro sistema mec\u00e1nico patentado <strong>Sabor 15 en 1<\/strong> interruptor h\u00edbrido, que le permite navegar por 450.000 caladas de notas bot\u00e1nicas y frutales de primera calidad con precisi\u00f3n quir\u00fargica.<\/p>\n\n\n\n<h2 class=\"wp-block-heading\" id=\"h-technical-parameters-amp-performance\"><strong>Par\u00e1metros t\u00e9cnicos y rendimiento:<\/strong><\/h2>\n\n\n\n<ul class=\"wp-block-list\">\n<li><strong>Capacidad de soplado:<\/strong> Hasta 450.000 bocanadas (ROI inigualable)<\/li>\n\n\n\n<li><strong>L\u00f3gica del sabor:<\/strong> Sistema h\u00edbrido mec\u00e1nico 15 en 1<\/li>\n\n\n\n<li><strong>Hardware:<\/strong> Bobina de malla avanzada 1.2\u03a9 | Bater\u00eda de cobalto 850mAh<\/li>\n\n\n\n<li><strong>Carga:<\/strong> Interfaz recargable Type-C de alta velocidad<\/li>\n\n\n\n<li><strong>Precisi\u00f3n de nicotina:<\/strong> 0% | 2% | 3% | 5% Fuerza de Nicotina Salada<\/li>\n<\/ul>\n\n\n\n<h2 class=\"wp-block-heading\">\ud83c\udfa8 El Mazo de Sabores 15 en 1 \u201cHuerto \u00c1rtico\u201d (Pod 7)<\/h2>\n\n\n\n<p>\u00bfPor qu\u00e9 conformarse con una helada cuando se puede tener un huerto de invierno? <strong>Pod 7<\/strong> incluye cuatro l\u00edquidos base de alta definici\u00f3n. Utiliza la palanca h\u00edbrida para disfrutarlos puros o crear 11 combinaciones \u201cZesty-Ice\u201d \u00fanicas.<\/p>\n\n\n\n<h3 class=\"wp-block-heading\"><strong>Los 4 componentes b\u00e1sicos de la vitalidad:<\/strong><\/h3>\n\n\n\n<ol start=\"1\" class=\"wp-block-list\">\n<li><strong>Helado de sand\u00eda:<\/strong> Una base de hidrataci\u00f3n bajo cero que proporciona una base suave y fr\u00eda.<\/li>\n\n\n\n<li><strong>Ar\u00e1ndano y menta:<\/strong> Una sofisticada fusi\u00f3n de dulces bayas del bosque y refrescante menta bot\u00e1nica.<\/li>\n\n\n\n<li><strong>Hielo de manzana Fuji:<\/strong> Un sabor a manzana roja crujiente de alta definici\u00f3n con un final limpio y helado.<\/li>\n\n\n\n<li><strong>Romance con lima:<\/strong> Un perfil c\u00edtrico floral y picante que a\u00f1ade una rom\u00e1ntica y arom\u00e1tica \u201cchispa\u201d a cada calada.<\/li>\n<\/ol>\n\n\n\n<h3 class=\"wp-block-heading\"><strong>Mezclas h\u00edbridas de autor:<\/strong><\/h3>\n\n\n\n<ul class=\"wp-block-list\">\n<li><strong>La escarcha rom\u00e1ntica (Mix 3+4):<\/strong> Fuji Apple Ice se une a Lime Romance para una explosi\u00f3n c\u00edtrica, floral y crujiente.<\/li>\n\n\n\n<li><strong>Mojito de ar\u00e1ndanos (mezcla 2+4):<\/strong> Menta de ar\u00e1ndano infusionada con Lime Romance para un perfil de bayas picantes y herb\u00e1ceas.<\/li>\n\n\n\n<li><strong>El huerto refrigerado (Mix 1+3):<\/strong> Una doble fusi\u00f3n helada de sand\u00eda cl\u00e1sica y manzana Fuji crujiente.<\/li>\n\n\n\n<li><strong>El Romance \u00c1rtico Definitivo (Mix 1+2+3+4):<\/strong> Las cuatro c\u00e1maras se abren para ofrecer una compleja sinfon\u00eda bot\u00e1nica y frutal 15 en 1.<\/li>\n<\/ul>\n\n\n\n<h2 class=\"wp-block-heading\">\ud83e\uddec Enfoque sensorial: Saturaci\u00f3n de sabores de nueva generaci\u00f3n<\/h2>\n\n\n\n<p>Usando <strong>B\u00fasqueda de palabras clave para vapes<\/strong> sensaciones espec\u00edficas del usuario, nos centramos en la <strong>L\u00edder Bnag 450000<\/strong>\u2019s 1.2\u03a9 rendimiento de malla y <strong>Optimizaci\u00f3n de URL y arquitectura del sitio<\/strong>.<\/p>\n\n\n\n<ul class=\"wp-block-list\">\n<li><strong>La inhalaci\u00f3n:<\/strong> Golpea con un \u201ccrujido\u201d inmediato y agudo de la manzana Fuji, seguido de un ligero impulso bot\u00e1nico de la menta con ar\u00e1ndanos.<\/li>\n\n\n\n<li><strong>La secci\u00f3n media:<\/strong> El Watermelon Ice proporciona una sensaci\u00f3n en boca \u201ch\u00fameda\u201d e hidratante que equilibra el sabor c\u00edtrico del Lime Romance.<\/li>\n\n\n\n<li><strong>El regusto:<\/strong> Limpio y floral. El Lime Romance deja un sofisticado rastro c\u00edtrico perfumado que asegura la <strong>450.000 puff<\/strong> viaje nunca se siente empalagoso.<\/li>\n<\/ul>\n\n\n\n<hr class=\"wp-block-separator has-alpha-channel-opacity\"\/>\n\n\n\n<h2 class=\"wp-block-heading\">\u2753 Optimizaci\u00f3n de FAQ y Rich Snippet<\/h2>\n\n\n\n<p><strong>P: \u00bfEl sabor \u201cLime Romance\u201d del Pod 7 es muy \u00e1cido?<\/strong> <\/p>\n\n\n\n<p><strong>A:<\/strong> No. <strong>Romance con lima<\/strong> est\u00e1 concebida como un perfil c\u00edtrico arom\u00e1tico y picante, m\u00e1s que como una agria afilada. Act\u00faa como potenciador floral en la <strong>Sabores 15 en 1<\/strong> sistema.<\/p>\n\n\n\n<p><strong>P: \u00bfEs compatible el Bnag Leader 450k con la persecuci\u00f3n en la nube de varios sabores?<\/strong><\/p>\n\n\n\n<p><strong>A:<\/strong> S\u00ed. <strong>All-Mix<\/strong> en el <strong>450k vape<\/strong>, la bobina de malla de 1,2\u03a9 atomiza los cuatro l\u00edquidos simult\u00e1neamente para obtener la m\u00e1xima densidad de nube y complejidad de sabor.<\/p>\n\n\n\n<p><strong>P: \u00bfEst\u00e1 Pod 7 disponible para la venta al por mayor B2B internacional?<\/strong> <\/p>\n\n\n\n<p><strong>A:<\/strong> S\u00ed. Proporcionamos <strong>Marketing digital para tiendas de vapeo<\/strong> asistencia y envases al por mayor (paquete de 10) para distribuidores de todo el mundo.<\/p>\n\n\n\n<h2 class=\"wp-block-heading\">\ud83d\udd0d Explora m\u00e1s experiencias sensoriales 15 en 1<\/h2>\n\n\n\n<p>Si disfrut\u00f3 con la compleja tecnolog\u00eda h\u00edbrida del <strong>L\u00edder Bnag 450000<\/strong>, Descubra estas alternativas dise\u00f1adas para superar los l\u00edmites de la tecnolog\u00eda. <strong>450k vape<\/strong> revoluci\u00f3n.<\/p>\n\n\n\n<p>1.<a href=\"https:\/\/vozolvapen.de\/es\/product\/bnag-leader-450k-pod-1-watermelon-cherry-mango\/\">Estaci\u00f3n Tropical Red &amp; Mango<\/a><br>2.<a href=\"https:\/\/vozolvapen.de\/es\/product\/bnag-leader-450k-pod-2-cola-ice-energy-drink\/\">Refrescos y chispas energ\u00e9ticas<\/a><br>3.<a href=\"https:\/\/vozolvapen.de\/es\/product\/bnag-leader-450k-pod-3-watermelon-ice-red-bull\/\">El revitalizante helado<\/a><br>4.<a href=\"https:\/\/vozolvapen.de\/es\/product\/bnag-leader-450k-pod-4-pineapple-coconut-mango-peach\/\">Crema de islas ex\u00f3ticas<\/a><br>5.<a href=\"https:\/\/vozolvapen.de\/es\/product\/bnag-leader-450k-pod-5-energy-drink-blueberry-watermelon-gummy-bear\/\">Caramelo \u00e1cido Energ\u00eda<\/a><br>6.<a href=\"https:\/\/vozolvapen.de\/es\/product\/bnag-leader-450k-pod-6-strawberry-watermelon-kiwi-guava\/\">Antolog\u00eda del huerto de verano<\/a><br>8.<a href=\"https:\/\/vozolvapen.de\/es\/product\/bnag-leader-450k-pod-8-peach-ice-blueberry-ice-rainbow-candy-lemon-sour-orange\/\">Ralladura de caramelo arco iris<\/a><br>9.<a href=\"https:\/\/vozolvapen.de\/es\/product\/bnag-leader-450k-pod-9-blueberry-ice-peach-mango-watermelon-passion-kiss-melon-apple\/\">Beso de mel\u00f3n pasi\u00f3n<\/a><br>10.<a href=\"https:\/\/vozolvapen.de\/es\/product\/bnag-leader-450k-pod-10-watermelon-ice-blueberry-cherry-sour-mango-pineapple\/\">Pi\u00f1a \u00e1cida de verano<\/a><br>11.<a href=\"https:\/\/vozolvapen.de\/es\/product\/bnag-leader-450k-pod-11-california-cherry-passion-fruit-mango-berry-mix\/\">Cosecha de bayas en California<\/a><br>12.<a href=\"https:\/\/vozolvapen.de\/es\/product\/bnag-leader-450k-pod-12-love66-red-mojito-strawberry-mango\/\">Love &amp; Mojito Lounge<\/a><\/p>","protected":false},"excerpt":{"rendered":"<p data-path-to-node=\"9\">La sofisticaci\u00f3n se une al refresco bajo cero. <b data-path-to-node=\"9\" data-index-in-node=\"80\">Pod 7<\/b> combina el crujiente hielo de manzana Fuji con la arom\u00e1tica ralladura de lima Romance y menta de ar\u00e1ndanos. Un sabor limpio y bot\u00e1nico <b data-path-to-node=\"9\" data-index-in-node=\"201\">450k vape<\/b> dise\u00f1ado para un viaje refinado y no empalagoso de 450.000 caladas.<\/p>","protected":false},"featured_media":70819,"comment_status":"open","ping_status":"closed","template":"","meta":{"_acf_changed":false},"product_brand":[],"product_cat":[171],"product_tag":[],"class_list":{"0":"post-70421","1":"product","2":"type-product","3":"status-publish","4":"has-post-thumbnail","6":"product_cat-puff-450k-bang-leader-450k-15-in-1","8":"first","9":"instock","10":"shipping-taxable","11":"purchasable","12":"product-type-variable"},"acf":[],"yoast_head":"<!-- This site is optimized with the Yoast SEO Premium plugin v26.1 (Yoast SEO v27.5) - https:\/\/yoast.com\/product\/yoast-seo-premium-wordpress\/ -->\n<title>Bnag Leader 450k Pod 7 | 450,000 Puffs Fuji Apple &amp; Lime 15-in-1<\/title>\n<meta name=\"description\" content=\"Refresh with Bnag Leader 450k Pod 7. 450,000 puffs of Fuji Apple Ice, Blueberry Mint, and Lime Romance. Discover the ultimate 15-in-1 chilled hybrid vape.\" \/>\n<meta name=\"robots\" content=\"index, follow, max-snippet:-1, max-image-preview:large, max-video-preview:-1\" \/>\n<link rel=\"canonical\" href=\"https:\/\/vozolvapen.de\/es\/product\/bnag-leader-450k-pod-7-fuji-apple-ice-blueberry-mint-lime-romance\/\" \/>\n<meta property=\"og:locale\" content=\"es_ES\" \/>\n<meta property=\"og:type\" content=\"article\" \/>\n<meta property=\"og:title\" content=\"Bnag Leader 450k - Pod 7: Fuji Apple Ice &amp; Lime Romance 15-in-1 Hub\" \/>\n<meta property=\"og:description\" content=\"Refresh with Bnag Leader 450k Pod 7. 450,000 puffs of Fuji Apple Ice, Blueberry Mint, and Lime Romance. Discover the ultimate 15-in-1 chilled hybrid vape.\" \/>\n<meta property=\"og:url\" content=\"https:\/\/vozolvapen.de\/es\/product\/bnag-leader-450k-pod-7-fuji-apple-ice-blueberry-mint-lime-romance\/\" \/>\n<meta property=\"og:site_name\" content=\"vozolvapen\" \/>\n<meta property=\"article:modified_time\" content=\"2026-05-12T09:42:56+00:00\" \/>\n<meta property=\"og:image\" content=\"https:\/\/vozolvapen.de\/wp-content\/uploads\/2026\/05\/450k-puffs-Bnag-Leader-450k-Fuji-Romance-Mint.webp\" \/>\n\t<meta property=\"og:image:width\" content=\"768\" \/>\n\t<meta property=\"og:image:height\" content=\"768\" \/>\n\t<meta property=\"og:image:type\" content=\"image\/webp\" \/>\n<meta name=\"twitter:card\" content=\"summary_large_image\" \/>\n<meta name=\"twitter:label1\" content=\"Tiempo de lectura\" \/>\n\t<meta name=\"twitter:data1\" content=\"3 minutos\" \/>\n<script type=\"application\/ld+json\" class=\"yoast-schema-graph\">{\"@context\":\"https:\\\/\\\/schema.org\",\"@graph\":[{\"@type\":\"WebPage\",\"@id\":\"https:\\\/\\\/vozolvapen.de\\\/product\\\/bnag-leader-450k-pod-7-fuji-apple-ice-blueberry-mint-lime-romance\\\/\",\"url\":\"https:\\\/\\\/vozolvapen.de\\\/product\\\/bnag-leader-450k-pod-7-fuji-apple-ice-blueberry-mint-lime-romance\\\/\",\"name\":\"Bnag Leader 450k Pod 7 | 450,000 Puffs Fuji Apple & Lime 15-in-1\",\"isPartOf\":{\"@id\":\"https:\\\/\\\/vozolvapen.de\\\/#website\"},\"primaryImageOfPage\":{\"@id\":\"https:\\\/\\\/vozolvapen.de\\\/product\\\/bnag-leader-450k-pod-7-fuji-apple-ice-blueberry-mint-lime-romance\\\/#primaryimage\"},\"image\":{\"@id\":\"https:\\\/\\\/vozolvapen.de\\\/product\\\/bnag-leader-450k-pod-7-fuji-apple-ice-blueberry-mint-lime-romance\\\/#primaryimage\"},\"thumbnailUrl\":\"https:\\\/\\\/vozolvapen.de\\\/wp-content\\\/uploads\\\/2026\\\/05\\\/450k-puffs-Bnag-Leader-450k-Fuji-Romance-Mint.webp\",\"datePublished\":\"2026-05-12T09:01:59+00:00\",\"dateModified\":\"2026-05-12T09:42:56+00:00\",\"description\":\"Refresh with Bnag Leader 450k Pod 7. 450,000 puffs of Fuji Apple Ice, Blueberry Mint, and Lime Romance. Discover the ultimate 15-in-1 chilled hybrid vape.\",\"breadcrumb\":{\"@id\":\"https:\\\/\\\/vozolvapen.de\\\/product\\\/bnag-leader-450k-pod-7-fuji-apple-ice-blueberry-mint-lime-romance\\\/#breadcrumb\"},\"inLanguage\":\"es\",\"potentialAction\":[{\"@type\":\"ReadAction\",\"target\":[\"https:\\\/\\\/vozolvapen.de\\\/product\\\/bnag-leader-450k-pod-7-fuji-apple-ice-blueberry-mint-lime-romance\\\/\"]}]},{\"@type\":\"ImageObject\",\"inLanguage\":\"es\",\"@id\":\"https:\\\/\\\/vozolvapen.de\\\/product\\\/bnag-leader-450k-pod-7-fuji-apple-ice-blueberry-mint-lime-romance\\\/#primaryimage\",\"url\":\"https:\\\/\\\/vozolvapen.de\\\/wp-content\\\/uploads\\\/2026\\\/05\\\/450k-puffs-Bnag-Leader-450k-Fuji-Romance-Mint.webp\",\"contentUrl\":\"https:\\\/\\\/vozolvapen.de\\\/wp-content\\\/uploads\\\/2026\\\/05\\\/450k-puffs-Bnag-Leader-450k-Fuji-Romance-Mint.webp\",\"width\":768,\"height\":768,\"caption\":\"450k Puffs Bnag Leader Fuji Romance Mint Disposable Vape Device\"},{\"@type\":\"BreadcrumbList\",\"@id\":\"https:\\\/\\\/vozolvapen.de\\\/product\\\/bnag-leader-450k-pod-7-fuji-apple-ice-blueberry-mint-lime-romance\\\/#breadcrumb\",\"itemListElement\":[{\"@type\":\"ListItem\",\"position\":1,\"name\":\"Home\",\"item\":\"https:\\\/\\\/vozolvapen.de\\\/de\\\/\"},{\"@type\":\"ListItem\",\"position\":2,\"name\":\"Shop\",\"item\":\"https:\\\/\\\/vozolvapen.de\\\/shop\\\/\"},{\"@type\":\"ListItem\",\"position\":3,\"name\":\"Bnag Leader 450k &#8211; Pod 7: Fuji Apple Ice &amp; Lime Romance 15-in-1 Hub\"}]},{\"@type\":\"WebSite\",\"@id\":\"https:\\\/\\\/vozolvapen.de\\\/#website\",\"url\":\"https:\\\/\\\/vozolvapen.de\\\/\",\"name\":\"vozolvapen\",\"description\":\"vozolvapen\",\"publisher\":{\"@id\":\"https:\\\/\\\/vozolvapen.de\\\/#organization\"},\"potentialAction\":[{\"@type\":\"SearchAction\",\"target\":{\"@type\":\"EntryPoint\",\"urlTemplate\":\"https:\\\/\\\/vozolvapen.de\\\/?s={search_term_string}\"},\"query-input\":{\"@type\":\"PropertyValueSpecification\",\"valueRequired\":true,\"valueName\":\"search_term_string\"}}],\"inLanguage\":\"es\"},{\"@type\":\"Organization\",\"@id\":\"https:\\\/\\\/vozolvapen.de\\\/#organization\",\"name\":\"vozolvapen\",\"url\":\"https:\\\/\\\/vozolvapen.de\\\/\",\"logo\":{\"@type\":\"ImageObject\",\"inLanguage\":\"es\",\"@id\":\"https:\\\/\\\/vozolvapen.de\\\/#\\\/schema\\\/logo\\\/image\\\/\",\"url\":\"https:\\\/\\\/vozolvapen.de\\\/wp-content\\\/uploads\\\/2025\\\/12\\\/cropped-vozovapen-logo.webp\",\"contentUrl\":\"https:\\\/\\\/vozolvapen.de\\\/wp-content\\\/uploads\\\/2025\\\/12\\\/cropped-vozovapen-logo.webp\",\"width\":470,\"height\":110,\"caption\":\"vozolvapen\"},\"image\":{\"@id\":\"https:\\\/\\\/vozolvapen.de\\\/#\\\/schema\\\/logo\\\/image\\\/\"}}]}<\/script>\n<!-- \/ Yoast SEO Premium plugin. -->","yoast_head_json":{"title":"Bnag Leader 450k Pod 7 | 450.000 Puffs Fuji Manzana &amp; Lima 15 en 1","description":"Refr\u00e9scate con Bnag Leader 450k Pod 7. 450.000 caladas de Fuji Apple Ice, Blueberry Mint y Lime Romance. Descubre el vapeador h\u00edbrido refrigerado 15 en 1 definitivo.","robots":{"index":"index","follow":"follow","max-snippet":"max-snippet:-1","max-image-preview":"max-image-preview:large","max-video-preview":"max-video-preview:-1"},"canonical":"https:\/\/vozolvapen.de\/es\/product\/bnag-leader-450k-pod-7-fuji-apple-ice-blueberry-mint-lime-romance\/","og_locale":"es_ES","og_type":"article","og_title":"Bnag Leader 450k - Pod 7: Fuji Apple Ice &amp; Lime Romance 15-in-1 Hub","og_description":"Refresh with Bnag Leader 450k Pod 7. 450,000 puffs of Fuji Apple Ice, Blueberry Mint, and Lime Romance. Discover the ultimate 15-in-1 chilled hybrid vape.","og_url":"https:\/\/vozolvapen.de\/es\/product\/bnag-leader-450k-pod-7-fuji-apple-ice-blueberry-mint-lime-romance\/","og_site_name":"vozolvapen","article_modified_time":"2026-05-12T09:42:56+00:00","og_image":[{"width":768,"height":768,"url":"https:\/\/vozolvapen.de\/wp-content\/uploads\/2026\/05\/450k-puffs-Bnag-Leader-450k-Fuji-Romance-Mint.webp","type":"image\/webp"}],"twitter_card":"summary_large_image","twitter_misc":{"Tiempo de lectura":"3 minutos"},"schema":{"@context":"https:\/\/schema.org","@graph":[{"@type":"WebPage","@id":"https:\/\/vozolvapen.de\/product\/bnag-leader-450k-pod-7-fuji-apple-ice-blueberry-mint-lime-romance\/","url":"https:\/\/vozolvapen.de\/product\/bnag-leader-450k-pod-7-fuji-apple-ice-blueberry-mint-lime-romance\/","name":"Bnag Leader 450k Pod 7 | 450.000 Puffs Fuji Manzana &amp; Lima 15 en 1","isPartOf":{"@id":"https:\/\/vozolvapen.de\/#website"},"primaryImageOfPage":{"@id":"https:\/\/vozolvapen.de\/product\/bnag-leader-450k-pod-7-fuji-apple-ice-blueberry-mint-lime-romance\/#primaryimage"},"image":{"@id":"https:\/\/vozolvapen.de\/product\/bnag-leader-450k-pod-7-fuji-apple-ice-blueberry-mint-lime-romance\/#primaryimage"},"thumbnailUrl":"https:\/\/vozolvapen.de\/wp-content\/uploads\/2026\/05\/450k-puffs-Bnag-Leader-450k-Fuji-Romance-Mint.webp","datePublished":"2026-05-12T09:01:59+00:00","dateModified":"2026-05-12T09:42:56+00:00","description":"Refr\u00e9scate con Bnag Leader 450k Pod 7. 450.000 caladas de Fuji Apple Ice, Blueberry Mint y Lime Romance. Descubre el vapeador h\u00edbrido refrigerado 15 en 1 definitivo.","breadcrumb":{"@id":"https:\/\/vozolvapen.de\/product\/bnag-leader-450k-pod-7-fuji-apple-ice-blueberry-mint-lime-romance\/#breadcrumb"},"inLanguage":"es","potentialAction":[{"@type":"ReadAction","target":["https:\/\/vozolvapen.de\/product\/bnag-leader-450k-pod-7-fuji-apple-ice-blueberry-mint-lime-romance\/"]}]},{"@type":"ImageObject","inLanguage":"es","@id":"https:\/\/vozolvapen.de\/product\/bnag-leader-450k-pod-7-fuji-apple-ice-blueberry-mint-lime-romance\/#primaryimage","url":"https:\/\/vozolvapen.de\/wp-content\/uploads\/2026\/05\/450k-puffs-Bnag-Leader-450k-Fuji-Romance-Mint.webp","contentUrl":"https:\/\/vozolvapen.de\/wp-content\/uploads\/2026\/05\/450k-puffs-Bnag-Leader-450k-Fuji-Romance-Mint.webp","width":768,"height":768,"caption":"450k Puffs Bnag Leader Fuji Romance Mint Disposable Vape Device"},{"@type":"BreadcrumbList","@id":"https:\/\/vozolvapen.de\/product\/bnag-leader-450k-pod-7-fuji-apple-ice-blueberry-mint-lime-romance\/#breadcrumb","itemListElement":[{"@type":"ListItem","position":1,"name":"Home","item":"https:\/\/vozolvapen.de\/de\/"},{"@type":"ListItem","position":2,"name":"Shop","item":"https:\/\/vozolvapen.de\/shop\/"},{"@type":"ListItem","position":3,"name":"Bnag Leader 450k &#8211; Pod 7: Fuji Apple Ice &amp; Lime Romance 15-in-1 Hub"}]},{"@type":"WebSite","@id":"https:\/\/vozolvapen.de\/#website","url":"https:\/\/vozolvapen.de\/","name":"vozolvapen","description":"vozolvapen","publisher":{"@id":"https:\/\/vozolvapen.de\/#organization"},"potentialAction":[{"@type":"SearchAction","target":{"@type":"EntryPoint","urlTemplate":"https:\/\/vozolvapen.de\/?s={search_term_string}"},"query-input":{"@type":"PropertyValueSpecification","valueRequired":true,"valueName":"search_term_string"}}],"inLanguage":"es"},{"@type":"Organization","@id":"https:\/\/vozolvapen.de\/#organization","name":"vozolvapen","url":"https:\/\/vozolvapen.de\/","logo":{"@type":"ImageObject","inLanguage":"es","@id":"https:\/\/vozolvapen.de\/#\/schema\/logo\/image\/","url":"https:\/\/vozolvapen.de\/wp-content\/uploads\/2025\/12\/cropped-vozovapen-logo.webp","contentUrl":"https:\/\/vozolvapen.de\/wp-content\/uploads\/2025\/12\/cropped-vozovapen-logo.webp","width":470,"height":110,"caption":"vozolvapen"},"image":{"@id":"https:\/\/vozolvapen.de\/#\/schema\/logo\/image\/"}}]}},"tiered_pricing_type":"fixed","tiered_pricing_fixed_rules":{"30":"14.5","50":"12.5","100":"12.5","200":"11.5"},"tiered_pricing_product_settings":{"layout":"default","base_unit_name":{"singular":null,"plural":null},"default_variation":null},"tiered_pricing_minimum_quantity":10,"tiered_pricing_roles_data":[],"tiered_pricing_percentage_rules":[],"tiered_pricing_maximum_quantity":null,"tiered_pricing_quantity_step":"10","_links":{"self":[{"href":"https:\/\/vozolvapen.de\/es\/wp-json\/wp\/v2\/product\/70421","targetHints":{"allow":["GET"]}}],"collection":[{"href":"https:\/\/vozolvapen.de\/es\/wp-json\/wp\/v2\/product"}],"about":[{"href":"https:\/\/vozolvapen.de\/es\/wp-json\/wp\/v2\/types\/product"}],"replies":[{"embeddable":true,"href":"https:\/\/vozolvapen.de\/es\/wp-json\/wp\/v2\/comments?post=70421"}],"wp:featuredmedia":[{"embeddable":true,"href":"https:\/\/vozolvapen.de\/es\/wp-json\/wp\/v2\/media\/70819"}],"wp:attachment":[{"href":"https:\/\/vozolvapen.de\/es\/wp-json\/wp\/v2\/media?parent=70421"}],"wp:term":[{"taxonomy":"product_brand","embeddable":true,"href":"https:\/\/vozolvapen.de\/es\/wp-json\/wp\/v2\/product_brand?post=70421"},{"taxonomy":"product_cat","embeddable":true,"href":"https:\/\/vozolvapen.de\/es\/wp-json\/wp\/v2\/product_cat?post=70421"},{"taxonomy":"product_tag","embeddable":true,"href":"https:\/\/vozolvapen.de\/es\/wp-json\/wp\/v2\/product_tag?post=70421"}],"curies":[{"name":"wp","href":"https:\/\/api.w.org\/{rel}","templated":true}]}}