{"id":70619,"date":"2026-05-12T09:02:13","date_gmt":"2026-05-12T09:02:13","guid":{"rendered":"https:\/\/vozolvapen.de\/?post_type=product&#038;p=70619"},"modified":"2026-05-12T09:42:34","modified_gmt":"2026-05-12T09:42:34","slug":"bnag-leader-450k-pod-10-watermelon-ice-blueberry-cherry-sour-mango-pineapple","status":"publish","type":"product","link":"https:\/\/vozolvapen.de\/es\/product\/bnag-leader-450k-pod-10-watermelon-ice-blueberry-cherry-sour-mango-pineapple\/","title":{"rendered":"Bnag Leader 450k - Pod 10: Summer Time &amp; Sour Mango 15-in-1 Hub"},"content":{"rendered":"<p>El <strong>L\u00edder Bnag 450k<\/strong> (Bnag Leader 450000) es el pin\u00e1culo del <strong>Marketing digital para tiendas de vapeo<\/strong> e ingenier\u00eda de precisi\u00f3n. <strong>Pod 10<\/strong> es una colecci\u00f3n de alto octanaje concebida para los entusiastas del \u201cZesty &amp; Refreshing\u201d, que combina la acidez tropical con jugosos cl\u00e1sicos veraniegos. Como buque insignia <strong>450k vape<\/strong>, y cuenta con nuestro sistema mec\u00e1nico patentado <strong>Sabor 15 en 1<\/strong> interruptor h\u00edbrido, lo que le permite navegar por 450.000 bocanadas de sabor de alta definici\u00f3n con precisi\u00f3n quir\u00fargica y <strong>Optimizaci\u00f3n de URL y arquitectura del sitio<\/strong>.<\/p>\n\n\n\n<h2 class=\"wp-block-heading\" id=\"h-technical-parameters-amp-performance\"><strong>Par\u00e1metros t\u00e9cnicos y rendimiento:<\/strong><\/h2>\n\n\n\n<ul class=\"wp-block-list\">\n<li><strong>Capacidad de soplado:<\/strong> Hasta 450.000 Puffs (Valor de mercado inigualable)<\/li>\n\n\n\n<li><strong>L\u00f3gica del sabor:<\/strong> Sistema h\u00edbrido mec\u00e1nico 15 en 1<\/li>\n\n\n\n<li><strong>Hardware:<\/strong> Bobina de malla avanzada 1.2\u03a9 | Bater\u00eda de cobalto 850mAh<\/li>\n\n\n\n<li><strong>Carga:<\/strong> Interfaz recargable Type-C de alta velocidad<\/li>\n\n\n\n<li><strong>Precisi\u00f3n de nicotina:<\/strong> 0% | 2% | 3% | 5% Fuerza de Nicotina Salada<\/li>\n<\/ul>\n\n\n\n<h2 class=\"wp-block-heading\">\ud83c\udfa8 El Mazo de Sabores 15 en 1 \u201cRalladura de Verano\u201d (Pod 10)<\/h2>\n\n\n\n<p>\u00bfPor qu\u00e9 conformarse con una estaci\u00f3n cuando se puede celebrar un festival de verano? <strong>Pod 10<\/strong> incluye cuatro l\u00edquidos base de alta definici\u00f3n. Utiliza la palanca h\u00edbrida para disfrutarlos puros o crea 11 combinaciones \u201cSour-Tropical\u201d \u00fanicas.<\/p>\n\n\n\n<h3 class=\"wp-block-heading\"><strong>Los 4 componentes b\u00e1sicos de la vitalidad:<\/strong><\/h3>\n\n\n\n<ol start=\"1\" class=\"wp-block-list\">\n<li><strong>Helado de sand\u00eda:<\/strong> Una base hidratante helada para una base de maquillaje suave y fr\u00eda.<\/li>\n\n\n\n<li><strong>Ar\u00e1ndano y cereza:<\/strong> Una fusi\u00f3n profunda y confitada de bayas del bosque y dulzor de fruta de hueso.<\/li>\n\n\n\n<li><strong>Horario de verano:<\/strong> Una mezcla patentada de c\u00edtricos soleados y ligeras notas tropicales.<\/li>\n\n\n\n<li><strong>Mango \u00e1cido y pi\u00f1a:<\/strong> Un d\u00fao tropical de alta intensidad que proporciona un \u201czing\u201d agudo y \u00e1cido.\u201d<\/li>\n<\/ol>\n\n\n\n<h3 class=\"wp-block-heading\"><strong>Mezclas h\u00edbridas de autor:<\/strong><\/h3>\n\n\n\n<ul class=\"wp-block-list\">\n<li><strong>El Fruncido Tropical (Mezcla 3+4):<\/strong> Summer Time se une a Sour Mango Pineapple para una explosi\u00f3n tropical \u00e1cida y brillante.<\/li>\n\n\n\n<li><strong>Icy Berry Refresh (Mezcla 1+2):<\/strong> Hielo de sand\u00eda infusionado con el profundo dulzor del ar\u00e1ndano y la cereza.<\/li>\n\n\n\n<li><strong>Zesty Summer Frost (Mezcla 1+3):<\/strong> Sand\u00eda fr\u00eda equilibrada con las vibrantes notas c\u00edtricas de Summer Time.<\/li>\n\n\n\n<li><strong>The Ultimate Summer Mix (Mix 1+2+3+4):<\/strong> Las cuatro c\u00e1maras se abren para ofrecer una compleja sinfon\u00eda de frutas \u00e1cidas 15 en 1.<\/li>\n<\/ul>\n\n\n\n<h2 class=\"wp-block-heading\">\ud83e\uddec Enfoque sensorial: Saturaci\u00f3n de sabores de nueva generaci\u00f3n<\/h2>\n\n\n\n<p>Usando <strong>B\u00fasqueda de palabras clave para vapes<\/strong> sensaciones espec\u00edficas del usuario, nos centramos en la <strong>L\u00edder Bnag 450000<\/strong>\u2019s 1.2\u03a9 rendimiento de malla y <strong>Optimizaci\u00f3n de la estructura de contenidos<\/strong>.<\/p>\n\n\n\n<ul class=\"wp-block-list\">\n<li><strong>La inhalaci\u00f3n:<\/strong> Golpea con un inmediato y \u00e1cido \u201cpucker\u201d del Sour Mango Pineapple, seguido de las notas brillantes y ventosas de Summer Time.<\/li>\n\n\n\n<li><strong>La secci\u00f3n media:<\/strong> La Sand\u00eda Helada proporciona una sensaci\u00f3n en boca \u201ch\u00fameda\u201d e hidratante que equilibra la acidez punzante de la fruta tropical.<\/li>\n\n\n\n<li><strong>El regusto:<\/strong> Limpio y persistente. El Blueberry Cherry deja un sofisticado rastro de fruta oscura que asegura la <strong>450.000 puff<\/strong> viaje sigue siendo emocionante y equilibrado.<\/li>\n<\/ul>\n\n\n\n<h2 class=\"wp-block-heading\">\u2753 Optimizaci\u00f3n de FAQ y Rich Snippet<\/h2>\n\n\n\n<p><strong>P: \u00bfHasta qu\u00e9 punto es \u201c\u00e1cida\u201d la pi\u00f1a de mango \u00e1cida de la c\u00e1psula 10?<\/strong><\/p>\n\n\n\n<p> <strong>A:<\/strong> Est\u00e1 dise\u00f1ado para ser \u00e1cido y picante, estimulando el paladar sin resultar abrumador. Act\u00faa como un perfecto \u201cabrillantador del sabor\u201d en el <strong>Sabores 15 en 1<\/strong> sistema.<\/p>\n\n\n\n<p><strong>P: \u00bfNecesita mantenimiento el Bnag Leader 450k?<\/strong> <\/p>\n\n\n\n<p><strong>A:<\/strong> No. Se trata de un sistema totalmente desechable. Simplemente recargue la bater\u00eda de 850mAh a trav\u00e9s de <strong>Tipo C<\/strong> para garantizar que la bobina de malla de 1,2\u03a9 atomice el e-l\u00edquido de forma eficiente hasta alcanzar el <strong>450k vape<\/strong> l\u00edmite.<\/p>\n\n\n\n<p><strong>P: \u00bfEst\u00e1 Pod 10 disponible para la venta al por mayor B2B?<\/strong> <\/p>\n\n\n\n<p><strong>A:<\/strong> S\u00ed. Ofrecemos servicios especializados <strong>SEO para sitios de cigarrillos electr\u00f3nicos<\/strong> apoyo y envasado al por mayor (paquete de 10 unidades) para los distribuidores mundiales que deseen captar el mercado estival.<\/p>\n\n\n\n<h2 class=\"wp-block-heading\">\ud83d\udd0d Explora m\u00e1s experiencias sensoriales 15 en 1<\/h2>\n\n\n\n<p>Si disfrut\u00f3 con la compleja tecnolog\u00eda h\u00edbrida del <strong>L\u00edder Bnag 450000<\/strong>, Descubra estas alternativas dise\u00f1adas para superar los l\u00edmites de la tecnolog\u00eda. <strong>450k vape<\/strong> revoluci\u00f3n.<\/p>\n\n\n\n<p>1.<a href=\"https:\/\/vozolvapen.de\/es\/product\/bnag-leader-450k-pod-1-watermelon-cherry-mango\/\">Estaci\u00f3n Tropical Red &amp; Mango<\/a><br>2.<a href=\"https:\/\/vozolvapen.de\/es\/product\/bnag-leader-450k-pod-2-cola-ice-energy-drink\/\">Refrescos y chispas energ\u00e9ticas<\/a><br>3.<a href=\"https:\/\/vozolvapen.de\/es\/product\/bnag-leader-450k-pod-3-watermelon-ice-red-bull\/\">El revitalizante helado<\/a><br>4.<a href=\"https:\/\/vozolvapen.de\/es\/product\/bnag-leader-450k-pod-4-pineapple-coconut-mango-peach\/\">Crema de islas ex\u00f3ticas<\/a><br>5.<a href=\"https:\/\/vozolvapen.de\/es\/product\/bnag-leader-450k-pod-5-energy-drink-blueberry-watermelon-gummy-bear\/\">Caramelo \u00e1cido Energ\u00eda<\/a><br>6.<a href=\"https:\/\/vozolvapen.de\/es\/product\/bnag-leader-450k-pod-6-strawberry-watermelon-kiwi-guava\/\">Antolog\u00eda del huerto de verano<\/a><br>7.<a href=\"https:\/\/vozolvapen.de\/es\/product\/bnag-leader-450k-pod-7-fuji-apple-ice-blueberry-mint-lime-romance\/\">Fuji Romance &amp; Menta<\/a><br>8.<a href=\"https:\/\/vozolvapen.de\/es\/product\/bnag-leader-450k-pod-8-peach-ice-blueberry-ice-rainbow-candy-lemon-sour-orange\/\">Ralladura de caramelo arco iris<\/a><br>9.<a href=\"https:\/\/vozolvapen.de\/es\/product\/bnag-leader-450k-pod-9-blueberry-ice-peach-mango-watermelon-passion-kiss-melon-apple\/\">Beso de mel\u00f3n pasi\u00f3n<\/a><br>11.<a href=\"https:\/\/vozolvapen.de\/es\/product\/bnag-leader-450k-pod-11-california-cherry-passion-fruit-mango-berry-mix\/\">Cosecha de bayas en California<\/a><br>12.<a href=\"https:\/\/vozolvapen.de\/es\/product\/bnag-leader-450k-pod-12-love66-red-mojito-strawberry-mango\/\">Love &amp; Mojito Lounge<\/a><\/p>","protected":false},"excerpt":{"rendered":"<p data-path-to-node=\"12\">Lo \u00faltimo en sabor veraniego. Con Sour Mango Pineapple de alta acidez y la mezcla patentada de c\u00edtricos \u201cSummer Time\u201d. Este <b data-path-to-node=\"12\" data-index-in-node=\"166\">450k puff<\/b> utiliza el cambio de sabor dual para mantener tu paladar fresco durante los ciclos de vapeo m\u00e1s largos.<\/p>","protected":false},"featured_media":70826,"comment_status":"open","ping_status":"closed","template":"","meta":{"_acf_changed":false},"product_brand":[],"product_cat":[171],"product_tag":[],"class_list":{"0":"post-70619","1":"product","2":"type-product","3":"status-publish","4":"has-post-thumbnail","6":"product_cat-puff-450k-bang-leader-450k-15-in-1","8":"first","9":"instock","10":"shipping-taxable","11":"purchasable","12":"product-type-variable"},"acf":[],"yoast_head":"<!-- This site is optimized with the Yoast SEO Premium plugin v26.1 (Yoast SEO v27.5) - https:\/\/yoast.com\/product\/yoast-seo-premium-wordpress\/ -->\n<title>Bnag Leader 450k Pod 10 | 450k Puffs Sour Mango Pineapple 15-in-1<\/title>\n<meta name=\"description\" content=\"Experience 450,000 puffs of Bnag Leader 450k Pod 10. Featuring Sour Mango Pineapple, Summer Time, and Watermelon Ice in a revolutionary 15-in-1 hybrid vape.\" \/>\n<meta name=\"robots\" content=\"index, follow, max-snippet:-1, max-image-preview:large, max-video-preview:-1\" \/>\n<link rel=\"canonical\" href=\"https:\/\/vozolvapen.de\/es\/product\/bnag-leader-450k-pod-10-watermelon-ice-blueberry-cherry-sour-mango-pineapple\/\" \/>\n<meta property=\"og:locale\" content=\"es_ES\" \/>\n<meta property=\"og:type\" content=\"article\" \/>\n<meta property=\"og:title\" content=\"Bnag Leader 450k - Pod 10: Summer Time &amp; Sour Mango 15-in-1 Hub\" \/>\n<meta property=\"og:description\" content=\"Experience 450,000 puffs of Bnag Leader 450k Pod 10. Featuring Sour Mango Pineapple, Summer Time, and Watermelon Ice in a revolutionary 15-in-1 hybrid vape.\" \/>\n<meta property=\"og:url\" content=\"https:\/\/vozolvapen.de\/es\/product\/bnag-leader-450k-pod-10-watermelon-ice-blueberry-cherry-sour-mango-pineapple\/\" \/>\n<meta property=\"og:site_name\" content=\"vozolvapen\" \/>\n<meta property=\"article:modified_time\" content=\"2026-05-12T09:42:34+00:00\" \/>\n<meta property=\"og:image\" content=\"https:\/\/vozolvapen.de\/wp-content\/uploads\/2026\/05\/450k-puffs-Bnag-Leader-450k-Summer-Sour-Pineapple.webp\" \/>\n\t<meta property=\"og:image:width\" content=\"768\" \/>\n\t<meta property=\"og:image:height\" content=\"768\" \/>\n\t<meta property=\"og:image:type\" content=\"image\/webp\" \/>\n<meta name=\"twitter:card\" content=\"summary_large_image\" \/>\n<meta name=\"twitter:label1\" content=\"Tiempo de lectura\" \/>\n\t<meta name=\"twitter:data1\" content=\"3 minutos\" \/>\n<script type=\"application\/ld+json\" class=\"yoast-schema-graph\">{\"@context\":\"https:\\\/\\\/schema.org\",\"@graph\":[{\"@type\":\"WebPage\",\"@id\":\"https:\\\/\\\/vozolvapen.de\\\/product\\\/bnag-leader-450k-pod-10-watermelon-ice-blueberry-cherry-sour-mango-pineapple\\\/\",\"url\":\"https:\\\/\\\/vozolvapen.de\\\/product\\\/bnag-leader-450k-pod-10-watermelon-ice-blueberry-cherry-sour-mango-pineapple\\\/\",\"name\":\"Bnag Leader 450k Pod 10 | 450k Puffs Sour Mango Pineapple 15-in-1\",\"isPartOf\":{\"@id\":\"https:\\\/\\\/vozolvapen.de\\\/#website\"},\"primaryImageOfPage\":{\"@id\":\"https:\\\/\\\/vozolvapen.de\\\/product\\\/bnag-leader-450k-pod-10-watermelon-ice-blueberry-cherry-sour-mango-pineapple\\\/#primaryimage\"},\"image\":{\"@id\":\"https:\\\/\\\/vozolvapen.de\\\/product\\\/bnag-leader-450k-pod-10-watermelon-ice-blueberry-cherry-sour-mango-pineapple\\\/#primaryimage\"},\"thumbnailUrl\":\"https:\\\/\\\/vozolvapen.de\\\/wp-content\\\/uploads\\\/2026\\\/05\\\/450k-puffs-Bnag-Leader-450k-Summer-Sour-Pineapple.webp\",\"datePublished\":\"2026-05-12T09:02:13+00:00\",\"dateModified\":\"2026-05-12T09:42:34+00:00\",\"description\":\"Experience 450,000 puffs of Bnag Leader 450k Pod 10. Featuring Sour Mango Pineapple, Summer Time, and Watermelon Ice in a revolutionary 15-in-1 hybrid vape.\",\"breadcrumb\":{\"@id\":\"https:\\\/\\\/vozolvapen.de\\\/product\\\/bnag-leader-450k-pod-10-watermelon-ice-blueberry-cherry-sour-mango-pineapple\\\/#breadcrumb\"},\"inLanguage\":\"es\",\"potentialAction\":[{\"@type\":\"ReadAction\",\"target\":[\"https:\\\/\\\/vozolvapen.de\\\/product\\\/bnag-leader-450k-pod-10-watermelon-ice-blueberry-cherry-sour-mango-pineapple\\\/\"]}]},{\"@type\":\"ImageObject\",\"inLanguage\":\"es\",\"@id\":\"https:\\\/\\\/vozolvapen.de\\\/product\\\/bnag-leader-450k-pod-10-watermelon-ice-blueberry-cherry-sour-mango-pineapple\\\/#primaryimage\",\"url\":\"https:\\\/\\\/vozolvapen.de\\\/wp-content\\\/uploads\\\/2026\\\/05\\\/450k-puffs-Bnag-Leader-450k-Summer-Sour-Pineapple.webp\",\"contentUrl\":\"https:\\\/\\\/vozolvapen.de\\\/wp-content\\\/uploads\\\/2026\\\/05\\\/450k-puffs-Bnag-Leader-450k-Summer-Sour-Pineapple.webp\",\"width\":768,\"height\":768,\"caption\":\"450k Puffs Bnag Leader Summer Sour Pineapple Disposable Vape Device\"},{\"@type\":\"BreadcrumbList\",\"@id\":\"https:\\\/\\\/vozolvapen.de\\\/product\\\/bnag-leader-450k-pod-10-watermelon-ice-blueberry-cherry-sour-mango-pineapple\\\/#breadcrumb\",\"itemListElement\":[{\"@type\":\"ListItem\",\"position\":1,\"name\":\"Home\",\"item\":\"https:\\\/\\\/vozolvapen.de\\\/de\\\/\"},{\"@type\":\"ListItem\",\"position\":2,\"name\":\"Shop\",\"item\":\"https:\\\/\\\/vozolvapen.de\\\/shop\\\/\"},{\"@type\":\"ListItem\",\"position\":3,\"name\":\"Bnag Leader 450k &#8211; Pod 10: Summer Time &amp; Sour Mango 15-in-1 Hub\"}]},{\"@type\":\"WebSite\",\"@id\":\"https:\\\/\\\/vozolvapen.de\\\/#website\",\"url\":\"https:\\\/\\\/vozolvapen.de\\\/\",\"name\":\"vozolvapen\",\"description\":\"vozolvapen\",\"publisher\":{\"@id\":\"https:\\\/\\\/vozolvapen.de\\\/#organization\"},\"potentialAction\":[{\"@type\":\"SearchAction\",\"target\":{\"@type\":\"EntryPoint\",\"urlTemplate\":\"https:\\\/\\\/vozolvapen.de\\\/?s={search_term_string}\"},\"query-input\":{\"@type\":\"PropertyValueSpecification\",\"valueRequired\":true,\"valueName\":\"search_term_string\"}}],\"inLanguage\":\"es\"},{\"@type\":\"Organization\",\"@id\":\"https:\\\/\\\/vozolvapen.de\\\/#organization\",\"name\":\"vozolvapen\",\"url\":\"https:\\\/\\\/vozolvapen.de\\\/\",\"logo\":{\"@type\":\"ImageObject\",\"inLanguage\":\"es\",\"@id\":\"https:\\\/\\\/vozolvapen.de\\\/#\\\/schema\\\/logo\\\/image\\\/\",\"url\":\"https:\\\/\\\/vozolvapen.de\\\/wp-content\\\/uploads\\\/2025\\\/12\\\/cropped-vozovapen-logo.webp\",\"contentUrl\":\"https:\\\/\\\/vozolvapen.de\\\/wp-content\\\/uploads\\\/2025\\\/12\\\/cropped-vozovapen-logo.webp\",\"width\":470,\"height\":110,\"caption\":\"vozolvapen\"},\"image\":{\"@id\":\"https:\\\/\\\/vozolvapen.de\\\/#\\\/schema\\\/logo\\\/image\\\/\"}}]}<\/script>\n<!-- \/ Yoast SEO Premium plugin. -->","yoast_head_json":{"title":"Bnag Leader 450k Pod 10 | 450k Puffs Mango Agrio Pi\u00f1a 15 en 1","description":"Experimenta 450.000 caladas del Bnag Leader 450k Pod 10. Con Sour Mango Pineapple, Summer Time y Watermelon Ice en un revolucionario vapor h\u00edbrido 15 en 1.","robots":{"index":"index","follow":"follow","max-snippet":"max-snippet:-1","max-image-preview":"max-image-preview:large","max-video-preview":"max-video-preview:-1"},"canonical":"https:\/\/vozolvapen.de\/es\/product\/bnag-leader-450k-pod-10-watermelon-ice-blueberry-cherry-sour-mango-pineapple\/","og_locale":"es_ES","og_type":"article","og_title":"Bnag Leader 450k - Pod 10: Summer Time &amp; Sour Mango 15-in-1 Hub","og_description":"Experience 450,000 puffs of Bnag Leader 450k Pod 10. Featuring Sour Mango Pineapple, Summer Time, and Watermelon Ice in a revolutionary 15-in-1 hybrid vape.","og_url":"https:\/\/vozolvapen.de\/es\/product\/bnag-leader-450k-pod-10-watermelon-ice-blueberry-cherry-sour-mango-pineapple\/","og_site_name":"vozolvapen","article_modified_time":"2026-05-12T09:42:34+00:00","og_image":[{"width":768,"height":768,"url":"https:\/\/vozolvapen.de\/wp-content\/uploads\/2026\/05\/450k-puffs-Bnag-Leader-450k-Summer-Sour-Pineapple.webp","type":"image\/webp"}],"twitter_card":"summary_large_image","twitter_misc":{"Tiempo de lectura":"3 minutos"},"schema":{"@context":"https:\/\/schema.org","@graph":[{"@type":"WebPage","@id":"https:\/\/vozolvapen.de\/product\/bnag-leader-450k-pod-10-watermelon-ice-blueberry-cherry-sour-mango-pineapple\/","url":"https:\/\/vozolvapen.de\/product\/bnag-leader-450k-pod-10-watermelon-ice-blueberry-cherry-sour-mango-pineapple\/","name":"Bnag Leader 450k Pod 10 | 450k Puffs Mango Agrio Pi\u00f1a 15 en 1","isPartOf":{"@id":"https:\/\/vozolvapen.de\/#website"},"primaryImageOfPage":{"@id":"https:\/\/vozolvapen.de\/product\/bnag-leader-450k-pod-10-watermelon-ice-blueberry-cherry-sour-mango-pineapple\/#primaryimage"},"image":{"@id":"https:\/\/vozolvapen.de\/product\/bnag-leader-450k-pod-10-watermelon-ice-blueberry-cherry-sour-mango-pineapple\/#primaryimage"},"thumbnailUrl":"https:\/\/vozolvapen.de\/wp-content\/uploads\/2026\/05\/450k-puffs-Bnag-Leader-450k-Summer-Sour-Pineapple.webp","datePublished":"2026-05-12T09:02:13+00:00","dateModified":"2026-05-12T09:42:34+00:00","description":"Experimenta 450.000 caladas del Bnag Leader 450k Pod 10. Con Sour Mango Pineapple, Summer Time y Watermelon Ice en un revolucionario vapor h\u00edbrido 15 en 1.","breadcrumb":{"@id":"https:\/\/vozolvapen.de\/product\/bnag-leader-450k-pod-10-watermelon-ice-blueberry-cherry-sour-mango-pineapple\/#breadcrumb"},"inLanguage":"es","potentialAction":[{"@type":"ReadAction","target":["https:\/\/vozolvapen.de\/product\/bnag-leader-450k-pod-10-watermelon-ice-blueberry-cherry-sour-mango-pineapple\/"]}]},{"@type":"ImageObject","inLanguage":"es","@id":"https:\/\/vozolvapen.de\/product\/bnag-leader-450k-pod-10-watermelon-ice-blueberry-cherry-sour-mango-pineapple\/#primaryimage","url":"https:\/\/vozolvapen.de\/wp-content\/uploads\/2026\/05\/450k-puffs-Bnag-Leader-450k-Summer-Sour-Pineapple.webp","contentUrl":"https:\/\/vozolvapen.de\/wp-content\/uploads\/2026\/05\/450k-puffs-Bnag-Leader-450k-Summer-Sour-Pineapple.webp","width":768,"height":768,"caption":"450k Puffs Bnag Leader Summer Sour Pineapple Disposable Vape Device"},{"@type":"BreadcrumbList","@id":"https:\/\/vozolvapen.de\/product\/bnag-leader-450k-pod-10-watermelon-ice-blueberry-cherry-sour-mango-pineapple\/#breadcrumb","itemListElement":[{"@type":"ListItem","position":1,"name":"Home","item":"https:\/\/vozolvapen.de\/de\/"},{"@type":"ListItem","position":2,"name":"Shop","item":"https:\/\/vozolvapen.de\/shop\/"},{"@type":"ListItem","position":3,"name":"Bnag Leader 450k &#8211; Pod 10: Summer Time &amp; Sour Mango 15-in-1 Hub"}]},{"@type":"WebSite","@id":"https:\/\/vozolvapen.de\/#website","url":"https:\/\/vozolvapen.de\/","name":"vozolvapen","description":"vozolvapen","publisher":{"@id":"https:\/\/vozolvapen.de\/#organization"},"potentialAction":[{"@type":"SearchAction","target":{"@type":"EntryPoint","urlTemplate":"https:\/\/vozolvapen.de\/?s={search_term_string}"},"query-input":{"@type":"PropertyValueSpecification","valueRequired":true,"valueName":"search_term_string"}}],"inLanguage":"es"},{"@type":"Organization","@id":"https:\/\/vozolvapen.de\/#organization","name":"vozolvapen","url":"https:\/\/vozolvapen.de\/","logo":{"@type":"ImageObject","inLanguage":"es","@id":"https:\/\/vozolvapen.de\/#\/schema\/logo\/image\/","url":"https:\/\/vozolvapen.de\/wp-content\/uploads\/2025\/12\/cropped-vozovapen-logo.webp","contentUrl":"https:\/\/vozolvapen.de\/wp-content\/uploads\/2025\/12\/cropped-vozovapen-logo.webp","width":470,"height":110,"caption":"vozolvapen"},"image":{"@id":"https:\/\/vozolvapen.de\/#\/schema\/logo\/image\/"}}]}},"tiered_pricing_type":"fixed","tiered_pricing_fixed_rules":{"30":"14.5","50":"12.5","100":"12.5","200":"11.5"},"tiered_pricing_product_settings":{"layout":"default","base_unit_name":{"singular":null,"plural":null},"default_variation":null},"tiered_pricing_minimum_quantity":10,"tiered_pricing_roles_data":[],"tiered_pricing_percentage_rules":[],"tiered_pricing_maximum_quantity":null,"tiered_pricing_quantity_step":"10","_links":{"self":[{"href":"https:\/\/vozolvapen.de\/es\/wp-json\/wp\/v2\/product\/70619","targetHints":{"allow":["GET"]}}],"collection":[{"href":"https:\/\/vozolvapen.de\/es\/wp-json\/wp\/v2\/product"}],"about":[{"href":"https:\/\/vozolvapen.de\/es\/wp-json\/wp\/v2\/types\/product"}],"replies":[{"embeddable":true,"href":"https:\/\/vozolvapen.de\/es\/wp-json\/wp\/v2\/comments?post=70619"}],"wp:featuredmedia":[{"embeddable":true,"href":"https:\/\/vozolvapen.de\/es\/wp-json\/wp\/v2\/media\/70826"}],"wp:attachment":[{"href":"https:\/\/vozolvapen.de\/es\/wp-json\/wp\/v2\/media?parent=70619"}],"wp:term":[{"taxonomy":"product_brand","embeddable":true,"href":"https:\/\/vozolvapen.de\/es\/wp-json\/wp\/v2\/product_brand?post=70619"},{"taxonomy":"product_cat","embeddable":true,"href":"https:\/\/vozolvapen.de\/es\/wp-json\/wp\/v2\/product_cat?post=70619"},{"taxonomy":"product_tag","embeddable":true,"href":"https:\/\/vozolvapen.de\/es\/wp-json\/wp\/v2\/product_tag?post=70619"}],"curies":[{"name":"wp","href":"https:\/\/api.w.org\/{rel}","templated":true}]}}