{"id":70685,"date":"2026-05-12T09:02:19","date_gmt":"2026-05-12T09:02:19","guid":{"rendered":"https:\/\/vozolvapen.de\/?post_type=product&#038;p=70685"},"modified":"2026-05-12T09:42:37","modified_gmt":"2026-05-12T09:42:37","slug":"bnag-leader-450k-pod-11-california-cherry-passion-fruit-mango-berry-mix","status":"publish","type":"product","link":"https:\/\/vozolvapen.de\/es\/product\/bnag-leader-450k-pod-11-california-cherry-passion-fruit-mango-berry-mix\/","title":{"rendered":"Bnag Leader 450k - Pod 11: Cubo 15 en 1 de cereza de California y fruta de la pasi\u00f3n"},"content":{"rendered":"<p>El <strong>L\u00edder Bnag 450k<\/strong> (Bnag Leader 450000) es la referencia del sector en materia de <strong>Marketing digital para tiendas de vapeo<\/strong> e ingenier\u00eda de alta capacidad. <strong>Pod 11<\/strong> es una lujosa \u201cColecci\u00f3n Cosecha\u201d, pensada para los vapeadores que buscan el dulzor profundo y sofisticado de las frutas negras con hueso y las ex\u00f3ticas capas tropicales. Como <strong>450k vape<\/strong>, y cuenta con nuestro sistema mec\u00e1nico patentado <strong>Sabor 15 en 1<\/strong> h\u00edbrido, garantizando que su experiencia de 450.000 puff est\u00e9 respaldada por <strong>Optimizaci\u00f3n de URL y arquitectura del sitio<\/strong> y un rendimiento constante.<\/p>\n\n\n\n<h3 class=\"wp-block-heading\" id=\"h-technical-parameters-amp-performance\"><strong>Par\u00e1metros t\u00e9cnicos y rendimiento:<\/strong><\/h3>\n\n\n\n<ul class=\"wp-block-list\">\n<li><strong>Capacidad de soplado:<\/strong> Hasta 450.000 Puffs (Rentabilidad de mercado sin rival)<\/li>\n\n\n\n<li><strong>L\u00f3gica del sabor:<\/strong> Sistema h\u00edbrido mec\u00e1nico 15 en 1<\/li>\n\n\n\n<li><strong>Hardware:<\/strong> Bobina de malla avanzada 1.2\u03a9 | Bater\u00eda de cobalto 850mAh<\/li>\n\n\n\n<li><strong>Carga:<\/strong> Puerto de alta velocidad Type-C preparado para el futuro<\/li>\n\n\n\n<li><strong>Precisi\u00f3n de nicotina:<\/strong> 0% | 2% | 3% | 5% Fuerza de Nicotina Salada<\/li>\n<\/ul>\n\n\n\n<h2 class=\"wp-block-heading\">\ud83c\udfa8 El mazo de sabores 15 en 1 \u201cCosecha de bayas\u201d (Pod 11)<\/h2>\n\n\n\n<p>\u00bfPor qu\u00e9 elegir una baya cuando puedes tener todo el vi\u00f1edo? <strong>Pod 11<\/strong> incluye cuatro l\u00edquidos base de alta definici\u00f3n. Utiliza la palanca mec\u00e1nica para disfrutarlos puros o crea 11 combinaciones \u201cDeep-Fruit\u201d \u00fanicas.<\/p>\n\n\n\n<h3 class=\"wp-block-heading\"><strong>Los 4 componentes b\u00e1sicos de la vitalidad:<\/strong><\/h3>\n\n\n\n<ol start=\"1\" class=\"wp-block-list\">\n<li><strong>Ar\u00e1ndanos y frambuesas:<\/strong> Una cl\u00e1sica fusi\u00f3n de bayas del bosque agridulces con gran saturaci\u00f3n.<\/li>\n\n\n\n<li><strong>Mezcla de bayas:<\/strong> Una mezcla de bayas en mermelada de m\u00faltiples capas que proporciona un rico cuerpo arom\u00e1tico.<\/li>\n\n\n\n<li><strong>Cereza de California:<\/strong> Un perfil audaz y suculento de cereza oscura que recuerda a las cosechas de la Costa Oeste.<\/li>\n\n\n\n<li><strong>Maracuy\u00e1 y mango:<\/strong> Un d\u00fao tropical mantecoso que aporta un acabado sedoso y ex\u00f3tico.<\/li>\n<\/ol>\n\n\n\n<h3 class=\"wp-block-heading\"><strong>Mezclas h\u00edbridas de autor:<\/strong><\/h3>\n\n\n\n<ul class=\"wp-block-list\">\n<li><strong>La cereza ex\u00f3tica (mezcla 3+4):<\/strong> La cereza de California se une al mango de fruta de la pasi\u00f3n para crear una sofisticada explosi\u00f3n de frutas tropicales.<\/li>\n\n\n\n<li><strong>Deep Berry Medley (Mezcla 1+2):<\/strong> Una fusi\u00f3n de alta intensidad de ar\u00e1ndano, frambuesa y bayas mixtas.<\/li>\n\n\n\n<li><strong>La cosecha de oro (Mix 2+4):<\/strong> Exuberantes bayas mezcladas con el cremoso n\u00e9ctar de mango y fruta de la pasi\u00f3n.<\/li>\n\n\n\n<li><strong>The Ultimate Vineyard Mix (Mezcla 1+2+3+4):<\/strong> Las cuatro c\u00e1maras se abren para ofrecer una compleja y profunda sinfon\u00eda de bayas 15 en 1.<\/li>\n<\/ul>\n\n\n\n<h2 class=\"wp-block-heading\">\ud83e\uddec Enfoque sensorial: Saturaci\u00f3n de sabores de nueva generaci\u00f3n<\/h2>\n\n\n\n<p>Aprovechar <strong>B\u00fasqueda de palabras clave para vapes<\/strong> y <strong>Optimizaci\u00f3n de la estructura de contenidos<\/strong>, nos centramos en la \u201csensaci\u00f3n en boca\u201d del <strong>L\u00edder Bnag 450000<\/strong>\u2019s 1.2\u03a9 bobina de malla.<\/p>\n\n\n\n<ul class=\"wp-block-list\">\n<li><strong>La inhalaci\u00f3n:<\/strong> Golpea con una dulzura inmediata y profunda de la cereza de California, seguida de la \u201cchispa\u201d \u00e1cida de la frambuesa de ar\u00e1ndano.<\/li>\n\n\n\n<li><strong>La secci\u00f3n media:<\/strong> El Mango Fruta de la Pasi\u00f3n proporciona una textura de vapor sedosa y \u201cespesa\u201d que cubre el paladar de n\u00e9ctar tropical.<\/li>\n\n\n\n<li><strong>El regusto:<\/strong> Limpio y arom\u00e1tico. La base de bayas mixtas deja un rastro persistente de confitura que asegura la <strong>450.000 puff<\/strong> viaje nunca pierde su intensidad.<\/li>\n<\/ul>\n\n\n\n<h2 class=\"wp-block-heading\">\u2753 Optimizaci\u00f3n de FAQ y Rich Snippet<\/h2>\n\n\n\n<p><strong>P: \u00bfEn qu\u00e9 se diferencia la \u201ccereza de California\u201d de la cereza normal?<\/strong> <\/p>\n\n\n\n<p><strong>A:<\/strong> Cereza de California en el <strong>L\u00edder Bnag 450k<\/strong> es un perfil m\u00e1s profundo y suculento, con menos notas florales y m\u00e1s dulzor frutal \u201ccarnoso\u201d, optimizado para el <strong>Sabores 15 en 1<\/strong> sistema.<\/p>\n\n\n\n<p><strong>P: \u00bfPuedo utilizar el Pod 11 para la satisfacci\u00f3n con alto contenido en nicotina?<\/strong> <\/p>\n\n\n\n<p><strong>A:<\/strong> S\u00ed. Ofrecemos opciones de nicotina 2%, 3% y 5%. La bobina de malla 1.2\u03a9 est\u00e1 perfectamente sintonizada para <strong>50mg sal nic<\/strong> entrega sobre <strong>450.000 caladas<\/strong>.<\/p>\n\n\n\n<p><strong>P: \u00bfEst\u00e1 Pod 11 disponible para la venta al por mayor B2B?<\/strong> <\/p>\n\n\n\n<p><strong>A:<\/strong> S\u00ed. Proporcionamos <strong>Marketing digital para tiendas de vapeo<\/strong> y envasado a granel (paquete de 10 unidades) para distribuidores internacionales que desean ampliar su negocio. <strong>450k vape<\/strong> inventario.<\/p>\n\n\n\n<h2 class=\"wp-block-heading\">\ud83d\udd0d Explora m\u00e1s experiencias sensoriales 15 en 1<\/h2>\n\n\n\n<p>Si disfrut\u00f3 con la compleja tecnolog\u00eda h\u00edbrida del <strong>L\u00edder Bnag 450000<\/strong>, Descubra estas alternativas dise\u00f1adas para superar los l\u00edmites de la tecnolog\u00eda. <strong>450k vape<\/strong> revoluci\u00f3n.<\/p>\n\n\n\n<p>1.<a href=\"https:\/\/vozolvapen.de\/es\/product\/bnag-leader-450k-pod-1-watermelon-cherry-mango\/\">Estaci\u00f3n Tropical Red &amp; Mango<\/a><br>2.<a href=\"https:\/\/vozolvapen.de\/es\/product\/bnag-leader-450k-pod-2-cola-ice-energy-drink\/\">Refrescos y chispas energ\u00e9ticas<\/a><br>3.<a href=\"https:\/\/vozolvapen.de\/es\/product\/bnag-leader-450k-pod-3-watermelon-ice-red-bull\/\">El revitalizante helado<\/a><br>4.<a href=\"https:\/\/vozolvapen.de\/es\/product\/bnag-leader-450k-pod-4-pineapple-coconut-mango-peach\/\">Crema de islas ex\u00f3ticas<\/a><br>5.<a href=\"https:\/\/vozolvapen.de\/es\/product\/bnag-leader-450k-pod-5-energy-drink-blueberry-watermelon-gummy-bear\/\">Caramelo \u00e1cido Energ\u00eda<\/a><br>6.<a href=\"https:\/\/vozolvapen.de\/es\/product\/bnag-leader-450k-pod-6-strawberry-watermelon-kiwi-guava\/\">Antolog\u00eda del huerto de verano<\/a><br>7.<a href=\"https:\/\/vozolvapen.de\/es\/product\/bnag-leader-450k-pod-7-fuji-apple-ice-blueberry-mint-lime-romance\/\">Fuji Romance &amp; Menta<\/a><br>8.<a href=\"https:\/\/vozolvapen.de\/es\/product\/bnag-leader-450k-pod-8-peach-ice-blueberry-ice-rainbow-candy-lemon-sour-orange\/\">Ralladura de caramelo arco iris<\/a><br>9.<a href=\"https:\/\/vozolvapen.de\/es\/product\/bnag-leader-450k-pod-9-blueberry-ice-peach-mango-watermelon-passion-kiss-melon-apple\/\">Beso de mel\u00f3n pasi\u00f3n<\/a><br>10.<a href=\"https:\/\/vozolvapen.de\/es\/product\/bnag-leader-450k-pod-10-watermelon-ice-blueberry-cherry-sour-mango-pineapple\/\">Pi\u00f1a \u00e1cida de verano<\/a><br>12.<a href=\"https:\/\/vozolvapen.de\/es\/product\/bnag-leader-450k-pod-12-love66-red-mojito-strawberry-mango\/\">Love &amp; Mojito Lounge<\/a><\/p>","protected":false},"excerpt":{"rendered":"<p data-path-to-node=\"13\">Profunda riqueza de bayas de la Costa Oeste. <b data-path-to-node=\"13\" data-index-in-node=\"89\">Pod 11<\/b> se centra en la suculenta cereza de California y la mermelada de bayas mixtas, equilibradas por el ex\u00f3tico mango de fruta de la pasi\u00f3n. Un lujoso perfil de frutas con hueso optimizado para un suministro de sal nic de alto rendimiento.<\/p>","protected":false},"featured_media":70817,"comment_status":"open","ping_status":"closed","template":"","meta":{"_acf_changed":false},"product_brand":[],"product_cat":[171],"product_tag":[],"class_list":{"0":"post-70685","1":"product","2":"type-product","3":"status-publish","4":"has-post-thumbnail","6":"product_cat-puff-450k-bang-leader-450k-15-in-1","8":"first","9":"instock","10":"shipping-taxable","11":"purchasable","12":"product-type-variable"},"acf":[],"yoast_head":"<!-- This site is optimized with the Yoast SEO Premium plugin v26.1 (Yoast SEO v27.5) - https:\/\/yoast.com\/product\/yoast-seo-premium-wordpress\/ -->\n<title>Bnag Leader 450k Pod 11 | 450,000 Puffs California Cherry 15-in-1<\/title>\n<meta name=\"description\" content=\"450,000 puffs of Bnag Leader 450k Pod 11. Featuring California Cherry, Passion Fruit Mango, and Mixed Berries in a 15-in-1 hybrid system.\" \/>\n<meta name=\"robots\" content=\"index, follow, max-snippet:-1, max-image-preview:large, max-video-preview:-1\" \/>\n<link rel=\"canonical\" href=\"https:\/\/vozolvapen.de\/es\/product\/bnag-leader-450k-pod-11-california-cherry-passion-fruit-mango-berry-mix\/\" \/>\n<meta property=\"og:locale\" content=\"es_ES\" \/>\n<meta property=\"og:type\" content=\"article\" \/>\n<meta property=\"og:title\" content=\"Bnag Leader 450k - Pod 11: California Cherry &amp; Passion Fruit 15-in-1 Hub\" \/>\n<meta property=\"og:description\" content=\"450,000 puffs of Bnag Leader 450k Pod 11. Featuring California Cherry, Passion Fruit Mango, and Mixed Berries in a 15-in-1 hybrid system.\" \/>\n<meta property=\"og:url\" content=\"https:\/\/vozolvapen.de\/es\/product\/bnag-leader-450k-pod-11-california-cherry-passion-fruit-mango-berry-mix\/\" \/>\n<meta property=\"og:site_name\" content=\"vozolvapen\" \/>\n<meta property=\"article:modified_time\" content=\"2026-05-12T09:42:37+00:00\" \/>\n<meta property=\"og:image\" content=\"https:\/\/vozolvapen.de\/wp-content\/uploads\/2026\/05\/450k-puffs-Bnag-Leader-450k-California-Berry-Harvest.webp\" \/>\n\t<meta property=\"og:image:width\" content=\"768\" \/>\n\t<meta property=\"og:image:height\" content=\"768\" \/>\n\t<meta property=\"og:image:type\" content=\"image\/webp\" \/>\n<meta name=\"twitter:card\" content=\"summary_large_image\" \/>\n<meta name=\"twitter:label1\" content=\"Tiempo de lectura\" \/>\n\t<meta name=\"twitter:data1\" content=\"3 minutos\" \/>\n<script type=\"application\/ld+json\" class=\"yoast-schema-graph\">{\"@context\":\"https:\\\/\\\/schema.org\",\"@graph\":[{\"@type\":\"WebPage\",\"@id\":\"https:\\\/\\\/vozolvapen.de\\\/product\\\/bnag-leader-450k-pod-11-california-cherry-passion-fruit-mango-berry-mix\\\/\",\"url\":\"https:\\\/\\\/vozolvapen.de\\\/product\\\/bnag-leader-450k-pod-11-california-cherry-passion-fruit-mango-berry-mix\\\/\",\"name\":\"Bnag Leader 450k Pod 11 | 450,000 Puffs California Cherry 15-in-1\",\"isPartOf\":{\"@id\":\"https:\\\/\\\/vozolvapen.de\\\/#website\"},\"primaryImageOfPage\":{\"@id\":\"https:\\\/\\\/vozolvapen.de\\\/product\\\/bnag-leader-450k-pod-11-california-cherry-passion-fruit-mango-berry-mix\\\/#primaryimage\"},\"image\":{\"@id\":\"https:\\\/\\\/vozolvapen.de\\\/product\\\/bnag-leader-450k-pod-11-california-cherry-passion-fruit-mango-berry-mix\\\/#primaryimage\"},\"thumbnailUrl\":\"https:\\\/\\\/vozolvapen.de\\\/wp-content\\\/uploads\\\/2026\\\/05\\\/450k-puffs-Bnag-Leader-450k-California-Berry-Harvest.webp\",\"datePublished\":\"2026-05-12T09:02:19+00:00\",\"dateModified\":\"2026-05-12T09:42:37+00:00\",\"description\":\"450,000 puffs of Bnag Leader 450k Pod 11. Featuring California Cherry, Passion Fruit Mango, and Mixed Berries in a 15-in-1 hybrid system.\",\"breadcrumb\":{\"@id\":\"https:\\\/\\\/vozolvapen.de\\\/product\\\/bnag-leader-450k-pod-11-california-cherry-passion-fruit-mango-berry-mix\\\/#breadcrumb\"},\"inLanguage\":\"es\",\"potentialAction\":[{\"@type\":\"ReadAction\",\"target\":[\"https:\\\/\\\/vozolvapen.de\\\/product\\\/bnag-leader-450k-pod-11-california-cherry-passion-fruit-mango-berry-mix\\\/\"]}]},{\"@type\":\"ImageObject\",\"inLanguage\":\"es\",\"@id\":\"https:\\\/\\\/vozolvapen.de\\\/product\\\/bnag-leader-450k-pod-11-california-cherry-passion-fruit-mango-berry-mix\\\/#primaryimage\",\"url\":\"https:\\\/\\\/vozolvapen.de\\\/wp-content\\\/uploads\\\/2026\\\/05\\\/450k-puffs-Bnag-Leader-450k-California-Berry-Harvest.webp\",\"contentUrl\":\"https:\\\/\\\/vozolvapen.de\\\/wp-content\\\/uploads\\\/2026\\\/05\\\/450k-puffs-Bnag-Leader-450k-California-Berry-Harvest.webp\",\"width\":768,\"height\":768,\"caption\":\"450k Puffs Bnag Leader California Berry Harvest Disposable Vape Device\"},{\"@type\":\"BreadcrumbList\",\"@id\":\"https:\\\/\\\/vozolvapen.de\\\/product\\\/bnag-leader-450k-pod-11-california-cherry-passion-fruit-mango-berry-mix\\\/#breadcrumb\",\"itemListElement\":[{\"@type\":\"ListItem\",\"position\":1,\"name\":\"Home\",\"item\":\"https:\\\/\\\/vozolvapen.de\\\/de\\\/\"},{\"@type\":\"ListItem\",\"position\":2,\"name\":\"Shop\",\"item\":\"https:\\\/\\\/vozolvapen.de\\\/shop\\\/\"},{\"@type\":\"ListItem\",\"position\":3,\"name\":\"Bnag Leader 450k &#8211; Pod 11: California Cherry &amp; Passion Fruit 15-in-1 Hub\"}]},{\"@type\":\"WebSite\",\"@id\":\"https:\\\/\\\/vozolvapen.de\\\/#website\",\"url\":\"https:\\\/\\\/vozolvapen.de\\\/\",\"name\":\"vozolvapen\",\"description\":\"vozolvapen\",\"publisher\":{\"@id\":\"https:\\\/\\\/vozolvapen.de\\\/#organization\"},\"potentialAction\":[{\"@type\":\"SearchAction\",\"target\":{\"@type\":\"EntryPoint\",\"urlTemplate\":\"https:\\\/\\\/vozolvapen.de\\\/?s={search_term_string}\"},\"query-input\":{\"@type\":\"PropertyValueSpecification\",\"valueRequired\":true,\"valueName\":\"search_term_string\"}}],\"inLanguage\":\"es\"},{\"@type\":\"Organization\",\"@id\":\"https:\\\/\\\/vozolvapen.de\\\/#organization\",\"name\":\"vozolvapen\",\"url\":\"https:\\\/\\\/vozolvapen.de\\\/\",\"logo\":{\"@type\":\"ImageObject\",\"inLanguage\":\"es\",\"@id\":\"https:\\\/\\\/vozolvapen.de\\\/#\\\/schema\\\/logo\\\/image\\\/\",\"url\":\"https:\\\/\\\/vozolvapen.de\\\/wp-content\\\/uploads\\\/2025\\\/12\\\/cropped-vozovapen-logo.webp\",\"contentUrl\":\"https:\\\/\\\/vozolvapen.de\\\/wp-content\\\/uploads\\\/2025\\\/12\\\/cropped-vozovapen-logo.webp\",\"width\":470,\"height\":110,\"caption\":\"vozolvapen\"},\"image\":{\"@id\":\"https:\\\/\\\/vozolvapen.de\\\/#\\\/schema\\\/logo\\\/image\\\/\"}}]}<\/script>\n<!-- \/ Yoast SEO Premium plugin. -->","yoast_head_json":{"title":"Bnag Leader 450k Pod 11 | 450.000 Puffs California Cherry 15 en 1","description":"450.000 caladas de Bnag Leader 450k Pod 11. Con California Cherry, Passion Fruit Mango y Mixed Berries en un sistema h\u00edbrido 15 en 1.","robots":{"index":"index","follow":"follow","max-snippet":"max-snippet:-1","max-image-preview":"max-image-preview:large","max-video-preview":"max-video-preview:-1"},"canonical":"https:\/\/vozolvapen.de\/es\/product\/bnag-leader-450k-pod-11-california-cherry-passion-fruit-mango-berry-mix\/","og_locale":"es_ES","og_type":"article","og_title":"Bnag Leader 450k - Pod 11: California Cherry &amp; Passion Fruit 15-in-1 Hub","og_description":"450,000 puffs of Bnag Leader 450k Pod 11. Featuring California Cherry, Passion Fruit Mango, and Mixed Berries in a 15-in-1 hybrid system.","og_url":"https:\/\/vozolvapen.de\/es\/product\/bnag-leader-450k-pod-11-california-cherry-passion-fruit-mango-berry-mix\/","og_site_name":"vozolvapen","article_modified_time":"2026-05-12T09:42:37+00:00","og_image":[{"width":768,"height":768,"url":"https:\/\/vozolvapen.de\/wp-content\/uploads\/2026\/05\/450k-puffs-Bnag-Leader-450k-California-Berry-Harvest.webp","type":"image\/webp"}],"twitter_card":"summary_large_image","twitter_misc":{"Tiempo de lectura":"3 minutos"},"schema":{"@context":"https:\/\/schema.org","@graph":[{"@type":"WebPage","@id":"https:\/\/vozolvapen.de\/product\/bnag-leader-450k-pod-11-california-cherry-passion-fruit-mango-berry-mix\/","url":"https:\/\/vozolvapen.de\/product\/bnag-leader-450k-pod-11-california-cherry-passion-fruit-mango-berry-mix\/","name":"Bnag Leader 450k Pod 11 | 450.000 Puffs California Cherry 15 en 1","isPartOf":{"@id":"https:\/\/vozolvapen.de\/#website"},"primaryImageOfPage":{"@id":"https:\/\/vozolvapen.de\/product\/bnag-leader-450k-pod-11-california-cherry-passion-fruit-mango-berry-mix\/#primaryimage"},"image":{"@id":"https:\/\/vozolvapen.de\/product\/bnag-leader-450k-pod-11-california-cherry-passion-fruit-mango-berry-mix\/#primaryimage"},"thumbnailUrl":"https:\/\/vozolvapen.de\/wp-content\/uploads\/2026\/05\/450k-puffs-Bnag-Leader-450k-California-Berry-Harvest.webp","datePublished":"2026-05-12T09:02:19+00:00","dateModified":"2026-05-12T09:42:37+00:00","description":"450.000 caladas de Bnag Leader 450k Pod 11. Con California Cherry, Passion Fruit Mango y Mixed Berries en un sistema h\u00edbrido 15 en 1.","breadcrumb":{"@id":"https:\/\/vozolvapen.de\/product\/bnag-leader-450k-pod-11-california-cherry-passion-fruit-mango-berry-mix\/#breadcrumb"},"inLanguage":"es","potentialAction":[{"@type":"ReadAction","target":["https:\/\/vozolvapen.de\/product\/bnag-leader-450k-pod-11-california-cherry-passion-fruit-mango-berry-mix\/"]}]},{"@type":"ImageObject","inLanguage":"es","@id":"https:\/\/vozolvapen.de\/product\/bnag-leader-450k-pod-11-california-cherry-passion-fruit-mango-berry-mix\/#primaryimage","url":"https:\/\/vozolvapen.de\/wp-content\/uploads\/2026\/05\/450k-puffs-Bnag-Leader-450k-California-Berry-Harvest.webp","contentUrl":"https:\/\/vozolvapen.de\/wp-content\/uploads\/2026\/05\/450k-puffs-Bnag-Leader-450k-California-Berry-Harvest.webp","width":768,"height":768,"caption":"450k Puffs Bnag Leader California Berry Harvest Disposable Vape Device"},{"@type":"BreadcrumbList","@id":"https:\/\/vozolvapen.de\/product\/bnag-leader-450k-pod-11-california-cherry-passion-fruit-mango-berry-mix\/#breadcrumb","itemListElement":[{"@type":"ListItem","position":1,"name":"Home","item":"https:\/\/vozolvapen.de\/de\/"},{"@type":"ListItem","position":2,"name":"Shop","item":"https:\/\/vozolvapen.de\/shop\/"},{"@type":"ListItem","position":3,"name":"Bnag Leader 450k &#8211; Pod 11: California Cherry &amp; Passion Fruit 15-in-1 Hub"}]},{"@type":"WebSite","@id":"https:\/\/vozolvapen.de\/#website","url":"https:\/\/vozolvapen.de\/","name":"vozolvapen","description":"vozolvapen","publisher":{"@id":"https:\/\/vozolvapen.de\/#organization"},"potentialAction":[{"@type":"SearchAction","target":{"@type":"EntryPoint","urlTemplate":"https:\/\/vozolvapen.de\/?s={search_term_string}"},"query-input":{"@type":"PropertyValueSpecification","valueRequired":true,"valueName":"search_term_string"}}],"inLanguage":"es"},{"@type":"Organization","@id":"https:\/\/vozolvapen.de\/#organization","name":"vozolvapen","url":"https:\/\/vozolvapen.de\/","logo":{"@type":"ImageObject","inLanguage":"es","@id":"https:\/\/vozolvapen.de\/#\/schema\/logo\/image\/","url":"https:\/\/vozolvapen.de\/wp-content\/uploads\/2025\/12\/cropped-vozovapen-logo.webp","contentUrl":"https:\/\/vozolvapen.de\/wp-content\/uploads\/2025\/12\/cropped-vozovapen-logo.webp","width":470,"height":110,"caption":"vozolvapen"},"image":{"@id":"https:\/\/vozolvapen.de\/#\/schema\/logo\/image\/"}}]}},"tiered_pricing_type":"fixed","tiered_pricing_fixed_rules":{"30":"14.5","50":"12.5","100":"12.5","200":"11.5"},"tiered_pricing_product_settings":{"layout":"default","base_unit_name":{"singular":null,"plural":null},"default_variation":null},"tiered_pricing_minimum_quantity":10,"tiered_pricing_roles_data":[],"tiered_pricing_percentage_rules":[],"tiered_pricing_maximum_quantity":null,"tiered_pricing_quantity_step":"10","_links":{"self":[{"href":"https:\/\/vozolvapen.de\/es\/wp-json\/wp\/v2\/product\/70685","targetHints":{"allow":["GET"]}}],"collection":[{"href":"https:\/\/vozolvapen.de\/es\/wp-json\/wp\/v2\/product"}],"about":[{"href":"https:\/\/vozolvapen.de\/es\/wp-json\/wp\/v2\/types\/product"}],"replies":[{"embeddable":true,"href":"https:\/\/vozolvapen.de\/es\/wp-json\/wp\/v2\/comments?post=70685"}],"wp:featuredmedia":[{"embeddable":true,"href":"https:\/\/vozolvapen.de\/es\/wp-json\/wp\/v2\/media\/70817"}],"wp:attachment":[{"href":"https:\/\/vozolvapen.de\/es\/wp-json\/wp\/v2\/media?parent=70685"}],"wp:term":[{"taxonomy":"product_brand","embeddable":true,"href":"https:\/\/vozolvapen.de\/es\/wp-json\/wp\/v2\/product_brand?post=70685"},{"taxonomy":"product_cat","embeddable":true,"href":"https:\/\/vozolvapen.de\/es\/wp-json\/wp\/v2\/product_cat?post=70685"},{"taxonomy":"product_tag","embeddable":true,"href":"https:\/\/vozolvapen.de\/es\/wp-json\/wp\/v2\/product_tag?post=70685"}],"curies":[{"name":"wp","href":"https:\/\/api.w.org\/{rel}","templated":true}]}}