{"id":7292,"date":"2025-12-03T09:44:31","date_gmt":"2025-12-03T09:44:31","guid":{"rendered":"https:\/\/vozolvapen.de\/?post_type=product&#038;p=7292"},"modified":"2026-02-10T11:17:26","modified_gmt":"2026-02-10T11:17:26","slug":"vozol-rave-40000-blueberry-ice","status":"publish","type":"product","link":"https:\/\/vozolvapen.de\/es\/product\/vozol-rave-40000-blueberry-ice\/","title":{"rendered":"VOZOL RAVE 40000 \u2013 Ar\u00e1ndanos helados"},"content":{"rendered":"<h1 style=\"text-align: center;\">VOZOL RAVE 40000 caladas Vape desechable \u2013 Sabor a ar\u00e1ndanos helados<\/h1>\n<p><b>Introducci\u00f3n al sabor:<\/b> El <b>Helado de ar\u00e1ndanos<\/b> sabor del <b>VOZOL RAVE 40000<\/b> La serie es un cl\u00e1sico perfeccionado. Este <b>Vozol Vape<\/b> Se centra en la rica y suave dulzura de los ar\u00e1ndanos silvestres, complementada con un final de menta perfectamente enfriado. Es la opci\u00f3n ideal para los usuarios que aman una experiencia sencilla y refrescante de bayas. La inmensa <b>40000 puffs<\/b> La cantidad garantiza que puedas disfrutar de esta sensaci\u00f3n helada de bayas durante un periodo prolongado, realzada por el frescor. <b>Animaci\u00f3n Eclipse Vaping<\/b> efecto.<\/p>\n<h2>Ventajas t\u00e9cnicas del VOZOL RAVE 40000<\/h2>\n<p>No solo ofrecemos el mejor sabor a ar\u00e1ndanos, sino tambi\u00e9n tecnolog\u00eda de vanguardia:<\/p>\n<ul>\n<li>Gran capacidad de e-l\u00edquido: la capacidad de 20 ml de e-l\u00edquido complementa a la perfecci\u00f3n la incre\u00edble duraci\u00f3n de la bater\u00eda del Vozol 40000 puffs.<\/li>\n<li>Garant\u00eda de rendimiento: El dise\u00f1o de la bobina de 1,2 \u03a9 garantiza un sabor Blueberry Ice puro y constante de principio a fin.<\/li>\n<li>Equipo para fiestas: el modo fiesta sincronizado con el ritmo del Vozol Rave 40000 te permite ser el centro de atenci\u00f3n.<\/li>\n<\/ul>\n<h3>Especificaciones clave del VOZOL RAVE 40000<\/h3>\n<table data-path-to-node=\"5\">\n<thead>\n<tr>\n<td><strong>Par\u00e1metro<\/strong><\/td>\n<td><strong>Detalle<\/strong><\/td>\n<td><strong>Destacar<\/strong><\/td>\n<\/tr>\n<\/thead>\n<tbody>\n<tr>\n<td><span data-path-to-node=\"5,1,0,0\"><b>Nombre del modelo<\/b><\/span><\/td>\n<td><span data-path-to-node=\"5,1,1,0\"><b>VOZOL RAVE 40000<\/b><\/span><\/td>\n<td><span data-path-to-node=\"5,1,2,0\">L\u00edder del mercado <b>Vozol 40000<\/b> Serie<\/span><\/td>\n<\/tr>\n<tr>\n<td><span data-path-to-node=\"5,2,0,0\"><b>M\u00e1ximo n\u00famero de caladas<\/b><\/span><\/td>\n<td><span data-path-to-node=\"5,2,1,0\">Hasta 40000 Puffs<\/span><\/td>\n<td><span data-path-to-node=\"5,2,2,0\">Longevidad sin igual<\/span><\/td>\n<\/tr>\n<tr>\n<td><span data-path-to-node=\"5,3,0,0\"><b>E-l\u00edquido<\/b><\/span><\/td>\n<td><span data-path-to-node=\"5,3,1,0\">20 ml de l\u00edquido precargado<\/span><\/td>\n<td><span data-path-to-node=\"5,3,2,0\">Capacidad m\u00e1xima<\/span><\/td>\n<\/tr>\n<tr>\n<td><span data-path-to-node=\"5,4,0,0\"><b>Nicotina<\/b><\/span><\/td>\n<td><span data-path-to-node=\"5,4,1,0\">5% (50 mg\/ml) Nivel de nicotina<\/span><\/td>\n<td><span data-path-to-node=\"5,4,2,0\">Golpe fuerte y satisfactorio<\/span><\/td>\n<\/tr>\n<tr>\n<td><span data-path-to-node=\"5,5,0,0\"><b>Bater\u00eda<\/b><\/span><\/td>\n<td><span data-path-to-node=\"5,5,1,0\">1000 mAh recargable<\/span><\/td>\n<td><span data-path-to-node=\"5,5,2,0\">80% Cargado en 20 minutos<\/span><\/td>\n<\/tr>\n<tr>\n<td><span data-path-to-node=\"5,6,0,0\"><b>Env\u00edo<\/b><\/span><\/td>\n<td><span data-path-to-node=\"5,6,1,0\">Almac\u00e9n europeo (1-3 d\u00edas)<\/span><\/td>\n<td><span data-path-to-node=\"5,6,2,0\">Entrega r\u00e1pida en la UE<\/span><\/td>\n<\/tr>\n<tr>\n<td><span data-path-to-node=\"5,7,0,0\"><b>Caracter\u00edsticas<\/b><\/span><\/td>\n<td><span data-path-to-node=\"5,7,1,0\">Brillo vibrante de 270\u00b0, modo fiesta sincronizado con el ritmo<\/span><\/td>\n<td><span data-path-to-node=\"5,7,2,0\">Una experiencia \u00fanica de vapeo<\/span><\/td>\n<\/tr>\n<\/tbody>\n<\/table>\n<h3 dir=\"auto\">Aqu\u00ed tienes m\u00e1s recomendaciones para ti:<\/h3>\n<p dir=\"auto\">\u00a1Descubre sabores a\u00fan m\u00e1s incre\u00edbles con el vaporizador Fumot VOZOL RAVE 40000 Puff!<\/p>\n<p dir=\"auto\"><a href=\"https:\/\/vozolvapen.de\/es\/categoria-de-producto\/vozol-vape\/vozol-rave-40-000-caladas-vape\/\">Ver todas las variedades aqu\u00ed \u2192<\/a><\/p>\n<p dir=\"auto\">Explora nuestra colecci\u00f3n completa y compra las mejores marcas de vapeo que te encantar\u00e1n.<\/p>\n<p dir=\"auto\"><a href=\"https:\/\/vozolvapen.de\/es\/\">Explora todas las marcas ahora \u2192<\/a><\/p>\n<p dir=\"auto\">\u00a1Echa un vistazo a la serie completa de VOZOL Vape: todos los sabores, todos los estilos!<\/p>\n<p dir=\"auto\"><a href=\"https:\/\/vozolvapen.de\/es\/categoria-de-producto\/vozol-vape\/\">Ver la colecci\u00f3n completa de VOZOL Vape \u2192<\/a><\/p>","protected":false},"excerpt":{"rendered":"<p>La rica dulzura de los ar\u00e1ndanos maduros combinada a la perfecci\u00f3n con el intenso frescor de la menta. Disfruta de un sabor puro y refrescante. <b>vozol 40000 puffs<\/b> Una experiencia que perdura.<\/p>","protected":false},"featured_media":7294,"comment_status":"open","ping_status":"closed","template":"","meta":{"_acf_changed":false},"product_brand":[],"product_cat":[134,55],"product_tag":[],"class_list":{"0":"post-7292","1":"product","2":"type-product","3":"status-publish","4":"has-post-thumbnail","6":"product_cat-eu-warehouse-in-stock","7":"product_cat-vozol-rave-40000-puffs-vape","9":"first","10":"instock","11":"shipping-taxable","12":"purchasable","13":"product-type-variable"},"acf":[],"yoast_head":"<!-- This site is optimized with the Yoast SEO Premium plugin v26.1 (Yoast SEO v27.5) - https:\/\/yoast.com\/product\/yoast-seo-premium-wordpress\/ -->\n<title>Vozol 40000 Puffs Blueberry Ice - Official Vozol Rave vozol vape Bulk Buy - vozolvapen<\/title>\n<meta name=\"description\" content=\"Looking for pure Blueberry Ice? The Vozol Rave 40000 Blueberry Ice flavor delivers 40000 perfect, icy puffs. 20ML capacity, 5% nicotine. Authentic Vozol 40000 in stock at our EU warehouse.\" \/>\n<meta name=\"robots\" content=\"index, follow, max-snippet:-1, max-image-preview:large, max-video-preview:-1\" \/>\n<link rel=\"canonical\" href=\"https:\/\/vozolvapen.de\/es\/product\/vozol-rave-40000-blueberry-ice\/\" \/>\n<meta property=\"og:locale\" content=\"es_ES\" \/>\n<meta property=\"og:type\" content=\"article\" \/>\n<meta property=\"og:title\" content=\"VOZOL RAVE 40000 - Blueberry Ice\" \/>\n<meta property=\"og:description\" content=\"Looking for pure Blueberry Ice? The Vozol Rave 40000 Blueberry Ice flavor delivers 40000 perfect, icy puffs. 20ML capacity, 5% nicotine. Authentic Vozol 40000 in stock at our EU warehouse.\" \/>\n<meta property=\"og:url\" content=\"https:\/\/vozolvapen.de\/es\/product\/vozol-rave-40000-blueberry-ice\/\" \/>\n<meta property=\"og:site_name\" content=\"vozolvapen\" \/>\n<meta property=\"article:modified_time\" content=\"2026-02-10T11:17:26+00:00\" \/>\n<meta property=\"og:image\" content=\"https:\/\/vozolvapen.de\/wp-content\/uploads\/2025\/12\/VOZOL-RAVE-40000-Blueberry-Ice-3.webp\" \/>\n\t<meta property=\"og:image:width\" content=\"1200\" \/>\n\t<meta property=\"og:image:height\" content=\"1200\" \/>\n\t<meta property=\"og:image:type\" content=\"image\/webp\" \/>\n<meta name=\"twitter:card\" content=\"summary_large_image\" \/>\n<meta name=\"twitter:label1\" content=\"Tiempo de lectura\" \/>\n\t<meta name=\"twitter:data1\" content=\"2 minutos\" \/>\n<script type=\"application\/ld+json\" class=\"yoast-schema-graph\">{\"@context\":\"https:\\\/\\\/schema.org\",\"@graph\":[{\"@type\":\"WebPage\",\"@id\":\"https:\\\/\\\/vozolvapen.de\\\/product\\\/vozol-rave-40000-blueberry-ice\\\/\",\"url\":\"https:\\\/\\\/vozolvapen.de\\\/product\\\/vozol-rave-40000-blueberry-ice\\\/\",\"name\":\"Vozol 40000 Puffs Blueberry Ice - Official Vozol Rave vozol vape Bulk Buy - vozolvapen\",\"isPartOf\":{\"@id\":\"https:\\\/\\\/vozolvapen.de\\\/#website\"},\"primaryImageOfPage\":{\"@id\":\"https:\\\/\\\/vozolvapen.de\\\/product\\\/vozol-rave-40000-blueberry-ice\\\/#primaryimage\"},\"image\":{\"@id\":\"https:\\\/\\\/vozolvapen.de\\\/product\\\/vozol-rave-40000-blueberry-ice\\\/#primaryimage\"},\"thumbnailUrl\":\"https:\\\/\\\/vozolvapen.de\\\/wp-content\\\/uploads\\\/2025\\\/12\\\/VOZOL-RAVE-40000-Blueberry-Ice-3.webp\",\"datePublished\":\"2025-12-03T09:44:31+00:00\",\"dateModified\":\"2026-02-10T11:17:26+00:00\",\"description\":\"Looking for pure Blueberry Ice? The Vozol Rave 40000 Blueberry Ice flavor delivers 40000 perfect, icy puffs. 20ML capacity, 5% nicotine. Authentic Vozol 40000 in stock at our EU warehouse.\",\"breadcrumb\":{\"@id\":\"https:\\\/\\\/vozolvapen.de\\\/product\\\/vozol-rave-40000-blueberry-ice\\\/#breadcrumb\"},\"inLanguage\":\"es\",\"potentialAction\":[{\"@type\":\"ReadAction\",\"target\":[\"https:\\\/\\\/vozolvapen.de\\\/product\\\/vozol-rave-40000-blueberry-ice\\\/\"]}]},{\"@type\":\"ImageObject\",\"inLanguage\":\"es\",\"@id\":\"https:\\\/\\\/vozolvapen.de\\\/product\\\/vozol-rave-40000-blueberry-ice\\\/#primaryimage\",\"url\":\"https:\\\/\\\/vozolvapen.de\\\/wp-content\\\/uploads\\\/2025\\\/12\\\/VOZOL-RAVE-40000-Blueberry-Ice-3.webp\",\"contentUrl\":\"https:\\\/\\\/vozolvapen.de\\\/wp-content\\\/uploads\\\/2025\\\/12\\\/VOZOL-RAVE-40000-Blueberry-Ice-3.webp\",\"width\":1200,\"height\":1200,\"caption\":\"Vozol Rave 40000 Blueberry Ice 3 Disposable Vape Device\"},{\"@type\":\"BreadcrumbList\",\"@id\":\"https:\\\/\\\/vozolvapen.de\\\/product\\\/vozol-rave-40000-blueberry-ice\\\/#breadcrumb\",\"itemListElement\":[{\"@type\":\"ListItem\",\"position\":1,\"name\":\"Home\",\"item\":\"https:\\\/\\\/vozolvapen.de\\\/de\\\/\"},{\"@type\":\"ListItem\",\"position\":2,\"name\":\"Shop\",\"item\":\"https:\\\/\\\/vozolvapen.de\\\/shop\\\/\"},{\"@type\":\"ListItem\",\"position\":3,\"name\":\"VOZOL RAVE 40000 &#8211; Blueberry Ice\"}]},{\"@type\":\"WebSite\",\"@id\":\"https:\\\/\\\/vozolvapen.de\\\/#website\",\"url\":\"https:\\\/\\\/vozolvapen.de\\\/\",\"name\":\"vozolvapen\",\"description\":\"vozolvapen\",\"publisher\":{\"@id\":\"https:\\\/\\\/vozolvapen.de\\\/#organization\"},\"potentialAction\":[{\"@type\":\"SearchAction\",\"target\":{\"@type\":\"EntryPoint\",\"urlTemplate\":\"https:\\\/\\\/vozolvapen.de\\\/?s={search_term_string}\"},\"query-input\":{\"@type\":\"PropertyValueSpecification\",\"valueRequired\":true,\"valueName\":\"search_term_string\"}}],\"inLanguage\":\"es\"},{\"@type\":\"Organization\",\"@id\":\"https:\\\/\\\/vozolvapen.de\\\/#organization\",\"name\":\"vozolvapen\",\"url\":\"https:\\\/\\\/vozolvapen.de\\\/\",\"logo\":{\"@type\":\"ImageObject\",\"inLanguage\":\"es\",\"@id\":\"https:\\\/\\\/vozolvapen.de\\\/#\\\/schema\\\/logo\\\/image\\\/\",\"url\":\"https:\\\/\\\/vozolvapen.de\\\/wp-content\\\/uploads\\\/2025\\\/12\\\/cropped-vozovapen-logo.webp\",\"contentUrl\":\"https:\\\/\\\/vozolvapen.de\\\/wp-content\\\/uploads\\\/2025\\\/12\\\/cropped-vozovapen-logo.webp\",\"width\":470,\"height\":110,\"caption\":\"vozolvapen\"},\"image\":{\"@id\":\"https:\\\/\\\/vozolvapen.de\\\/#\\\/schema\\\/logo\\\/image\\\/\"}}]}<\/script>\n<!-- \/ Yoast SEO Premium plugin. -->","yoast_head_json":{"title":"Vozol 40000 caladas Blueberry Ice - Vozol oficial Rave vozol vape Compra al por mayor - vozolvapen","description":"\u00bfBuscas Blueberry Ice puro? El sabor Blueberry Ice de Vozol Rave 40000 ofrece 40 000 caladas perfectas y heladas. Capacidad de 20 ml, nicotina 5%. Vozol 40000 aut\u00e9ntico en stock en nuestro almac\u00e9n de la UE.","robots":{"index":"index","follow":"follow","max-snippet":"max-snippet:-1","max-image-preview":"max-image-preview:large","max-video-preview":"max-video-preview:-1"},"canonical":"https:\/\/vozolvapen.de\/es\/product\/vozol-rave-40000-blueberry-ice\/","og_locale":"es_ES","og_type":"article","og_title":"VOZOL RAVE 40000 - Blueberry Ice","og_description":"Looking for pure Blueberry Ice? The Vozol Rave 40000 Blueberry Ice flavor delivers 40000 perfect, icy puffs. 20ML capacity, 5% nicotine. Authentic Vozol 40000 in stock at our EU warehouse.","og_url":"https:\/\/vozolvapen.de\/es\/product\/vozol-rave-40000-blueberry-ice\/","og_site_name":"vozolvapen","article_modified_time":"2026-02-10T11:17:26+00:00","og_image":[{"width":1200,"height":1200,"url":"https:\/\/vozolvapen.de\/wp-content\/uploads\/2025\/12\/VOZOL-RAVE-40000-Blueberry-Ice-3.webp","type":"image\/webp"}],"twitter_card":"summary_large_image","twitter_misc":{"Tiempo de lectura":"2 minutos"},"schema":{"@context":"https:\/\/schema.org","@graph":[{"@type":"WebPage","@id":"https:\/\/vozolvapen.de\/product\/vozol-rave-40000-blueberry-ice\/","url":"https:\/\/vozolvapen.de\/product\/vozol-rave-40000-blueberry-ice\/","name":"Vozol 40000 caladas Blueberry Ice - Vozol oficial Rave vozol vape Compra al por mayor - vozolvapen","isPartOf":{"@id":"https:\/\/vozolvapen.de\/#website"},"primaryImageOfPage":{"@id":"https:\/\/vozolvapen.de\/product\/vozol-rave-40000-blueberry-ice\/#primaryimage"},"image":{"@id":"https:\/\/vozolvapen.de\/product\/vozol-rave-40000-blueberry-ice\/#primaryimage"},"thumbnailUrl":"https:\/\/vozolvapen.de\/wp-content\/uploads\/2025\/12\/VOZOL-RAVE-40000-Blueberry-Ice-3.webp","datePublished":"2025-12-03T09:44:31+00:00","dateModified":"2026-02-10T11:17:26+00:00","description":"\u00bfBuscas Blueberry Ice puro? El sabor Blueberry Ice de Vozol Rave 40000 ofrece 40 000 caladas perfectas y heladas. Capacidad de 20 ml, nicotina 5%. Vozol 40000 aut\u00e9ntico en stock en nuestro almac\u00e9n de la UE.","breadcrumb":{"@id":"https:\/\/vozolvapen.de\/product\/vozol-rave-40000-blueberry-ice\/#breadcrumb"},"inLanguage":"es","potentialAction":[{"@type":"ReadAction","target":["https:\/\/vozolvapen.de\/product\/vozol-rave-40000-blueberry-ice\/"]}]},{"@type":"ImageObject","inLanguage":"es","@id":"https:\/\/vozolvapen.de\/product\/vozol-rave-40000-blueberry-ice\/#primaryimage","url":"https:\/\/vozolvapen.de\/wp-content\/uploads\/2025\/12\/VOZOL-RAVE-40000-Blueberry-Ice-3.webp","contentUrl":"https:\/\/vozolvapen.de\/wp-content\/uploads\/2025\/12\/VOZOL-RAVE-40000-Blueberry-Ice-3.webp","width":1200,"height":1200,"caption":"Vozol Rave 40000 Blueberry Ice 3 Disposable Vape Device"},{"@type":"BreadcrumbList","@id":"https:\/\/vozolvapen.de\/product\/vozol-rave-40000-blueberry-ice\/#breadcrumb","itemListElement":[{"@type":"ListItem","position":1,"name":"Home","item":"https:\/\/vozolvapen.de\/de\/"},{"@type":"ListItem","position":2,"name":"Shop","item":"https:\/\/vozolvapen.de\/shop\/"},{"@type":"ListItem","position":3,"name":"VOZOL RAVE 40000 &#8211; Blueberry Ice"}]},{"@type":"WebSite","@id":"https:\/\/vozolvapen.de\/#website","url":"https:\/\/vozolvapen.de\/","name":"vozolvapen","description":"vozolvapen","publisher":{"@id":"https:\/\/vozolvapen.de\/#organization"},"potentialAction":[{"@type":"SearchAction","target":{"@type":"EntryPoint","urlTemplate":"https:\/\/vozolvapen.de\/?s={search_term_string}"},"query-input":{"@type":"PropertyValueSpecification","valueRequired":true,"valueName":"search_term_string"}}],"inLanguage":"es"},{"@type":"Organization","@id":"https:\/\/vozolvapen.de\/#organization","name":"vozolvapen","url":"https:\/\/vozolvapen.de\/","logo":{"@type":"ImageObject","inLanguage":"es","@id":"https:\/\/vozolvapen.de\/#\/schema\/logo\/image\/","url":"https:\/\/vozolvapen.de\/wp-content\/uploads\/2025\/12\/cropped-vozovapen-logo.webp","contentUrl":"https:\/\/vozolvapen.de\/wp-content\/uploads\/2025\/12\/cropped-vozovapen-logo.webp","width":470,"height":110,"caption":"vozolvapen"},"image":{"@id":"https:\/\/vozolvapen.de\/#\/schema\/logo\/image\/"}}]}},"tiered_pricing_type":"fixed","tiered_pricing_fixed_rules":{"30":"14.04","50":"11.54","100":"11.04","200":"10.04"},"tiered_pricing_product_settings":{"layout":"default","base_unit_name":{"singular":null,"plural":null},"default_variation":{}},"tiered_pricing_minimum_quantity":10,"tiered_pricing_roles_data":[],"tiered_pricing_percentage_rules":[],"tiered_pricing_maximum_quantity":null,"tiered_pricing_quantity_step":"10","_links":{"self":[{"href":"https:\/\/vozolvapen.de\/es\/wp-json\/wp\/v2\/product\/7292","targetHints":{"allow":["GET"]}}],"collection":[{"href":"https:\/\/vozolvapen.de\/es\/wp-json\/wp\/v2\/product"}],"about":[{"href":"https:\/\/vozolvapen.de\/es\/wp-json\/wp\/v2\/types\/product"}],"replies":[{"embeddable":true,"href":"https:\/\/vozolvapen.de\/es\/wp-json\/wp\/v2\/comments?post=7292"}],"wp:featuredmedia":[{"embeddable":true,"href":"https:\/\/vozolvapen.de\/es\/wp-json\/wp\/v2\/media\/7294"}],"wp:attachment":[{"href":"https:\/\/vozolvapen.de\/es\/wp-json\/wp\/v2\/media?parent=7292"}],"wp:term":[{"taxonomy":"product_brand","embeddable":true,"href":"https:\/\/vozolvapen.de\/es\/wp-json\/wp\/v2\/product_brand?post=7292"},{"taxonomy":"product_cat","embeddable":true,"href":"https:\/\/vozolvapen.de\/es\/wp-json\/wp\/v2\/product_cat?post=7292"},{"taxonomy":"product_tag","embeddable":true,"href":"https:\/\/vozolvapen.de\/es\/wp-json\/wp\/v2\/product_tag?post=7292"}],"curies":[{"name":"wp","href":"https:\/\/api.w.org\/{rel}","templated":true}]}}