{"id":7382,"date":"2025-12-03T10:28:50","date_gmt":"2025-12-03T10:28:50","guid":{"rendered":"https:\/\/vozolvapen.de\/?post_type=product&#038;p=7382"},"modified":"2026-02-10T11:16:59","modified_gmt":"2026-02-10T11:16:59","slug":"vozol-rave-40000-fresa-y-mango","status":"publish","type":"product","link":"https:\/\/vozolvapen.de\/es\/product\/vozol-rave-40000-strawberry-mango\/","title":{"rendered":"VOZOL RAVE 40000 \u2013 Fresa y mango"},"content":{"rendered":"<h1 data-path-to-node=\"153\"><b>VOZOL RAVE 40000 caladas Vape desechable \u2013 Sabor fresa y mango<\/b><\/h1>\n<p data-path-to-node=\"155\"><b>Introducci\u00f3n al sabor:<\/b> <b>Fresa Mango<\/b> combina lo mejor de las bayas y los frutos tropicales en una mezcla armoniosa. El <b>VOZOL RAVE 40000<\/b> Equilibra con maestr\u00eda la ligera y aireada dulzura de la fresa con el rico y denso sabor del mango Alphonso madurado al sol. Este perfil es incre\u00edblemente suave, profundamente satisfactorio y muy arom\u00e1tico. Este <b>Vozol Vape<\/b> modelo, con su innovador <b>vozol 40000 puffs<\/b> cuenta, garantiza que disfrutes de semanas de sabor premium. El <b>Vozol 40000<\/b> es un referente en cuanto a vapeadores desechables de alta capacidad, y esta mezcla es un referente en cuanto a mezclas tropicales.<\/p>\n<h2 data-path-to-node=\"156\"><b>\u00bfPor qu\u00e9 elegir Vozol Rave 40000 Strawberry Mango?<\/b><\/h2>\n<p data-path-to-node=\"157\">Un sabor afrutado, intenso y cremoso, respaldado por la tecnolog\u00eda superior de Rave:<\/p>\n<ol start=\"1\" data-path-to-node=\"158\">\n<li>\n<p data-path-to-node=\"158,0,0\"><b>Aroma exuberante:<\/b> Una combinaci\u00f3n muy arom\u00e1tica y suave que evita la aspereza, lo que la hace perfecta para vapear de forma continua.<\/p>\n<\/li>\n<li>\n<p data-path-to-node=\"158,1,0\"><b>Dispositivo de alta capacidad:<\/b> El <b>Vozol Rave 40000<\/b> Est\u00e1 dise\u00f1ado para soportar este perfil de sabor intenso, garantizando un sabor constante hasta alcanzar las 40 000 caladas.<\/p>\n<\/li>\n<li>\n<p data-path-to-node=\"158,2,0\"><b>Recarga r\u00e1pida:<\/b> Minimiza el tiempo de inactividad con la carga Type-C l\u00edder en el sector, que se realiza en 20 minutos, para que tu sabor tropical est\u00e9 siempre listo para disfrutar.<\/p>\n<\/li>\n<\/ol>\n<h4 data-path-to-node=\"159\"><b>Especificaciones clave del VOZOL RAVE 40000<\/b><\/h4>\n<table data-path-to-node=\"4\">\n<thead>\n<tr>\n<td><strong>Par\u00e1metro<\/strong><\/td>\n<td><strong>Detalle<\/strong><\/td>\n<td><strong>Destacar<\/strong><\/td>\n<\/tr>\n<\/thead>\n<tbody>\n<tr>\n<td><span data-path-to-node=\"4,1,0,0\"><b>Nombre del modelo<\/b><\/span><\/td>\n<td><span data-path-to-node=\"4,1,1,0\"><b>VOZOL RAVE 40000<\/b><\/span><\/td>\n<td><span data-path-to-node=\"4,1,2,0\">Liderando <b>Vozol 40000<\/b> Serie<\/span><\/td>\n<\/tr>\n<tr>\n<td><span data-path-to-node=\"4,2,0,0\"><b>M\u00e1ximo n\u00famero de caladas<\/b><\/span><\/td>\n<td><span data-path-to-node=\"4,2,1,0\">Hasta <b>40000 Puffs<\/b><\/span><\/td>\n<td><span data-path-to-node=\"4,2,2,0\">Longevidad sin igual<\/span><\/td>\n<\/tr>\n<tr>\n<td><span data-path-to-node=\"4,3,0,0\"><b>E-l\u00edquido<\/b><\/span><\/td>\n<td><span data-path-to-node=\"4,3,1,0\">20 ml de l\u00edquido precargado<\/span><\/td>\n<td><span data-path-to-node=\"4,3,2,0\">Capacidad m\u00e1xima<\/span><\/td>\n<\/tr>\n<tr>\n<td><span data-path-to-node=\"4,4,0,0\"><b>Nicotina<\/b><\/span><\/td>\n<td><span data-path-to-node=\"4,4,1,0\">5% (50 mg\/ml) Nivel de nicotina<\/span><\/td>\n<td><span data-path-to-node=\"4,4,2,0\">Golpe fuerte y satisfactorio<\/span><\/td>\n<\/tr>\n<tr>\n<td><span data-path-to-node=\"4,5,0,0\"><b>Bater\u00eda<\/b><\/span><\/td>\n<td><span data-path-to-node=\"4,5,1,0\">1000 mAh recargable<\/span><\/td>\n<td><span data-path-to-node=\"4,5,2,0\">80% Cargado en 20 minutos<\/span><\/td>\n<\/tr>\n<tr>\n<td><span data-path-to-node=\"4,6,0,0\"><b>Env\u00edo<\/b><\/span><\/td>\n<td><span data-path-to-node=\"4,6,1,0\">Almac\u00e9n europeo (1-3 d\u00edas)<\/span><\/td>\n<td><span data-path-to-node=\"4,6,2,0\">Entrega r\u00e1pida en la UE<\/span><\/td>\n<\/tr>\n<tr>\n<td><span data-path-to-node=\"4,7,0,0\"><b>Caracter\u00edsticas<\/b><\/span><\/td>\n<td><span data-path-to-node=\"4,7,1,0\">Brillo vibrante de 270\u00b0, modo fiesta sincronizado con el ritmo<\/span><\/td>\n<td><span data-path-to-node=\"4,7,2,0\">Una experiencia \u00fanica de vapeo<\/span><\/td>\n<\/tr>\n<\/tbody>\n<\/table>\n<h3 dir=\"auto\">Aqu\u00ed tienes m\u00e1s recomendaciones para ti:<\/h3>\n<p dir=\"auto\">\u00a1Descubre sabores a\u00fan m\u00e1s incre\u00edbles con el vaporizador Fumot VOZOL RAVE 40000 Puff!<\/p>\n<p dir=\"auto\"><a href=\"https:\/\/vozolvapen.de\/es\/categoria-de-producto\/vozol-vape\/vozol-rave-40-000-caladas-vape\/\">Ver todas las variedades aqu\u00ed \u2192<\/a><\/p>\n<p dir=\"auto\">Explora nuestra colecci\u00f3n completa y compra las mejores marcas de vapeo que te encantar\u00e1n.<\/p>\n<p dir=\"auto\"><a href=\"https:\/\/vozolvapen.de\/es\/\">Explora todas las marcas ahora \u2192<\/a><\/p>\n<p dir=\"auto\">\u00a1Echa un vistazo a la serie completa de VOZOL Vape: todos los sabores, todos los estilos!<\/p>\n<p dir=\"auto\"><a href=\"https:\/\/vozolvapen.de\/es\/categoria-de-producto\/vozol-vape\/\">Ver la colecci\u00f3n completa de VOZOL Vape \u2192<\/a><\/p>","protected":false},"excerpt":{"rendered":"<p>La ligera frescura de la fresa combinada con el rico y denso sabor del mango. Disfruta de un viaje tropical y sedoso con <b>Vozol 40000<\/b>.<\/p>","protected":false},"featured_media":7333,"comment_status":"open","ping_status":"closed","template":"","meta":{"_acf_changed":false},"product_brand":[],"product_cat":[134,55],"product_tag":[],"class_list":{"0":"post-7382","1":"product","2":"type-product","3":"status-publish","4":"has-post-thumbnail","6":"product_cat-eu-warehouse-in-stock","7":"product_cat-vozol-rave-40000-puffs-vape","9":"first","10":"instock","11":"shipping-taxable","12":"purchasable","13":"product-type-variable"},"acf":[],"yoast_head":"<!-- This site is optimized with the Yoast SEO Premium plugin v26.1 (Yoast SEO v27.5) - https:\/\/yoast.com\/product\/yoast-seo-premium-wordpress\/ -->\n<title>Vozol Rave 40000 Puffs Strawberry Mango - Tropical Vozol Rave Mix Wholesale - vozolvapen<\/title>\n<meta name=\"description\" content=\"Tropical perfection: Vozol Rave 40000 Strawberry Mango. A blend of ripe strawberries and lush mangoes. 40000 puffs of pure fruit goodness from the top vozol vape.\" \/>\n<meta name=\"robots\" content=\"index, follow, max-snippet:-1, max-image-preview:large, max-video-preview:-1\" \/>\n<link rel=\"canonical\" href=\"https:\/\/vozolvapen.de\/es\/product\/vozol-rave-40000-fresa-y-mango\/\" \/>\n<meta property=\"og:locale\" content=\"es_ES\" \/>\n<meta property=\"og:type\" content=\"article\" \/>\n<meta property=\"og:title\" content=\"VOZOL RAVE 40000 - Strawberry Mango\" \/>\n<meta property=\"og:description\" content=\"Tropical perfection: Vozol Rave 40000 Strawberry Mango. A blend of ripe strawberries and lush mangoes. 40000 puffs of pure fruit goodness from the top vozol vape.\" \/>\n<meta property=\"og:url\" content=\"https:\/\/vozolvapen.de\/es\/product\/vozol-rave-40000-fresa-y-mango\/\" \/>\n<meta property=\"og:site_name\" content=\"vozolvapen\" \/>\n<meta property=\"article:modified_time\" content=\"2026-02-10T11:16:59+00:00\" \/>\n<meta property=\"og:image\" content=\"https:\/\/vozolvapen.de\/wp-content\/uploads\/2025\/12\/VOZOL-RAVE-40000-Strawberry-Mango-2.webp\" \/>\n\t<meta property=\"og:image:width\" content=\"1200\" \/>\n\t<meta property=\"og:image:height\" content=\"1200\" \/>\n\t<meta property=\"og:image:type\" content=\"image\/webp\" \/>\n<meta name=\"twitter:card\" content=\"summary_large_image\" \/>\n<meta name=\"twitter:label1\" content=\"Tiempo de lectura\" \/>\n\t<meta name=\"twitter:data1\" content=\"2 minutos\" \/>\n<script type=\"application\/ld+json\" class=\"yoast-schema-graph\">{\"@context\":\"https:\\\/\\\/schema.org\",\"@graph\":[{\"@type\":\"WebPage\",\"@id\":\"https:\\\/\\\/vozolvapen.de\\\/product\\\/vozol-rave-40000-strawberry-mango\\\/\",\"url\":\"https:\\\/\\\/vozolvapen.de\\\/product\\\/vozol-rave-40000-strawberry-mango\\\/\",\"name\":\"Vozol Rave 40000 Puffs Strawberry Mango - Tropical Vozol Rave Mix Wholesale - vozolvapen\",\"isPartOf\":{\"@id\":\"https:\\\/\\\/vozolvapen.de\\\/#website\"},\"primaryImageOfPage\":{\"@id\":\"https:\\\/\\\/vozolvapen.de\\\/product\\\/vozol-rave-40000-strawberry-mango\\\/#primaryimage\"},\"image\":{\"@id\":\"https:\\\/\\\/vozolvapen.de\\\/product\\\/vozol-rave-40000-strawberry-mango\\\/#primaryimage\"},\"thumbnailUrl\":\"https:\\\/\\\/vozolvapen.de\\\/wp-content\\\/uploads\\\/2025\\\/12\\\/VOZOL-RAVE-40000-Strawberry-Mango-2.webp\",\"datePublished\":\"2025-12-03T10:28:50+00:00\",\"dateModified\":\"2026-02-10T11:16:59+00:00\",\"description\":\"Tropical perfection: Vozol Rave 40000 Strawberry Mango. A blend of ripe strawberries and lush mangoes. 40000 puffs of pure fruit goodness from the top vozol vape.\",\"breadcrumb\":{\"@id\":\"https:\\\/\\\/vozolvapen.de\\\/product\\\/vozol-rave-40000-strawberry-mango\\\/#breadcrumb\"},\"inLanguage\":\"es\",\"potentialAction\":[{\"@type\":\"ReadAction\",\"target\":[\"https:\\\/\\\/vozolvapen.de\\\/product\\\/vozol-rave-40000-strawberry-mango\\\/\"]}]},{\"@type\":\"ImageObject\",\"inLanguage\":\"es\",\"@id\":\"https:\\\/\\\/vozolvapen.de\\\/product\\\/vozol-rave-40000-strawberry-mango\\\/#primaryimage\",\"url\":\"https:\\\/\\\/vozolvapen.de\\\/wp-content\\\/uploads\\\/2025\\\/12\\\/VOZOL-RAVE-40000-Strawberry-Mango-2.webp\",\"contentUrl\":\"https:\\\/\\\/vozolvapen.de\\\/wp-content\\\/uploads\\\/2025\\\/12\\\/VOZOL-RAVE-40000-Strawberry-Mango-2.webp\",\"width\":1200,\"height\":1200,\"caption\":\"Vozol Rave 40000 Strawberry Mango 2 Disposable Vape Device\"},{\"@type\":\"BreadcrumbList\",\"@id\":\"https:\\\/\\\/vozolvapen.de\\\/product\\\/vozol-rave-40000-strawberry-mango\\\/#breadcrumb\",\"itemListElement\":[{\"@type\":\"ListItem\",\"position\":1,\"name\":\"Home\",\"item\":\"https:\\\/\\\/vozolvapen.de\\\/de\\\/\"},{\"@type\":\"ListItem\",\"position\":2,\"name\":\"Shop\",\"item\":\"https:\\\/\\\/vozolvapen.de\\\/shop\\\/\"},{\"@type\":\"ListItem\",\"position\":3,\"name\":\"VOZOL RAVE 40000 &#8211; Strawberry Mango\"}]},{\"@type\":\"WebSite\",\"@id\":\"https:\\\/\\\/vozolvapen.de\\\/#website\",\"url\":\"https:\\\/\\\/vozolvapen.de\\\/\",\"name\":\"vozolvapen\",\"description\":\"vozolvapen\",\"publisher\":{\"@id\":\"https:\\\/\\\/vozolvapen.de\\\/#organization\"},\"potentialAction\":[{\"@type\":\"SearchAction\",\"target\":{\"@type\":\"EntryPoint\",\"urlTemplate\":\"https:\\\/\\\/vozolvapen.de\\\/?s={search_term_string}\"},\"query-input\":{\"@type\":\"PropertyValueSpecification\",\"valueRequired\":true,\"valueName\":\"search_term_string\"}}],\"inLanguage\":\"es\"},{\"@type\":\"Organization\",\"@id\":\"https:\\\/\\\/vozolvapen.de\\\/#organization\",\"name\":\"vozolvapen\",\"url\":\"https:\\\/\\\/vozolvapen.de\\\/\",\"logo\":{\"@type\":\"ImageObject\",\"inLanguage\":\"es\",\"@id\":\"https:\\\/\\\/vozolvapen.de\\\/#\\\/schema\\\/logo\\\/image\\\/\",\"url\":\"https:\\\/\\\/vozolvapen.de\\\/wp-content\\\/uploads\\\/2025\\\/12\\\/cropped-vozovapen-logo.webp\",\"contentUrl\":\"https:\\\/\\\/vozolvapen.de\\\/wp-content\\\/uploads\\\/2025\\\/12\\\/cropped-vozovapen-logo.webp\",\"width\":470,\"height\":110,\"caption\":\"vozolvapen\"},\"image\":{\"@id\":\"https:\\\/\\\/vozolvapen.de\\\/#\\\/schema\\\/logo\\\/image\\\/\"}}]}<\/script>\n<!-- \/ Yoast SEO Premium plugin. -->","yoast_head_json":{"title":"Vozol Rave 40 000 caladas Fresa Mango - Tropical Vozol Rave Mix Al por mayor - vozolvapen","description":"La perfecci\u00f3n tropical: Vozol Rave 40000 Strawberry Mango. Una mezcla de fresas maduras y mangos exquisitos. 40 000 caladas de pura fruta de la mejor calidad con el vaporizador Vozol.","robots":{"index":"index","follow":"follow","max-snippet":"max-snippet:-1","max-image-preview":"max-image-preview:large","max-video-preview":"max-video-preview:-1"},"canonical":"https:\/\/vozolvapen.de\/es\/product\/vozol-rave-40000-fresa-y-mango\/","og_locale":"es_ES","og_type":"article","og_title":"VOZOL RAVE 40000 - Strawberry Mango","og_description":"Tropical perfection: Vozol Rave 40000 Strawberry Mango. A blend of ripe strawberries and lush mangoes. 40000 puffs of pure fruit goodness from the top vozol vape.","og_url":"https:\/\/vozolvapen.de\/es\/product\/vozol-rave-40000-fresa-y-mango\/","og_site_name":"vozolvapen","article_modified_time":"2026-02-10T11:16:59+00:00","og_image":[{"width":1200,"height":1200,"url":"https:\/\/vozolvapen.de\/wp-content\/uploads\/2025\/12\/VOZOL-RAVE-40000-Strawberry-Mango-2.webp","type":"image\/webp"}],"twitter_card":"summary_large_image","twitter_misc":{"Tiempo de lectura":"2 minutos"},"schema":{"@context":"https:\/\/schema.org","@graph":[{"@type":"WebPage","@id":"https:\/\/vozolvapen.de\/product\/vozol-rave-40000-strawberry-mango\/","url":"https:\/\/vozolvapen.de\/product\/vozol-rave-40000-strawberry-mango\/","name":"Vozol Rave 40 000 caladas Fresa Mango - Tropical Vozol Rave Mix Al por mayor - vozolvapen","isPartOf":{"@id":"https:\/\/vozolvapen.de\/#website"},"primaryImageOfPage":{"@id":"https:\/\/vozolvapen.de\/product\/vozol-rave-40000-strawberry-mango\/#primaryimage"},"image":{"@id":"https:\/\/vozolvapen.de\/product\/vozol-rave-40000-strawberry-mango\/#primaryimage"},"thumbnailUrl":"https:\/\/vozolvapen.de\/wp-content\/uploads\/2025\/12\/VOZOL-RAVE-40000-Strawberry-Mango-2.webp","datePublished":"2025-12-03T10:28:50+00:00","dateModified":"2026-02-10T11:16:59+00:00","description":"La perfecci\u00f3n tropical: Vozol Rave 40000 Strawberry Mango. Una mezcla de fresas maduras y mangos exquisitos. 40 000 caladas de pura fruta de la mejor calidad con el vaporizador Vozol.","breadcrumb":{"@id":"https:\/\/vozolvapen.de\/product\/vozol-rave-40000-strawberry-mango\/#breadcrumb"},"inLanguage":"es","potentialAction":[{"@type":"ReadAction","target":["https:\/\/vozolvapen.de\/product\/vozol-rave-40000-strawberry-mango\/"]}]},{"@type":"ImageObject","inLanguage":"es","@id":"https:\/\/vozolvapen.de\/product\/vozol-rave-40000-strawberry-mango\/#primaryimage","url":"https:\/\/vozolvapen.de\/wp-content\/uploads\/2025\/12\/VOZOL-RAVE-40000-Strawberry-Mango-2.webp","contentUrl":"https:\/\/vozolvapen.de\/wp-content\/uploads\/2025\/12\/VOZOL-RAVE-40000-Strawberry-Mango-2.webp","width":1200,"height":1200,"caption":"Vozol Rave 40000 Strawberry Mango 2 Disposable Vape Device"},{"@type":"BreadcrumbList","@id":"https:\/\/vozolvapen.de\/product\/vozol-rave-40000-strawberry-mango\/#breadcrumb","itemListElement":[{"@type":"ListItem","position":1,"name":"Home","item":"https:\/\/vozolvapen.de\/de\/"},{"@type":"ListItem","position":2,"name":"Shop","item":"https:\/\/vozolvapen.de\/shop\/"},{"@type":"ListItem","position":3,"name":"VOZOL RAVE 40000 &#8211; Strawberry Mango"}]},{"@type":"WebSite","@id":"https:\/\/vozolvapen.de\/#website","url":"https:\/\/vozolvapen.de\/","name":"vozolvapen","description":"vozolvapen","publisher":{"@id":"https:\/\/vozolvapen.de\/#organization"},"potentialAction":[{"@type":"SearchAction","target":{"@type":"EntryPoint","urlTemplate":"https:\/\/vozolvapen.de\/?s={search_term_string}"},"query-input":{"@type":"PropertyValueSpecification","valueRequired":true,"valueName":"search_term_string"}}],"inLanguage":"es"},{"@type":"Organization","@id":"https:\/\/vozolvapen.de\/#organization","name":"vozolvapen","url":"https:\/\/vozolvapen.de\/","logo":{"@type":"ImageObject","inLanguage":"es","@id":"https:\/\/vozolvapen.de\/#\/schema\/logo\/image\/","url":"https:\/\/vozolvapen.de\/wp-content\/uploads\/2025\/12\/cropped-vozovapen-logo.webp","contentUrl":"https:\/\/vozolvapen.de\/wp-content\/uploads\/2025\/12\/cropped-vozovapen-logo.webp","width":470,"height":110,"caption":"vozolvapen"},"image":{"@id":"https:\/\/vozolvapen.de\/#\/schema\/logo\/image\/"}}]}},"tiered_pricing_type":"fixed","tiered_pricing_fixed_rules":{"30":"14.04","50":"11.54","100":"11.04","200":"10.04"},"tiered_pricing_product_settings":{"layout":"default","base_unit_name":{"singular":null,"plural":null},"default_variation":{}},"tiered_pricing_minimum_quantity":10,"tiered_pricing_roles_data":[],"tiered_pricing_percentage_rules":[],"tiered_pricing_maximum_quantity":null,"tiered_pricing_quantity_step":"10","_links":{"self":[{"href":"https:\/\/vozolvapen.de\/es\/wp-json\/wp\/v2\/product\/7382","targetHints":{"allow":["GET"]}}],"collection":[{"href":"https:\/\/vozolvapen.de\/es\/wp-json\/wp\/v2\/product"}],"about":[{"href":"https:\/\/vozolvapen.de\/es\/wp-json\/wp\/v2\/types\/product"}],"replies":[{"embeddable":true,"href":"https:\/\/vozolvapen.de\/es\/wp-json\/wp\/v2\/comments?post=7382"}],"wp:featuredmedia":[{"embeddable":true,"href":"https:\/\/vozolvapen.de\/es\/wp-json\/wp\/v2\/media\/7333"}],"wp:attachment":[{"href":"https:\/\/vozolvapen.de\/es\/wp-json\/wp\/v2\/media?parent=7382"}],"wp:term":[{"taxonomy":"product_brand","embeddable":true,"href":"https:\/\/vozolvapen.de\/es\/wp-json\/wp\/v2\/product_brand?post=7382"},{"taxonomy":"product_cat","embeddable":true,"href":"https:\/\/vozolvapen.de\/es\/wp-json\/wp\/v2\/product_cat?post=7382"},{"taxonomy":"product_tag","embeddable":true,"href":"https:\/\/vozolvapen.de\/es\/wp-json\/wp\/v2\/product_tag?post=7382"}],"curies":[{"name":"wp","href":"https:\/\/api.w.org\/{rel}","templated":true}]}}