{"id":7867,"date":"2025-12-06T08:49:33","date_gmt":"2025-12-06T08:49:33","guid":{"rendered":"https:\/\/vozolvapen.de\/?post_type=product&#038;p=7867"},"modified":"2026-02-10T12:35:23","modified_gmt":"2026-02-10T12:35:23","slug":"puff-80k-bang-leader-80000-frambuesa-mojito-melocoton-hielo-fresa-y-sandia-kiwi-maracuya-guayaba","status":"publish","type":"product","link":"https:\/\/vozolvapen.de\/es\/product\/puff-80k-bang-leader-80000-raspberry-mojito-peach-ice-strawberry-and-watermelon-kiwi-passion-fruit-guava\/","title":{"rendered":"Puff 80k Bang Leader 80000 \u2013 Mojito de frambuesa, melocot\u00f3n helado + fresa y sand\u00eda + kiwi, maracuy\u00e1 y guayaba"},"content":{"rendered":"<h1>Bang Leader 80 000 caladas 3 en 1: Mojito, Bayas y Guayaba tropical<\/h1>\n<h2><b>Enfoque en el producto<\/b><\/h2>\n<p><b> La colecci\u00f3n Carnaval<\/b> Esto <b>Bang Leader<\/b> La combinaci\u00f3n est\u00e1 dise\u00f1ada para los vapeadores m\u00e1s atrevidos. Fusiona un sabor fresco inspirado en un c\u00f3ctel (Raspberry Mojito Peach Ice) con dos mezclas cl\u00e1sicas de frutas (Strawberry and Watermelon, Kiwi Passion Fruit Guava). El innovador sistema 3 en 1 de este <b>Puff 80k Bang Leader 80000<\/b> asegura que nunca te canses del sabor, lo que lo convierte en el perfecto <b>bang puff<\/b> Dispositivo para uso prolongado. Disfruta del vapor suave y constante de la resistencia de malla de 1,0 \u03a9 con los tres l\u00edquidos electr\u00f3nicos premium.<\/p>\n<h2 data-path-to-node=\"4\"><b>La colecci\u00f3n Carnival: una inmersi\u00f3n profunda en los sabores<\/b><\/h2>\n<p data-path-to-node=\"4\">Esta combinaci\u00f3n \u00fanica 3 en 1 para el <b>Bang Leader 80000<\/b> es una mezcla perfecta de refrescante frescor y dulzura tropical. Con un simple cambio, puedes disfrutar de tres experiencias de vapeo distintas pero complementarias, todas ellas con una duraci\u00f3n ultralarga. <b>bang puff<\/b> dispositivo:<\/p>\n<ul>\n<li data-path-to-node=\"5,0,0\"><b>Mojito de frambuesa y melocot\u00f3n helado (Pod 1):<\/b> Una mezcla vibrante inspirada en un c\u00f3ctel, que combina la acidez de la frambuesa y la menta del mojito, endulzada con melocot\u00f3n y rematada con un refrescante toque helado.<\/li>\n<li data-path-to-node=\"5,1,0\"><b>Fresa y sand\u00eda (Pod 2):<\/b><span class=\"citation-64 citation-end-64\"> Un cl\u00e1sico refrescante y universalmente apreciado, donde la jugosa dulzura de la sand\u00eda se combina con el sabor \u00e1cido y familiar de las fresas maduras.<\/span><\/li>\n<li data-path-to-node=\"5,2,0\"><b>Kiwi, maracuy\u00e1 y guayaba (Pod 3):<\/b><span class=\"citation-63 citation-end-63\"> Una mezcla intensa y ex\u00f3tica con el toque \u00e1cido del kiwi, el aroma caracter\u00edstico de la fruta de la pasi\u00f3n y la dulzura almizclada de la guayaba.<\/span><\/li>\n<\/ul>\n<p data-path-to-node=\"6\">Cada calada est\u00e1 impulsada por el alto rendimiento. <b>Bobina de malla de 1,0 \u03a9<\/b>, lo que garantiza la m\u00e1xima saturaci\u00f3n del sabor y una vaporizaci\u00f3n suave y consistente cada vez que cambias.<\/p>\n<h3 data-path-to-node=\"27\">\u00bfPara qui\u00e9n es este sabor?<\/h3>\n<p><b>El aventurero del sabor:<\/b> Ideal para vapeadores que buscan sabores ex\u00f3ticos inspirados en c\u00f3cteles. Esta mezcla es para quienes aprecian los sabores intensos y complejos, y la refrescante calidad de las combinaciones de frutas heladas.<\/p>\n<h3 data-path-to-node=\"27\">Par\u00e1metros b\u00e1sicos<\/h3>\n<table data-path-to-node=\"29\">\n<thead>\n<tr>\n<td><strong>Par\u00e1metros de sabor<\/strong><\/td>\n<td><strong>Detalles<\/strong><\/td>\n<\/tr>\n<\/thead>\n<tbody>\n<tr>\n<td><span data-path-to-node=\"29,1,0,0\"><b>Combinaci\u00f3n de sabores<\/b><\/span><\/td>\n<td>Mojito de frambuesa, hielo de melocot\u00f3n + fresa y sand\u00eda + kiwi, maracuy\u00e1 y guayaba.<\/td>\n<\/tr>\n<tr>\n<td><span data-path-to-node=\"29,2,0,0\"><b>Recuento de bocanadas<\/b><\/span><\/td>\n<td><span data-path-to-node=\"29,2,1,0\">Hasta 80 000 Puffs(Puff 80k)<\/span><\/td>\n<\/tr>\n<tr>\n<td><span data-path-to-node=\"29,3,0,0\"><b>Capacidad del l\u00edquido electr\u00f3nico<\/b><\/span><\/td>\n<td><span data-path-to-node=\"29,3,1,0\">78 ml precargado<\/span><\/td>\n<\/tr>\n<tr>\n<td><span data-path-to-node=\"29,4,0,0\"><b>Concentraciones de nicotina<\/b><\/span><\/td>\n<td><span data-path-to-node=\"29,4,1,0\">0% \/ 2% \/ 3% \/ 5% Nivel de nicotina<\/span><\/td>\n<\/tr>\n<tr>\n<td><span data-path-to-node=\"29,5,0,0\"><b>Bobina<\/b><\/span><\/td>\n<td><span data-path-to-node=\"29,5,1,0\">Bobina de malla de 1,0 \u03a9 para un sabor intenso<\/span><\/td>\n<\/tr>\n<tr>\n<td><span data-path-to-node=\"29,6,0,0\"><b>Bater\u00eda<\/b><\/span><\/td>\n<td><span data-path-to-node=\"29,6,1,0\">850 mAh recargable<\/span><\/td>\n<\/tr>\n<tr>\n<td><span data-path-to-node=\"29,7,0,0\"><b>Env\u00edo<\/b><\/span><\/td>\n<td><span data-path-to-node=\"29,7,1,0\">Almac\u00e9n europeo (1-3 d\u00edas)<\/span><\/td>\n<\/tr>\n<\/tbody>\n<\/table>\n<h2><strong>Puff 80k Bang Leader 80000 <\/strong><strong>V\u00eddeo:<\/strong><\/h2>\n<p><iframe title=\"Vaporizador desechable Bang Leader 80000 Puffs: la experiencia definitiva de Puff 80k.\" src=\"https:\/\/player.vimeo.com\/video\/1150263452?badge=0&amp;autopause=0&amp;player_id=0&amp;app_id=58479\" width=\"400\" height=\"711\" frameborder=\"0\"><\/iframe><\/p>\n<h3 dir=\"auto\">Aqu\u00ed tienes m\u00e1s recomendaciones para ti:<\/h3>\n<p dir=\"auto\">\u00a1Descubre sabores a\u00fan m\u00e1s incre\u00edbles con el vaporizador Puff 80k Bang Leader 80000!<\/p>\n<p dir=\"auto\"><a href=\"https:\/\/vozolvapen.de\/es\/categoria-de-producto\/bang-vape\/puff-80k-bang-leader-80-000-caladas-vape\/\">Ver todas las variedades aqu\u00ed \u2192<\/a><\/p>\n<p dir=\"auto\">Explora nuestra colecci\u00f3n completa y compra las mejores marcas de vapeo que te encantar\u00e1n.<\/p>\n<p dir=\"auto\"><a href=\"https:\/\/vozolvapen.de\/es\/\">Explora todas las marcas ahora \u2192<\/a><\/p>\n<p dir=\"auto\">\u00a1Echa un vistazo a la serie completa Bang Vape: todos los sabores, todos los estilos!<\/p>\n<p dir=\"auto\"><a href=\"https:\/\/vozolvapen.de\/es\/categoria-de-producto\/bang-vape\/\">Ver la colecci\u00f3n completa de Bang Vape \u2192<\/a><\/p>","protected":false},"excerpt":{"rendered":"<p data-path-to-node=\"6\">\u00a1Ya est\u00e1 aqu\u00ed la colecci\u00f3n Carnival! Disfruta de tres sabores complejos y vibrantes: el refrescante toque de c\u00f3ctel de Raspberry Mojito Peach Ice, la cl\u00e1sica mezcla de Strawberry and Watermelon y el intenso ponche tropical de Kiwi Passion Fruit Guava. <b>80 000 caladas<\/b> de pura variedad.<\/p>","protected":false},"featured_media":7880,"comment_status":"open","ping_status":"closed","template":"","meta":{"_acf_changed":false},"product_brand":[],"product_cat":[134,64],"product_tag":[],"class_list":{"0":"post-7867","1":"product","2":"type-product","3":"status-publish","4":"has-post-thumbnail","6":"product_cat-eu-warehouse-in-stock","7":"product_cat-puff-80k-bang-leader-80000-puffs-vape","9":"first","10":"instock","11":"featured","12":"shipping-taxable","13":"purchasable","14":"product-type-variable"},"acf":[],"yoast_head":"<!-- This site is optimized with the Yoast SEO Premium plugin v26.1 (Yoast SEO v27.5) - https:\/\/yoast.com\/product\/yoast-seo-premium-wordpress\/ -->\n<title>Puff 80k Bang Leader 80000: Mojito, Berries &amp; Tropical Guava 3-in-1 Flavor - vozolvapen<\/title>\n<meta name=\"description\" content=\"The Bang Leader 80000 Puffs Carnival Collection: Raspberry Mojito Peach Ice, Strawberry Watermelon, and Kiwi Passion Fruit Guava. Enjoy 3 unique flavors in one Puff 80k rechargeable device. Fast EU shipping.\" \/>\n<meta name=\"robots\" content=\"index, follow, max-snippet:-1, max-image-preview:large, max-video-preview:-1\" \/>\n<link rel=\"canonical\" href=\"https:\/\/vozolvapen.de\/es\/product\/puff-80k-bang-leader-80000-frambuesa-mojito-melocoton-hielo-fresa-y-sandia-kiwi-maracuya-guayaba\/\" \/>\n<meta property=\"og:locale\" content=\"es_ES\" \/>\n<meta property=\"og:type\" content=\"article\" \/>\n<meta property=\"og:title\" content=\"Puff 80k Bang Leader 80000 - Raspberry Mojito Peach Ice + Strawberry And Watermelon + Kiwi Passion Fruit Guava\" \/>\n<meta property=\"og:description\" content=\"The Bang Leader 80000 Puffs Carnival Collection: Raspberry Mojito Peach Ice, Strawberry Watermelon, and Kiwi Passion Fruit Guava. Enjoy 3 unique flavors in one Puff 80k rechargeable device. Fast EU shipping.\" \/>\n<meta property=\"og:url\" content=\"https:\/\/vozolvapen.de\/es\/product\/puff-80k-bang-leader-80000-frambuesa-mojito-melocoton-hielo-fresa-y-sandia-kiwi-maracuya-guayaba\/\" \/>\n<meta property=\"og:site_name\" content=\"vozolvapen\" \/>\n<meta property=\"article:modified_time\" content=\"2026-02-10T12:35:23+00:00\" \/>\n<meta property=\"og:image\" content=\"https:\/\/vozolvapen.de\/wp-content\/uploads\/2025\/12\/Puff-80k-Bang-Leader-80000-raspberry-mojito-peach-ice-strawberry-and-watermelon-kiwi-passion-fruit-guava.jpg.webp\" \/>\n\t<meta property=\"og:image:width\" content=\"1200\" \/>\n\t<meta property=\"og:image:height\" content=\"1200\" \/>\n\t<meta property=\"og:image:type\" content=\"image\/webp\" \/>\n<meta name=\"twitter:card\" content=\"summary_large_image\" \/>\n<meta name=\"twitter:label1\" content=\"Tiempo de lectura\" \/>\n\t<meta name=\"twitter:data1\" content=\"2 minutos\" \/>\n<script type=\"application\/ld+json\" class=\"yoast-schema-graph\">{\"@context\":\"https:\\\/\\\/schema.org\",\"@graph\":[{\"@type\":\"WebPage\",\"@id\":\"https:\\\/\\\/vozolvapen.de\\\/product\\\/puff-80k-bang-leader-80000-raspberry-mojito-peach-ice-strawberry-and-watermelon-kiwi-passion-fruit-guava\\\/\",\"url\":\"https:\\\/\\\/vozolvapen.de\\\/product\\\/puff-80k-bang-leader-80000-raspberry-mojito-peach-ice-strawberry-and-watermelon-kiwi-passion-fruit-guava\\\/\",\"name\":\"Puff 80k Bang Leader 80000: Mojito, Berries & Tropical Guava 3-in-1 Flavor - vozolvapen\",\"isPartOf\":{\"@id\":\"https:\\\/\\\/vozolvapen.de\\\/#website\"},\"primaryImageOfPage\":{\"@id\":\"https:\\\/\\\/vozolvapen.de\\\/product\\\/puff-80k-bang-leader-80000-raspberry-mojito-peach-ice-strawberry-and-watermelon-kiwi-passion-fruit-guava\\\/#primaryimage\"},\"image\":{\"@id\":\"https:\\\/\\\/vozolvapen.de\\\/product\\\/puff-80k-bang-leader-80000-raspberry-mojito-peach-ice-strawberry-and-watermelon-kiwi-passion-fruit-guava\\\/#primaryimage\"},\"thumbnailUrl\":\"https:\\\/\\\/vozolvapen.de\\\/wp-content\\\/uploads\\\/2025\\\/12\\\/Puff-80k-Bang-Leader-80000-raspberry-mojito-peach-ice-strawberry-and-watermelon-kiwi-passion-fruit-guava.jpg.webp\",\"datePublished\":\"2025-12-06T08:49:33+00:00\",\"dateModified\":\"2026-02-10T12:35:23+00:00\",\"description\":\"The Bang Leader 80000 Puffs Carnival Collection: Raspberry Mojito Peach Ice, Strawberry Watermelon, and Kiwi Passion Fruit Guava. Enjoy 3 unique flavors in one Puff 80k rechargeable device. Fast EU shipping.\",\"breadcrumb\":{\"@id\":\"https:\\\/\\\/vozolvapen.de\\\/product\\\/puff-80k-bang-leader-80000-raspberry-mojito-peach-ice-strawberry-and-watermelon-kiwi-passion-fruit-guava\\\/#breadcrumb\"},\"inLanguage\":\"es\",\"potentialAction\":[{\"@type\":\"ReadAction\",\"target\":[\"https:\\\/\\\/vozolvapen.de\\\/product\\\/puff-80k-bang-leader-80000-raspberry-mojito-peach-ice-strawberry-and-watermelon-kiwi-passion-fruit-guava\\\/\"]}]},{\"@type\":\"ImageObject\",\"inLanguage\":\"es\",\"@id\":\"https:\\\/\\\/vozolvapen.de\\\/product\\\/puff-80k-bang-leader-80000-raspberry-mojito-peach-ice-strawberry-and-watermelon-kiwi-passion-fruit-guava\\\/#primaryimage\",\"url\":\"https:\\\/\\\/vozolvapen.de\\\/wp-content\\\/uploads\\\/2025\\\/12\\\/Puff-80k-Bang-Leader-80000-raspberry-mojito-peach-ice-strawberry-and-watermelon-kiwi-passion-fruit-guava.jpg.webp\",\"contentUrl\":\"https:\\\/\\\/vozolvapen.de\\\/wp-content\\\/uploads\\\/2025\\\/12\\\/Puff-80k-Bang-Leader-80000-raspberry-mojito-peach-ice-strawberry-and-watermelon-kiwi-passion-fruit-guava.jpg.webp\",\"width\":1200,\"height\":1200,\"caption\":\"Puff 80k Bang Leader 80000 Raspberry Mojito Peach Ice Strawberry And Watermelon Kiwi Passion Fruit Guava.jpg Disposable\"},{\"@type\":\"BreadcrumbList\",\"@id\":\"https:\\\/\\\/vozolvapen.de\\\/product\\\/puff-80k-bang-leader-80000-raspberry-mojito-peach-ice-strawberry-and-watermelon-kiwi-passion-fruit-guava\\\/#breadcrumb\",\"itemListElement\":[{\"@type\":\"ListItem\",\"position\":1,\"name\":\"Home\",\"item\":\"https:\\\/\\\/vozolvapen.de\\\/de\\\/\"},{\"@type\":\"ListItem\",\"position\":2,\"name\":\"Shop\",\"item\":\"https:\\\/\\\/vozolvapen.de\\\/shop\\\/\"},{\"@type\":\"ListItem\",\"position\":3,\"name\":\"Puff 80k Bang Leader 80000 &#8211; Raspberry Mojito Peach Ice + Strawberry And Watermelon + Kiwi Passion Fruit Guava\"}]},{\"@type\":\"WebSite\",\"@id\":\"https:\\\/\\\/vozolvapen.de\\\/#website\",\"url\":\"https:\\\/\\\/vozolvapen.de\\\/\",\"name\":\"vozolvapen\",\"description\":\"vozolvapen\",\"publisher\":{\"@id\":\"https:\\\/\\\/vozolvapen.de\\\/#organization\"},\"potentialAction\":[{\"@type\":\"SearchAction\",\"target\":{\"@type\":\"EntryPoint\",\"urlTemplate\":\"https:\\\/\\\/vozolvapen.de\\\/?s={search_term_string}\"},\"query-input\":{\"@type\":\"PropertyValueSpecification\",\"valueRequired\":true,\"valueName\":\"search_term_string\"}}],\"inLanguage\":\"es\"},{\"@type\":\"Organization\",\"@id\":\"https:\\\/\\\/vozolvapen.de\\\/#organization\",\"name\":\"vozolvapen\",\"url\":\"https:\\\/\\\/vozolvapen.de\\\/\",\"logo\":{\"@type\":\"ImageObject\",\"inLanguage\":\"es\",\"@id\":\"https:\\\/\\\/vozolvapen.de\\\/#\\\/schema\\\/logo\\\/image\\\/\",\"url\":\"https:\\\/\\\/vozolvapen.de\\\/wp-content\\\/uploads\\\/2025\\\/12\\\/cropped-vozovapen-logo.webp\",\"contentUrl\":\"https:\\\/\\\/vozolvapen.de\\\/wp-content\\\/uploads\\\/2025\\\/12\\\/cropped-vozovapen-logo.webp\",\"width\":470,\"height\":110,\"caption\":\"vozolvapen\"},\"image\":{\"@id\":\"https:\\\/\\\/vozolvapen.de\\\/#\\\/schema\\\/logo\\\/image\\\/\"}}]}<\/script>\n<!-- \/ Yoast SEO Premium plugin. -->","yoast_head_json":{"title":"Puff 80k Bang Leader 80000: Mojito, bayas y guayaba tropical, sabor 3 en 1 - vozolvapen","description":"The Bang Leader 80000 Puffs Carnival Collection: Mojito de frambuesa y melocot\u00f3n helado, fresa y sand\u00eda, y kiwi, maracuy\u00e1 y guayaba. Disfruta de 3 sabores \u00fanicos en un dispositivo recargable Puff 80k. Env\u00edo r\u00e1pido a la UE.","robots":{"index":"index","follow":"follow","max-snippet":"max-snippet:-1","max-image-preview":"max-image-preview:large","max-video-preview":"max-video-preview:-1"},"canonical":"https:\/\/vozolvapen.de\/es\/product\/puff-80k-bang-leader-80000-frambuesa-mojito-melocoton-hielo-fresa-y-sandia-kiwi-maracuya-guayaba\/","og_locale":"es_ES","og_type":"article","og_title":"Puff 80k Bang Leader 80000 - Raspberry Mojito Peach Ice + Strawberry And Watermelon + Kiwi Passion Fruit Guava","og_description":"The Bang Leader 80000 Puffs Carnival Collection: Raspberry Mojito Peach Ice, Strawberry Watermelon, and Kiwi Passion Fruit Guava. Enjoy 3 unique flavors in one Puff 80k rechargeable device. Fast EU shipping.","og_url":"https:\/\/vozolvapen.de\/es\/product\/puff-80k-bang-leader-80000-frambuesa-mojito-melocoton-hielo-fresa-y-sandia-kiwi-maracuya-guayaba\/","og_site_name":"vozolvapen","article_modified_time":"2026-02-10T12:35:23+00:00","og_image":[{"width":1200,"height":1200,"url":"https:\/\/vozolvapen.de\/wp-content\/uploads\/2025\/12\/Puff-80k-Bang-Leader-80000-raspberry-mojito-peach-ice-strawberry-and-watermelon-kiwi-passion-fruit-guava.jpg.webp","type":"image\/webp"}],"twitter_card":"summary_large_image","twitter_misc":{"Tiempo de lectura":"2 minutos"},"schema":{"@context":"https:\/\/schema.org","@graph":[{"@type":"WebPage","@id":"https:\/\/vozolvapen.de\/product\/puff-80k-bang-leader-80000-raspberry-mojito-peach-ice-strawberry-and-watermelon-kiwi-passion-fruit-guava\/","url":"https:\/\/vozolvapen.de\/product\/puff-80k-bang-leader-80000-raspberry-mojito-peach-ice-strawberry-and-watermelon-kiwi-passion-fruit-guava\/","name":"Puff 80k Bang Leader 80000: Mojito, bayas y guayaba tropical, sabor 3 en 1 - vozolvapen","isPartOf":{"@id":"https:\/\/vozolvapen.de\/#website"},"primaryImageOfPage":{"@id":"https:\/\/vozolvapen.de\/product\/puff-80k-bang-leader-80000-raspberry-mojito-peach-ice-strawberry-and-watermelon-kiwi-passion-fruit-guava\/#primaryimage"},"image":{"@id":"https:\/\/vozolvapen.de\/product\/puff-80k-bang-leader-80000-raspberry-mojito-peach-ice-strawberry-and-watermelon-kiwi-passion-fruit-guava\/#primaryimage"},"thumbnailUrl":"https:\/\/vozolvapen.de\/wp-content\/uploads\/2025\/12\/Puff-80k-Bang-Leader-80000-raspberry-mojito-peach-ice-strawberry-and-watermelon-kiwi-passion-fruit-guava.jpg.webp","datePublished":"2025-12-06T08:49:33+00:00","dateModified":"2026-02-10T12:35:23+00:00","description":"The Bang Leader 80000 Puffs Carnival Collection: Mojito de frambuesa y melocot\u00f3n helado, fresa y sand\u00eda, y kiwi, maracuy\u00e1 y guayaba. Disfruta de 3 sabores \u00fanicos en un dispositivo recargable Puff 80k. Env\u00edo r\u00e1pido a la UE.","breadcrumb":{"@id":"https:\/\/vozolvapen.de\/product\/puff-80k-bang-leader-80000-raspberry-mojito-peach-ice-strawberry-and-watermelon-kiwi-passion-fruit-guava\/#breadcrumb"},"inLanguage":"es","potentialAction":[{"@type":"ReadAction","target":["https:\/\/vozolvapen.de\/product\/puff-80k-bang-leader-80000-raspberry-mojito-peach-ice-strawberry-and-watermelon-kiwi-passion-fruit-guava\/"]}]},{"@type":"ImageObject","inLanguage":"es","@id":"https:\/\/vozolvapen.de\/product\/puff-80k-bang-leader-80000-raspberry-mojito-peach-ice-strawberry-and-watermelon-kiwi-passion-fruit-guava\/#primaryimage","url":"https:\/\/vozolvapen.de\/wp-content\/uploads\/2025\/12\/Puff-80k-Bang-Leader-80000-raspberry-mojito-peach-ice-strawberry-and-watermelon-kiwi-passion-fruit-guava.jpg.webp","contentUrl":"https:\/\/vozolvapen.de\/wp-content\/uploads\/2025\/12\/Puff-80k-Bang-Leader-80000-raspberry-mojito-peach-ice-strawberry-and-watermelon-kiwi-passion-fruit-guava.jpg.webp","width":1200,"height":1200,"caption":"Puff 80k Bang Leader 80000 Raspberry Mojito Peach Ice Strawberry And Watermelon Kiwi Passion Fruit Guava.jpg Disposable"},{"@type":"BreadcrumbList","@id":"https:\/\/vozolvapen.de\/product\/puff-80k-bang-leader-80000-raspberry-mojito-peach-ice-strawberry-and-watermelon-kiwi-passion-fruit-guava\/#breadcrumb","itemListElement":[{"@type":"ListItem","position":1,"name":"Home","item":"https:\/\/vozolvapen.de\/de\/"},{"@type":"ListItem","position":2,"name":"Shop","item":"https:\/\/vozolvapen.de\/shop\/"},{"@type":"ListItem","position":3,"name":"Puff 80k Bang Leader 80000 &#8211; Raspberry Mojito Peach Ice + Strawberry And Watermelon + Kiwi Passion Fruit Guava"}]},{"@type":"WebSite","@id":"https:\/\/vozolvapen.de\/#website","url":"https:\/\/vozolvapen.de\/","name":"vozolvapen","description":"vozolvapen","publisher":{"@id":"https:\/\/vozolvapen.de\/#organization"},"potentialAction":[{"@type":"SearchAction","target":{"@type":"EntryPoint","urlTemplate":"https:\/\/vozolvapen.de\/?s={search_term_string}"},"query-input":{"@type":"PropertyValueSpecification","valueRequired":true,"valueName":"search_term_string"}}],"inLanguage":"es"},{"@type":"Organization","@id":"https:\/\/vozolvapen.de\/#organization","name":"vozolvapen","url":"https:\/\/vozolvapen.de\/","logo":{"@type":"ImageObject","inLanguage":"es","@id":"https:\/\/vozolvapen.de\/#\/schema\/logo\/image\/","url":"https:\/\/vozolvapen.de\/wp-content\/uploads\/2025\/12\/cropped-vozovapen-logo.webp","contentUrl":"https:\/\/vozolvapen.de\/wp-content\/uploads\/2025\/12\/cropped-vozovapen-logo.webp","width":470,"height":110,"caption":"vozolvapen"},"image":{"@id":"https:\/\/vozolvapen.de\/#\/schema\/logo\/image\/"}}]}},"tiered_pricing_type":"fixed","tiered_pricing_fixed_rules":{"30":"11.7","50":"9.7","100":"8.7","200":"8.2"},"tiered_pricing_product_settings":{"layout":"default","base_unit_name":{"singular":null,"plural":null},"default_variation":{}},"tiered_pricing_minimum_quantity":10,"tiered_pricing_roles_data":[],"tiered_pricing_percentage_rules":[],"tiered_pricing_maximum_quantity":null,"tiered_pricing_quantity_step":"10","_links":{"self":[{"href":"https:\/\/vozolvapen.de\/es\/wp-json\/wp\/v2\/product\/7867","targetHints":{"allow":["GET"]}}],"collection":[{"href":"https:\/\/vozolvapen.de\/es\/wp-json\/wp\/v2\/product"}],"about":[{"href":"https:\/\/vozolvapen.de\/es\/wp-json\/wp\/v2\/types\/product"}],"replies":[{"embeddable":true,"href":"https:\/\/vozolvapen.de\/es\/wp-json\/wp\/v2\/comments?post=7867"}],"wp:featuredmedia":[{"embeddable":true,"href":"https:\/\/vozolvapen.de\/es\/wp-json\/wp\/v2\/media\/7880"}],"wp:attachment":[{"href":"https:\/\/vozolvapen.de\/es\/wp-json\/wp\/v2\/media?parent=7867"}],"wp:term":[{"taxonomy":"product_brand","embeddable":true,"href":"https:\/\/vozolvapen.de\/es\/wp-json\/wp\/v2\/product_brand?post=7867"},{"taxonomy":"product_cat","embeddable":true,"href":"https:\/\/vozolvapen.de\/es\/wp-json\/wp\/v2\/product_cat?post=7867"},{"taxonomy":"product_tag","embeddable":true,"href":"https:\/\/vozolvapen.de\/es\/wp-json\/wp\/v2\/product_tag?post=7867"}],"curies":[{"name":"wp","href":"https:\/\/api.w.org\/{rel}","templated":true}]}}