{"id":7868,"date":"2025-12-06T08:49:58","date_gmt":"2025-12-06T08:49:58","guid":{"rendered":"https:\/\/vozolvapen.de\/?post_type=product&#038;p=7868"},"modified":"2026-02-10T12:35:21","modified_gmt":"2026-02-10T12:35:21","slug":"puff-80k-bang-leader-80000-fresa-y-sandia-uva-hielo-caramelo-arcoiris","status":"publish","type":"product","link":"https:\/\/vozolvapen.de\/es\/product\/puff-80k-bang-leader-80000-strawberry-and-watermelon-grape-ice-rainbow-candy\/","title":{"rendered":"Puff 80k Bang Leader 80000 \u2013 Fresa y sand\u00eda + Uva helada + Caramelo arco\u00edris"},"content":{"rendered":"<h1>Puff 80k Bang Leader 80000: Fresa y sand\u00eda, uva helada y caramelo arco\u00edris<\/h1>\n<h2><b>Enfoque en el producto<\/b><\/h2>\n<p><b>Dulce y fresca nostalgia<\/b> Este conjunto de sabores aprovecha los perfiles dulces y frescos m\u00e1s apreciados. Combina el refrescante cl\u00e1sico de fresa y sand\u00eda con el toque helado de uva, rematado por la delicia azucarada de los caramelos arco\u00edris. El <b>Puff 80000<\/b> La vida \u00fatil garantiza que este nost\u00e1lgico viaje de sabores dure semanas, proporcionando un potente golpe y nubes densas gracias a la calidad superior. <b>Bobina de malla de 1,0 \u03a9<\/b>.<\/p>\n<h2 data-path-to-node=\"9\"><b>Dulce y fresca nostalgia: una inmersi\u00f3n profunda en el sabor<\/b><\/h2>\n<p data-path-to-node=\"9\">Esta emocionante combinaci\u00f3n 3 en 1 para el <b>Bang Leader 80000<\/b> fusiona de manera experta frutas cl\u00e1sicas con frescura helada y dulzura azucarada. Con un simple cambio, puedes disfrutar de tres experiencias de vapeo distintas pero complementarias, todas ellas dentro de tu ultra duradero <b>bang puff<\/b> dispositivo:<\/p>\n<ul>\n<li data-path-to-node=\"10,0,0\"><b>Fresa y sand\u00eda (Pod 1):<\/b> El vaporizador veraniego por excelencia, que ofrece la irresistible y jugosa dulzura de la sand\u00eda madura combinada con fresas frescas y jugosas.<\/li>\n<li data-path-to-node=\"10,1,0\"><b>Hielo de uva (Pod 2):<\/b> Una mezcla cl\u00e1sica de rico y dulce sabor a uva morada, realzado por un final mentolado, fresco y penetrante.<\/li>\n<li data-path-to-node=\"10,2,0\"><b>Caramelo arco\u00edris (Pod 3):<\/b> Una explosi\u00f3n divertida y compleja de sabores dulces y afrutados, que imita tus caramelos duros de frutas mixtas favoritos.<\/li>\n<\/ul>\n<p data-path-to-node=\"11\">Cada calada est\u00e1 impulsada por el alto rendimiento. <b>Bobina de malla de 1,0 \u03a9<\/b>, lo que garantiza la m\u00e1xima saturaci\u00f3n del sabor y una vaporizaci\u00f3n suave y consistente cada vez que cambias.<\/p>\n<h3 data-path-to-node=\"27\">\u00bfPara qui\u00e9n es este sabor?<\/h3>\n<p><b>El goloso:<\/b> Dise\u00f1ado para vapeadores que priorizan los sabores azucarados y dulces, pero que tambi\u00e9n disfrutan de un toque fresco y afrutado. Ideal para aquellos que aman la novedad y la dulzura intensa equilibrada con el efecto refrescante de Grape Ice.<\/p>\n<h3 data-path-to-node=\"27\">Par\u00e1metros b\u00e1sicos<\/h3>\n<table data-path-to-node=\"29\">\n<thead>\n<tr>\n<td><strong>Par\u00e1metros de sabor<\/strong><\/td>\n<td><strong>Detalles<\/strong><\/td>\n<\/tr>\n<\/thead>\n<tbody>\n<tr>\n<td><span data-path-to-node=\"29,1,0,0\"><b>Combinaci\u00f3n de sabores<\/b><\/span><\/td>\n<td>Fresa y sand\u00eda + Hielo de uva + Caramelo arco\u00edris<\/td>\n<\/tr>\n<tr>\n<td><span data-path-to-node=\"29,2,0,0\"><b>Recuento de bocanadas<\/b><\/span><\/td>\n<td><span data-path-to-node=\"29,2,1,0\">Hasta 80 000 Puffs(Puff 80k)<\/span><\/td>\n<\/tr>\n<tr>\n<td><span data-path-to-node=\"29,3,0,0\"><b>Capacidad del l\u00edquido electr\u00f3nico<\/b><\/span><\/td>\n<td><span data-path-to-node=\"29,3,1,0\">78 ml precargado<\/span><\/td>\n<\/tr>\n<tr>\n<td><span data-path-to-node=\"29,4,0,0\"><b>Concentraciones de nicotina<\/b><\/span><\/td>\n<td><span data-path-to-node=\"29,4,1,0\">0% \/ 2% \/ 3% \/ 5% Nivel de nicotina<\/span><\/td>\n<\/tr>\n<tr>\n<td><span data-path-to-node=\"29,5,0,0\"><b>Bobina<\/b><\/span><\/td>\n<td><span data-path-to-node=\"29,5,1,0\">Bobina de malla de 1,0 \u03a9 para un sabor intenso<\/span><\/td>\n<\/tr>\n<tr>\n<td><span data-path-to-node=\"29,6,0,0\"><b>Bater\u00eda<\/b><\/span><\/td>\n<td><span data-path-to-node=\"29,6,1,0\">850 mAh recargable<\/span><\/td>\n<\/tr>\n<tr>\n<td><span data-path-to-node=\"29,7,0,0\"><b>Env\u00edo<\/b><\/span><\/td>\n<td><span data-path-to-node=\"29,7,1,0\">Almac\u00e9n europeo (1-3 d\u00edas)<\/span><\/td>\n<\/tr>\n<\/tbody>\n<\/table>\n<h2><strong>Puff 80k Bang Leader 80000 <\/strong><strong>V\u00eddeo:<\/strong><\/h2>\n<p><iframe title=\"Vaporizador desechable Bang Leader 80000 Puffs: la experiencia definitiva de Puff 80k.\" src=\"https:\/\/player.vimeo.com\/video\/1150263452?badge=0&amp;autopause=0&amp;player_id=0&amp;app_id=58479\" width=\"400\" height=\"711\" frameborder=\"0\"><\/iframe><\/p>\n<h3 dir=\"auto\">Aqu\u00ed tienes m\u00e1s recomendaciones para ti:<\/h3>\n<p dir=\"auto\">\u00a1Descubre sabores a\u00fan m\u00e1s incre\u00edbles con el vaporizador Puff 80k Bang Leader 80000!<\/p>\n<p dir=\"auto\"><a href=\"https:\/\/vozolvapen.de\/es\/categoria-de-producto\/bang-vape\/puff-80k-bang-leader-80-000-caladas-vape\/\">Ver todas las variedades aqu\u00ed \u2192<\/a><\/p>\n<p dir=\"auto\">Explora nuestra colecci\u00f3n completa y compra las mejores marcas de vapeo que te encantar\u00e1n.<\/p>\n<p dir=\"auto\"><a href=\"https:\/\/vozolvapen.de\/es\/\">Explora todas las marcas ahora \u2192<\/a><\/p>\n<p dir=\"auto\">\u00a1Echa un vistazo a la serie completa Bang Vape: todos los sabores, todos los estilos!<\/p>\n<p dir=\"auto\"><a href=\"https:\/\/vozolvapen.de\/es\/categoria-de-producto\/bang-vape\/\">Ver la colecci\u00f3n completa de Bang Vape \u2192<\/a><\/p>","protected":false},"excerpt":{"rendered":"<p>Deleita tu paladar con este nost\u00e1lgico combo 3 en 1. Con la jugosa fusi\u00f3n de fresa y sand\u00eda, la fresca dulzura de la uva helada y la divertida explosi\u00f3n azucarada del caramelo arco\u00edris. Alta capacidad. <b>Puff 80k<\/b> Dispositivo para un sabor ininterrumpido.<\/p>","protected":false},"featured_media":7881,"comment_status":"open","ping_status":"closed","template":"","meta":{"_acf_changed":false},"product_brand":[],"product_cat":[134,64],"product_tag":[],"class_list":{"0":"post-7868","1":"product","2":"type-product","3":"status-publish","4":"has-post-thumbnail","6":"product_cat-eu-warehouse-in-stock","7":"product_cat-puff-80k-bang-leader-80000-puffs-vape","9":"first","10":"instock","11":"shipping-taxable","12":"purchasable","13":"product-type-variable"},"acf":[],"yoast_head":"<!-- This site is optimized with the Yoast SEO Premium plugin v26.1 (Yoast SEO v27.5) - https:\/\/yoast.com\/product\/yoast-seo-premium-wordpress\/ -->\n<title>Bang Leader 80000 Puffs: Sweet &amp; Cool Nostalgia (Strawberry Watermelon, Grape Ice, Rainbow Candy) - vozolvapen<\/title>\n<meta name=\"description\" content=\"Get the sweet, icy taste of childhood with the Bang Leader 80000 Puffs. Features classic Strawberry Watermelon, refreshing Grape Ice, and sugary Rainbow Candy. The ultimate Puff 80k experience.\" \/>\n<meta name=\"robots\" content=\"index, follow, max-snippet:-1, max-image-preview:large, max-video-preview:-1\" \/>\n<link rel=\"canonical\" href=\"https:\/\/vozolvapen.de\/es\/product\/puff-80k-bang-leader-80000-fresa-y-sandia-uva-hielo-caramelo-arcoiris\/\" \/>\n<meta property=\"og:locale\" content=\"es_ES\" \/>\n<meta property=\"og:type\" content=\"article\" \/>\n<meta property=\"og:title\" content=\"Puff 80k Bang Leader 80000 - Strawberry And Watermelon + Grape Ice + Rainbow Candy\" \/>\n<meta property=\"og:description\" content=\"Get the sweet, icy taste of childhood with the Bang Leader 80000 Puffs. Features classic Strawberry Watermelon, refreshing Grape Ice, and sugary Rainbow Candy. The ultimate Puff 80k experience.\" \/>\n<meta property=\"og:url\" content=\"https:\/\/vozolvapen.de\/es\/product\/puff-80k-bang-leader-80000-fresa-y-sandia-uva-hielo-caramelo-arcoiris\/\" \/>\n<meta property=\"og:site_name\" content=\"vozolvapen\" \/>\n<meta property=\"article:modified_time\" content=\"2026-02-10T12:35:21+00:00\" \/>\n<meta property=\"og:image\" content=\"https:\/\/vozolvapen.de\/wp-content\/uploads\/2025\/12\/Puff-80k-Bang-Leader-80000-strawberry-and-watermelon-grape-ice-rainbow-candy.jpg.webp\" \/>\n\t<meta property=\"og:image:width\" content=\"1200\" \/>\n\t<meta property=\"og:image:height\" content=\"1200\" \/>\n\t<meta property=\"og:image:type\" content=\"image\/webp\" \/>\n<meta name=\"twitter:card\" content=\"summary_large_image\" \/>\n<meta name=\"twitter:label1\" content=\"Tiempo de lectura\" \/>\n\t<meta name=\"twitter:data1\" content=\"2 minutos\" \/>\n<script type=\"application\/ld+json\" class=\"yoast-schema-graph\">{\"@context\":\"https:\\\/\\\/schema.org\",\"@graph\":[{\"@type\":\"WebPage\",\"@id\":\"https:\\\/\\\/vozolvapen.de\\\/product\\\/puff-80k-bang-leader-80000-strawberry-and-watermelon-grape-ice-rainbow-candy\\\/\",\"url\":\"https:\\\/\\\/vozolvapen.de\\\/product\\\/puff-80k-bang-leader-80000-strawberry-and-watermelon-grape-ice-rainbow-candy\\\/\",\"name\":\"Bang Leader 80000 Puffs: Sweet & Cool Nostalgia (Strawberry Watermelon, Grape Ice, Rainbow Candy) - vozolvapen\",\"isPartOf\":{\"@id\":\"https:\\\/\\\/vozolvapen.de\\\/#website\"},\"primaryImageOfPage\":{\"@id\":\"https:\\\/\\\/vozolvapen.de\\\/product\\\/puff-80k-bang-leader-80000-strawberry-and-watermelon-grape-ice-rainbow-candy\\\/#primaryimage\"},\"image\":{\"@id\":\"https:\\\/\\\/vozolvapen.de\\\/product\\\/puff-80k-bang-leader-80000-strawberry-and-watermelon-grape-ice-rainbow-candy\\\/#primaryimage\"},\"thumbnailUrl\":\"https:\\\/\\\/vozolvapen.de\\\/wp-content\\\/uploads\\\/2025\\\/12\\\/Puff-80k-Bang-Leader-80000-strawberry-and-watermelon-grape-ice-rainbow-candy.jpg.webp\",\"datePublished\":\"2025-12-06T08:49:58+00:00\",\"dateModified\":\"2026-02-10T12:35:21+00:00\",\"description\":\"Get the sweet, icy taste of childhood with the Bang Leader 80000 Puffs. Features classic Strawberry Watermelon, refreshing Grape Ice, and sugary Rainbow Candy. The ultimate Puff 80k experience.\",\"breadcrumb\":{\"@id\":\"https:\\\/\\\/vozolvapen.de\\\/product\\\/puff-80k-bang-leader-80000-strawberry-and-watermelon-grape-ice-rainbow-candy\\\/#breadcrumb\"},\"inLanguage\":\"es\",\"potentialAction\":[{\"@type\":\"ReadAction\",\"target\":[\"https:\\\/\\\/vozolvapen.de\\\/product\\\/puff-80k-bang-leader-80000-strawberry-and-watermelon-grape-ice-rainbow-candy\\\/\"]}]},{\"@type\":\"ImageObject\",\"inLanguage\":\"es\",\"@id\":\"https:\\\/\\\/vozolvapen.de\\\/product\\\/puff-80k-bang-leader-80000-strawberry-and-watermelon-grape-ice-rainbow-candy\\\/#primaryimage\",\"url\":\"https:\\\/\\\/vozolvapen.de\\\/wp-content\\\/uploads\\\/2025\\\/12\\\/Puff-80k-Bang-Leader-80000-strawberry-and-watermelon-grape-ice-rainbow-candy.jpg.webp\",\"contentUrl\":\"https:\\\/\\\/vozolvapen.de\\\/wp-content\\\/uploads\\\/2025\\\/12\\\/Puff-80k-Bang-Leader-80000-strawberry-and-watermelon-grape-ice-rainbow-candy.jpg.webp\",\"width\":1200,\"height\":1200,\"caption\":\"Puff 80k Bang Leader 80000 Strawberry And Watermelon Grape Ice Rainbow Candy.jpg Disposable Vape Device\"},{\"@type\":\"BreadcrumbList\",\"@id\":\"https:\\\/\\\/vozolvapen.de\\\/product\\\/puff-80k-bang-leader-80000-strawberry-and-watermelon-grape-ice-rainbow-candy\\\/#breadcrumb\",\"itemListElement\":[{\"@type\":\"ListItem\",\"position\":1,\"name\":\"Home\",\"item\":\"https:\\\/\\\/vozolvapen.de\\\/de\\\/\"},{\"@type\":\"ListItem\",\"position\":2,\"name\":\"Shop\",\"item\":\"https:\\\/\\\/vozolvapen.de\\\/shop\\\/\"},{\"@type\":\"ListItem\",\"position\":3,\"name\":\"Puff 80k Bang Leader 80000 &#8211; Strawberry And Watermelon + Grape Ice + Rainbow Candy\"}]},{\"@type\":\"WebSite\",\"@id\":\"https:\\\/\\\/vozolvapen.de\\\/#website\",\"url\":\"https:\\\/\\\/vozolvapen.de\\\/\",\"name\":\"vozolvapen\",\"description\":\"vozolvapen\",\"publisher\":{\"@id\":\"https:\\\/\\\/vozolvapen.de\\\/#organization\"},\"potentialAction\":[{\"@type\":\"SearchAction\",\"target\":{\"@type\":\"EntryPoint\",\"urlTemplate\":\"https:\\\/\\\/vozolvapen.de\\\/?s={search_term_string}\"},\"query-input\":{\"@type\":\"PropertyValueSpecification\",\"valueRequired\":true,\"valueName\":\"search_term_string\"}}],\"inLanguage\":\"es\"},{\"@type\":\"Organization\",\"@id\":\"https:\\\/\\\/vozolvapen.de\\\/#organization\",\"name\":\"vozolvapen\",\"url\":\"https:\\\/\\\/vozolvapen.de\\\/\",\"logo\":{\"@type\":\"ImageObject\",\"inLanguage\":\"es\",\"@id\":\"https:\\\/\\\/vozolvapen.de\\\/#\\\/schema\\\/logo\\\/image\\\/\",\"url\":\"https:\\\/\\\/vozolvapen.de\\\/wp-content\\\/uploads\\\/2025\\\/12\\\/cropped-vozovapen-logo.webp\",\"contentUrl\":\"https:\\\/\\\/vozolvapen.de\\\/wp-content\\\/uploads\\\/2025\\\/12\\\/cropped-vozovapen-logo.webp\",\"width\":470,\"height\":110,\"caption\":\"vozolvapen\"},\"image\":{\"@id\":\"https:\\\/\\\/vozolvapen.de\\\/#\\\/schema\\\/logo\\\/image\\\/\"}}]}<\/script>\n<!-- \/ Yoast SEO Premium plugin. -->","yoast_head_json":{"title":"Bang Leader 80 000 caladas: Dulce y fresca nostalgia (fresa y sand\u00eda, uva helada, caramelo arco\u00edris) - vozolvapen","description":"Disfruta del dulce y refrescante sabor de la infancia con Bang Leader 80000 Puffs. Incluye los cl\u00e1sicos sabores fresa y sand\u00eda, el refrescante uva helada y el azucarado caramelo arco\u00edris. La experiencia definitiva de Puff 80k.","robots":{"index":"index","follow":"follow","max-snippet":"max-snippet:-1","max-image-preview":"max-image-preview:large","max-video-preview":"max-video-preview:-1"},"canonical":"https:\/\/vozolvapen.de\/es\/product\/puff-80k-bang-leader-80000-fresa-y-sandia-uva-hielo-caramelo-arcoiris\/","og_locale":"es_ES","og_type":"article","og_title":"Puff 80k Bang Leader 80000 - Strawberry And Watermelon + Grape Ice + Rainbow Candy","og_description":"Get the sweet, icy taste of childhood with the Bang Leader 80000 Puffs. Features classic Strawberry Watermelon, refreshing Grape Ice, and sugary Rainbow Candy. The ultimate Puff 80k experience.","og_url":"https:\/\/vozolvapen.de\/es\/product\/puff-80k-bang-leader-80000-fresa-y-sandia-uva-hielo-caramelo-arcoiris\/","og_site_name":"vozolvapen","article_modified_time":"2026-02-10T12:35:21+00:00","og_image":[{"width":1200,"height":1200,"url":"https:\/\/vozolvapen.de\/wp-content\/uploads\/2025\/12\/Puff-80k-Bang-Leader-80000-strawberry-and-watermelon-grape-ice-rainbow-candy.jpg.webp","type":"image\/webp"}],"twitter_card":"summary_large_image","twitter_misc":{"Tiempo de lectura":"2 minutos"},"schema":{"@context":"https:\/\/schema.org","@graph":[{"@type":"WebPage","@id":"https:\/\/vozolvapen.de\/product\/puff-80k-bang-leader-80000-strawberry-and-watermelon-grape-ice-rainbow-candy\/","url":"https:\/\/vozolvapen.de\/product\/puff-80k-bang-leader-80000-strawberry-and-watermelon-grape-ice-rainbow-candy\/","name":"Bang Leader 80 000 caladas: Dulce y fresca nostalgia (fresa y sand\u00eda, uva helada, caramelo arco\u00edris) - vozolvapen","isPartOf":{"@id":"https:\/\/vozolvapen.de\/#website"},"primaryImageOfPage":{"@id":"https:\/\/vozolvapen.de\/product\/puff-80k-bang-leader-80000-strawberry-and-watermelon-grape-ice-rainbow-candy\/#primaryimage"},"image":{"@id":"https:\/\/vozolvapen.de\/product\/puff-80k-bang-leader-80000-strawberry-and-watermelon-grape-ice-rainbow-candy\/#primaryimage"},"thumbnailUrl":"https:\/\/vozolvapen.de\/wp-content\/uploads\/2025\/12\/Puff-80k-Bang-Leader-80000-strawberry-and-watermelon-grape-ice-rainbow-candy.jpg.webp","datePublished":"2025-12-06T08:49:58+00:00","dateModified":"2026-02-10T12:35:21+00:00","description":"Disfruta del dulce y refrescante sabor de la infancia con Bang Leader 80000 Puffs. Incluye los cl\u00e1sicos sabores fresa y sand\u00eda, el refrescante uva helada y el azucarado caramelo arco\u00edris. La experiencia definitiva de Puff 80k.","breadcrumb":{"@id":"https:\/\/vozolvapen.de\/product\/puff-80k-bang-leader-80000-strawberry-and-watermelon-grape-ice-rainbow-candy\/#breadcrumb"},"inLanguage":"es","potentialAction":[{"@type":"ReadAction","target":["https:\/\/vozolvapen.de\/product\/puff-80k-bang-leader-80000-strawberry-and-watermelon-grape-ice-rainbow-candy\/"]}]},{"@type":"ImageObject","inLanguage":"es","@id":"https:\/\/vozolvapen.de\/product\/puff-80k-bang-leader-80000-strawberry-and-watermelon-grape-ice-rainbow-candy\/#primaryimage","url":"https:\/\/vozolvapen.de\/wp-content\/uploads\/2025\/12\/Puff-80k-Bang-Leader-80000-strawberry-and-watermelon-grape-ice-rainbow-candy.jpg.webp","contentUrl":"https:\/\/vozolvapen.de\/wp-content\/uploads\/2025\/12\/Puff-80k-Bang-Leader-80000-strawberry-and-watermelon-grape-ice-rainbow-candy.jpg.webp","width":1200,"height":1200,"caption":"Puff 80k Bang Leader 80000 Strawberry And Watermelon Grape Ice Rainbow Candy.jpg Disposable Vape Device"},{"@type":"BreadcrumbList","@id":"https:\/\/vozolvapen.de\/product\/puff-80k-bang-leader-80000-strawberry-and-watermelon-grape-ice-rainbow-candy\/#breadcrumb","itemListElement":[{"@type":"ListItem","position":1,"name":"Home","item":"https:\/\/vozolvapen.de\/de\/"},{"@type":"ListItem","position":2,"name":"Shop","item":"https:\/\/vozolvapen.de\/shop\/"},{"@type":"ListItem","position":3,"name":"Puff 80k Bang Leader 80000 &#8211; Strawberry And Watermelon + Grape Ice + Rainbow Candy"}]},{"@type":"WebSite","@id":"https:\/\/vozolvapen.de\/#website","url":"https:\/\/vozolvapen.de\/","name":"vozolvapen","description":"vozolvapen","publisher":{"@id":"https:\/\/vozolvapen.de\/#organization"},"potentialAction":[{"@type":"SearchAction","target":{"@type":"EntryPoint","urlTemplate":"https:\/\/vozolvapen.de\/?s={search_term_string}"},"query-input":{"@type":"PropertyValueSpecification","valueRequired":true,"valueName":"search_term_string"}}],"inLanguage":"es"},{"@type":"Organization","@id":"https:\/\/vozolvapen.de\/#organization","name":"vozolvapen","url":"https:\/\/vozolvapen.de\/","logo":{"@type":"ImageObject","inLanguage":"es","@id":"https:\/\/vozolvapen.de\/#\/schema\/logo\/image\/","url":"https:\/\/vozolvapen.de\/wp-content\/uploads\/2025\/12\/cropped-vozovapen-logo.webp","contentUrl":"https:\/\/vozolvapen.de\/wp-content\/uploads\/2025\/12\/cropped-vozovapen-logo.webp","width":470,"height":110,"caption":"vozolvapen"},"image":{"@id":"https:\/\/vozolvapen.de\/#\/schema\/logo\/image\/"}}]}},"tiered_pricing_type":"fixed","tiered_pricing_fixed_rules":{"30":"11.7","50":"9.7","100":"8.7","200":"8.2"},"tiered_pricing_product_settings":{"layout":"default","base_unit_name":{"singular":null,"plural":null},"default_variation":{}},"tiered_pricing_minimum_quantity":10,"tiered_pricing_roles_data":[],"tiered_pricing_percentage_rules":[],"tiered_pricing_maximum_quantity":null,"tiered_pricing_quantity_step":"10","_links":{"self":[{"href":"https:\/\/vozolvapen.de\/es\/wp-json\/wp\/v2\/product\/7868","targetHints":{"allow":["GET"]}}],"collection":[{"href":"https:\/\/vozolvapen.de\/es\/wp-json\/wp\/v2\/product"}],"about":[{"href":"https:\/\/vozolvapen.de\/es\/wp-json\/wp\/v2\/types\/product"}],"replies":[{"embeddable":true,"href":"https:\/\/vozolvapen.de\/es\/wp-json\/wp\/v2\/comments?post=7868"}],"wp:featuredmedia":[{"embeddable":true,"href":"https:\/\/vozolvapen.de\/es\/wp-json\/wp\/v2\/media\/7881"}],"wp:attachment":[{"href":"https:\/\/vozolvapen.de\/es\/wp-json\/wp\/v2\/media?parent=7868"}],"wp:term":[{"taxonomy":"product_brand","embeddable":true,"href":"https:\/\/vozolvapen.de\/es\/wp-json\/wp\/v2\/product_brand?post=7868"},{"taxonomy":"product_cat","embeddable":true,"href":"https:\/\/vozolvapen.de\/es\/wp-json\/wp\/v2\/product_cat?post=7868"},{"taxonomy":"product_tag","embeddable":true,"href":"https:\/\/vozolvapen.de\/es\/wp-json\/wp\/v2\/product_tag?post=7868"}],"curies":[{"name":"wp","href":"https:\/\/api.w.org\/{rel}","templated":true}]}}