{"id":7913,"date":"2025-12-06T09:40:35","date_gmt":"2025-12-06T09:40:35","guid":{"rendered":"https:\/\/vozolvapen.de\/?post_type=product&#038;p=7913"},"modified":"2026-02-10T12:34:34","modified_gmt":"2026-02-10T12:34:34","slug":"puff-50k-bang-king-50000-fresa-sandia-dragon-negro-hielo","status":"publish","type":"product","link":"https:\/\/vozolvapen.de\/es\/product\/puff-50k-bang-king-50000-strawberry-watermelon-black-dragon-ice\/","title":{"rendered":"Puff 50K Bang King 50000 \u2013 Fresa, sand\u00eda y Black Dragon Ice"},"content":{"rendered":"<h1><b>Puff 50K Bang King 50000<\/b> Doble sabor: fresa y sand\u00eda y hielo negro drag\u00f3n<\/h1>\n<p>\u00a1Lo sencillo se une a lo ex\u00f3tico! Alterna entre el cl\u00e1sico ligero y jugoso de Strawberry Watermelon y el misterioso y potente mentol de Black Dragon Ice. Esto <b>Bang King 50000<\/b> ofrece un contraste de sabores y una gran longevidad, lo que lo convierte en un producto muy deseable. <b>rey del estallido<\/b> opci\u00f3n.<\/p>\n<h2>Experiencia de doble sabor<\/h2>\n<p>Esta combinaci\u00f3n 2 en 1 para el <b>Bang King 50000<\/b> ofrece un emocionante contraste entre una mezcla de frutas sencilla y un perfil \u00fanico, intensamente fresco:<\/p>\n<ul>\n<li><b>Fresa y sand\u00eda (Sabor 1):<\/b> Una combinaci\u00f3n refrescante y dulce de dos frutas de verano que gusta a todo el mundo.<\/li>\n<li><b>Hielo Drag\u00f3n Negro (Sabor 2):<\/b> Una mezcla ex\u00f3tica y muy estimulante, que ofrece una misteriosa nota de frutos negros o especias con un final mentolado agresivo y helado.<\/li>\n<\/ul>\n<h3>Especificaciones clave<\/h3>\n<ul>\n<li><b>Recuento de bocanadas:<\/b> Hasta 50 000 Puffs<\/li>\n<li><b>Capacidad:<\/b> 50 ml<\/li>\n<li><b>Bater\u00eda:<\/b> 850 mAh (recargable)<\/li>\n<li><b>Nicotina:<\/b> 0% \/ 2% \/ 3% \/ 5%<\/li>\n<\/ul>\n<h2><strong>Puff 50K Bang King 50000 <\/strong><strong>V\u00eddeo:<\/strong><\/h2>\n<p><iframe title=\"Puff 50K Bang King 50000\" src=\"https:\/\/player.vimeo.com\/video\/1151536640?badge=0&amp;autopause=0&amp;player_id=0&amp;app_id=58479\" width=\"400\" height=\"711\" frameborder=\"0\"><\/iframe><\/p>\n<h3 data-path-to-node=\"27\">\u00bfPara qui\u00e9n es este sabor?<\/h3>\n<p><b>El explorador con gusto cl\u00e1sico:<\/b> Ideal para vapeadores que disfrutan de un sabor cl\u00e1sico y seguro (fresa y sand\u00eda), pero que est\u00e1n dispuestos a experimentar con un perfil mentolado intenso y emocionante.<\/p>\n<h3 dir=\"auto\">Aqu\u00ed tienes m\u00e1s recomendaciones para ti:<\/h3>\n<p dir=\"auto\">\u00a1Descubre sabores a\u00fan m\u00e1s incre\u00edbles con el vaporizador Puff 50K Bang King 50000!<\/p>\n<p dir=\"auto\"><a href=\"https:\/\/vozolvapen.de\/es\/categoria-de-producto\/bang-vape\/puff-50k-bang-king-50-000-caladas-vape\/\">Ver todas las variedades aqu\u00ed \u2192<\/a><\/p>\n<p dir=\"auto\">Explora nuestra colecci\u00f3n completa y compra las mejores marcas de vapeo que te encantar\u00e1n.<\/p>\n<p dir=\"auto\"><a href=\"https:\/\/vozolvapen.de\/es\/\">Explora todas las marcas ahora \u2192<\/a><\/p>\n<p dir=\"auto\">\u00a1Echa un vistazo a la serie completa Bang Vape: todos los sabores, todos los estilos!<\/p>\n<p dir=\"auto\"><a href=\"https:\/\/vozolvapen.de\/es\/categoria-de-producto\/bang-vape\/\">Ver la colecci\u00f3n completa de Bang Vape \u2192<\/a><\/p>","protected":false},"excerpt":{"rendered":"<p><span data-path-to-node=\"2,11,2,0\">La cl\u00e1sica y jugosa sand\u00eda con fresa contrasta con el ex\u00f3tico y agresivo Black Dragon Ice. <b>Fruta familiar, frescor ex\u00f3tico.<\/b><\/span><\/p>","protected":false},"featured_media":7926,"comment_status":"open","ping_status":"closed","template":"","meta":{"_acf_changed":false},"product_brand":[],"product_cat":[134,63],"product_tag":[],"class_list":{"0":"post-7913","1":"product","2":"type-product","3":"status-publish","4":"has-post-thumbnail","6":"product_cat-eu-warehouse-in-stock","7":"product_cat-puff-50k-bang-king-50000-puffs-vape","9":"first","10":"instock","11":"shipping-taxable","12":"purchasable","13":"product-type-variable"},"acf":[],"yoast_head":"<!-- This site is optimized with the Yoast SEO Premium plugin v26.1 (Yoast SEO v27.5) - https:\/\/yoast.com\/product\/yoast-seo-premium-wordpress\/ -->\n<title>Bang King 50000 Puffs: Strawberry Watermelon &amp; Black Dragon Ice Dual Flavor - vozolvapen<\/title>\n<meta name=\"description\" content=\"Contrast perfection! Puff 50K Bang King 50000 pairs the simple refreshment of Strawberry Watermelon with the exotic chill of Black Dragon Ice. Up to 50000 Puffs of premium flavor variety.\" \/>\n<meta name=\"robots\" content=\"index, follow, max-snippet:-1, max-image-preview:large, max-video-preview:-1\" \/>\n<link rel=\"canonical\" href=\"https:\/\/vozolvapen.de\/es\/product\/puff-50k-bang-king-50000-fresa-sandia-dragon-negro-hielo\/\" \/>\n<meta property=\"og:locale\" content=\"es_ES\" \/>\n<meta property=\"og:type\" content=\"article\" \/>\n<meta property=\"og:title\" content=\"Puff 50K Bang King 50000 - Strawberry Watermelon &amp; Black Dragon Ice\" \/>\n<meta property=\"og:description\" content=\"Contrast perfection! Puff 50K Bang King 50000 pairs the simple refreshment of Strawberry Watermelon with the exotic chill of Black Dragon Ice. Up to 50000 Puffs of premium flavor variety.\" \/>\n<meta property=\"og:url\" content=\"https:\/\/vozolvapen.de\/es\/product\/puff-50k-bang-king-50000-fresa-sandia-dragon-negro-hielo\/\" \/>\n<meta property=\"og:site_name\" content=\"vozolvapen\" \/>\n<meta property=\"article:modified_time\" content=\"2026-02-10T12:34:34+00:00\" \/>\n<meta property=\"og:image\" content=\"https:\/\/vozolvapen.de\/wp-content\/uploads\/2025\/12\/Puff-50k-bang-king-50000-strawberry-watermelon-black-dragon-ice-.jpg.webp\" \/>\n\t<meta property=\"og:image:width\" content=\"1000\" \/>\n\t<meta property=\"og:image:height\" content=\"1000\" \/>\n\t<meta property=\"og:image:type\" content=\"image\/webp\" \/>\n<meta name=\"twitter:card\" content=\"summary_large_image\" \/>\n<meta name=\"twitter:label1\" content=\"Tiempo de lectura\" \/>\n\t<meta name=\"twitter:data1\" content=\"2 minutos\" \/>\n<script type=\"application\/ld+json\" class=\"yoast-schema-graph\">{\"@context\":\"https:\\\/\\\/schema.org\",\"@graph\":[{\"@type\":\"WebPage\",\"@id\":\"https:\\\/\\\/vozolvapen.de\\\/product\\\/puff-50k-bang-king-50000-strawberry-watermelon-black-dragon-ice\\\/\",\"url\":\"https:\\\/\\\/vozolvapen.de\\\/product\\\/puff-50k-bang-king-50000-strawberry-watermelon-black-dragon-ice\\\/\",\"name\":\"Bang King 50000 Puffs: Strawberry Watermelon & Black Dragon Ice Dual Flavor - vozolvapen\",\"isPartOf\":{\"@id\":\"https:\\\/\\\/vozolvapen.de\\\/#website\"},\"primaryImageOfPage\":{\"@id\":\"https:\\\/\\\/vozolvapen.de\\\/product\\\/puff-50k-bang-king-50000-strawberry-watermelon-black-dragon-ice\\\/#primaryimage\"},\"image\":{\"@id\":\"https:\\\/\\\/vozolvapen.de\\\/product\\\/puff-50k-bang-king-50000-strawberry-watermelon-black-dragon-ice\\\/#primaryimage\"},\"thumbnailUrl\":\"https:\\\/\\\/vozolvapen.de\\\/wp-content\\\/uploads\\\/2025\\\/12\\\/Puff-50k-bang-king-50000-strawberry-watermelon-black-dragon-ice-.jpg.webp\",\"datePublished\":\"2025-12-06T09:40:35+00:00\",\"dateModified\":\"2026-02-10T12:34:34+00:00\",\"description\":\"Contrast perfection! Puff 50K Bang King 50000 pairs the simple refreshment of Strawberry Watermelon with the exotic chill of Black Dragon Ice. Up to 50000 Puffs of premium flavor variety.\",\"breadcrumb\":{\"@id\":\"https:\\\/\\\/vozolvapen.de\\\/product\\\/puff-50k-bang-king-50000-strawberry-watermelon-black-dragon-ice\\\/#breadcrumb\"},\"inLanguage\":\"es\",\"potentialAction\":[{\"@type\":\"ReadAction\",\"target\":[\"https:\\\/\\\/vozolvapen.de\\\/product\\\/puff-50k-bang-king-50000-strawberry-watermelon-black-dragon-ice\\\/\"]}]},{\"@type\":\"ImageObject\",\"inLanguage\":\"es\",\"@id\":\"https:\\\/\\\/vozolvapen.de\\\/product\\\/puff-50k-bang-king-50000-strawberry-watermelon-black-dragon-ice\\\/#primaryimage\",\"url\":\"https:\\\/\\\/vozolvapen.de\\\/wp-content\\\/uploads\\\/2025\\\/12\\\/Puff-50k-bang-king-50000-strawberry-watermelon-black-dragon-ice-.jpg.webp\",\"contentUrl\":\"https:\\\/\\\/vozolvapen.de\\\/wp-content\\\/uploads\\\/2025\\\/12\\\/Puff-50k-bang-king-50000-strawberry-watermelon-black-dragon-ice-.jpg.webp\",\"width\":1000,\"height\":1000,\"caption\":\"Puff 50k Bang King 50000 Strawberry Watermelon Black Dragon Ice .jpg Disposable Vape Device\"},{\"@type\":\"BreadcrumbList\",\"@id\":\"https:\\\/\\\/vozolvapen.de\\\/product\\\/puff-50k-bang-king-50000-strawberry-watermelon-black-dragon-ice\\\/#breadcrumb\",\"itemListElement\":[{\"@type\":\"ListItem\",\"position\":1,\"name\":\"Home\",\"item\":\"https:\\\/\\\/vozolvapen.de\\\/de\\\/\"},{\"@type\":\"ListItem\",\"position\":2,\"name\":\"Shop\",\"item\":\"https:\\\/\\\/vozolvapen.de\\\/shop\\\/\"},{\"@type\":\"ListItem\",\"position\":3,\"name\":\"Puff 50K Bang King 50000 &#8211; Strawberry Watermelon &#038; Black Dragon Ice\"}]},{\"@type\":\"WebSite\",\"@id\":\"https:\\\/\\\/vozolvapen.de\\\/#website\",\"url\":\"https:\\\/\\\/vozolvapen.de\\\/\",\"name\":\"vozolvapen\",\"description\":\"vozolvapen\",\"publisher\":{\"@id\":\"https:\\\/\\\/vozolvapen.de\\\/#organization\"},\"potentialAction\":[{\"@type\":\"SearchAction\",\"target\":{\"@type\":\"EntryPoint\",\"urlTemplate\":\"https:\\\/\\\/vozolvapen.de\\\/?s={search_term_string}\"},\"query-input\":{\"@type\":\"PropertyValueSpecification\",\"valueRequired\":true,\"valueName\":\"search_term_string\"}}],\"inLanguage\":\"es\"},{\"@type\":\"Organization\",\"@id\":\"https:\\\/\\\/vozolvapen.de\\\/#organization\",\"name\":\"vozolvapen\",\"url\":\"https:\\\/\\\/vozolvapen.de\\\/\",\"logo\":{\"@type\":\"ImageObject\",\"inLanguage\":\"es\",\"@id\":\"https:\\\/\\\/vozolvapen.de\\\/#\\\/schema\\\/logo\\\/image\\\/\",\"url\":\"https:\\\/\\\/vozolvapen.de\\\/wp-content\\\/uploads\\\/2025\\\/12\\\/cropped-vozovapen-logo.webp\",\"contentUrl\":\"https:\\\/\\\/vozolvapen.de\\\/wp-content\\\/uploads\\\/2025\\\/12\\\/cropped-vozovapen-logo.webp\",\"width\":470,\"height\":110,\"caption\":\"vozolvapen\"},\"image\":{\"@id\":\"https:\\\/\\\/vozolvapen.de\\\/#\\\/schema\\\/logo\\\/image\\\/\"}}]}<\/script>\n<!-- \/ Yoast SEO Premium plugin. -->","yoast_head_json":{"title":"Bang King 50000 caladas: fresa y sand\u00eda y Black Dragon Ice, doble sabor - vozolvapen","description":"\u00a1Contraste perfecto! Puff 50K Bang King 50000 combina el refrescante sabor de la fresa y la sand\u00eda con el ex\u00f3tico frescor del Black Dragon Ice. Hasta 50 000 caladas de una variedad de sabores premium.","robots":{"index":"index","follow":"follow","max-snippet":"max-snippet:-1","max-image-preview":"max-image-preview:large","max-video-preview":"max-video-preview:-1"},"canonical":"https:\/\/vozolvapen.de\/es\/product\/puff-50k-bang-king-50000-fresa-sandia-dragon-negro-hielo\/","og_locale":"es_ES","og_type":"article","og_title":"Puff 50K Bang King 50000 - Strawberry Watermelon & Black Dragon Ice","og_description":"Contrast perfection! Puff 50K Bang King 50000 pairs the simple refreshment of Strawberry Watermelon with the exotic chill of Black Dragon Ice. Up to 50000 Puffs of premium flavor variety.","og_url":"https:\/\/vozolvapen.de\/es\/product\/puff-50k-bang-king-50000-fresa-sandia-dragon-negro-hielo\/","og_site_name":"vozolvapen","article_modified_time":"2026-02-10T12:34:34+00:00","og_image":[{"width":1000,"height":1000,"url":"https:\/\/vozolvapen.de\/wp-content\/uploads\/2025\/12\/Puff-50k-bang-king-50000-strawberry-watermelon-black-dragon-ice-.jpg.webp","type":"image\/webp"}],"twitter_card":"summary_large_image","twitter_misc":{"Tiempo de lectura":"2 minutos"},"schema":{"@context":"https:\/\/schema.org","@graph":[{"@type":"WebPage","@id":"https:\/\/vozolvapen.de\/product\/puff-50k-bang-king-50000-strawberry-watermelon-black-dragon-ice\/","url":"https:\/\/vozolvapen.de\/product\/puff-50k-bang-king-50000-strawberry-watermelon-black-dragon-ice\/","name":"Bang King 50000 caladas: fresa y sand\u00eda y Black Dragon Ice, doble sabor - vozolvapen","isPartOf":{"@id":"https:\/\/vozolvapen.de\/#website"},"primaryImageOfPage":{"@id":"https:\/\/vozolvapen.de\/product\/puff-50k-bang-king-50000-strawberry-watermelon-black-dragon-ice\/#primaryimage"},"image":{"@id":"https:\/\/vozolvapen.de\/product\/puff-50k-bang-king-50000-strawberry-watermelon-black-dragon-ice\/#primaryimage"},"thumbnailUrl":"https:\/\/vozolvapen.de\/wp-content\/uploads\/2025\/12\/Puff-50k-bang-king-50000-strawberry-watermelon-black-dragon-ice-.jpg.webp","datePublished":"2025-12-06T09:40:35+00:00","dateModified":"2026-02-10T12:34:34+00:00","description":"\u00a1Contraste perfecto! Puff 50K Bang King 50000 combina el refrescante sabor de la fresa y la sand\u00eda con el ex\u00f3tico frescor del Black Dragon Ice. Hasta 50 000 caladas de una variedad de sabores premium.","breadcrumb":{"@id":"https:\/\/vozolvapen.de\/product\/puff-50k-bang-king-50000-strawberry-watermelon-black-dragon-ice\/#breadcrumb"},"inLanguage":"es","potentialAction":[{"@type":"ReadAction","target":["https:\/\/vozolvapen.de\/product\/puff-50k-bang-king-50000-strawberry-watermelon-black-dragon-ice\/"]}]},{"@type":"ImageObject","inLanguage":"es","@id":"https:\/\/vozolvapen.de\/product\/puff-50k-bang-king-50000-strawberry-watermelon-black-dragon-ice\/#primaryimage","url":"https:\/\/vozolvapen.de\/wp-content\/uploads\/2025\/12\/Puff-50k-bang-king-50000-strawberry-watermelon-black-dragon-ice-.jpg.webp","contentUrl":"https:\/\/vozolvapen.de\/wp-content\/uploads\/2025\/12\/Puff-50k-bang-king-50000-strawberry-watermelon-black-dragon-ice-.jpg.webp","width":1000,"height":1000,"caption":"Puff 50k Bang King 50000 Strawberry Watermelon Black Dragon Ice .jpg Disposable Vape Device"},{"@type":"BreadcrumbList","@id":"https:\/\/vozolvapen.de\/product\/puff-50k-bang-king-50000-strawberry-watermelon-black-dragon-ice\/#breadcrumb","itemListElement":[{"@type":"ListItem","position":1,"name":"Home","item":"https:\/\/vozolvapen.de\/de\/"},{"@type":"ListItem","position":2,"name":"Shop","item":"https:\/\/vozolvapen.de\/shop\/"},{"@type":"ListItem","position":3,"name":"Puff 50K Bang King 50000 &#8211; Strawberry Watermelon &#038; Black Dragon Ice"}]},{"@type":"WebSite","@id":"https:\/\/vozolvapen.de\/#website","url":"https:\/\/vozolvapen.de\/","name":"vozolvapen","description":"vozolvapen","publisher":{"@id":"https:\/\/vozolvapen.de\/#organization"},"potentialAction":[{"@type":"SearchAction","target":{"@type":"EntryPoint","urlTemplate":"https:\/\/vozolvapen.de\/?s={search_term_string}"},"query-input":{"@type":"PropertyValueSpecification","valueRequired":true,"valueName":"search_term_string"}}],"inLanguage":"es"},{"@type":"Organization","@id":"https:\/\/vozolvapen.de\/#organization","name":"vozolvapen","url":"https:\/\/vozolvapen.de\/","logo":{"@type":"ImageObject","inLanguage":"es","@id":"https:\/\/vozolvapen.de\/#\/schema\/logo\/image\/","url":"https:\/\/vozolvapen.de\/wp-content\/uploads\/2025\/12\/cropped-vozovapen-logo.webp","contentUrl":"https:\/\/vozolvapen.de\/wp-content\/uploads\/2025\/12\/cropped-vozovapen-logo.webp","width":470,"height":110,"caption":"vozolvapen"},"image":{"@id":"https:\/\/vozolvapen.de\/#\/schema\/logo\/image\/"}}]}},"tiered_pricing_type":"fixed","tiered_pricing_fixed_rules":{"30":"11.7","50":"9.7","100":"9.5","200":"8.9"},"tiered_pricing_product_settings":{"layout":"default","base_unit_name":{"singular":null,"plural":null},"default_variation":{}},"tiered_pricing_minimum_quantity":10,"tiered_pricing_roles_data":[],"tiered_pricing_percentage_rules":[],"tiered_pricing_maximum_quantity":null,"tiered_pricing_quantity_step":"10","_links":{"self":[{"href":"https:\/\/vozolvapen.de\/es\/wp-json\/wp\/v2\/product\/7913","targetHints":{"allow":["GET"]}}],"collection":[{"href":"https:\/\/vozolvapen.de\/es\/wp-json\/wp\/v2\/product"}],"about":[{"href":"https:\/\/vozolvapen.de\/es\/wp-json\/wp\/v2\/types\/product"}],"replies":[{"embeddable":true,"href":"https:\/\/vozolvapen.de\/es\/wp-json\/wp\/v2\/comments?post=7913"}],"wp:featuredmedia":[{"embeddable":true,"href":"https:\/\/vozolvapen.de\/es\/wp-json\/wp\/v2\/media\/7926"}],"wp:attachment":[{"href":"https:\/\/vozolvapen.de\/es\/wp-json\/wp\/v2\/media?parent=7913"}],"wp:term":[{"taxonomy":"product_brand","embeddable":true,"href":"https:\/\/vozolvapen.de\/es\/wp-json\/wp\/v2\/product_brand?post=7913"},{"taxonomy":"product_cat","embeddable":true,"href":"https:\/\/vozolvapen.de\/es\/wp-json\/wp\/v2\/product_cat?post=7913"},{"taxonomy":"product_tag","embeddable":true,"href":"https:\/\/vozolvapen.de\/es\/wp-json\/wp\/v2\/product_tag?post=7913"}],"curies":[{"name":"wp","href":"https:\/\/api.w.org\/{rel}","templated":true}]}}