{"id":7204,"date":"2025-12-02T07:01:30","date_gmt":"2025-12-02T07:01:30","guid":{"rendered":"https:\/\/vozolvapen.de\/?page_id=7204"},"modified":"2025-12-02T07:02:11","modified_gmt":"2025-12-02T07:02:11","slug":"expedition-et-suivi","status":"publish","type":"page","link":"https:\/\/vozolvapen.de\/fr\/shipping-and-tracking\/","title":{"rendered":"Exp\u00e9dition et suivi"},"content":{"rendered":"<h3 class=\"wp-block-heading\"><strong>Exp\u00e9dition dans le monde entier<\/strong><\/h3>\n\n\n\n<p>Nous proposons <strong>Exp\u00e9dition rapide et fiable dans le monde entier<\/strong>, couvrant l'Europe, l'Am\u00e9rique du Nord et au-del\u00e0, notamment les \u00c9tats-Unis, le Royaume-Uni, l'Allemagne, la France, l'Italie, l'Espagne, les Pays-Bas, la Belgique, le Portugal, la Su\u00e8de, la Pologne et bien d'autres pays encore.<\/p>\n\n\n\n<ul class=\"wp-block-list\">\n<li><strong>Depuis l'entrep\u00f4t europ\u00e9en :<\/strong> 1 \u00e0 3 jours ouvrables<\/li>\n\n\n\n<li><strong>Depuis l'entrep\u00f4t en Chine :<\/strong> 10 \u00e0 15 jours ouvrables<\/li>\n<\/ul>\n\n\n\n<p>Toutes les commandes utilisent <strong>DDP (rendu droits acquitt\u00e9s)<\/strong> exp\u00e9dition, sens <strong>pas de frais de douane ni de taxes \u00e0 l'importation suppl\u00e9mentaires<\/strong>.<\/p>\n\n\n\n<hr class=\"wp-block-separator has-alpha-channel-opacity\"\/>\n\n\n\n<h3 class=\"wp-block-heading\"><strong>Suivi de commande<\/strong><\/h3>\n\n\n\n<p>Une fois votre commande exp\u00e9di\u00e9e, vous recevrez un <strong>num\u00e9ro de suivi par e-mail ou SMS<\/strong>. Utilisez ce num\u00e9ro pour suivre votre envoi directement sur le site Web du transporteur.<\/p>\n\n\n\n<p><strong>Remarque :<\/strong> Les mises \u00e0 jour de suivi peuvent prendre 1 \u00e0 2 jours ouvrables pour appara\u00eetre apr\u00e8s l'exp\u00e9dition.<\/p>\n\n\n\n<p>Si vous rencontrez des probl\u00e8mes avec le suivi, contactez notre <strong>\u00e9quipe du service client\u00e8le<\/strong> par e-mail ou WhatsApp \u2014 nous sommes l\u00e0 pour vous aider.<\/p>\n\n\n\n<hr class=\"wp-block-separator has-alpha-channel-opacity\"\/>\n\n\n\n<h3 class=\"wp-block-heading\"><strong>Forfaits multiples<\/strong><\/h3>\n\n\n\n<p>Dans la mesure du possible, nous exp\u00e9dions tous les articles dans <strong>un paquet<\/strong> pour une livraison plus rapide.<br>Si votre commande comprend des produits provenant de <strong>diff\u00e9rents entrep\u00f4ts<\/strong>, ils peuvent arriver s\u00e9par\u00e9ment, chacun avec son propre num\u00e9ro de suivi.<\/p>\n\n\n\n<hr class=\"wp-block-separator has-alpha-channel-opacity\"\/>\n\n\n\n<h3 class=\"wp-block-heading\"><strong>Besoin d'aide ?<\/strong><\/h3>\n\n\n\n<p>Pour toute question concernant l'exp\u00e9dition ou le suivi, veuillez nous contacter \u00e0 l'adresse suivante :<\/p>\n\n\n\n<ul class=\"wp-block-list\">\n<li><strong>Courriel :<\/strong> <a>support@vozolvapen.com<\/a><\/li>\n\n\n\n<li><strong>WhatsApp :<\/strong> +86 18024174651<\/li>\n<\/ul>\n\n\n\n<p><\/p>","protected":false},"excerpt":{"rendered":"<p>Worldwide Shipping We offer fast and reliable shipping worldwide, covering Europe, North America, and beyond, including the US, UK, Germany, France, Italy, Spain, Netherlands, Belgium, Portugal, Sweden, Poland, and more. All orders use DDP (Delivered Duty Paid) shipping, meaning no extra customs fees or import taxes. Order Tracking Once your order has been shipped, you\u2019ll [&hellip;]<\/p>\n","protected":false},"author":1,"featured_media":0,"parent":0,"menu_order":0,"comment_status":"closed","ping_status":"closed","template":"","meta":{"_acf_changed":false,"footnotes":""},"class_list":["post-7204","page","type-page","status-publish","hentry"],"acf":[],"yoast_head":"<!-- This site is optimized with the Yoast SEO Premium plugin v26.1 (Yoast SEO v27.5) - https:\/\/yoast.com\/product\/yoast-seo-premium-wordpress\/ -->\n<title>Shipping and Tracking - vozolvapen<\/title>\n<meta name=\"robots\" content=\"index, follow, max-snippet:-1, max-image-preview:large, max-video-preview:-1\" \/>\n<link rel=\"canonical\" href=\"https:\/\/vozolvapen.de\/fr\/expedition-et-suivi\/\" \/>\n<meta property=\"og:locale\" content=\"fr_FR\" \/>\n<meta property=\"og:type\" content=\"article\" \/>\n<meta property=\"og:title\" content=\"Shipping and Tracking\" \/>\n<meta property=\"og:description\" content=\"Worldwide Shipping We offer fast and reliable shipping worldwide, covering Europe, North America, and beyond, including the US, UK, Germany, France, Italy, Spain, Netherlands, Belgium, Portugal, Sweden, Poland, and more. All orders use DDP (Delivered Duty Paid) shipping, meaning no extra customs fees or import taxes. Order Tracking Once your order has been shipped, you\u2019ll [&hellip;]\" \/>\n<meta property=\"og:url\" content=\"https:\/\/vozolvapen.de\/fr\/expedition-et-suivi\/\" \/>\n<meta property=\"og:site_name\" content=\"vozolvapen\" \/>\n<meta property=\"article:modified_time\" content=\"2025-12-02T07:02:11+00:00\" \/>\n<meta name=\"twitter:card\" content=\"summary_large_image\" \/>\n<meta name=\"twitter:label1\" content=\"Dur\u00e9e de lecture estim\u00e9e\" \/>\n\t<meta name=\"twitter:data1\" content=\"1 minute\" \/>\n<script type=\"application\/ld+json\" class=\"yoast-schema-graph\">{\"@context\":\"https:\\\/\\\/schema.org\",\"@graph\":[{\"@type\":\"WebPage\",\"@id\":\"https:\\\/\\\/vozolvapen.de\\\/shipping-and-tracking\\\/\",\"url\":\"https:\\\/\\\/vozolvapen.de\\\/shipping-and-tracking\\\/\",\"name\":\"Shipping and Tracking - vozolvapen\",\"isPartOf\":{\"@id\":\"https:\\\/\\\/vozolvapen.de\\\/#website\"},\"datePublished\":\"2025-12-02T07:01:30+00:00\",\"dateModified\":\"2025-12-02T07:02:11+00:00\",\"breadcrumb\":{\"@id\":\"https:\\\/\\\/vozolvapen.de\\\/shipping-and-tracking\\\/#breadcrumb\"},\"inLanguage\":\"fr-FR\",\"potentialAction\":[{\"@type\":\"ReadAction\",\"target\":[\"https:\\\/\\\/vozolvapen.de\\\/shipping-and-tracking\\\/\"]}]},{\"@type\":\"BreadcrumbList\",\"@id\":\"https:\\\/\\\/vozolvapen.de\\\/shipping-and-tracking\\\/#breadcrumb\",\"itemListElement\":[{\"@type\":\"ListItem\",\"position\":1,\"name\":\"Home\",\"item\":\"https:\\\/\\\/vozolvapen.de\\\/de\\\/\"},{\"@type\":\"ListItem\",\"position\":2,\"name\":\"Shipping and Tracking\"}]},{\"@type\":\"WebSite\",\"@id\":\"https:\\\/\\\/vozolvapen.de\\\/#website\",\"url\":\"https:\\\/\\\/vozolvapen.de\\\/\",\"name\":\"vozolvapen\",\"description\":\"vozolvapen\",\"publisher\":{\"@id\":\"https:\\\/\\\/vozolvapen.de\\\/#organization\"},\"potentialAction\":[{\"@type\":\"SearchAction\",\"target\":{\"@type\":\"EntryPoint\",\"urlTemplate\":\"https:\\\/\\\/vozolvapen.de\\\/?s={search_term_string}\"},\"query-input\":{\"@type\":\"PropertyValueSpecification\",\"valueRequired\":true,\"valueName\":\"search_term_string\"}}],\"inLanguage\":\"fr-FR\"},{\"@type\":\"Organization\",\"@id\":\"https:\\\/\\\/vozolvapen.de\\\/#organization\",\"name\":\"vozolvapen\",\"url\":\"https:\\\/\\\/vozolvapen.de\\\/\",\"logo\":{\"@type\":\"ImageObject\",\"inLanguage\":\"fr-FR\",\"@id\":\"https:\\\/\\\/vozolvapen.de\\\/#\\\/schema\\\/logo\\\/image\\\/\",\"url\":\"https:\\\/\\\/vozolvapen.de\\\/wp-content\\\/uploads\\\/2025\\\/12\\\/cropped-vozovapen-logo.webp\",\"contentUrl\":\"https:\\\/\\\/vozolvapen.de\\\/wp-content\\\/uploads\\\/2025\\\/12\\\/cropped-vozovapen-logo.webp\",\"width\":470,\"height\":110,\"caption\":\"vozolvapen\"},\"image\":{\"@id\":\"https:\\\/\\\/vozolvapen.de\\\/#\\\/schema\\\/logo\\\/image\\\/\"}}]}<\/script>\n<!-- \/ Yoast SEO Premium plugin. -->","yoast_head_json":{"title":"Exp\u00e9dition et suivi - vozolvapen","robots":{"index":"index","follow":"follow","max-snippet":"max-snippet:-1","max-image-preview":"max-image-preview:large","max-video-preview":"max-video-preview:-1"},"canonical":"https:\/\/vozolvapen.de\/fr\/expedition-et-suivi\/","og_locale":"fr_FR","og_type":"article","og_title":"Shipping and Tracking","og_description":"Worldwide Shipping We offer fast and reliable shipping worldwide, covering Europe, North America, and beyond, including the US, UK, Germany, France, Italy, Spain, Netherlands, Belgium, Portugal, Sweden, Poland, and more. All orders use DDP (Delivered Duty Paid) shipping, meaning no extra customs fees or import taxes. Order Tracking Once your order has been shipped, you\u2019ll [&hellip;]","og_url":"https:\/\/vozolvapen.de\/fr\/expedition-et-suivi\/","og_site_name":"vozolvapen","article_modified_time":"2025-12-02T07:02:11+00:00","twitter_card":"summary_large_image","twitter_misc":{"Dur\u00e9e de lecture estim\u00e9e":"1 minute"},"schema":{"@context":"https:\/\/schema.org","@graph":[{"@type":"WebPage","@id":"https:\/\/vozolvapen.de\/shipping-and-tracking\/","url":"https:\/\/vozolvapen.de\/shipping-and-tracking\/","name":"Exp\u00e9dition et suivi - vozolvapen","isPartOf":{"@id":"https:\/\/vozolvapen.de\/#website"},"datePublished":"2025-12-02T07:01:30+00:00","dateModified":"2025-12-02T07:02:11+00:00","breadcrumb":{"@id":"https:\/\/vozolvapen.de\/shipping-and-tracking\/#breadcrumb"},"inLanguage":"fr-FR","potentialAction":[{"@type":"ReadAction","target":["https:\/\/vozolvapen.de\/shipping-and-tracking\/"]}]},{"@type":"BreadcrumbList","@id":"https:\/\/vozolvapen.de\/shipping-and-tracking\/#breadcrumb","itemListElement":[{"@type":"ListItem","position":1,"name":"Home","item":"https:\/\/vozolvapen.de\/de\/"},{"@type":"ListItem","position":2,"name":"Shipping and Tracking"}]},{"@type":"WebSite","@id":"https:\/\/vozolvapen.de\/#website","url":"https:\/\/vozolvapen.de\/","name":"vozolvapen","description":"vozolvapen","publisher":{"@id":"https:\/\/vozolvapen.de\/#organization"},"potentialAction":[{"@type":"SearchAction","target":{"@type":"EntryPoint","urlTemplate":"https:\/\/vozolvapen.de\/?s={search_term_string}"},"query-input":{"@type":"PropertyValueSpecification","valueRequired":true,"valueName":"search_term_string"}}],"inLanguage":"fr-FR"},{"@type":"Organization","@id":"https:\/\/vozolvapen.de\/#organization","name":"vozolvapen","url":"https:\/\/vozolvapen.de\/","logo":{"@type":"ImageObject","inLanguage":"fr-FR","@id":"https:\/\/vozolvapen.de\/#\/schema\/logo\/image\/","url":"https:\/\/vozolvapen.de\/wp-content\/uploads\/2025\/12\/cropped-vozovapen-logo.webp","contentUrl":"https:\/\/vozolvapen.de\/wp-content\/uploads\/2025\/12\/cropped-vozovapen-logo.webp","width":470,"height":110,"caption":"vozolvapen"},"image":{"@id":"https:\/\/vozolvapen.de\/#\/schema\/logo\/image\/"}}]}},"_links":{"self":[{"href":"https:\/\/vozolvapen.de\/fr\/wp-json\/wp\/v2\/pages\/7204","targetHints":{"allow":["GET"]}}],"collection":[{"href":"https:\/\/vozolvapen.de\/fr\/wp-json\/wp\/v2\/pages"}],"about":[{"href":"https:\/\/vozolvapen.de\/fr\/wp-json\/wp\/v2\/types\/page"}],"author":[{"embeddable":true,"href":"https:\/\/vozolvapen.de\/fr\/wp-json\/wp\/v2\/users\/1"}],"replies":[{"embeddable":true,"href":"https:\/\/vozolvapen.de\/fr\/wp-json\/wp\/v2\/comments?post=7204"}],"version-history":[{"count":2,"href":"https:\/\/vozolvapen.de\/fr\/wp-json\/wp\/v2\/pages\/7204\/revisions"}],"predecessor-version":[{"id":7208,"href":"https:\/\/vozolvapen.de\/fr\/wp-json\/wp\/v2\/pages\/7204\/revisions\/7208"}],"wp:attachment":[{"href":"https:\/\/vozolvapen.de\/fr\/wp-json\/wp\/v2\/media?parent=7204"}],"curies":[{"name":"wp","href":"https:\/\/api.w.org\/{rel}","templated":true}]}}