{"id":19167,"date":"2025-12-08T10:23:56","date_gmt":"2025-12-08T10:23:56","guid":{"rendered":"https:\/\/vozolvapen.de\/?post_type=product&#038;p=19167"},"modified":"2026-02-10T12:33:48","modified_gmt":"2026-02-10T12:33:48","slug":"vozol-star-40000-melon-ice","status":"publish","type":"product","link":"https:\/\/vozolvapen.de\/fr\/product\/vozol-star-40000-melon-ice\/","title":{"rendered":"Vozol Star 40000 \u2013 Melon Ice"},"content":{"rendered":"<h1 data-path-to-node=\"62,2,0\">VOZOL Star 40k Puffs \u2013 Melon glac\u00e9<\/h1>\n<p data-path-to-node=\"62,3,0\"><b>Triple Melon Chill<\/b> <b>VOZOL Star 40000 Melon Ice<\/b> Ce n'est pas seulement un melon, c'est un m\u00e9lange magistral. Attendez-vous \u00e0 des notes de melon miel, de cantaloup et peut-\u00eatre \u00e0 une touche de past\u00e8que, le tout rehauss\u00e9 d'une finale fra\u00eeche et glac\u00e9e. La saveur est cr\u00e9meuse mais croquante, offrant une texture fruit\u00e9e luxueuse avec un arri\u00e8re-go\u00fbt pur. C'est comme un bol de fruits frais par une journ\u00e9e chaude.<\/p>\n<h2 data-path-to-node=\"62,3,1\"><b>Performances rafra\u00eechissantes<\/b><\/h2>\n<p data-path-to-node=\"62,3,1\">L'\u00e9l\u00e9ment glac\u00e9 de cette saveur est parfaitement calibr\u00e9. Il rehausse les qualit\u00e9s rafra\u00eechissantes naturelles du melon sans dominer le fruit. Propuls\u00e9 par le <b>VOZOL Star 40000<\/b> Gr\u00e2ce \u00e0 son syst\u00e8me avanc\u00e9 de batterie et de r\u00e9sistance, il offre une vape constante et fra\u00eeche \u00e0 chaque utilisation.<\/p>\n<h2 data-path-to-node=\"62,4,0\"><b>Sp\u00e9cifications<\/b><\/h2>\n<ul>\n<li data-path-to-node=\"62,4,1,0,0\"><b>Puffs :<\/b> Jusqu'\u00e0 40 000<\/li>\n<li data-path-to-node=\"62,4,1,1,0\"><b>Saveur :<\/b> M\u00e9lange de melon et glace<\/li>\n<li data-path-to-node=\"62,4,1,2,0\"><b>E-liquide :<\/b> 20 ml<\/li>\n<li data-path-to-node=\"62,4,1,3,0\"><b>Bobine :<\/b> Double maille 0,65 \u03a9*2<\/li>\n<\/ul>\n<h3 dir=\"auto\">Voici d'autres recommandations pour vous :<\/h3>\n<p dir=\"auto\">D\u00e9couvrez encore plus de saveurs incroyables avec la Vozol Star 40000 Puff Vape !<\/p>\n<p dir=\"auto\"><a href=\"https:\/\/vozolvapen.de\/fr\/product-category\/vozol-vape\/vozol-star-40-000-bouffees-de-vape\/\">Voir toutes les vari\u00e9t\u00e9s ici \u2192<\/a><\/p>\n<p dir=\"auto\">D\u00e9couvrez notre collection compl\u00e8te et achetez les meilleures marques de cigarettes \u00e9lectroniques que vous allez adorer.<\/p>\n<p dir=\"auto\"><a href=\"https:\/\/vozolvapen.de\/fr\/\">Parcourir toutes les marques maintenant \u2192<\/a><\/p>\n<p dir=\"auto\">D\u00e9couvrez la gamme compl\u00e8te VOZOL Vape : toutes les saveurs, tous les styles !<\/p>\n<p dir=\"auto\"><a href=\"https:\/\/vozolvapen.de\/fr\/product-category\/vozol-vape\/\">D\u00e9couvrez toute la collection VOZOL Vape \u2192<\/a><\/p>","protected":false},"excerpt":{"rendered":"<p><span data-path-to-node=\"4,20,2,0\"><b>M\u00e9lange multi-melons<\/b> (melon miel et cantaloup) avec une expiration pure et givr\u00e9e.<\/span><\/p>","protected":false},"featured_media":19340,"comment_status":"open","ping_status":"closed","template":"","meta":{"_acf_changed":false},"product_brand":[],"product_cat":[15,53,134,69],"product_tag":[],"class_list":{"0":"post-19167","1":"product","2":"type-product","3":"status-publish","4":"has-post-thumbnail","6":"product_cat-uncategorized","7":"product_cat-bang-vape","8":"product_cat-eu-warehouse-in-stock","9":"product_cat-vozol-star-40000-puffs-vape","11":"first","12":"instock","13":"shipping-taxable","14":"purchasable","15":"product-type-variable"},"acf":[],"yoast_head":"<!-- This site is optimized with the Yoast SEO Premium plugin v26.1 (Yoast SEO v27.5) - https:\/\/yoast.com\/product\/yoast-seo-premium-wordpress\/ -->\n<title>VOZOL Star 40000 Melon Ice | Mixed Melon Menthol Vape - vozolvapen<\/title>\n<meta name=\"description\" content=\"VOZOL Star 40000 Melon Ice. A trio of melons served over ice. Refreshing, sweet, and cool. 20ml liquid capacity, 40k puffs.\" \/>\n<meta name=\"robots\" content=\"index, follow, max-snippet:-1, max-image-preview:large, max-video-preview:-1\" \/>\n<link rel=\"canonical\" href=\"https:\/\/vozolvapen.de\/fr\/product\/vozol-star-40000-melon-ice\/\" \/>\n<meta property=\"og:locale\" content=\"fr_FR\" \/>\n<meta property=\"og:type\" content=\"article\" \/>\n<meta property=\"og:title\" content=\"Vozol Star 40000 - Melon Ice\" \/>\n<meta property=\"og:description\" content=\"VOZOL Star 40000 Melon Ice. A trio of melons served over ice. Refreshing, sweet, and cool. 20ml liquid capacity, 40k puffs.\" \/>\n<meta property=\"og:url\" content=\"https:\/\/vozolvapen.de\/fr\/product\/vozol-star-40000-melon-ice\/\" \/>\n<meta property=\"og:site_name\" content=\"vozolvapen\" \/>\n<meta property=\"article:modified_time\" content=\"2026-02-10T12:33:48+00:00\" \/>\n<meta property=\"og:image\" content=\"https:\/\/vozolvapen.de\/wp-content\/uploads\/2025\/12\/Vozol-Star-40000-Melon-Ice-1.webp\" \/>\n\t<meta property=\"og:image:width\" content=\"1200\" \/>\n\t<meta property=\"og:image:height\" content=\"1200\" \/>\n\t<meta property=\"og:image:type\" content=\"image\/webp\" \/>\n<meta name=\"twitter:card\" content=\"summary_large_image\" \/>\n<meta name=\"twitter:label1\" content=\"Dur\u00e9e de lecture estim\u00e9e\" \/>\n\t<meta name=\"twitter:data1\" content=\"1 minute\" \/>\n<script type=\"application\/ld+json\" class=\"yoast-schema-graph\">{\"@context\":\"https:\\\/\\\/schema.org\",\"@graph\":[{\"@type\":\"WebPage\",\"@id\":\"https:\\\/\\\/vozolvapen.de\\\/product\\\/vozol-star-40000-melon-ice\\\/\",\"url\":\"https:\\\/\\\/vozolvapen.de\\\/product\\\/vozol-star-40000-melon-ice\\\/\",\"name\":\"VOZOL Star 40000 Melon Ice | Mixed Melon Menthol Vape - vozolvapen\",\"isPartOf\":{\"@id\":\"https:\\\/\\\/vozolvapen.de\\\/#website\"},\"primaryImageOfPage\":{\"@id\":\"https:\\\/\\\/vozolvapen.de\\\/product\\\/vozol-star-40000-melon-ice\\\/#primaryimage\"},\"image\":{\"@id\":\"https:\\\/\\\/vozolvapen.de\\\/product\\\/vozol-star-40000-melon-ice\\\/#primaryimage\"},\"thumbnailUrl\":\"https:\\\/\\\/vozolvapen.de\\\/wp-content\\\/uploads\\\/2025\\\/12\\\/Vozol-Star-40000-Melon-Ice-1.webp\",\"datePublished\":\"2025-12-08T10:23:56+00:00\",\"dateModified\":\"2026-02-10T12:33:48+00:00\",\"description\":\"VOZOL Star 40000 Melon Ice. A trio of melons served over ice. Refreshing, sweet, and cool. 20ml liquid capacity, 40k puffs.\",\"breadcrumb\":{\"@id\":\"https:\\\/\\\/vozolvapen.de\\\/product\\\/vozol-star-40000-melon-ice\\\/#breadcrumb\"},\"inLanguage\":\"fr-FR\",\"potentialAction\":[{\"@type\":\"ReadAction\",\"target\":[\"https:\\\/\\\/vozolvapen.de\\\/product\\\/vozol-star-40000-melon-ice\\\/\"]}]},{\"@type\":\"ImageObject\",\"inLanguage\":\"fr-FR\",\"@id\":\"https:\\\/\\\/vozolvapen.de\\\/product\\\/vozol-star-40000-melon-ice\\\/#primaryimage\",\"url\":\"https:\\\/\\\/vozolvapen.de\\\/wp-content\\\/uploads\\\/2025\\\/12\\\/Vozol-Star-40000-Melon-Ice-1.webp\",\"contentUrl\":\"https:\\\/\\\/vozolvapen.de\\\/wp-content\\\/uploads\\\/2025\\\/12\\\/Vozol-Star-40000-Melon-Ice-1.webp\",\"width\":1200,\"height\":1200,\"caption\":\"Vozol Star 40000 Melon Ice 1 Disposable Vape Device\"},{\"@type\":\"BreadcrumbList\",\"@id\":\"https:\\\/\\\/vozolvapen.de\\\/product\\\/vozol-star-40000-melon-ice\\\/#breadcrumb\",\"itemListElement\":[{\"@type\":\"ListItem\",\"position\":1,\"name\":\"Home\",\"item\":\"https:\\\/\\\/vozolvapen.de\\\/de\\\/\"},{\"@type\":\"ListItem\",\"position\":2,\"name\":\"Shop\",\"item\":\"https:\\\/\\\/vozolvapen.de\\\/shop\\\/\"},{\"@type\":\"ListItem\",\"position\":3,\"name\":\"Vozol Star 40000 &#8211; Melon Ice\"}]},{\"@type\":\"WebSite\",\"@id\":\"https:\\\/\\\/vozolvapen.de\\\/#website\",\"url\":\"https:\\\/\\\/vozolvapen.de\\\/\",\"name\":\"vozolvapen\",\"description\":\"vozolvapen\",\"publisher\":{\"@id\":\"https:\\\/\\\/vozolvapen.de\\\/#organization\"},\"potentialAction\":[{\"@type\":\"SearchAction\",\"target\":{\"@type\":\"EntryPoint\",\"urlTemplate\":\"https:\\\/\\\/vozolvapen.de\\\/?s={search_term_string}\"},\"query-input\":{\"@type\":\"PropertyValueSpecification\",\"valueRequired\":true,\"valueName\":\"search_term_string\"}}],\"inLanguage\":\"fr-FR\"},{\"@type\":\"Organization\",\"@id\":\"https:\\\/\\\/vozolvapen.de\\\/#organization\",\"name\":\"vozolvapen\",\"url\":\"https:\\\/\\\/vozolvapen.de\\\/\",\"logo\":{\"@type\":\"ImageObject\",\"inLanguage\":\"fr-FR\",\"@id\":\"https:\\\/\\\/vozolvapen.de\\\/#\\\/schema\\\/logo\\\/image\\\/\",\"url\":\"https:\\\/\\\/vozolvapen.de\\\/wp-content\\\/uploads\\\/2025\\\/12\\\/cropped-vozovapen-logo.webp\",\"contentUrl\":\"https:\\\/\\\/vozolvapen.de\\\/wp-content\\\/uploads\\\/2025\\\/12\\\/cropped-vozovapen-logo.webp\",\"width\":470,\"height\":110,\"caption\":\"vozolvapen\"},\"image\":{\"@id\":\"https:\\\/\\\/vozolvapen.de\\\/#\\\/schema\\\/logo\\\/image\\\/\"}}]}<\/script>\n<!-- \/ Yoast SEO Premium plugin. -->","yoast_head_json":{"title":"VOZOL Star 40000 Melon Ice | Vape m\u00e9lang\u00e9e melon menthol - vozolvapen","description":"VOZOL Star 40000 Melon Ice. Un trio de melons servis sur de la glace. Rafra\u00eechissant, sucr\u00e9 et frais. Capacit\u00e9 de 20 ml de liquide, 40k Puffs.","robots":{"index":"index","follow":"follow","max-snippet":"max-snippet:-1","max-image-preview":"max-image-preview:large","max-video-preview":"max-video-preview:-1"},"canonical":"https:\/\/vozolvapen.de\/fr\/product\/vozol-star-40000-melon-ice\/","og_locale":"fr_FR","og_type":"article","og_title":"Vozol Star 40000 - Melon Ice","og_description":"VOZOL Star 40000 Melon Ice. A trio of melons served over ice. Refreshing, sweet, and cool. 20ml liquid capacity, 40k puffs.","og_url":"https:\/\/vozolvapen.de\/fr\/product\/vozol-star-40000-melon-ice\/","og_site_name":"vozolvapen","article_modified_time":"2026-02-10T12:33:48+00:00","og_image":[{"width":1200,"height":1200,"url":"https:\/\/vozolvapen.de\/wp-content\/uploads\/2025\/12\/Vozol-Star-40000-Melon-Ice-1.webp","type":"image\/webp"}],"twitter_card":"summary_large_image","twitter_misc":{"Dur\u00e9e de lecture estim\u00e9e":"1 minute"},"schema":{"@context":"https:\/\/schema.org","@graph":[{"@type":"WebPage","@id":"https:\/\/vozolvapen.de\/product\/vozol-star-40000-melon-ice\/","url":"https:\/\/vozolvapen.de\/product\/vozol-star-40000-melon-ice\/","name":"VOZOL Star 40000 Melon Ice | Vape m\u00e9lang\u00e9e melon menthol - vozolvapen","isPartOf":{"@id":"https:\/\/vozolvapen.de\/#website"},"primaryImageOfPage":{"@id":"https:\/\/vozolvapen.de\/product\/vozol-star-40000-melon-ice\/#primaryimage"},"image":{"@id":"https:\/\/vozolvapen.de\/product\/vozol-star-40000-melon-ice\/#primaryimage"},"thumbnailUrl":"https:\/\/vozolvapen.de\/wp-content\/uploads\/2025\/12\/Vozol-Star-40000-Melon-Ice-1.webp","datePublished":"2025-12-08T10:23:56+00:00","dateModified":"2026-02-10T12:33:48+00:00","description":"VOZOL Star 40000 Melon Ice. Un trio de melons servis sur de la glace. Rafra\u00eechissant, sucr\u00e9 et frais. Capacit\u00e9 de 20 ml de liquide, 40k Puffs.","breadcrumb":{"@id":"https:\/\/vozolvapen.de\/product\/vozol-star-40000-melon-ice\/#breadcrumb"},"inLanguage":"fr-FR","potentialAction":[{"@type":"ReadAction","target":["https:\/\/vozolvapen.de\/product\/vozol-star-40000-melon-ice\/"]}]},{"@type":"ImageObject","inLanguage":"fr-FR","@id":"https:\/\/vozolvapen.de\/product\/vozol-star-40000-melon-ice\/#primaryimage","url":"https:\/\/vozolvapen.de\/wp-content\/uploads\/2025\/12\/Vozol-Star-40000-Melon-Ice-1.webp","contentUrl":"https:\/\/vozolvapen.de\/wp-content\/uploads\/2025\/12\/Vozol-Star-40000-Melon-Ice-1.webp","width":1200,"height":1200,"caption":"Vozol Star 40000 Melon Ice 1 Disposable Vape Device"},{"@type":"BreadcrumbList","@id":"https:\/\/vozolvapen.de\/product\/vozol-star-40000-melon-ice\/#breadcrumb","itemListElement":[{"@type":"ListItem","position":1,"name":"Home","item":"https:\/\/vozolvapen.de\/de\/"},{"@type":"ListItem","position":2,"name":"Shop","item":"https:\/\/vozolvapen.de\/shop\/"},{"@type":"ListItem","position":3,"name":"Vozol Star 40000 &#8211; Melon Ice"}]},{"@type":"WebSite","@id":"https:\/\/vozolvapen.de\/#website","url":"https:\/\/vozolvapen.de\/","name":"vozolvapen","description":"vozolvapen","publisher":{"@id":"https:\/\/vozolvapen.de\/#organization"},"potentialAction":[{"@type":"SearchAction","target":{"@type":"EntryPoint","urlTemplate":"https:\/\/vozolvapen.de\/?s={search_term_string}"},"query-input":{"@type":"PropertyValueSpecification","valueRequired":true,"valueName":"search_term_string"}}],"inLanguage":"fr-FR"},{"@type":"Organization","@id":"https:\/\/vozolvapen.de\/#organization","name":"vozolvapen","url":"https:\/\/vozolvapen.de\/","logo":{"@type":"ImageObject","inLanguage":"fr-FR","@id":"https:\/\/vozolvapen.de\/#\/schema\/logo\/image\/","url":"https:\/\/vozolvapen.de\/wp-content\/uploads\/2025\/12\/cropped-vozovapen-logo.webp","contentUrl":"https:\/\/vozolvapen.de\/wp-content\/uploads\/2025\/12\/cropped-vozovapen-logo.webp","width":470,"height":110,"caption":"vozolvapen"},"image":{"@id":"https:\/\/vozolvapen.de\/#\/schema\/logo\/image\/"}}]}},"tiered_pricing_type":"fixed","tiered_pricing_fixed_rules":{"30":"12.98","50":"11.48","100":"10.98","200":"10.48"},"tiered_pricing_product_settings":{"layout":"default","base_unit_name":{"singular":null,"plural":null},"default_variation":{}},"tiered_pricing_minimum_quantity":10,"tiered_pricing_roles_data":[],"tiered_pricing_percentage_rules":[],"tiered_pricing_maximum_quantity":null,"tiered_pricing_quantity_step":"10","_links":{"self":[{"href":"https:\/\/vozolvapen.de\/fr\/wp-json\/wp\/v2\/product\/19167","targetHints":{"allow":["GET"]}}],"collection":[{"href":"https:\/\/vozolvapen.de\/fr\/wp-json\/wp\/v2\/product"}],"about":[{"href":"https:\/\/vozolvapen.de\/fr\/wp-json\/wp\/v2\/types\/product"}],"replies":[{"embeddable":true,"href":"https:\/\/vozolvapen.de\/fr\/wp-json\/wp\/v2\/comments?post=19167"}],"wp:featuredmedia":[{"embeddable":true,"href":"https:\/\/vozolvapen.de\/fr\/wp-json\/wp\/v2\/media\/19340"}],"wp:attachment":[{"href":"https:\/\/vozolvapen.de\/fr\/wp-json\/wp\/v2\/media?parent=19167"}],"wp:term":[{"taxonomy":"product_brand","embeddable":true,"href":"https:\/\/vozolvapen.de\/fr\/wp-json\/wp\/v2\/product_brand?post=19167"},{"taxonomy":"product_cat","embeddable":true,"href":"https:\/\/vozolvapen.de\/fr\/wp-json\/wp\/v2\/product_cat?post=19167"},{"taxonomy":"product_tag","embeddable":true,"href":"https:\/\/vozolvapen.de\/fr\/wp-json\/wp\/v2\/product_tag?post=19167"}],"curies":[{"name":"wp","href":"https:\/\/api.w.org\/{rel}","templated":true}]}}