{"id":21370,"date":"2025-12-11T06:46:29","date_gmt":"2025-12-11T06:46:29","guid":{"rendered":"https:\/\/vozolvapen.de\/?post_type=product&#038;p=21370"},"modified":"2026-02-10T12:40:02","modified_gmt":"2026-02-10T12:40:02","slug":"puff-30k-bang-king-30000-double-saveur-pasteque-glacee-fraise-et-mangue","status":"publish","type":"product","link":"https:\/\/vozolvapen.de\/fr\/product\/puff-30k-bang-king-30000-dual-flavor-watermelon-ice-strawberry-and-mango\/","title":{"rendered":"Puff 30k Bang King 30000 Double saveur \u2013 Past\u00e8que glac\u00e9e &amp; Fraise et mangue"},"content":{"rendered":"<h1 data-path-to-node=\"17\">Past\u00e8que glac\u00e9e et fraise-mangue \u2013 Puff 30k Bang King 30000 double saveur<\/h1>\n<p><strong>Des vacances tropicales dans votre poche<\/strong><\/p>\n<p>\u00c9vadez-vous au paradis avec le Watermelon Ice &amp; Strawberry Mango Bang King 30000. Cet appareil est le r\u00eave des amateurs de fruits, combinant la sensation rafra\u00eechissante de la past\u00e8que avec un cocktail de fruits exotiques riche et intense. Avec 30K puffs \u00e0 votre disposition, l'ambiance estivale ne s'arr\u00eatera jamais.<\/p>\n<h2 data-path-to-node=\"19\">Une symphonie de deux saveurs<\/h2>\n<ul data-path-to-node=\"20\">\n<li>Saveur A : Past\u00e8que glac\u00e9e. La saveur classique qui pla\u00eet \u00e0 tous. Savourez le go\u00fbt d\u00e9salt\u00e9rant de la past\u00e8que sucr\u00e9e, rehauss\u00e9 par une brise menthol\u00e9e rafra\u00eechissante. Id\u00e9ale pour les journ\u00e9es chaudes ou lorsque vous avez besoin d'un peu de fra\u00eecheur.<\/li>\n<li>Saveur B : Fraise et mangueUne combinaison succulente de fraises rouge rubis et de mangues dor\u00e9es et m\u00fbres. La fraise apporte une base sucr\u00e9e de baies, tandis que la mangue ajoute une touche cr\u00e9meuse et tropicale qui persiste en bouche.<\/li>\n<li>Changez d'ambiance : passez sans effort d'une saveur rafra\u00eechissante de glace \u00e0 un riche m\u00e9lange de fruits tropicaux. La technologie 2 en 1 vous garantit de ne jamais vous lasser des saveurs.<\/li>\n<\/ul>\n<h2 data-path-to-node=\"21\">Sp\u00e9cifications du produit<\/h2>\n<table data-path-to-node=\"22\">\n<thead>\n<tr>\n<td><strong>Fonctionnalit\u00e9<\/strong><\/td>\n<td><strong>D\u00e9tails<\/strong><\/td>\n<\/tr>\n<\/thead>\n<tbody>\n<tr>\n<td><span data-path-to-node=\"22,1,0,0\"><b>Mod\u00e8le<\/b><\/span><\/td>\n<td><span data-path-to-node=\"22,1,1,0\">Bang King 30000<\/span><\/td>\n<\/tr>\n<tr>\n<td><span data-path-to-node=\"22,2,0,0\"><b>Puffs<\/b><\/span><\/td>\n<td><span data-path-to-node=\"22,2,1,0\">Jusqu'\u00e0 30K puffs<\/span><\/td>\n<\/tr>\n<tr>\n<td><span data-path-to-node=\"22,3,0,0\"><b>Combinaison de saveurs<\/b><\/span><\/td>\n<td><span data-path-to-node=\"22,3,1,0\"><b>Glace \u00e0 la past\u00e8que et fraise-mangue<\/b><\/span><\/td>\n<\/tr>\n<tr>\n<td><span data-path-to-node=\"22,4,0,0\"><b>E-liquide<\/b><\/span><\/td>\n<td><span data-path-to-node=\"22,4,1,0\">36 ml (deux r\u00e9servoirs de 18 ml)<\/span><\/td>\n<\/tr>\n<tr>\n<td><span data-path-to-node=\"22,5,0,0\"><b>Nicotine<\/b><\/span><\/td>\n<td><span data-path-to-node=\"22,5,1,0\">0% \/ 2% \/ 3% \/ 5%<\/span><\/td>\n<\/tr>\n<tr>\n<td><span data-path-to-node=\"22,6,0,0\"><b>Batterie<\/b><\/span><\/td>\n<td><span data-path-to-node=\"22,6,1,0\">550 mAh rechargeable (Type-C)<\/span><\/td>\n<\/tr>\n<tr>\n<td><span data-path-to-node=\"22,7,0,0\"><b>Bobine<\/b><\/span><\/td>\n<td><span data-path-to-node=\"22,7,1,0\">R\u00e9sistance Mesh 1,0 \u03a9<\/span><\/td>\n<\/tr>\n<tr>\n<td><span data-path-to-node=\"22,8,0,0\"><b>Affichage<\/b><\/span><\/td>\n<td><span data-path-to-node=\"22,8,1,0\">\u00c9cran num\u00e9rique LCD<\/span><\/td>\n<\/tr>\n<\/tbody>\n<\/table>\n<h2><strong>Bang King 30 000 bouff\u00e9es <\/strong><strong>Vid\u00e9o :<\/strong><\/h2>\n<p><iframe src=\"https:\/\/player.vimeo.com\/video\/1150260479?badge=0&amp;autopause=0&amp;player_id=0&amp;app_id=58479&amp;autoplay=1\" width=\"400\" height=\"711\" frameborder=\"0\" allow=\"autoplay; fullscreen; picture-in-picture; clipboard-write; encrypted-media; web-share\" referrerpolicy=\"strict-origin-when-cross-origin\" title=\"Bang 30k bouff\u00e9es 30000 bouff\u00e9es Vape jetable Bang King 2 en 1 Entrep\u00f4t UE 24 saveurs Double go\u00fbt \u00c9cran LCD Cigarette \u00e9lectronique Stylo Vaper\"><\/iframe><\/p>\n<p data-path-to-node=\"23\"><b>Ne vous contentez pas d'un seul fruit. Profitez du meilleur des deux mondes avec le Bang King 30000 !<\/b><\/p>\n<h3 dir=\"auto\">Voici d'autres recommandations pour vous :<\/h3>\n<p dir=\"auto\">D\u00e9couvrez encore plus de saveurs incroyables avec la cigarette \u00e9lectronique Puff 30k Bang King 30000 !<\/p>\n<p dir=\"auto\"><a href=\"https:\/\/vozolvapen.de\/fr\/product-category\/bang-vape\/puff-30k-bang-king-30000-double-saveur\/\">Voir toutes les vari\u00e9t\u00e9s ici \u2192<\/a><\/p>\n<p dir=\"auto\">D\u00e9couvrez notre collection compl\u00e8te et achetez les meilleures marques de cigarettes \u00e9lectroniques que vous allez adorer.<\/p>\n<p dir=\"auto\"><a href=\"https:\/\/vozolvapen.de\/fr\/\">Parcourir toutes les marques maintenant \u2192<\/a><\/p>\n<p dir=\"auto\">D\u00e9couvrez la gamme compl\u00e8te Bang Vape : toutes les saveurs, tous les styles !<\/p>\n<p dir=\"auto\"><a href=\"https:\/\/vozolvapen.de\/fr\/product-category\/bang-vape\/\">D\u00e9couvrez toute la collection Bang Vape \u2192<\/a><\/p>","protected":false},"excerpt":{"rendered":"<p><b>Froid tropical :<\/b> Savourez le m\u00e9lange parfait de past\u00e8que glac\u00e9e et de fraise-mangue cr\u00e9meuse. Ce <b>Puff 30k Bang King<\/b> offre deux saveurs exotiques interchangeables avec une capacit\u00e9 impressionnante de 36 ml.<\/p>","protected":false},"featured_media":21954,"comment_status":"open","ping_status":"closed","template":"","meta":{"_acf_changed":false},"product_brand":[],"product_cat":[134,73],"product_tag":[],"class_list":{"0":"post-21370","1":"product","2":"type-product","3":"status-publish","4":"has-post-thumbnail","6":"product_cat-eu-warehouse-in-stock","7":"product_cat-puff-30k-bang-king-30000-dual-flavor","9":"first","10":"instock","11":"shipping-taxable","12":"purchasable","13":"product-type-variable"},"acf":[],"yoast_head":"<!-- This site is optimized with the Yoast SEO Premium plugin v26.1 (Yoast SEO v27.5) - https:\/\/yoast.com\/product\/yoast-seo-premium-wordpress\/ -->\n<title>Watermelon Ice &amp; Strawberry Mango - Puff 30k Bang King 30000 Vape - vozolvapen<\/title>\n<meta name=\"description\" content=\"Buy Watermelon Ice &amp; Strawberry Mango Bang King 30000. Enjoy a tropical mix with 30k puffs, dual flavor switch, and smart LCD display. In stock now.\" \/>\n<meta name=\"robots\" content=\"index, follow, max-snippet:-1, max-image-preview:large, max-video-preview:-1\" \/>\n<link rel=\"canonical\" href=\"https:\/\/vozolvapen.de\/fr\/product\/puff-30k-bang-king-30000-double-saveur-pasteque-glacee-fraise-et-mangue\/\" \/>\n<meta property=\"og:locale\" content=\"fr_FR\" \/>\n<meta property=\"og:type\" content=\"article\" \/>\n<meta property=\"og:title\" content=\"Puff 30k Bang King 30000 Dual Flavor - Watermelon Ice &amp; Strawberry and Mango\" \/>\n<meta property=\"og:description\" content=\"Buy Watermelon Ice &amp; Strawberry Mango Bang King 30000. Enjoy a tropical mix with 30k puffs, dual flavor switch, and smart LCD display. In stock now.\" \/>\n<meta property=\"og:url\" content=\"https:\/\/vozolvapen.de\/fr\/product\/puff-30k-bang-king-30000-double-saveur-pasteque-glacee-fraise-et-mangue\/\" \/>\n<meta property=\"og:site_name\" content=\"vozolvapen\" \/>\n<meta property=\"article:modified_time\" content=\"2026-02-10T12:40:02+00:00\" \/>\n<meta property=\"og:image\" content=\"https:\/\/vozolvapen.de\/wp-content\/uploads\/2025\/12\/Puff-30k-Bang-King-30000-watermelon-ice-strawberry-and-mango.png.webp\" \/>\n\t<meta property=\"og:image:width\" content=\"1000\" \/>\n\t<meta property=\"og:image:height\" content=\"1000\" \/>\n\t<meta property=\"og:image:type\" content=\"image\/webp\" \/>\n<meta name=\"twitter:card\" content=\"summary_large_image\" \/>\n<meta name=\"twitter:label1\" content=\"Dur\u00e9e de lecture estim\u00e9e\" \/>\n\t<meta name=\"twitter:data1\" content=\"2 minutes\" \/>\n<script type=\"application\/ld+json\" class=\"yoast-schema-graph\">{\"@context\":\"https:\\\/\\\/schema.org\",\"@graph\":[{\"@type\":\"WebPage\",\"@id\":\"https:\\\/\\\/vozolvapen.de\\\/product\\\/puff-30k-bang-king-30000-dual-flavor-watermelon-ice-strawberry-and-mango\\\/\",\"url\":\"https:\\\/\\\/vozolvapen.de\\\/product\\\/puff-30k-bang-king-30000-dual-flavor-watermelon-ice-strawberry-and-mango\\\/\",\"name\":\"Watermelon Ice & Strawberry Mango - Puff 30k Bang King 30000 Vape - vozolvapen\",\"isPartOf\":{\"@id\":\"https:\\\/\\\/vozolvapen.de\\\/#website\"},\"primaryImageOfPage\":{\"@id\":\"https:\\\/\\\/vozolvapen.de\\\/product\\\/puff-30k-bang-king-30000-dual-flavor-watermelon-ice-strawberry-and-mango\\\/#primaryimage\"},\"image\":{\"@id\":\"https:\\\/\\\/vozolvapen.de\\\/product\\\/puff-30k-bang-king-30000-dual-flavor-watermelon-ice-strawberry-and-mango\\\/#primaryimage\"},\"thumbnailUrl\":\"https:\\\/\\\/vozolvapen.de\\\/wp-content\\\/uploads\\\/2025\\\/12\\\/Puff-30k-Bang-King-30000-watermelon-ice-strawberry-and-mango.png.webp\",\"datePublished\":\"2025-12-11T06:46:29+00:00\",\"dateModified\":\"2026-02-10T12:40:02+00:00\",\"description\":\"Buy Watermelon Ice & Strawberry Mango Bang King 30000. Enjoy a tropical mix with 30k puffs, dual flavor switch, and smart LCD display. In stock now.\",\"breadcrumb\":{\"@id\":\"https:\\\/\\\/vozolvapen.de\\\/product\\\/puff-30k-bang-king-30000-dual-flavor-watermelon-ice-strawberry-and-mango\\\/#breadcrumb\"},\"inLanguage\":\"fr-FR\",\"potentialAction\":[{\"@type\":\"ReadAction\",\"target\":[\"https:\\\/\\\/vozolvapen.de\\\/product\\\/puff-30k-bang-king-30000-dual-flavor-watermelon-ice-strawberry-and-mango\\\/\"]}]},{\"@type\":\"ImageObject\",\"inLanguage\":\"fr-FR\",\"@id\":\"https:\\\/\\\/vozolvapen.de\\\/product\\\/puff-30k-bang-king-30000-dual-flavor-watermelon-ice-strawberry-and-mango\\\/#primaryimage\",\"url\":\"https:\\\/\\\/vozolvapen.de\\\/wp-content\\\/uploads\\\/2025\\\/12\\\/Puff-30k-Bang-King-30000-watermelon-ice-strawberry-and-mango.png.webp\",\"contentUrl\":\"https:\\\/\\\/vozolvapen.de\\\/wp-content\\\/uploads\\\/2025\\\/12\\\/Puff-30k-Bang-King-30000-watermelon-ice-strawberry-and-mango.png.webp\",\"width\":1000,\"height\":1000,\"caption\":\"Puff 30k Bang King 30000 Watermelon Ice Strawberry And Mango.png Disposable Vape Device\"},{\"@type\":\"BreadcrumbList\",\"@id\":\"https:\\\/\\\/vozolvapen.de\\\/product\\\/puff-30k-bang-king-30000-dual-flavor-watermelon-ice-strawberry-and-mango\\\/#breadcrumb\",\"itemListElement\":[{\"@type\":\"ListItem\",\"position\":1,\"name\":\"Home\",\"item\":\"https:\\\/\\\/vozolvapen.de\\\/de\\\/\"},{\"@type\":\"ListItem\",\"position\":2,\"name\":\"Shop\",\"item\":\"https:\\\/\\\/vozolvapen.de\\\/shop\\\/\"},{\"@type\":\"ListItem\",\"position\":3,\"name\":\"Puff 30k Bang King 30000 Dual Flavor &#8211; Watermelon Ice &#038; Strawberry and Mango\"}]},{\"@type\":\"WebSite\",\"@id\":\"https:\\\/\\\/vozolvapen.de\\\/#website\",\"url\":\"https:\\\/\\\/vozolvapen.de\\\/\",\"name\":\"vozolvapen\",\"description\":\"vozolvapen\",\"publisher\":{\"@id\":\"https:\\\/\\\/vozolvapen.de\\\/#organization\"},\"potentialAction\":[{\"@type\":\"SearchAction\",\"target\":{\"@type\":\"EntryPoint\",\"urlTemplate\":\"https:\\\/\\\/vozolvapen.de\\\/?s={search_term_string}\"},\"query-input\":{\"@type\":\"PropertyValueSpecification\",\"valueRequired\":true,\"valueName\":\"search_term_string\"}}],\"inLanguage\":\"fr-FR\"},{\"@type\":\"Organization\",\"@id\":\"https:\\\/\\\/vozolvapen.de\\\/#organization\",\"name\":\"vozolvapen\",\"url\":\"https:\\\/\\\/vozolvapen.de\\\/\",\"logo\":{\"@type\":\"ImageObject\",\"inLanguage\":\"fr-FR\",\"@id\":\"https:\\\/\\\/vozolvapen.de\\\/#\\\/schema\\\/logo\\\/image\\\/\",\"url\":\"https:\\\/\\\/vozolvapen.de\\\/wp-content\\\/uploads\\\/2025\\\/12\\\/cropped-vozovapen-logo.webp\",\"contentUrl\":\"https:\\\/\\\/vozolvapen.de\\\/wp-content\\\/uploads\\\/2025\\\/12\\\/cropped-vozovapen-logo.webp\",\"width\":470,\"height\":110,\"caption\":\"vozolvapen\"},\"image\":{\"@id\":\"https:\\\/\\\/vozolvapen.de\\\/#\\\/schema\\\/logo\\\/image\\\/\"}}]}<\/script>\n<!-- \/ Yoast SEO Premium plugin. -->","yoast_head_json":{"title":"Past\u00e8que glac\u00e9e et fraise-mangue - Puff 30k Bang King 30000 Vape - vozolvapen","description":"Achetez Watermelon Ice &amp; Strawberry Mango Bang King 30000. Profitez d'un m\u00e9lange tropical avec 30K puffs, un double commutateur de saveur et un \u00e9cran LCD intelligent. En stock d\u00e8s maintenant.","robots":{"index":"index","follow":"follow","max-snippet":"max-snippet:-1","max-image-preview":"max-image-preview:large","max-video-preview":"max-video-preview:-1"},"canonical":"https:\/\/vozolvapen.de\/fr\/product\/puff-30k-bang-king-30000-double-saveur-pasteque-glacee-fraise-et-mangue\/","og_locale":"fr_FR","og_type":"article","og_title":"Puff 30k Bang King 30000 Dual Flavor - Watermelon Ice & Strawberry and Mango","og_description":"Buy Watermelon Ice & Strawberry Mango Bang King 30000. Enjoy a tropical mix with 30k puffs, dual flavor switch, and smart LCD display. In stock now.","og_url":"https:\/\/vozolvapen.de\/fr\/product\/puff-30k-bang-king-30000-double-saveur-pasteque-glacee-fraise-et-mangue\/","og_site_name":"vozolvapen","article_modified_time":"2026-02-10T12:40:02+00:00","og_image":[{"width":1000,"height":1000,"url":"https:\/\/vozolvapen.de\/wp-content\/uploads\/2025\/12\/Puff-30k-Bang-King-30000-watermelon-ice-strawberry-and-mango.png.webp","type":"image\/webp"}],"twitter_card":"summary_large_image","twitter_misc":{"Dur\u00e9e de lecture estim\u00e9e":"2 minutes"},"schema":{"@context":"https:\/\/schema.org","@graph":[{"@type":"WebPage","@id":"https:\/\/vozolvapen.de\/product\/puff-30k-bang-king-30000-dual-flavor-watermelon-ice-strawberry-and-mango\/","url":"https:\/\/vozolvapen.de\/product\/puff-30k-bang-king-30000-dual-flavor-watermelon-ice-strawberry-and-mango\/","name":"Past\u00e8que glac\u00e9e et fraise-mangue - Puff 30k Bang King 30000 Vape - vozolvapen","isPartOf":{"@id":"https:\/\/vozolvapen.de\/#website"},"primaryImageOfPage":{"@id":"https:\/\/vozolvapen.de\/product\/puff-30k-bang-king-30000-dual-flavor-watermelon-ice-strawberry-and-mango\/#primaryimage"},"image":{"@id":"https:\/\/vozolvapen.de\/product\/puff-30k-bang-king-30000-dual-flavor-watermelon-ice-strawberry-and-mango\/#primaryimage"},"thumbnailUrl":"https:\/\/vozolvapen.de\/wp-content\/uploads\/2025\/12\/Puff-30k-Bang-King-30000-watermelon-ice-strawberry-and-mango.png.webp","datePublished":"2025-12-11T06:46:29+00:00","dateModified":"2026-02-10T12:40:02+00:00","description":"Achetez Watermelon Ice &amp; Strawberry Mango Bang King 30000. Profitez d'un m\u00e9lange tropical avec 30K puffs, un double commutateur de saveur et un \u00e9cran LCD intelligent. En stock d\u00e8s maintenant.","breadcrumb":{"@id":"https:\/\/vozolvapen.de\/product\/puff-30k-bang-king-30000-dual-flavor-watermelon-ice-strawberry-and-mango\/#breadcrumb"},"inLanguage":"fr-FR","potentialAction":[{"@type":"ReadAction","target":["https:\/\/vozolvapen.de\/product\/puff-30k-bang-king-30000-dual-flavor-watermelon-ice-strawberry-and-mango\/"]}]},{"@type":"ImageObject","inLanguage":"fr-FR","@id":"https:\/\/vozolvapen.de\/product\/puff-30k-bang-king-30000-dual-flavor-watermelon-ice-strawberry-and-mango\/#primaryimage","url":"https:\/\/vozolvapen.de\/wp-content\/uploads\/2025\/12\/Puff-30k-Bang-King-30000-watermelon-ice-strawberry-and-mango.png.webp","contentUrl":"https:\/\/vozolvapen.de\/wp-content\/uploads\/2025\/12\/Puff-30k-Bang-King-30000-watermelon-ice-strawberry-and-mango.png.webp","width":1000,"height":1000,"caption":"Puff 30k Bang King 30000 Watermelon Ice Strawberry And Mango.png Disposable Vape Device"},{"@type":"BreadcrumbList","@id":"https:\/\/vozolvapen.de\/product\/puff-30k-bang-king-30000-dual-flavor-watermelon-ice-strawberry-and-mango\/#breadcrumb","itemListElement":[{"@type":"ListItem","position":1,"name":"Home","item":"https:\/\/vozolvapen.de\/de\/"},{"@type":"ListItem","position":2,"name":"Shop","item":"https:\/\/vozolvapen.de\/shop\/"},{"@type":"ListItem","position":3,"name":"Puff 30k Bang King 30000 Dual Flavor &#8211; Watermelon Ice &#038; Strawberry and Mango"}]},{"@type":"WebSite","@id":"https:\/\/vozolvapen.de\/#website","url":"https:\/\/vozolvapen.de\/","name":"vozolvapen","description":"vozolvapen","publisher":{"@id":"https:\/\/vozolvapen.de\/#organization"},"potentialAction":[{"@type":"SearchAction","target":{"@type":"EntryPoint","urlTemplate":"https:\/\/vozolvapen.de\/?s={search_term_string}"},"query-input":{"@type":"PropertyValueSpecification","valueRequired":true,"valueName":"search_term_string"}}],"inLanguage":"fr-FR"},{"@type":"Organization","@id":"https:\/\/vozolvapen.de\/#organization","name":"vozolvapen","url":"https:\/\/vozolvapen.de\/","logo":{"@type":"ImageObject","inLanguage":"fr-FR","@id":"https:\/\/vozolvapen.de\/#\/schema\/logo\/image\/","url":"https:\/\/vozolvapen.de\/wp-content\/uploads\/2025\/12\/cropped-vozovapen-logo.webp","contentUrl":"https:\/\/vozolvapen.de\/wp-content\/uploads\/2025\/12\/cropped-vozovapen-logo.webp","width":470,"height":110,"caption":"vozolvapen"},"image":{"@id":"https:\/\/vozolvapen.de\/#\/schema\/logo\/image\/"}}]}},"tiered_pricing_type":"fixed","tiered_pricing_fixed_rules":{"30":"11.07","50":"9.07","100":"8.07","200":"7.57"},"tiered_pricing_product_settings":{"layout":"default","base_unit_name":{"singular":null,"plural":null},"default_variation":null},"tiered_pricing_minimum_quantity":10,"tiered_pricing_roles_data":[],"tiered_pricing_percentage_rules":[],"tiered_pricing_maximum_quantity":null,"tiered_pricing_quantity_step":"10","_links":{"self":[{"href":"https:\/\/vozolvapen.de\/fr\/wp-json\/wp\/v2\/product\/21370","targetHints":{"allow":["GET"]}}],"collection":[{"href":"https:\/\/vozolvapen.de\/fr\/wp-json\/wp\/v2\/product"}],"about":[{"href":"https:\/\/vozolvapen.de\/fr\/wp-json\/wp\/v2\/types\/product"}],"replies":[{"embeddable":true,"href":"https:\/\/vozolvapen.de\/fr\/wp-json\/wp\/v2\/comments?post=21370"}],"wp:featuredmedia":[{"embeddable":true,"href":"https:\/\/vozolvapen.de\/fr\/wp-json\/wp\/v2\/media\/21954"}],"wp:attachment":[{"href":"https:\/\/vozolvapen.de\/fr\/wp-json\/wp\/v2\/media?parent=21370"}],"wp:term":[{"taxonomy":"product_brand","embeddable":true,"href":"https:\/\/vozolvapen.de\/fr\/wp-json\/wp\/v2\/product_brand?post=21370"},{"taxonomy":"product_cat","embeddable":true,"href":"https:\/\/vozolvapen.de\/fr\/wp-json\/wp\/v2\/product_cat?post=21370"},{"taxonomy":"product_tag","embeddable":true,"href":"https:\/\/vozolvapen.de\/fr\/wp-json\/wp\/v2\/product_tag?post=21370"}],"curies":[{"name":"wp","href":"https:\/\/api.w.org\/{rel}","templated":true}]}}