{"id":22610,"date":"2025-12-11T08:00:43","date_gmt":"2025-12-11T08:00:43","guid":{"rendered":"https:\/\/vozolvapen.de\/?post_type=product&#038;p=22610"},"modified":"2026-02-10T12:39:26","modified_gmt":"2026-02-10T12:39:26","slug":"vozol-gear-50000-ice-sweet-grape-ice","status":"publish","type":"product","link":"https:\/\/vozolvapen.de\/fr\/product\/vozol-gear-50000-ice-ssweet-grape-ice\/","title":{"rendered":"VOZOL GEAR 50000 Ice &amp; Ssweet \u2013 Raisin glac\u00e9"},"content":{"rendered":"<h1><b>Glace au raisin<\/b> \u2013 VOZOL GEAR 50000 <b>vozol vapes<\/b> Saveur glac\u00e9e haut de gamme<\/h1>\n<p>Plongez dans la douceur profonde de <b>Glace au raisin<\/b> avec le <b>VOZOL GEAR 50000<\/b>. Avec <b>4 NIVEAUX DE GLACE<\/b> Au choix, vous pouvez personnaliser le refroidissement pour compl\u00e9ter parfaitement la saveur riche et concentr\u00e9e du raisin.<\/p>\n<h2>Profil aromatique<\/h2>\n<p><span data-path-to-node=\"16,6,1,0\">L'exp\u00e9rience ultime du raisin glac\u00e9. Elle capture la richesse et la douceur concentr\u00e9e des bonbons au raisin violet, soutenue par une explosion significative et ajustable de menthol qui laisse une finale propre et fra\u00eeche \u00e0 l'expiration.<\/span><\/p>\n<h2>Guide de personnalisation<\/h2>\n<p>Le raisin est un ar\u00f4me puissant qui supporte un refroidissement maximal. Pour une sensation vraiment glac\u00e9e, r\u00e9glez le <b>NIVEAU DE GLACE<\/b> \u00e0 <b>4<\/b>. Si vous pr\u00e9f\u00e9rez un go\u00fbt de raisin pur, conservez le <b>FLUX D'AIR<\/b> plus l\u00e2che pour att\u00e9nuer la douceur.<\/p>\n<h3>VOZOL GEAR 50000 Saveur \u2013 Raisin glac\u00e9<\/h3>\n<table data-path-to-node=\"20\">\n<thead>\n<tr>\n<td><strong>Fonctionnalit\u00e9<\/strong><\/td>\n<td><strong>\u00c9valuation<\/strong><\/td>\n<\/tr>\n<\/thead>\n<tbody>\n<tr>\n<td><span data-path-to-node=\"20,1,0,0\"><b>Douceur<\/b><\/span><\/td>\n<td><span data-path-to-node=\"20,1,1,0\">\u2605\u2605\u2605\u2605\u2605<\/span><\/td>\n<\/tr>\n<tr>\n<td><span data-path-to-node=\"20,2,0,0\"><b>Glacial\/Frais<\/b><\/span><\/td>\n<td><span data-path-to-node=\"20,2,1,0\">\u2605\u2605\u2605\u2605\u2606<\/span><\/td>\n<\/tr>\n<tr>\n<td><span data-path-to-node=\"20,3,0,0\"><b>Ar\u00f4me\/Complexit\u00e9<\/b><\/span><\/td>\n<td><span data-path-to-node=\"20,3,1,0\">\u2605\u2605\u2605\u2605\u2606<\/span><\/td>\n<\/tr>\n<tr>\n<td><span data-path-to-node=\"20,4,0,0\"><b>Notes aromatiques primaires<\/b><\/span><\/td>\n<td><span data-path-to-node=\"20,4,1,0\">Bonbon concentr\u00e9 au raisin, forte teneur en menthol<\/span><\/td>\n<\/tr>\n<\/tbody>\n<\/table>\n<h3 data-path-to-node=\"2\">VOZOL GEAR 50 000 bouff\u00e9es \u2013 Sp\u00e9cifications techniques<\/h3>\n<table data-path-to-node=\"4\">\n<thead>\n<tr>\n<td><strong>Fonctionnalit\u00e9<\/strong><\/td>\n<td><strong>Sp\u00e9cification<\/strong><\/td>\n<\/tr>\n<\/thead>\n<tbody>\n<tr>\n<td><span data-path-to-node=\"4,1,0,0\"><b>Nom du mod\u00e8le<\/b><\/span><\/td>\n<td><span data-path-to-node=\"4,1,1,0\"><b>VOZOL GEAR 50000<\/b><\/span><\/td>\n<\/tr>\n<tr>\n<td><span data-path-to-node=\"4,2,0,0\"><b>Nombre de Puff<\/b><\/span><\/td>\n<td><span data-path-to-node=\"4,2,1,0\">Jusqu'\u00e0 <b>50,000 Puffs<\/b> (Ultra longue dur\u00e9e)<\/span><\/td>\n<\/tr>\n<tr>\n<td><span data-path-to-node=\"4,3,0,0\"><b>Capacit\u00e9 du e-liquide<\/b><\/span><\/td>\n<td><span data-path-to-node=\"4,3,1,0\">Liquide pr\u00e9rempli de 25 ml<\/span><\/td>\n<\/tr>\n<tr>\n<td><span data-path-to-node=\"4,4,0,0\"><b>Teneur en nicotine<\/b><\/span><\/td>\n<td><span data-path-to-node=\"4,4,1,0\">5% (50 mg\/mL) Nicotine<\/span><\/td>\n<\/tr>\n<tr>\n<td><span data-path-to-node=\"4,5,0,0\"><b>Capacit\u00e9 de la batterie<\/b><\/span><\/td>\n<td><span data-path-to-node=\"4,5,1,0\">Batterie int\u00e9gr\u00e9e de 1100 mAh<\/span><\/td>\n<\/tr>\n<tr>\n<td><span data-path-to-node=\"4,6,0,0\"><b>Rechargeabilit\u00e9<\/b><\/span><\/td>\n<td><span data-path-to-node=\"4,6,1,0\">Oui, port de chargement Type-C<\/span><\/td>\n<\/tr>\n<tr>\n<td><span data-path-to-node=\"4,7,0,0\"><b>Syst\u00e8me \u00e0 bobines<\/b><\/span><\/td>\n<td><span data-path-to-node=\"4,7,1,0\">Avanc\u00e9 <b>Triple bobine maill\u00e9e<\/b><\/span><\/td>\n<\/tr>\n<tr>\n<td><span data-path-to-node=\"4,8,0,0\"><b>Commande intelligente<\/b><\/span><\/td>\n<td><span data-path-to-node=\"4,8,1,0\"><b>Contr\u00f4le de la glace et de la douceur<\/b> (4 niveaux glac\u00e9s \/ 2 niveaux sucr\u00e9s)<\/span><\/td>\n<\/tr>\n<tr>\n<td><span data-path-to-node=\"4,9,0,0\"><b>Modes d'alimentation<\/b><\/span><\/td>\n<td><span data-path-to-node=\"4,9,1,0\"><b>Mode double :<\/b> Mode NORMAL \/ Mode SURGE<\/span><\/td>\n<\/tr>\n<tr>\n<td><span data-path-to-node=\"4,10,0,0\"><b>Affichage<\/b><\/span><\/td>\n<td><span data-path-to-node=\"4,10,1,0\">\u00c9cran incurv\u00e9 3D (indicateur de batterie et de niveau de liquide)<\/span><\/td>\n<\/tr>\n<tr>\n<td><span data-path-to-node=\"4,11,0,0\"><b>Conception<\/b><\/span><\/td>\n<td><span data-path-to-node=\"4,11,1,0\">Ergonomique, portable, finition haut de gamme<\/span><\/td>\n<\/tr>\n<tr>\n<td><span data-path-to-node=\"4,12,0,0\"><b>Activation<\/b><\/span><\/td>\n<td><span data-path-to-node=\"4,12,1,0\">Activ\u00e9e par le tirage<\/span><\/td>\n<\/tr>\n<tr>\n<td><span data-path-to-node=\"4,13,0,0\"><b>Conformit\u00e9<\/b><\/span><\/td>\n<td><span data-path-to-node=\"4,13,1,0\">Conforme CE, ROHS<\/span><\/td>\n<\/tr>\n<\/tbody>\n<\/table>\n<h3 dir=\"auto\">Voici d'autres recommandations pour vous :<\/h3>\n<p dir=\"auto\">D\u00e9couvrez encore plus de saveurs incroyables avec la cigarette \u00e9lectronique VOZOL GEAR 50000 Puff !<\/p>\n<p dir=\"auto\"><a href=\"https:\/\/vozolvapen.de\/fr\/product-category\/vozol-vape\/vozol-gear-50000-vape-ice-sweet\/\">Voir toutes les vari\u00e9t\u00e9s ici \u2192<\/a><\/p>\n<p dir=\"auto\">D\u00e9couvrez notre collection compl\u00e8te et achetez les meilleures marques de cigarettes \u00e9lectroniques que vous allez adorer.<\/p>\n<p dir=\"auto\"><a href=\"https:\/\/vozolvapen.de\/fr\/\">Parcourir toutes les marques maintenant \u2192<\/a><\/p>\n<p dir=\"auto\">D\u00e9couvrez la gamme compl\u00e8te VOZOL Vape : toutes les saveurs, tous les styles !<\/p>\n<p dir=\"auto\"><a href=\"https:\/\/vozolvapen.de\/fr\/product-category\/vozol-vape\/\">D\u00e9couvrez toute la collection VOZOL Vape \u2192<\/a><\/p>","protected":false},"excerpt":{"rendered":"<p><span data-path-to-node=\"3,6,2,0\">Plongez dans une saveur concentr\u00e9e de bonbon au raisin avec une explosion extr\u00eame et ajustable de menthol, pour une exp\u00e9rience exaltante. <b>50,000 puffs<\/b>.<\/span><\/p>","protected":false},"featured_media":23203,"comment_status":"open","ping_status":"closed","template":"","meta":{"_acf_changed":false},"product_brand":[],"product_cat":[134,74],"product_tag":[],"class_list":{"0":"post-22610","1":"product","2":"type-product","3":"status-publish","4":"has-post-thumbnail","6":"product_cat-eu-warehouse-in-stock","7":"product_cat-vozol-gear-50000-vape-ice-sweet","9":"first","10":"instock","11":"shipping-taxable","12":"purchasable","13":"product-type-variable"},"acf":[],"yoast_head":"<!-- This site is optimized with the Yoast SEO Premium plugin v26.1 (Yoast SEO v27.5) - https:\/\/yoast.com\/product\/yoast-seo-premium-wordpress\/ -->\n<title>Grape Ice VOZOL GEAR 50000 Disposable Vape (vozol gear) - vozolvapen<\/title>\n<meta name=\"description\" content=\"Sweet and chilled Grape Ice VOZOL GEAR 50000. Control your vape&#039;s coolness with 4 ICE LEVELS. Order your vozol vapes today.\" \/>\n<meta name=\"robots\" content=\"index, follow, max-snippet:-1, max-image-preview:large, max-video-preview:-1\" \/>\n<link rel=\"canonical\" href=\"https:\/\/vozolvapen.de\/fr\/product\/vozol-gear-50000-ice-sweet-grape-ice\/\" \/>\n<meta property=\"og:locale\" content=\"fr_FR\" \/>\n<meta property=\"og:type\" content=\"article\" \/>\n<meta property=\"og:title\" content=\"VOZOL GEAR 50000 Ice &amp; Ssweet - Grape Ice\" \/>\n<meta property=\"og:description\" content=\"Sweet and chilled Grape Ice VOZOL GEAR 50000. Control your vape&#039;s coolness with 4 ICE LEVELS. Order your vozol vapes today.\" \/>\n<meta property=\"og:url\" content=\"https:\/\/vozolvapen.de\/fr\/product\/vozol-gear-50000-ice-sweet-grape-ice\/\" \/>\n<meta property=\"og:site_name\" content=\"vozolvapen\" \/>\n<meta property=\"article:modified_time\" content=\"2026-02-10T12:39:26+00:00\" \/>\n<meta property=\"og:image\" content=\"https:\/\/vozolvapen.de\/wp-content\/uploads\/2025\/12\/VOZOL-GEAR-50000-Ice-Ssweet-Grape-Ice.webp\" \/>\n\t<meta property=\"og:image:width\" content=\"1080\" \/>\n\t<meta property=\"og:image:height\" content=\"1080\" \/>\n\t<meta property=\"og:image:type\" content=\"image\/webp\" \/>\n<meta name=\"twitter:card\" content=\"summary_large_image\" \/>\n<meta name=\"twitter:label1\" content=\"Dur\u00e9e de lecture estim\u00e9e\" \/>\n\t<meta name=\"twitter:data1\" content=\"2 minutes\" \/>\n<script type=\"application\/ld+json\" class=\"yoast-schema-graph\">{\"@context\":\"https:\\\/\\\/schema.org\",\"@graph\":[{\"@type\":\"WebPage\",\"@id\":\"https:\\\/\\\/vozolvapen.de\\\/product\\\/vozol-gear-50000-ice-ssweet-grape-ice\\\/\",\"url\":\"https:\\\/\\\/vozolvapen.de\\\/product\\\/vozol-gear-50000-ice-ssweet-grape-ice\\\/\",\"name\":\"Grape Ice VOZOL GEAR 50000 Disposable Vape (vozol gear) - vozolvapen\",\"isPartOf\":{\"@id\":\"https:\\\/\\\/vozolvapen.de\\\/#website\"},\"primaryImageOfPage\":{\"@id\":\"https:\\\/\\\/vozolvapen.de\\\/product\\\/vozol-gear-50000-ice-ssweet-grape-ice\\\/#primaryimage\"},\"image\":{\"@id\":\"https:\\\/\\\/vozolvapen.de\\\/product\\\/vozol-gear-50000-ice-ssweet-grape-ice\\\/#primaryimage\"},\"thumbnailUrl\":\"https:\\\/\\\/vozolvapen.de\\\/wp-content\\\/uploads\\\/2025\\\/12\\\/VOZOL-GEAR-50000-Ice-Ssweet-Grape-Ice.webp\",\"datePublished\":\"2025-12-11T08:00:43+00:00\",\"dateModified\":\"2026-02-10T12:39:26+00:00\",\"description\":\"Sweet and chilled Grape Ice VOZOL GEAR 50000. Control your vape's coolness with 4 ICE LEVELS. Order your vozol vapes today.\",\"breadcrumb\":{\"@id\":\"https:\\\/\\\/vozolvapen.de\\\/product\\\/vozol-gear-50000-ice-ssweet-grape-ice\\\/#breadcrumb\"},\"inLanguage\":\"fr-FR\",\"potentialAction\":[{\"@type\":\"ReadAction\",\"target\":[\"https:\\\/\\\/vozolvapen.de\\\/product\\\/vozol-gear-50000-ice-ssweet-grape-ice\\\/\"]}]},{\"@type\":\"ImageObject\",\"inLanguage\":\"fr-FR\",\"@id\":\"https:\\\/\\\/vozolvapen.de\\\/product\\\/vozol-gear-50000-ice-ssweet-grape-ice\\\/#primaryimage\",\"url\":\"https:\\\/\\\/vozolvapen.de\\\/wp-content\\\/uploads\\\/2025\\\/12\\\/VOZOL-GEAR-50000-Ice-Ssweet-Grape-Ice.webp\",\"contentUrl\":\"https:\\\/\\\/vozolvapen.de\\\/wp-content\\\/uploads\\\/2025\\\/12\\\/VOZOL-GEAR-50000-Ice-Ssweet-Grape-Ice.webp\",\"width\":1080,\"height\":1080,\"caption\":\"Vozol Gear 50000 Ice Ssweet Grape Disposable Vape Device\"},{\"@type\":\"BreadcrumbList\",\"@id\":\"https:\\\/\\\/vozolvapen.de\\\/product\\\/vozol-gear-50000-ice-ssweet-grape-ice\\\/#breadcrumb\",\"itemListElement\":[{\"@type\":\"ListItem\",\"position\":1,\"name\":\"Home\",\"item\":\"https:\\\/\\\/vozolvapen.de\\\/de\\\/\"},{\"@type\":\"ListItem\",\"position\":2,\"name\":\"Shop\",\"item\":\"https:\\\/\\\/vozolvapen.de\\\/shop\\\/\"},{\"@type\":\"ListItem\",\"position\":3,\"name\":\"VOZOL GEAR 50000 Ice &#038; Ssweet &#8211; Grape Ice\"}]},{\"@type\":\"WebSite\",\"@id\":\"https:\\\/\\\/vozolvapen.de\\\/#website\",\"url\":\"https:\\\/\\\/vozolvapen.de\\\/\",\"name\":\"vozolvapen\",\"description\":\"vozolvapen\",\"publisher\":{\"@id\":\"https:\\\/\\\/vozolvapen.de\\\/#organization\"},\"potentialAction\":[{\"@type\":\"SearchAction\",\"target\":{\"@type\":\"EntryPoint\",\"urlTemplate\":\"https:\\\/\\\/vozolvapen.de\\\/?s={search_term_string}\"},\"query-input\":{\"@type\":\"PropertyValueSpecification\",\"valueRequired\":true,\"valueName\":\"search_term_string\"}}],\"inLanguage\":\"fr-FR\"},{\"@type\":\"Organization\",\"@id\":\"https:\\\/\\\/vozolvapen.de\\\/#organization\",\"name\":\"vozolvapen\",\"url\":\"https:\\\/\\\/vozolvapen.de\\\/\",\"logo\":{\"@type\":\"ImageObject\",\"inLanguage\":\"fr-FR\",\"@id\":\"https:\\\/\\\/vozolvapen.de\\\/#\\\/schema\\\/logo\\\/image\\\/\",\"url\":\"https:\\\/\\\/vozolvapen.de\\\/wp-content\\\/uploads\\\/2025\\\/12\\\/cropped-vozovapen-logo.webp\",\"contentUrl\":\"https:\\\/\\\/vozolvapen.de\\\/wp-content\\\/uploads\\\/2025\\\/12\\\/cropped-vozovapen-logo.webp\",\"width\":470,\"height\":110,\"caption\":\"vozolvapen\"},\"image\":{\"@id\":\"https:\\\/\\\/vozolvapen.de\\\/#\\\/schema\\\/logo\\\/image\\\/\"}}]}<\/script>\n<!-- \/ Yoast SEO Premium plugin. -->","yoast_head_json":{"title":"Grape Ice VOZOL GEAR 50000 Vape jetable (vozol gear) - vozolvapen","description":"Grape Ice VOZOL GEAR 50000, sucr\u00e9 et rafra\u00eechissant. Contr\u00f4lez la fra\u00eecheur de votre vape gr\u00e2ce \u00e0 4 NIVEAUX DE FRA\u00ceCHEUR. Commandez vos vapoteuses Vozol d\u00e8s aujourd'hui.","robots":{"index":"index","follow":"follow","max-snippet":"max-snippet:-1","max-image-preview":"max-image-preview:large","max-video-preview":"max-video-preview:-1"},"canonical":"https:\/\/vozolvapen.de\/fr\/product\/vozol-gear-50000-ice-sweet-grape-ice\/","og_locale":"fr_FR","og_type":"article","og_title":"VOZOL GEAR 50000 Ice & Ssweet - Grape Ice","og_description":"Sweet and chilled Grape Ice VOZOL GEAR 50000. Control your vape's coolness with 4 ICE LEVELS. Order your vozol vapes today.","og_url":"https:\/\/vozolvapen.de\/fr\/product\/vozol-gear-50000-ice-sweet-grape-ice\/","og_site_name":"vozolvapen","article_modified_time":"2026-02-10T12:39:26+00:00","og_image":[{"width":1080,"height":1080,"url":"https:\/\/vozolvapen.de\/wp-content\/uploads\/2025\/12\/VOZOL-GEAR-50000-Ice-Ssweet-Grape-Ice.webp","type":"image\/webp"}],"twitter_card":"summary_large_image","twitter_misc":{"Dur\u00e9e de lecture estim\u00e9e":"2 minutes"},"schema":{"@context":"https:\/\/schema.org","@graph":[{"@type":"WebPage","@id":"https:\/\/vozolvapen.de\/product\/vozol-gear-50000-ice-ssweet-grape-ice\/","url":"https:\/\/vozolvapen.de\/product\/vozol-gear-50000-ice-ssweet-grape-ice\/","name":"Grape Ice VOZOL GEAR 50000 Vape jetable (vozol gear) - vozolvapen","isPartOf":{"@id":"https:\/\/vozolvapen.de\/#website"},"primaryImageOfPage":{"@id":"https:\/\/vozolvapen.de\/product\/vozol-gear-50000-ice-ssweet-grape-ice\/#primaryimage"},"image":{"@id":"https:\/\/vozolvapen.de\/product\/vozol-gear-50000-ice-ssweet-grape-ice\/#primaryimage"},"thumbnailUrl":"https:\/\/vozolvapen.de\/wp-content\/uploads\/2025\/12\/VOZOL-GEAR-50000-Ice-Ssweet-Grape-Ice.webp","datePublished":"2025-12-11T08:00:43+00:00","dateModified":"2026-02-10T12:39:26+00:00","description":"Grape Ice VOZOL GEAR 50000, sucr\u00e9 et rafra\u00eechissant. Contr\u00f4lez la fra\u00eecheur de votre vape gr\u00e2ce \u00e0 4 NIVEAUX DE FRA\u00ceCHEUR. Commandez vos vapoteuses Vozol d\u00e8s aujourd'hui.","breadcrumb":{"@id":"https:\/\/vozolvapen.de\/product\/vozol-gear-50000-ice-ssweet-grape-ice\/#breadcrumb"},"inLanguage":"fr-FR","potentialAction":[{"@type":"ReadAction","target":["https:\/\/vozolvapen.de\/product\/vozol-gear-50000-ice-ssweet-grape-ice\/"]}]},{"@type":"ImageObject","inLanguage":"fr-FR","@id":"https:\/\/vozolvapen.de\/product\/vozol-gear-50000-ice-ssweet-grape-ice\/#primaryimage","url":"https:\/\/vozolvapen.de\/wp-content\/uploads\/2025\/12\/VOZOL-GEAR-50000-Ice-Ssweet-Grape-Ice.webp","contentUrl":"https:\/\/vozolvapen.de\/wp-content\/uploads\/2025\/12\/VOZOL-GEAR-50000-Ice-Ssweet-Grape-Ice.webp","width":1080,"height":1080,"caption":"Vozol Gear 50000 Ice Ssweet Grape Disposable Vape Device"},{"@type":"BreadcrumbList","@id":"https:\/\/vozolvapen.de\/product\/vozol-gear-50000-ice-ssweet-grape-ice\/#breadcrumb","itemListElement":[{"@type":"ListItem","position":1,"name":"Home","item":"https:\/\/vozolvapen.de\/de\/"},{"@type":"ListItem","position":2,"name":"Shop","item":"https:\/\/vozolvapen.de\/shop\/"},{"@type":"ListItem","position":3,"name":"VOZOL GEAR 50000 Ice &#038; Ssweet &#8211; Grape Ice"}]},{"@type":"WebSite","@id":"https:\/\/vozolvapen.de\/#website","url":"https:\/\/vozolvapen.de\/","name":"vozolvapen","description":"vozolvapen","publisher":{"@id":"https:\/\/vozolvapen.de\/#organization"},"potentialAction":[{"@type":"SearchAction","target":{"@type":"EntryPoint","urlTemplate":"https:\/\/vozolvapen.de\/?s={search_term_string}"},"query-input":{"@type":"PropertyValueSpecification","valueRequired":true,"valueName":"search_term_string"}}],"inLanguage":"fr-FR"},{"@type":"Organization","@id":"https:\/\/vozolvapen.de\/#organization","name":"vozolvapen","url":"https:\/\/vozolvapen.de\/","logo":{"@type":"ImageObject","inLanguage":"fr-FR","@id":"https:\/\/vozolvapen.de\/#\/schema\/logo\/image\/","url":"https:\/\/vozolvapen.de\/wp-content\/uploads\/2025\/12\/cropped-vozovapen-logo.webp","contentUrl":"https:\/\/vozolvapen.de\/wp-content\/uploads\/2025\/12\/cropped-vozovapen-logo.webp","width":470,"height":110,"caption":"vozolvapen"},"image":{"@id":"https:\/\/vozolvapen.de\/#\/schema\/logo\/image\/"}}]}},"tiered_pricing_type":"fixed","tiered_pricing_fixed_rules":{"30":"14.24","50":"11.74","100":"11.24","200":"10.24"},"tiered_pricing_product_settings":{"layout":"default","base_unit_name":{"singular":null,"plural":null},"default_variation":null},"tiered_pricing_minimum_quantity":10,"tiered_pricing_roles_data":[],"tiered_pricing_percentage_rules":[],"tiered_pricing_maximum_quantity":null,"tiered_pricing_quantity_step":"10","_links":{"self":[{"href":"https:\/\/vozolvapen.de\/fr\/wp-json\/wp\/v2\/product\/22610","targetHints":{"allow":["GET"]}}],"collection":[{"href":"https:\/\/vozolvapen.de\/fr\/wp-json\/wp\/v2\/product"}],"about":[{"href":"https:\/\/vozolvapen.de\/fr\/wp-json\/wp\/v2\/types\/product"}],"replies":[{"embeddable":true,"href":"https:\/\/vozolvapen.de\/fr\/wp-json\/wp\/v2\/comments?post=22610"}],"wp:featuredmedia":[{"embeddable":true,"href":"https:\/\/vozolvapen.de\/fr\/wp-json\/wp\/v2\/media\/23203"}],"wp:attachment":[{"href":"https:\/\/vozolvapen.de\/fr\/wp-json\/wp\/v2\/media?parent=22610"}],"wp:term":[{"taxonomy":"product_brand","embeddable":true,"href":"https:\/\/vozolvapen.de\/fr\/wp-json\/wp\/v2\/product_brand?post=22610"},{"taxonomy":"product_cat","embeddable":true,"href":"https:\/\/vozolvapen.de\/fr\/wp-json\/wp\/v2\/product_cat?post=22610"},{"taxonomy":"product_tag","embeddable":true,"href":"https:\/\/vozolvapen.de\/fr\/wp-json\/wp\/v2\/product_tag?post=22610"}],"curies":[{"name":"wp","href":"https:\/\/api.w.org\/{rel}","templated":true}]}}