{"id":23786,"date":"2025-12-12T06:49:22","date_gmt":"2025-12-12T06:49:22","guid":{"rendered":"https:\/\/vozolvapen.de\/?post_type=product&#038;p=23786"},"modified":"2025-12-12T07:25:53","modified_gmt":"2025-12-12T07:25:53","slug":"fumot-leopard-40000-myrtille-cerise-canneberge","status":"publish","type":"product","link":"https:\/\/vozolvapen.de\/fr\/product\/fumot-leopard-40000-blueberry-cherry-cranberry\/","title":{"rendered":"Fumot Leopard 40000 \u2013 Myrtille, cerise et canneberge"},"content":{"rendered":"<h1 data-path-to-node=\"125\"><b>Fumot Leopard 40k puffs \u2013 Myrtille, cerise et canneberge<\/b><\/h1>\n<p data-path-to-node=\"126\"><b>Description du produit :<\/b> D\u00e9couvrez le m\u00e9lange sophistiqu\u00e9 de <b>Fumot Leopard 40000<\/b> Myrtille, cerise et canneberge. Ce m\u00e9lange triple baies \u00e9quilibre la douceur des myrtilles, la richesse des cerises et l'acidit\u00e9 des canneberges. C'est une vape complexe et enrichissante.<\/p>\n<p data-path-to-node=\"127\">Le <b>fumot vape<\/b> La technologie garantit que ces saveurs distinctes ne se m\u00e9langent pas. Avec <b>Jusqu'\u00e0 40000 Puffs<\/b> et une capacit\u00e9 de 20 ml, le <b>Fumot Leopard 40000<\/b> offre une exp\u00e9rience haut de gamme et durable aux amateurs de baies.<\/p>\n<h2 data-path-to-node=\"128\"><b>Caract\u00e9ristiques techniques principales<\/b><\/h2>\n<ul>\n<li data-path-to-node=\"129,0,0\"><b>Mod\u00e8le :<\/b> <b>Fumot Leopard 40000<\/b><\/li>\n<li data-path-to-node=\"129,1,0\"><b>Profil aromatique :<\/b> Myrtille, cerise, canneberge<\/li>\n<li data-path-to-node=\"129,2,0\"><b>Nombre de bouff\u00e9es :<\/b> <b>Fumot 40k<\/b><\/li>\n<li data-path-to-node=\"129,3,0\"><b>E-Liquide :<\/b> 20 ml<\/li>\n<li data-path-to-node=\"129,4,0\"><b>Affichage :<\/b> Digital Tube Oil &amp; Power<\/li>\n<li data-path-to-node=\"129,5,0\"><b>Exp\u00e9dition :<\/b> Livraison sous 1 \u00e0 3 jours<\/li>\n<\/ul>\n<h3>Guide des saveurs Fumot Leopard 40000 \u2013 Myrtille, cerise et canneberge<\/h3>\n<table data-path-to-node=\"50\">\n<thead>\n<tr>\n<td><strong>Mesure de la saveur<\/strong><\/td>\n<td><strong>Classement par \u00e9toiles<\/strong><\/td>\n<td><strong>Description<\/strong><\/td>\n<\/tr>\n<\/thead>\n<tbody>\n<tr>\n<td><span data-path-to-node=\"50,1,0,0\"><b>Douceur<\/b><\/span><\/td>\n<td><span data-path-to-node=\"50,1,1,0\">\u2605\u2605\u2605\u2606\u2606<\/span><\/td>\n<td><span data-path-to-node=\"50,1,2,0\">Douceur mod\u00e9r\u00e9e, parfaitement \u00e9quilibr\u00e9e par l'acidit\u00e9 naturelle de la canneberge.<\/span><\/td>\n<\/tr>\n<tr>\n<td><span data-path-to-node=\"50,2,0,0\"><b>Glace\/Refroidissement<\/b><\/span><\/td>\n<td><span data-path-to-node=\"50,2,1,0\">\u2605\u2606\u2606\u2606\u2606<\/span><\/td>\n<td><span data-path-to-node=\"50,2,2,0\">Sans menthol ni sensation de fra\u00eecheur (non rafra\u00eechissant).<\/span><\/td>\n<\/tr>\n<tr>\n<td><span data-path-to-node=\"50,3,0,0\"><b>Intensit\u00e9 aromatique<\/b><\/span><\/td>\n<td><span data-path-to-node=\"50,3,1,0\">\u2605\u2605\u2605\u2605\u2605<\/span><\/td>\n<td><span data-path-to-node=\"50,3,2,0\">Intensit\u00e9 extr\u00eamement \u00e9lev\u00e9e et sophistiqu\u00e9e, mettant en valeur le m\u00e9lange complexe de trois baies distinctes.<\/span><\/td>\n<\/tr>\n<tr>\n<td><span data-path-to-node=\"50,4,0,0\"><b>R\u00e9sum\u00e9 du profil<\/b><\/span><\/td>\n<td><\/td>\n<td><span data-path-to-node=\"50,4,2,0\">Un profil aromatique sophistiqu\u00e9 et profond qui \u00e9quilibre l'acidit\u00e9 de la canneberge avec la douceur de la myrtille et la richesse de la cerise. Non glac\u00e9.<\/span><\/td>\n<\/tr>\n<\/tbody>\n<\/table>\n<h3 dir=\"auto\">Voici d'autres recommandations pour vous :<\/h3>\n<p dir=\"auto\">D\u00e9couvrez encore plus de saveurs incroyables avec la cigarette \u00e9lectronique Fumot Leopard 40k puffs !<\/p>\n<p dir=\"auto\"><a href=\"https:\/\/vozolvapen.de\/fr\/product-category\/fumot-vape\/fumot-leopard-40-000-bouffees\/\">Voir toutes les vari\u00e9t\u00e9s ici \u2192<\/a><\/p>\n<p dir=\"auto\">D\u00e9couvrez notre collection compl\u00e8te et achetez les meilleures marques de cigarettes \u00e9lectroniques que vous allez adorer.<\/p>\n<p dir=\"auto\"><a href=\"https:\/\/vozolvapen.de\/fr\/product-category\/fumot-vape\/\">Parcourir toutes les marques maintenant \u2192<\/a><\/p>\n<p dir=\"auto\">D\u00e9couvrez la gamme compl\u00e8te Fumot Vape : toutes les saveurs, tous les styles !<\/p>\n<p dir=\"auto\"><a href=\"https:\/\/vozolvapen.de\/fr\/product-category\/fumot-vape\/\">D\u00e9couvrez toute la collection Fumot Vape \u2192<\/a><\/p>","protected":false},"excerpt":{"rendered":"<p>Un m\u00e9lange sophistiqu\u00e9 et non glac\u00e9 qui \u00e9quilibre les notes profondes de cerise, de myrtille sucr\u00e9e et de canneberge acidul\u00e9e. Profil fruit\u00e9 aux multiples facettes.<\/p>","protected":false},"featured_media":23892,"comment_status":"open","ping_status":"closed","template":"","meta":{"_acf_changed":false},"product_brand":[],"product_cat":[75],"product_tag":[],"class_list":{"0":"post-23786","1":"product","2":"type-product","3":"status-publish","4":"has-post-thumbnail","6":"product_cat-fumot-leopard-40000-puffs","8":"first","9":"instock","10":"shipping-taxable","11":"purchasable","12":"product-type-variable"},"acf":[],"yoast_head":"<!-- This site is optimized with the Yoast SEO Premium plugin v26.1 (Yoast SEO v27.5) - https:\/\/yoast.com\/product\/yoast-seo-premium-wordpress\/ -->\n<title>Fumot Leopard 40000 Blueberry Cherry Cranberry | Fumot Vape - vozolvapen<\/title>\n<meta name=\"description\" content=\"Buy Fumot Leopard 40000 Blueberry Cherry Cranberry. A triple berry mix with fumot 40k puffs. 20ML fumot liquid and RGB light.\" \/>\n<meta name=\"robots\" content=\"index, follow, max-snippet:-1, max-image-preview:large, max-video-preview:-1\" \/>\n<link rel=\"canonical\" href=\"https:\/\/vozolvapen.de\/fr\/product\/fumot-leopard-40000-myrtille-cerise-canneberge\/\" \/>\n<meta property=\"og:locale\" content=\"fr_FR\" \/>\n<meta property=\"og:type\" content=\"article\" \/>\n<meta property=\"og:title\" content=\"Fumot Leopard 40000 - Blueberry Cherry Cranberry\" \/>\n<meta property=\"og:description\" content=\"Buy Fumot Leopard 40000 Blueberry Cherry Cranberry. A triple berry mix with fumot 40k puffs. 20ML fumot liquid and RGB light.\" \/>\n<meta property=\"og:url\" content=\"https:\/\/vozolvapen.de\/fr\/product\/fumot-leopard-40000-myrtille-cerise-canneberge\/\" \/>\n<meta property=\"og:site_name\" content=\"vozolvapen\" \/>\n<meta property=\"article:modified_time\" content=\"2025-12-12T07:25:53+00:00\" \/>\n<meta property=\"og:image\" content=\"https:\/\/vozolvapen.de\/wp-content\/uploads\/2025\/12\/Fumot-Leopard-40000-Blueberry-Cherry-Cranberry.webp\" \/>\n\t<meta property=\"og:image:width\" content=\"1200\" \/>\n\t<meta property=\"og:image:height\" content=\"1200\" \/>\n\t<meta property=\"og:image:type\" content=\"image\/webp\" \/>\n<meta name=\"twitter:card\" content=\"summary_large_image\" \/>\n<meta name=\"twitter:label1\" content=\"Dur\u00e9e de lecture estim\u00e9e\" \/>\n\t<meta name=\"twitter:data1\" content=\"2 minutes\" \/>\n<script type=\"application\/ld+json\" class=\"yoast-schema-graph\">{\"@context\":\"https:\\\/\\\/schema.org\",\"@graph\":[{\"@type\":\"WebPage\",\"@id\":\"https:\\\/\\\/vozolvapen.de\\\/product\\\/fumot-leopard-40000-blueberry-cherry-cranberry\\\/\",\"url\":\"https:\\\/\\\/vozolvapen.de\\\/product\\\/fumot-leopard-40000-blueberry-cherry-cranberry\\\/\",\"name\":\"Fumot Leopard 40000 Blueberry Cherry Cranberry | Fumot Vape - vozolvapen\",\"isPartOf\":{\"@id\":\"https:\\\/\\\/vozolvapen.de\\\/#website\"},\"primaryImageOfPage\":{\"@id\":\"https:\\\/\\\/vozolvapen.de\\\/product\\\/fumot-leopard-40000-blueberry-cherry-cranberry\\\/#primaryimage\"},\"image\":{\"@id\":\"https:\\\/\\\/vozolvapen.de\\\/product\\\/fumot-leopard-40000-blueberry-cherry-cranberry\\\/#primaryimage\"},\"thumbnailUrl\":\"https:\\\/\\\/vozolvapen.de\\\/wp-content\\\/uploads\\\/2025\\\/12\\\/Fumot-Leopard-40000-Blueberry-Cherry-Cranberry.webp\",\"datePublished\":\"2025-12-12T06:49:22+00:00\",\"dateModified\":\"2025-12-12T07:25:53+00:00\",\"description\":\"Buy Fumot Leopard 40000 Blueberry Cherry Cranberry. A triple berry mix with fumot 40k puffs. 20ML fumot liquid and RGB light.\",\"breadcrumb\":{\"@id\":\"https:\\\/\\\/vozolvapen.de\\\/product\\\/fumot-leopard-40000-blueberry-cherry-cranberry\\\/#breadcrumb\"},\"inLanguage\":\"fr-FR\",\"potentialAction\":[{\"@type\":\"ReadAction\",\"target\":[\"https:\\\/\\\/vozolvapen.de\\\/product\\\/fumot-leopard-40000-blueberry-cherry-cranberry\\\/\"]}]},{\"@type\":\"ImageObject\",\"inLanguage\":\"fr-FR\",\"@id\":\"https:\\\/\\\/vozolvapen.de\\\/product\\\/fumot-leopard-40000-blueberry-cherry-cranberry\\\/#primaryimage\",\"url\":\"https:\\\/\\\/vozolvapen.de\\\/wp-content\\\/uploads\\\/2025\\\/12\\\/Fumot-Leopard-40000-Blueberry-Cherry-Cranberry.webp\",\"contentUrl\":\"https:\\\/\\\/vozolvapen.de\\\/wp-content\\\/uploads\\\/2025\\\/12\\\/Fumot-Leopard-40000-Blueberry-Cherry-Cranberry.webp\",\"width\":1200,\"height\":1200,\"caption\":\"Fumot Leopard 40000 Blueberry Cherry Cranberry Disposable Vape Device\"},{\"@type\":\"BreadcrumbList\",\"@id\":\"https:\\\/\\\/vozolvapen.de\\\/product\\\/fumot-leopard-40000-blueberry-cherry-cranberry\\\/#breadcrumb\",\"itemListElement\":[{\"@type\":\"ListItem\",\"position\":1,\"name\":\"Home\",\"item\":\"https:\\\/\\\/vozolvapen.de\\\/de\\\/\"},{\"@type\":\"ListItem\",\"position\":2,\"name\":\"Shop\",\"item\":\"https:\\\/\\\/vozolvapen.de\\\/shop\\\/\"},{\"@type\":\"ListItem\",\"position\":3,\"name\":\"Fumot Leopard 40000 &#8211; Blueberry Cherry Cranberry\"}]},{\"@type\":\"WebSite\",\"@id\":\"https:\\\/\\\/vozolvapen.de\\\/#website\",\"url\":\"https:\\\/\\\/vozolvapen.de\\\/\",\"name\":\"vozolvapen\",\"description\":\"vozolvapen\",\"publisher\":{\"@id\":\"https:\\\/\\\/vozolvapen.de\\\/#organization\"},\"potentialAction\":[{\"@type\":\"SearchAction\",\"target\":{\"@type\":\"EntryPoint\",\"urlTemplate\":\"https:\\\/\\\/vozolvapen.de\\\/?s={search_term_string}\"},\"query-input\":{\"@type\":\"PropertyValueSpecification\",\"valueRequired\":true,\"valueName\":\"search_term_string\"}}],\"inLanguage\":\"fr-FR\"},{\"@type\":\"Organization\",\"@id\":\"https:\\\/\\\/vozolvapen.de\\\/#organization\",\"name\":\"vozolvapen\",\"url\":\"https:\\\/\\\/vozolvapen.de\\\/\",\"logo\":{\"@type\":\"ImageObject\",\"inLanguage\":\"fr-FR\",\"@id\":\"https:\\\/\\\/vozolvapen.de\\\/#\\\/schema\\\/logo\\\/image\\\/\",\"url\":\"https:\\\/\\\/vozolvapen.de\\\/wp-content\\\/uploads\\\/2025\\\/12\\\/cropped-vozovapen-logo.webp\",\"contentUrl\":\"https:\\\/\\\/vozolvapen.de\\\/wp-content\\\/uploads\\\/2025\\\/12\\\/cropped-vozovapen-logo.webp\",\"width\":470,\"height\":110,\"caption\":\"vozolvapen\"},\"image\":{\"@id\":\"https:\\\/\\\/vozolvapen.de\\\/#\\\/schema\\\/logo\\\/image\\\/\"}}]}<\/script>\n<!-- \/ Yoast SEO Premium plugin. -->","yoast_head_json":{"title":"Fumot Leopard 40000 Myrtille Cerise Canneberge | Fumot Vape - vozolvapen","description":"Achetez Fumot Leopard 40000 Blueberry Cherry Cranberry. Un m\u00e9lange triple baies avec 40k puffs de fumot. 20 ml de liquide fumot et lumi\u00e8re RGB.","robots":{"index":"index","follow":"follow","max-snippet":"max-snippet:-1","max-image-preview":"max-image-preview:large","max-video-preview":"max-video-preview:-1"},"canonical":"https:\/\/vozolvapen.de\/fr\/product\/fumot-leopard-40000-myrtille-cerise-canneberge\/","og_locale":"fr_FR","og_type":"article","og_title":"Fumot Leopard 40000 - Blueberry Cherry Cranberry","og_description":"Buy Fumot Leopard 40000 Blueberry Cherry Cranberry. A triple berry mix with fumot 40k puffs. 20ML fumot liquid and RGB light.","og_url":"https:\/\/vozolvapen.de\/fr\/product\/fumot-leopard-40000-myrtille-cerise-canneberge\/","og_site_name":"vozolvapen","article_modified_time":"2025-12-12T07:25:53+00:00","og_image":[{"width":1200,"height":1200,"url":"https:\/\/vozolvapen.de\/wp-content\/uploads\/2025\/12\/Fumot-Leopard-40000-Blueberry-Cherry-Cranberry.webp","type":"image\/webp"}],"twitter_card":"summary_large_image","twitter_misc":{"Dur\u00e9e de lecture estim\u00e9e":"2 minutes"},"schema":{"@context":"https:\/\/schema.org","@graph":[{"@type":"WebPage","@id":"https:\/\/vozolvapen.de\/product\/fumot-leopard-40000-blueberry-cherry-cranberry\/","url":"https:\/\/vozolvapen.de\/product\/fumot-leopard-40000-blueberry-cherry-cranberry\/","name":"Fumot Leopard 40000 Myrtille Cerise Canneberge | Fumot Vape - vozolvapen","isPartOf":{"@id":"https:\/\/vozolvapen.de\/#website"},"primaryImageOfPage":{"@id":"https:\/\/vozolvapen.de\/product\/fumot-leopard-40000-blueberry-cherry-cranberry\/#primaryimage"},"image":{"@id":"https:\/\/vozolvapen.de\/product\/fumot-leopard-40000-blueberry-cherry-cranberry\/#primaryimage"},"thumbnailUrl":"https:\/\/vozolvapen.de\/wp-content\/uploads\/2025\/12\/Fumot-Leopard-40000-Blueberry-Cherry-Cranberry.webp","datePublished":"2025-12-12T06:49:22+00:00","dateModified":"2025-12-12T07:25:53+00:00","description":"Achetez Fumot Leopard 40000 Blueberry Cherry Cranberry. Un m\u00e9lange triple baies avec 40k puffs de fumot. 20 ml de liquide fumot et lumi\u00e8re RGB.","breadcrumb":{"@id":"https:\/\/vozolvapen.de\/product\/fumot-leopard-40000-blueberry-cherry-cranberry\/#breadcrumb"},"inLanguage":"fr-FR","potentialAction":[{"@type":"ReadAction","target":["https:\/\/vozolvapen.de\/product\/fumot-leopard-40000-blueberry-cherry-cranberry\/"]}]},{"@type":"ImageObject","inLanguage":"fr-FR","@id":"https:\/\/vozolvapen.de\/product\/fumot-leopard-40000-blueberry-cherry-cranberry\/#primaryimage","url":"https:\/\/vozolvapen.de\/wp-content\/uploads\/2025\/12\/Fumot-Leopard-40000-Blueberry-Cherry-Cranberry.webp","contentUrl":"https:\/\/vozolvapen.de\/wp-content\/uploads\/2025\/12\/Fumot-Leopard-40000-Blueberry-Cherry-Cranberry.webp","width":1200,"height":1200,"caption":"Fumot Leopard 40000 Blueberry Cherry Cranberry Disposable Vape Device"},{"@type":"BreadcrumbList","@id":"https:\/\/vozolvapen.de\/product\/fumot-leopard-40000-blueberry-cherry-cranberry\/#breadcrumb","itemListElement":[{"@type":"ListItem","position":1,"name":"Home","item":"https:\/\/vozolvapen.de\/de\/"},{"@type":"ListItem","position":2,"name":"Shop","item":"https:\/\/vozolvapen.de\/shop\/"},{"@type":"ListItem","position":3,"name":"Fumot Leopard 40000 &#8211; Blueberry Cherry Cranberry"}]},{"@type":"WebSite","@id":"https:\/\/vozolvapen.de\/#website","url":"https:\/\/vozolvapen.de\/","name":"vozolvapen","description":"vozolvapen","publisher":{"@id":"https:\/\/vozolvapen.de\/#organization"},"potentialAction":[{"@type":"SearchAction","target":{"@type":"EntryPoint","urlTemplate":"https:\/\/vozolvapen.de\/?s={search_term_string}"},"query-input":{"@type":"PropertyValueSpecification","valueRequired":true,"valueName":"search_term_string"}}],"inLanguage":"fr-FR"},{"@type":"Organization","@id":"https:\/\/vozolvapen.de\/#organization","name":"vozolvapen","url":"https:\/\/vozolvapen.de\/","logo":{"@type":"ImageObject","inLanguage":"fr-FR","@id":"https:\/\/vozolvapen.de\/#\/schema\/logo\/image\/","url":"https:\/\/vozolvapen.de\/wp-content\/uploads\/2025\/12\/cropped-vozovapen-logo.webp","contentUrl":"https:\/\/vozolvapen.de\/wp-content\/uploads\/2025\/12\/cropped-vozovapen-logo.webp","width":470,"height":110,"caption":"vozolvapen"},"image":{"@id":"https:\/\/vozolvapen.de\/#\/schema\/logo\/image\/"}}]}},"tiered_pricing_type":"fixed","tiered_pricing_fixed_rules":{"30":"14.4","50":"11.4","100":"10.4","200":"9.4"},"tiered_pricing_product_settings":{"layout":"default","base_unit_name":{"singular":null,"plural":null},"default_variation":null},"tiered_pricing_minimum_quantity":10,"tiered_pricing_roles_data":[],"tiered_pricing_percentage_rules":[],"tiered_pricing_maximum_quantity":null,"tiered_pricing_quantity_step":"10","_links":{"self":[{"href":"https:\/\/vozolvapen.de\/fr\/wp-json\/wp\/v2\/product\/23786","targetHints":{"allow":["GET"]}}],"collection":[{"href":"https:\/\/vozolvapen.de\/fr\/wp-json\/wp\/v2\/product"}],"about":[{"href":"https:\/\/vozolvapen.de\/fr\/wp-json\/wp\/v2\/types\/product"}],"replies":[{"embeddable":true,"href":"https:\/\/vozolvapen.de\/fr\/wp-json\/wp\/v2\/comments?post=23786"}],"wp:featuredmedia":[{"embeddable":true,"href":"https:\/\/vozolvapen.de\/fr\/wp-json\/wp\/v2\/media\/23892"}],"wp:attachment":[{"href":"https:\/\/vozolvapen.de\/fr\/wp-json\/wp\/v2\/media?parent=23786"}],"wp:term":[{"taxonomy":"product_brand","embeddable":true,"href":"https:\/\/vozolvapen.de\/fr\/wp-json\/wp\/v2\/product_brand?post=23786"},{"taxonomy":"product_cat","embeddable":true,"href":"https:\/\/vozolvapen.de\/fr\/wp-json\/wp\/v2\/product_cat?post=23786"},{"taxonomy":"product_tag","embeddable":true,"href":"https:\/\/vozolvapen.de\/fr\/wp-json\/wp\/v2\/product_tag?post=23786"}],"curies":[{"name":"wp","href":"https:\/\/api.w.org\/{rel}","templated":true}]}}