{"id":24908,"date":"2025-12-12T09:58:55","date_gmt":"2025-12-12T09:58:55","guid":{"rendered":"https:\/\/vozolvapen.de\/?post_type=product&#038;p=24908"},"modified":"2025-12-28T08:59:26","modified_gmt":"2025-12-28T08:59:26","slug":"bouffee-60k-bang-blaze-60000-pasteque-glace-myrtille-menthe-fuii-glace-citron-vert-romance","status":"publish","type":"product","link":"https:\/\/vozolvapen.de\/fr\/product\/puff-60k-bang-blaze-60000-watermelon-ice-blueberry-mint-fuii-ice-lime-romance\/","title":{"rendered":"Puff 60k Bang Blaze 60000 \u2013 Past\u00e8que glac\u00e9e &amp; Myrtille menthe &amp; Fuii glac\u00e9 &amp; Romance citron vert"},"content":{"rendered":"<h1><b>Puff 60k Bang Blaze 60000<\/b> \u2013 Past\u00e8que glac\u00e9e, myrtille-menthe, Fuji glac\u00e9, romance au citron vert<\/h1>\n<p data-path-to-node=\"4,3,1,3\">Entrez dans l'avenir du vapotage avec le <b>Puff 60k Bang Blaze 60000<\/b>. Cet appareil r\u00e9volutionnaire offre une puissance consid\u00e9rable. <b>Puff 60000<\/b> capacit\u00e9 et dispose d'un syst\u00e8me de saveurs 4 en 1 unique. Gr\u00e2ce \u00e0 un simple interrupteur, vous pouvez alterner entre quatre profils rafra\u00eechissants et glac\u00e9s.<\/p>\n<h2 data-path-to-node=\"4,3,1,3\">Profil aromatique :<\/h2>\n<p data-path-to-node=\"4,3,1,8\">1. <b>Glace \u00e0 la past\u00e8que :<\/b> Past\u00e8que juteuse et sucr\u00e9e avec une finition givr\u00e9e.<\/p>\n<p data-path-to-node=\"4,3,1,10\">2. <b>Myrtille et menthe :<\/b> Des myrtilles fra\u00eeches m\u00e9lang\u00e9es \u00e0 des feuilles de menthe rafra\u00eechissantes.<\/p>\n<p data-path-to-node=\"4,3,1,12\">3. <b>Glace Fuji :<\/b> Saveur rafra\u00eechissante de pomme rouge croquante avec une touche de menthol.<\/p>\n<p data-path-to-node=\"4,3,1,14\">4. <b>Romance \u00e0 la chaux :<\/b> Un m\u00e9lange acidul\u00e9 et piquant d'agrumes et de citron vert.<\/p>\n<p data-path-to-node=\"4,3,1,17\">Le <b>bang 60000 puff<\/b> L'appareil est livr\u00e9 avec 60 ml de e-liquide (4 pods s\u00e9par\u00e9s de 15 ml) et une batterie rechargeable, vous garantissant ainsi <b>puff bang<\/b> l'exp\u00e9rience dure plusieurs semaines.<\/p>\n<h2 data-path-to-node=\"4,3,1,17\">Sp\u00e9cifications<\/h2>\n<table data-path-to-node=\"46\">\n<thead>\n<tr>\n<td><strong>Param\u00e8tre<\/strong><\/td>\n<td><strong>Sp\u00e9cification<\/strong><\/td>\n<\/tr>\n<\/thead>\n<tbody>\n<tr>\n<td><span data-path-to-node=\"46,1,0,0\"><b>Nom du produit<\/b><\/span><\/td>\n<td><span data-path-to-node=\"46,1,1,0\"><b>Puff 60k Bang Blaze 60000<\/b><\/span><\/td>\n<\/tr>\n<tr>\n<td><span data-path-to-node=\"46,2,0,0\"><b>Marque<\/b><\/span><\/td>\n<td><span data-path-to-node=\"46,2,1,0\"><b>Bang Vape<\/b><\/span><\/td>\n<\/tr>\n<tr>\n<td><span data-path-to-node=\"46,3,0,0\"><b>Nombre total de bouff\u00e9es<\/b><\/span><\/td>\n<td><span data-path-to-node=\"46,3,1,0\"><b>Puff 60000<\/b> (Jusqu'\u00e0 60 000)<\/span><\/td>\n<\/tr>\n<tr>\n<td><span data-path-to-node=\"46,4,0,0\"><b>Syst\u00e8me<\/b><\/span><\/td>\n<td><span data-path-to-node=\"46,4,1,0\"><b>4 en 1<\/b> Changement de saveur<\/span><\/td>\n<\/tr>\n<tr>\n<td><span data-path-to-node=\"46,5,0,0\"><b>Capacit\u00e9<\/b><\/span><\/td>\n<td><span data-path-to-node=\"46,5,1,0\">60 ml au total (4 PODS de 15 ml)<\/span><\/td>\n<\/tr>\n<tr>\n<td><span data-path-to-node=\"46,6,0,0\"><b>Batterie<\/b><\/span><\/td>\n<td><span data-path-to-node=\"46,6,1,0\">650 mAh rechargeable<\/span><\/td>\n<\/tr>\n<tr>\n<td><span data-path-to-node=\"46,7,0,0\"><b>Bobine<\/b><\/span><\/td>\n<td><span data-path-to-node=\"46,7,1,0\">R\u00e9sistance Mesh 1,0 ohm<\/span><\/td>\n<\/tr>\n<tr>\n<td><span data-path-to-node=\"46,8,0,0\"><b>Nicotine<\/b><\/span><\/td>\n<td><span data-path-to-node=\"46,8,1,0\">0% \/ 2% \/ 3% \/ 5%<\/span><\/td>\n<\/tr>\n<tr>\n<td><span data-path-to-node=\"46,9,0,0\"><b>Affichage<\/b><\/span><\/td>\n<td><span data-path-to-node=\"46,9,1,0\">\u00c9cran LCD intelligent (batterie et alimentation)<\/span><\/td>\n<\/tr>\n<tr>\n<td><span data-path-to-node=\"46,10,0,0\"><b>Mots cl\u00e9s<\/b><\/span><\/td>\n<td><span data-path-to-node=\"46,10,1,0\"><b>Puff 60k<\/b>, <b>bang 60000 puff<\/b>, <b>puff bang<\/b><\/span><\/td>\n<\/tr>\n<\/tbody>\n<\/table>\n<h2><strong>BBang Blaze 60 000 bouff\u00e9es <\/strong><strong>Vid\u00e9o :<\/strong><\/h2>\n<p><iframe width=\"560\" height=\"315\" src=\"https:\/\/www.youtube.com\/embed\/6SNt3U2mXYA?si=xkWMMv40Z5ajx11a\" title=\"Lecteur vid\u00e9o YouTube\" frameborder=\"0\" allow=\"accelerometer; autoplay; clipboard-write; encrypted-media; gyroscope; picture-in-picture; web-share\" referrerpolicy=\"strict-origin-when-cross-origin\" allowfullscreen><\/iframe><\/p>\n<h3 dir=\"auto\">Voici d'autres recommandations pour vous :<\/h3>\n<p dir=\"auto\">D\u00e9couvrez encore plus de saveurs incroyables avec la cigarette \u00e9lectronique Puff 60k Bang Blaze 60000 !<\/p>\n<p dir=\"auto\"><a href=\"https:\/\/vozolvapen.de\/fr\/product-category\/bang-vape\/bouffee-60k-bang-blaze-60000-4-en-1\/\">Voir toutes les vari\u00e9t\u00e9s ici \u2192<\/a><\/p>\n<p dir=\"auto\">D\u00e9couvrez notre collection compl\u00e8te et achetez les meilleures marques de cigarettes \u00e9lectroniques que vous allez adorer.<\/p>\n<p dir=\"auto\"><a href=\"https:\/\/vozolvapen.de\/fr\/\">Parcourir toutes les marques maintenant \u2192<\/a><\/p>\n<p dir=\"auto\">D\u00e9couvrez la gamme compl\u00e8te Bang Vape : toutes les saveurs, tous les styles !<\/p>\n<p dir=\"auto\"><a href=\"https:\/\/vozolvapen.de\/fr\/product-category\/bang-vape\/\">D\u00e9couvrez toute la collection Bang Vape \u2192<\/a><\/p>","protected":false},"excerpt":{"rendered":"<p>Une collection rafra\u00eechissante 4 en 1. Passez d'un look vif \u00e0 un look <b>Glace \u00e0 la past\u00e8que<\/b>, frais <b>Myrtille et menthe<\/b>, cool <b>Glace Fuji<\/b>, et acidul\u00e9 <b>Romance \u00e0 la chaux<\/b> sur un <b>Puff 60k<\/b> appareil.<\/p>","protected":false},"featured_media":25544,"comment_status":"open","ping_status":"closed","template":"","meta":{"_acf_changed":false},"product_brand":[],"product_cat":[77],"product_tag":[],"class_list":{"0":"post-24908","1":"product","2":"type-product","3":"status-publish","4":"has-post-thumbnail","6":"product_cat-puff-60k-bang-blaze-60000-4-in-1","8":"first","9":"instock","10":"shipping-taxable","11":"purchasable","12":"product-type-variable"},"acf":[],"yoast_head":"<!-- This site is optimized with the Yoast SEO Premium plugin v26.1 (Yoast SEO v27.0) - https:\/\/yoast.com\/product\/yoast-seo-premium-wordpress\/ -->\n<title>Puff 60k Bang Blaze 60000 - Watermelon Ice, Blueberry Mint, Fuji Ice, Lime Romance - vozolvapen<\/title>\n<meta name=\"description\" content=\"Buy the Puff 60k Bang Blaze 60000 (Combo 1). Enjoy 4 icy flavors in one device: Watermelon Ice, Blueberry Mint, Fuji Ice, and Lime Romance. 60ml capacity.\" \/>\n<meta name=\"robots\" content=\"index, follow, max-snippet:-1, max-image-preview:large, max-video-preview:-1\" \/>\n<link rel=\"canonical\" href=\"https:\/\/vozolvapen.de\/fr\/product\/bouffee-60k-bang-blaze-60000-pasteque-glace-myrtille-menthe-fuii-glace-citron-vert-romance\/\" \/>\n<meta property=\"og:locale\" content=\"fr_FR\" \/>\n<meta property=\"og:type\" content=\"article\" \/>\n<meta property=\"og:title\" content=\"Puff 60k Bang Blaze 60000 - Watermelon Ice &amp; Blueberry Mint &amp; Fuii Ice &amp; Lime Romance\" \/>\n<meta property=\"og:description\" content=\"Buy the Puff 60k Bang Blaze 60000 (Combo 1). Enjoy 4 icy flavors in one device: Watermelon Ice, Blueberry Mint, Fuji Ice, and Lime Romance. 60ml capacity.\" \/>\n<meta property=\"og:url\" content=\"https:\/\/vozolvapen.de\/fr\/product\/bouffee-60k-bang-blaze-60000-pasteque-glace-myrtille-menthe-fuii-glace-citron-vert-romance\/\" \/>\n<meta property=\"og:site_name\" content=\"vozolvapen\" \/>\n<meta property=\"article:modified_time\" content=\"2025-12-28T08:59:26+00:00\" \/>\n<meta property=\"og:image\" content=\"https:\/\/vozolvapen.de\/wp-content\/uploads\/2025\/12\/Puff-60k-bang-blaze-60000-watermelon-ice-blueberry-mint-fuii-ice-lime-romance.jpg.webp\" \/>\n\t<meta property=\"og:image:width\" content=\"1200\" \/>\n\t<meta property=\"og:image:height\" content=\"1200\" \/>\n\t<meta property=\"og:image:type\" content=\"image\/webp\" \/>\n<meta name=\"twitter:card\" content=\"summary_large_image\" \/>\n<meta name=\"twitter:label1\" content=\"Dur\u00e9e de lecture estim\u00e9e\" \/>\n\t<meta name=\"twitter:data1\" content=\"2 minutes\" \/>\n<script type=\"application\/ld+json\" class=\"yoast-schema-graph\">{\"@context\":\"https:\/\/schema.org\",\"@graph\":[{\"@type\":\"WebPage\",\"@id\":\"https:\/\/vozolvapen.de\/product\/puff-60k-bang-blaze-60000-watermelon-ice-blueberry-mint-fuii-ice-lime-romance\/\",\"url\":\"https:\/\/vozolvapen.de\/product\/puff-60k-bang-blaze-60000-watermelon-ice-blueberry-mint-fuii-ice-lime-romance\/\",\"name\":\"Puff 60k Bang Blaze 60000 - Watermelon Ice, Blueberry Mint, Fuji Ice, Lime Romance - vozolvapen\",\"isPartOf\":{\"@id\":\"https:\/\/vozolvapen.de\/#website\"},\"primaryImageOfPage\":{\"@id\":\"https:\/\/vozolvapen.de\/product\/puff-60k-bang-blaze-60000-watermelon-ice-blueberry-mint-fuii-ice-lime-romance\/#primaryimage\"},\"image\":{\"@id\":\"https:\/\/vozolvapen.de\/product\/puff-60k-bang-blaze-60000-watermelon-ice-blueberry-mint-fuii-ice-lime-romance\/#primaryimage\"},\"thumbnailUrl\":\"https:\/\/vozolvapen.de\/wp-content\/uploads\/2025\/12\/Puff-60k-bang-blaze-60000-watermelon-ice-blueberry-mint-fuii-ice-lime-romance.jpg.webp\",\"datePublished\":\"2025-12-12T09:58:55+00:00\",\"dateModified\":\"2025-12-28T08:59:26+00:00\",\"description\":\"Buy the Puff 60k Bang Blaze 60000 (Combo 1). Enjoy 4 icy flavors in one device: Watermelon Ice, Blueberry Mint, Fuji Ice, and Lime Romance. 60ml capacity.\",\"breadcrumb\":{\"@id\":\"https:\/\/vozolvapen.de\/product\/puff-60k-bang-blaze-60000-watermelon-ice-blueberry-mint-fuii-ice-lime-romance\/#breadcrumb\"},\"inLanguage\":\"fr-FR\",\"potentialAction\":[{\"@type\":\"ReadAction\",\"target\":[\"https:\/\/vozolvapen.de\/product\/puff-60k-bang-blaze-60000-watermelon-ice-blueberry-mint-fuii-ice-lime-romance\/\"]}]},{\"@type\":\"ImageObject\",\"inLanguage\":\"fr-FR\",\"@id\":\"https:\/\/vozolvapen.de\/product\/puff-60k-bang-blaze-60000-watermelon-ice-blueberry-mint-fuii-ice-lime-romance\/#primaryimage\",\"url\":\"https:\/\/vozolvapen.de\/wp-content\/uploads\/2025\/12\/Puff-60k-bang-blaze-60000-watermelon-ice-blueberry-mint-fuii-ice-lime-romance.jpg.webp\",\"contentUrl\":\"https:\/\/vozolvapen.de\/wp-content\/uploads\/2025\/12\/Puff-60k-bang-blaze-60000-watermelon-ice-blueberry-mint-fuii-ice-lime-romance.jpg.webp\",\"width\":1200,\"height\":1200,\"caption\":\"Puff 60k bang blaze 60000-watermelon-ice-blueberry-mint-fuii-ice-lime-romance.jpg\"},{\"@type\":\"BreadcrumbList\",\"@id\":\"https:\/\/vozolvapen.de\/product\/puff-60k-bang-blaze-60000-watermelon-ice-blueberry-mint-fuii-ice-lime-romance\/#breadcrumb\",\"itemListElement\":[{\"@type\":\"ListItem\",\"position\":1,\"name\":\"Home\",\"item\":\"https:\/\/vozolvapen.de\/de\/\"},{\"@type\":\"ListItem\",\"position\":2,\"name\":\"Shop\",\"item\":\"https:\/\/vozolvapen.de\/shop\/\"},{\"@type\":\"ListItem\",\"position\":3,\"name\":\"Puff 60k Bang Blaze 60000 &#8211; Watermelon Ice &#038; Blueberry Mint &#038; Fuii Ice &#038; Lime Romance\"}]},{\"@type\":\"WebSite\",\"@id\":\"https:\/\/vozolvapen.de\/#website\",\"url\":\"https:\/\/vozolvapen.de\/\",\"name\":\"vozolvapen\",\"description\":\"vozolvapen\",\"publisher\":{\"@id\":\"https:\/\/vozolvapen.de\/#organization\"},\"potentialAction\":[{\"@type\":\"SearchAction\",\"target\":{\"@type\":\"EntryPoint\",\"urlTemplate\":\"https:\/\/vozolvapen.de\/?s={search_term_string}\"},\"query-input\":{\"@type\":\"PropertyValueSpecification\",\"valueRequired\":true,\"valueName\":\"search_term_string\"}}],\"inLanguage\":\"fr-FR\"},{\"@type\":\"Organization\",\"@id\":\"https:\/\/vozolvapen.de\/#organization\",\"name\":\"vozolvapen\",\"url\":\"https:\/\/vozolvapen.de\/\",\"logo\":{\"@type\":\"ImageObject\",\"inLanguage\":\"fr-FR\",\"@id\":\"https:\/\/vozolvapen.de\/#\/schema\/logo\/image\/\",\"url\":\"https:\/\/vozolvapen.de\/wp-content\/uploads\/2025\/12\/cropped-vozovapen-logo.webp\",\"contentUrl\":\"https:\/\/vozolvapen.de\/wp-content\/uploads\/2025\/12\/cropped-vozovapen-logo.webp\",\"width\":470,\"height\":110,\"caption\":\"vozolvapen\"},\"image\":{\"@id\":\"https:\/\/vozolvapen.de\/#\/schema\/logo\/image\/\"}}]}<\/script>\n<!-- \/ Yoast SEO Premium plugin. -->","yoast_head_json":{"title":"Puff 60k Bang Blaze 60000 - Past\u00e8que glac\u00e9e, Myrtille menthe, Fuji glac\u00e9, Citron vert romantique - vozolvapen","description":"Achetez le Puff 60k Bang Blaze 60000 (Combo 1). Profitez de 4 saveurs glac\u00e9es dans un seul appareil : Past\u00e8que glac\u00e9e, Myrtille menthe, Fuji glac\u00e9 et Citron vert romantique. Capacit\u00e9 de 60 ml.","robots":{"index":"index","follow":"follow","max-snippet":"max-snippet:-1","max-image-preview":"max-image-preview:large","max-video-preview":"max-video-preview:-1"},"canonical":"https:\/\/vozolvapen.de\/fr\/product\/bouffee-60k-bang-blaze-60000-pasteque-glace-myrtille-menthe-fuii-glace-citron-vert-romance\/","og_locale":"fr_FR","og_type":"article","og_title":"Puff 60k Bang Blaze 60000 - Watermelon Ice & Blueberry Mint & Fuii Ice & Lime Romance","og_description":"Buy the Puff 60k Bang Blaze 60000 (Combo 1). Enjoy 4 icy flavors in one device: Watermelon Ice, Blueberry Mint, Fuji Ice, and Lime Romance. 60ml capacity.","og_url":"https:\/\/vozolvapen.de\/fr\/product\/bouffee-60k-bang-blaze-60000-pasteque-glace-myrtille-menthe-fuii-glace-citron-vert-romance\/","og_site_name":"vozolvapen","article_modified_time":"2025-12-28T08:59:26+00:00","og_image":[{"width":1200,"height":1200,"url":"https:\/\/vozolvapen.de\/wp-content\/uploads\/2025\/12\/Puff-60k-bang-blaze-60000-watermelon-ice-blueberry-mint-fuii-ice-lime-romance.jpg.webp","type":"image\/webp"}],"twitter_card":"summary_large_image","twitter_misc":{"Dur\u00e9e de lecture estim\u00e9e":"2 minutes"},"schema":{"@context":"https:\/\/schema.org","@graph":[{"@type":"WebPage","@id":"https:\/\/vozolvapen.de\/product\/puff-60k-bang-blaze-60000-watermelon-ice-blueberry-mint-fuii-ice-lime-romance\/","url":"https:\/\/vozolvapen.de\/product\/puff-60k-bang-blaze-60000-watermelon-ice-blueberry-mint-fuii-ice-lime-romance\/","name":"Puff 60k Bang Blaze 60000 - Past\u00e8que glac\u00e9e, Myrtille menthe, Fuji glac\u00e9, Citron vert romantique - vozolvapen","isPartOf":{"@id":"https:\/\/vozolvapen.de\/#website"},"primaryImageOfPage":{"@id":"https:\/\/vozolvapen.de\/product\/puff-60k-bang-blaze-60000-watermelon-ice-blueberry-mint-fuii-ice-lime-romance\/#primaryimage"},"image":{"@id":"https:\/\/vozolvapen.de\/product\/puff-60k-bang-blaze-60000-watermelon-ice-blueberry-mint-fuii-ice-lime-romance\/#primaryimage"},"thumbnailUrl":"https:\/\/vozolvapen.de\/wp-content\/uploads\/2025\/12\/Puff-60k-bang-blaze-60000-watermelon-ice-blueberry-mint-fuii-ice-lime-romance.jpg.webp","datePublished":"2025-12-12T09:58:55+00:00","dateModified":"2025-12-28T08:59:26+00:00","description":"Achetez le Puff 60k Bang Blaze 60000 (Combo 1). Profitez de 4 saveurs glac\u00e9es dans un seul appareil : Past\u00e8que glac\u00e9e, Myrtille menthe, Fuji glac\u00e9 et Citron vert romantique. Capacit\u00e9 de 60 ml.","breadcrumb":{"@id":"https:\/\/vozolvapen.de\/product\/puff-60k-bang-blaze-60000-watermelon-ice-blueberry-mint-fuii-ice-lime-romance\/#breadcrumb"},"inLanguage":"fr-FR","potentialAction":[{"@type":"ReadAction","target":["https:\/\/vozolvapen.de\/product\/puff-60k-bang-blaze-60000-watermelon-ice-blueberry-mint-fuii-ice-lime-romance\/"]}]},{"@type":"ImageObject","inLanguage":"fr-FR","@id":"https:\/\/vozolvapen.de\/product\/puff-60k-bang-blaze-60000-watermelon-ice-blueberry-mint-fuii-ice-lime-romance\/#primaryimage","url":"https:\/\/vozolvapen.de\/wp-content\/uploads\/2025\/12\/Puff-60k-bang-blaze-60000-watermelon-ice-blueberry-mint-fuii-ice-lime-romance.jpg.webp","contentUrl":"https:\/\/vozolvapen.de\/wp-content\/uploads\/2025\/12\/Puff-60k-bang-blaze-60000-watermelon-ice-blueberry-mint-fuii-ice-lime-romance.jpg.webp","width":1200,"height":1200,"caption":"Puff 60k bang blaze 60000-watermelon-ice-blueberry-mint-fuii-ice-lime-romance.jpg"},{"@type":"BreadcrumbList","@id":"https:\/\/vozolvapen.de\/product\/puff-60k-bang-blaze-60000-watermelon-ice-blueberry-mint-fuii-ice-lime-romance\/#breadcrumb","itemListElement":[{"@type":"ListItem","position":1,"name":"Home","item":"https:\/\/vozolvapen.de\/de\/"},{"@type":"ListItem","position":2,"name":"Shop","item":"https:\/\/vozolvapen.de\/shop\/"},{"@type":"ListItem","position":3,"name":"Puff 60k Bang Blaze 60000 &#8211; Watermelon Ice &#038; Blueberry Mint &#038; Fuii Ice &#038; Lime Romance"}]},{"@type":"WebSite","@id":"https:\/\/vozolvapen.de\/#website","url":"https:\/\/vozolvapen.de\/","name":"vozolvapen","description":"vozolvapen","publisher":{"@id":"https:\/\/vozolvapen.de\/#organization"},"potentialAction":[{"@type":"SearchAction","target":{"@type":"EntryPoint","urlTemplate":"https:\/\/vozolvapen.de\/?s={search_term_string}"},"query-input":{"@type":"PropertyValueSpecification","valueRequired":true,"valueName":"search_term_string"}}],"inLanguage":"fr-FR"},{"@type":"Organization","@id":"https:\/\/vozolvapen.de\/#organization","name":"vozolvapen","url":"https:\/\/vozolvapen.de\/","logo":{"@type":"ImageObject","inLanguage":"fr-FR","@id":"https:\/\/vozolvapen.de\/#\/schema\/logo\/image\/","url":"https:\/\/vozolvapen.de\/wp-content\/uploads\/2025\/12\/cropped-vozovapen-logo.webp","contentUrl":"https:\/\/vozolvapen.de\/wp-content\/uploads\/2025\/12\/cropped-vozovapen-logo.webp","width":470,"height":110,"caption":"vozolvapen"},"image":{"@id":"https:\/\/vozolvapen.de\/#\/schema\/logo\/image\/"}}]}},"tiered_pricing_type":"fixed","tiered_pricing_fixed_rules":{"30":"12.4","50":"10.4","100":"9.4","200":"8.9"},"tiered_pricing_product_settings":{"layout":"default","base_unit_name":{"singular":null,"plural":null},"default_variation":null},"tiered_pricing_minimum_quantity":10,"tiered_pricing_roles_data":[],"tiered_pricing_percentage_rules":[],"tiered_pricing_maximum_quantity":null,"tiered_pricing_quantity_step":"10","_links":{"self":[{"href":"https:\/\/vozolvapen.de\/fr\/wp-json\/wp\/v2\/product\/24908","targetHints":{"allow":["GET"]}}],"collection":[{"href":"https:\/\/vozolvapen.de\/fr\/wp-json\/wp\/v2\/product"}],"about":[{"href":"https:\/\/vozolvapen.de\/fr\/wp-json\/wp\/v2\/types\/product"}],"replies":[{"embeddable":true,"href":"https:\/\/vozolvapen.de\/fr\/wp-json\/wp\/v2\/comments?post=24908"}],"wp:featuredmedia":[{"embeddable":true,"href":"https:\/\/vozolvapen.de\/fr\/wp-json\/wp\/v2\/media\/25544"}],"wp:attachment":[{"href":"https:\/\/vozolvapen.de\/fr\/wp-json\/wp\/v2\/media?parent=24908"}],"wp:term":[{"taxonomy":"product_brand","embeddable":true,"href":"https:\/\/vozolvapen.de\/fr\/wp-json\/wp\/v2\/product_brand?post=24908"},{"taxonomy":"product_cat","embeddable":true,"href":"https:\/\/vozolvapen.de\/fr\/wp-json\/wp\/v2\/product_cat?post=24908"},{"taxonomy":"product_tag","embeddable":true,"href":"https:\/\/vozolvapen.de\/fr\/wp-json\/wp\/v2\/product_tag?post=24908"}],"curies":[{"name":"wp","href":"https:\/\/api.w.org\/{rel}","templated":true}]}}