{"id":25609,"date":"2025-12-12T10:10:53","date_gmt":"2025-12-12T10:10:53","guid":{"rendered":"https:\/\/vozolvapen.de\/?post_type=product&#038;p=25609"},"modified":"2026-02-10T12:38:36","modified_gmt":"2026-02-10T12:38:36","slug":"puff-25k-bang-king-25000-blue-razz-ice","status":"publish","type":"product","link":"https:\/\/vozolvapen.de\/fr\/product\/puff-25k-bang-king-25000-blue-razz-ice\/","title":{"rendered":"Puff 25k Bang King 25000 \u2013 Blue Razz Ice"},"content":{"rendered":"<h1 data-path-to-node=\"25\"><b>Puff 25k Bang King 25000 Puffs \u2013 Blue Razz Ice<\/b><\/h1>\n<p data-path-to-node=\"26\">D\u00e9couvrez le go\u00fbt \u00e9lectrique de Blue Razz Ice avec le <b>Puff 25k Bang King 25000 Puffs<\/b>. Ce dispositif combine la douceur acidul\u00e9e et piquante des framboises bleues avec une expiration glac\u00e9e rafra\u00eechissante. Gr\u00e2ce \u00e0 l'\u00e9norme <b>bang king 25000<\/b> capacit\u00e9, vous pouvez profiter de cette saveur audacieuse pendant des semaines.<\/p>\n<h2 data-path-to-node=\"27\"><b>Profil aromatique : acidul\u00e9 et glac\u00e9<\/b><\/h2>\n<p data-path-to-node=\"28\">Blue Razz Ice est un favori pour une bonne raison. Il offre une saveur intense de framboise bleue \u00e0 la fois sucr\u00e9e et l\u00e9g\u00e8rement acidul\u00e9e, parfaitement \u00e9quilibr\u00e9e par une finale menthol\u00e9e rafra\u00eechissante. Le <b>R\u00e9sistance Mesh 1,0 ohm<\/b> fait ressortir les notes subtiles de la baie, tandis que l'effet rafra\u00eechissant pr\u00e9serve la fra\u00eecheur \u00e0 chaque bouff\u00e9e.<\/p>\n<h2 data-path-to-node=\"29\"><b>Caract\u00e9ristiques techniques du Bang King 25000<\/b><\/h2>\n<ul>\n<li data-path-to-node=\"30,0,0\"><b>Mod\u00e8le :<\/b> <b>Bang King 25000<\/b> (<b>Puff 25k<\/b>)<\/li>\n<li data-path-to-node=\"30,1,0\"><b>Capacit\u00e9 :<\/b> <b>46 ml<\/b> (2 cartouches de 23 ml)<\/li>\n<li data-path-to-node=\"30,2,0\"><b>Batterie :<\/b> 650 mAh rechargeable<\/li>\n<li data-path-to-node=\"30,3,0\"><b>Affichage :<\/b> \u00c9cran LCD intelligent<\/li>\n<li data-path-to-node=\"30,4,0\"><b>Nicotine :<\/b> 0%\/2%\/3%\/5%<\/li>\n<\/ul>\n<h2>\u00c9valuation de la saveur \u2013 Blue Razz Ice<\/h2>\n<ul>\n<li data-path-to-node=\"3,0,0\"><b>Niveau de glace :<\/b> \u2605\u2605\u2605\u2605\u2606 (Frais et croquant)<\/li>\n<li data-path-to-node=\"3,1,0\"><b>Douceur :<\/b> \u2605\u2605\u2605\u2605\u2606 (Douceur sucr\u00e9e comme un bonbon)<\/li>\n<li data-path-to-node=\"3,2,0\"><b>Ar\u00f4me :<\/b> \u2605\u2605\u2605\u2605\u2606 (Parfum intense de baies)<\/li>\n<\/ul>\n<blockquote data-path-to-node=\"4\">\n<p data-path-to-node=\"4,0\"><b>Verdict :<\/b> Une vape intense avec une forte saveur de baies et une finale rafra\u00eechissante et glac\u00e9e.<\/p>\n<\/blockquote>\n<h2><strong>Bang King 25 000 bouff\u00e9es <\/strong><strong>Vid\u00e9o :<\/strong><\/h2>\n<div style=\"width: 720px;\" class=\"wp-video\"><video class=\"wp-video-shortcode\" id=\"video-25609-1\" width=\"720\" height=\"1280\" preload=\"metadata\" controls=\"controls\"><source type=\"video\/mp4\" src=\"https:\/\/vozolvapen.de\/wp-content\/uploads\/2025\/12\/bnag-king-25k.mp4?_=1\" \/><a href=\"https:\/\/vozolvapen.de\/wp-content\/uploads\/2025\/12\/bnag-king-25k.mp4\">https:\/\/vozolvapen.de\/wp-content\/uploads\/2025\/12\/bnag-king-25k.mp4<\/a><\/video><\/div>\n<h3 dir=\"auto\">Voici d'autres recommandations pour vous :<\/h3>\n<p dir=\"auto\">D\u00e9couvrez encore plus de saveurs incroyables avec la cigarette \u00e9lectronique Puff 25k Bang King 25000 !<\/p>\n<p dir=\"auto\"><a href=\"https:\/\/vozolvapen.de\/fr\/product-category\/bang-vape\/puff-25k-bang-king-25000-vape\/\">Voir toutes les vari\u00e9t\u00e9s ici \u2192<\/a><\/p>\n<p dir=\"auto\">D\u00e9couvrez notre collection compl\u00e8te et achetez les meilleures marques de cigarettes \u00e9lectroniques que vous allez adorer.<\/p>\n<p dir=\"auto\"><a href=\"https:\/\/vozolvapen.de\/fr\/\">Parcourir toutes les marques maintenant \u2192<\/a><\/p>\n<p dir=\"auto\">D\u00e9couvrez la gamme compl\u00e8te Bang Vape : toutes les saveurs, tous les styles !<\/p>\n<p dir=\"auto\"><a href=\"https:\/\/vozolvapen.de\/fr\/product-category\/bang-vape\/\">D\u00e9couvrez toute la collection Bang Vape \u2192<\/a><\/p>","protected":false},"excerpt":{"rendered":"<p>Une fusion \u00e9lectrisante de framboise bleue acidul\u00e9e et d'une touche menthol\u00e9e prononc\u00e9e. Une explosion sucr\u00e9e-sal\u00e9e parfaite, con\u00e7ue pour rafra\u00eechir tout au long de la journ\u00e9e. <b>25 000 Puffs<\/b>!<\/p>","protected":false},"featured_media":26192,"comment_status":"open","ping_status":"closed","template":"","meta":{"_acf_changed":false},"product_brand":[],"product_cat":[134,78],"product_tag":[],"class_list":{"0":"post-25609","1":"product","2":"type-product","3":"status-publish","4":"has-post-thumbnail","6":"product_cat-eu-warehouse-in-stock","7":"product_cat-puff-25k-bang-king-25000-vape","9":"first","10":"instock","11":"featured","12":"shipping-taxable","13":"purchasable","14":"product-type-variable"},"acf":[],"yoast_head":"<!-- This site is optimized with the Yoast SEO Premium plugin v26.1 (Yoast SEO v27.5) - https:\/\/yoast.com\/product\/yoast-seo-premium-wordpress\/ -->\n<title>Blue Razz Ice - Puff 25k Bang King 25000 Puffs Disposable - vozolvapen<\/title>\n<meta name=\"description\" content=\"Shop Blue Razz Ice Puff 25k Bang King 25000 Puffs. Features 46mL dual pods, Smart LCD, and 25000 Puffs. The ultimate bang king puff with fast EU shipping.\" \/>\n<meta name=\"robots\" content=\"index, follow, max-snippet:-1, max-image-preview:large, max-video-preview:-1\" \/>\n<link rel=\"canonical\" href=\"https:\/\/vozolvapen.de\/fr\/product\/puff-25k-bang-king-25000-blue-razz-ice\/\" \/>\n<meta property=\"og:locale\" content=\"fr_FR\" \/>\n<meta property=\"og:type\" content=\"article\" \/>\n<meta property=\"og:title\" content=\"Puff 25k Bang King 25000 - Blue Razz Ice\" \/>\n<meta property=\"og:description\" content=\"Shop Blue Razz Ice Puff 25k Bang King 25000 Puffs. Features 46mL dual pods, Smart LCD, and 25000 Puffs. The ultimate bang king puff with fast EU shipping.\" \/>\n<meta property=\"og:url\" content=\"https:\/\/vozolvapen.de\/fr\/product\/puff-25k-bang-king-25000-blue-razz-ice\/\" \/>\n<meta property=\"og:site_name\" content=\"vozolvapen\" \/>\n<meta property=\"article:modified_time\" content=\"2026-02-10T12:38:36+00:00\" \/>\n<meta property=\"og:image\" content=\"https:\/\/vozolvapen.de\/wp-content\/uploads\/2025\/12\/Puff-25k-Bang-King-25000-Puffs-Blue-Razz-Ice.webp\" \/>\n\t<meta property=\"og:image:width\" content=\"1200\" \/>\n\t<meta property=\"og:image:height\" content=\"817\" \/>\n\t<meta property=\"og:image:type\" content=\"image\/webp\" \/>\n<meta name=\"twitter:card\" content=\"summary_large_image\" \/>\n<meta name=\"twitter:label1\" content=\"Dur\u00e9e de lecture estim\u00e9e\" \/>\n\t<meta name=\"twitter:data1\" content=\"2 minutes\" \/>\n<script type=\"application\/ld+json\" class=\"yoast-schema-graph\">{\"@context\":\"https:\\\/\\\/schema.org\",\"@graph\":[{\"@type\":\"WebPage\",\"@id\":\"https:\\\/\\\/vozolvapen.de\\\/product\\\/puff-25k-bang-king-25000-blue-razz-ice\\\/\",\"url\":\"https:\\\/\\\/vozolvapen.de\\\/product\\\/puff-25k-bang-king-25000-blue-razz-ice\\\/\",\"name\":\"Blue Razz Ice - Puff 25k Bang King 25000 Puffs Disposable - vozolvapen\",\"isPartOf\":{\"@id\":\"https:\\\/\\\/vozolvapen.de\\\/#website\"},\"primaryImageOfPage\":{\"@id\":\"https:\\\/\\\/vozolvapen.de\\\/product\\\/puff-25k-bang-king-25000-blue-razz-ice\\\/#primaryimage\"},\"image\":{\"@id\":\"https:\\\/\\\/vozolvapen.de\\\/product\\\/puff-25k-bang-king-25000-blue-razz-ice\\\/#primaryimage\"},\"thumbnailUrl\":\"https:\\\/\\\/vozolvapen.de\\\/wp-content\\\/uploads\\\/2025\\\/12\\\/Puff-25k-Bang-King-25000-Puffs-Blue-Razz-Ice.webp\",\"datePublished\":\"2025-12-12T10:10:53+00:00\",\"dateModified\":\"2026-02-10T12:38:36+00:00\",\"description\":\"Shop Blue Razz Ice Puff 25k Bang King 25000 Puffs. Features 46mL dual pods, Smart LCD, and 25000 Puffs. The ultimate bang king puff with fast EU shipping.\",\"breadcrumb\":{\"@id\":\"https:\\\/\\\/vozolvapen.de\\\/product\\\/puff-25k-bang-king-25000-blue-razz-ice\\\/#breadcrumb\"},\"inLanguage\":\"fr-FR\",\"potentialAction\":[{\"@type\":\"ReadAction\",\"target\":[\"https:\\\/\\\/vozolvapen.de\\\/product\\\/puff-25k-bang-king-25000-blue-razz-ice\\\/\"]}]},{\"@type\":\"ImageObject\",\"inLanguage\":\"fr-FR\",\"@id\":\"https:\\\/\\\/vozolvapen.de\\\/product\\\/puff-25k-bang-king-25000-blue-razz-ice\\\/#primaryimage\",\"url\":\"https:\\\/\\\/vozolvapen.de\\\/wp-content\\\/uploads\\\/2025\\\/12\\\/Puff-25k-Bang-King-25000-Puffs-Blue-Razz-Ice.webp\",\"contentUrl\":\"https:\\\/\\\/vozolvapen.de\\\/wp-content\\\/uploads\\\/2025\\\/12\\\/Puff-25k-Bang-King-25000-Puffs-Blue-Razz-Ice.webp\",\"width\":1200,\"height\":817,\"caption\":\"Puff 25k Bang King 25000 Puffs Blue Razz Ice Disposable Vape Device\"},{\"@type\":\"BreadcrumbList\",\"@id\":\"https:\\\/\\\/vozolvapen.de\\\/product\\\/puff-25k-bang-king-25000-blue-razz-ice\\\/#breadcrumb\",\"itemListElement\":[{\"@type\":\"ListItem\",\"position\":1,\"name\":\"Home\",\"item\":\"https:\\\/\\\/vozolvapen.de\\\/de\\\/\"},{\"@type\":\"ListItem\",\"position\":2,\"name\":\"Shop\",\"item\":\"https:\\\/\\\/vozolvapen.de\\\/shop\\\/\"},{\"@type\":\"ListItem\",\"position\":3,\"name\":\"Puff 25k Bang King 25000 &#8211; Blue Razz Ice\"}]},{\"@type\":\"WebSite\",\"@id\":\"https:\\\/\\\/vozolvapen.de\\\/#website\",\"url\":\"https:\\\/\\\/vozolvapen.de\\\/\",\"name\":\"vozolvapen\",\"description\":\"vozolvapen\",\"publisher\":{\"@id\":\"https:\\\/\\\/vozolvapen.de\\\/#organization\"},\"potentialAction\":[{\"@type\":\"SearchAction\",\"target\":{\"@type\":\"EntryPoint\",\"urlTemplate\":\"https:\\\/\\\/vozolvapen.de\\\/?s={search_term_string}\"},\"query-input\":{\"@type\":\"PropertyValueSpecification\",\"valueRequired\":true,\"valueName\":\"search_term_string\"}}],\"inLanguage\":\"fr-FR\"},{\"@type\":\"Organization\",\"@id\":\"https:\\\/\\\/vozolvapen.de\\\/#organization\",\"name\":\"vozolvapen\",\"url\":\"https:\\\/\\\/vozolvapen.de\\\/\",\"logo\":{\"@type\":\"ImageObject\",\"inLanguage\":\"fr-FR\",\"@id\":\"https:\\\/\\\/vozolvapen.de\\\/#\\\/schema\\\/logo\\\/image\\\/\",\"url\":\"https:\\\/\\\/vozolvapen.de\\\/wp-content\\\/uploads\\\/2025\\\/12\\\/cropped-vozovapen-logo.webp\",\"contentUrl\":\"https:\\\/\\\/vozolvapen.de\\\/wp-content\\\/uploads\\\/2025\\\/12\\\/cropped-vozovapen-logo.webp\",\"width\":470,\"height\":110,\"caption\":\"vozolvapen\"},\"image\":{\"@id\":\"https:\\\/\\\/vozolvapen.de\\\/#\\\/schema\\\/logo\\\/image\\\/\"}}]}<\/script>\n<!-- \/ Yoast SEO Premium plugin. -->","yoast_head_json":{"title":"Blue Razz Ice - Puff 25k Bang King 25000 Puffs jetable - vozolvapen","description":"Achetez Blue Razz Ice Puff 25k Bang King 25000 bouff\u00e9es. Comprend deux pods de 46 ml, un \u00e9cran LCD intelligent et 25000 Puffs. Le Bang King Puff ultime avec livraison rapide dans l'UE.","robots":{"index":"index","follow":"follow","max-snippet":"max-snippet:-1","max-image-preview":"max-image-preview:large","max-video-preview":"max-video-preview:-1"},"canonical":"https:\/\/vozolvapen.de\/fr\/product\/puff-25k-bang-king-25000-blue-razz-ice\/","og_locale":"fr_FR","og_type":"article","og_title":"Puff 25k Bang King 25000 - Blue Razz Ice","og_description":"Shop Blue Razz Ice Puff 25k Bang King 25000 Puffs. Features 46mL dual pods, Smart LCD, and 25000 Puffs. The ultimate bang king puff with fast EU shipping.","og_url":"https:\/\/vozolvapen.de\/fr\/product\/puff-25k-bang-king-25000-blue-razz-ice\/","og_site_name":"vozolvapen","article_modified_time":"2026-02-10T12:38:36+00:00","og_image":[{"width":1200,"height":817,"url":"https:\/\/vozolvapen.de\/wp-content\/uploads\/2025\/12\/Puff-25k-Bang-King-25000-Puffs-Blue-Razz-Ice.webp","type":"image\/webp"}],"twitter_card":"summary_large_image","twitter_misc":{"Dur\u00e9e de lecture estim\u00e9e":"2 minutes"},"schema":{"@context":"https:\/\/schema.org","@graph":[{"@type":"WebPage","@id":"https:\/\/vozolvapen.de\/product\/puff-25k-bang-king-25000-blue-razz-ice\/","url":"https:\/\/vozolvapen.de\/product\/puff-25k-bang-king-25000-blue-razz-ice\/","name":"Blue Razz Ice - Puff 25k Bang King 25000 Puffs jetable - vozolvapen","isPartOf":{"@id":"https:\/\/vozolvapen.de\/#website"},"primaryImageOfPage":{"@id":"https:\/\/vozolvapen.de\/product\/puff-25k-bang-king-25000-blue-razz-ice\/#primaryimage"},"image":{"@id":"https:\/\/vozolvapen.de\/product\/puff-25k-bang-king-25000-blue-razz-ice\/#primaryimage"},"thumbnailUrl":"https:\/\/vozolvapen.de\/wp-content\/uploads\/2025\/12\/Puff-25k-Bang-King-25000-Puffs-Blue-Razz-Ice.webp","datePublished":"2025-12-12T10:10:53+00:00","dateModified":"2026-02-10T12:38:36+00:00","description":"Achetez Blue Razz Ice Puff 25k Bang King 25000 bouff\u00e9es. Comprend deux pods de 46 ml, un \u00e9cran LCD intelligent et 25000 Puffs. Le Bang King Puff ultime avec livraison rapide dans l'UE.","breadcrumb":{"@id":"https:\/\/vozolvapen.de\/product\/puff-25k-bang-king-25000-blue-razz-ice\/#breadcrumb"},"inLanguage":"fr-FR","potentialAction":[{"@type":"ReadAction","target":["https:\/\/vozolvapen.de\/product\/puff-25k-bang-king-25000-blue-razz-ice\/"]}]},{"@type":"ImageObject","inLanguage":"fr-FR","@id":"https:\/\/vozolvapen.de\/product\/puff-25k-bang-king-25000-blue-razz-ice\/#primaryimage","url":"https:\/\/vozolvapen.de\/wp-content\/uploads\/2025\/12\/Puff-25k-Bang-King-25000-Puffs-Blue-Razz-Ice.webp","contentUrl":"https:\/\/vozolvapen.de\/wp-content\/uploads\/2025\/12\/Puff-25k-Bang-King-25000-Puffs-Blue-Razz-Ice.webp","width":1200,"height":817,"caption":"Puff 25k Bang King 25000 Puffs Blue Razz Ice Disposable Vape Device"},{"@type":"BreadcrumbList","@id":"https:\/\/vozolvapen.de\/product\/puff-25k-bang-king-25000-blue-razz-ice\/#breadcrumb","itemListElement":[{"@type":"ListItem","position":1,"name":"Home","item":"https:\/\/vozolvapen.de\/de\/"},{"@type":"ListItem","position":2,"name":"Shop","item":"https:\/\/vozolvapen.de\/shop\/"},{"@type":"ListItem","position":3,"name":"Puff 25k Bang King 25000 &#8211; Blue Razz Ice"}]},{"@type":"WebSite","@id":"https:\/\/vozolvapen.de\/#website","url":"https:\/\/vozolvapen.de\/","name":"vozolvapen","description":"vozolvapen","publisher":{"@id":"https:\/\/vozolvapen.de\/#organization"},"potentialAction":[{"@type":"SearchAction","target":{"@type":"EntryPoint","urlTemplate":"https:\/\/vozolvapen.de\/?s={search_term_string}"},"query-input":{"@type":"PropertyValueSpecification","valueRequired":true,"valueName":"search_term_string"}}],"inLanguage":"fr-FR"},{"@type":"Organization","@id":"https:\/\/vozolvapen.de\/#organization","name":"vozolvapen","url":"https:\/\/vozolvapen.de\/","logo":{"@type":"ImageObject","inLanguage":"fr-FR","@id":"https:\/\/vozolvapen.de\/#\/schema\/logo\/image\/","url":"https:\/\/vozolvapen.de\/wp-content\/uploads\/2025\/12\/cropped-vozovapen-logo.webp","contentUrl":"https:\/\/vozolvapen.de\/wp-content\/uploads\/2025\/12\/cropped-vozovapen-logo.webp","width":470,"height":110,"caption":"vozolvapen"},"image":{"@id":"https:\/\/vozolvapen.de\/#\/schema\/logo\/image\/"}}]}},"tiered_pricing_type":"fixed","tiered_pricing_fixed_rules":{"30":"10.5","50":"8.5","100":"7.5","200":"6.8"},"tiered_pricing_product_settings":{"layout":"default","base_unit_name":{"singular":null,"plural":null},"default_variation":null},"tiered_pricing_minimum_quantity":10,"tiered_pricing_roles_data":[],"tiered_pricing_percentage_rules":[],"tiered_pricing_maximum_quantity":null,"tiered_pricing_quantity_step":"10","_links":{"self":[{"href":"https:\/\/vozolvapen.de\/fr\/wp-json\/wp\/v2\/product\/25609","targetHints":{"allow":["GET"]}}],"collection":[{"href":"https:\/\/vozolvapen.de\/fr\/wp-json\/wp\/v2\/product"}],"about":[{"href":"https:\/\/vozolvapen.de\/fr\/wp-json\/wp\/v2\/types\/product"}],"replies":[{"embeddable":true,"href":"https:\/\/vozolvapen.de\/fr\/wp-json\/wp\/v2\/comments?post=25609"}],"wp:featuredmedia":[{"embeddable":true,"href":"https:\/\/vozolvapen.de\/fr\/wp-json\/wp\/v2\/media\/26192"}],"wp:attachment":[{"href":"https:\/\/vozolvapen.de\/fr\/wp-json\/wp\/v2\/media?parent=25609"}],"wp:term":[{"taxonomy":"product_brand","embeddable":true,"href":"https:\/\/vozolvapen.de\/fr\/wp-json\/wp\/v2\/product_brand?post=25609"},{"taxonomy":"product_cat","embeddable":true,"href":"https:\/\/vozolvapen.de\/fr\/wp-json\/wp\/v2\/product_cat?post=25609"},{"taxonomy":"product_tag","embeddable":true,"href":"https:\/\/vozolvapen.de\/fr\/wp-json\/wp\/v2\/product_tag?post=25609"}],"curies":[{"name":"wp","href":"https:\/\/api.w.org\/{rel}","templated":true}]}}