{"id":37807,"date":"2025-12-19T10:51:22","date_gmt":"2025-12-19T10:51:22","guid":{"rendered":"https:\/\/vozolvapen.de\/?post_type=product&#038;p=37807"},"modified":"2026-02-10T11:06:45","modified_gmt":"2026-02-10T11:06:45","slug":"elfbar-ice-king-30000-gateau-a-la-banane","status":"publish","type":"product","link":"https:\/\/vozolvapen.de\/fr\/product\/elfbar-ice-king-30000-banana-cake\/","title":{"rendered":"Elfbar Ice King 30000 \u2013 G\u00e2teau \u00e0 la banane"},"content":{"rendered":"<h1 data-path-to-node=\"44\">Elfbar Ice King 30000 \u2013 G\u00e2teau \u00e0 la banane<\/h1>\n<p data-path-to-node=\"45\">Un dessert rare et magistral. Le <b data-path-to-node=\"45\" data-index-in-node=\"32\">Elfbar Ice King 30000<\/b> Banana Cake offre une bouff\u00e9e chaude de g\u00e2teau cuit au four avec une finale cr\u00e9meuse \u00e0 la banane. C'est la seule saveur dans la gamme <b data-path-to-node=\"45\" data-index-in-node=\"159\">Elfbar 30k<\/b> ligne con\u00e7ue pour \u00eatre appr\u00e9ci\u00e9e avec le r\u00e9glage de refroidissement \u201c Breeze (0) \u201d pour une chaleur maximale.<\/p>\n<h2 data-path-to-node=\"46\"><b data-path-to-node=\"46\" data-index-in-node=\"0\">\u00c9valuation des saveurs \u2013 G\u00e2teau \u00e0 la banane<\/b><\/h2>\n<ul data-path-to-node=\"47\">\n<li>\n<p data-path-to-node=\"47,0,0\"><b data-path-to-node=\"47,0,0\" data-index-in-node=\"0\">Douceur :<\/b> \u2605\u2605\u2605\u2605\u2605<\/p>\n<\/li>\n<li>\n<p data-path-to-node=\"47,1,0\"><b data-path-to-node=\"47,1,0\" data-index-in-node=\"0\">Niveau de glace :<\/b> \u2605\u2606\u2606\u2606\u2606 (r\u00e9glable)<\/p>\n<\/li>\n<li>\n<p data-path-to-node=\"47,2,0\"><b data-path-to-node=\"47,2,0\" data-index-in-node=\"0\">Ar\u00f4me :<\/b> \u2605\u2605\u2605\u2605\u2605<\/p>\n<\/li>\n<li>\n<p data-path-to-node=\"47,3,0\"><b data-path-to-node=\"47,3,0\" data-index-in-node=\"0\">Verdict sur le go\u00fbt :<\/b> Riche, onctueux et r\u00e9confortant. Le <b data-path-to-node=\"47,3,0\" data-index-in-node=\"51\">Elfbar Ice King<\/b> rend les notes \u201c cuites \u201d avec une pr\u00e9cision incroyable.<\/p>\n<\/li>\n<\/ul>\n<h2 data-path-to-node=\"48\"><b data-path-to-node=\"48\" data-index-in-node=\"0\">\u00c0 qui s'adresse ce produit ?<\/b><\/h2>\n<ul data-path-to-node=\"49\">\n<li>\n<p data-path-to-node=\"49,0,0\"><b data-path-to-node=\"49,0,0\" data-index-in-node=\"0\">Amateurs de desserts :<\/b> Pour ceux qui raffolent des saveurs de boulangerie et de cr\u00e8me.<\/p>\n<\/li>\n<li>\n<p data-path-to-node=\"49,1,0\"><b data-path-to-node=\"49,1,0\" data-index-in-node=\"0\">Le Non-Icer :<\/b> Parfait pour les vapoteurs qui pr\u00e9f\u00e8rent les nuages chauds et denses.<\/p>\n<\/li>\n<li>\n<p data-path-to-node=\"49,2,0\"><b data-path-to-node=\"49,2,0\" data-index-in-node=\"0\">\u00c0 la recherche de textures :<\/b> La vapeur est dense et a une texture \u201c p\u00e2teuse \u201d sur la langue.<\/p>\n<\/li>\n<\/ul>\n<h3 data-path-to-node=\"107\"><b data-path-to-node=\"107\" data-index-in-node=\"0\">Sp\u00e9cifications<\/b><\/h3>\n<ul>\n<li data-path-to-node=\"108,0,0\"><b data-path-to-node=\"108,0,0\" data-index-in-node=\"0\"><span class=\"citation-17\">Capacit\u00e9 :<\/span><\/b><span class=\"citation-17 citation-end-17\"> E-liquide pr\u00e9rempli de 20 ml<\/span><\/li>\n<li data-path-to-node=\"108,1,0\"><b data-path-to-node=\"108,1,0\" data-index-in-node=\"0\">Puffs :<\/b> Turbo I (30 000) \/ Turbo III (15 000)<\/li>\n<li data-path-to-node=\"108,2,0\"><b data-path-to-node=\"108,2,0\" data-index-in-node=\"0\"><span class=\"citation-16\">Batterie :<\/span><\/b><span class=\"citation-16 citation-end-16\"> 850 mAh (rechargeable de type C)<\/span><\/li>\n<li data-path-to-node=\"108,3,0\"><b data-path-to-node=\"108,3,0\" data-index-in-node=\"0\">Affichage :<\/b> \u00c9cran LED intelligent (niveau d'alimentation, d'huile et de refroidissement)<\/li>\n<li data-path-to-node=\"108,4,0\"><b data-path-to-node=\"108,4,0\" data-index-in-node=\"0\">Fra\u00eecheur :<\/b> R\u00e9glage personnalis\u00e9 \u00e0 5 niveaux<\/li>\n<li data-path-to-node=\"108,5,0\"><b data-path-to-node=\"108,5,0\" data-index-in-node=\"0\"><span class=\"citation-15\">Bobine :<\/span><\/b><span class=\"citation-15 citation-end-15\"> Double bobine maill\u00e9e et double noyau<\/span><\/li>\n<li data-path-to-node=\"108,6,0\"><b data-path-to-node=\"108,6,0\" data-index-in-node=\"0\">Exp\u00e9dition :<\/b> Entrep\u00f4t europ\u00e9en (1 \u00e0 3 jours)<\/li>\n<\/ul>\n<h3 data-path-to-node=\"109\"><b data-path-to-node=\"109\" data-index-in-node=\"0\">\u00c0 qui s'adresse l'Elfbar Ice King 30000 ?<\/b><\/h3>\n<ul>\n<li data-path-to-node=\"110,0,0\"><b data-path-to-node=\"110,0,0\" data-index-in-node=\"0\">Le personnalisateur :<\/b> Si vous d\u00e9testez que certaines cigarettes \u00e9lectroniques soient \u201c trop froides \u201d ou \u201c pas assez froides \u201d, le <b data-path-to-node=\"110,0,0\" data-index-in-node=\"85\">Elfbar Ice King<\/b> est votre solution.<\/li>\n<li data-path-to-node=\"110,1,0\"><b data-path-to-node=\"110,1,0\" data-index-in-node=\"0\">L'expert en efficacit\u00e9 :<\/b> Ceux qui veulent un appareil massif de 30 000 bouff\u00e9es qui ne sacrifie pas la qualit\u00e9 du go\u00fbt.<\/li>\n<li data-path-to-node=\"110,2,0\"><b data-path-to-node=\"110,2,0\" data-index-in-node=\"0\">Le vapoteur europ\u00e9en :<\/b> Parfait pour ceux qui veulent <b data-path-to-node=\"110,2,0\" data-index-in-node=\"47\">Elfbar 30k<\/b> qualit\u00e9 livr\u00e9e sous 3 jours depuis un entrep\u00f4t local.<\/li>\n<\/ul>\n<h3 dir=\"auto\">Voici d'autres recommandations pour vous :<\/h3>\n<p dir=\"auto\">D\u00e9couvrez encore plus de saveurs incroyables avec la cigarette \u00e9lectronique Elfbar Ice King 30000 bouff\u00e9es !<\/p>\n<p dir=\"auto\"><a href=\"https:\/\/vozolvapen.de\/fr\/product-category\/elfbar-vapoteuse\/elfbar-ice-king-30000-bouffees-vape\/\">Voir toutes les vari\u00e9t\u00e9s ici \u2192<\/a><\/p>\n<p dir=\"auto\">D\u00e9couvrez notre collection compl\u00e8te et achetez les meilleures marques de cigarettes \u00e9lectroniques que vous allez adorer.<\/p>\n<p dir=\"auto\"><a href=\"https:\/\/vozolvapen.de\/fr\/\">Parcourir toutes les marques maintenant \u2192<\/a><\/p>\n<p dir=\"auto\">D\u00e9couvrez la gamme compl\u00e8te Bang Vape : toutes les saveurs, tous les styles !<\/p>\n<p dir=\"auto\"><a href=\"https:\/\/vozolvapen.de\/fr\/product-category\/bang-vape\/\">D\u00e9couvrez toute la collection Bang Vape \u2192<\/a><\/p>\n<h2 data-path-to-node=\"2\"><b data-path-to-node=\"2\" data-index-in-node=\"0\">Foire aux questions (FAQ) \u2013 Elfbar Ice King 30000<\/b><\/h2>\n<h3 data-path-to-node=\"3\"><b data-path-to-node=\"3\" data-index-in-node=\"0\">1. Combien de temps l'Elfbar Ice King 30000 va-t-il r\u00e9ellement me durer ?<\/b><\/h3>\n<p data-path-to-node=\"4\">Le <b data-path-to-node=\"4\" data-index-in-node=\"4\">Elfbar Ice King 30000<\/b> est con\u00e7u pour une long\u00e9vit\u00e9 extr\u00eame. En fonction de votre style de vapotage :<\/p>\n<ul data-path-to-node=\"5\">\n<li>\n<p data-path-to-node=\"5,0,0\"><b data-path-to-node=\"5,0,0\" data-index-in-node=\"0\">Mode Turbo I (30 000 Puffs) :<\/b> Id\u00e9al pour une utilisation quotidienne r\u00e9guli\u00e8re, offrant la plus longue dur\u00e9e de vie.<\/p>\n<\/li>\n<li>\n<p data-path-to-node=\"5,1,0\"><b data-path-to-node=\"5,1,0\" data-index-in-node=\"0\">Mode Turbo III (15 000 Puffs) :<\/b> Parfait pour les amateurs de nuages qui recherchent une bouff\u00e9e plus intense et plus puissante. Pour le vapoteur moyen, un seul appareil peut facilement durer <b data-path-to-node=\"5,1,0\" data-index-in-node=\"146\">3 \u00e0 5 semaines<\/b>.<\/p>\n<\/li>\n<\/ul>\n<h3 data-path-to-node=\"6\"><b data-path-to-node=\"6\" data-index-in-node=\"0\">2. Comment fonctionne le syst\u00e8me de fra\u00eecheur personnalis\u00e9e \u00e0 5 niveaux ?<\/b><\/h3>\n<p data-path-to-node=\"7\">C'est la caract\u00e9ristique distinctive du <b data-path-to-node=\"7\" data-index-in-node=\"36\">Elfbar Ice King<\/b>. Sur le c\u00f4t\u00e9 de l'appareil, il y a un bouton de r\u00e9glage d\u00e9di\u00e9. Vous pouvez passer d'un mode \u00e0 l'autre :<\/p>\n<ul data-path-to-node=\"8\">\n<li>\n<p data-path-to-node=\"8,0,0\"><b data-path-to-node=\"8,0,0\" data-index-in-node=\"0\">Niveau 0 (Brise) :<\/b> Une saveur pure sans aucun effet rafra\u00eechissant.<\/p>\n<\/li>\n<li>\n<p data-path-to-node=\"8,1,0\"><b data-path-to-node=\"8,1,0\" data-index-in-node=\"0\">Niveau 4 (Gel arctique) :<\/b> La sensation la plus froide disponible sur le march\u00e9. L'\u00e9cran LED intelligent affiche votre niveau actuel, pour que vous sachiez toujours exactement \u00e0 quoi vous attendre.<\/p>\n<\/li>\n<\/ul>\n<h3 data-path-to-node=\"9\"><b data-path-to-node=\"9\" data-index-in-node=\"0\">3. Ce produit est-il authentique ?<\/b><\/h3>\n<p data-path-to-node=\"10\">Oui. Nous ne fournissons que des produits authentiques 100%. <b data-path-to-node=\"10\" data-index-in-node=\"33\">Vaporisateur Elfbar<\/b> produits directement aupr\u00e8s du fabricant officiel. Chaque <b data-path-to-node=\"10\" data-index-in-node=\"100\">Elfbar Ice King 30000<\/b> est livr\u00e9 avec un code de s\u00e9curit\u00e9 v\u00e9rifiable afin de garantir que vous recevez un appareil haut de gamme, s\u00fbr et authentique.<\/p>\n<h3 data-path-to-node=\"11\"><b data-path-to-node=\"11\" data-index-in-node=\"0\">4. Quelle est la rapidit\u00e9 de la livraison vers l'Allemagne et le reste de l'Europe ?<\/b><\/h3>\n<p data-path-to-node=\"12\">Nous exp\u00e9dions directement depuis notre <b data-path-to-node=\"12\" data-index-in-node=\"26\">entrep\u00f4t europ\u00e9en<\/b>.<\/p>\n<ul data-path-to-node=\"13\">\n<li>\n<p data-path-to-node=\"13,0,0\"><b data-path-to-node=\"13,0,0\" data-index-in-node=\"0\">Allemagne :<\/b> 1 \u00e0 2 jours ouvrables.<\/p>\n<\/li>\n<li>\n<p data-path-to-node=\"13,1,0\"><b data-path-to-node=\"13,1,0\" data-index-in-node=\"0\">Reste de l'UE :<\/b> 2 \u00e0 3 jours ouvrables. Il y a <b data-path-to-node=\"13,1,0\" data-index-in-node=\"41\">pas de retards douaniers ni de frais cach\u00e9s<\/b>, car le produit se trouve d\u00e9j\u00e0 \u00e0 l'int\u00e9rieur des fronti\u00e8res de l'UE.<\/p>\n<\/li>\n<\/ul>\n<h3 data-path-to-node=\"14\"><b data-path-to-node=\"14\" data-index-in-node=\"0\">5. Que montre l'\u00e9cran LED intelligent ?<\/b><\/h3>\n<p data-path-to-node=\"15\">Le <b data-path-to-node=\"15\" data-index-in-node=\"4\">Elfbar 30k<\/b> dispose d'un \u00e9cran haute d\u00e9finition qui fournit des donn\u00e9es en temps r\u00e9el sur :<\/p>\n<ul data-path-to-node=\"16\">\n<li>\n<p data-path-to-node=\"16,0,0\"><b data-path-to-node=\"16,0,0\" data-index-in-node=\"0\">Niveau d'e-liquide :<\/b> Fini les bouff\u00e9es s\u00e8ches \u201c br\u00fbl\u00e9es \u201d ; vous saurez exactement quand les 20 ml seront presque \u00e9puis\u00e9s.<\/p>\n<\/li>\n<li>\n<p data-path-to-node=\"16,1,0\"><b data-path-to-node=\"16,1,0\" data-index-in-node=\"0\">Pourcentage de batterie :<\/b> Voyez exactement combien il reste de batterie sur votre batterie de 850 mAh.<\/p>\n<\/li>\n<li>\n<p data-path-to-node=\"16,2,0\"><b data-path-to-node=\"16,2,0\" data-index-in-node=\"0\">Niveau de coolitude :<\/b> Indique lequel des 5 r\u00e9glages de refroidissement est actuellement actif.<\/p>\n<\/li>\n<\/ul>\n<h3 data-path-to-node=\"17\"><b data-path-to-node=\"17\" data-index-in-node=\"0\">6. La batterie est-elle rechargeable ?<\/b><\/h3>\n<p data-path-to-node=\"18\">Absolument. L'appareil est \u00e9quip\u00e9 d'un <b data-path-to-node=\"18\" data-index-in-node=\"34\">Port de chargement rapide Type-C<\/b>. Alors que le e-liquide est con\u00e7u pour durer jusqu'\u00e0 30 000 bouff\u00e9es, la batterie peut \u00eatre recharg\u00e9e plusieurs fois pour vous permettre d'utiliser jusqu'\u00e0 la derni\u00e8re goutte des 20 ml de jus haut de gamme.<\/p>\n<h3 data-path-to-node=\"19\"><b data-path-to-node=\"19\" data-index-in-node=\"0\">7. Pourquoi choisir l'Ice King 30000 plut\u00f4t qu'un Elfbar standard ?<\/b><\/h3>\n<p data-path-to-node=\"20\">Le <b data-path-to-node=\"20\" data-index-in-node=\"4\">Elfbar Ice King<\/b> offre trois avantages majeurs :<\/p>\n<ol start=\"1\" data-path-to-node=\"21\">\n<li>\n<p data-path-to-node=\"21,0,0\"><b data-path-to-node=\"21,0,0\" data-index-in-node=\"0\">Rentabilit\u00e9 :<\/b> Un appareil de 30 000 remplace jusqu'\u00e0 15 appareils jetables standard, ce qui vous permet de r\u00e9aliser des \u00e9conomies.<\/p>\n<\/li>\n<li>\n<p data-path-to-node=\"21,1,0\"><b data-path-to-node=\"21,1,0\" data-index-in-node=\"0\">Personnalisation :<\/b> Vous contr\u00f4lez le d\u00e9bit d'air, la puissance (modes Turbo) et l'intensit\u00e9 du refroidissement.<\/p>\n<\/li>\n<li>\n<p data-path-to-node=\"21,2,0\"><b data-path-to-node=\"21,2,0\" data-index-in-node=\"0\">Saveur avanc\u00e9e :<\/b> Le <b data-path-to-node=\"21,2,0\" data-index-in-node=\"21\">Double bobine \u00e0 mailles<\/b> Le syst\u00e8me emp\u00eache la d\u00e9gradation des ar\u00f4mes, fr\u00e9quente dans les appareils plus petits et moins chers.<\/p>\n<\/li>\n<\/ol>","protected":false},"excerpt":{"rendered":"<p>Une entr\u00e9e dessert rare pour le roi des glaces. Attendez-vous \u00e0 des notes cr\u00e9meuses de banane avec une finale chaude de g\u00e2teau cuit au four.<\/p>","protected":false},"featured_media":37977,"comment_status":"open","ping_status":"closed","template":"","meta":{"_acf_changed":false},"product_brand":[],"product_cat":[86,134],"product_tag":[],"class_list":{"0":"post-37807","1":"product","2":"type-product","3":"status-publish","4":"has-post-thumbnail","6":"product_cat-elfbar-ice-king-30000-puff-vape","7":"product_cat-eu-warehouse-in-stock","9":"first","10":"instock","11":"shipping-taxable","12":"purchasable","13":"product-type-variable"},"acf":[],"yoast_head":"<!-- This site is optimized with the Yoast SEO Premium plugin v26.1 (Yoast SEO v27.5) - https:\/\/yoast.com\/product\/yoast-seo-premium-wordpress\/ -->\n<title>Banana Cake - Elfbar Ice King 30000 | Elfbar 30k Dessert - vozolvapen<\/title>\n<meta name=\"description\" content=\"Indulge in creamy Banana Cake Elfbar Ice King 30000. The perfect dessert vape with 5-level coolness control. Local EU stock, 1-3 day delivery.\" \/>\n<meta name=\"robots\" content=\"index, follow, max-snippet:-1, max-image-preview:large, max-video-preview:-1\" \/>\n<link rel=\"canonical\" href=\"https:\/\/vozolvapen.de\/fr\/product\/elfbar-ice-king-30000-gateau-a-la-banane\/\" \/>\n<meta property=\"og:locale\" content=\"fr_FR\" \/>\n<meta property=\"og:type\" content=\"article\" \/>\n<meta property=\"og:title\" content=\"Elfbar Ice King 30000 - Banana Cake\" \/>\n<meta property=\"og:description\" content=\"Indulge in creamy Banana Cake Elfbar Ice King 30000. The perfect dessert vape with 5-level coolness control. Local EU stock, 1-3 day delivery.\" \/>\n<meta property=\"og:url\" content=\"https:\/\/vozolvapen.de\/fr\/product\/elfbar-ice-king-30000-gateau-a-la-banane\/\" \/>\n<meta property=\"og:site_name\" content=\"vozolvapen\" \/>\n<meta property=\"article:modified_time\" content=\"2026-02-10T11:06:45+00:00\" \/>\n<meta property=\"og:image\" content=\"https:\/\/vozolvapen.de\/wp-content\/uploads\/2025\/12\/Elfbar-Ice-King-30000-CherryWatermelon.webp\" \/>\n\t<meta property=\"og:image:width\" content=\"1080\" \/>\n\t<meta property=\"og:image:height\" content=\"1080\" \/>\n\t<meta property=\"og:image:type\" content=\"image\/webp\" \/>\n<meta name=\"twitter:card\" content=\"summary_large_image\" \/>\n<meta name=\"twitter:label1\" content=\"Dur\u00e9e de lecture estim\u00e9e\" \/>\n\t<meta name=\"twitter:data1\" content=\"4 minutes\" \/>\n<script type=\"application\/ld+json\" class=\"yoast-schema-graph\">{\"@context\":\"https:\\\/\\\/schema.org\",\"@graph\":[{\"@type\":\"WebPage\",\"@id\":\"https:\\\/\\\/vozolvapen.de\\\/product\\\/elfbar-ice-king-30000-banana-cake\\\/\",\"url\":\"https:\\\/\\\/vozolvapen.de\\\/product\\\/elfbar-ice-king-30000-banana-cake\\\/\",\"name\":\"Banana Cake - Elfbar Ice King 30000 | Elfbar 30k Dessert - vozolvapen\",\"isPartOf\":{\"@id\":\"https:\\\/\\\/vozolvapen.de\\\/#website\"},\"primaryImageOfPage\":{\"@id\":\"https:\\\/\\\/vozolvapen.de\\\/product\\\/elfbar-ice-king-30000-banana-cake\\\/#primaryimage\"},\"image\":{\"@id\":\"https:\\\/\\\/vozolvapen.de\\\/product\\\/elfbar-ice-king-30000-banana-cake\\\/#primaryimage\"},\"thumbnailUrl\":\"https:\\\/\\\/vozolvapen.de\\\/wp-content\\\/uploads\\\/2025\\\/12\\\/Elfbar-Ice-King-30000-CherryWatermelon.webp\",\"datePublished\":\"2025-12-19T10:51:22+00:00\",\"dateModified\":\"2026-02-10T11:06:45+00:00\",\"description\":\"Indulge in creamy Banana Cake Elfbar Ice King 30000. The perfect dessert vape with 5-level coolness control. Local EU stock, 1-3 day delivery.\",\"breadcrumb\":{\"@id\":\"https:\\\/\\\/vozolvapen.de\\\/product\\\/elfbar-ice-king-30000-banana-cake\\\/#breadcrumb\"},\"inLanguage\":\"fr-FR\",\"potentialAction\":[{\"@type\":\"ReadAction\",\"target\":[\"https:\\\/\\\/vozolvapen.de\\\/product\\\/elfbar-ice-king-30000-banana-cake\\\/\"]}]},{\"@type\":\"ImageObject\",\"inLanguage\":\"fr-FR\",\"@id\":\"https:\\\/\\\/vozolvapen.de\\\/product\\\/elfbar-ice-king-30000-banana-cake\\\/#primaryimage\",\"url\":\"https:\\\/\\\/vozolvapen.de\\\/wp-content\\\/uploads\\\/2025\\\/12\\\/Elfbar-Ice-King-30000-CherryWatermelon.webp\",\"contentUrl\":\"https:\\\/\\\/vozolvapen.de\\\/wp-content\\\/uploads\\\/2025\\\/12\\\/Elfbar-Ice-King-30000-CherryWatermelon.webp\",\"width\":1080,\"height\":1080,\"caption\":\"Elfbar Ice King 30000 Cherrywatermelon Disposable Vape Device\"},{\"@type\":\"BreadcrumbList\",\"@id\":\"https:\\\/\\\/vozolvapen.de\\\/product\\\/elfbar-ice-king-30000-banana-cake\\\/#breadcrumb\",\"itemListElement\":[{\"@type\":\"ListItem\",\"position\":1,\"name\":\"Home\",\"item\":\"https:\\\/\\\/vozolvapen.de\\\/de\\\/\"},{\"@type\":\"ListItem\",\"position\":2,\"name\":\"Shop\",\"item\":\"https:\\\/\\\/vozolvapen.de\\\/shop\\\/\"},{\"@type\":\"ListItem\",\"position\":3,\"name\":\"Elfbar Ice King 30000 &#8211; Banana Cake\"}]},{\"@type\":\"WebSite\",\"@id\":\"https:\\\/\\\/vozolvapen.de\\\/#website\",\"url\":\"https:\\\/\\\/vozolvapen.de\\\/\",\"name\":\"vozolvapen\",\"description\":\"vozolvapen\",\"publisher\":{\"@id\":\"https:\\\/\\\/vozolvapen.de\\\/#organization\"},\"potentialAction\":[{\"@type\":\"SearchAction\",\"target\":{\"@type\":\"EntryPoint\",\"urlTemplate\":\"https:\\\/\\\/vozolvapen.de\\\/?s={search_term_string}\"},\"query-input\":{\"@type\":\"PropertyValueSpecification\",\"valueRequired\":true,\"valueName\":\"search_term_string\"}}],\"inLanguage\":\"fr-FR\"},{\"@type\":\"Organization\",\"@id\":\"https:\\\/\\\/vozolvapen.de\\\/#organization\",\"name\":\"vozolvapen\",\"url\":\"https:\\\/\\\/vozolvapen.de\\\/\",\"logo\":{\"@type\":\"ImageObject\",\"inLanguage\":\"fr-FR\",\"@id\":\"https:\\\/\\\/vozolvapen.de\\\/#\\\/schema\\\/logo\\\/image\\\/\",\"url\":\"https:\\\/\\\/vozolvapen.de\\\/wp-content\\\/uploads\\\/2025\\\/12\\\/cropped-vozovapen-logo.webp\",\"contentUrl\":\"https:\\\/\\\/vozolvapen.de\\\/wp-content\\\/uploads\\\/2025\\\/12\\\/cropped-vozovapen-logo.webp\",\"width\":470,\"height\":110,\"caption\":\"vozolvapen\"},\"image\":{\"@id\":\"https:\\\/\\\/vozolvapen.de\\\/#\\\/schema\\\/logo\\\/image\\\/\"}}]}<\/script>\n<!-- \/ Yoast SEO Premium plugin. -->","yoast_head_json":{"title":"G\u00e2teau \u00e0 la banane - Elfbar Ice King 30000 | Elfbar 30k Dessert - vozolvapen","description":"Laissez-vous tenter par le g\u00e2teau cr\u00e9meux \u00e0 la banane Elfbar Ice King 30000. Le dessert parfait \u00e0 vapoter, avec 5 niveaux de fra\u00eecheur r\u00e9glables. Stock local dans l'UE, livraison en 1 \u00e0 3 jours.","robots":{"index":"index","follow":"follow","max-snippet":"max-snippet:-1","max-image-preview":"max-image-preview:large","max-video-preview":"max-video-preview:-1"},"canonical":"https:\/\/vozolvapen.de\/fr\/product\/elfbar-ice-king-30000-gateau-a-la-banane\/","og_locale":"fr_FR","og_type":"article","og_title":"Elfbar Ice King 30000 - Banana Cake","og_description":"Indulge in creamy Banana Cake Elfbar Ice King 30000. The perfect dessert vape with 5-level coolness control. Local EU stock, 1-3 day delivery.","og_url":"https:\/\/vozolvapen.de\/fr\/product\/elfbar-ice-king-30000-gateau-a-la-banane\/","og_site_name":"vozolvapen","article_modified_time":"2026-02-10T11:06:45+00:00","og_image":[{"width":1080,"height":1080,"url":"https:\/\/vozolvapen.de\/wp-content\/uploads\/2025\/12\/Elfbar-Ice-King-30000-CherryWatermelon.webp","type":"image\/webp"}],"twitter_card":"summary_large_image","twitter_misc":{"Dur\u00e9e de lecture estim\u00e9e":"4 minutes"},"schema":{"@context":"https:\/\/schema.org","@graph":[{"@type":"WebPage","@id":"https:\/\/vozolvapen.de\/product\/elfbar-ice-king-30000-banana-cake\/","url":"https:\/\/vozolvapen.de\/product\/elfbar-ice-king-30000-banana-cake\/","name":"G\u00e2teau \u00e0 la banane - Elfbar Ice King 30000 | Elfbar 30k Dessert - vozolvapen","isPartOf":{"@id":"https:\/\/vozolvapen.de\/#website"},"primaryImageOfPage":{"@id":"https:\/\/vozolvapen.de\/product\/elfbar-ice-king-30000-banana-cake\/#primaryimage"},"image":{"@id":"https:\/\/vozolvapen.de\/product\/elfbar-ice-king-30000-banana-cake\/#primaryimage"},"thumbnailUrl":"https:\/\/vozolvapen.de\/wp-content\/uploads\/2025\/12\/Elfbar-Ice-King-30000-CherryWatermelon.webp","datePublished":"2025-12-19T10:51:22+00:00","dateModified":"2026-02-10T11:06:45+00:00","description":"Laissez-vous tenter par le g\u00e2teau cr\u00e9meux \u00e0 la banane Elfbar Ice King 30000. Le dessert parfait \u00e0 vapoter, avec 5 niveaux de fra\u00eecheur r\u00e9glables. Stock local dans l'UE, livraison en 1 \u00e0 3 jours.","breadcrumb":{"@id":"https:\/\/vozolvapen.de\/product\/elfbar-ice-king-30000-banana-cake\/#breadcrumb"},"inLanguage":"fr-FR","potentialAction":[{"@type":"ReadAction","target":["https:\/\/vozolvapen.de\/product\/elfbar-ice-king-30000-banana-cake\/"]}]},{"@type":"ImageObject","inLanguage":"fr-FR","@id":"https:\/\/vozolvapen.de\/product\/elfbar-ice-king-30000-banana-cake\/#primaryimage","url":"https:\/\/vozolvapen.de\/wp-content\/uploads\/2025\/12\/Elfbar-Ice-King-30000-CherryWatermelon.webp","contentUrl":"https:\/\/vozolvapen.de\/wp-content\/uploads\/2025\/12\/Elfbar-Ice-King-30000-CherryWatermelon.webp","width":1080,"height":1080,"caption":"Elfbar Ice King 30000 Cherrywatermelon Disposable Vape Device"},{"@type":"BreadcrumbList","@id":"https:\/\/vozolvapen.de\/product\/elfbar-ice-king-30000-banana-cake\/#breadcrumb","itemListElement":[{"@type":"ListItem","position":1,"name":"Home","item":"https:\/\/vozolvapen.de\/de\/"},{"@type":"ListItem","position":2,"name":"Shop","item":"https:\/\/vozolvapen.de\/shop\/"},{"@type":"ListItem","position":3,"name":"Elfbar Ice King 30000 &#8211; Banana Cake"}]},{"@type":"WebSite","@id":"https:\/\/vozolvapen.de\/#website","url":"https:\/\/vozolvapen.de\/","name":"vozolvapen","description":"vozolvapen","publisher":{"@id":"https:\/\/vozolvapen.de\/#organization"},"potentialAction":[{"@type":"SearchAction","target":{"@type":"EntryPoint","urlTemplate":"https:\/\/vozolvapen.de\/?s={search_term_string}"},"query-input":{"@type":"PropertyValueSpecification","valueRequired":true,"valueName":"search_term_string"}}],"inLanguage":"fr-FR"},{"@type":"Organization","@id":"https:\/\/vozolvapen.de\/#organization","name":"vozolvapen","url":"https:\/\/vozolvapen.de\/","logo":{"@type":"ImageObject","inLanguage":"fr-FR","@id":"https:\/\/vozolvapen.de\/#\/schema\/logo\/image\/","url":"https:\/\/vozolvapen.de\/wp-content\/uploads\/2025\/12\/cropped-vozovapen-logo.webp","contentUrl":"https:\/\/vozolvapen.de\/wp-content\/uploads\/2025\/12\/cropped-vozovapen-logo.webp","width":470,"height":110,"caption":"vozolvapen"},"image":{"@id":"https:\/\/vozolvapen.de\/#\/schema\/logo\/image\/"}}]}},"tiered_pricing_type":"fixed","tiered_pricing_fixed_rules":{"30":"15.78","50":"12.78","100":"11.78","200":"10.78"},"tiered_pricing_product_settings":{"layout":"default","base_unit_name":{"singular":null,"plural":null},"default_variation":null},"tiered_pricing_minimum_quantity":10,"tiered_pricing_roles_data":[],"tiered_pricing_percentage_rules":[],"tiered_pricing_maximum_quantity":null,"tiered_pricing_quantity_step":"10","_links":{"self":[{"href":"https:\/\/vozolvapen.de\/fr\/wp-json\/wp\/v2\/product\/37807","targetHints":{"allow":["GET"]}}],"collection":[{"href":"https:\/\/vozolvapen.de\/fr\/wp-json\/wp\/v2\/product"}],"about":[{"href":"https:\/\/vozolvapen.de\/fr\/wp-json\/wp\/v2\/types\/product"}],"replies":[{"embeddable":true,"href":"https:\/\/vozolvapen.de\/fr\/wp-json\/wp\/v2\/comments?post=37807"}],"wp:featuredmedia":[{"embeddable":true,"href":"https:\/\/vozolvapen.de\/fr\/wp-json\/wp\/v2\/media\/37977"}],"wp:attachment":[{"href":"https:\/\/vozolvapen.de\/fr\/wp-json\/wp\/v2\/media?parent=37807"}],"wp:term":[{"taxonomy":"product_brand","embeddable":true,"href":"https:\/\/vozolvapen.de\/fr\/wp-json\/wp\/v2\/product_brand?post=37807"},{"taxonomy":"product_cat","embeddable":true,"href":"https:\/\/vozolvapen.de\/fr\/wp-json\/wp\/v2\/product_cat?post=37807"},{"taxonomy":"product_tag","embeddable":true,"href":"https:\/\/vozolvapen.de\/fr\/wp-json\/wp\/v2\/product_tag?post=37807"}],"curies":[{"name":"wp","href":"https:\/\/api.w.org\/{rel}","templated":true}]}}