{"id":38283,"date":"2025-12-20T07:37:35","date_gmt":"2025-12-20T07:37:35","guid":{"rendered":"https:\/\/vozolvapen.de\/?post_type=product&#038;p=38283"},"modified":"2026-02-10T11:03:34","modified_gmt":"2026-02-10T11:03:34","slug":"elfbar-sweet-king-30000-pasteque-cerise","status":"publish","type":"product","link":"https:\/\/vozolvapen.de\/fr\/product\/elfbar-sweet-king-30000-watermelon-cherry\/","title":{"rendered":"ELFBAR Sweet King 30000 \u2013 Past\u00e8que-cerise"},"content":{"rendered":"<h1>ELFBAR Sweet King 30000 \u2013 Past\u00e8que-cerise<\/h1>\n<p data-path-to-node=\"17\"><b data-path-to-node=\"17\" data-index-in-node=\"0\">Une explosion luxuriante de fruits rouges<\/b> <b data-path-to-node=\"17\" data-index-in-node=\"31\">Past\u00e8que Cerise<\/b> r\u00e9unit deux des fruits rouges les plus populaires pour une exp\u00e9rience succulente qui met l'eau \u00e0 la bouche. La l\u00e9g\u00e8ret\u00e9 de la past\u00e8que emp\u00eache la cerise noire et intense de devenir trop lourde. Avec <b data-path-to-node=\"17\" data-index-in-node=\"239\">30 ml de liquide Elfbar<\/b>, ceci <b data-path-to-node=\"17\" data-index-in-node=\"267\">Elfbar 30k<\/b> Cet appareil vous offre des semaines de satisfaction juteuse, livr\u00e9e rapidement depuis notre <b data-path-to-node=\"17\" data-index-in-node=\"345\">entrep\u00f4t europ\u00e9en<\/b>.<\/p>\n<h2 data-path-to-node=\"15,2,0\"><b data-path-to-node=\"15,2,0\" data-index-in-node=\"0\">Verdict sur le go\u00fbt<\/b><\/h2>\n<ul>\n<li>\n<p data-path-to-node=\"29,2,0\">Juteux et complexe. Un candidat id\u00e9al pour <b data-path-to-node=\"29,2,0\" data-index-in-node=\"65\">Niveau de douceur 2<\/b> pour un fini semblable \u00e0 celui d'un bonbon.<\/p>\n<\/li>\n<li>\n<p data-path-to-node=\"29,3,0\"><b data-path-to-node=\"29,3,0\" data-index-in-node=\"0\">Note :<\/b> Douceur : \u2605\u2605\u2605\u2605\u2606 | Fra\u00eecheur : \u2605\u2605\u2606\u2606\u2606 | Ar\u00f4me : \u2605\u2605\u2605\u2605\u2606<\/p>\n<\/li>\n<\/ul>\n<h2 data-path-to-node=\"3\"><b data-path-to-node=\"3\" data-index-in-node=\"0\">Sp\u00e9cifications techniques : ELFBAR Sweet King 30000<\/b><\/h2>\n<table data-path-to-node=\"4\">\n<thead>\n<tr>\n<td><strong>Fonctionnalit\u00e9<\/strong><\/td>\n<td><strong>D\u00e9tails des sp\u00e9cifications<\/strong><\/td>\n<\/tr>\n<\/thead>\n<tbody>\n<tr>\n<td><span data-path-to-node=\"4,1,0,0\"><b data-path-to-node=\"4,1,0,0\" data-index-in-node=\"0\">Mod\u00e8le<\/b><\/span><\/td>\n<td><span data-path-to-node=\"4,1,1,0\"><b data-path-to-node=\"4,1,1,0\" data-index-in-node=\"0\">ELFBAR Sweet King 30000<\/b><\/span><\/td>\n<\/tr>\n<tr>\n<td><span data-path-to-node=\"4,2,0,0\"><b data-path-to-node=\"4,2,0,0\" data-index-in-node=\"0\">Nombre de Puff<\/b><\/span><\/td>\n<td><span data-path-to-node=\"4,2,1,0\">Jusqu'\u00e0 <b data-path-to-node=\"4,2,1,0\" data-index-in-node=\"6\">30,000 Puffs<\/b><\/span><\/td>\n<\/tr>\n<tr>\n<td><span data-path-to-node=\"4,3,0,0\"><b data-path-to-node=\"4,3,0,0\" data-index-in-node=\"0\">Capacit\u00e9 du e-liquide<\/b><\/span><\/td>\n<td><span data-path-to-node=\"4,3,1,0\"><b data-path-to-node=\"4,3,1,0\" data-index-in-node=\"0\">30 ml<\/b> Premium <b data-path-to-node=\"4,3,1,0\" data-index-in-node=\"13\">Liquide Elfbar<\/b><\/span><\/td>\n<\/tr>\n<tr>\n<td><span data-path-to-node=\"4,4,0,0\"><b data-path-to-node=\"4,4,0,0\" data-index-in-node=\"0\">Contr\u00f4le de la douceur<\/b><\/span><\/td>\n<td><span data-path-to-node=\"4,4,1,0\"><b data-path-to-node=\"4,4,1,0\" data-index-in-node=\"0\">Curseur personnalis\u00e9 \u00e0 4 niveaux<\/b> (Niveau 0 \u2013 3)<\/span><\/td>\n<\/tr>\n<tr>\n<td><span data-path-to-node=\"4,5,0,0\"><b data-path-to-node=\"4,5,0,0\" data-index-in-node=\"0\">Technologie des bobines<\/b><\/span><\/td>\n<td><span data-path-to-node=\"4,5,1,0\"><b data-path-to-node=\"4,5,1,0\" data-index-in-node=\"0\">Triple bobine maill\u00e9e<\/b> (Saveur et vapeur am\u00e9lior\u00e9es)<\/span><\/td>\n<\/tr>\n<tr>\n<td><span data-path-to-node=\"4,6,0,0\"><b data-path-to-node=\"4,6,0,0\" data-index-in-node=\"0\">Syst\u00e8me central<\/b><\/span><\/td>\n<td><span data-path-to-node=\"4,6,1,0\">Performances double c\u0153ur<\/span><\/td>\n<\/tr>\n<tr>\n<td><span data-path-to-node=\"4,7,0,0\"><b data-path-to-node=\"4,7,0,0\" data-index-in-node=\"0\">Capacit\u00e9 de la batterie<\/b><\/span><\/td>\n<td><span data-path-to-node=\"4,7,1,0\">850 mAh (rechargeable)<\/span><\/td>\n<\/tr>\n<tr>\n<td><span data-path-to-node=\"4,8,0,0\"><b data-path-to-node=\"4,8,0,0\" data-index-in-node=\"0\">Port de recharge<\/b><\/span><\/td>\n<td><span data-path-to-node=\"4,8,1,0\">Charge rapide Type-C<\/span><\/td>\n<\/tr>\n<tr>\n<td><span data-path-to-node=\"4,9,0,0\"><b data-path-to-node=\"4,9,0,0\" data-index-in-node=\"0\">Affichage<\/b><\/span><\/td>\n<td><span data-path-to-node=\"4,9,1,0\">Affichage intelligent de la puissance et du niveau de liquide<\/span><\/td>\n<\/tr>\n<tr>\n<td><span data-path-to-node=\"4,10,0,0\"><b data-path-to-node=\"4,10,0,0\" data-index-in-node=\"0\">Teneur en nicotine<\/b><\/span><\/td>\n<td><span data-path-to-node=\"4,10,1,0\">5% (50 mg\/mL) Sel de nicotine<\/span><\/td>\n<\/tr>\n<tr>\n<td><span data-path-to-node=\"4,11,0,0\"><b data-path-to-node=\"4,11,0,0\" data-index-in-node=\"0\">Exp\u00e9dition<\/b><\/span><\/td>\n<td><span data-path-to-node=\"4,11,1,0\"><b data-path-to-node=\"4,11,1,0\" data-index-in-node=\"0\">Entrep\u00f4t allemand<\/b> (Livraison sous 1 \u00e0 3 jours)<\/span><\/td>\n<\/tr>\n<\/tbody>\n<\/table>\n<h2 data-path-to-node=\"6\"><b data-path-to-node=\"6\" data-index-in-node=\"0\">Ma\u00eetriser le Sweet King : param\u00e8tres personnalis\u00e9s<\/b><\/h2>\n<p data-path-to-node=\"7\">Pour tirer le meilleur parti de votre <b data-path-to-node=\"7\" data-index-in-node=\"28\">Elfbar 30k<\/b>, nous vous recommandons d'essayer les commandes int\u00e9gr\u00e9es afin de trouver votre \u201c point id\u00e9al \u201d :<\/p>\n<ul data-path-to-node=\"8\">\n<li>\n<p data-path-to-node=\"8,0,0\"><b data-path-to-node=\"8,0,0\" data-index-in-node=\"0\">Pour le naturaliste (niveau 0 \u2013 1) :<\/b> Id\u00e9al pour les saveurs telles que <i data-path-to-node=\"8,0,0\" data-index-in-node=\"56\">Jasmin Framboise<\/i> ou <i data-path-to-node=\"8,0,0\" data-index-in-node=\"77\">Menthe \u00e0 aiguilles de pin<\/i>. Ce r\u00e9glage r\u00e9duit l'intensit\u00e9 du sucre, permettant ainsi aux d\u00e9licates notes florales et herbac\u00e9es de se d\u00e9marquer.<\/p>\n<\/li>\n<li>\n<p data-path-to-node=\"8,1,0\"><b data-path-to-node=\"8,1,0\" data-index-in-node=\"0\">Pour les amateurs de bonbons (niveau 2 \u2013 3) :<\/b> Id\u00e9al pour <i data-path-to-node=\"8,1,0\" data-index-in-node=\"45\">Glace au raisin<\/i> ou <i data-path-to-node=\"8,1,0\" data-index-in-node=\"58\">Pomme Past\u00e8que<\/i>. Cela imite le go\u00fbt riche et satur\u00e9 des bonbons g\u00e9lifi\u00e9s aux fruits ou des sodas glac\u00e9s.<\/p>\n<\/li>\n<li>\n<p data-path-to-node=\"8,2,0\"><b data-path-to-node=\"8,2,0\" data-index-in-node=\"0\">D\u00e9bit d'air et puissance :<\/b> Ouvrez le d\u00e9bit d'air pour obtenir des nuages plus volumineux et une bouff\u00e9e plus fra\u00eeche, ou restreignez-le pour une lib\u00e9ration de nicotine plus intense et plus concentr\u00e9e.<\/p>\n<\/li>\n<\/ul>\n<h3 data-path-to-node=\"32\"><b data-path-to-node=\"32\" data-index-in-node=\"0\">Pourquoi acheter l'ELFBAR Sweet King 30000 chez nous ?<\/b><\/h3>\n<ul data-path-to-node=\"33\">\n<li>\n<p data-path-to-node=\"33,0,0\"><b data-path-to-node=\"33,0,0\" data-index-in-node=\"0\">Authenticit\u00e9 :<\/b> 100% Authentique <b data-path-to-node=\"33,0,0\" data-index-in-node=\"27\">Pod Elfbar<\/b> produits avec codes de s\u00e9curit\u00e9.<\/p>\n<\/li>\n<li>\n<p data-path-to-node=\"33,1,0\"><b data-path-to-node=\"33,1,0\" data-index-in-node=\"0\">Entrep\u00f4t en Allemagne :<\/b> Exp\u00e9dition rapide et fiable via <b data-path-to-node=\"33,1,0\" data-index-in-node=\"54\">elfbar germany<\/b> r\u00e9seau.<\/p>\n<\/li>\n<li>\n<p data-path-to-node=\"33,2,0\"><b data-path-to-node=\"33,2,0\" data-index-in-node=\"0\">\u00c9conomies consid\u00e9rables :<\/b> 30 000 bouff\u00e9es signifient qu'un appareil dure plus longtemps que 15 appareils jetables standard.<\/p>\n<\/li>\n<\/ul>\n<h3 data-path-to-node=\"34\"><b data-path-to-node=\"34\" data-index-in-node=\"0\">FAQ :<\/b><\/h3>\n<ul data-path-to-node=\"35\">\n<li>\n<p data-path-to-node=\"35,0,0\"><b data-path-to-node=\"35,0,0\" data-index-in-node=\"0\">Q : Qu'est-ce que le niveau de sucrosit\u00e9 0 ?<\/b><\/p>\n<ul data-path-to-node=\"35,0,1\">\n<li>\n<p data-path-to-node=\"35,0,1,0,0\">R : Il s'agit du mode \u201c Naturel \u201d, qui vous permet de d\u00e9guster l'essence pure du fruit sans l'intensit\u00e9 du sucre ajout\u00e9.<\/p>\n<\/li>\n<\/ul>\n<\/li>\n<li>\n<p data-path-to-node=\"35,1,0\"><b data-path-to-node=\"35,1,0\" data-index-in-node=\"0\">Q : Quel est le d\u00e9lai de livraison vers l'Allemagne ?<\/b><\/p>\n<ul data-path-to-node=\"35,1,1\">\n<li>\n<p data-path-to-node=\"35,1,1,0,0\">R : Nous proposons une livraison sous 1 \u00e0 3 jours depuis notre entrep\u00f4t europ\u00e9en local.<\/p>\n<\/li>\n<\/ul>\n<\/li>\n<li>\n<p data-path-to-node=\"35,2,0\"><b data-path-to-node=\"35,2,0\" data-index-in-node=\"0\">Q : Le niveau de nicotine est-il r\u00e9glable ?<\/b><\/p>\n<ul data-path-to-node=\"35,2,1\">\n<li>\n<p data-path-to-node=\"35,2,1,0,0\">A : L'appareil est livr\u00e9 avec un 5% (50 mg) haut de gamme. <b data-path-to-node=\"35,2,1,0,0\" data-index-in-node=\"45\">liquide elfbar<\/b> pour une sensation constante en gorge.<\/p>\n<\/li>\n<\/ul>\n<\/li>\n<\/ul>\n<h3 dir=\"auto\">Voici d'autres recommandations pour vous :<\/h3>\n<p dir=\"auto\">D\u00e9couvrez encore plus de saveurs incroyables avec la cigarette \u00e9lectronique ELFBAR Sweet King 30000 bouff\u00e9es !<\/p>\n<p dir=\"auto\"><a href=\"https:\/\/vozolvapen.de\/fr\/product-category\/elfbar-vapoteuse\/elfbar-sweet-king-30000-vapoteuse\/\">Voir toutes les vari\u00e9t\u00e9s ici \u2192<\/a><\/p>\n<p dir=\"auto\">D\u00e9couvrez notre collection compl\u00e8te et achetez les meilleures marques de cigarettes \u00e9lectroniques que vous allez adorer.<\/p>\n<p dir=\"auto\"><a href=\"https:\/\/vozolvapen.de\/fr\/\">Parcourir toutes les marques maintenant \u2192<\/a><\/p>\n<p dir=\"auto\">D\u00e9couvrez la gamme compl\u00e8te Bang Vape : toutes les saveurs, tous les styles !<\/p>\n<p dir=\"auto\"><a href=\"https:\/\/vozolvapen.de\/fr\/product-category\/elfbar-vapoteuse\/\">D\u00e9couvrez toute la collection Elfbar Vape \u2192<\/a><\/p>","protected":false},"excerpt":{"rendered":"<p><b data-path-to-node=\"3,7,0\" data-index-in-node=\"0\">Cerise past\u00e8que :<\/b> Une explosion de fruits rouges succulents. \u00c9quilibre la l\u00e9g\u00e8ret\u00e9 de la past\u00e8que avec l'acidit\u00e9 de la cerise noire pour 30 000 bouff\u00e9es d'une saveur succulente qui met l'eau \u00e0 la bouche.<\/p>","protected":false},"featured_media":38310,"comment_status":"open","ping_status":"closed","template":"","meta":{"_acf_changed":false},"product_brand":[],"product_cat":[88,134],"product_tag":[],"class_list":{"0":"post-38283","1":"product","2":"type-product","3":"status-publish","4":"has-post-thumbnail","6":"product_cat-elfbar-sweet-king-30000-vape","7":"product_cat-eu-warehouse-in-stock","9":"first","10":"instock","11":"shipping-taxable","12":"purchasable","13":"product-type-variable"},"acf":[],"yoast_head":"<!-- This site is optimized with the Yoast SEO Premium plugin v26.1 (Yoast SEO v27.5) - https:\/\/yoast.com\/product\/yoast-seo-premium-wordpress\/ -->\n<title>Watermelon Cherry - ELFBAR Sweet King 30000 | Elfbar Pod - vozolvapen<\/title>\n<meta name=\"description\" content=\"Lush Watermelon Cherry ELFBAR Sweet King 30000. 30,000 puffs with personalized power &amp; sweetness settings. Local EU warehouse, fast delivery.\" \/>\n<meta name=\"robots\" content=\"index, follow, max-snippet:-1, max-image-preview:large, max-video-preview:-1\" \/>\n<link rel=\"canonical\" href=\"https:\/\/vozolvapen.de\/fr\/product\/elfbar-sweet-king-30000-pasteque-cerise\/\" \/>\n<meta property=\"og:locale\" content=\"fr_FR\" \/>\n<meta property=\"og:type\" content=\"article\" \/>\n<meta property=\"og:title\" content=\"ELFBAR Sweet King 30000 - Watermelon Cherry\" \/>\n<meta property=\"og:description\" content=\"Lush Watermelon Cherry ELFBAR Sweet King 30000. 30,000 puffs with personalized power &amp; sweetness settings. Local EU warehouse, fast delivery.\" \/>\n<meta property=\"og:url\" content=\"https:\/\/vozolvapen.de\/fr\/product\/elfbar-sweet-king-30000-pasteque-cerise\/\" \/>\n<meta property=\"og:site_name\" content=\"vozolvapen\" \/>\n<meta property=\"article:modified_time\" content=\"2026-02-10T11:03:34+00:00\" \/>\n<meta property=\"og:image\" content=\"https:\/\/vozolvapen.de\/wp-content\/uploads\/2025\/12\/ELFBAR-Sweet-King-30000-Watermelon-Ice-3.webp\" \/>\n\t<meta property=\"og:image:width\" content=\"1080\" \/>\n\t<meta property=\"og:image:height\" content=\"1080\" \/>\n\t<meta property=\"og:image:type\" content=\"image\/webp\" \/>\n<meta name=\"twitter:card\" content=\"summary_large_image\" \/>\n<meta name=\"twitter:label1\" content=\"Dur\u00e9e de lecture estim\u00e9e\" \/>\n\t<meta name=\"twitter:data1\" content=\"3 minutes\" \/>\n<script type=\"application\/ld+json\" class=\"yoast-schema-graph\">{\"@context\":\"https:\\\/\\\/schema.org\",\"@graph\":[{\"@type\":\"WebPage\",\"@id\":\"https:\\\/\\\/vozolvapen.de\\\/product\\\/elfbar-sweet-king-30000-watermelon-cherry\\\/\",\"url\":\"https:\\\/\\\/vozolvapen.de\\\/product\\\/elfbar-sweet-king-30000-watermelon-cherry\\\/\",\"name\":\"Watermelon Cherry - ELFBAR Sweet King 30000 | Elfbar Pod - vozolvapen\",\"isPartOf\":{\"@id\":\"https:\\\/\\\/vozolvapen.de\\\/#website\"},\"primaryImageOfPage\":{\"@id\":\"https:\\\/\\\/vozolvapen.de\\\/product\\\/elfbar-sweet-king-30000-watermelon-cherry\\\/#primaryimage\"},\"image\":{\"@id\":\"https:\\\/\\\/vozolvapen.de\\\/product\\\/elfbar-sweet-king-30000-watermelon-cherry\\\/#primaryimage\"},\"thumbnailUrl\":\"https:\\\/\\\/vozolvapen.de\\\/wp-content\\\/uploads\\\/2025\\\/12\\\/ELFBAR-Sweet-King-30000-Watermelon-Ice-3.webp\",\"datePublished\":\"2025-12-20T07:37:35+00:00\",\"dateModified\":\"2026-02-10T11:03:34+00:00\",\"description\":\"Lush Watermelon Cherry ELFBAR Sweet King 30000. 30,000 puffs with personalized power & sweetness settings. Local EU warehouse, fast delivery.\",\"breadcrumb\":{\"@id\":\"https:\\\/\\\/vozolvapen.de\\\/product\\\/elfbar-sweet-king-30000-watermelon-cherry\\\/#breadcrumb\"},\"inLanguage\":\"fr-FR\",\"potentialAction\":[{\"@type\":\"ReadAction\",\"target\":[\"https:\\\/\\\/vozolvapen.de\\\/product\\\/elfbar-sweet-king-30000-watermelon-cherry\\\/\"]}]},{\"@type\":\"ImageObject\",\"inLanguage\":\"fr-FR\",\"@id\":\"https:\\\/\\\/vozolvapen.de\\\/product\\\/elfbar-sweet-king-30000-watermelon-cherry\\\/#primaryimage\",\"url\":\"https:\\\/\\\/vozolvapen.de\\\/wp-content\\\/uploads\\\/2025\\\/12\\\/ELFBAR-Sweet-King-30000-Watermelon-Ice-3.webp\",\"contentUrl\":\"https:\\\/\\\/vozolvapen.de\\\/wp-content\\\/uploads\\\/2025\\\/12\\\/ELFBAR-Sweet-King-30000-Watermelon-Ice-3.webp\",\"width\":1080,\"height\":1080,\"caption\":\"Elfbar Sweet King 30000 Watermelon Ice 3 Disposable Vape Device\"},{\"@type\":\"BreadcrumbList\",\"@id\":\"https:\\\/\\\/vozolvapen.de\\\/product\\\/elfbar-sweet-king-30000-watermelon-cherry\\\/#breadcrumb\",\"itemListElement\":[{\"@type\":\"ListItem\",\"position\":1,\"name\":\"Home\",\"item\":\"https:\\\/\\\/vozolvapen.de\\\/de\\\/\"},{\"@type\":\"ListItem\",\"position\":2,\"name\":\"Shop\",\"item\":\"https:\\\/\\\/vozolvapen.de\\\/shop\\\/\"},{\"@type\":\"ListItem\",\"position\":3,\"name\":\"ELFBAR Sweet King 30000 &#8211; Watermelon Cherry\"}]},{\"@type\":\"WebSite\",\"@id\":\"https:\\\/\\\/vozolvapen.de\\\/#website\",\"url\":\"https:\\\/\\\/vozolvapen.de\\\/\",\"name\":\"vozolvapen\",\"description\":\"vozolvapen\",\"publisher\":{\"@id\":\"https:\\\/\\\/vozolvapen.de\\\/#organization\"},\"potentialAction\":[{\"@type\":\"SearchAction\",\"target\":{\"@type\":\"EntryPoint\",\"urlTemplate\":\"https:\\\/\\\/vozolvapen.de\\\/?s={search_term_string}\"},\"query-input\":{\"@type\":\"PropertyValueSpecification\",\"valueRequired\":true,\"valueName\":\"search_term_string\"}}],\"inLanguage\":\"fr-FR\"},{\"@type\":\"Organization\",\"@id\":\"https:\\\/\\\/vozolvapen.de\\\/#organization\",\"name\":\"vozolvapen\",\"url\":\"https:\\\/\\\/vozolvapen.de\\\/\",\"logo\":{\"@type\":\"ImageObject\",\"inLanguage\":\"fr-FR\",\"@id\":\"https:\\\/\\\/vozolvapen.de\\\/#\\\/schema\\\/logo\\\/image\\\/\",\"url\":\"https:\\\/\\\/vozolvapen.de\\\/wp-content\\\/uploads\\\/2025\\\/12\\\/cropped-vozovapen-logo.webp\",\"contentUrl\":\"https:\\\/\\\/vozolvapen.de\\\/wp-content\\\/uploads\\\/2025\\\/12\\\/cropped-vozovapen-logo.webp\",\"width\":470,\"height\":110,\"caption\":\"vozolvapen\"},\"image\":{\"@id\":\"https:\\\/\\\/vozolvapen.de\\\/#\\\/schema\\\/logo\\\/image\\\/\"}}]}<\/script>\n<!-- \/ Yoast SEO Premium plugin. -->","yoast_head_json":{"title":"Past\u00e8que Cerise - ELFBAR Sweet King 30000 | Pod Elfbar - vozolvapen","description":"Lush Watermelon Cherry ELFBAR Sweet King 30000. 30 000 bouff\u00e9es avec r\u00e9glages personnalis\u00e9s de puissance et de douceur. Entrep\u00f4t local dans l'UE, livraison rapide.","robots":{"index":"index","follow":"follow","max-snippet":"max-snippet:-1","max-image-preview":"max-image-preview:large","max-video-preview":"max-video-preview:-1"},"canonical":"https:\/\/vozolvapen.de\/fr\/product\/elfbar-sweet-king-30000-pasteque-cerise\/","og_locale":"fr_FR","og_type":"article","og_title":"ELFBAR Sweet King 30000 - Watermelon Cherry","og_description":"Lush Watermelon Cherry ELFBAR Sweet King 30000. 30,000 puffs with personalized power & sweetness settings. Local EU warehouse, fast delivery.","og_url":"https:\/\/vozolvapen.de\/fr\/product\/elfbar-sweet-king-30000-pasteque-cerise\/","og_site_name":"vozolvapen","article_modified_time":"2026-02-10T11:03:34+00:00","og_image":[{"width":1080,"height":1080,"url":"https:\/\/vozolvapen.de\/wp-content\/uploads\/2025\/12\/ELFBAR-Sweet-King-30000-Watermelon-Ice-3.webp","type":"image\/webp"}],"twitter_card":"summary_large_image","twitter_misc":{"Dur\u00e9e de lecture estim\u00e9e":"3 minutes"},"schema":{"@context":"https:\/\/schema.org","@graph":[{"@type":"WebPage","@id":"https:\/\/vozolvapen.de\/product\/elfbar-sweet-king-30000-watermelon-cherry\/","url":"https:\/\/vozolvapen.de\/product\/elfbar-sweet-king-30000-watermelon-cherry\/","name":"Past\u00e8que Cerise - ELFBAR Sweet King 30000 | Pod Elfbar - vozolvapen","isPartOf":{"@id":"https:\/\/vozolvapen.de\/#website"},"primaryImageOfPage":{"@id":"https:\/\/vozolvapen.de\/product\/elfbar-sweet-king-30000-watermelon-cherry\/#primaryimage"},"image":{"@id":"https:\/\/vozolvapen.de\/product\/elfbar-sweet-king-30000-watermelon-cherry\/#primaryimage"},"thumbnailUrl":"https:\/\/vozolvapen.de\/wp-content\/uploads\/2025\/12\/ELFBAR-Sweet-King-30000-Watermelon-Ice-3.webp","datePublished":"2025-12-20T07:37:35+00:00","dateModified":"2026-02-10T11:03:34+00:00","description":"Lush Watermelon Cherry ELFBAR Sweet King 30000. 30 000 bouff\u00e9es avec r\u00e9glages personnalis\u00e9s de puissance et de douceur. Entrep\u00f4t local dans l'UE, livraison rapide.","breadcrumb":{"@id":"https:\/\/vozolvapen.de\/product\/elfbar-sweet-king-30000-watermelon-cherry\/#breadcrumb"},"inLanguage":"fr-FR","potentialAction":[{"@type":"ReadAction","target":["https:\/\/vozolvapen.de\/product\/elfbar-sweet-king-30000-watermelon-cherry\/"]}]},{"@type":"ImageObject","inLanguage":"fr-FR","@id":"https:\/\/vozolvapen.de\/product\/elfbar-sweet-king-30000-watermelon-cherry\/#primaryimage","url":"https:\/\/vozolvapen.de\/wp-content\/uploads\/2025\/12\/ELFBAR-Sweet-King-30000-Watermelon-Ice-3.webp","contentUrl":"https:\/\/vozolvapen.de\/wp-content\/uploads\/2025\/12\/ELFBAR-Sweet-King-30000-Watermelon-Ice-3.webp","width":1080,"height":1080,"caption":"Elfbar Sweet King 30000 Watermelon Ice 3 Disposable Vape Device"},{"@type":"BreadcrumbList","@id":"https:\/\/vozolvapen.de\/product\/elfbar-sweet-king-30000-watermelon-cherry\/#breadcrumb","itemListElement":[{"@type":"ListItem","position":1,"name":"Home","item":"https:\/\/vozolvapen.de\/de\/"},{"@type":"ListItem","position":2,"name":"Shop","item":"https:\/\/vozolvapen.de\/shop\/"},{"@type":"ListItem","position":3,"name":"ELFBAR Sweet King 30000 &#8211; Watermelon Cherry"}]},{"@type":"WebSite","@id":"https:\/\/vozolvapen.de\/#website","url":"https:\/\/vozolvapen.de\/","name":"vozolvapen","description":"vozolvapen","publisher":{"@id":"https:\/\/vozolvapen.de\/#organization"},"potentialAction":[{"@type":"SearchAction","target":{"@type":"EntryPoint","urlTemplate":"https:\/\/vozolvapen.de\/?s={search_term_string}"},"query-input":{"@type":"PropertyValueSpecification","valueRequired":true,"valueName":"search_term_string"}}],"inLanguage":"fr-FR"},{"@type":"Organization","@id":"https:\/\/vozolvapen.de\/#organization","name":"vozolvapen","url":"https:\/\/vozolvapen.de\/","logo":{"@type":"ImageObject","inLanguage":"fr-FR","@id":"https:\/\/vozolvapen.de\/#\/schema\/logo\/image\/","url":"https:\/\/vozolvapen.de\/wp-content\/uploads\/2025\/12\/cropped-vozovapen-logo.webp","contentUrl":"https:\/\/vozolvapen.de\/wp-content\/uploads\/2025\/12\/cropped-vozovapen-logo.webp","width":470,"height":110,"caption":"vozolvapen"},"image":{"@id":"https:\/\/vozolvapen.de\/#\/schema\/logo\/image\/"}}]}},"tiered_pricing_type":"fixed","tiered_pricing_fixed_rules":{"30":"14.78","50":"12.28","100":"11.78","200":"10.78"},"tiered_pricing_product_settings":{"layout":"default","base_unit_name":{"singular":null,"plural":null},"default_variation":{}},"tiered_pricing_minimum_quantity":10,"tiered_pricing_roles_data":[],"tiered_pricing_percentage_rules":[],"tiered_pricing_maximum_quantity":null,"tiered_pricing_quantity_step":"5","_links":{"self":[{"href":"https:\/\/vozolvapen.de\/fr\/wp-json\/wp\/v2\/product\/38283","targetHints":{"allow":["GET"]}}],"collection":[{"href":"https:\/\/vozolvapen.de\/fr\/wp-json\/wp\/v2\/product"}],"about":[{"href":"https:\/\/vozolvapen.de\/fr\/wp-json\/wp\/v2\/types\/product"}],"replies":[{"embeddable":true,"href":"https:\/\/vozolvapen.de\/fr\/wp-json\/wp\/v2\/comments?post=38283"}],"wp:featuredmedia":[{"embeddable":true,"href":"https:\/\/vozolvapen.de\/fr\/wp-json\/wp\/v2\/media\/38310"}],"wp:attachment":[{"href":"https:\/\/vozolvapen.de\/fr\/wp-json\/wp\/v2\/media?parent=38283"}],"wp:term":[{"taxonomy":"product_brand","embeddable":true,"href":"https:\/\/vozolvapen.de\/fr\/wp-json\/wp\/v2\/product_brand?post=38283"},{"taxonomy":"product_cat","embeddable":true,"href":"https:\/\/vozolvapen.de\/fr\/wp-json\/wp\/v2\/product_cat?post=38283"},{"taxonomy":"product_tag","embeddable":true,"href":"https:\/\/vozolvapen.de\/fr\/wp-json\/wp\/v2\/product_tag?post=38283"}],"curies":[{"name":"wp","href":"https:\/\/api.w.org\/{rel}","templated":true}]}}