{"id":40075,"date":"2025-12-22T09:29:17","date_gmt":"2025-12-22T09:29:17","guid":{"rendered":"https:\/\/vozolvapen.de\/?post_type=product&#038;p=40075"},"modified":"2026-02-10T11:02:18","modified_gmt":"2026-02-10T11:02:18","slug":"al-fakher-15000-ice-adjust-gum-mint","status":"publish","type":"product","link":"https:\/\/vozolvapen.de\/fr\/product\/al-fakher-15000-ice-adjust-gum-mint\/","title":{"rendered":"Al Fakher 15000 Ice Adjust \u2013 Menthe \u00e0 m\u00e2cher"},"content":{"rendered":"<h1 data-path-to-node=\"2\">Al Fakher 15000 Ice Adjust \u2013 Menthe \u00e0 m\u00e2cher<\/h1>\n<p data-path-to-node=\"3\">Classique, cool et nostalgique. <b data-path-to-node=\"3\" data-index-in-node=\"30\"><span class=\"citation-25\">Gomme \u00e0 la menthe<\/span><\/b><span class=\"citation-25 citation-end-25\"> est le fondement de la culture du narguil\u00e9, m\u00e9langeant une base de gomme \u00e0 la menthe verte sucr\u00e9e avec une finale herbac\u00e9e et rafra\u00eechissante.<\/span> Il d\u00e9livre une vapeur pure et rafra\u00eechissante qui procure exactement la m\u00eame sensation qu'un paquet de chewing-gums frais.<\/p>\n<h2 data-path-to-node=\"4\"><b data-path-to-node=\"4\" data-index-in-node=\"0\">\u00c9valuation des saveurs \u2013 Gum Mint<\/b><\/h2>\n<ul data-path-to-node=\"5\">\n<li>\n<p data-path-to-node=\"5,0,0\"><b data-path-to-node=\"5,0,0\" data-index-in-node=\"0\">Douceur :<\/b> \u2605\u2605\u2605\u2606\u2606<\/p>\n<\/li>\n<li>\n<p data-path-to-node=\"5,1,0\"><b data-path-to-node=\"5,1,0\" data-index-in-node=\"0\">Niveau de glace :<\/b> \u2605\u2605\u2605\u2606\u2606 (r\u00e9glable)<\/p>\n<\/li>\n<li>\n<p data-path-to-node=\"5,2,0\"><b data-path-to-node=\"5,2,0\" data-index-in-node=\"0\">Ar\u00f4me :<\/b> \u2605\u2605\u2605\u2605\u2605<\/p>\n<\/li>\n<li>\n<p data-path-to-node=\"5,3,0\"><b data-path-to-node=\"5,3,0\" data-index-in-node=\"0\">Verdict sur le go\u00fbt :<\/b> Une reproduction parfaite du classique shisha \u00e0 la menthe verte. Le <b data-path-to-node=\"5,3,0\" data-index-in-node=\"75\">R\u00e9sistance double mesh de 0,65 ohm<\/b> garantit que les notes menthol\u00e9es et herbac\u00e9es restent vives de la premi\u00e8re Puff \u00e0 la 15 000e.<\/p>\n<\/li>\n<\/ul>\n<h2 data-path-to-node=\"6\"><b data-path-to-node=\"6\" data-index-in-node=\"0\">\u00c0 qui s'adresse ce produit ?<\/b><\/h2>\n<ul data-path-to-node=\"7\">\n<li>\n<p data-path-to-node=\"7,0,0\"><b data-path-to-node=\"7,0,0\" data-index-in-node=\"0\">Le vapoteur quotidien :<\/b> Parfait pour ceux qui recherchent une saveur pure qui dure toute la journ\u00e9e sans saturer le palais.<\/p>\n<\/li>\n<li>\n<p data-path-to-node=\"7,1,0\"><b data-path-to-node=\"7,1,0\" data-index-in-node=\"0\">Le traditionaliste de la chicha :<\/b> Un incontournable pour les amateurs du m\u00e9lange original de gomme et de menthe Al Fakher.<\/p>\n<\/li>\n<li>\n<p data-path-to-node=\"7,2,0\"><b data-path-to-node=\"7,2,0\" data-index-in-node=\"0\">Le ventilateur pour une haleine fra\u00eeche :<\/b> Id\u00e9al pour les vapoteurs qui privil\u00e9gient une expiration nette et fra\u00eeche.<\/p>\n<\/li>\n<\/ul>\n<h3 data-path-to-node=\"95\">Sp\u00e9cifications \u2013 AL Fakher 15000 Ice Adjust<\/h3>\n<ul>\n<li data-path-to-node=\"96,0,0\"><b data-path-to-node=\"96,0,0\" data-index-in-node=\"0\">Capacit\u00e9 :<\/b> E-liquide pr\u00e9rempli de 22 ml<\/li>\n<li data-path-to-node=\"96,1,0\"><b data-path-to-node=\"96,1,0\" data-index-in-node=\"0\">Puffs :<\/b> Jusqu'\u00e0 15 000<\/li>\n<li data-path-to-node=\"96,2,0\"><b data-path-to-node=\"96,2,0\" data-index-in-node=\"0\">Batterie :<\/b> 850 mAh (rechargeable de type C)<\/li>\n<li data-path-to-node=\"96,3,0\"><b data-path-to-node=\"96,3,0\" data-index-in-node=\"0\">Affichage :<\/b> \u00c9cran num\u00e9rique intelligent (indicateurs de niveau de liquide et de batterie)<\/li>\n<li data-path-to-node=\"96,4,0\"><b data-path-to-node=\"96,4,0\" data-index-in-node=\"0\">Caract\u00e9ristiques :<\/b> <b data-path-to-node=\"96,4,0\" data-index-in-node=\"10\">Curseur de r\u00e9glage de la glace<\/b> &amp; Bouton de r\u00e9glage du son<\/li>\n<li data-path-to-node=\"96,5,0\"><b data-path-to-node=\"96,5,0\" data-index-in-node=\"0\">Bobine :<\/b> 0,65 ohm Double maille (optimis\u00e9 DTL)<\/li>\n<li data-path-to-node=\"96,6,0\"><b data-path-to-node=\"96,6,0\" data-index-in-node=\"0\">Nicotine :<\/b> 0,51 TP3T (5 mg\/mL) Faible teneur en nicotine, style chicha<\/li>\n<li data-path-to-node=\"96,7,0\"><b data-path-to-node=\"96,7,0\" data-index-in-node=\"0\">Exp\u00e9dition :<\/b> Entrep\u00f4t europ\u00e9en (1 \u00e0 3 jours)<\/li>\n<\/ul>\n<h3 data-path-to-node=\"97\">\u00c0 qui s'adresse l'Al Fakher 15000 Ice Adjust ?<\/h3>\n<ul>\n<li data-path-to-node=\"98,0,0\"><b data-path-to-node=\"98,0,0\" data-index-in-node=\"0\">Le maniaque du contr\u00f4le :<\/b> Si vous souhaitez d\u00e9terminer pr\u00e9cis\u00e9ment la temp\u00e9rature de votre vapoteuse \u00e0 chaque bouff\u00e9e, le <b data-path-to-node=\"98,0,0\" data-index-in-node=\"91\">R\u00e9glage de la glace<\/b> Cette fonctionnalit\u00e9 est votre nouvelle meilleure amie.<\/li>\n<li data-path-to-node=\"98,1,0\"><b data-path-to-node=\"98,1,0\" data-index-in-node=\"0\">L'artiste des nuages :<\/b> Ceux qui appr\u00e9cient les nuages \u00e9pais et aromatiques du vapotage DTL (Direct-to-Lung) avec une nicotine douce \u00e0 0,51 TP3T.<\/li>\n<li data-path-to-node=\"98,2,0\"><b data-path-to-node=\"98,2,0\" data-index-in-node=\"0\">L'expert en efficacit\u00e9 :<\/b> Les vapoteurs qui veulent un nombre impressionnant de 15 000 bouff\u00e9es qui reste constant gr\u00e2ce \u00e0 la double r\u00e9sistance mesh.<\/li>\n<\/ul>\n<h3 data-path-to-node=\"147\"><b data-path-to-node=\"147\" data-index-in-node=\"0\">Voici d'autres recommandations pour vous :<\/b><\/h3>\n<p data-path-to-node=\"148\">D\u00e9couvrez encore plus de saveurs incroyables avec l'Al Fakher 15000 Ice Adjust.<b data-path-to-node=\"148\" data-index-in-node=\"47\">\u00a0Puffs Vape<\/b>!<\/p>\n<p data-path-to-node=\"149\"><a class=\"ng-star-inserted\" href=\"https:\/\/vozolvapen.de\/fr\/product-category\/al-fakher\/al-fakher-15-000-bouffees-ice-adjust\/\" target=\"_blank\" rel=\"noopener\" data-hveid=\"0\" data-ved=\"0CAAQ_4QMahgKEwirptGFztCRAxUAAAAAHQAAAAAQqgI\">Voir toutes les vari\u00e9t\u00e9s ici \u2192<\/a><\/p>\n<p data-path-to-node=\"150\">D\u00e9couvrez notre collection compl\u00e8te et achetez les meilleures marques de cigarettes \u00e9lectroniques que vous allez adorer.<\/p>\n<p data-path-to-node=\"151\"><a class=\"ng-star-inserted\" href=\"https:\/\/vozolvapen.de\/fr\/\" target=\"_blank\" rel=\"noopener\" data-hveid=\"0\" data-ved=\"0CAAQ_4QMahgKEwirptGFztCRAxUAAAAAHQAAAAAQqwI\">Parcourir toutes les marques maintenant \u2192<\/a><\/p>\n<p data-path-to-node=\"152\">Consultez la liste compl\u00e8te\u00a0<strong>S\u00e9rie AL Fakher<\/strong>\u00a0\u2014 toutes les saveurs, tous les styles !<\/p>\n<p data-path-to-node=\"153\"><a class=\"ng-star-inserted\" href=\"https:\/\/vozolvapen.de\/fr\/product-category\/al-fakher\/\" target=\"_blank\" rel=\"noopener\" data-hveid=\"0\" data-ved=\"0CAAQ_4QMahgKEwirptGFztCRAxUAAAAAHQAAAAAQrAI\">D\u00e9couvrez toute la collection Bang Vape \u2192<\/a><\/p>\n<h2 data-path-to-node=\"106\">Foire aux questions (FAQ) \u2013 Al Fakher 15000 Ice Adjust<\/h2>\n<h3 data-path-to-node=\"107\"><b data-path-to-node=\"107\" data-index-in-node=\"0\">1. Combien de temps vais-je pouvoir utiliser l'Al Fakher 15k ?<\/b><\/h3>\n<p data-path-to-node=\"107\"><span class=\"citation-23\">Le <\/span><b data-path-to-node=\"107\" data-index-in-node=\"57\"><span class=\"citation-23\">Al Fakher 15 000<\/span><\/b><span class=\"citation-23 citation-end-23\"> est con\u00e7u pour une long\u00e9vit\u00e9 extr\u00eame.<\/span> Avec <b data-path-to-node=\"107\" data-index-in-node=\"110\">22 ml<\/b> de liquide, la plupart des utilisateurs quotidiens obtiendront <b data-path-to-node=\"107\" data-index-in-node=\"152\">3 \u00e0 4 semaines<\/b> de vapeur de haute qualit\u00e9. L'\u00e9cran intelligent vous indiquera exactement quand le niveau de e-liquide est bas.<\/p>\n<h3 data-path-to-node=\"108\"><b data-path-to-node=\"108\" data-index-in-node=\"0\">2. Comment fonctionne la fonction \u201c Ice Adjust \u201d ?<\/b><\/h3>\n<p data-path-to-node=\"108\">L'appareil est \u00e9quip\u00e9 d'un curseur m\u00e9canique. En le d\u00e9pla\u00e7ant, vous contr\u00f4lez le d\u00e9bit d'air et l'intensit\u00e9 de l'agent r\u00e9frig\u00e9rant. <b data-path-to-node=\"108\" data-index-in-node=\"165\">R\u00e9glage 0<\/b> apporte une saveur pure et chaleureuse ; <b data-path-to-node=\"108\" data-index-in-node=\"203\">R\u00e9glage 5<\/b> procure un froid intense, arctique.<\/p>\n<h3 data-path-to-node=\"109\"><b data-path-to-node=\"109\" data-index-in-node=\"0\">3. Ce produit est-il authentique ?<\/b><\/h3>\n<p data-path-to-node=\"109\">Oui. Nous ne fournissons que des produits authentiques 100%. <b data-path-to-node=\"109\" data-index-in-node=\"63\">Al Fakher Vape<\/b> produits directement aupr\u00e8s du fabricant officiel. Chaque appareil comprend un code de s\u00e9curit\u00e9 v\u00e9rifiable.<\/p>\n<h3 data-path-to-node=\"110\"><b data-path-to-node=\"110\" data-index-in-node=\"0\">4. Quelle est la rapidit\u00e9 de la livraison vers l'Europe ?<\/b><\/h3>\n<p data-path-to-node=\"110\">Nous exp\u00e9dions depuis notre <b data-path-to-node=\"110\" data-index-in-node=\"56\">entrep\u00f4t europ\u00e9en<\/b>.<\/p>\n<ul data-path-to-node=\"111\">\n<li>\n<p data-path-to-node=\"111,0,0\"><b data-path-to-node=\"111,0,0\" data-index-in-node=\"0\">Allemagne :<\/b> 1 \u00e0 2 jours ouvrables.<\/p>\n<\/li>\n<li>\n<p data-path-to-node=\"111,1,0\"><b data-path-to-node=\"111,1,0\" data-index-in-node=\"0\">Reste de l'UE :<\/b> 2 \u00e0 3 jours ouvrables. Pas de frais de douane ni de retards.<\/p>\n<\/li>\n<\/ul>\n<h3 data-path-to-node=\"112\"><b data-path-to-node=\"112\" data-index-in-node=\"0\">5. Pourquoi seulement 0,51 TP3T de nicotine ?<\/b><\/h3>\n<p data-path-to-node=\"112\"><span class=\"citation-22\">Le <\/span><b data-path-to-node=\"112\" data-index-in-node=\"37\"><span class=\"citation-22\">Al Fakher 15 000<\/span><\/b><span class=\"citation-22\"> est con\u00e7u pour <\/span><b data-path-to-node=\"112\" data-index-in-node=\"69\"><span class=\"citation-22\">Vapotage de type chicha<\/span><\/b><span class=\"citation-22 citation-end-22\">.<\/span> Une teneur en nicotine plus faible (5 mg\/ml) permet d'obtenir des nuages beaucoup plus volumineux et plus doux, ainsi qu'une meilleure exp\u00e9rience gustative, sans l'effet irritant dans la gorge des sels \u00e0 forte teneur en nicotine.<\/p>","protected":false},"excerpt":{"rendered":"<p>La shisha classique aux herbes authentique. Personnalisez votre fra\u00eecheur menthol\u00e9e gr\u00e2ce au premier curseur Ice Adjust au monde et surveillez les 22 ml de jus sur l'\u00e9cran num\u00e9rique.<\/p>","protected":false},"featured_media":41250,"comment_status":"open","ping_status":"closed","template":"","meta":{"_acf_changed":false},"product_brand":[],"product_cat":[93,134],"product_tag":[],"class_list":{"0":"post-40075","1":"product","2":"type-product","3":"status-publish","4":"has-post-thumbnail","6":"product_cat-al-fakher-15000-puffs-ice-adjust","7":"product_cat-eu-warehouse-in-stock","9":"first","10":"instock","11":"shipping-taxable","12":"purchasable","13":"product-type-variable"},"acf":[],"yoast_head":"<!-- This site is optimized with the Yoast SEO Premium plugin v26.1 (Yoast SEO v27.5) - https:\/\/yoast.com\/product\/yoast-seo-premium-wordpress\/ -->\n<title>Gum Mint - AL Fakher 15000 Ice Adjust - vozolvapen<\/title>\n<meta name=\"description\" content=\"Shop Gum Mint AL Fakher 15000 Ice Adjust. 0.5% nicotine, 15k puffs &amp; Ice Adjust feature. Fast 1-3 day EU shipping from local warehouse.\" \/>\n<meta name=\"robots\" content=\"index, follow, max-snippet:-1, max-image-preview:large, max-video-preview:-1\" \/>\n<link rel=\"canonical\" href=\"https:\/\/vozolvapen.de\/fr\/product\/al-fakher-15000-ice-adjust-gum-mint\/\" \/>\n<meta property=\"og:locale\" content=\"fr_FR\" \/>\n<meta property=\"og:type\" content=\"article\" \/>\n<meta property=\"og:title\" content=\"Al Fakher 15000 Ice Adjust - Gum Mint\" \/>\n<meta property=\"og:description\" content=\"Shop Gum Mint AL Fakher 15000 Ice Adjust. 0.5% nicotine, 15k puffs &amp; Ice Adjust feature. Fast 1-3 day EU shipping from local warehouse.\" \/>\n<meta property=\"og:url\" content=\"https:\/\/vozolvapen.de\/fr\/product\/al-fakher-15000-ice-adjust-gum-mint\/\" \/>\n<meta property=\"og:site_name\" content=\"vozolvapen\" \/>\n<meta property=\"article:modified_time\" content=\"2026-02-10T11:02:18+00:00\" \/>\n<meta property=\"og:image\" content=\"https:\/\/vozolvapen.de\/wp-content\/uploads\/2025\/12\/Al-Fakher-15000-Ice-Adjust-GUM-MINT.webp\" \/>\n\t<meta property=\"og:image:width\" content=\"760\" \/>\n\t<meta property=\"og:image:height\" content=\"1200\" \/>\n\t<meta property=\"og:image:type\" content=\"image\/webp\" \/>\n<meta name=\"twitter:card\" content=\"summary_large_image\" \/>\n<meta name=\"twitter:label1\" content=\"Dur\u00e9e de lecture estim\u00e9e\" \/>\n\t<meta name=\"twitter:data1\" content=\"3 minutes\" \/>\n<script type=\"application\/ld+json\" class=\"yoast-schema-graph\">{\"@context\":\"https:\\\/\\\/schema.org\",\"@graph\":[{\"@type\":\"WebPage\",\"@id\":\"https:\\\/\\\/vozolvapen.de\\\/product\\\/al-fakher-15000-ice-adjust-gum-mint\\\/\",\"url\":\"https:\\\/\\\/vozolvapen.de\\\/product\\\/al-fakher-15000-ice-adjust-gum-mint\\\/\",\"name\":\"Gum Mint - AL Fakher 15000 Ice Adjust - vozolvapen\",\"isPartOf\":{\"@id\":\"https:\\\/\\\/vozolvapen.de\\\/#website\"},\"primaryImageOfPage\":{\"@id\":\"https:\\\/\\\/vozolvapen.de\\\/product\\\/al-fakher-15000-ice-adjust-gum-mint\\\/#primaryimage\"},\"image\":{\"@id\":\"https:\\\/\\\/vozolvapen.de\\\/product\\\/al-fakher-15000-ice-adjust-gum-mint\\\/#primaryimage\"},\"thumbnailUrl\":\"https:\\\/\\\/vozolvapen.de\\\/wp-content\\\/uploads\\\/2025\\\/12\\\/Al-Fakher-15000-Ice-Adjust-GUM-MINT.webp\",\"datePublished\":\"2025-12-22T09:29:17+00:00\",\"dateModified\":\"2026-02-10T11:02:18+00:00\",\"description\":\"Shop Gum Mint AL Fakher 15000 Ice Adjust. 0.5% nicotine, 15k puffs & Ice Adjust feature. Fast 1-3 day EU shipping from local warehouse.\",\"breadcrumb\":{\"@id\":\"https:\\\/\\\/vozolvapen.de\\\/product\\\/al-fakher-15000-ice-adjust-gum-mint\\\/#breadcrumb\"},\"inLanguage\":\"fr-FR\",\"potentialAction\":[{\"@type\":\"ReadAction\",\"target\":[\"https:\\\/\\\/vozolvapen.de\\\/product\\\/al-fakher-15000-ice-adjust-gum-mint\\\/\"]}]},{\"@type\":\"ImageObject\",\"inLanguage\":\"fr-FR\",\"@id\":\"https:\\\/\\\/vozolvapen.de\\\/product\\\/al-fakher-15000-ice-adjust-gum-mint\\\/#primaryimage\",\"url\":\"https:\\\/\\\/vozolvapen.de\\\/wp-content\\\/uploads\\\/2025\\\/12\\\/Al-Fakher-15000-Ice-Adjust-GUM-MINT.webp\",\"contentUrl\":\"https:\\\/\\\/vozolvapen.de\\\/wp-content\\\/uploads\\\/2025\\\/12\\\/Al-Fakher-15000-Ice-Adjust-GUM-MINT.webp\",\"width\":760,\"height\":1200,\"caption\":\"Al Fakher 15000 Ice Adjust Gum Mint Disposable Vape Device\"},{\"@type\":\"BreadcrumbList\",\"@id\":\"https:\\\/\\\/vozolvapen.de\\\/product\\\/al-fakher-15000-ice-adjust-gum-mint\\\/#breadcrumb\",\"itemListElement\":[{\"@type\":\"ListItem\",\"position\":1,\"name\":\"Home\",\"item\":\"https:\\\/\\\/vozolvapen.de\\\/de\\\/\"},{\"@type\":\"ListItem\",\"position\":2,\"name\":\"Shop\",\"item\":\"https:\\\/\\\/vozolvapen.de\\\/shop\\\/\"},{\"@type\":\"ListItem\",\"position\":3,\"name\":\"Al Fakher 15000 Ice Adjust &#8211; Gum Mint\"}]},{\"@type\":\"WebSite\",\"@id\":\"https:\\\/\\\/vozolvapen.de\\\/#website\",\"url\":\"https:\\\/\\\/vozolvapen.de\\\/\",\"name\":\"vozolvapen\",\"description\":\"vozolvapen\",\"publisher\":{\"@id\":\"https:\\\/\\\/vozolvapen.de\\\/#organization\"},\"potentialAction\":[{\"@type\":\"SearchAction\",\"target\":{\"@type\":\"EntryPoint\",\"urlTemplate\":\"https:\\\/\\\/vozolvapen.de\\\/?s={search_term_string}\"},\"query-input\":{\"@type\":\"PropertyValueSpecification\",\"valueRequired\":true,\"valueName\":\"search_term_string\"}}],\"inLanguage\":\"fr-FR\"},{\"@type\":\"Organization\",\"@id\":\"https:\\\/\\\/vozolvapen.de\\\/#organization\",\"name\":\"vozolvapen\",\"url\":\"https:\\\/\\\/vozolvapen.de\\\/\",\"logo\":{\"@type\":\"ImageObject\",\"inLanguage\":\"fr-FR\",\"@id\":\"https:\\\/\\\/vozolvapen.de\\\/#\\\/schema\\\/logo\\\/image\\\/\",\"url\":\"https:\\\/\\\/vozolvapen.de\\\/wp-content\\\/uploads\\\/2025\\\/12\\\/cropped-vozovapen-logo.webp\",\"contentUrl\":\"https:\\\/\\\/vozolvapen.de\\\/wp-content\\\/uploads\\\/2025\\\/12\\\/cropped-vozovapen-logo.webp\",\"width\":470,\"height\":110,\"caption\":\"vozolvapen\"},\"image\":{\"@id\":\"https:\\\/\\\/vozolvapen.de\\\/#\\\/schema\\\/logo\\\/image\\\/\"}}]}<\/script>\n<!-- \/ Yoast SEO Premium plugin. -->","yoast_head_json":{"title":"Gomme \u00e0 la menthe - AL Fakher 15000 Ice Adjust - vozolvapen","description":"Achetez Gum Mint AL Fakher 15000 Ice Adjust. 0,51 TP3T de nicotine, 15k puffs et fonction Ice Adjust. Livraison rapide en 1 \u00e0 3 jours dans l'UE depuis notre entrep\u00f4t local.","robots":{"index":"index","follow":"follow","max-snippet":"max-snippet:-1","max-image-preview":"max-image-preview:large","max-video-preview":"max-video-preview:-1"},"canonical":"https:\/\/vozolvapen.de\/fr\/product\/al-fakher-15000-ice-adjust-gum-mint\/","og_locale":"fr_FR","og_type":"article","og_title":"Al Fakher 15000 Ice Adjust - Gum Mint","og_description":"Shop Gum Mint AL Fakher 15000 Ice Adjust. 0.5% nicotine, 15k puffs & Ice Adjust feature. Fast 1-3 day EU shipping from local warehouse.","og_url":"https:\/\/vozolvapen.de\/fr\/product\/al-fakher-15000-ice-adjust-gum-mint\/","og_site_name":"vozolvapen","article_modified_time":"2026-02-10T11:02:18+00:00","og_image":[{"width":760,"height":1200,"url":"https:\/\/vozolvapen.de\/wp-content\/uploads\/2025\/12\/Al-Fakher-15000-Ice-Adjust-GUM-MINT.webp","type":"image\/webp"}],"twitter_card":"summary_large_image","twitter_misc":{"Dur\u00e9e de lecture estim\u00e9e":"3 minutes"},"schema":{"@context":"https:\/\/schema.org","@graph":[{"@type":"WebPage","@id":"https:\/\/vozolvapen.de\/product\/al-fakher-15000-ice-adjust-gum-mint\/","url":"https:\/\/vozolvapen.de\/product\/al-fakher-15000-ice-adjust-gum-mint\/","name":"Gomme \u00e0 la menthe - AL Fakher 15000 Ice Adjust - vozolvapen","isPartOf":{"@id":"https:\/\/vozolvapen.de\/#website"},"primaryImageOfPage":{"@id":"https:\/\/vozolvapen.de\/product\/al-fakher-15000-ice-adjust-gum-mint\/#primaryimage"},"image":{"@id":"https:\/\/vozolvapen.de\/product\/al-fakher-15000-ice-adjust-gum-mint\/#primaryimage"},"thumbnailUrl":"https:\/\/vozolvapen.de\/wp-content\/uploads\/2025\/12\/Al-Fakher-15000-Ice-Adjust-GUM-MINT.webp","datePublished":"2025-12-22T09:29:17+00:00","dateModified":"2026-02-10T11:02:18+00:00","description":"Achetez Gum Mint AL Fakher 15000 Ice Adjust. 0,51 TP3T de nicotine, 15k puffs et fonction Ice Adjust. Livraison rapide en 1 \u00e0 3 jours dans l'UE depuis notre entrep\u00f4t local.","breadcrumb":{"@id":"https:\/\/vozolvapen.de\/product\/al-fakher-15000-ice-adjust-gum-mint\/#breadcrumb"},"inLanguage":"fr-FR","potentialAction":[{"@type":"ReadAction","target":["https:\/\/vozolvapen.de\/product\/al-fakher-15000-ice-adjust-gum-mint\/"]}]},{"@type":"ImageObject","inLanguage":"fr-FR","@id":"https:\/\/vozolvapen.de\/product\/al-fakher-15000-ice-adjust-gum-mint\/#primaryimage","url":"https:\/\/vozolvapen.de\/wp-content\/uploads\/2025\/12\/Al-Fakher-15000-Ice-Adjust-GUM-MINT.webp","contentUrl":"https:\/\/vozolvapen.de\/wp-content\/uploads\/2025\/12\/Al-Fakher-15000-Ice-Adjust-GUM-MINT.webp","width":760,"height":1200,"caption":"Al Fakher 15000 Ice Adjust Gum Mint Disposable Vape Device"},{"@type":"BreadcrumbList","@id":"https:\/\/vozolvapen.de\/product\/al-fakher-15000-ice-adjust-gum-mint\/#breadcrumb","itemListElement":[{"@type":"ListItem","position":1,"name":"Home","item":"https:\/\/vozolvapen.de\/de\/"},{"@type":"ListItem","position":2,"name":"Shop","item":"https:\/\/vozolvapen.de\/shop\/"},{"@type":"ListItem","position":3,"name":"Al Fakher 15000 Ice Adjust &#8211; Gum Mint"}]},{"@type":"WebSite","@id":"https:\/\/vozolvapen.de\/#website","url":"https:\/\/vozolvapen.de\/","name":"vozolvapen","description":"vozolvapen","publisher":{"@id":"https:\/\/vozolvapen.de\/#organization"},"potentialAction":[{"@type":"SearchAction","target":{"@type":"EntryPoint","urlTemplate":"https:\/\/vozolvapen.de\/?s={search_term_string}"},"query-input":{"@type":"PropertyValueSpecification","valueRequired":true,"valueName":"search_term_string"}}],"inLanguage":"fr-FR"},{"@type":"Organization","@id":"https:\/\/vozolvapen.de\/#organization","name":"vozolvapen","url":"https:\/\/vozolvapen.de\/","logo":{"@type":"ImageObject","inLanguage":"fr-FR","@id":"https:\/\/vozolvapen.de\/#\/schema\/logo\/image\/","url":"https:\/\/vozolvapen.de\/wp-content\/uploads\/2025\/12\/cropped-vozovapen-logo.webp","contentUrl":"https:\/\/vozolvapen.de\/wp-content\/uploads\/2025\/12\/cropped-vozovapen-logo.webp","width":470,"height":110,"caption":"vozolvapen"},"image":{"@id":"https:\/\/vozolvapen.de\/#\/schema\/logo\/image\/"}}]}},"tiered_pricing_type":"fixed","tiered_pricing_fixed_rules":{"30":"13.5","50":"11","100":"10.5","200":"9.5"},"tiered_pricing_product_settings":{"layout":"default","base_unit_name":{"singular":null,"plural":null},"default_variation":{}},"tiered_pricing_minimum_quantity":10,"tiered_pricing_roles_data":[],"tiered_pricing_percentage_rules":[],"tiered_pricing_maximum_quantity":null,"tiered_pricing_quantity_step":"10","_links":{"self":[{"href":"https:\/\/vozolvapen.de\/fr\/wp-json\/wp\/v2\/product\/40075","targetHints":{"allow":["GET"]}}],"collection":[{"href":"https:\/\/vozolvapen.de\/fr\/wp-json\/wp\/v2\/product"}],"about":[{"href":"https:\/\/vozolvapen.de\/fr\/wp-json\/wp\/v2\/types\/product"}],"replies":[{"embeddable":true,"href":"https:\/\/vozolvapen.de\/fr\/wp-json\/wp\/v2\/comments?post=40075"}],"wp:featuredmedia":[{"embeddable":true,"href":"https:\/\/vozolvapen.de\/fr\/wp-json\/wp\/v2\/media\/41250"}],"wp:attachment":[{"href":"https:\/\/vozolvapen.de\/fr\/wp-json\/wp\/v2\/media?parent=40075"}],"wp:term":[{"taxonomy":"product_brand","embeddable":true,"href":"https:\/\/vozolvapen.de\/fr\/wp-json\/wp\/v2\/product_brand?post=40075"},{"taxonomy":"product_cat","embeddable":true,"href":"https:\/\/vozolvapen.de\/fr\/wp-json\/wp\/v2\/product_cat?post=40075"},{"taxonomy":"product_tag","embeddable":true,"href":"https:\/\/vozolvapen.de\/fr\/wp-json\/wp\/v2\/product_tag?post=40075"}],"curies":[{"name":"wp","href":"https:\/\/api.w.org\/{rel}","templated":true}]}}