{"id":42859,"date":"2025-12-23T06:41:47","date_gmt":"2025-12-23T06:41:47","guid":{"rendered":"https:\/\/vozolvapen.de\/?post_type=product&#038;p=42859"},"modified":"2026-05-04T13:42:12","modified_gmt":"2026-05-04T13:42:12","slug":"jnr-mega-box-25000-citron-vert","status":"publish","type":"product","link":"https:\/\/vozolvapen.de\/fr\/product\/jnr-mega-box-25000-lemon-lime\/","title":{"rendered":"JNR Mega Box 25000 \u2013 CITRON ET CITRON VERT"},"content":{"rendered":"<h1 data-path-to-node=\"7\"><b data-path-to-node=\"7\" data-index-in-node=\"0\">JNR Mega Box 25000 \u2013 Saveur citron et citron vert<\/b><\/h1>\n<p data-path-to-node=\"8\">Citron et citron vert : le duo d'agrumes le plus rafra\u00eechissant qui soit. <b data-path-to-node=\"8\" data-index-in-node=\"54\">m\u00e9ga bo\u00eete junior 25k<\/b> Gamme ! Cette saveur combine le zeste vif et \u00e9lectrisant des citrons frais avec l'acidit\u00e9 \u00e9clatante du citron vert. C'est une exp\u00e9rience rafra\u00eechissante qui nettoie le palais, parfaite pour ceux qui appr\u00e9cient l'\u00e9quilibre entre l'acidit\u00e9 et la douceur.<\/p>\n<h2 data-path-to-node=\"9\"><b data-path-to-node=\"9\" data-index-in-node=\"0\">Pourquoi choisir JNR Mega Box 25000 Citron &amp; Citron vert ?<\/b><\/h2>\n<ul data-path-to-node=\"10\">\n<li>\n<p data-path-to-node=\"10,0,0\"><b data-path-to-node=\"10,0,0\" data-index-in-node=\"0\">Pr\u00e9cision des agrumes :<\/b> La r\u00e9sistance Mesh Coil 1,0 \u03a9 restitue les huiles essentielles des agrumes pour un go\u00fbt vif et r\u00e9aliste.<\/p>\n<\/li>\n<li>\n<p data-path-to-node=\"10,1,0\"><b data-path-to-node=\"10,1,0\" data-index-in-node=\"0\">Exp\u00e9dition rapide dans l'UE :<\/b> Exp\u00e9di\u00e9 depuis notre <b data-path-to-node=\"10,1,0\" data-index-in-node=\"35\">entrep\u00f4t europ\u00e9en<\/b>, livr\u00e9 \u00e0 votre porte en seulement 1 \u00e0 3 jours.<\/p>\n<\/li>\n<li>\n<p data-path-to-node=\"10,2,0\"><b data-path-to-node=\"10,2,0\" data-index-in-node=\"0\">Satisfaction intense :<\/b> Le syst\u00e8me double c\u0153ur garantit que les notes d'agrumes restent vives et ne deviennent jamais am\u00e8res.<\/p>\n<\/li>\n<\/ul>\n<h2>Caract\u00e9ristiques techniques principales du JNR MEGA BOX 25000 en bref<\/h2>\n<table data-path-to-node=\"78\">\n<thead>\n<tr>\n<td><strong>Param\u00e8tre<\/strong><\/td>\n<td><strong>D\u00e9tail<\/strong><\/td>\n<td><strong>Mettre en \u00e9vidence<\/strong><\/td>\n<\/tr>\n<\/thead>\n<tbody>\n<tr>\n<td><span data-path-to-node=\"78,1,0,0\"><b data-path-to-node=\"78,1,0,0\" data-index-in-node=\"0\">Nom du mod\u00e8le<\/b><\/span><\/td>\n<td><span data-path-to-node=\"78,1,1,0\"><b data-path-to-node=\"78,1,1,0\" data-index-in-node=\"0\">JNR Mega Box 25000<\/b><\/span><\/td>\n<td><span data-path-to-node=\"78,1,2,0\">Leader du march\u00e9 <b data-path-to-node=\"78,1,2,0\" data-index-in-node=\"15\">JNR 25k<\/b> S\u00e9rie<\/span><\/td>\n<\/tr>\n<tr>\n<td><span data-path-to-node=\"78,2,0,0\"><b data-path-to-node=\"78,2,0,0\" data-index-in-node=\"0\">Max Puffs<\/b><\/span><\/td>\n<td><span data-path-to-node=\"78,2,1,0\">Jusqu'\u00e0 25000 Puffs<\/span><\/td>\n<td><span data-path-to-node=\"78,2,2,0\">Des exp\u00e9riences sans limites<\/span><\/td>\n<\/tr>\n<tr>\n<td><span data-path-to-node=\"78,3,0,0\"><b data-path-to-node=\"78,3,0,0\" data-index-in-node=\"0\">E-liquide<\/b><\/span><\/td>\n<td><span data-path-to-node=\"78,3,1,0\"><b data-path-to-node=\"78,3,1,0\" data-index-in-node=\"0\">30 ml<\/b> Liquide pr\u00e9rempli<\/span><\/td>\n<td><span data-path-to-node=\"78,3,2,0\">Capacit\u00e9 industrielle maximale<\/span><\/td>\n<\/tr>\n<tr>\n<td><span data-path-to-node=\"78,4,0,0\"><b data-path-to-node=\"78,4,0,0\" data-index-in-node=\"0\">Nicotine<\/b><\/span><\/td>\n<td><span data-path-to-node=\"78,4,1,0\">2% \/ 5% Teneurs en nicotine<\/span><\/td>\n<td><span data-path-to-node=\"78,4,2,0\">Frappe douce et satisfaisante<\/span><\/td>\n<\/tr>\n<tr>\n<td><span data-path-to-node=\"78,5,0,0\"><b data-path-to-node=\"78,5,0,0\" data-index-in-node=\"0\">Syst\u00e8me \u00e0 bobines<\/b><\/span><\/td>\n<td><span data-path-to-node=\"78,5,1,0\"><b data-path-to-node=\"78,5,1,0\" data-index-in-node=\"0\">Double maillage et double c\u0153ur<\/b><\/span><\/td>\n<td><span data-path-to-node=\"78,5,2,0\">Un go\u00fbt pur jusqu'\u00e0 la derni\u00e8re gorg\u00e9e<\/span><\/td>\n<\/tr>\n<tr>\n<td><span data-path-to-node=\"78,6,0,0\"><b data-path-to-node=\"78,6,0,0\" data-index-in-node=\"0\">Recharge<\/b><\/span><\/td>\n<td><span data-path-to-node=\"78,6,1,0\"><b data-path-to-node=\"78,6,1,0\" data-index-in-node=\"0\">Type-C et \u00e9clairage<\/b><\/span><\/td>\n<td><span data-path-to-node=\"78,6,2,0\">Charge rapide double port<\/span><\/td>\n<\/tr>\n<tr>\n<td><span data-path-to-node=\"78,7,0,0\"><b data-path-to-node=\"78,7,0,0\" data-index-in-node=\"0\">Exp\u00e9dition<\/b><\/span><\/td>\n<td><span data-path-to-node=\"78,7,1,0\"><b data-path-to-node=\"78,7,1,0\" data-index-in-node=\"0\">Entrep\u00f4t europ\u00e9en<\/b><\/span><\/td>\n<td><span data-path-to-node=\"78,7,2,0\">Livraison rapide en 1 \u00e0 3 jours<\/span><\/td>\n<\/tr>\n<\/tbody>\n<\/table>\n<h3 data-path-to-node=\"54\">Voici d'autres recommandations pour vous :<\/h3>\n<p dir=\"auto\">D\u00e9couvrez encore plus de saveurs incroyables avec la JNR Mega Box 25000 Puff Vape !<\/p>\n<p dir=\"auto\"><a href=\"https:\/\/vozolvapen.de\/fr\/product-category\/vape-junior\/mega-box-junior-25-000-bouffees\/28000-puffs\/\">Voir toutes les vari\u00e9t\u00e9s ici \u2192<\/a><\/p>\n<p dir=\"auto\">D\u00e9couvrez notre collection compl\u00e8te et achetez les meilleures marques de cigarettes \u00e9lectroniques que vous allez adorer.<\/p>\n<p dir=\"auto\"><a href=\"https:\/\/vozolvapen.de\/fr\/\">Parcourir toutes les marques maintenant \u2192<\/a><\/p>\n<p dir=\"auto\">D\u00e9couvrez la gamme compl\u00e8te JNR Vape : toutes les saveurs, tous les styles !<\/p>\n<p dir=\"auto\"><a href=\"https:\/\/vozolvapen.de\/fr\/product-category\/vape-junior\/\">D\u00e9couvrez toute la collection JNR Vape \u2192<\/a><\/p>\n<h3 data-path-to-node=\"2\"><b data-path-to-node=\"2\" data-index-in-node=\"0\">Foire aux questions (FAQ) \u2013 JNR Mega Box 25000<\/b><\/h3>\n<h4 data-path-to-node=\"3\"><b data-path-to-node=\"3\" data-index-in-node=\"0\">1. Comment recharger la JNR Mega Box 25000 ?<\/b><\/h4>\n<p data-path-to-node=\"4\">Le <b data-path-to-node=\"4\" data-index-in-node=\"4\">JNR Mega Box 25k<\/b> pr\u00e9sente une caract\u00e9ristique unique <b data-path-to-node=\"4\" data-index-in-node=\"39\">Syst\u00e8me de charge \u00e0 double port<\/b>. Vous pouvez utiliser un <b data-path-to-node=\"4\" data-index-in-node=\"89\">Type C<\/b> c\u00e2ble ou un <b data-path-to-node=\"4\" data-index-in-node=\"108\">\u00c9clairage Apple<\/b> c\u00e2ble. Ainsi, quel que soit le smartphone que vous utilisez, vous pouvez toujours recharger rapidement votre appareil. <b data-path-to-node=\"4\" data-index-in-node=\"224\">Batterie de 850 mAh<\/b>.<\/p>\n<h4 data-path-to-node=\"5\"><b data-path-to-node=\"5\" data-index-in-node=\"0\">2. Combien de temps dureront r\u00e9ellement 25k puffs ?<\/b><\/h4>\n<p data-path-to-node=\"6\">Avec un \u00e9norme <b data-path-to-node=\"6\" data-index-in-node=\"15\">Capacit\u00e9 de 30 ml d'e-liquide<\/b>, le <b data-path-to-node=\"6\" data-index-in-node=\"43\">JNR Mega Box 25000<\/b> est con\u00e7u pour une long\u00e9vit\u00e9 extr\u00eame.<\/p>\n<ul data-path-to-node=\"7\">\n<li>\n<p data-path-to-node=\"7,0,0\"><b data-path-to-node=\"7,0,0\" data-index-in-node=\"0\">Utilisateurs intensifs :<\/b> 3 \u00e0 5 semaines.<\/p>\n<\/li>\n<li>\n<p data-path-to-node=\"7,1,0\"><b data-path-to-node=\"7,1,0\" data-index-in-node=\"0\">Utilisateurs mod\u00e9r\u00e9s :<\/b> 6 \u00e0 8 semaines. Il offre une v\u00e9ritable <b data-path-to-node=\"7,1,0\" data-index-in-node=\"50\">exp\u00e9rience illimit\u00e9e<\/b> par rapport aux appareils standard \u00e0 5000 bouff\u00e9es.<\/p>\n<\/li>\n<\/ul>\n<h4 data-path-to-node=\"8\"><b data-path-to-node=\"8\" data-index-in-node=\"0\">3. Qu'est-ce que la technologie \u201c Dual Core &amp; Dual Mesh \u201d ?<\/b><\/h4>\n<p data-path-to-node=\"9\">Contrairement aux vapoteuses standard qui utilisent une seule r\u00e9sistance, la <b data-path-to-node=\"9\" data-index-in-node=\"50\">JNR Mega Box<\/b> utilise un <b data-path-to-node=\"9\" data-index-in-node=\"74\">Double c\u0153ur<\/b> syst\u00e8me avec <b data-path-to-node=\"9\" data-index-in-node=\"96\">Bobines \u00e0 double maillage<\/b>. Cette technologie alterne le processus de chauffage entre deux serpentins, emp\u00eachant ainsi le coton de br\u00fbler et garantissant que le <b data-path-to-node=\"9\" data-index-in-node=\"236\">\u201c Go\u00fbt pur \u201d<\/b> reste constant de la premi\u00e8re bouff\u00e9e \u00e0 la 25 000e.<\/p>\n<h4 data-path-to-node=\"10\"><b data-path-to-node=\"10\" data-index-in-node=\"0\">4. La JNR Mega Box 25000 est-elle authentique ?<\/b><\/h4>\n<p data-path-to-node=\"11\">Oui. Nous fournissons uniquement <b data-path-to-node=\"11\" data-index-in-node=\"20\">100% authentique JNR Vape<\/b> produits provenant directement du fabricant. Chaque pack de 10 et chaque appareil individuel est accompagn\u00e9 d'un code de s\u00e9curit\u00e9 \u00e0 gratter qui peut \u00eatre v\u00e9rifi\u00e9 sur le site officiel de JNR afin de garantir son authenticit\u00e9.<\/p>\n<h4 data-path-to-node=\"12\"><b data-path-to-node=\"12\" data-index-in-node=\"0\">5. Quel est le d\u00e9lai de livraison vers mon pays en Europe ?<\/b><\/h4>\n<p data-path-to-node=\"13\">Nous exp\u00e9dions toutes les commandes directement depuis notre <b data-path-to-node=\"13\" data-index-in-node=\"37\">Entrep\u00f4t europ\u00e9en<\/b>.<\/p>\n<ul data-path-to-node=\"14\">\n<li>\n<p data-path-to-node=\"14,0,0\"><b data-path-to-node=\"14,0,0\" data-index-in-node=\"0\">Allemagne et Pays-Bas :<\/b> 1 \u00e0 2 jours ouvrables.<\/p>\n<\/li>\n<li>\n<p data-path-to-node=\"14,1,0\"><b data-path-to-node=\"14,1,0\" data-index-in-node=\"0\">France, Italie, Espagne et reste de l'UE :<\/b> 2 \u00e0 3 jours ouvrables.<\/p>\n<\/li>\n<li>\n<p data-path-to-node=\"14,2,0\"><b data-path-to-node=\"14,2,0\" data-index-in-node=\"0\">Douanes :<\/b> Comme nous exp\u00e9dions au sein de l'UE, il y a <b data-path-to-node=\"14,2,0\" data-index-in-node=\"48\">aucun droit de douane<\/b> ou taxes \u00e0 l'importation pour les r\u00e9sidents de l'UE.<\/p>\n<\/li>\n<\/ul>\n<h4 data-path-to-node=\"15\"><b data-path-to-node=\"15\" data-index-in-node=\"0\">6. Le JNR Mega Box 25k dispose-t-il d'un d\u00e9bit d'air r\u00e9glable ?<\/b><\/h4>\n<p data-path-to-node=\"16\">Le <b data-path-to-node=\"16\" data-index-in-node=\"4\">JNR Mega Box 25000<\/b> est optimis\u00e9 pour offrir des performances \u00e9lev\u00e9es <b data-path-to-node=\"16\" data-index-in-node=\"60\">Poumon direct restreint (RDL)<\/b> exp\u00e9rience. Son flux d'air est con\u00e7u pour maximiser l'intensit\u00e9 aromatique du <b data-path-to-node=\"16\" data-index-in-node=\"165\">R\u00e9servoir de 30 ml<\/b>, offrant des nuages \u00e9pais et satisfaisants \u00e0 chaque bouff\u00e9e.<\/p>\n<h4 data-path-to-node=\"17\"><b data-path-to-node=\"17\" data-index-in-node=\"0\">7. Quelles sont les concentrations de nicotine disponibles ?<\/b><\/h4>\n<p data-path-to-node=\"18\">Le <b data-path-to-node=\"18\" data-index-in-node=\"4\">JNR 25k<\/b> La s\u00e9rie est disponible en deux formats. <b data-path-to-node=\"18\" data-index-in-node=\"40\">2% (20 mg)<\/b> et <b data-path-to-node=\"18\" data-index-in-node=\"54\">5% (50 mg)<\/b> les niveaux de sel de nicotine, vous permettant ainsi de choisir le hit en gorge qui correspond le mieux \u00e0 vos pr\u00e9f\u00e9rences.<\/p>\n<h4 data-path-to-node=\"19\"><b data-path-to-node=\"19\" data-index-in-node=\"0\">8. Pourquoi choisir la JNR Mega Box plut\u00f4t que la JNR Falcon 16000 ?<\/b><\/h4>\n<p data-path-to-node=\"20\">Bien que les deux soient excellents, le <b data-path-to-node=\"20\" data-index-in-node=\"30\">Mega Box 25000<\/b> est le roi de la \u201c haute capacit\u00e9 \u201d. Il offre <b data-path-to-node=\"20\" data-index-in-node=\"84\">presque deux fois plus de e-liquide (30 ml contre 22 ml)<\/b> et <b data-path-to-node=\"20\" data-index-in-node=\"130\">9 000 bouff\u00e9es suppl\u00e9mentaires<\/b> que le Falcon 16000, ce qui en fait le meilleur rapport qualit\u00e9-prix pour les vapoteurs \u00e0 long terme.<\/p>\n<hr data-path-to-node=\"21\" \/>\n<h3 data-path-to-node=\"22\"><b data-path-to-node=\"22\" data-index-in-node=\"0\">Informations sur la vente en gros pour JNR Mega Box 25k<\/b><\/h3>\n<ul data-path-to-node=\"23\">\n<li>\n<p data-path-to-node=\"23,0,0\"><b data-path-to-node=\"23,0,0\" data-index-in-node=\"0\">Emballage :<\/b> Vendu en bo\u00eetes de <b data-path-to-node=\"23,0,0\" data-index-in-node=\"26\">10 vapoteuses<\/b>.<\/p>\n<\/li>\n<li>\n<p data-path-to-node=\"23,1,0\"><b data-path-to-node=\"23,1,0\" data-index-in-node=\"0\">Poids :<\/b> 157 g par unit\u00e9 (construction solide et de haute qualit\u00e9).<\/p>\n<\/li>\n<li>\n<p data-path-to-node=\"23,2,0\"><b data-path-to-node=\"23,2,0\" data-index-in-node=\"0\">Demandes group\u00e9es :<\/b> Pour les commandes sup\u00e9rieures \u00e0 500 unit\u00e9s, veuillez contacter notre service de vente en gros pour obtenir des tarifs d\u00e9gressifs.<\/p>\n<\/li>\n<\/ul>","protected":false},"excerpt":{"rendered":"<p>Une fra\u00eecheur acidul\u00e9e et citronn\u00e9e. Un \u00e9quilibre parfait entre le citron acidul\u00e9 et le citron vert piquant pour 25 000 bouff\u00e9es.<\/p>","protected":false},"featured_media":43634,"comment_status":"open","ping_status":"closed","template":"","meta":{"_acf_changed":false},"product_brand":[],"product_cat":[94],"product_tag":[],"class_list":{"0":"post-42859","1":"product","2":"type-product","3":"status-publish","4":"has-post-thumbnail","6":"product_cat-jnr-mega-box-25000-puff-vape","8":"first","9":"instock","10":"shipping-taxable","11":"purchasable","12":"product-type-variable"},"acf":[],"yoast_head":"<!-- This site is optimized with the Yoast SEO Premium plugin v26.1 (Yoast SEO v27.5) - https:\/\/yoast.com\/product\/yoast-seo-premium-wordpress\/ -->\n<title>Lemon &amp; Lime - JNR Mega Box 25k - vozolvapen<\/title>\n<meta name=\"description\" content=\"Zesty Lemon &amp; Lime JNR 25k. 30ML capacity. Authentic JNR Mega Box shipped from EU.\" \/>\n<meta name=\"robots\" content=\"index, follow, max-snippet:-1, max-image-preview:large, max-video-preview:-1\" \/>\n<link rel=\"canonical\" href=\"https:\/\/vozolvapen.de\/fr\/product\/jnr-mega-box-25000-citron-vert\/\" \/>\n<meta property=\"og:locale\" content=\"fr_FR\" \/>\n<meta property=\"og:type\" content=\"article\" \/>\n<meta property=\"og:title\" content=\"JNR Mega Box 25000 - LEMON &amp; LIME\" \/>\n<meta property=\"og:description\" content=\"Zesty Lemon &amp; Lime JNR 25k. 30ML capacity. Authentic JNR Mega Box shipped from EU.\" \/>\n<meta property=\"og:url\" content=\"https:\/\/vozolvapen.de\/fr\/product\/jnr-mega-box-25000-citron-vert\/\" \/>\n<meta property=\"og:site_name\" content=\"vozolvapen\" \/>\n<meta property=\"article:modified_time\" content=\"2026-05-04T13:42:12+00:00\" \/>\n<meta property=\"og:image\" content=\"https:\/\/vozolvapen.de\/wp-content\/uploads\/2025\/12\/JNR-Mega-box-25000-LEMON-LIME-1.webp\" \/>\n\t<meta property=\"og:image:width\" content=\"800\" \/>\n\t<meta property=\"og:image:height\" content=\"800\" \/>\n\t<meta property=\"og:image:type\" content=\"image\/webp\" \/>\n<meta name=\"twitter:card\" content=\"summary_large_image\" \/>\n<meta name=\"twitter:label1\" content=\"Dur\u00e9e de lecture estim\u00e9e\" \/>\n\t<meta name=\"twitter:data1\" content=\"4 minutes\" \/>\n<script type=\"application\/ld+json\" class=\"yoast-schema-graph\">{\"@context\":\"https:\\\/\\\/schema.org\",\"@graph\":[{\"@type\":\"WebPage\",\"@id\":\"https:\\\/\\\/vozolvapen.de\\\/product\\\/jnr-mega-box-25000-lemon-lime\\\/\",\"url\":\"https:\\\/\\\/vozolvapen.de\\\/product\\\/jnr-mega-box-25000-lemon-lime\\\/\",\"name\":\"Lemon & Lime - JNR Mega Box 25k - vozolvapen\",\"isPartOf\":{\"@id\":\"https:\\\/\\\/vozolvapen.de\\\/#website\"},\"primaryImageOfPage\":{\"@id\":\"https:\\\/\\\/vozolvapen.de\\\/product\\\/jnr-mega-box-25000-lemon-lime\\\/#primaryimage\"},\"image\":{\"@id\":\"https:\\\/\\\/vozolvapen.de\\\/product\\\/jnr-mega-box-25000-lemon-lime\\\/#primaryimage\"},\"thumbnailUrl\":\"https:\\\/\\\/vozolvapen.de\\\/wp-content\\\/uploads\\\/2025\\\/12\\\/JNR-Mega-box-25000-LEMON-LIME-1.webp\",\"datePublished\":\"2025-12-23T06:41:47+00:00\",\"dateModified\":\"2026-05-04T13:42:12+00:00\",\"description\":\"Zesty Lemon & Lime JNR 25k. 30ML capacity. Authentic JNR Mega Box shipped from EU.\",\"breadcrumb\":{\"@id\":\"https:\\\/\\\/vozolvapen.de\\\/product\\\/jnr-mega-box-25000-lemon-lime\\\/#breadcrumb\"},\"inLanguage\":\"fr-FR\",\"potentialAction\":[{\"@type\":\"ReadAction\",\"target\":[\"https:\\\/\\\/vozolvapen.de\\\/product\\\/jnr-mega-box-25000-lemon-lime\\\/\"]}]},{\"@type\":\"ImageObject\",\"inLanguage\":\"fr-FR\",\"@id\":\"https:\\\/\\\/vozolvapen.de\\\/product\\\/jnr-mega-box-25000-lemon-lime\\\/#primaryimage\",\"url\":\"https:\\\/\\\/vozolvapen.de\\\/wp-content\\\/uploads\\\/2025\\\/12\\\/JNR-Mega-box-25000-LEMON-LIME-1.webp\",\"contentUrl\":\"https:\\\/\\\/vozolvapen.de\\\/wp-content\\\/uploads\\\/2025\\\/12\\\/JNR-Mega-box-25000-LEMON-LIME-1.webp\",\"width\":800,\"height\":800,\"caption\":\"Jnr Mega Box 25000 Lemon Lime 1 Disposable Vape Device\"},{\"@type\":\"BreadcrumbList\",\"@id\":\"https:\\\/\\\/vozolvapen.de\\\/product\\\/jnr-mega-box-25000-lemon-lime\\\/#breadcrumb\",\"itemListElement\":[{\"@type\":\"ListItem\",\"position\":1,\"name\":\"Home\",\"item\":\"https:\\\/\\\/vozolvapen.de\\\/de\\\/\"},{\"@type\":\"ListItem\",\"position\":2,\"name\":\"Shop\",\"item\":\"https:\\\/\\\/vozolvapen.de\\\/shop\\\/\"},{\"@type\":\"ListItem\",\"position\":3,\"name\":\"JNR Mega Box 25000 &#8211; LEMON &#038; LIME\"}]},{\"@type\":\"WebSite\",\"@id\":\"https:\\\/\\\/vozolvapen.de\\\/#website\",\"url\":\"https:\\\/\\\/vozolvapen.de\\\/\",\"name\":\"vozolvapen\",\"description\":\"vozolvapen\",\"publisher\":{\"@id\":\"https:\\\/\\\/vozolvapen.de\\\/#organization\"},\"potentialAction\":[{\"@type\":\"SearchAction\",\"target\":{\"@type\":\"EntryPoint\",\"urlTemplate\":\"https:\\\/\\\/vozolvapen.de\\\/?s={search_term_string}\"},\"query-input\":{\"@type\":\"PropertyValueSpecification\",\"valueRequired\":true,\"valueName\":\"search_term_string\"}}],\"inLanguage\":\"fr-FR\"},{\"@type\":\"Organization\",\"@id\":\"https:\\\/\\\/vozolvapen.de\\\/#organization\",\"name\":\"vozolvapen\",\"url\":\"https:\\\/\\\/vozolvapen.de\\\/\",\"logo\":{\"@type\":\"ImageObject\",\"inLanguage\":\"fr-FR\",\"@id\":\"https:\\\/\\\/vozolvapen.de\\\/#\\\/schema\\\/logo\\\/image\\\/\",\"url\":\"https:\\\/\\\/vozolvapen.de\\\/wp-content\\\/uploads\\\/2025\\\/12\\\/cropped-vozovapen-logo.webp\",\"contentUrl\":\"https:\\\/\\\/vozolvapen.de\\\/wp-content\\\/uploads\\\/2025\\\/12\\\/cropped-vozovapen-logo.webp\",\"width\":470,\"height\":110,\"caption\":\"vozolvapen\"},\"image\":{\"@id\":\"https:\\\/\\\/vozolvapen.de\\\/#\\\/schema\\\/logo\\\/image\\\/\"}}]}<\/script>\n<!-- \/ Yoast SEO Premium plugin. -->","yoast_head_json":{"title":"Citron et citron vert - JNR Mega Box 25k - vozolvapen","description":"Citron et citron vert acidul\u00e9s JNR 25k. Capacit\u00e9 de 30 ml. Bo\u00eete JNR Mega authentique exp\u00e9di\u00e9e depuis l'UE.","robots":{"index":"index","follow":"follow","max-snippet":"max-snippet:-1","max-image-preview":"max-image-preview:large","max-video-preview":"max-video-preview:-1"},"canonical":"https:\/\/vozolvapen.de\/fr\/product\/jnr-mega-box-25000-citron-vert\/","og_locale":"fr_FR","og_type":"article","og_title":"JNR Mega Box 25000 - LEMON & LIME","og_description":"Zesty Lemon & Lime JNR 25k. 30ML capacity. Authentic JNR Mega Box shipped from EU.","og_url":"https:\/\/vozolvapen.de\/fr\/product\/jnr-mega-box-25000-citron-vert\/","og_site_name":"vozolvapen","article_modified_time":"2026-05-04T13:42:12+00:00","og_image":[{"width":800,"height":800,"url":"https:\/\/vozolvapen.de\/wp-content\/uploads\/2025\/12\/JNR-Mega-box-25000-LEMON-LIME-1.webp","type":"image\/webp"}],"twitter_card":"summary_large_image","twitter_misc":{"Dur\u00e9e de lecture estim\u00e9e":"4 minutes"},"schema":{"@context":"https:\/\/schema.org","@graph":[{"@type":"WebPage","@id":"https:\/\/vozolvapen.de\/product\/jnr-mega-box-25000-lemon-lime\/","url":"https:\/\/vozolvapen.de\/product\/jnr-mega-box-25000-lemon-lime\/","name":"Citron et citron vert - JNR Mega Box 25k - vozolvapen","isPartOf":{"@id":"https:\/\/vozolvapen.de\/#website"},"primaryImageOfPage":{"@id":"https:\/\/vozolvapen.de\/product\/jnr-mega-box-25000-lemon-lime\/#primaryimage"},"image":{"@id":"https:\/\/vozolvapen.de\/product\/jnr-mega-box-25000-lemon-lime\/#primaryimage"},"thumbnailUrl":"https:\/\/vozolvapen.de\/wp-content\/uploads\/2025\/12\/JNR-Mega-box-25000-LEMON-LIME-1.webp","datePublished":"2025-12-23T06:41:47+00:00","dateModified":"2026-05-04T13:42:12+00:00","description":"Citron et citron vert acidul\u00e9s JNR 25k. Capacit\u00e9 de 30 ml. Bo\u00eete JNR Mega authentique exp\u00e9di\u00e9e depuis l'UE.","breadcrumb":{"@id":"https:\/\/vozolvapen.de\/product\/jnr-mega-box-25000-lemon-lime\/#breadcrumb"},"inLanguage":"fr-FR","potentialAction":[{"@type":"ReadAction","target":["https:\/\/vozolvapen.de\/product\/jnr-mega-box-25000-lemon-lime\/"]}]},{"@type":"ImageObject","inLanguage":"fr-FR","@id":"https:\/\/vozolvapen.de\/product\/jnr-mega-box-25000-lemon-lime\/#primaryimage","url":"https:\/\/vozolvapen.de\/wp-content\/uploads\/2025\/12\/JNR-Mega-box-25000-LEMON-LIME-1.webp","contentUrl":"https:\/\/vozolvapen.de\/wp-content\/uploads\/2025\/12\/JNR-Mega-box-25000-LEMON-LIME-1.webp","width":800,"height":800,"caption":"Jnr Mega Box 25000 Lemon Lime 1 Disposable Vape Device"},{"@type":"BreadcrumbList","@id":"https:\/\/vozolvapen.de\/product\/jnr-mega-box-25000-lemon-lime\/#breadcrumb","itemListElement":[{"@type":"ListItem","position":1,"name":"Home","item":"https:\/\/vozolvapen.de\/de\/"},{"@type":"ListItem","position":2,"name":"Shop","item":"https:\/\/vozolvapen.de\/shop\/"},{"@type":"ListItem","position":3,"name":"JNR Mega Box 25000 &#8211; LEMON &#038; LIME"}]},{"@type":"WebSite","@id":"https:\/\/vozolvapen.de\/#website","url":"https:\/\/vozolvapen.de\/","name":"vozolvapen","description":"vozolvapen","publisher":{"@id":"https:\/\/vozolvapen.de\/#organization"},"potentialAction":[{"@type":"SearchAction","target":{"@type":"EntryPoint","urlTemplate":"https:\/\/vozolvapen.de\/?s={search_term_string}"},"query-input":{"@type":"PropertyValueSpecification","valueRequired":true,"valueName":"search_term_string"}}],"inLanguage":"fr-FR"},{"@type":"Organization","@id":"https:\/\/vozolvapen.de\/#organization","name":"vozolvapen","url":"https:\/\/vozolvapen.de\/","logo":{"@type":"ImageObject","inLanguage":"fr-FR","@id":"https:\/\/vozolvapen.de\/#\/schema\/logo\/image\/","url":"https:\/\/vozolvapen.de\/wp-content\/uploads\/2025\/12\/cropped-vozovapen-logo.webp","contentUrl":"https:\/\/vozolvapen.de\/wp-content\/uploads\/2025\/12\/cropped-vozovapen-logo.webp","width":470,"height":110,"caption":"vozolvapen"},"image":{"@id":"https:\/\/vozolvapen.de\/#\/schema\/logo\/image\/"}}]}},"tiered_pricing_type":"fixed","tiered_pricing_fixed_rules":{"30":"12.6","50":"10.1","100":"9.6","200":"8.6"},"tiered_pricing_product_settings":{"layout":"default","base_unit_name":{"singular":null,"plural":null},"default_variation":null},"tiered_pricing_minimum_quantity":10,"tiered_pricing_roles_data":[],"tiered_pricing_percentage_rules":[],"tiered_pricing_maximum_quantity":null,"tiered_pricing_quantity_step":"10","_links":{"self":[{"href":"https:\/\/vozolvapen.de\/fr\/wp-json\/wp\/v2\/product\/42859","targetHints":{"allow":["GET"]}}],"collection":[{"href":"https:\/\/vozolvapen.de\/fr\/wp-json\/wp\/v2\/product"}],"about":[{"href":"https:\/\/vozolvapen.de\/fr\/wp-json\/wp\/v2\/types\/product"}],"replies":[{"embeddable":true,"href":"https:\/\/vozolvapen.de\/fr\/wp-json\/wp\/v2\/comments?post=42859"}],"wp:featuredmedia":[{"embeddable":true,"href":"https:\/\/vozolvapen.de\/fr\/wp-json\/wp\/v2\/media\/43634"}],"wp:attachment":[{"href":"https:\/\/vozolvapen.de\/fr\/wp-json\/wp\/v2\/media?parent=42859"}],"wp:term":[{"taxonomy":"product_brand","embeddable":true,"href":"https:\/\/vozolvapen.de\/fr\/wp-json\/wp\/v2\/product_brand?post=42859"},{"taxonomy":"product_cat","embeddable":true,"href":"https:\/\/vozolvapen.de\/fr\/wp-json\/wp\/v2\/product_cat?post=42859"},{"taxonomy":"product_tag","embeddable":true,"href":"https:\/\/vozolvapen.de\/fr\/wp-json\/wp\/v2\/product_tag?post=42859"}],"curies":[{"name":"wp","href":"https:\/\/api.w.org\/{rel}","templated":true}]}}