{"id":46333,"date":"2025-12-29T03:52:13","date_gmt":"2025-12-29T03:52:13","guid":{"rendered":"https:\/\/vozolvapen.de\/?post_type=product&#038;p=46333"},"modified":"2025-12-30T05:13:29","modified_gmt":"2025-12-30T05:13:29","slug":"puff-110k-bang-leader-110k-pasteque-glacee-fraise-mamba-fraise-pasteque","status":"publish","type":"product","link":"https:\/\/vozolvapen.de\/fr\/product\/puff-110k-bang-leader-110k-watermelon-ice-strawberry-mamba-strawberry-watermelon\/","title":{"rendered":"Puff 110k Bang Leader 110K \u2013 Past\u00e8que glac\u00e9e, fraise mamba et fraise past\u00e8que"},"content":{"rendered":"<h1 data-path-to-node=\"2\"><b data-path-to-node=\"2\" data-index-in-node=\"0\">Bang Leader 110K bouff\u00e9es 6-en-1 : Past\u00e8que glac\u00e9e, Fraise Mamba, Fraise Past\u00e8que<\/b><\/h1>\n<p data-path-to-node=\"3\"><b data-path-to-node=\"3\" data-index-in-node=\"0\">La puissance des fruits rouges :<\/b> Pour les vapoteurs qui recherchent l'exp\u00e9rience ultime des fruits d'\u00e9t\u00e9. Cet ensemble utilise le syst\u00e8me \u00e0 triple huile de Bang Leader pour s\u00e9parer parfaitement ou m\u00e9langer habilement la past\u00e8que glac\u00e9e classique et la fraise mamba exotique. La batterie de 850 mAh vous garantit la puissance n\u00e9cessaire pour profiter de ces notes sucr\u00e9es et juteuses tout au long des 110 000 bouff\u00e9es.<\/p>\n<h2 data-path-to-node=\"4\"><b data-path-to-node=\"4\" data-index-in-node=\"0\">La plong\u00e9e profonde dans les baies rouges<\/b><\/h2>\n<ul data-path-to-node=\"5\">\n<li>\n<p data-path-to-node=\"5,0,0\"><b data-path-to-node=\"5,0,0\" data-index-in-node=\"0\">Mode A \u2013 Glace \u00e0 la past\u00e8que :<\/b> Past\u00e8que croquante et rafra\u00eechissante avec une finale menthol\u00e9e glac\u00e9e.<\/p>\n<\/li>\n<li>\n<p data-path-to-node=\"5,1,0\"><b data-path-to-node=\"5,1,0\" data-index-in-node=\"0\">Mode B \u2013 Strawberry Mamba :<\/b> Un m\u00e9lange profond et exotique de fraise avec une touche fruit\u00e9e myst\u00e9rieuse.<\/p>\n<\/li>\n<li>\n<p data-path-to-node=\"5,2,0\"><b data-path-to-node=\"5,2,0\" data-index-in-node=\"0\">Mode C \u2013 Fraise-Past\u00e8que :<\/b> Un mariage harmonieux et classique entre des baies m\u00fbries au soleil et du melon hydratant.<\/p>\n<\/li>\n<li>\n<p data-path-to-node=\"5,3,0\"><b data-path-to-node=\"5,3,0\" data-index-in-node=\"0\">Mode A+B \u2013 Hybride :<\/b> La past\u00e8que glac\u00e9e rencontre le mamba exotique pour cr\u00e9er un punch tropical rafra\u00eechissant.<\/p>\n<\/li>\n<li>\n<p data-path-to-node=\"5,4,0\"><b data-path-to-node=\"5,4,0\" data-index-in-node=\"0\">Mode A+C \u2013 Hybride :<\/b> L'exp\u00e9rience ultime de la fraise \u201c Double Watermelon \u201d avec un suppl\u00e9ment de givre.<\/p>\n<\/li>\n<li>\n<p data-path-to-node=\"5,5,0\"><b data-path-to-node=\"5,5,0\" data-index-in-node=\"0\">Mode B+C \u2013 Hybride :<\/b> Un m\u00e9lange \u00e9pais et riche de fraises pour une saturation maximale en baies.<\/p>\n<\/li>\n<\/ul>\n<h2 data-path-to-node=\"6\"><b data-path-to-node=\"6\" data-index-in-node=\"0\">\u00c0 qui s'adresse cette saveur ?<\/b><\/h2>\n<p data-path-to-node=\"6\"><b data-path-to-node=\"6\" data-index-in-node=\"24\">Le passionn\u00e9 classique :<\/b> Parfait pour les vapoteurs qui recherchent un profil fruit\u00e9 fiable et sucr\u00e9, avec la possibilit\u00e9 de passer d'un m\u00e9lange de baies pur \u00e0 un m\u00e9lange hybride.<\/p>\n<h2 data-path-to-node=\"62\"><b data-path-to-node=\"62\" data-index-in-node=\"0\">Puff 110k Bang Leader 110K Caract\u00e9ristiques techniques<\/b><\/h2>\n<div class=\"horizontal-scroll-wrapper\">\n<div class=\"table-block-component\">\n<div class=\"table-block has-export-button\">\n<div class=\"table-content not-end-of-paragraph\" data-hveid=\"0\" data-ved=\"0CAAQ3ecQahgKEwiy3c7n7-GRAxUAAAAAHQAAAAAQngI\">\n<table data-path-to-node=\"5\">\n<thead>\n<tr>\n<td><strong>Innovation technique<\/strong><\/td>\n<td><strong>Profil de donn\u00e9es Bang Leader 110K<\/strong><\/td>\n<\/tr>\n<\/thead>\n<tbody>\n<tr>\n<td><span data-path-to-node=\"5,1,0,0\"><b data-path-to-node=\"5,1,0,0\" data-index-in-node=\"0\">S\u00e9rie de mod\u00e8les<\/b><\/span><\/td>\n<td><span data-path-to-node=\"5,1,1,0\">Bang Leader 110K (Puff 110k)<\/span><\/td>\n<\/tr>\n<tr>\n<td><span data-path-to-node=\"5,2,0,0\"><b data-path-to-node=\"5,2,0,0\" data-index-in-node=\"0\">Interface utilisateur<\/b><\/span><\/td>\n<td><span data-path-to-node=\"5,2,1,0\"><b data-path-to-node=\"5,2,1,0\" data-index-in-node=\"0\">Tableau de bord LED intelligent (\u00e9cran HD)<\/b><\/span><\/td>\n<\/tr>\n<tr>\n<td><span data-path-to-node=\"5,3,0,0\"><b data-path-to-node=\"5,3,0,0\" data-index-in-node=\"0\">Interaction des saveurs<\/b><\/span><\/td>\n<td><span data-path-to-node=\"5,3,1,0\"><b data-path-to-node=\"5,3,1,0\" data-index-in-node=\"0\">Syst\u00e8me hybride 6 en 1 (3 purs + 3 mixtes)<\/b><\/span><\/td>\n<\/tr>\n<tr>\n<td><span data-path-to-node=\"5,4,0,0\"><b data-path-to-node=\"5,4,0,0\" data-index-in-node=\"0\">Dur\u00e9e de vie des bouff\u00e9es<\/b><\/span><\/td>\n<td><span data-path-to-node=\"5,4,1,0\">Jusqu'\u00e0 110 000 bouff\u00e9es \u00e0 haut volume<\/span><\/td>\n<\/tr>\n<tr>\n<td><span data-path-to-node=\"5,5,0,0\"><b data-path-to-node=\"5,5,0,0\" data-index-in-node=\"0\">Fonctions de surveillance<\/b><\/span><\/td>\n<td><span data-path-to-node=\"5,5,1,0\">Suivi en temps r\u00e9el de la batterie, des bouff\u00e9es et du mode<\/span><\/td>\n<\/tr>\n<tr>\n<td><span data-path-to-node=\"5,6,0,0\"><b data-path-to-node=\"5,6,0,0\" data-index-in-node=\"0\">Ergonomie des appareils<\/b><\/span><\/td>\n<td><span data-path-to-node=\"5,6,1,0\">Ch\u00e2ssis haut de gamme \u00e9quilibr\u00e9 de 160 g<\/span><\/td>\n<\/tr>\n<tr>\n<td><span data-path-to-node=\"5,7,0,0\"><b data-path-to-node=\"5,7,0,0\" data-index-in-node=\"0\">Technologie des bobines<\/b><\/span><\/td>\n<td><span data-path-to-node=\"5,7,1,0\">Atomisation avanc\u00e9e par maillage<\/span><\/td>\n<\/tr>\n<\/tbody>\n<\/table>\n<h3 dir=\"auto\">Voici d'autres recommandations pour vous :<\/h3>\n<p dir=\"auto\">D\u00e9couvrez encore plus de saveurs incroyables avec la cigarette \u00e9lectronique Puff 110k Bang Leader 110K !<\/p>\n<p dir=\"auto\"><a href=\"https:\/\/vozolvapen.de\/fr\/product-category\/bang-vape\/puff-110k-bang-leader-110k-6-en-1\/\">Voir toutes les vari\u00e9t\u00e9s ici \u2192<\/a><\/p>\n<p dir=\"auto\">D\u00e9couvrez notre collection compl\u00e8te et achetez les meilleures marques de cigarettes \u00e9lectroniques que vous allez adorer.<\/p>\n<p dir=\"auto\"><a href=\"https:\/\/vozolvapen.de\/fr\/\">Parcourir toutes les marques maintenant \u2192<\/a><\/p>\n<p dir=\"auto\">D\u00e9couvrez la gamme compl\u00e8te Bang Vape : toutes les saveurs, tous les styles !<\/p>\n<p dir=\"auto\"><a href=\"https:\/\/vozolvapen.de\/fr\/product-category\/bang-vape\/\">D\u00e9couvrez toute la collection Bang Vape \u2192<\/a><\/p>\n<\/div>\n<\/div>\n<\/div>\n<\/div>","protected":false},"excerpt":{"rendered":"<p>La fusion ultime des fruits rouges. Ce <b data-path-to-node=\"3,1,4,0\" data-index-in-node=\"36\">Puff 110k<\/b> Cet appareil offre 3 modes pure baie et 3 m\u00e9langes hybrides, aliment\u00e9 par une batterie de 850 mAh et dot\u00e9 d'un \u00e9cran LED intelligent.<\/p>","protected":false},"featured_media":46784,"comment_status":"open","ping_status":"closed","template":"","meta":{"_acf_changed":false},"product_brand":[],"product_cat":[101],"product_tag":[],"class_list":{"0":"post-46333","1":"product","2":"type-product","3":"status-publish","4":"has-post-thumbnail","6":"product_cat-puff-110k-bang-leader-110k-6-in-1","8":"first","9":"instock","10":"shipping-taxable","11":"purchasable","12":"product-type-variable"},"acf":[],"yoast_head":"<!-- This site is optimized with the Yoast SEO Premium plugin v26.1 (Yoast SEO v27.5) - https:\/\/yoast.com\/product\/yoast-seo-premium-wordpress\/ -->\n<title>Watermelon Strawberry Mamba Bang Leader 110k - vozolvapen<\/title>\n<meta name=\"description\" content=\"Experience 110,000 puffs with the 6-in-1 Bang Leader 110k. Toggle Watermelon Ice &amp; Strawberry Mamba modes. Fast 1-3 day EU delivery.\" \/>\n<meta name=\"robots\" content=\"index, follow, max-snippet:-1, max-image-preview:large, max-video-preview:-1\" \/>\n<link rel=\"canonical\" href=\"https:\/\/vozolvapen.de\/fr\/product\/puff-110k-bang-leader-110k-pasteque-glacee-fraise-mamba-fraise-pasteque\/\" \/>\n<meta property=\"og:locale\" content=\"fr_FR\" \/>\n<meta property=\"og:type\" content=\"article\" \/>\n<meta property=\"og:title\" content=\"Puff 110k Bang Leader 110K - Watermelon Ice &amp; Strawberry Mamba &amp; Strawberry Watermelon\" \/>\n<meta property=\"og:description\" content=\"Experience 110,000 puffs with the 6-in-1 Bang Leader 110k. Toggle Watermelon Ice &amp; Strawberry Mamba modes. Fast 1-3 day EU delivery.\" \/>\n<meta property=\"og:url\" content=\"https:\/\/vozolvapen.de\/fr\/product\/puff-110k-bang-leader-110k-pasteque-glacee-fraise-mamba-fraise-pasteque\/\" \/>\n<meta property=\"og:site_name\" content=\"vozolvapen\" \/>\n<meta property=\"article:modified_time\" content=\"2025-12-30T05:13:29+00:00\" \/>\n<meta property=\"og:image\" content=\"https:\/\/vozolvapen.de\/wp-content\/uploads\/2025\/12\/Puff-110k-Bang-Leader-110K-Watermelon-Ice-Strawberry-Mamba-Strawberry-Watermelon.webp\" \/>\n\t<meta property=\"og:image:width\" content=\"1200\" \/>\n\t<meta property=\"og:image:height\" content=\"1200\" \/>\n\t<meta property=\"og:image:type\" content=\"image\/webp\" \/>\n<meta name=\"twitter:card\" content=\"summary_large_image\" \/>\n<meta name=\"twitter:label1\" content=\"Dur\u00e9e de lecture estim\u00e9e\" \/>\n\t<meta name=\"twitter:data1\" content=\"2 minutes\" \/>\n<script type=\"application\/ld+json\" class=\"yoast-schema-graph\">{\"@context\":\"https:\\\/\\\/schema.org\",\"@graph\":[{\"@type\":\"WebPage\",\"@id\":\"https:\\\/\\\/vozolvapen.de\\\/product\\\/puff-110k-bang-leader-110k-watermelon-ice-strawberry-mamba-strawberry-watermelon\\\/\",\"url\":\"https:\\\/\\\/vozolvapen.de\\\/product\\\/puff-110k-bang-leader-110k-watermelon-ice-strawberry-mamba-strawberry-watermelon\\\/\",\"name\":\"Watermelon Strawberry Mamba Bang Leader 110k - vozolvapen\",\"isPartOf\":{\"@id\":\"https:\\\/\\\/vozolvapen.de\\\/#website\"},\"primaryImageOfPage\":{\"@id\":\"https:\\\/\\\/vozolvapen.de\\\/product\\\/puff-110k-bang-leader-110k-watermelon-ice-strawberry-mamba-strawberry-watermelon\\\/#primaryimage\"},\"image\":{\"@id\":\"https:\\\/\\\/vozolvapen.de\\\/product\\\/puff-110k-bang-leader-110k-watermelon-ice-strawberry-mamba-strawberry-watermelon\\\/#primaryimage\"},\"thumbnailUrl\":\"https:\\\/\\\/vozolvapen.de\\\/wp-content\\\/uploads\\\/2025\\\/12\\\/Puff-110k-Bang-Leader-110K-Watermelon-Ice-Strawberry-Mamba-Strawberry-Watermelon.webp\",\"datePublished\":\"2025-12-29T03:52:13+00:00\",\"dateModified\":\"2025-12-30T05:13:29+00:00\",\"description\":\"Experience 110,000 puffs with the 6-in-1 Bang Leader 110k. Toggle Watermelon Ice & Strawberry Mamba modes. Fast 1-3 day EU delivery.\",\"breadcrumb\":{\"@id\":\"https:\\\/\\\/vozolvapen.de\\\/product\\\/puff-110k-bang-leader-110k-watermelon-ice-strawberry-mamba-strawberry-watermelon\\\/#breadcrumb\"},\"inLanguage\":\"fr-FR\",\"potentialAction\":[{\"@type\":\"ReadAction\",\"target\":[\"https:\\\/\\\/vozolvapen.de\\\/product\\\/puff-110k-bang-leader-110k-watermelon-ice-strawberry-mamba-strawberry-watermelon\\\/\"]}]},{\"@type\":\"ImageObject\",\"inLanguage\":\"fr-FR\",\"@id\":\"https:\\\/\\\/vozolvapen.de\\\/product\\\/puff-110k-bang-leader-110k-watermelon-ice-strawberry-mamba-strawberry-watermelon\\\/#primaryimage\",\"url\":\"https:\\\/\\\/vozolvapen.de\\\/wp-content\\\/uploads\\\/2025\\\/12\\\/Puff-110k-Bang-Leader-110K-Watermelon-Ice-Strawberry-Mamba-Strawberry-Watermelon.webp\",\"contentUrl\":\"https:\\\/\\\/vozolvapen.de\\\/wp-content\\\/uploads\\\/2025\\\/12\\\/Puff-110k-Bang-Leader-110K-Watermelon-Ice-Strawberry-Mamba-Strawberry-Watermelon.webp\",\"width\":1200,\"height\":1200,\"caption\":\"Puff 110k Bang Leader Watermelon Ice Strawberry Mamba Disposable Vape Device\"},{\"@type\":\"BreadcrumbList\",\"@id\":\"https:\\\/\\\/vozolvapen.de\\\/product\\\/puff-110k-bang-leader-110k-watermelon-ice-strawberry-mamba-strawberry-watermelon\\\/#breadcrumb\",\"itemListElement\":[{\"@type\":\"ListItem\",\"position\":1,\"name\":\"Home\",\"item\":\"https:\\\/\\\/vozolvapen.de\\\/de\\\/\"},{\"@type\":\"ListItem\",\"position\":2,\"name\":\"Shop\",\"item\":\"https:\\\/\\\/vozolvapen.de\\\/shop\\\/\"},{\"@type\":\"ListItem\",\"position\":3,\"name\":\"Puff 110k Bang Leader 110K &#8211; Watermelon Ice &#038; Strawberry Mamba &#038; Strawberry Watermelon\"}]},{\"@type\":\"WebSite\",\"@id\":\"https:\\\/\\\/vozolvapen.de\\\/#website\",\"url\":\"https:\\\/\\\/vozolvapen.de\\\/\",\"name\":\"vozolvapen\",\"description\":\"vozolvapen\",\"publisher\":{\"@id\":\"https:\\\/\\\/vozolvapen.de\\\/#organization\"},\"potentialAction\":[{\"@type\":\"SearchAction\",\"target\":{\"@type\":\"EntryPoint\",\"urlTemplate\":\"https:\\\/\\\/vozolvapen.de\\\/?s={search_term_string}\"},\"query-input\":{\"@type\":\"PropertyValueSpecification\",\"valueRequired\":true,\"valueName\":\"search_term_string\"}}],\"inLanguage\":\"fr-FR\"},{\"@type\":\"Organization\",\"@id\":\"https:\\\/\\\/vozolvapen.de\\\/#organization\",\"name\":\"vozolvapen\",\"url\":\"https:\\\/\\\/vozolvapen.de\\\/\",\"logo\":{\"@type\":\"ImageObject\",\"inLanguage\":\"fr-FR\",\"@id\":\"https:\\\/\\\/vozolvapen.de\\\/#\\\/schema\\\/logo\\\/image\\\/\",\"url\":\"https:\\\/\\\/vozolvapen.de\\\/wp-content\\\/uploads\\\/2025\\\/12\\\/cropped-vozovapen-logo.webp\",\"contentUrl\":\"https:\\\/\\\/vozolvapen.de\\\/wp-content\\\/uploads\\\/2025\\\/12\\\/cropped-vozovapen-logo.webp\",\"width\":470,\"height\":110,\"caption\":\"vozolvapen\"},\"image\":{\"@id\":\"https:\\\/\\\/vozolvapen.de\\\/#\\\/schema\\\/logo\\\/image\\\/\"}}]}<\/script>\n<!-- \/ Yoast SEO Premium plugin. -->","yoast_head_json":{"title":"Watermelon Strawberry Mamba Bang Leader 110k - vozolvapen","description":"Profitez de 110 000 bouff\u00e9es avec le Bang Leader 110k 6 en 1. Basculez entre les modes Watermelon Ice et Strawberry Mamba. Livraison rapide en 1 \u00e0 3 jours dans l'UE.","robots":{"index":"index","follow":"follow","max-snippet":"max-snippet:-1","max-image-preview":"max-image-preview:large","max-video-preview":"max-video-preview:-1"},"canonical":"https:\/\/vozolvapen.de\/fr\/product\/puff-110k-bang-leader-110k-pasteque-glacee-fraise-mamba-fraise-pasteque\/","og_locale":"fr_FR","og_type":"article","og_title":"Puff 110k Bang Leader 110K - Watermelon Ice & Strawberry Mamba & Strawberry Watermelon","og_description":"Experience 110,000 puffs with the 6-in-1 Bang Leader 110k. Toggle Watermelon Ice & Strawberry Mamba modes. Fast 1-3 day EU delivery.","og_url":"https:\/\/vozolvapen.de\/fr\/product\/puff-110k-bang-leader-110k-pasteque-glacee-fraise-mamba-fraise-pasteque\/","og_site_name":"vozolvapen","article_modified_time":"2025-12-30T05:13:29+00:00","og_image":[{"width":1200,"height":1200,"url":"https:\/\/vozolvapen.de\/wp-content\/uploads\/2025\/12\/Puff-110k-Bang-Leader-110K-Watermelon-Ice-Strawberry-Mamba-Strawberry-Watermelon.webp","type":"image\/webp"}],"twitter_card":"summary_large_image","twitter_misc":{"Dur\u00e9e de lecture estim\u00e9e":"2 minutes"},"schema":{"@context":"https:\/\/schema.org","@graph":[{"@type":"WebPage","@id":"https:\/\/vozolvapen.de\/product\/puff-110k-bang-leader-110k-watermelon-ice-strawberry-mamba-strawberry-watermelon\/","url":"https:\/\/vozolvapen.de\/product\/puff-110k-bang-leader-110k-watermelon-ice-strawberry-mamba-strawberry-watermelon\/","name":"Watermelon Strawberry Mamba Bang Leader 110k - vozolvapen","isPartOf":{"@id":"https:\/\/vozolvapen.de\/#website"},"primaryImageOfPage":{"@id":"https:\/\/vozolvapen.de\/product\/puff-110k-bang-leader-110k-watermelon-ice-strawberry-mamba-strawberry-watermelon\/#primaryimage"},"image":{"@id":"https:\/\/vozolvapen.de\/product\/puff-110k-bang-leader-110k-watermelon-ice-strawberry-mamba-strawberry-watermelon\/#primaryimage"},"thumbnailUrl":"https:\/\/vozolvapen.de\/wp-content\/uploads\/2025\/12\/Puff-110k-Bang-Leader-110K-Watermelon-Ice-Strawberry-Mamba-Strawberry-Watermelon.webp","datePublished":"2025-12-29T03:52:13+00:00","dateModified":"2025-12-30T05:13:29+00:00","description":"Profitez de 110 000 bouff\u00e9es avec le Bang Leader 110k 6 en 1. Basculez entre les modes Watermelon Ice et Strawberry Mamba. Livraison rapide en 1 \u00e0 3 jours dans l'UE.","breadcrumb":{"@id":"https:\/\/vozolvapen.de\/product\/puff-110k-bang-leader-110k-watermelon-ice-strawberry-mamba-strawberry-watermelon\/#breadcrumb"},"inLanguage":"fr-FR","potentialAction":[{"@type":"ReadAction","target":["https:\/\/vozolvapen.de\/product\/puff-110k-bang-leader-110k-watermelon-ice-strawberry-mamba-strawberry-watermelon\/"]}]},{"@type":"ImageObject","inLanguage":"fr-FR","@id":"https:\/\/vozolvapen.de\/product\/puff-110k-bang-leader-110k-watermelon-ice-strawberry-mamba-strawberry-watermelon\/#primaryimage","url":"https:\/\/vozolvapen.de\/wp-content\/uploads\/2025\/12\/Puff-110k-Bang-Leader-110K-Watermelon-Ice-Strawberry-Mamba-Strawberry-Watermelon.webp","contentUrl":"https:\/\/vozolvapen.de\/wp-content\/uploads\/2025\/12\/Puff-110k-Bang-Leader-110K-Watermelon-Ice-Strawberry-Mamba-Strawberry-Watermelon.webp","width":1200,"height":1200,"caption":"Puff 110k Bang Leader Watermelon Ice Strawberry Mamba Disposable Vape Device"},{"@type":"BreadcrumbList","@id":"https:\/\/vozolvapen.de\/product\/puff-110k-bang-leader-110k-watermelon-ice-strawberry-mamba-strawberry-watermelon\/#breadcrumb","itemListElement":[{"@type":"ListItem","position":1,"name":"Home","item":"https:\/\/vozolvapen.de\/de\/"},{"@type":"ListItem","position":2,"name":"Shop","item":"https:\/\/vozolvapen.de\/shop\/"},{"@type":"ListItem","position":3,"name":"Puff 110k Bang Leader 110K &#8211; Watermelon Ice &#038; Strawberry Mamba &#038; Strawberry Watermelon"}]},{"@type":"WebSite","@id":"https:\/\/vozolvapen.de\/#website","url":"https:\/\/vozolvapen.de\/","name":"vozolvapen","description":"vozolvapen","publisher":{"@id":"https:\/\/vozolvapen.de\/#organization"},"potentialAction":[{"@type":"SearchAction","target":{"@type":"EntryPoint","urlTemplate":"https:\/\/vozolvapen.de\/?s={search_term_string}"},"query-input":{"@type":"PropertyValueSpecification","valueRequired":true,"valueName":"search_term_string"}}],"inLanguage":"fr-FR"},{"@type":"Organization","@id":"https:\/\/vozolvapen.de\/#organization","name":"vozolvapen","url":"https:\/\/vozolvapen.de\/","logo":{"@type":"ImageObject","inLanguage":"fr-FR","@id":"https:\/\/vozolvapen.de\/#\/schema\/logo\/image\/","url":"https:\/\/vozolvapen.de\/wp-content\/uploads\/2025\/12\/cropped-vozovapen-logo.webp","contentUrl":"https:\/\/vozolvapen.de\/wp-content\/uploads\/2025\/12\/cropped-vozovapen-logo.webp","width":470,"height":110,"caption":"vozolvapen"},"image":{"@id":"https:\/\/vozolvapen.de\/#\/schema\/logo\/image\/"}}]}},"tiered_pricing_type":"fixed","tiered_pricing_fixed_rules":{"30":"12.65","50":"10.65","100":"9.65","200":"9"},"tiered_pricing_product_settings":{"layout":"default","base_unit_name":{"singular":null,"plural":null},"default_variation":{}},"tiered_pricing_minimum_quantity":10,"tiered_pricing_roles_data":[],"tiered_pricing_percentage_rules":[],"tiered_pricing_maximum_quantity":null,"tiered_pricing_quantity_step":"10","_links":{"self":[{"href":"https:\/\/vozolvapen.de\/fr\/wp-json\/wp\/v2\/product\/46333","targetHints":{"allow":["GET"]}}],"collection":[{"href":"https:\/\/vozolvapen.de\/fr\/wp-json\/wp\/v2\/product"}],"about":[{"href":"https:\/\/vozolvapen.de\/fr\/wp-json\/wp\/v2\/types\/product"}],"replies":[{"embeddable":true,"href":"https:\/\/vozolvapen.de\/fr\/wp-json\/wp\/v2\/comments?post=46333"}],"wp:featuredmedia":[{"embeddable":true,"href":"https:\/\/vozolvapen.de\/fr\/wp-json\/wp\/v2\/media\/46784"}],"wp:attachment":[{"href":"https:\/\/vozolvapen.de\/fr\/wp-json\/wp\/v2\/media?parent=46333"}],"wp:term":[{"taxonomy":"product_brand","embeddable":true,"href":"https:\/\/vozolvapen.de\/fr\/wp-json\/wp\/v2\/product_brand?post=46333"},{"taxonomy":"product_cat","embeddable":true,"href":"https:\/\/vozolvapen.de\/fr\/wp-json\/wp\/v2\/product_cat?post=46333"},{"taxonomy":"product_tag","embeddable":true,"href":"https:\/\/vozolvapen.de\/fr\/wp-json\/wp\/v2\/product_tag?post=46333"}],"curies":[{"name":"wp","href":"https:\/\/api.w.org\/{rel}","templated":true}]}}