{"id":47616,"date":"2025-12-29T11:22:25","date_gmt":"2025-12-29T11:22:25","guid":{"rendered":"https:\/\/vozolvapen.de\/?post_type=product&#038;p=47616"},"modified":"2026-02-10T10:59:14","modified_gmt":"2026-02-10T10:59:14","slug":"fumot-50k-eco-2-en-1-50000-fanta-cola-ice","status":"publish","type":"product","link":"https:\/\/vozolvapen.de\/fr\/product\/fumot-50k-eco-2in1-50000-fanta-cola-ice\/","title":{"rendered":"Fumot 50k ECO 2 en 1 50000 \u2013 Fanta &amp; Cola Ice"},"content":{"rendered":"<h1 data-path-to-node=\"44\"><b data-path-to-node=\"44\" data-index-in-node=\"0\">Fumot 50k ECO 2 en 1 50 000 bouff\u00e9es : Fanta &amp; Cola Ice<\/b><\/h1>\n<p data-path-to-node=\"45\"><b data-path-to-node=\"45\" data-index-in-node=\"0\">La fontaine \u00e0 soda :<\/b> D\u00e9couvrez l'effervescence de vos boissons gazeuses pr\u00e9f\u00e9r\u00e9es. Ce <b data-path-to-node=\"45\" data-index-in-node=\"89\">Fumot 50k ECO 2in1 50000<\/b> reproduit la sensation \u201c p\u00e9tillante \u201d en bouche des sodas \u00e0 l'orange et au cola, conserv\u00e9s au frais dans leurs capsules respectives de 10 ml.<\/p>\n<h2 data-path-to-node=\"46\"><b data-path-to-node=\"46\" data-index-in-node=\"0\">La fontaine \u00e0 soda en profondeur<\/b><\/h2>\n<ul data-path-to-node=\"47\">\n<li>\n<p data-path-to-node=\"47,0,0\"><b data-path-to-node=\"47,0,0\" data-index-in-node=\"0\">Saveur 1 \u2013 Fanta :<\/b> Une saveur d'orange p\u00e9tillante et acidul\u00e9e, \u00e0 la fois sucr\u00e9e et incroyablement rafra\u00eechissante.<\/p>\n<\/li>\n<li>\n<p data-path-to-node=\"47,1,0\"><b data-path-to-node=\"47,1,0\" data-index-in-node=\"0\">Saveur 2 \u2013 Cola glac\u00e9 :<\/b> Le go\u00fbt classique du cola \u00e9pic\u00e9 avec beaucoup de gla\u00e7ons pour imiter un verre de soda bien frais.<\/p>\n<\/li>\n<\/ul>\n<h2 data-path-to-node=\"48\"><b data-path-to-node=\"48\" data-index-in-node=\"0\">\u00c0 qui s'adresse cette saveur ?<\/b><\/h2>\n<p data-path-to-node=\"48\"><b data-path-to-node=\"48\" data-index-in-node=\"24\">Le fanatique des boissons :<\/b> Parfait pour ceux qui veulent changer des fruits habituels et qui ont envie du \u201c p\u00e9tillant \u201d d'une boisson gazeuse fra\u00eeche.<\/p>\n<h2 data-path-to-node=\"60\">Fumot 50k ECO 2in1 50000 Caract\u00e9ristiques techniques<\/h2>\n<table data-path-to-node=\"17\">\n<thead>\n<tr>\n<td><strong>Donn\u00e9es relatives \u00e0 la cha\u00eene d'approvisionnement<\/strong><\/td>\n<td><strong>Informations logistiques Fumot 50000<\/strong><\/td>\n<\/tr>\n<\/thead>\n<tbody>\n<tr>\n<td><span data-path-to-node=\"17,1,0,0\"><b data-path-to-node=\"17,1,0,0\" data-index-in-node=\"0\">Avantage en mati\u00e8re d'exp\u00e9dition<\/b><\/span><\/td>\n<td><span data-path-to-node=\"17,1,1,0\"><b data-path-to-node=\"17,1,1,0\" data-index-in-node=\"0\">Entrep\u00f4t europ\u00e9en (livraison sous 1 \u00e0 3 jours)<\/b><\/span><\/td>\n<\/tr>\n<tr>\n<td><span data-path-to-node=\"17,2,0,0\"><b data-path-to-node=\"17,2,0,0\" data-index-in-node=\"0\">Taille de l'emballage<\/b><\/span><\/td>\n<td><span data-path-to-node=\"17,2,1,0\">10 unit\u00e9s par bo\u00eete pr\u00e9sentoir<\/span><\/td>\n<\/tr>\n<tr>\n<td><span data-path-to-node=\"17,3,0,0\"><b data-path-to-node=\"17,3,0,0\" data-index-in-node=\"0\">Capacit\u00e9 du carton<\/b><\/span><\/td>\n<td><span data-path-to-node=\"17,3,1,0\">100 unit\u00e9s (poids total 14,5 kg)<\/span><\/td>\n<\/tr>\n<tr>\n<td><span data-path-to-node=\"17,4,0,0\"><b data-path-to-node=\"17,4,0,0\" data-index-in-node=\"0\">Dimensions de la bo\u00eete<\/b><\/span><\/td>\n<td><span data-path-to-node=\"17,4,1,0\">49,4 x 35 x 27 cm<\/span><\/td>\n<\/tr>\n<tr>\n<td><span data-path-to-node=\"17,5,0,0\"><b data-path-to-node=\"17,5,0,0\" data-index-in-node=\"0\">March\u00e9 cible<\/b><\/span><\/td>\n<td><span data-path-to-node=\"17,5,1,0\">Vapoteurs professionnels et vente en gros B2B<\/span><\/td>\n<\/tr>\n<tr>\n<td><span data-path-to-node=\"17,6,0,0\"><b data-path-to-node=\"17,6,0,0\" data-index-in-node=\"0\">Contenu liquide<\/b><\/span><\/td>\n<td><span data-path-to-node=\"17,6,1,0\">20 ml Total Pods pr\u00e9remplis<\/span><\/td>\n<\/tr>\n<tr>\n<td><span data-path-to-node=\"17,7,0,0\"><b data-path-to-node=\"17,7,0,0\" data-index-in-node=\"0\">Fiabilit\u00e9<\/b><\/span><\/td>\n<td><span data-path-to-node=\"17,7,1,0\">Certifi\u00e9 pour 50 000 bouff\u00e9es<\/span><\/td>\n<\/tr>\n<\/tbody>\n<\/table>\n<h3 dir=\"auto\">Voici d'autres recommandations pour vous :<\/h3>\n<p dir=\"auto\">D\u00e9couvrez encore plus de saveurs incroyables avec la cigarette \u00e9lectronique Fumot 50k ECO 2 en 1 50 000 Puffs !<\/p>\n<p dir=\"auto\"><a href=\"https:\/\/vozolvapen.de\/fr\/product-category\/fumot-vape\/fumot-50k-eco-2-en-1-50-000-bouffees\/\">Voir toutes les vari\u00e9t\u00e9s ici \u2192<\/a><\/p>\n<p dir=\"auto\">D\u00e9couvrez notre collection compl\u00e8te et achetez les meilleures marques de cigarettes \u00e9lectroniques que vous allez adorer.<\/p>\n<p dir=\"auto\"><a href=\"https:\/\/vozolvapen.de\/fr\/product-category\/fumot-vape\/\">Parcourir toutes les marques maintenant \u2192<\/a><\/p>\n<p dir=\"auto\">D\u00e9couvrez la gamme compl\u00e8te Fumot Vape : toutes les saveurs, tous les styles !<\/p>\n<p dir=\"auto\"><a href=\"https:\/\/vozolvapen.de\/fr\/product-category\/fumot-vape\/\">D\u00e9couvrez toute la collection Fumot Vape \u2192<\/a><\/p>","protected":false},"excerpt":{"rendered":"<p>L'exp\u00e9rience de la fontaine \u00e0 soda. Reproduisez le p\u00e9tillant du soda \u00e0 l'orange et du cola bien frais gr\u00e2ce \u00e0 la haute performance <b data-path-to-node=\"3,8,4,0\" data-index-in-node=\"107\">R\u00e9sistance Mesh 0,9 \u03a9<\/b> du <b data-path-to-node=\"3,8,4,0\" data-index-in-node=\"129\">Fumot 50 000<\/b>.<\/p>","protected":false},"featured_media":48151,"comment_status":"open","ping_status":"closed","template":"","meta":{"_acf_changed":false},"product_brand":[],"product_cat":[134,102],"product_tag":[],"class_list":{"0":"post-47616","1":"product","2":"type-product","3":"status-publish","4":"has-post-thumbnail","6":"product_cat-eu-warehouse-in-stock","7":"product_cat-fumot-50k-eco-2in1-50000-puffs","9":"first","10":"instock","11":"shipping-taxable","12":"purchasable","13":"product-type-variable"},"acf":[],"yoast_head":"<!-- This site is optimized with the Yoast SEO Premium plugin v26.1 (Yoast SEO v27.5) - https:\/\/yoast.com\/product\/yoast-seo-premium-wordpress\/ -->\n<title>Fanta &amp; Cola Ice | Fumot 50k ECO 2in1 50000 - vozolvapen<\/title>\n<meta name=\"description\" content=\"Sparkling Fanta and classic Cola Ice in one Fumot 50k. 50,000 puffs, 950mAh battery, and smart screen. Shop the best fumot liquid here.\" \/>\n<meta name=\"robots\" content=\"index, follow, max-snippet:-1, max-image-preview:large, max-video-preview:-1\" \/>\n<link rel=\"canonical\" href=\"https:\/\/vozolvapen.de\/fr\/product\/fumot-50k-eco-2-en-1-50000-fanta-cola-ice\/\" \/>\n<meta property=\"og:locale\" content=\"fr_FR\" \/>\n<meta property=\"og:type\" content=\"article\" \/>\n<meta property=\"og:title\" content=\"Fumot 50k ECO 2in1 50000 - Fanta &amp; Cola Ice\" \/>\n<meta property=\"og:description\" content=\"Sparkling Fanta and classic Cola Ice in one Fumot 50k. 50,000 puffs, 950mAh battery, and smart screen. Shop the best fumot liquid here.\" \/>\n<meta property=\"og:url\" content=\"https:\/\/vozolvapen.de\/fr\/product\/fumot-50k-eco-2-en-1-50000-fanta-cola-ice\/\" \/>\n<meta property=\"og:site_name\" content=\"vozolvapen\" \/>\n<meta property=\"article:modified_time\" content=\"2026-02-10T10:59:14+00:00\" \/>\n<meta property=\"og:image\" content=\"https:\/\/vozolvapen.de\/wp-content\/uploads\/2025\/12\/Fumot-50k-ECO-2in1-50000-Fanta-Cola-ice-3.webp\" \/>\n\t<meta property=\"og:image:width\" content=\"1200\" \/>\n\t<meta property=\"og:image:height\" content=\"1200\" \/>\n\t<meta property=\"og:image:type\" content=\"image\/webp\" \/>\n<meta name=\"twitter:card\" content=\"summary_large_image\" \/>\n<meta name=\"twitter:label1\" content=\"Dur\u00e9e de lecture estim\u00e9e\" \/>\n\t<meta name=\"twitter:data1\" content=\"2 minutes\" \/>\n<script type=\"application\/ld+json\" class=\"yoast-schema-graph\">{\"@context\":\"https:\\\/\\\/schema.org\",\"@graph\":[{\"@type\":\"WebPage\",\"@id\":\"https:\\\/\\\/vozolvapen.de\\\/product\\\/fumot-50k-eco-2in1-50000-fanta-cola-ice\\\/\",\"url\":\"https:\\\/\\\/vozolvapen.de\\\/product\\\/fumot-50k-eco-2in1-50000-fanta-cola-ice\\\/\",\"name\":\"Fanta & Cola Ice | Fumot 50k ECO 2in1 50000 - vozolvapen\",\"isPartOf\":{\"@id\":\"https:\\\/\\\/vozolvapen.de\\\/#website\"},\"primaryImageOfPage\":{\"@id\":\"https:\\\/\\\/vozolvapen.de\\\/product\\\/fumot-50k-eco-2in1-50000-fanta-cola-ice\\\/#primaryimage\"},\"image\":{\"@id\":\"https:\\\/\\\/vozolvapen.de\\\/product\\\/fumot-50k-eco-2in1-50000-fanta-cola-ice\\\/#primaryimage\"},\"thumbnailUrl\":\"https:\\\/\\\/vozolvapen.de\\\/wp-content\\\/uploads\\\/2025\\\/12\\\/Fumot-50k-ECO-2in1-50000-Fanta-Cola-ice-3.webp\",\"datePublished\":\"2025-12-29T11:22:25+00:00\",\"dateModified\":\"2026-02-10T10:59:14+00:00\",\"description\":\"Sparkling Fanta and classic Cola Ice in one Fumot 50k. 50,000 puffs, 950mAh battery, and smart screen. Shop the best fumot liquid here.\",\"breadcrumb\":{\"@id\":\"https:\\\/\\\/vozolvapen.de\\\/product\\\/fumot-50k-eco-2in1-50000-fanta-cola-ice\\\/#breadcrumb\"},\"inLanguage\":\"fr-FR\",\"potentialAction\":[{\"@type\":\"ReadAction\",\"target\":[\"https:\\\/\\\/vozolvapen.de\\\/product\\\/fumot-50k-eco-2in1-50000-fanta-cola-ice\\\/\"]}]},{\"@type\":\"ImageObject\",\"inLanguage\":\"fr-FR\",\"@id\":\"https:\\\/\\\/vozolvapen.de\\\/product\\\/fumot-50k-eco-2in1-50000-fanta-cola-ice\\\/#primaryimage\",\"url\":\"https:\\\/\\\/vozolvapen.de\\\/wp-content\\\/uploads\\\/2025\\\/12\\\/Fumot-50k-ECO-2in1-50000-Fanta-Cola-ice-3.webp\",\"contentUrl\":\"https:\\\/\\\/vozolvapen.de\\\/wp-content\\\/uploads\\\/2025\\\/12\\\/Fumot-50k-ECO-2in1-50000-Fanta-Cola-ice-3.webp\",\"width\":1200,\"height\":1200,\"caption\":\"Fumot 50k Eco 2in1 50000 Fanta Cola Ice 3 Disposable Vape Device\"},{\"@type\":\"BreadcrumbList\",\"@id\":\"https:\\\/\\\/vozolvapen.de\\\/product\\\/fumot-50k-eco-2in1-50000-fanta-cola-ice\\\/#breadcrumb\",\"itemListElement\":[{\"@type\":\"ListItem\",\"position\":1,\"name\":\"Home\",\"item\":\"https:\\\/\\\/vozolvapen.de\\\/de\\\/\"},{\"@type\":\"ListItem\",\"position\":2,\"name\":\"Shop\",\"item\":\"https:\\\/\\\/vozolvapen.de\\\/shop\\\/\"},{\"@type\":\"ListItem\",\"position\":3,\"name\":\"Fumot 50k ECO 2in1 50000 &#8211; Fanta &#038; Cola Ice\"}]},{\"@type\":\"WebSite\",\"@id\":\"https:\\\/\\\/vozolvapen.de\\\/#website\",\"url\":\"https:\\\/\\\/vozolvapen.de\\\/\",\"name\":\"vozolvapen\",\"description\":\"vozolvapen\",\"publisher\":{\"@id\":\"https:\\\/\\\/vozolvapen.de\\\/#organization\"},\"potentialAction\":[{\"@type\":\"SearchAction\",\"target\":{\"@type\":\"EntryPoint\",\"urlTemplate\":\"https:\\\/\\\/vozolvapen.de\\\/?s={search_term_string}\"},\"query-input\":{\"@type\":\"PropertyValueSpecification\",\"valueRequired\":true,\"valueName\":\"search_term_string\"}}],\"inLanguage\":\"fr-FR\"},{\"@type\":\"Organization\",\"@id\":\"https:\\\/\\\/vozolvapen.de\\\/#organization\",\"name\":\"vozolvapen\",\"url\":\"https:\\\/\\\/vozolvapen.de\\\/\",\"logo\":{\"@type\":\"ImageObject\",\"inLanguage\":\"fr-FR\",\"@id\":\"https:\\\/\\\/vozolvapen.de\\\/#\\\/schema\\\/logo\\\/image\\\/\",\"url\":\"https:\\\/\\\/vozolvapen.de\\\/wp-content\\\/uploads\\\/2025\\\/12\\\/cropped-vozovapen-logo.webp\",\"contentUrl\":\"https:\\\/\\\/vozolvapen.de\\\/wp-content\\\/uploads\\\/2025\\\/12\\\/cropped-vozovapen-logo.webp\",\"width\":470,\"height\":110,\"caption\":\"vozolvapen\"},\"image\":{\"@id\":\"https:\\\/\\\/vozolvapen.de\\\/#\\\/schema\\\/logo\\\/image\\\/\"}}]}<\/script>\n<!-- \/ Yoast SEO Premium plugin. -->","yoast_head_json":{"title":"Fanta &amp; Cola Ice | Fumot 50k ECO 2 en 1 50000 - vozolvapen","description":"Fanta p\u00e9tillant et Cola Ice classique dans un Fumot 50k. 50 000 bouff\u00e9es, batterie 950 mAh et \u00e9cran intelligent. Achetez le meilleur liquide Fumot ici.","robots":{"index":"index","follow":"follow","max-snippet":"max-snippet:-1","max-image-preview":"max-image-preview:large","max-video-preview":"max-video-preview:-1"},"canonical":"https:\/\/vozolvapen.de\/fr\/product\/fumot-50k-eco-2-en-1-50000-fanta-cola-ice\/","og_locale":"fr_FR","og_type":"article","og_title":"Fumot 50k ECO 2in1 50000 - Fanta & Cola Ice","og_description":"Sparkling Fanta and classic Cola Ice in one Fumot 50k. 50,000 puffs, 950mAh battery, and smart screen. Shop the best fumot liquid here.","og_url":"https:\/\/vozolvapen.de\/fr\/product\/fumot-50k-eco-2-en-1-50000-fanta-cola-ice\/","og_site_name":"vozolvapen","article_modified_time":"2026-02-10T10:59:14+00:00","og_image":[{"width":1200,"height":1200,"url":"https:\/\/vozolvapen.de\/wp-content\/uploads\/2025\/12\/Fumot-50k-ECO-2in1-50000-Fanta-Cola-ice-3.webp","type":"image\/webp"}],"twitter_card":"summary_large_image","twitter_misc":{"Dur\u00e9e de lecture estim\u00e9e":"2 minutes"},"schema":{"@context":"https:\/\/schema.org","@graph":[{"@type":"WebPage","@id":"https:\/\/vozolvapen.de\/product\/fumot-50k-eco-2in1-50000-fanta-cola-ice\/","url":"https:\/\/vozolvapen.de\/product\/fumot-50k-eco-2in1-50000-fanta-cola-ice\/","name":"Fanta &amp; Cola Ice | Fumot 50k ECO 2 en 1 50000 - vozolvapen","isPartOf":{"@id":"https:\/\/vozolvapen.de\/#website"},"primaryImageOfPage":{"@id":"https:\/\/vozolvapen.de\/product\/fumot-50k-eco-2in1-50000-fanta-cola-ice\/#primaryimage"},"image":{"@id":"https:\/\/vozolvapen.de\/product\/fumot-50k-eco-2in1-50000-fanta-cola-ice\/#primaryimage"},"thumbnailUrl":"https:\/\/vozolvapen.de\/wp-content\/uploads\/2025\/12\/Fumot-50k-ECO-2in1-50000-Fanta-Cola-ice-3.webp","datePublished":"2025-12-29T11:22:25+00:00","dateModified":"2026-02-10T10:59:14+00:00","description":"Fanta p\u00e9tillant et Cola Ice classique dans un Fumot 50k. 50 000 bouff\u00e9es, batterie 950 mAh et \u00e9cran intelligent. Achetez le meilleur liquide Fumot ici.","breadcrumb":{"@id":"https:\/\/vozolvapen.de\/product\/fumot-50k-eco-2in1-50000-fanta-cola-ice\/#breadcrumb"},"inLanguage":"fr-FR","potentialAction":[{"@type":"ReadAction","target":["https:\/\/vozolvapen.de\/product\/fumot-50k-eco-2in1-50000-fanta-cola-ice\/"]}]},{"@type":"ImageObject","inLanguage":"fr-FR","@id":"https:\/\/vozolvapen.de\/product\/fumot-50k-eco-2in1-50000-fanta-cola-ice\/#primaryimage","url":"https:\/\/vozolvapen.de\/wp-content\/uploads\/2025\/12\/Fumot-50k-ECO-2in1-50000-Fanta-Cola-ice-3.webp","contentUrl":"https:\/\/vozolvapen.de\/wp-content\/uploads\/2025\/12\/Fumot-50k-ECO-2in1-50000-Fanta-Cola-ice-3.webp","width":1200,"height":1200,"caption":"Fumot 50k Eco 2in1 50000 Fanta Cola Ice 3 Disposable Vape Device"},{"@type":"BreadcrumbList","@id":"https:\/\/vozolvapen.de\/product\/fumot-50k-eco-2in1-50000-fanta-cola-ice\/#breadcrumb","itemListElement":[{"@type":"ListItem","position":1,"name":"Home","item":"https:\/\/vozolvapen.de\/de\/"},{"@type":"ListItem","position":2,"name":"Shop","item":"https:\/\/vozolvapen.de\/shop\/"},{"@type":"ListItem","position":3,"name":"Fumot 50k ECO 2in1 50000 &#8211; Fanta &#038; Cola Ice"}]},{"@type":"WebSite","@id":"https:\/\/vozolvapen.de\/#website","url":"https:\/\/vozolvapen.de\/","name":"vozolvapen","description":"vozolvapen","publisher":{"@id":"https:\/\/vozolvapen.de\/#organization"},"potentialAction":[{"@type":"SearchAction","target":{"@type":"EntryPoint","urlTemplate":"https:\/\/vozolvapen.de\/?s={search_term_string}"},"query-input":{"@type":"PropertyValueSpecification","valueRequired":true,"valueName":"search_term_string"}}],"inLanguage":"fr-FR"},{"@type":"Organization","@id":"https:\/\/vozolvapen.de\/#organization","name":"vozolvapen","url":"https:\/\/vozolvapen.de\/","logo":{"@type":"ImageObject","inLanguage":"fr-FR","@id":"https:\/\/vozolvapen.de\/#\/schema\/logo\/image\/","url":"https:\/\/vozolvapen.de\/wp-content\/uploads\/2025\/12\/cropped-vozovapen-logo.webp","contentUrl":"https:\/\/vozolvapen.de\/wp-content\/uploads\/2025\/12\/cropped-vozovapen-logo.webp","width":470,"height":110,"caption":"vozolvapen"},"image":{"@id":"https:\/\/vozolvapen.de\/#\/schema\/logo\/image\/"}}]}},"tiered_pricing_type":"fixed","tiered_pricing_fixed_rules":{"30":"14.6","50":"12.6","100":"11.6","200":"11.1"},"tiered_pricing_product_settings":{"layout":"default","base_unit_name":{"singular":null,"plural":null},"default_variation":{}},"tiered_pricing_minimum_quantity":10,"tiered_pricing_roles_data":[],"tiered_pricing_percentage_rules":[],"tiered_pricing_maximum_quantity":null,"tiered_pricing_quantity_step":"10","_links":{"self":[{"href":"https:\/\/vozolvapen.de\/fr\/wp-json\/wp\/v2\/product\/47616","targetHints":{"allow":["GET"]}}],"collection":[{"href":"https:\/\/vozolvapen.de\/fr\/wp-json\/wp\/v2\/product"}],"about":[{"href":"https:\/\/vozolvapen.de\/fr\/wp-json\/wp\/v2\/types\/product"}],"replies":[{"embeddable":true,"href":"https:\/\/vozolvapen.de\/fr\/wp-json\/wp\/v2\/comments?post=47616"}],"wp:featuredmedia":[{"embeddable":true,"href":"https:\/\/vozolvapen.de\/fr\/wp-json\/wp\/v2\/media\/48151"}],"wp:attachment":[{"href":"https:\/\/vozolvapen.de\/fr\/wp-json\/wp\/v2\/media?parent=47616"}],"wp:term":[{"taxonomy":"product_brand","embeddable":true,"href":"https:\/\/vozolvapen.de\/fr\/wp-json\/wp\/v2\/product_brand?post=47616"},{"taxonomy":"product_cat","embeddable":true,"href":"https:\/\/vozolvapen.de\/fr\/wp-json\/wp\/v2\/product_cat?post=47616"},{"taxonomy":"product_tag","embeddable":true,"href":"https:\/\/vozolvapen.de\/fr\/wp-json\/wp\/v2\/product_tag?post=47616"}],"curies":[{"name":"wp","href":"https:\/\/api.w.org\/{rel}","templated":true}]}}