{"id":48436,"date":"2025-12-30T06:06:34","date_gmt":"2025-12-30T06:06:34","guid":{"rendered":"https:\/\/vozolvapen.de\/?post_type=product&#038;p=48436"},"modified":"2026-02-10T10:58:49","modified_gmt":"2026-02-10T10:58:49","slug":"hifancy-twins-35000-banane-lce-energie-redbull","status":"publish","type":"product","link":"https:\/\/vozolvapen.de\/fr\/product\/hifancy-twins-35000-banana-lce-energy-redbull\/","title":{"rendered":"HIFANCY TWINS 35000 \u2013 Banane glac\u00e9e &amp; Redbull \u00e9nergisant"},"content":{"rendered":"<h1 data-path-to-node=\"10\"><b data-path-to-node=\"10\" data-index-in-node=\"0\">Banana Ice &amp; Energy Redbull : le duo gagnant<\/b><\/h1>\n<p data-path-to-node=\"11\"><b data-path-to-node=\"11\" data-index-in-node=\"0\">Une \u00e9nergie intense alli\u00e9e \u00e0 une fra\u00eecheur douce :<\/b> Con\u00e7u pour ceux qui m\u00e8nent une vie active, ce <b data-path-to-node=\"11\" data-index-in-node=\"85\">HIFANCY 35k<\/b> Tout est question d'intensit\u00e9. Nous avons associ\u00e9 le profil fruit\u00e9 le plus dense (banane) \u00e0 la saveur de boisson la plus reconnaissable au monde (boisson \u00e9nergisante) pour cr\u00e9er une exp\u00e9rience de vapotage hautement performante.<\/p>\n<h2 data-path-to-node=\"12\"><b data-path-to-node=\"12\" data-index-in-node=\"0\">Analyse du profil aromatique :<\/b><\/h2>\n<ul data-path-to-node=\"13\">\n<li>\n<p data-path-to-node=\"13,0,0\"><b data-path-to-node=\"13,0,0\" data-index-in-node=\"0\">Banana Ice :<\/b> Une sensation cr\u00e9meuse et onctueuse de cr\u00e8me \u00e0 la banane. Contrairement aux bonbons artificiels, celui-ci mise sur la douceur d'une banane m\u00fbre, rehauss\u00e9e d'une touche rafra\u00eechissante de menthol.<\/p>\n<\/li>\n<li>\n<p data-path-to-node=\"13,1,0\"><b data-path-to-node=\"13,1,0\" data-index-in-node=\"0\">\u00c9nergie Redbull :<\/b> Une explosion p\u00e9tillante inspir\u00e9e de la taurine. Elle capture cette sensation unique de boisson \u201c gazeuse \u201d et une note sucr\u00e9e et m\u00e9dicinale d'agrumes qui r\u00e9veille instantan\u00e9ment les sens.<\/p>\n<\/li>\n<\/ul>\n<h3 data-path-to-node=\"14\"><b data-path-to-node=\"14\" data-index-in-node=\"0\">L'avantage des jumeaux :<\/b><\/h3>\n<p data-path-to-node=\"14\">Avec un <b data-path-to-node=\"14\" data-index-in-node=\"28\">Port rechargeable Type-C 650 mAh<\/b>, vous avez le pouvoir de maintenir la sensation de puissance n\u00e9cessaire pour que la saveur Energy \u201c p\u00e9tille \u201d v\u00e9ritablement sur votre langue. Le syst\u00e8me \u00e0 double r\u00e9servoir garantit que les huiles de banane lourdes n'obstruent jamais le c\u00f4t\u00e9 boisson \u00e9nerg\u00e9tique.<\/p>\n<h3 data-path-to-node=\"14\"><b data-path-to-node=\"15,0\" data-index-in-node=\"0\">\u00c0 qui s'adresse ce produit ?<\/b><\/h3>\n<p data-path-to-node=\"15,0\">Le \u201c Power Vaper \u201d qui a besoin de saveurs audacieuses et intenses et d'un fort hit en gorge pour continuer \u00e0 avancer.<\/p>\n<h3 data-path-to-node=\"24\"><b data-path-to-node=\"24\" data-index-in-node=\"0\">HIFANCY TWINS 35000 Tableau r\u00e9capitulatif technique de la s\u00e9rie compl\u00e8te<\/b><\/h3>\n<table data-path-to-node=\"26\">\n<thead>\n<tr>\n<td><strong>Fonctionnalit\u00e9<\/strong><\/td>\n<td><strong>HIFANCY TWINS 35K Performance<\/strong><\/td>\n<\/tr>\n<\/thead>\n<tbody>\n<tr>\n<td><span data-path-to-node=\"26,1,0,0\"><b data-path-to-node=\"26,1,0,0\" data-index-in-node=\"0\">Nombre de Puff<\/b><\/span><\/td>\n<td><span data-path-to-node=\"26,1,1,0\"><b data-path-to-node=\"26,1,1,0\" data-index-in-node=\"0\">35 000 bouff\u00e9es (syst\u00e8me \u00e0 double r\u00e9servoir)<\/b><\/span><\/td>\n<\/tr>\n<tr>\n<td><span data-path-to-node=\"26,2,0,0\"><b data-path-to-node=\"26,2,0,0\" data-index-in-node=\"0\">Volume d'e-liquide<\/b><\/span><\/td>\n<td><span data-path-to-node=\"26,2,1,0\"><b data-path-to-node=\"26,2,1,0\" data-index-in-node=\"0\">35 ml au total (17,5 ml x 2)<\/b><\/span><\/td>\n<\/tr>\n<tr>\n<td><span data-path-to-node=\"26,3,0,0\"><b data-path-to-node=\"26,3,0,0\" data-index-in-node=\"0\">Technologie de fra\u00eecheur<\/b><\/span><\/td>\n<td><span data-path-to-node=\"26,3,1,0\"><b data-path-to-node=\"26,3,1,0\" data-index-in-node=\"0\">S\u00e9paration huile-noyau (OCS)<\/b><\/span><\/td>\n<\/tr>\n<tr>\n<td><span data-path-to-node=\"26,4,0,0\"><b data-path-to-node=\"26,4,0,0\" data-index-in-node=\"0\">Syst\u00e8me \u00e0 bobines<\/b><\/span><\/td>\n<td><span data-path-to-node=\"26,4,1,0\">R\u00e9sistance avanc\u00e9e en mesh 1,0 \u03a9<\/span><\/td>\n<\/tr>\n<tr>\n<td><span data-path-to-node=\"26,5,0,0\"><b data-path-to-node=\"26,5,0,0\" data-index-in-node=\"0\">Batterie<\/b><\/span><\/td>\n<td><span data-path-to-node=\"26,5,1,0\">650 mAh (rechargeable de type C)<\/span><\/td>\n<\/tr>\n<tr>\n<td><span data-path-to-node=\"26,6,0,0\"><b data-path-to-node=\"26,6,0,0\" data-index-in-node=\"0\">Teneur en nicotine<\/b><\/span><\/td>\n<td><span data-path-to-node=\"26,6,1,0\">2% \/ 3% \/ 5% Nicotine sal\u00e9e<\/span><\/td>\n<\/tr>\n<tr>\n<td><span data-path-to-node=\"26,7,0,0\"><b data-path-to-node=\"26,7,0,0\" data-index-in-node=\"0\">Disponibilit\u00e9<\/b><\/span><\/td>\n<td><span data-path-to-node=\"26,7,1,0\"><b data-path-to-node=\"26,7,1,0\" data-index-in-node=\"0\">Entrep\u00f4t europ\u00e9en (livraison sous 1 \u00e0 3 jours)<\/b><\/span><\/td>\n<\/tr>\n<\/tbody>\n<\/table>\n<h3 dir=\"auto\">Voici d'autres recommandations pour vous :<\/h3>\n<p dir=\"auto\">D\u00e9couvrez encore plus de saveurs incroyables avec la cigarette \u00e9lectronique HIFANCY TWINS 35000 puff !<\/p>\n<p dir=\"auto\"><a href=\"https:\/\/vozolvapen.de\/fr\/product-category\/vape-haut-de-gamme\/hifancy-twins-35-000-bouffees-vape\/\">Voir toutes les vari\u00e9t\u00e9s ici \u2192<\/a><\/p>\n<p dir=\"auto\">D\u00e9couvrez notre collection compl\u00e8te et achetez les meilleures marques de cigarettes \u00e9lectroniques que vous allez adorer.<\/p>\n<p dir=\"auto\"><a href=\"https:\/\/vozolvapen.de\/fr\/\">Parcourir toutes les marques maintenant \u2192<\/a><\/p>\n<p dir=\"auto\">D\u00e9couvrez la gamme compl\u00e8te Hifancy Vape : toutes les saveurs, tous les styles !<\/p>\n<p dir=\"auto\"><a href=\"https:\/\/vozolvapen.de\/fr\/product-category\/vape-haut-de-gamme\/\">D\u00e9couvrez toute la collection Hifancy Vape \u2192<\/a><\/p>","protected":false},"excerpt":{"rendered":"<p><b data-path-to-node=\"4,7,4,0\" data-index-in-node=\"0\">Le duo performant.<\/b> La glace intense \u00e0 la banane rencontre le coup de fouet p\u00e9tillant d'une boisson \u00e9nergisante. Con\u00e7u pour les vapoteurs qui recherchent des saveurs audacieuses et une dur\u00e9e de vie de 35 000 puff .<\/p>","protected":false},"featured_media":48590,"comment_status":"open","ping_status":"closed","template":"","meta":{"_acf_changed":false},"product_brand":[],"product_cat":[134,103],"product_tag":[],"class_list":{"0":"post-48436","1":"product","2":"type-product","3":"status-publish","4":"has-post-thumbnail","6":"product_cat-eu-warehouse-in-stock","7":"product_cat-hifancy-twins-35000-puffs-vape","9":"first","10":"instock","11":"shipping-taxable","12":"purchasable","13":"product-type-variable"},"acf":[],"yoast_head":"<!-- This site is optimized with the Yoast SEO Premium plugin v26.1 (Yoast SEO v27.5) - https:\/\/yoast.com\/product\/yoast-seo-premium-wordpress\/ -->\n<title>Banana Ice &amp; Energy Redbull | HIFANCY TWINS 35000 - vozolvapen<\/title>\n<meta name=\"description\" content=\"Boost your day! Banana Ice &amp; Energy Redbull 35k vape. Double oil tank, 35,000 puffs, and Type-C fast charging. Official HIFANCY VAPE stock.\" \/>\n<meta name=\"robots\" content=\"index, follow, max-snippet:-1, max-image-preview:large, max-video-preview:-1\" \/>\n<link rel=\"canonical\" href=\"https:\/\/vozolvapen.de\/fr\/product\/hifancy-twins-35000-banane-lce-energie-redbull\/\" \/>\n<meta property=\"og:locale\" content=\"fr_FR\" \/>\n<meta property=\"og:type\" content=\"article\" \/>\n<meta property=\"og:title\" content=\"HIFANCY TWINS 35000 - Banana lce &amp; Energy Redbull\" \/>\n<meta property=\"og:description\" content=\"Boost your day! Banana Ice &amp; Energy Redbull 35k vape. Double oil tank, 35,000 puffs, and Type-C fast charging. Official HIFANCY VAPE stock.\" \/>\n<meta property=\"og:url\" content=\"https:\/\/vozolvapen.de\/fr\/product\/hifancy-twins-35000-banane-lce-energie-redbull\/\" \/>\n<meta property=\"og:site_name\" content=\"vozolvapen\" \/>\n<meta property=\"article:modified_time\" content=\"2026-02-10T10:58:49+00:00\" \/>\n<meta property=\"og:image\" content=\"https:\/\/vozolvapen.de\/wp-content\/uploads\/2025\/12\/HIFANCY-TWINS-35000-Banana-lce-Energy-Redbull-2.webp\" \/>\n\t<meta property=\"og:image:width\" content=\"1000\" \/>\n\t<meta property=\"og:image:height\" content=\"1000\" \/>\n\t<meta property=\"og:image:type\" content=\"image\/webp\" \/>\n<meta name=\"twitter:card\" content=\"summary_large_image\" \/>\n<meta name=\"twitter:label1\" content=\"Dur\u00e9e de lecture estim\u00e9e\" \/>\n\t<meta name=\"twitter:data1\" content=\"2 minutes\" \/>\n<script type=\"application\/ld+json\" class=\"yoast-schema-graph\">{\"@context\":\"https:\\\/\\\/schema.org\",\"@graph\":[{\"@type\":\"WebPage\",\"@id\":\"https:\\\/\\\/vozolvapen.de\\\/product\\\/hifancy-twins-35000-banana-lce-energy-redbull\\\/\",\"url\":\"https:\\\/\\\/vozolvapen.de\\\/product\\\/hifancy-twins-35000-banana-lce-energy-redbull\\\/\",\"name\":\"Banana Ice & Energy Redbull | HIFANCY TWINS 35000 - vozolvapen\",\"isPartOf\":{\"@id\":\"https:\\\/\\\/vozolvapen.de\\\/#website\"},\"primaryImageOfPage\":{\"@id\":\"https:\\\/\\\/vozolvapen.de\\\/product\\\/hifancy-twins-35000-banana-lce-energy-redbull\\\/#primaryimage\"},\"image\":{\"@id\":\"https:\\\/\\\/vozolvapen.de\\\/product\\\/hifancy-twins-35000-banana-lce-energy-redbull\\\/#primaryimage\"},\"thumbnailUrl\":\"https:\\\/\\\/vozolvapen.de\\\/wp-content\\\/uploads\\\/2025\\\/12\\\/HIFANCY-TWINS-35000-Banana-lce-Energy-Redbull-2.webp\",\"datePublished\":\"2025-12-30T06:06:34+00:00\",\"dateModified\":\"2026-02-10T10:58:49+00:00\",\"description\":\"Boost your day! Banana Ice & Energy Redbull 35k vape. Double oil tank, 35,000 puffs, and Type-C fast charging. Official HIFANCY VAPE stock.\",\"breadcrumb\":{\"@id\":\"https:\\\/\\\/vozolvapen.de\\\/product\\\/hifancy-twins-35000-banana-lce-energy-redbull\\\/#breadcrumb\"},\"inLanguage\":\"fr-FR\",\"potentialAction\":[{\"@type\":\"ReadAction\",\"target\":[\"https:\\\/\\\/vozolvapen.de\\\/product\\\/hifancy-twins-35000-banana-lce-energy-redbull\\\/\"]}]},{\"@type\":\"ImageObject\",\"inLanguage\":\"fr-FR\",\"@id\":\"https:\\\/\\\/vozolvapen.de\\\/product\\\/hifancy-twins-35000-banana-lce-energy-redbull\\\/#primaryimage\",\"url\":\"https:\\\/\\\/vozolvapen.de\\\/wp-content\\\/uploads\\\/2025\\\/12\\\/HIFANCY-TWINS-35000-Banana-lce-Energy-Redbull-2.webp\",\"contentUrl\":\"https:\\\/\\\/vozolvapen.de\\\/wp-content\\\/uploads\\\/2025\\\/12\\\/HIFANCY-TWINS-35000-Banana-lce-Energy-Redbull-2.webp\",\"width\":1000,\"height\":1000,\"caption\":\"Hifancy Twins 35000 Banana Lce Energy Redbull 2 Disposable Vape Device\"},{\"@type\":\"BreadcrumbList\",\"@id\":\"https:\\\/\\\/vozolvapen.de\\\/product\\\/hifancy-twins-35000-banana-lce-energy-redbull\\\/#breadcrumb\",\"itemListElement\":[{\"@type\":\"ListItem\",\"position\":1,\"name\":\"Home\",\"item\":\"https:\\\/\\\/vozolvapen.de\\\/de\\\/\"},{\"@type\":\"ListItem\",\"position\":2,\"name\":\"Shop\",\"item\":\"https:\\\/\\\/vozolvapen.de\\\/shop\\\/\"},{\"@type\":\"ListItem\",\"position\":3,\"name\":\"HIFANCY TWINS 35000 &#8211; Banana lce &#038; Energy Redbull\"}]},{\"@type\":\"WebSite\",\"@id\":\"https:\\\/\\\/vozolvapen.de\\\/#website\",\"url\":\"https:\\\/\\\/vozolvapen.de\\\/\",\"name\":\"vozolvapen\",\"description\":\"vozolvapen\",\"publisher\":{\"@id\":\"https:\\\/\\\/vozolvapen.de\\\/#organization\"},\"potentialAction\":[{\"@type\":\"SearchAction\",\"target\":{\"@type\":\"EntryPoint\",\"urlTemplate\":\"https:\\\/\\\/vozolvapen.de\\\/?s={search_term_string}\"},\"query-input\":{\"@type\":\"PropertyValueSpecification\",\"valueRequired\":true,\"valueName\":\"search_term_string\"}}],\"inLanguage\":\"fr-FR\"},{\"@type\":\"Organization\",\"@id\":\"https:\\\/\\\/vozolvapen.de\\\/#organization\",\"name\":\"vozolvapen\",\"url\":\"https:\\\/\\\/vozolvapen.de\\\/\",\"logo\":{\"@type\":\"ImageObject\",\"inLanguage\":\"fr-FR\",\"@id\":\"https:\\\/\\\/vozolvapen.de\\\/#\\\/schema\\\/logo\\\/image\\\/\",\"url\":\"https:\\\/\\\/vozolvapen.de\\\/wp-content\\\/uploads\\\/2025\\\/12\\\/cropped-vozovapen-logo.webp\",\"contentUrl\":\"https:\\\/\\\/vozolvapen.de\\\/wp-content\\\/uploads\\\/2025\\\/12\\\/cropped-vozovapen-logo.webp\",\"width\":470,\"height\":110,\"caption\":\"vozolvapen\"},\"image\":{\"@id\":\"https:\\\/\\\/vozolvapen.de\\\/#\\\/schema\\\/logo\\\/image\\\/\"}}]}<\/script>\n<!-- \/ Yoast SEO Premium plugin. -->","yoast_head_json":{"title":"Banana Ice &amp; Energy Redbull | HIFANCY TWINS 35000 - vozolvapen","description":"Boostez votre journ\u00e9e ! Banana Ice &amp; Energy Redbull 35k vape. Double r\u00e9servoir d'huile, 35 000 puff et recharge rapide Type-C. Stock officiel HIFANCY VAPE.","robots":{"index":"index","follow":"follow","max-snippet":"max-snippet:-1","max-image-preview":"max-image-preview:large","max-video-preview":"max-video-preview:-1"},"canonical":"https:\/\/vozolvapen.de\/fr\/product\/hifancy-twins-35000-banane-lce-energie-redbull\/","og_locale":"fr_FR","og_type":"article","og_title":"HIFANCY TWINS 35000 - Banana lce & Energy Redbull","og_description":"Boost your day! Banana Ice & Energy Redbull 35k vape. Double oil tank, 35,000 puffs, and Type-C fast charging. Official HIFANCY VAPE stock.","og_url":"https:\/\/vozolvapen.de\/fr\/product\/hifancy-twins-35000-banane-lce-energie-redbull\/","og_site_name":"vozolvapen","article_modified_time":"2026-02-10T10:58:49+00:00","og_image":[{"width":1000,"height":1000,"url":"https:\/\/vozolvapen.de\/wp-content\/uploads\/2025\/12\/HIFANCY-TWINS-35000-Banana-lce-Energy-Redbull-2.webp","type":"image\/webp"}],"twitter_card":"summary_large_image","twitter_misc":{"Dur\u00e9e de lecture estim\u00e9e":"2 minutes"},"schema":{"@context":"https:\/\/schema.org","@graph":[{"@type":"WebPage","@id":"https:\/\/vozolvapen.de\/product\/hifancy-twins-35000-banana-lce-energy-redbull\/","url":"https:\/\/vozolvapen.de\/product\/hifancy-twins-35000-banana-lce-energy-redbull\/","name":"Banana Ice &amp; Energy Redbull | HIFANCY TWINS 35000 - vozolvapen","isPartOf":{"@id":"https:\/\/vozolvapen.de\/#website"},"primaryImageOfPage":{"@id":"https:\/\/vozolvapen.de\/product\/hifancy-twins-35000-banana-lce-energy-redbull\/#primaryimage"},"image":{"@id":"https:\/\/vozolvapen.de\/product\/hifancy-twins-35000-banana-lce-energy-redbull\/#primaryimage"},"thumbnailUrl":"https:\/\/vozolvapen.de\/wp-content\/uploads\/2025\/12\/HIFANCY-TWINS-35000-Banana-lce-Energy-Redbull-2.webp","datePublished":"2025-12-30T06:06:34+00:00","dateModified":"2026-02-10T10:58:49+00:00","description":"Boostez votre journ\u00e9e ! Banana Ice &amp; Energy Redbull 35k vape. Double r\u00e9servoir d'huile, 35 000 puff et recharge rapide Type-C. Stock officiel HIFANCY VAPE.","breadcrumb":{"@id":"https:\/\/vozolvapen.de\/product\/hifancy-twins-35000-banana-lce-energy-redbull\/#breadcrumb"},"inLanguage":"fr-FR","potentialAction":[{"@type":"ReadAction","target":["https:\/\/vozolvapen.de\/product\/hifancy-twins-35000-banana-lce-energy-redbull\/"]}]},{"@type":"ImageObject","inLanguage":"fr-FR","@id":"https:\/\/vozolvapen.de\/product\/hifancy-twins-35000-banana-lce-energy-redbull\/#primaryimage","url":"https:\/\/vozolvapen.de\/wp-content\/uploads\/2025\/12\/HIFANCY-TWINS-35000-Banana-lce-Energy-Redbull-2.webp","contentUrl":"https:\/\/vozolvapen.de\/wp-content\/uploads\/2025\/12\/HIFANCY-TWINS-35000-Banana-lce-Energy-Redbull-2.webp","width":1000,"height":1000,"caption":"Hifancy Twins 35000 Banana Lce Energy Redbull 2 Disposable Vape Device"},{"@type":"BreadcrumbList","@id":"https:\/\/vozolvapen.de\/product\/hifancy-twins-35000-banana-lce-energy-redbull\/#breadcrumb","itemListElement":[{"@type":"ListItem","position":1,"name":"Home","item":"https:\/\/vozolvapen.de\/de\/"},{"@type":"ListItem","position":2,"name":"Shop","item":"https:\/\/vozolvapen.de\/shop\/"},{"@type":"ListItem","position":3,"name":"HIFANCY TWINS 35000 &#8211; Banana lce &#038; Energy Redbull"}]},{"@type":"WebSite","@id":"https:\/\/vozolvapen.de\/#website","url":"https:\/\/vozolvapen.de\/","name":"vozolvapen","description":"vozolvapen","publisher":{"@id":"https:\/\/vozolvapen.de\/#organization"},"potentialAction":[{"@type":"SearchAction","target":{"@type":"EntryPoint","urlTemplate":"https:\/\/vozolvapen.de\/?s={search_term_string}"},"query-input":{"@type":"PropertyValueSpecification","valueRequired":true,"valueName":"search_term_string"}}],"inLanguage":"fr-FR"},{"@type":"Organization","@id":"https:\/\/vozolvapen.de\/#organization","name":"vozolvapen","url":"https:\/\/vozolvapen.de\/","logo":{"@type":"ImageObject","inLanguage":"fr-FR","@id":"https:\/\/vozolvapen.de\/#\/schema\/logo\/image\/","url":"https:\/\/vozolvapen.de\/wp-content\/uploads\/2025\/12\/cropped-vozovapen-logo.webp","contentUrl":"https:\/\/vozolvapen.de\/wp-content\/uploads\/2025\/12\/cropped-vozovapen-logo.webp","width":470,"height":110,"caption":"vozolvapen"},"image":{"@id":"https:\/\/vozolvapen.de\/#\/schema\/logo\/image\/"}}]}},"tiered_pricing_type":"fixed","tiered_pricing_fixed_rules":{"30":"15.19","50":"12.3","100":"10.5","200":"10"},"tiered_pricing_product_settings":{"layout":"default","base_unit_name":{"singular":null,"plural":null},"default_variation":{}},"tiered_pricing_minimum_quantity":10,"tiered_pricing_roles_data":[],"tiered_pricing_percentage_rules":[],"tiered_pricing_maximum_quantity":null,"tiered_pricing_quantity_step":"10","_links":{"self":[{"href":"https:\/\/vozolvapen.de\/fr\/wp-json\/wp\/v2\/product\/48436","targetHints":{"allow":["GET"]}}],"collection":[{"href":"https:\/\/vozolvapen.de\/fr\/wp-json\/wp\/v2\/product"}],"about":[{"href":"https:\/\/vozolvapen.de\/fr\/wp-json\/wp\/v2\/types\/product"}],"replies":[{"embeddable":true,"href":"https:\/\/vozolvapen.de\/fr\/wp-json\/wp\/v2\/comments?post=48436"}],"wp:featuredmedia":[{"embeddable":true,"href":"https:\/\/vozolvapen.de\/fr\/wp-json\/wp\/v2\/media\/48590"}],"wp:attachment":[{"href":"https:\/\/vozolvapen.de\/fr\/wp-json\/wp\/v2\/media?parent=48436"}],"wp:term":[{"taxonomy":"product_brand","embeddable":true,"href":"https:\/\/vozolvapen.de\/fr\/wp-json\/wp\/v2\/product_brand?post=48436"},{"taxonomy":"product_cat","embeddable":true,"href":"https:\/\/vozolvapen.de\/fr\/wp-json\/wp\/v2\/product_cat?post=48436"},{"taxonomy":"product_tag","embeddable":true,"href":"https:\/\/vozolvapen.de\/fr\/wp-json\/wp\/v2\/product_tag?post=48436"}],"curies":[{"name":"wp","href":"https:\/\/api.w.org\/{rel}","templated":true}]}}