{"id":51468,"date":"2026-01-03T09:07:11","date_gmt":"2026-01-03T09:07:11","guid":{"rendered":"https:\/\/vozolvapen.de\/?post_type=product&#038;p=51468"},"modified":"2026-04-05T15:01:02","modified_gmt":"2026-04-05T15:01:02","slug":"jnr-falcon-16000-hawaii","status":"publish","type":"product","link":"https:\/\/vozolvapen.de\/fr\/product\/jnr-falcon-16000-hawaii\/","title":{"rendered":"JNR Falcon 16000 \u2013 Hawa\u00ef"},"content":{"rendered":"<h1 data-path-to-node=\"33\"><b data-path-to-node=\"33\" data-index-in-node=\"0\">JNR Falcon 16000 \u2013 Hawa\u00ef<\/b><\/h1>\n<p data-path-to-node=\"34\"><b class=\"\" data-path-to-node=\"34\" data-index-in-node=\"0\">L'escapade insulaire :<\/b><span class=\"\"> Un lieu dynamique,<\/span><span class=\"\"> explosion ensoleill\u00e9e d'ananas,<\/span><span class=\"\"> mangue,<\/span><span class=\"\"> et orange acidul\u00e9e.<\/span><span class=\"\"> Ceci <\/span><b class=\"\" data-path-to-node=\"34\" data-index-in-node=\"98\">jnr 16k nicotine<\/b><span class=\"\"> Cette variante capture l'esprit des tropiques.<\/span><span class=\"\"> Le 1.<\/span><span class=\"\">La double r\u00e9sistance Mesh de 0 \u03a9 fait ressortir la texture sirupeuse de la mangue.,<\/span><span class=\"\"> parfaitement \u00e9quilibr\u00e9 par l'acidit\u00e9 de l'ananas.<\/span><\/p>\n<h2 data-path-to-node=\"35\"><b class=\"\" data-path-to-node=\"35\" data-index-in-node=\"0\">Plong\u00e9e en profondeur \u00e0 Hawa\u00ef<\/b><\/h2>\n<ul data-path-to-node=\"36\">\n<li>\n<p data-path-to-node=\"36,0,0\"><b class=\"\" data-path-to-node=\"36,0,0\" data-index-in-node=\"0\">L'inspiration :<\/b><span class=\"\"> Une vague de nectar d'ananas dor\u00e9.<\/span><\/p>\n<\/li>\n<li>\n<p data-path-to-node=\"36,1,0\"><b class=\"\" data-path-to-node=\"36,1,0\" data-index-in-node=\"0\">L'expiration :<\/b><span class=\"\"> Mangue cr\u00e9meuse adoucie par une touche acidul\u00e9e d'orange vif.<\/span><span class=\"\">&#8220;<\/span><\/p>\n<\/li>\n<\/ul>\n<h2 data-path-to-node=\"37\"><b class=\"\" data-path-to-node=\"37\" data-index-in-node=\"0\">\u00c0 qui s'adresse cette saveur ?<\/b><\/h2>\n<p data-path-to-node=\"37\"><b class=\"\" data-path-to-node=\"37\" data-index-in-node=\"24\">Le passionn\u00e9 des tropiques :<\/b><span class=\"\"> Si vous aimez les punchs aux fruits et l'ambiance des vacances,<\/span><span class=\"\">\u201d cette grande capacit\u00e9 <\/span><b class=\"\" data-path-to-node=\"37\" data-index-in-node=\"117\">puff 16k jnr<\/b><span class=\"\"> est votre compagnon id\u00e9al.<\/span><\/p>\n<h2 data-path-to-node=\"18\"><b data-path-to-node=\"18\" data-index-in-node=\"0\">Hawa\u00ef \u2013 Sp\u00e9cifications<\/b><\/h2>\n<table data-path-to-node=\"19\">\n<thead>\n<tr>\n<td><strong>Mat\u00e9riel et performances<\/strong><\/td>\n<td><strong>D\u00e9tail<\/strong><\/td>\n<td><strong>Indice d'exp\u00e9rience gustative<\/strong><\/td>\n<\/tr>\n<\/thead>\n<tbody>\n<tr>\n<td><span data-path-to-node=\"19,1,0,0\"><b data-path-to-node=\"19,1,0,0\" data-index-in-node=\"0\">Mod\u00e8le<\/b><\/span><\/td>\n<td><span data-path-to-node=\"19,1,1,0\">JNR Falcon 16000<\/span><\/td>\n<td><span data-path-to-node=\"19,1,2,0\"><b data-path-to-node=\"19,1,2,0\" data-index-in-node=\"0\">Intensit\u00e9 du refroidissement :<\/b> \u2744\ufe0f\u2744\ufe0f\u2744\ufe0f<\/span><\/td>\n<\/tr>\n<tr>\n<td><span data-path-to-node=\"19,2,0,0\"><b data-path-to-node=\"19,2,0,0\" data-index-in-node=\"0\">Batterie<\/b><\/span><\/td>\n<td><span data-path-to-node=\"19,2,1,0\">850 mAh <b data-path-to-node=\"19,2,1,0\" data-index-in-node=\"7\">jnr rechargeable<\/b><\/span><\/td>\n<td><span data-path-to-node=\"19,2,2,0\"><b data-path-to-node=\"19,2,2,0\" data-index-in-node=\"0\">Punch tropical :<\/b> \ud83c\udfdd\ufe0f\ud83c\udfdd\ufe0f\ud83c\udfdd\ufe0f\ud83c\udfdd\ufe0f\ud83c\udfdd\ufe0f<\/span><\/td>\n<\/tr>\n<tr>\n<td><span data-path-to-node=\"19,3,0,0\"><b data-path-to-node=\"19,3,0,0\" data-index-in-node=\"0\">Nombre total de bouff\u00e9es<\/b><\/span><\/td>\n<td><span data-path-to-node=\"19,3,1,0\">16,000<\/span><\/td>\n<td><span data-path-to-node=\"19,3,2,0\"><b data-path-to-node=\"19,3,2,0\" data-index-in-node=\"0\">Acidit\u00e9 :<\/b> \ud83c\udf4b\ud83c\udf4b\ud83c\udf4b<\/span><\/td>\n<\/tr>\n<tr>\n<td><span data-path-to-node=\"19,4,0,0\"><b data-path-to-node=\"19,4,0,0\" data-index-in-node=\"0\">Logistique<\/b><\/span><\/td>\n<td><span data-path-to-node=\"19,4,1,0\">Stock UE (livraison rapide)<\/span><\/td>\n<td><span data-path-to-node=\"19,4,2,0\"><b data-path-to-node=\"19,4,2,0\" data-index-in-node=\"0\">Meilleur d\u00e9bit d'air :<\/b> Enti\u00e8rement ouvert (Island Burst)<\/span><\/td>\n<\/tr>\n<\/tbody>\n<\/table>\n<h3 class=\"\" data-path-to-node=\"57\"><b data-path-to-node=\"57\" data-index-in-node=\"0\">Navigation interne et liens<\/b><\/h3>\n<p data-path-to-node=\"58\"><span class=\"\">D\u00e9couvrez encore plus de saveurs incroyables avec le <\/span><b class=\"\" data-path-to-node=\"58\" data-index-in-node=\"47\">JNR Falcon 16000 Puff Vape<\/b><span class=\"\">!<\/span><\/p>\n<p data-path-to-node=\"59\"><a class=\"ng-star-inserted\" href=\"https:\/\/vozolvapen.de\/fr\/product-category\/vape-junior\/jnr-falcon-16000-bouffees-vape\/\" target=\"_blank\" rel=\"noopener\" data-hveid=\"0\" data-ved=\"0CAAQ_4QMahgKEwiSjOaG9-6RAxUAAAAAHQAAAAAQsAQ\">Voir toutes les vari\u00e9t\u00e9s ici \u2192<\/a><\/p>\n<p data-path-to-node=\"60\"><span class=\"\">D\u00e9couvrez notre collection compl\u00e8te et achetez les meilleures marques de cigarettes \u00e9lectroniques que vous allez adorer.<\/span><\/p>\n<p data-path-to-node=\"61\"><a class=\"ng-star-inserted\" href=\"https:\/\/vozolvapen.de\/fr\/\" target=\"_blank\" rel=\"noopener\" data-hveid=\"0\" data-ved=\"0CAAQ_4QMahgKEwiSjOaG9-6RAxUAAAAAHQAAAAAQsQQ\">Parcourir toutes les marques maintenant \u2192<\/a><\/p>\n<p data-path-to-node=\"62\"><span class=\"\">Consultez la liste compl\u00e8te <\/span><b class=\"\" data-path-to-node=\"62\" data-index-in-node=\"23\">JNR Vape<\/b><span class=\"\"> s\u00e9rie \u2014 toutes les saveurs,<\/span><span class=\"\"> tous les styles !<\/span><\/p>\n<p data-path-to-node=\"63\"><a class=\"ng-star-inserted\" href=\"https:\/\/vozolvapen.de\/fr\/product-category\/vape-junior\/\" target=\"_blank\" rel=\"noopener\" data-hveid=\"0\" data-ved=\"0CAAQ_4QMahgKEwiSjOaG9-6RAxUAAAAAHQAAAAAQsgQ\">D\u00e9couvrez toute la collection JNR Vape \u2192<\/a><\/p>\n<h3 data-path-to-node=\"64\"><b class=\"\" data-path-to-node=\"64\" data-index-in-node=\"0\">Vous recherchez un grossiste Puff Jnr 16k ?<\/b><\/h3>\n<p data-path-to-node=\"64\"><span class=\"\">Nous proposons des tarifs de gros sur tous les produits. <\/span><b class=\"\" data-path-to-node=\"64\" data-index-in-node=\"67\">jnr falcon 16k<\/b><span class=\"\"> mod\u00e8les.<\/span><span class=\"\"> Profitez de la livraison hors taxes depuis notre <\/span><b class=\"\" data-path-to-node=\"64\" data-index-in-node=\"124\">entrep\u00f4t europ\u00e9en<\/b><span class=\"\"> avec une livraison en seulement 1 \u00e0 3 jours.<\/span><span class=\"\"> Contactez-nous pour conna\u00eetre nos tarifs de gros pour les lots de 10.<\/span><\/p>","protected":false},"excerpt":{"rendered":"<p><b data-path-to-node=\"4,6,4,0\" data-index-in-node=\"0\">L'escapade insulaire.<\/b> Un punch insulaire vibrant \u00e0 base d'ananas dor\u00e9 et de mangue cr\u00e9meuse. La double r\u00e9sistance mesh de 1,0 \u03a9 vous offre des vacances tropicales dans votre poche.<\/p>","protected":false},"featured_media":51835,"comment_status":"open","ping_status":"closed","template":"","meta":{"_acf_changed":false},"product_brand":[],"product_cat":[134,60],"product_tag":[],"class_list":{"0":"post-51468","1":"product","2":"type-product","3":"status-publish","4":"has-post-thumbnail","6":"product_cat-eu-warehouse-in-stock","7":"product_cat-jnr-falcon-16000-puff-vape","9":"first","10":"instock","11":"featured","12":"shipping-taxable","13":"purchasable","14":"product-type-variable"},"acf":[],"yoast_head":"<!-- This site is optimized with the Yoast SEO Premium plugin v26.1 (Yoast SEO v27.5) - https:\/\/yoast.com\/product\/yoast-seo-premium-wordpress\/ -->\n<title>Hawaii JNR Falcon 16k | Tropical 16000 Puffs Vape - vozolvapen<\/title>\n<meta name=\"description\" content=\"Tropical Hawaii JNR Falcon 16k. 16,000 puffs of pineapple, mango, and orange. 22ml pre-filled liquid. Order from the leading puff jnr 16k grossiste.\" \/>\n<meta name=\"robots\" content=\"index, follow, max-snippet:-1, max-image-preview:large, max-video-preview:-1\" \/>\n<link rel=\"canonical\" href=\"https:\/\/vozolvapen.de\/fr\/product\/jnr-falcon-16000-hawaii\/\" \/>\n<meta property=\"og:locale\" content=\"fr_FR\" \/>\n<meta property=\"og:type\" content=\"article\" \/>\n<meta property=\"og:title\" content=\"JNR Falcon 16000 - Hawaii\" \/>\n<meta property=\"og:description\" content=\"Tropical Hawaii JNR Falcon 16k. 16,000 puffs of pineapple, mango, and orange. 22ml pre-filled liquid. Order from the leading puff jnr 16k grossiste.\" \/>\n<meta property=\"og:url\" content=\"https:\/\/vozolvapen.de\/fr\/product\/jnr-falcon-16000-hawaii\/\" \/>\n<meta property=\"og:site_name\" content=\"vozolvapen\" \/>\n<meta property=\"article:modified_time\" content=\"2026-04-05T15:01:02+00:00\" \/>\n<meta property=\"og:image\" content=\"https:\/\/vozolvapen.de\/wp-content\/uploads\/2026\/01\/JNR-Falon-16000-Puffs-Disposable-Vape-1.webp\" \/>\n\t<meta property=\"og:image:width\" content=\"1000\" \/>\n\t<meta property=\"og:image:height\" content=\"1000\" \/>\n\t<meta property=\"og:image:type\" content=\"image\/webp\" \/>\n<meta name=\"twitter:card\" content=\"summary_large_image\" \/>\n<meta name=\"twitter:label1\" content=\"Dur\u00e9e de lecture estim\u00e9e\" \/>\n\t<meta name=\"twitter:data1\" content=\"2 minutes\" \/>\n<script type=\"application\/ld+json\" class=\"yoast-schema-graph\">{\"@context\":\"https:\\\/\\\/schema.org\",\"@graph\":[{\"@type\":\"WebPage\",\"@id\":\"https:\\\/\\\/vozolvapen.de\\\/product\\\/jnr-falcon-16000-hawaii\\\/\",\"url\":\"https:\\\/\\\/vozolvapen.de\\\/product\\\/jnr-falcon-16000-hawaii\\\/\",\"name\":\"Hawaii JNR Falcon 16k | Tropical 16000 Puffs Vape - vozolvapen\",\"isPartOf\":{\"@id\":\"https:\\\/\\\/vozolvapen.de\\\/#website\"},\"primaryImageOfPage\":{\"@id\":\"https:\\\/\\\/vozolvapen.de\\\/product\\\/jnr-falcon-16000-hawaii\\\/#primaryimage\"},\"image\":{\"@id\":\"https:\\\/\\\/vozolvapen.de\\\/product\\\/jnr-falcon-16000-hawaii\\\/#primaryimage\"},\"thumbnailUrl\":\"https:\\\/\\\/vozolvapen.de\\\/wp-content\\\/uploads\\\/2026\\\/01\\\/JNR-Falon-16000-Puffs-Disposable-Vape-1.webp\",\"datePublished\":\"2026-01-03T09:07:11+00:00\",\"dateModified\":\"2026-04-05T15:01:02+00:00\",\"description\":\"Tropical Hawaii JNR Falcon 16k. 16,000 puffs of pineapple, mango, and orange. 22ml pre-filled liquid. Order from the leading puff jnr 16k grossiste.\",\"breadcrumb\":{\"@id\":\"https:\\\/\\\/vozolvapen.de\\\/product\\\/jnr-falcon-16000-hawaii\\\/#breadcrumb\"},\"inLanguage\":\"fr-FR\",\"potentialAction\":[{\"@type\":\"ReadAction\",\"target\":[\"https:\\\/\\\/vozolvapen.de\\\/product\\\/jnr-falcon-16000-hawaii\\\/\"]}]},{\"@type\":\"ImageObject\",\"inLanguage\":\"fr-FR\",\"@id\":\"https:\\\/\\\/vozolvapen.de\\\/product\\\/jnr-falcon-16000-hawaii\\\/#primaryimage\",\"url\":\"https:\\\/\\\/vozolvapen.de\\\/wp-content\\\/uploads\\\/2026\\\/01\\\/JNR-Falon-16000-Puffs-Disposable-Vape-1.webp\",\"contentUrl\":\"https:\\\/\\\/vozolvapen.de\\\/wp-content\\\/uploads\\\/2026\\\/01\\\/JNR-Falon-16000-Puffs-Disposable-Vape-1.webp\",\"width\":1000,\"height\":1000,\"caption\":\"Jnr Falon 16000 Puffs Disposable Vape 1 Device\"},{\"@type\":\"BreadcrumbList\",\"@id\":\"https:\\\/\\\/vozolvapen.de\\\/product\\\/jnr-falcon-16000-hawaii\\\/#breadcrumb\",\"itemListElement\":[{\"@type\":\"ListItem\",\"position\":1,\"name\":\"Home\",\"item\":\"https:\\\/\\\/vozolvapen.de\\\/de\\\/\"},{\"@type\":\"ListItem\",\"position\":2,\"name\":\"Shop\",\"item\":\"https:\\\/\\\/vozolvapen.de\\\/shop\\\/\"},{\"@type\":\"ListItem\",\"position\":3,\"name\":\"JNR Falcon 16000 &#8211; Hawaii\"}]},{\"@type\":\"WebSite\",\"@id\":\"https:\\\/\\\/vozolvapen.de\\\/#website\",\"url\":\"https:\\\/\\\/vozolvapen.de\\\/\",\"name\":\"vozolvapen\",\"description\":\"vozolvapen\",\"publisher\":{\"@id\":\"https:\\\/\\\/vozolvapen.de\\\/#organization\"},\"potentialAction\":[{\"@type\":\"SearchAction\",\"target\":{\"@type\":\"EntryPoint\",\"urlTemplate\":\"https:\\\/\\\/vozolvapen.de\\\/?s={search_term_string}\"},\"query-input\":{\"@type\":\"PropertyValueSpecification\",\"valueRequired\":true,\"valueName\":\"search_term_string\"}}],\"inLanguage\":\"fr-FR\"},{\"@type\":\"Organization\",\"@id\":\"https:\\\/\\\/vozolvapen.de\\\/#organization\",\"name\":\"vozolvapen\",\"url\":\"https:\\\/\\\/vozolvapen.de\\\/\",\"logo\":{\"@type\":\"ImageObject\",\"inLanguage\":\"fr-FR\",\"@id\":\"https:\\\/\\\/vozolvapen.de\\\/#\\\/schema\\\/logo\\\/image\\\/\",\"url\":\"https:\\\/\\\/vozolvapen.de\\\/wp-content\\\/uploads\\\/2025\\\/12\\\/cropped-vozovapen-logo.webp\",\"contentUrl\":\"https:\\\/\\\/vozolvapen.de\\\/wp-content\\\/uploads\\\/2025\\\/12\\\/cropped-vozovapen-logo.webp\",\"width\":470,\"height\":110,\"caption\":\"vozolvapen\"},\"image\":{\"@id\":\"https:\\\/\\\/vozolvapen.de\\\/#\\\/schema\\\/logo\\\/image\\\/\"}}]}<\/script>\n<!-- \/ Yoast SEO Premium plugin. -->","yoast_head_json":{"title":"Hawaii JNR Falcon 16k | Vape tropicale 16 000 bouff\u00e9es - vozolvapen","description":"Tropical Hawaii JNR Falcon 16k. 16 000 puffs d'ananas, de mangue et d'orange. Liquide pr\u00e9rempli de 22 ml. Commandez aupr\u00e8s du grossiste leader de puff jnr 16k.","robots":{"index":"index","follow":"follow","max-snippet":"max-snippet:-1","max-image-preview":"max-image-preview:large","max-video-preview":"max-video-preview:-1"},"canonical":"https:\/\/vozolvapen.de\/fr\/product\/jnr-falcon-16000-hawaii\/","og_locale":"fr_FR","og_type":"article","og_title":"JNR Falcon 16000 - Hawaii","og_description":"Tropical Hawaii JNR Falcon 16k. 16,000 puffs of pineapple, mango, and orange. 22ml pre-filled liquid. Order from the leading puff jnr 16k grossiste.","og_url":"https:\/\/vozolvapen.de\/fr\/product\/jnr-falcon-16000-hawaii\/","og_site_name":"vozolvapen","article_modified_time":"2026-04-05T15:01:02+00:00","og_image":[{"width":1000,"height":1000,"url":"https:\/\/vozolvapen.de\/wp-content\/uploads\/2026\/01\/JNR-Falon-16000-Puffs-Disposable-Vape-1.webp","type":"image\/webp"}],"twitter_card":"summary_large_image","twitter_misc":{"Dur\u00e9e de lecture estim\u00e9e":"2 minutes"},"schema":{"@context":"https:\/\/schema.org","@graph":[{"@type":"WebPage","@id":"https:\/\/vozolvapen.de\/product\/jnr-falcon-16000-hawaii\/","url":"https:\/\/vozolvapen.de\/product\/jnr-falcon-16000-hawaii\/","name":"Hawaii JNR Falcon 16k | Vape tropicale 16 000 bouff\u00e9es - vozolvapen","isPartOf":{"@id":"https:\/\/vozolvapen.de\/#website"},"primaryImageOfPage":{"@id":"https:\/\/vozolvapen.de\/product\/jnr-falcon-16000-hawaii\/#primaryimage"},"image":{"@id":"https:\/\/vozolvapen.de\/product\/jnr-falcon-16000-hawaii\/#primaryimage"},"thumbnailUrl":"https:\/\/vozolvapen.de\/wp-content\/uploads\/2026\/01\/JNR-Falon-16000-Puffs-Disposable-Vape-1.webp","datePublished":"2026-01-03T09:07:11+00:00","dateModified":"2026-04-05T15:01:02+00:00","description":"Tropical Hawaii JNR Falcon 16k. 16 000 puffs d'ananas, de mangue et d'orange. Liquide pr\u00e9rempli de 22 ml. Commandez aupr\u00e8s du grossiste leader de puff jnr 16k.","breadcrumb":{"@id":"https:\/\/vozolvapen.de\/product\/jnr-falcon-16000-hawaii\/#breadcrumb"},"inLanguage":"fr-FR","potentialAction":[{"@type":"ReadAction","target":["https:\/\/vozolvapen.de\/product\/jnr-falcon-16000-hawaii\/"]}]},{"@type":"ImageObject","inLanguage":"fr-FR","@id":"https:\/\/vozolvapen.de\/product\/jnr-falcon-16000-hawaii\/#primaryimage","url":"https:\/\/vozolvapen.de\/wp-content\/uploads\/2026\/01\/JNR-Falon-16000-Puffs-Disposable-Vape-1.webp","contentUrl":"https:\/\/vozolvapen.de\/wp-content\/uploads\/2026\/01\/JNR-Falon-16000-Puffs-Disposable-Vape-1.webp","width":1000,"height":1000,"caption":"Jnr Falon 16000 Puffs Disposable Vape 1 Device"},{"@type":"BreadcrumbList","@id":"https:\/\/vozolvapen.de\/product\/jnr-falcon-16000-hawaii\/#breadcrumb","itemListElement":[{"@type":"ListItem","position":1,"name":"Home","item":"https:\/\/vozolvapen.de\/de\/"},{"@type":"ListItem","position":2,"name":"Shop","item":"https:\/\/vozolvapen.de\/shop\/"},{"@type":"ListItem","position":3,"name":"JNR Falcon 16000 &#8211; Hawaii"}]},{"@type":"WebSite","@id":"https:\/\/vozolvapen.de\/#website","url":"https:\/\/vozolvapen.de\/","name":"vozolvapen","description":"vozolvapen","publisher":{"@id":"https:\/\/vozolvapen.de\/#organization"},"potentialAction":[{"@type":"SearchAction","target":{"@type":"EntryPoint","urlTemplate":"https:\/\/vozolvapen.de\/?s={search_term_string}"},"query-input":{"@type":"PropertyValueSpecification","valueRequired":true,"valueName":"search_term_string"}}],"inLanguage":"fr-FR"},{"@type":"Organization","@id":"https:\/\/vozolvapen.de\/#organization","name":"vozolvapen","url":"https:\/\/vozolvapen.de\/","logo":{"@type":"ImageObject","inLanguage":"fr-FR","@id":"https:\/\/vozolvapen.de\/#\/schema\/logo\/image\/","url":"https:\/\/vozolvapen.de\/wp-content\/uploads\/2025\/12\/cropped-vozovapen-logo.webp","contentUrl":"https:\/\/vozolvapen.de\/wp-content\/uploads\/2025\/12\/cropped-vozovapen-logo.webp","width":470,"height":110,"caption":"vozolvapen"},"image":{"@id":"https:\/\/vozolvapen.de\/#\/schema\/logo\/image\/"}}]}},"tiered_pricing_type":"fixed","tiered_pricing_fixed_rules":{"30":"13.63","50":"10.63","100":"9.63","200":"8.63"},"tiered_pricing_product_settings":{"layout":"default","base_unit_name":{"singular":null,"plural":null},"default_variation":{}},"tiered_pricing_minimum_quantity":10,"tiered_pricing_roles_data":[],"tiered_pricing_percentage_rules":[],"tiered_pricing_maximum_quantity":null,"tiered_pricing_quantity_step":"10","_links":{"self":[{"href":"https:\/\/vozolvapen.de\/fr\/wp-json\/wp\/v2\/product\/51468","targetHints":{"allow":["GET"]}}],"collection":[{"href":"https:\/\/vozolvapen.de\/fr\/wp-json\/wp\/v2\/product"}],"about":[{"href":"https:\/\/vozolvapen.de\/fr\/wp-json\/wp\/v2\/types\/product"}],"replies":[{"embeddable":true,"href":"https:\/\/vozolvapen.de\/fr\/wp-json\/wp\/v2\/comments?post=51468"}],"wp:featuredmedia":[{"embeddable":true,"href":"https:\/\/vozolvapen.de\/fr\/wp-json\/wp\/v2\/media\/51835"}],"wp:attachment":[{"href":"https:\/\/vozolvapen.de\/fr\/wp-json\/wp\/v2\/media?parent=51468"}],"wp:term":[{"taxonomy":"product_brand","embeddable":true,"href":"https:\/\/vozolvapen.de\/fr\/wp-json\/wp\/v2\/product_brand?post=51468"},{"taxonomy":"product_cat","embeddable":true,"href":"https:\/\/vozolvapen.de\/fr\/wp-json\/wp\/v2\/product_cat?post=51468"},{"taxonomy":"product_tag","embeddable":true,"href":"https:\/\/vozolvapen.de\/fr\/wp-json\/wp\/v2\/product_tag?post=51468"}],"curies":[{"name":"wp","href":"https:\/\/api.w.org\/{rel}","templated":true}]}}