{"id":51885,"date":"2026-01-04T03:49:23","date_gmt":"2026-01-04T03:49:23","guid":{"rendered":"https:\/\/vozolvapen.de\/?post_type=product&#038;p=51885"},"modified":"2026-02-10T10:54:34","modified_gmt":"2026-02-10T10:54:34","slug":"100k-vape-waspe-aiviou-100k-summer-splash-series","status":"publish","type":"product","link":"https:\/\/vozolvapen.de\/fr\/product\/100k-vape-waspe-aiviou-100k-summer-splash-series\/","title":{"rendered":"100k Vape Waspe Aiviou 100k \u2013 S\u00e9rie Summer Splash"},"content":{"rendered":"<h1>100k Vape Waspe Aiviou 100k bouff\u00e9es \u2013 S\u00e9rie Summer Splash<\/h1>\n<p data-path-to-node=\"3\"><b data-path-to-node=\"3\" data-index-in-node=\"0\">Le rafra\u00eechissement estival :<\/b> Con\u00e7u pour les vapoteurs qui aiment une exp\u00e9rience fra\u00eeche et hydratante. Ce <b data-path-to-node=\"3\" data-index-in-node=\"92\">100k Vape<\/b> Ce coffret combine le pouvoir rafra\u00eechissant de la past\u00e8que avec le piquant acidul\u00e9 du citron et du kiwi. <span class=\"citation-42\">Avec <\/span><b data-path-to-node=\"3\" data-index-in-node=\"191\"><span class=\"citation-42\">56 ml d'huile pour cigarette \u00e9lectronique<\/span><\/b><span class=\"citation-42\">, le <\/span><b data-path-to-node=\"3\" data-index-in-node=\"229\"><span class=\"citation-42\">Waspe 100k<\/span><\/b><span class=\"citation-42 citation-end-42\"> vous garantit de rester frais et dispos gr\u00e2ce \u00e0 quatre transitions distinctes entre les capsules.<\/span><\/p>\n<h2 data-path-to-node=\"4\"><b data-path-to-node=\"4\" data-index-in-node=\"0\">Le rafra\u00eechissement du verger en profondeur<\/b><\/h2>\n<ul data-path-to-node=\"5\">\n<li>\n<p data-path-to-node=\"5,0,0\"><b data-path-to-node=\"5,0,0\" data-index-in-node=\"0\">Mode A \u2013 Glace \u00e0 la past\u00e8que :<\/b> Une version glac\u00e9e et juteuse du fruit estival pr\u00e9f\u00e9r\u00e9 de tous.<\/p>\n<\/li>\n<li>\n<p data-path-to-node=\"5,1,0\"><b data-path-to-node=\"5,1,0\" data-index-in-node=\"0\">Mode B \u2013 Fraise-kiwi :<\/b> Un duo classique sucr\u00e9-acidul\u00e9 pour une vape douce tout au long de la journ\u00e9e.<\/p>\n<\/li>\n<li>\n<p data-path-to-node=\"5,2,0\"><b data-path-to-node=\"5,2,0\" data-index-in-node=\"0\">Mode C \u2013 Framboise-past\u00e8que :<\/b> Une riche touche de baies sur une base croquante de past\u00e8que.<\/p>\n<\/li>\n<li>\n<p data-path-to-node=\"5,3,0\"><b data-path-to-node=\"5,3,0\" data-index-in-node=\"0\">Mode D \u2013 Citron vert :<\/b> Une explosion acidul\u00e9e d'agrumes qui nettoie le palais.<\/p>\n<\/li>\n<\/ul>\n<h2 data-path-to-node=\"6\"><b data-path-to-node=\"6\" data-index-in-node=\"0\">\u00c0 qui s'adresse cette saveur ?<\/b><\/h2>\n<p data-path-to-node=\"6\"><b data-path-to-node=\"6\" data-index-in-node=\"24\">L'hydratant quotidien :<\/b> Parfait pour ceux qui recherchent un <b data-path-to-node=\"6\" data-index-in-node=\"76\">vaper 100k puffs<\/b> une exp\u00e9rience l\u00e9g\u00e8re, fruit\u00e9e et jamais envahissante. Disponible en <b data-path-to-node=\"6\" data-index-in-node=\"166\">vaper sin nicotina<\/b> pour les amateurs de saveurs pures.<\/p>\n<h3 data-path-to-node=\"2\"><b data-path-to-node=\"2\" data-index-in-node=\"0\">S\u00e9rie Summer Splash \u2013 Caract\u00e9ristiques techniques<\/b><\/h3>\n<table data-path-to-node=\"3\">\n<thead>\n<tr>\n<td><strong>Profil de performance<\/strong><\/td>\n<td><strong>Waspe 100k Donn\u00e9es techniques<\/strong><\/td>\n<td><strong>Indice d'exp\u00e9rience gustative<\/strong><\/td>\n<\/tr>\n<\/thead>\n<tbody>\n<tr>\n<td><span data-path-to-node=\"3,1,0,0\"><b data-path-to-node=\"3,1,0,0\" data-index-in-node=\"0\">Capacit\u00e9 de soufflage<\/b><\/span><\/td>\n<td><span data-path-to-node=\"3,1,1,0\">Jusqu'\u00e0 100 000 Puffs<\/span><\/td>\n<td><span data-path-to-node=\"3,1,2,0\"><b data-path-to-node=\"3,1,2,0\" data-index-in-node=\"0\">Intensit\u00e9 du refroidissement :<\/b> \u2744\ufe0f\u2744\ufe0f\u2744\ufe0f\u2744\ufe0f<\/span><\/td>\n<\/tr>\n<tr>\n<td><span data-path-to-node=\"3,2,0,0\"><b data-path-to-node=\"3,2,0,0\" data-index-in-node=\"0\">Type de nicotine<\/b><\/span><\/td>\n<td><span data-path-to-node=\"3,2,1,0\"><b data-path-to-node=\"3,2,1,0\" data-index-in-node=\"0\">vaper sin nicotina<\/b> \/ 2% \/ 5%<\/span><\/td>\n<td><span data-path-to-node=\"3,2,2,0\"><b data-path-to-node=\"3,2,2,0\" data-index-in-node=\"0\">Niveau de douceur :<\/b> \ud83c\udf6c\ud83c\udf6c<\/span><\/td>\n<\/tr>\n<tr>\n<td><span data-path-to-node=\"3,3,0,0\"><b data-path-to-node=\"3,3,0,0\" data-index-in-node=\"0\">Syst\u00e8me \u00e0 pods<\/b><\/span><\/td>\n<td><span data-path-to-node=\"3,3,1,0\">Pods rotatifs 4 en 1<\/span><\/td>\n<td><span data-path-to-node=\"3,3,2,0\"><b data-path-to-node=\"3,3,2,0\" data-index-in-node=\"0\">Zeste d'agrumes :<\/b> \ud83c\udf4b\ud83c\udf4b\ud83c\udf4b\ud83c\udf4b\ud83c\udf4b<\/span><\/td>\n<\/tr>\n<tr>\n<td><span data-path-to-node=\"3,4,0,0\"><b data-path-to-node=\"3,4,0,0\" data-index-in-node=\"0\">Volume de liquide<\/b><\/span><\/td>\n<td><span data-path-to-node=\"3,4,1,0\">56 ml (14 ml x 4)<\/span><\/td>\n<td><span data-path-to-node=\"3,4,2,0\"><b data-path-to-node=\"3,4,2,0\" data-index-in-node=\"0\">Meilleur d\u00e9bit d'air :<\/b> Grand ouvert (rafra\u00eechissement maximal)<\/span><\/td>\n<\/tr>\n<\/tbody>\n<\/table>\n<h3>Guide sur la teneur en nicotine<\/h3>\n<p data-path-to-node=\"8,0\"><b data-path-to-node=\"8,0\" data-index-in-node=\"0\">Choisissez votre coup : 0% | 2% | 5%<\/b><\/p>\n<ul data-path-to-node=\"8,1\">\n<li>\n<p data-path-to-node=\"8,1,0,0\"><b data-path-to-node=\"8,1,0,0\" data-index-in-node=\"0\">0% (sans nicotine) :<\/b> Id\u00e9al pour les puristes en mati\u00e8re de saveur et ceux qui ont arr\u00eat\u00e9 la nicotine mais qui aiment l'exp\u00e9rience du cloud chasing (<b data-path-to-node=\"8,1,0,0\" data-index-in-node=\"116\">vaper sin nicotina<\/b>).<\/p>\n<\/li>\n<li>\n<p data-path-to-node=\"8,1,1,0\"><b data-path-to-node=\"8,1,1,0\" data-index-in-node=\"0\">2% (faible teneur en nicotine) :<\/b> Id\u00e9al pour les vapoteurs sociaux ou ceux qui souhaitent passer des cigarettes l\u00e9g\u00e8res \u00e0 la cigarette \u00e9lectronique.<\/p>\n<\/li>\n<li>\n<p data-path-to-node=\"8,1,2,0\"><b data-path-to-node=\"8,1,2,0\" data-index-in-node=\"0\">5% (teneur \u00e9lev\u00e9e en nicotine) :<\/b> Con\u00e7u pour les gros vapoteurs qui recherchent une sensation forte et satisfaisante en gorge \u00e0 chaque bouff\u00e9e.<\/p>\n<\/li>\n<\/ul>\n<h3 data-path-to-node=\"77\"><b data-path-to-node=\"77\" data-index-in-node=\"0\">Recommandations suppl\u00e9mentaires :<\/b><\/h3>\n<p data-path-to-node=\"78\">D\u00e9couvrez encore plus de saveurs incroyables avec le <b data-path-to-node=\"78\" data-index-in-node=\"47\">Waspe 4 en 1 100K Vape<\/b>!<\/p>\n<p data-path-to-node=\"79\"><a class=\"ng-star-inserted\" href=\"https:\/\/vozolvapen.de\/fr\/product-category\/waspe-vape\/100k-vape-waspe-aiviou-100k-4-in-1\/\" target=\"_blank\" rel=\"noopener\" data-hveid=\"0\" data-ved=\"0CAAQ_4QMahgKEwjxyYqx9_CRAxUAAAAAHQAAAAAQ9wE\">Voir toutes les vari\u00e9t\u00e9s ici \u2192<\/a><\/p>\n<p data-path-to-node=\"80\">D\u00e9couvrez notre collection compl\u00e8te et achetez les meilleures marques de cigarettes \u00e9lectroniques que vous allez adorer.<\/p>\n<p data-path-to-node=\"81\"><a class=\"ng-star-inserted\" href=\"https:\/\/vozolvapen.de\/fr\/\" target=\"_blank\" rel=\"noopener\" data-hveid=\"0\" data-ved=\"0CAAQ_4QMahgKEwjxyYqx9_CRAxUAAAAAHQAAAAAQ-AE\">Parcourir toutes les marques maintenant \u2192<\/a><\/p>\n<p data-path-to-node=\"82\">Consultez la liste compl\u00e8te <b data-path-to-node=\"82\" data-index-in-node=\"23\">Waspe Aiviou<\/b> s\u00e9rie \u2014 toutes les saveurs, tous les styles !<\/p>\n<p data-path-to-node=\"83\"><a class=\"ng-star-inserted\" href=\"https:\/\/vozolvapen.de\/fr\/product-category\/waspe-vape\/\" target=\"_blank\" rel=\"noopener\" data-hveid=\"0\" data-ved=\"0CAAQ_4QMahgKEwjxyYqx9_CRAxUAAAAAHQAAAAAQ-QE\">D\u00e9couvrez toute la collection Waspe \u2192<\/a><\/p>","protected":false},"excerpt":{"rendered":"<p><b data-path-to-node=\"3,1,4,0\" data-index-in-node=\"0\">Le rafra\u00eechissement ultime.<\/b> Un m\u00e9lange acidul\u00e9 4 en 1 de past\u00e8que, kiwi et citron. Ce <b data-path-to-node=\"3,1,4,0\" data-index-in-node=\"82\">Waspe 100k<\/b> vous garde au frais avec 100 000 bouff\u00e9es de bonheur fruit\u00e9 arctique.<\/p>","protected":false},"featured_media":52367,"comment_status":"open","ping_status":"closed","template":"","meta":{"_acf_changed":false},"product_brand":[],"product_cat":[107,134],"product_tag":[],"class_list":{"0":"post-51885","1":"product","2":"type-product","3":"status-publish","4":"has-post-thumbnail","6":"product_cat-100k-vape-waspe-aiviou-100k-4-in-1","7":"product_cat-eu-warehouse-in-stock","9":"first","10":"instock","11":"shipping-taxable","12":"purchasable","13":"product-type-variable"},"acf":[],"yoast_head":"<!-- This site is optimized with the Yoast SEO Premium plugin v26.1 (Yoast SEO v27.5) - https:\/\/yoast.com\/product\/yoast-seo-premium-wordpress\/ -->\n<title>Summer Splash Waspe 100k | Refreshing 4-in-1 Vape - vozolvapen<\/title>\n<meta name=\"description\" content=\"Experience the Summer Splash Waspe 100k. 4-in-1 fruit pods, 56ml oil, and vaper sin nicotina options. Enjoy 100k vape puffs with 1-3 day EU delivery.\" \/>\n<meta name=\"robots\" content=\"index, follow, max-snippet:-1, max-image-preview:large, max-video-preview:-1\" \/>\n<link rel=\"canonical\" href=\"https:\/\/vozolvapen.de\/fr\/product\/100k-vape-waspe-aiviou-100k-summer-splash-series\/\" \/>\n<meta property=\"og:locale\" content=\"fr_FR\" \/>\n<meta property=\"og:type\" content=\"article\" \/>\n<meta property=\"og:title\" content=\"100k Vape Waspe Aiviou 100k - Summer Splash Series\" \/>\n<meta property=\"og:description\" content=\"Experience the Summer Splash Waspe 100k. 4-in-1 fruit pods, 56ml oil, and vaper sin nicotina options. Enjoy 100k vape puffs with 1-3 day EU delivery.\" \/>\n<meta property=\"og:url\" content=\"https:\/\/vozolvapen.de\/fr\/product\/100k-vape-waspe-aiviou-100k-summer-splash-series\/\" \/>\n<meta property=\"og:site_name\" content=\"vozolvapen\" \/>\n<meta property=\"article:modified_time\" content=\"2026-02-10T10:54:34+00:00\" \/>\n<meta property=\"og:image\" content=\"https:\/\/vozolvapen.de\/wp-content\/uploads\/2026\/01\/waspe-100k-Watermelon-lceStrawberry-kiwiRaspberry-WatermelonLemon-Lime.webp\" \/>\n\t<meta property=\"og:image:width\" content=\"1200\" \/>\n\t<meta property=\"og:image:height\" content=\"1200\" \/>\n\t<meta property=\"og:image:type\" content=\"image\/webp\" \/>\n<meta name=\"twitter:card\" content=\"summary_large_image\" \/>\n<meta name=\"twitter:label1\" content=\"Dur\u00e9e de lecture estim\u00e9e\" \/>\n\t<meta name=\"twitter:data1\" content=\"2 minutes\" \/>\n<script type=\"application\/ld+json\" class=\"yoast-schema-graph\">{\"@context\":\"https:\\\/\\\/schema.org\",\"@graph\":[{\"@type\":\"WebPage\",\"@id\":\"https:\\\/\\\/vozolvapen.de\\\/product\\\/100k-vape-waspe-aiviou-100k-summer-splash-series\\\/\",\"url\":\"https:\\\/\\\/vozolvapen.de\\\/product\\\/100k-vape-waspe-aiviou-100k-summer-splash-series\\\/\",\"name\":\"Summer Splash Waspe 100k | Refreshing 4-in-1 Vape - vozolvapen\",\"isPartOf\":{\"@id\":\"https:\\\/\\\/vozolvapen.de\\\/#website\"},\"primaryImageOfPage\":{\"@id\":\"https:\\\/\\\/vozolvapen.de\\\/product\\\/100k-vape-waspe-aiviou-100k-summer-splash-series\\\/#primaryimage\"},\"image\":{\"@id\":\"https:\\\/\\\/vozolvapen.de\\\/product\\\/100k-vape-waspe-aiviou-100k-summer-splash-series\\\/#primaryimage\"},\"thumbnailUrl\":\"https:\\\/\\\/vozolvapen.de\\\/wp-content\\\/uploads\\\/2026\\\/01\\\/waspe-100k-Watermelon-lceStrawberry-kiwiRaspberry-WatermelonLemon-Lime.webp\",\"datePublished\":\"2026-01-04T03:49:23+00:00\",\"dateModified\":\"2026-02-10T10:54:34+00:00\",\"description\":\"Experience the Summer Splash Waspe 100k. 4-in-1 fruit pods, 56ml oil, and vaper sin nicotina options. Enjoy 100k vape puffs with 1-3 day EU delivery.\",\"breadcrumb\":{\"@id\":\"https:\\\/\\\/vozolvapen.de\\\/product\\\/100k-vape-waspe-aiviou-100k-summer-splash-series\\\/#breadcrumb\"},\"inLanguage\":\"fr-FR\",\"potentialAction\":[{\"@type\":\"ReadAction\",\"target\":[\"https:\\\/\\\/vozolvapen.de\\\/product\\\/100k-vape-waspe-aiviou-100k-summer-splash-series\\\/\"]}]},{\"@type\":\"ImageObject\",\"inLanguage\":\"fr-FR\",\"@id\":\"https:\\\/\\\/vozolvapen.de\\\/product\\\/100k-vape-waspe-aiviou-100k-summer-splash-series\\\/#primaryimage\",\"url\":\"https:\\\/\\\/vozolvapen.de\\\/wp-content\\\/uploads\\\/2026\\\/01\\\/waspe-100k-Watermelon-lceStrawberry-kiwiRaspberry-WatermelonLemon-Lime.webp\",\"contentUrl\":\"https:\\\/\\\/vozolvapen.de\\\/wp-content\\\/uploads\\\/2026\\\/01\\\/waspe-100k-Watermelon-lceStrawberry-kiwiRaspberry-WatermelonLemon-Lime.webp\",\"width\":1200,\"height\":1200,\"caption\":\"Waspe 100k Watermelon Lcestrawberry Kiwiraspberry Watermelonlemon Lime Disposable Vape Device\"},{\"@type\":\"BreadcrumbList\",\"@id\":\"https:\\\/\\\/vozolvapen.de\\\/product\\\/100k-vape-waspe-aiviou-100k-summer-splash-series\\\/#breadcrumb\",\"itemListElement\":[{\"@type\":\"ListItem\",\"position\":1,\"name\":\"Home\",\"item\":\"https:\\\/\\\/vozolvapen.de\\\/de\\\/\"},{\"@type\":\"ListItem\",\"position\":2,\"name\":\"Shop\",\"item\":\"https:\\\/\\\/vozolvapen.de\\\/shop\\\/\"},{\"@type\":\"ListItem\",\"position\":3,\"name\":\"100k Vape Waspe Aiviou 100k &#8211; Summer Splash Series\"}]},{\"@type\":\"WebSite\",\"@id\":\"https:\\\/\\\/vozolvapen.de\\\/#website\",\"url\":\"https:\\\/\\\/vozolvapen.de\\\/\",\"name\":\"vozolvapen\",\"description\":\"vozolvapen\",\"publisher\":{\"@id\":\"https:\\\/\\\/vozolvapen.de\\\/#organization\"},\"potentialAction\":[{\"@type\":\"SearchAction\",\"target\":{\"@type\":\"EntryPoint\",\"urlTemplate\":\"https:\\\/\\\/vozolvapen.de\\\/?s={search_term_string}\"},\"query-input\":{\"@type\":\"PropertyValueSpecification\",\"valueRequired\":true,\"valueName\":\"search_term_string\"}}],\"inLanguage\":\"fr-FR\"},{\"@type\":\"Organization\",\"@id\":\"https:\\\/\\\/vozolvapen.de\\\/#organization\",\"name\":\"vozolvapen\",\"url\":\"https:\\\/\\\/vozolvapen.de\\\/\",\"logo\":{\"@type\":\"ImageObject\",\"inLanguage\":\"fr-FR\",\"@id\":\"https:\\\/\\\/vozolvapen.de\\\/#\\\/schema\\\/logo\\\/image\\\/\",\"url\":\"https:\\\/\\\/vozolvapen.de\\\/wp-content\\\/uploads\\\/2025\\\/12\\\/cropped-vozovapen-logo.webp\",\"contentUrl\":\"https:\\\/\\\/vozolvapen.de\\\/wp-content\\\/uploads\\\/2025\\\/12\\\/cropped-vozovapen-logo.webp\",\"width\":470,\"height\":110,\"caption\":\"vozolvapen\"},\"image\":{\"@id\":\"https:\\\/\\\/vozolvapen.de\\\/#\\\/schema\\\/logo\\\/image\\\/\"}}]}<\/script>\n<!-- \/ Yoast SEO Premium plugin. -->","yoast_head_json":{"title":"Summer Splash Waspe 100k | Vape rafra\u00eechissante 4 en 1 - vozolvapen","description":"D\u00e9couvrez le Summer Splash Waspe 100k. Capsules de fruits 4 en 1, 56 ml d'huile et options sans nicotine pour vapoteurs. Profitez de 100 000 bouff\u00e9es avec une livraison en 1 \u00e0 3 jours dans l'UE.","robots":{"index":"index","follow":"follow","max-snippet":"max-snippet:-1","max-image-preview":"max-image-preview:large","max-video-preview":"max-video-preview:-1"},"canonical":"https:\/\/vozolvapen.de\/fr\/product\/100k-vape-waspe-aiviou-100k-summer-splash-series\/","og_locale":"fr_FR","og_type":"article","og_title":"100k Vape Waspe Aiviou 100k - Summer Splash Series","og_description":"Experience the Summer Splash Waspe 100k. 4-in-1 fruit pods, 56ml oil, and vaper sin nicotina options. Enjoy 100k vape puffs with 1-3 day EU delivery.","og_url":"https:\/\/vozolvapen.de\/fr\/product\/100k-vape-waspe-aiviou-100k-summer-splash-series\/","og_site_name":"vozolvapen","article_modified_time":"2026-02-10T10:54:34+00:00","og_image":[{"width":1200,"height":1200,"url":"https:\/\/vozolvapen.de\/wp-content\/uploads\/2026\/01\/waspe-100k-Watermelon-lceStrawberry-kiwiRaspberry-WatermelonLemon-Lime.webp","type":"image\/webp"}],"twitter_card":"summary_large_image","twitter_misc":{"Dur\u00e9e de lecture estim\u00e9e":"2 minutes"},"schema":{"@context":"https:\/\/schema.org","@graph":[{"@type":"WebPage","@id":"https:\/\/vozolvapen.de\/product\/100k-vape-waspe-aiviou-100k-summer-splash-series\/","url":"https:\/\/vozolvapen.de\/product\/100k-vape-waspe-aiviou-100k-summer-splash-series\/","name":"Summer Splash Waspe 100k | Vape rafra\u00eechissante 4 en 1 - vozolvapen","isPartOf":{"@id":"https:\/\/vozolvapen.de\/#website"},"primaryImageOfPage":{"@id":"https:\/\/vozolvapen.de\/product\/100k-vape-waspe-aiviou-100k-summer-splash-series\/#primaryimage"},"image":{"@id":"https:\/\/vozolvapen.de\/product\/100k-vape-waspe-aiviou-100k-summer-splash-series\/#primaryimage"},"thumbnailUrl":"https:\/\/vozolvapen.de\/wp-content\/uploads\/2026\/01\/waspe-100k-Watermelon-lceStrawberry-kiwiRaspberry-WatermelonLemon-Lime.webp","datePublished":"2026-01-04T03:49:23+00:00","dateModified":"2026-02-10T10:54:34+00:00","description":"D\u00e9couvrez le Summer Splash Waspe 100k. Capsules de fruits 4 en 1, 56 ml d'huile et options sans nicotine pour vapoteurs. Profitez de 100 000 bouff\u00e9es avec une livraison en 1 \u00e0 3 jours dans l'UE.","breadcrumb":{"@id":"https:\/\/vozolvapen.de\/product\/100k-vape-waspe-aiviou-100k-summer-splash-series\/#breadcrumb"},"inLanguage":"fr-FR","potentialAction":[{"@type":"ReadAction","target":["https:\/\/vozolvapen.de\/product\/100k-vape-waspe-aiviou-100k-summer-splash-series\/"]}]},{"@type":"ImageObject","inLanguage":"fr-FR","@id":"https:\/\/vozolvapen.de\/product\/100k-vape-waspe-aiviou-100k-summer-splash-series\/#primaryimage","url":"https:\/\/vozolvapen.de\/wp-content\/uploads\/2026\/01\/waspe-100k-Watermelon-lceStrawberry-kiwiRaspberry-WatermelonLemon-Lime.webp","contentUrl":"https:\/\/vozolvapen.de\/wp-content\/uploads\/2026\/01\/waspe-100k-Watermelon-lceStrawberry-kiwiRaspberry-WatermelonLemon-Lime.webp","width":1200,"height":1200,"caption":"Waspe 100k Watermelon Lcestrawberry Kiwiraspberry Watermelonlemon Lime Disposable Vape Device"},{"@type":"BreadcrumbList","@id":"https:\/\/vozolvapen.de\/product\/100k-vape-waspe-aiviou-100k-summer-splash-series\/#breadcrumb","itemListElement":[{"@type":"ListItem","position":1,"name":"Home","item":"https:\/\/vozolvapen.de\/de\/"},{"@type":"ListItem","position":2,"name":"Shop","item":"https:\/\/vozolvapen.de\/shop\/"},{"@type":"ListItem","position":3,"name":"100k Vape Waspe Aiviou 100k &#8211; Summer Splash Series"}]},{"@type":"WebSite","@id":"https:\/\/vozolvapen.de\/#website","url":"https:\/\/vozolvapen.de\/","name":"vozolvapen","description":"vozolvapen","publisher":{"@id":"https:\/\/vozolvapen.de\/#organization"},"potentialAction":[{"@type":"SearchAction","target":{"@type":"EntryPoint","urlTemplate":"https:\/\/vozolvapen.de\/?s={search_term_string}"},"query-input":{"@type":"PropertyValueSpecification","valueRequired":true,"valueName":"search_term_string"}}],"inLanguage":"fr-FR"},{"@type":"Organization","@id":"https:\/\/vozolvapen.de\/#organization","name":"vozolvapen","url":"https:\/\/vozolvapen.de\/","logo":{"@type":"ImageObject","inLanguage":"fr-FR","@id":"https:\/\/vozolvapen.de\/#\/schema\/logo\/image\/","url":"https:\/\/vozolvapen.de\/wp-content\/uploads\/2025\/12\/cropped-vozovapen-logo.webp","contentUrl":"https:\/\/vozolvapen.de\/wp-content\/uploads\/2025\/12\/cropped-vozovapen-logo.webp","width":470,"height":110,"caption":"vozolvapen"},"image":{"@id":"https:\/\/vozolvapen.de\/#\/schema\/logo\/image\/"}}]}},"tiered_pricing_type":"fixed","tiered_pricing_fixed_rules":{"30":"13.57","50":"11.57","100":"10.57","200":"10.07"},"tiered_pricing_product_settings":{"layout":"default","base_unit_name":{"singular":null,"plural":null},"default_variation":{}},"tiered_pricing_minimum_quantity":10,"tiered_pricing_roles_data":[],"tiered_pricing_percentage_rules":[],"tiered_pricing_maximum_quantity":null,"tiered_pricing_quantity_step":"10","_links":{"self":[{"href":"https:\/\/vozolvapen.de\/fr\/wp-json\/wp\/v2\/product\/51885","targetHints":{"allow":["GET"]}}],"collection":[{"href":"https:\/\/vozolvapen.de\/fr\/wp-json\/wp\/v2\/product"}],"about":[{"href":"https:\/\/vozolvapen.de\/fr\/wp-json\/wp\/v2\/types\/product"}],"replies":[{"embeddable":true,"href":"https:\/\/vozolvapen.de\/fr\/wp-json\/wp\/v2\/comments?post=51885"}],"wp:featuredmedia":[{"embeddable":true,"href":"https:\/\/vozolvapen.de\/fr\/wp-json\/wp\/v2\/media\/52367"}],"wp:attachment":[{"href":"https:\/\/vozolvapen.de\/fr\/wp-json\/wp\/v2\/media?parent=51885"}],"wp:term":[{"taxonomy":"product_brand","embeddable":true,"href":"https:\/\/vozolvapen.de\/fr\/wp-json\/wp\/v2\/product_brand?post=51885"},{"taxonomy":"product_cat","embeddable":true,"href":"https:\/\/vozolvapen.de\/fr\/wp-json\/wp\/v2\/product_cat?post=51885"},{"taxonomy":"product_tag","embeddable":true,"href":"https:\/\/vozolvapen.de\/fr\/wp-json\/wp\/v2\/product_tag?post=51885"}],"curies":[{"name":"wp","href":"https:\/\/api.w.org\/{rel}","templated":true}]}}