{"id":51925,"date":"2026-01-04T03:49:24","date_gmt":"2026-01-04T03:49:24","guid":{"rendered":"https:\/\/vozolvapen.de\/?post_type=product&#038;p=51925"},"modified":"2026-02-10T10:54:31","modified_gmt":"2026-02-10T10:54:31","slug":"100k-vape-waspe-aiviou-100k-candy-berry-series","status":"publish","type":"product","link":"https:\/\/vozolvapen.de\/fr\/product\/100k-vape-waspe-aiviou-100k-candy-berry-series\/","title":{"rendered":"100k Vape Waspe Aiviou 100k \u2013 S\u00e9rie Candy Berry"},"content":{"rendered":"<h1>100k Vape Waspe Aiviou 100k bouff\u00e9es \u2013 S\u00e9rie Candy Berry<\/h1>\n<p data-path-to-node=\"9\"><b data-path-to-node=\"9\" data-index-in-node=\"0\">La fusion des bonbons aux baies :<\/b> Con\u00e7u pour les gourmands qui aiment la vari\u00e9t\u00e9. Ce <b data-path-to-node=\"9\" data-index-in-node=\"79\">Waspe Aiviou 100k<\/b> Une combinaison de notes nostalgiques de bonbons et de m\u00e9langes de baies profondes. Le syst\u00e8me de bobine \u00e0 4 mailles garantit que chacune des 100 000 bouff\u00e9es reste satur\u00e9e d'une saveur intense.<\/p>\n<h2 data-path-to-node=\"10\"><b data-path-to-node=\"10\" data-index-in-node=\"0\">La plong\u00e9e profonde Sweet &amp; Berry<\/b><\/h2>\n<ul data-path-to-node=\"11\">\n<li>\n<p data-path-to-node=\"11,0,0\"><b data-path-to-node=\"11,0,0\" data-index-in-node=\"0\">Mode A \u2013 Fraise-Past\u00e8que :<\/b> La fusion fruit\u00e9e sucr\u00e9e par excellence.<\/p>\n<\/li>\n<li>\n<p data-path-to-node=\"11,1,0\"><b data-path-to-node=\"11,1,0\" data-index-in-node=\"0\">Mode B \u2013 M. Blue :<\/b> Un m\u00e9lange myst\u00e9rieux et rafra\u00eechissant de framboises bleues et de m\u00fbres.<\/p>\n<\/li>\n<li>\n<p data-path-to-node=\"11,2,0\"><b data-path-to-node=\"11,2,0\" data-index-in-node=\"0\">Mode C \u2013 Glace au raisin :<\/b> Raisins violets sucr\u00e9s avec une forte finale menthol\u00e9e.<\/p>\n<\/li>\n<li>\n<p data-path-to-node=\"11,3,0\"><b data-path-to-node=\"11,3,0\" data-index-in-node=\"0\">Mode D \u2013 Bonbons arc-en-ciel :<\/b> Une explosion sucr\u00e9e et multiconfite qui rappelle le rayon des snacks.<\/p>\n<\/li>\n<\/ul>\n<h2 data-path-to-node=\"12\"><b data-path-to-node=\"12\" data-index-in-node=\"0\">\u00c0 qui s'adresse cette saveur ?<\/b><\/h2>\n<p data-path-to-node=\"12\"><b data-path-to-node=\"12\" data-index-in-node=\"24\">Le chercheur de douceur :<\/b> Id\u00e9al pour les vapoteurs qui recherchent une grande capacit\u00e9 <b data-path-to-node=\"12\" data-index-in-node=\"84\">Vaper 100k<\/b> qui a le go\u00fbt d'une visite chez le confiseur.<\/p>\n<h3 data-path-to-node=\"5\"><b data-path-to-node=\"5\" data-index-in-node=\"0\">S\u00e9rie Candy Berry \u2013 Caract\u00e9ristiques techniques<\/b><\/h3>\n<table data-path-to-node=\"6\">\n<thead>\n<tr>\n<td><strong>Profil de performance<\/strong><\/td>\n<td><strong>Waspe 100k Donn\u00e9es techniques<\/strong><\/td>\n<td><strong>Indice d'exp\u00e9rience gustative<\/strong><\/td>\n<\/tr>\n<\/thead>\n<tbody>\n<tr>\n<td><span data-path-to-node=\"6,1,0,0\"><b data-path-to-node=\"6,1,0,0\" data-index-in-node=\"0\">Mod\u00e8le<\/b><\/span><\/td>\n<td><span data-path-to-node=\"6,1,1,0\"><b data-path-to-node=\"6,1,1,0\" data-index-in-node=\"0\">Waspe Aiviou 100k<\/b><\/span><\/td>\n<td><span data-path-to-node=\"6,1,2,0\"><b data-path-to-node=\"6,1,2,0\" data-index-in-node=\"0\">Intensit\u00e9 du refroidissement :<\/b> \u2744\ufe0f\u2744\ufe0f<\/span><\/td>\n<\/tr>\n<tr>\n<td><span data-path-to-node=\"6,2,0,0\"><b data-path-to-node=\"6,2,0,0\" data-index-in-node=\"0\">Poids<\/b><\/span><\/td>\n<td><span data-path-to-node=\"6,2,1,0\">142 g Construction ergonomique<\/span><\/td>\n<td><span data-path-to-node=\"6,2,2,0\"><b data-path-to-node=\"6,2,2,0\" data-index-in-node=\"0\">Niveau de douceur :<\/b> \ud83c\udf6c\ud83c\udf6c\ud83c\udf6c\ud83c\udf6c\ud83c\udf6c<\/span><\/td>\n<\/tr>\n<tr>\n<td><span data-path-to-node=\"6,3,0,0\"><b data-path-to-node=\"6,3,0,0\" data-index-in-node=\"0\">Recharge<\/b><\/span><\/td>\n<td><span data-path-to-node=\"6,3,1,0\">Charge rapide Type-C<\/span><\/td>\n<td><span data-path-to-node=\"6,3,2,0\"><b data-path-to-node=\"6,3,2,0\" data-index-in-node=\"0\">Texture des bonbons :<\/b> \ud83c\udf6d\ud83c\udf6d\ud83c\udf6d\ud83c\udf6d\ud83c\udf6d<\/span><\/td>\n<\/tr>\n<tr>\n<td><span data-path-to-node=\"6,4,0,0\"><b data-path-to-node=\"6,4,0,0\" data-index-in-node=\"0\">Technologie des bobines<\/b><\/span><\/td>\n<td><span data-path-to-node=\"6,4,1,0\">4 r\u00e9sistances Mesh de 1,0 \u03a9<\/span><\/td>\n<td><span data-path-to-node=\"6,4,2,0\"><b data-path-to-node=\"6,4,2,0\" data-index-in-node=\"0\">Meilleur d\u00e9bit d'air :<\/b> Moyen (Saveur intense)<\/span><\/td>\n<\/tr>\n<\/tbody>\n<\/table>\n<h3 data-path-to-node=\"9,0\"><b data-path-to-node=\"9,0\" data-index-in-node=\"0\">Quand alimenter votre Waspe 100k ?<\/b><\/h3>\n<p data-path-to-node=\"9,1\">Le <b data-path-to-node=\"9,1\" data-index-in-node=\"4\">Waspe 4 en 1 100K<\/b> est l'accessoire lifestyle ultime, con\u00e7u pour ceux qui ne veulent jamais se retrouver avec un appareil d\u00e9charg\u00e9.<\/p>\n<ul data-path-to-node=\"9,2\">\n<li>\n<p data-path-to-node=\"9,2,0,0\"><b data-path-to-node=\"9,2,0,0\" data-index-in-node=\"0\">Le coup d'envoi matinal :<\/b> Passez aux modes \u00c9nergie pour commencer votre journ\u00e9e avec un coup de fouet intense, comme celui que procure la caf\u00e9ine.<\/p>\n<\/li>\n<li>\n<p data-path-to-node=\"9,2,1,0\"><b data-path-to-node=\"9,2,1,0\" data-index-in-node=\"0\">Le long parcours :<\/b> Vous pr\u00e9voyez un voyage en voiture ? Ceci <b data-path-to-node=\"9,2,1,0\" data-index-in-node=\"42\">vaper 100k<\/b> Giant vous garantit des semaines de saveur sans avoir besoin de r\u00e9serve.<\/p>\n<\/li>\n<li>\n<p data-path-to-node=\"9,2,2,0\"><b data-path-to-node=\"9,2,2,0\" data-index-in-node=\"0\">Soir\u00e9es tardives :<\/b> Passez aux modes \u201c Icy \u201d pour obtenir un nuage frais et aromatique qui se d\u00e9marque dans n'importe quelle foule.<\/p>\n<\/li>\n<\/ul>\n<p data-path-to-node=\"9,3\"><b data-path-to-node=\"9,3\" data-index-in-node=\"0\">Conseil de pro :<\/b> En tant que haute capacit\u00e9 <b data-path-to-node=\"9,3\" data-index-in-node=\"28\">Vaper 100k<\/b>, utilisez le port Type-C pour recharger votre batterie pendant votre caf\u00e9 du matin et profiter d'une journ\u00e9e enti\u00e8re sans interruption. <b data-path-to-node=\"9,3\" data-index-in-node=\"142\">vaper 100k puffs<\/b>.<\/p>\n<h3 data-path-to-node=\"77\"><b data-path-to-node=\"77\" data-index-in-node=\"0\">Recommandations suppl\u00e9mentaires :<\/b><\/h3>\n<p data-path-to-node=\"78\">D\u00e9couvrez encore plus de saveurs incroyables avec le <b data-path-to-node=\"78\" data-index-in-node=\"47\">Waspe 4 en 1 100K Vape<\/b>!<\/p>\n<p data-path-to-node=\"79\"><a class=\"ng-star-inserted\" href=\"https:\/\/vozolvapen.de\/fr\/product-category\/waspe-vape\/100k-vape-waspe-aiviou-100k-4-in-1\/\" target=\"_blank\" rel=\"noopener\" data-hveid=\"0\" data-ved=\"0CAAQ_4QMahgKEwjxyYqx9_CRAxUAAAAAHQAAAAAQ9wE\">Voir toutes les vari\u00e9t\u00e9s ici \u2192<\/a><\/p>\n<p data-path-to-node=\"80\">D\u00e9couvrez notre collection compl\u00e8te et achetez les meilleures marques de cigarettes \u00e9lectroniques que vous allez adorer.<\/p>\n<p data-path-to-node=\"81\"><a class=\"ng-star-inserted\" href=\"https:\/\/vozolvapen.de\/fr\/\" target=\"_blank\" rel=\"noopener\" data-hveid=\"0\" data-ved=\"0CAAQ_4QMahgKEwjxyYqx9_CRAxUAAAAAHQAAAAAQ-AE\">Parcourir toutes les marques maintenant \u2192<\/a><\/p>\n<p data-path-to-node=\"82\">Consultez la liste compl\u00e8te <b data-path-to-node=\"82\" data-index-in-node=\"23\">Waspe Aiviou<\/b> s\u00e9rie \u2014 toutes les saveurs, tous les styles !<\/p>\n<p data-path-to-node=\"83\"><a class=\"ng-star-inserted\" href=\"https:\/\/vozolvapen.de\/fr\/product-category\/waspe-vape\/\" target=\"_blank\" rel=\"noopener\" data-hveid=\"0\" data-ved=\"0CAAQ_4QMahgKEwjxyYqx9_CRAxUAAAAAHQAAAAAQ-QE\">D\u00e9couvrez toute la collection Waspe \u2192<\/a><\/p>","protected":false},"excerpt":{"rendered":"<p><b data-path-to-node=\"3,2,4,0\" data-index-in-node=\"0\">Le marathon le plus doux.<\/b> Choisissez parmi quatre capsules nostalgiques aux bonbons et aux baies. Une grande capacit\u00e9 <b data-path-to-node=\"3,2,4,0\" data-index-in-node=\"91\">vaper 100k puffs<\/b> g\u00e9ant con\u00e7u pour les vrais gourmands.<\/p>","protected":false},"featured_media":52370,"comment_status":"open","ping_status":"closed","template":"","meta":{"_acf_changed":false},"product_brand":[],"product_cat":[107,134],"product_tag":[],"class_list":{"0":"post-51925","1":"product","2":"type-product","3":"status-publish","4":"has-post-thumbnail","6":"product_cat-100k-vape-waspe-aiviou-100k-4-in-1","7":"product_cat-eu-warehouse-in-stock","9":"first","10":"instock","11":"shipping-taxable","12":"purchasable","13":"product-type-variable"},"acf":[],"yoast_head":"<!-- This site is optimized with the Yoast SEO Premium plugin v26.1 (Yoast SEO v27.5) - https:\/\/yoast.com\/product\/yoast-seo-premium-wordpress\/ -->\n<title>Candy Berry Waspe Aiviou 100k | 100k Vape Candy Mix - vozolvapen<\/title>\n<meta name=\"description\" content=\"Shop Candy Berry Waspe Aiviou 100k. A sweet 4-in-1 blend of Grape, Mr. Blue, and Candy. The perfect vaper 100k for those seeking a sugary, long-lasting hit.\" \/>\n<meta name=\"robots\" content=\"index, follow, max-snippet:-1, max-image-preview:large, max-video-preview:-1\" \/>\n<link rel=\"canonical\" href=\"https:\/\/vozolvapen.de\/fr\/product\/100k-vape-waspe-aiviou-100k-candy-berry-series\/\" \/>\n<meta property=\"og:locale\" content=\"fr_FR\" \/>\n<meta property=\"og:type\" content=\"article\" \/>\n<meta property=\"og:title\" content=\"100k Vape Waspe Aiviou 100k - Candy Berry Series\" \/>\n<meta property=\"og:description\" content=\"Shop Candy Berry Waspe Aiviou 100k. A sweet 4-in-1 blend of Grape, Mr. Blue, and Candy. The perfect vaper 100k for those seeking a sugary, long-lasting hit.\" \/>\n<meta property=\"og:url\" content=\"https:\/\/vozolvapen.de\/fr\/product\/100k-vape-waspe-aiviou-100k-candy-berry-series\/\" \/>\n<meta property=\"og:site_name\" content=\"vozolvapen\" \/>\n<meta property=\"article:modified_time\" content=\"2026-02-10T10:54:31+00:00\" \/>\n<meta property=\"og:image\" content=\"https:\/\/vozolvapen.de\/wp-content\/uploads\/2026\/01\/waspe-100k-Strawberry-WatermelonMr.BlueGrape-lceRainbow-Candy.webp\" \/>\n\t<meta property=\"og:image:width\" content=\"1200\" \/>\n\t<meta property=\"og:image:height\" content=\"1200\" \/>\n\t<meta property=\"og:image:type\" content=\"image\/webp\" \/>\n<meta name=\"twitter:card\" content=\"summary_large_image\" \/>\n<meta name=\"twitter:label1\" content=\"Dur\u00e9e de lecture estim\u00e9e\" \/>\n\t<meta name=\"twitter:data1\" content=\"2 minutes\" \/>\n<script type=\"application\/ld+json\" class=\"yoast-schema-graph\">{\"@context\":\"https:\\\/\\\/schema.org\",\"@graph\":[{\"@type\":\"WebPage\",\"@id\":\"https:\\\/\\\/vozolvapen.de\\\/product\\\/100k-vape-waspe-aiviou-100k-candy-berry-series\\\/\",\"url\":\"https:\\\/\\\/vozolvapen.de\\\/product\\\/100k-vape-waspe-aiviou-100k-candy-berry-series\\\/\",\"name\":\"Candy Berry Waspe Aiviou 100k | 100k Vape Candy Mix - vozolvapen\",\"isPartOf\":{\"@id\":\"https:\\\/\\\/vozolvapen.de\\\/#website\"},\"primaryImageOfPage\":{\"@id\":\"https:\\\/\\\/vozolvapen.de\\\/product\\\/100k-vape-waspe-aiviou-100k-candy-berry-series\\\/#primaryimage\"},\"image\":{\"@id\":\"https:\\\/\\\/vozolvapen.de\\\/product\\\/100k-vape-waspe-aiviou-100k-candy-berry-series\\\/#primaryimage\"},\"thumbnailUrl\":\"https:\\\/\\\/vozolvapen.de\\\/wp-content\\\/uploads\\\/2026\\\/01\\\/waspe-100k-Strawberry-WatermelonMr.BlueGrape-lceRainbow-Candy.webp\",\"datePublished\":\"2026-01-04T03:49:24+00:00\",\"dateModified\":\"2026-02-10T10:54:31+00:00\",\"description\":\"Shop Candy Berry Waspe Aiviou 100k. A sweet 4-in-1 blend of Grape, Mr. Blue, and Candy. The perfect vaper 100k for those seeking a sugary, long-lasting hit.\",\"breadcrumb\":{\"@id\":\"https:\\\/\\\/vozolvapen.de\\\/product\\\/100k-vape-waspe-aiviou-100k-candy-berry-series\\\/#breadcrumb\"},\"inLanguage\":\"fr-FR\",\"potentialAction\":[{\"@type\":\"ReadAction\",\"target\":[\"https:\\\/\\\/vozolvapen.de\\\/product\\\/100k-vape-waspe-aiviou-100k-candy-berry-series\\\/\"]}]},{\"@type\":\"ImageObject\",\"inLanguage\":\"fr-FR\",\"@id\":\"https:\\\/\\\/vozolvapen.de\\\/product\\\/100k-vape-waspe-aiviou-100k-candy-berry-series\\\/#primaryimage\",\"url\":\"https:\\\/\\\/vozolvapen.de\\\/wp-content\\\/uploads\\\/2026\\\/01\\\/waspe-100k-Strawberry-WatermelonMr.BlueGrape-lceRainbow-Candy.webp\",\"contentUrl\":\"https:\\\/\\\/vozolvapen.de\\\/wp-content\\\/uploads\\\/2026\\\/01\\\/waspe-100k-Strawberry-WatermelonMr.BlueGrape-lceRainbow-Candy.webp\",\"width\":1200,\"height\":1200,\"caption\":\"Waspe 100k Strawberry Watermelonmr.bluegrape Lcerainbow Candy Disposable Vape Device\"},{\"@type\":\"BreadcrumbList\",\"@id\":\"https:\\\/\\\/vozolvapen.de\\\/product\\\/100k-vape-waspe-aiviou-100k-candy-berry-series\\\/#breadcrumb\",\"itemListElement\":[{\"@type\":\"ListItem\",\"position\":1,\"name\":\"Home\",\"item\":\"https:\\\/\\\/vozolvapen.de\\\/de\\\/\"},{\"@type\":\"ListItem\",\"position\":2,\"name\":\"Shop\",\"item\":\"https:\\\/\\\/vozolvapen.de\\\/shop\\\/\"},{\"@type\":\"ListItem\",\"position\":3,\"name\":\"100k Vape Waspe Aiviou 100k &#8211; Candy Berry Series\"}]},{\"@type\":\"WebSite\",\"@id\":\"https:\\\/\\\/vozolvapen.de\\\/#website\",\"url\":\"https:\\\/\\\/vozolvapen.de\\\/\",\"name\":\"vozolvapen\",\"description\":\"vozolvapen\",\"publisher\":{\"@id\":\"https:\\\/\\\/vozolvapen.de\\\/#organization\"},\"potentialAction\":[{\"@type\":\"SearchAction\",\"target\":{\"@type\":\"EntryPoint\",\"urlTemplate\":\"https:\\\/\\\/vozolvapen.de\\\/?s={search_term_string}\"},\"query-input\":{\"@type\":\"PropertyValueSpecification\",\"valueRequired\":true,\"valueName\":\"search_term_string\"}}],\"inLanguage\":\"fr-FR\"},{\"@type\":\"Organization\",\"@id\":\"https:\\\/\\\/vozolvapen.de\\\/#organization\",\"name\":\"vozolvapen\",\"url\":\"https:\\\/\\\/vozolvapen.de\\\/\",\"logo\":{\"@type\":\"ImageObject\",\"inLanguage\":\"fr-FR\",\"@id\":\"https:\\\/\\\/vozolvapen.de\\\/#\\\/schema\\\/logo\\\/image\\\/\",\"url\":\"https:\\\/\\\/vozolvapen.de\\\/wp-content\\\/uploads\\\/2025\\\/12\\\/cropped-vozovapen-logo.webp\",\"contentUrl\":\"https:\\\/\\\/vozolvapen.de\\\/wp-content\\\/uploads\\\/2025\\\/12\\\/cropped-vozovapen-logo.webp\",\"width\":470,\"height\":110,\"caption\":\"vozolvapen\"},\"image\":{\"@id\":\"https:\\\/\\\/vozolvapen.de\\\/#\\\/schema\\\/logo\\\/image\\\/\"}}]}<\/script>\n<!-- \/ Yoast SEO Premium plugin. -->","yoast_head_json":{"title":"Candy Berry Waspe Aiviou 100k | 100k Vape Candy Mix - vozolvapen","description":"Achetez Candy Berry Waspe Aiviou 100k. Un m\u00e9lange sucr\u00e9 4 en 1 de raisin, Mr. Blue et bonbon. Le 100k parfait pour ceux qui recherchent une saveur sucr\u00e9e et durable.","robots":{"index":"index","follow":"follow","max-snippet":"max-snippet:-1","max-image-preview":"max-image-preview:large","max-video-preview":"max-video-preview:-1"},"canonical":"https:\/\/vozolvapen.de\/fr\/product\/100k-vape-waspe-aiviou-100k-candy-berry-series\/","og_locale":"fr_FR","og_type":"article","og_title":"100k Vape Waspe Aiviou 100k - Candy Berry Series","og_description":"Shop Candy Berry Waspe Aiviou 100k. A sweet 4-in-1 blend of Grape, Mr. Blue, and Candy. The perfect vaper 100k for those seeking a sugary, long-lasting hit.","og_url":"https:\/\/vozolvapen.de\/fr\/product\/100k-vape-waspe-aiviou-100k-candy-berry-series\/","og_site_name":"vozolvapen","article_modified_time":"2026-02-10T10:54:31+00:00","og_image":[{"width":1200,"height":1200,"url":"https:\/\/vozolvapen.de\/wp-content\/uploads\/2026\/01\/waspe-100k-Strawberry-WatermelonMr.BlueGrape-lceRainbow-Candy.webp","type":"image\/webp"}],"twitter_card":"summary_large_image","twitter_misc":{"Dur\u00e9e de lecture estim\u00e9e":"2 minutes"},"schema":{"@context":"https:\/\/schema.org","@graph":[{"@type":"WebPage","@id":"https:\/\/vozolvapen.de\/product\/100k-vape-waspe-aiviou-100k-candy-berry-series\/","url":"https:\/\/vozolvapen.de\/product\/100k-vape-waspe-aiviou-100k-candy-berry-series\/","name":"Candy Berry Waspe Aiviou 100k | 100k Vape Candy Mix - vozolvapen","isPartOf":{"@id":"https:\/\/vozolvapen.de\/#website"},"primaryImageOfPage":{"@id":"https:\/\/vozolvapen.de\/product\/100k-vape-waspe-aiviou-100k-candy-berry-series\/#primaryimage"},"image":{"@id":"https:\/\/vozolvapen.de\/product\/100k-vape-waspe-aiviou-100k-candy-berry-series\/#primaryimage"},"thumbnailUrl":"https:\/\/vozolvapen.de\/wp-content\/uploads\/2026\/01\/waspe-100k-Strawberry-WatermelonMr.BlueGrape-lceRainbow-Candy.webp","datePublished":"2026-01-04T03:49:24+00:00","dateModified":"2026-02-10T10:54:31+00:00","description":"Achetez Candy Berry Waspe Aiviou 100k. Un m\u00e9lange sucr\u00e9 4 en 1 de raisin, Mr. Blue et bonbon. Le 100k parfait pour ceux qui recherchent une saveur sucr\u00e9e et durable.","breadcrumb":{"@id":"https:\/\/vozolvapen.de\/product\/100k-vape-waspe-aiviou-100k-candy-berry-series\/#breadcrumb"},"inLanguage":"fr-FR","potentialAction":[{"@type":"ReadAction","target":["https:\/\/vozolvapen.de\/product\/100k-vape-waspe-aiviou-100k-candy-berry-series\/"]}]},{"@type":"ImageObject","inLanguage":"fr-FR","@id":"https:\/\/vozolvapen.de\/product\/100k-vape-waspe-aiviou-100k-candy-berry-series\/#primaryimage","url":"https:\/\/vozolvapen.de\/wp-content\/uploads\/2026\/01\/waspe-100k-Strawberry-WatermelonMr.BlueGrape-lceRainbow-Candy.webp","contentUrl":"https:\/\/vozolvapen.de\/wp-content\/uploads\/2026\/01\/waspe-100k-Strawberry-WatermelonMr.BlueGrape-lceRainbow-Candy.webp","width":1200,"height":1200,"caption":"Waspe 100k Strawberry Watermelonmr.bluegrape Lcerainbow Candy Disposable Vape Device"},{"@type":"BreadcrumbList","@id":"https:\/\/vozolvapen.de\/product\/100k-vape-waspe-aiviou-100k-candy-berry-series\/#breadcrumb","itemListElement":[{"@type":"ListItem","position":1,"name":"Home","item":"https:\/\/vozolvapen.de\/de\/"},{"@type":"ListItem","position":2,"name":"Shop","item":"https:\/\/vozolvapen.de\/shop\/"},{"@type":"ListItem","position":3,"name":"100k Vape Waspe Aiviou 100k &#8211; Candy Berry Series"}]},{"@type":"WebSite","@id":"https:\/\/vozolvapen.de\/#website","url":"https:\/\/vozolvapen.de\/","name":"vozolvapen","description":"vozolvapen","publisher":{"@id":"https:\/\/vozolvapen.de\/#organization"},"potentialAction":[{"@type":"SearchAction","target":{"@type":"EntryPoint","urlTemplate":"https:\/\/vozolvapen.de\/?s={search_term_string}"},"query-input":{"@type":"PropertyValueSpecification","valueRequired":true,"valueName":"search_term_string"}}],"inLanguage":"fr-FR"},{"@type":"Organization","@id":"https:\/\/vozolvapen.de\/#organization","name":"vozolvapen","url":"https:\/\/vozolvapen.de\/","logo":{"@type":"ImageObject","inLanguage":"fr-FR","@id":"https:\/\/vozolvapen.de\/#\/schema\/logo\/image\/","url":"https:\/\/vozolvapen.de\/wp-content\/uploads\/2025\/12\/cropped-vozovapen-logo.webp","contentUrl":"https:\/\/vozolvapen.de\/wp-content\/uploads\/2025\/12\/cropped-vozovapen-logo.webp","width":470,"height":110,"caption":"vozolvapen"},"image":{"@id":"https:\/\/vozolvapen.de\/#\/schema\/logo\/image\/"}}]}},"tiered_pricing_type":"fixed","tiered_pricing_fixed_rules":{"30":"13.57","50":"11.57","100":"10.57","200":"10.07"},"tiered_pricing_product_settings":{"layout":"default","base_unit_name":{"singular":null,"plural":null},"default_variation":{}},"tiered_pricing_minimum_quantity":10,"tiered_pricing_roles_data":[],"tiered_pricing_percentage_rules":[],"tiered_pricing_maximum_quantity":null,"tiered_pricing_quantity_step":"10","_links":{"self":[{"href":"https:\/\/vozolvapen.de\/fr\/wp-json\/wp\/v2\/product\/51925","targetHints":{"allow":["GET"]}}],"collection":[{"href":"https:\/\/vozolvapen.de\/fr\/wp-json\/wp\/v2\/product"}],"about":[{"href":"https:\/\/vozolvapen.de\/fr\/wp-json\/wp\/v2\/types\/product"}],"replies":[{"embeddable":true,"href":"https:\/\/vozolvapen.de\/fr\/wp-json\/wp\/v2\/comments?post=51925"}],"wp:featuredmedia":[{"embeddable":true,"href":"https:\/\/vozolvapen.de\/fr\/wp-json\/wp\/v2\/media\/52370"}],"wp:attachment":[{"href":"https:\/\/vozolvapen.de\/fr\/wp-json\/wp\/v2\/media?parent=51925"}],"wp:term":[{"taxonomy":"product_brand","embeddable":true,"href":"https:\/\/vozolvapen.de\/fr\/wp-json\/wp\/v2\/product_brand?post=51925"},{"taxonomy":"product_cat","embeddable":true,"href":"https:\/\/vozolvapen.de\/fr\/wp-json\/wp\/v2\/product_cat?post=51925"},{"taxonomy":"product_tag","embeddable":true,"href":"https:\/\/vozolvapen.de\/fr\/wp-json\/wp\/v2\/product_tag?post=51925"}],"curies":[{"name":"wp","href":"https:\/\/api.w.org\/{rel}","templated":true}]}}