{"id":52325,"date":"2026-01-04T03:49:43","date_gmt":"2026-01-04T03:49:43","guid":{"rendered":"https:\/\/vozolvapen.de\/?post_type=product&#038;p=52325"},"modified":"2026-02-10T10:54:10","modified_gmt":"2026-02-10T10:54:10","slug":"100k-vape-waspe-aiviou-100k-zesty-blue-series","status":"publish","type":"product","link":"https:\/\/vozolvapen.de\/fr\/product\/100k-vape-waspe-aiviou-100k-zesty-blue-series\/","title":{"rendered":"100k Vape Waspe Aiviou 100k \u2013 S\u00e9rie Zesty Blue"},"content":{"rendered":"<h1>100k Vape Waspe Aiviou 100k bouff\u00e9es \u2013 S\u00e9rie Zesty Blue<\/h1>\n<p data-path-to-node=\"69\"><b data-path-to-node=\"69\" data-index-in-node=\"0\">Le zeste de myrtille et de raisin :<\/b> Un ensemble final propre, botanique et rafra\u00eechissant. Ceci <b data-path-to-node=\"69\" data-index-in-node=\"79\">100k Vape<\/b> Cette combinaison est excellente pour nettoyer le palais tout en procurant une profonde satisfaction fruit\u00e9e.<\/p>\n<h2 data-path-to-node=\"70\"><b data-path-to-node=\"70\" data-index-in-node=\"0\">La r\u00e9colte savoureuse en profondeur<\/b><\/h2>\n<ul data-path-to-node=\"71\">\n<li>\n<p data-path-to-node=\"71,0,0\"><b data-path-to-node=\"71,0,0\" data-index-in-node=\"0\">Mode A \u2013 Myrtille Framboise :<\/b> Le duo de baies ultime.<\/p>\n<\/li>\n<li>\n<p data-path-to-node=\"71,1,0\"><b data-path-to-node=\"71,1,0\" data-index-in-node=\"0\">Mode B \u2013 Limonade aux bleuets :<\/b> Une boisson estivale rafra\u00eechissante et acidul\u00e9e.<\/p>\n<\/li>\n<li>\n<p data-path-to-node=\"71,2,0\"><b data-path-to-node=\"71,2,0\" data-index-in-node=\"0\">Mode C \u2013 Baies m\u00e9lang\u00e9es :<\/b> Une symphonie \u00e9quilibr\u00e9e de baies.<\/p>\n<\/li>\n<li>\n<p data-path-to-node=\"71,3,0\"><b data-path-to-node=\"71,3,0\" data-index-in-node=\"0\">Mode D \u2013 Glace au miel de raisin :<\/b> Raisin sucr\u00e9 avec une finale douce au miel et \u00e0 la glace.<\/p>\n<\/li>\n<\/ul>\n<h2 data-path-to-node=\"72\"><b data-path-to-node=\"72\" data-index-in-node=\"0\">\u00c0 qui s'adresse cette saveur ?<\/b><\/h2>\n<p data-path-to-node=\"72\"><b data-path-to-node=\"72\" data-index-in-node=\"24\">Le vapoteur propre :<\/b> Parfait pour ceux qui veulent un produit durable <b data-path-to-node=\"72\" data-index-in-node=\"83\">Vaper 100k<\/b> qui reste l\u00e9ger et rafra\u00eechissant.<\/p>\n<h3 data-path-to-node=\"35\"><b data-path-to-node=\"35\" data-index-in-node=\"0\">S\u00e9rie Zesty Blue \u2013 Caract\u00e9ristiques techniques<\/b><\/h3>\n<table data-path-to-node=\"36\">\n<thead>\n<tr>\n<td><strong>Profil de performance<\/strong><\/td>\n<td><strong>Waspe 100k Donn\u00e9es techniques<\/strong><\/td>\n<td><strong>Indice d'exp\u00e9rience gustative<\/strong><\/td>\n<\/tr>\n<\/thead>\n<tbody>\n<tr>\n<td><span data-path-to-node=\"36,1,0,0\"><b data-path-to-node=\"36,1,0,0\" data-index-in-node=\"0\">S\u00e9rie<\/b><\/span><\/td>\n<td><span data-path-to-node=\"36,1,1,0\"><b data-path-to-node=\"36,1,1,0\" data-index-in-node=\"0\">Waspe Aiviou 100k<\/b> Zeste<\/span><\/td>\n<td><span data-path-to-node=\"36,1,2,0\"><b data-path-to-node=\"36,1,2,0\" data-index-in-node=\"0\">Nettoyage du palais :<\/b> \ud83e\uddfc\ud83e\uddfc\ud83e\uddfc\ud83e\uddfc<\/span><\/td>\n<\/tr>\n<tr>\n<td><span data-path-to-node=\"36,2,0,0\"><b data-path-to-node=\"36,2,0,0\" data-index-in-node=\"0\">Sp\u00e9cifications du liquide<\/b><\/span><\/td>\n<td><span data-path-to-node=\"36,2,1,0\">56 ml d'extrait botanique<\/span><\/td>\n<td><span data-path-to-node=\"36,2,2,0\"><b data-path-to-node=\"36,2,2,0\" data-index-in-node=\"0\">Acidit\u00e9 des myrtilles :<\/b> \ud83e\uded0\ud83e\uded0\ud83e\uded0<\/span><\/td>\n<\/tr>\n<tr>\n<td><span data-path-to-node=\"36,3,0,0\"><b data-path-to-node=\"36,3,0,0\" data-index-in-node=\"0\">Poids<\/b><\/span><\/td>\n<td><span data-path-to-node=\"36,3,1,0\">Poids de voyage : 142 g<\/span><\/td>\n<td><span data-path-to-node=\"36,3,2,0\"><b data-path-to-node=\"36,3,2,0\" data-index-in-node=\"0\">Notes acidul\u00e9es :<\/b> \ud83c\udf4b\ud83c\udf4b\ud83c\udf4b\ud83c\udf4b<\/span><\/td>\n<\/tr>\n<tr>\n<td><span data-path-to-node=\"36,4,0,0\"><b data-path-to-node=\"36,4,0,0\" data-index-in-node=\"0\">Nicotine<\/b><\/span><\/td>\n<td><span data-path-to-node=\"36,4,1,0\">Options 0% \/ 2% \/ 5%<\/span><\/td>\n<td><span data-path-to-node=\"36,4,2,0\"><b data-path-to-node=\"36,4,2,0\" data-index-in-node=\"0\">Meilleur d\u00e9bit d'air :<\/b> Serr\u00e9 (vapeur propre)<\/span><\/td>\n<\/tr>\n<\/tbody>\n<\/table>\n<h2 data-path-to-node=\"4,0\"><b data-path-to-node=\"4,0\" data-index-in-node=\"0\">Ma\u00eetriser le syst\u00e8me multi-pod Waspe 100k<\/b><\/h2>\n<p data-path-to-node=\"4,0\">Pourquoi se contenter d'un seul go\u00fbt quand on peut en avoir quatre ? Le <b data-path-to-node=\"4,0\" data-index-in-node=\"95\">Waspe 4 en 1 100K<\/b> est con\u00e7u pour \u00e9liminer la \u201c fatigue gustative \u201d. En alternant entre les quatre r\u00e9servoirs ind\u00e9pendants de 14 ml, vous gardez vos papilles gustatives actives et profitez d'une exp\u00e9rience toujours nouvelle.<\/p>\n<ul data-path-to-node=\"4,1\">\n<li>\n<p data-path-to-node=\"4,1,0,0\"><b data-path-to-node=\"4,1,0,0\" data-index-in-node=\"0\">Aucune contamination crois\u00e9e :<\/b> Chaque capsule dans votre <b data-path-to-node=\"4,1,0,0\" data-index-in-node=\"43\">Waspe 100k<\/b> dispose d'une r\u00e9sistance mesh d\u00e9di\u00e9e de 1,0 \u03a9, garantissant que votre citron vert acidul\u00e9 ne se m\u00e9lange jamais \u00e0 votre fraise kiwi sucr\u00e9e.<\/p>\n<\/li>\n<li>\n<p data-path-to-node=\"4,1,1,0\"><b data-path-to-node=\"4,1,1,0\" data-index-in-node=\"0\">Satisfaction personnalis\u00e9e :<\/b> Que vous pr\u00e9f\u00e9riez un <b data-path-to-node=\"4,1,1,0\" data-index-in-node=\"46\">vaper sin nicotina<\/b> (0% nicotine) s\u00e9ance pour le soir ou une bouff\u00e9e de 5% pour le matin, cela <b data-path-to-node=\"4,1,1,0\" data-index-in-node=\"137\">100k Vape<\/b> s'adapte \u00e0 votre rythme quotidien.<\/p>\n<\/li>\n<\/ul>\n<h3 data-path-to-node=\"77\"><b data-path-to-node=\"77\" data-index-in-node=\"0\">Recommandations suppl\u00e9mentaires :<\/b><\/h3>\n<p data-path-to-node=\"78\">D\u00e9couvrez encore plus de saveurs incroyables avec le <b data-path-to-node=\"78\" data-index-in-node=\"47\">Waspe 4 en 1 100K Vape<\/b>!<\/p>\n<p data-path-to-node=\"79\"><a class=\"ng-star-inserted\" href=\"https:\/\/vozolvapen.de\/fr\/product-category\/waspe-vape\/100k-vape-waspe-aiviou-100k-4-in-1\/\" target=\"_blank\" rel=\"noopener\" data-hveid=\"0\" data-ved=\"0CAAQ_4QMahgKEwjxyYqx9_CRAxUAAAAAHQAAAAAQ9wE\">Voir toutes les vari\u00e9t\u00e9s ici \u2192<\/a><\/p>\n<p data-path-to-node=\"80\">D\u00e9couvrez notre collection compl\u00e8te et achetez les meilleures marques de cigarettes \u00e9lectroniques que vous allez adorer.<\/p>\n<p data-path-to-node=\"81\"><a class=\"ng-star-inserted\" href=\"https:\/\/vozolvapen.de\/fr\/\" target=\"_blank\" rel=\"noopener\" data-hveid=\"0\" data-ved=\"0CAAQ_4QMahgKEwjxyYqx9_CRAxUAAAAAHQAAAAAQ-AE\">Parcourir toutes les marques maintenant \u2192<\/a><\/p>\n<p data-path-to-node=\"82\">Consultez la liste compl\u00e8te <b data-path-to-node=\"82\" data-index-in-node=\"23\">Waspe Aiviou<\/b> s\u00e9rie \u2014 toutes les saveurs, tous les styles !<\/p>\n<p data-path-to-node=\"83\"><a class=\"ng-star-inserted\" href=\"https:\/\/vozolvapen.de\/fr\/product-category\/waspe-vape\/\" target=\"_blank\" rel=\"noopener\" data-hveid=\"0\" data-ved=\"0CAAQ_4QMahgKEwjxyYqx9_CRAxUAAAAAHQAAAAAQ-QE\">D\u00e9couvrez toute la collection Waspe \u2192<\/a><\/p>","protected":false},"excerpt":{"rendered":"<p><b data-path-to-node=\"3,12,4,0\" data-index-in-node=\"0\">La palette propre.<\/b> Un m\u00e9lange botanique rafra\u00eechissant de baies bleues et de raisin mielleux. Une saveur l\u00e9g\u00e8re et acidul\u00e9e. <b data-path-to-node=\"3,12,4,0\" data-index-in-node=\"98\">vaper 100k<\/b> Con\u00e7u pour vous satisfaire toute la journ\u00e9e.<\/p>","protected":false},"featured_media":52400,"comment_status":"open","ping_status":"closed","template":"","meta":{"_acf_changed":false},"product_brand":[],"product_cat":[107,134],"product_tag":[],"class_list":{"0":"post-52325","1":"product","2":"type-product","3":"status-publish","4":"has-post-thumbnail","6":"product_cat-100k-vape-waspe-aiviou-100k-4-in-1","7":"product_cat-eu-warehouse-in-stock","9":"first","10":"instock","11":"shipping-taxable","12":"purchasable","13":"product-type-variable"},"acf":[],"yoast_head":"<!-- This site is optimized with the Yoast SEO Premium plugin v26.1 (Yoast SEO v27.5) - https:\/\/yoast.com\/product\/yoast-seo-premium-wordpress\/ -->\n<title>Zesty Blue Waspe 100k | Botanical 4-in-1 Blueberry - vozolvapen<\/title>\n<meta name=\"description\" content=\"Shop Zesty Blue Waspe 100k. Clean Blueberry, Lemonade, and Grape Honey. 56ml capacity. Best vaper sin nicotina 100,000 puff device.\" \/>\n<meta name=\"robots\" content=\"index, follow, max-snippet:-1, max-image-preview:large, max-video-preview:-1\" \/>\n<link rel=\"canonical\" href=\"https:\/\/vozolvapen.de\/fr\/product\/100k-vape-waspe-aiviou-100k-zesty-blue-series\/\" \/>\n<meta property=\"og:locale\" content=\"fr_FR\" \/>\n<meta property=\"og:type\" content=\"article\" \/>\n<meta property=\"og:title\" content=\"100k Vape Waspe Aiviou 100k - Zesty Blue Series\" \/>\n<meta property=\"og:description\" content=\"Shop Zesty Blue Waspe 100k. Clean Blueberry, Lemonade, and Grape Honey. 56ml capacity. Best vaper sin nicotina 100,000 puff device.\" \/>\n<meta property=\"og:url\" content=\"https:\/\/vozolvapen.de\/fr\/product\/100k-vape-waspe-aiviou-100k-zesty-blue-series\/\" \/>\n<meta property=\"og:site_name\" content=\"vozolvapen\" \/>\n<meta property=\"article:modified_time\" content=\"2026-02-10T10:54:10+00:00\" \/>\n<meta property=\"og:image\" content=\"https:\/\/vozolvapen.de\/wp-content\/uploads\/2026\/01\/waspe-100k-Blueberry-RaspberryBlueberry-LemonadeMixed-BerriesGrape-Honey-lce.webp\" \/>\n\t<meta property=\"og:image:width\" content=\"1200\" \/>\n\t<meta property=\"og:image:height\" content=\"1200\" \/>\n\t<meta property=\"og:image:type\" content=\"image\/webp\" \/>\n<meta name=\"twitter:card\" content=\"summary_large_image\" \/>\n<meta name=\"twitter:label1\" content=\"Dur\u00e9e de lecture estim\u00e9e\" \/>\n\t<meta name=\"twitter:data1\" content=\"2 minutes\" \/>\n<script type=\"application\/ld+json\" class=\"yoast-schema-graph\">{\"@context\":\"https:\\\/\\\/schema.org\",\"@graph\":[{\"@type\":\"WebPage\",\"@id\":\"https:\\\/\\\/vozolvapen.de\\\/product\\\/100k-vape-waspe-aiviou-100k-zesty-blue-series\\\/\",\"url\":\"https:\\\/\\\/vozolvapen.de\\\/product\\\/100k-vape-waspe-aiviou-100k-zesty-blue-series\\\/\",\"name\":\"Zesty Blue Waspe 100k | Botanical 4-in-1 Blueberry - vozolvapen\",\"isPartOf\":{\"@id\":\"https:\\\/\\\/vozolvapen.de\\\/#website\"},\"primaryImageOfPage\":{\"@id\":\"https:\\\/\\\/vozolvapen.de\\\/product\\\/100k-vape-waspe-aiviou-100k-zesty-blue-series\\\/#primaryimage\"},\"image\":{\"@id\":\"https:\\\/\\\/vozolvapen.de\\\/product\\\/100k-vape-waspe-aiviou-100k-zesty-blue-series\\\/#primaryimage\"},\"thumbnailUrl\":\"https:\\\/\\\/vozolvapen.de\\\/wp-content\\\/uploads\\\/2026\\\/01\\\/waspe-100k-Blueberry-RaspberryBlueberry-LemonadeMixed-BerriesGrape-Honey-lce.webp\",\"datePublished\":\"2026-01-04T03:49:43+00:00\",\"dateModified\":\"2026-02-10T10:54:10+00:00\",\"description\":\"Shop Zesty Blue Waspe 100k. Clean Blueberry, Lemonade, and Grape Honey. 56ml capacity. Best vaper sin nicotina 100,000 puff device.\",\"breadcrumb\":{\"@id\":\"https:\\\/\\\/vozolvapen.de\\\/product\\\/100k-vape-waspe-aiviou-100k-zesty-blue-series\\\/#breadcrumb\"},\"inLanguage\":\"fr-FR\",\"potentialAction\":[{\"@type\":\"ReadAction\",\"target\":[\"https:\\\/\\\/vozolvapen.de\\\/product\\\/100k-vape-waspe-aiviou-100k-zesty-blue-series\\\/\"]}]},{\"@type\":\"ImageObject\",\"inLanguage\":\"fr-FR\",\"@id\":\"https:\\\/\\\/vozolvapen.de\\\/product\\\/100k-vape-waspe-aiviou-100k-zesty-blue-series\\\/#primaryimage\",\"url\":\"https:\\\/\\\/vozolvapen.de\\\/wp-content\\\/uploads\\\/2026\\\/01\\\/waspe-100k-Blueberry-RaspberryBlueberry-LemonadeMixed-BerriesGrape-Honey-lce.webp\",\"contentUrl\":\"https:\\\/\\\/vozolvapen.de\\\/wp-content\\\/uploads\\\/2026\\\/01\\\/waspe-100k-Blueberry-RaspberryBlueberry-LemonadeMixed-BerriesGrape-Honey-lce.webp\",\"width\":1200,\"height\":1200,\"caption\":\"Waspe 100k Blueberry Raspberryblueberry Lemonademixed Berriesgrape Honey Lce Disposable Vape Device\"},{\"@type\":\"BreadcrumbList\",\"@id\":\"https:\\\/\\\/vozolvapen.de\\\/product\\\/100k-vape-waspe-aiviou-100k-zesty-blue-series\\\/#breadcrumb\",\"itemListElement\":[{\"@type\":\"ListItem\",\"position\":1,\"name\":\"Home\",\"item\":\"https:\\\/\\\/vozolvapen.de\\\/de\\\/\"},{\"@type\":\"ListItem\",\"position\":2,\"name\":\"Shop\",\"item\":\"https:\\\/\\\/vozolvapen.de\\\/shop\\\/\"},{\"@type\":\"ListItem\",\"position\":3,\"name\":\"100k Vape Waspe Aiviou 100k &#8211; Zesty Blue Series\"}]},{\"@type\":\"WebSite\",\"@id\":\"https:\\\/\\\/vozolvapen.de\\\/#website\",\"url\":\"https:\\\/\\\/vozolvapen.de\\\/\",\"name\":\"vozolvapen\",\"description\":\"vozolvapen\",\"publisher\":{\"@id\":\"https:\\\/\\\/vozolvapen.de\\\/#organization\"},\"potentialAction\":[{\"@type\":\"SearchAction\",\"target\":{\"@type\":\"EntryPoint\",\"urlTemplate\":\"https:\\\/\\\/vozolvapen.de\\\/?s={search_term_string}\"},\"query-input\":{\"@type\":\"PropertyValueSpecification\",\"valueRequired\":true,\"valueName\":\"search_term_string\"}}],\"inLanguage\":\"fr-FR\"},{\"@type\":\"Organization\",\"@id\":\"https:\\\/\\\/vozolvapen.de\\\/#organization\",\"name\":\"vozolvapen\",\"url\":\"https:\\\/\\\/vozolvapen.de\\\/\",\"logo\":{\"@type\":\"ImageObject\",\"inLanguage\":\"fr-FR\",\"@id\":\"https:\\\/\\\/vozolvapen.de\\\/#\\\/schema\\\/logo\\\/image\\\/\",\"url\":\"https:\\\/\\\/vozolvapen.de\\\/wp-content\\\/uploads\\\/2025\\\/12\\\/cropped-vozovapen-logo.webp\",\"contentUrl\":\"https:\\\/\\\/vozolvapen.de\\\/wp-content\\\/uploads\\\/2025\\\/12\\\/cropped-vozovapen-logo.webp\",\"width\":470,\"height\":110,\"caption\":\"vozolvapen\"},\"image\":{\"@id\":\"https:\\\/\\\/vozolvapen.de\\\/#\\\/schema\\\/logo\\\/image\\\/\"}}]}<\/script>\n<!-- \/ Yoast SEO Premium plugin. -->","yoast_head_json":{"title":"Zesty Blue Waspe 100k | Botanique 4-en-1 Myrtille - vozolvapen","description":"Achetez Zesty Blue Waspe 100k. Blueberry, limonade et miel de raisin. Contenance de 56 ml. Le meilleur dispositif sans nicotine pour vapoteurs, avec 100 000 bouff\u00e9es.","robots":{"index":"index","follow":"follow","max-snippet":"max-snippet:-1","max-image-preview":"max-image-preview:large","max-video-preview":"max-video-preview:-1"},"canonical":"https:\/\/vozolvapen.de\/fr\/product\/100k-vape-waspe-aiviou-100k-zesty-blue-series\/","og_locale":"fr_FR","og_type":"article","og_title":"100k Vape Waspe Aiviou 100k - Zesty Blue Series","og_description":"Shop Zesty Blue Waspe 100k. Clean Blueberry, Lemonade, and Grape Honey. 56ml capacity. Best vaper sin nicotina 100,000 puff device.","og_url":"https:\/\/vozolvapen.de\/fr\/product\/100k-vape-waspe-aiviou-100k-zesty-blue-series\/","og_site_name":"vozolvapen","article_modified_time":"2026-02-10T10:54:10+00:00","og_image":[{"width":1200,"height":1200,"url":"https:\/\/vozolvapen.de\/wp-content\/uploads\/2026\/01\/waspe-100k-Blueberry-RaspberryBlueberry-LemonadeMixed-BerriesGrape-Honey-lce.webp","type":"image\/webp"}],"twitter_card":"summary_large_image","twitter_misc":{"Dur\u00e9e de lecture estim\u00e9e":"2 minutes"},"schema":{"@context":"https:\/\/schema.org","@graph":[{"@type":"WebPage","@id":"https:\/\/vozolvapen.de\/product\/100k-vape-waspe-aiviou-100k-zesty-blue-series\/","url":"https:\/\/vozolvapen.de\/product\/100k-vape-waspe-aiviou-100k-zesty-blue-series\/","name":"Zesty Blue Waspe 100k | Botanique 4-en-1 Myrtille - vozolvapen","isPartOf":{"@id":"https:\/\/vozolvapen.de\/#website"},"primaryImageOfPage":{"@id":"https:\/\/vozolvapen.de\/product\/100k-vape-waspe-aiviou-100k-zesty-blue-series\/#primaryimage"},"image":{"@id":"https:\/\/vozolvapen.de\/product\/100k-vape-waspe-aiviou-100k-zesty-blue-series\/#primaryimage"},"thumbnailUrl":"https:\/\/vozolvapen.de\/wp-content\/uploads\/2026\/01\/waspe-100k-Blueberry-RaspberryBlueberry-LemonadeMixed-BerriesGrape-Honey-lce.webp","datePublished":"2026-01-04T03:49:43+00:00","dateModified":"2026-02-10T10:54:10+00:00","description":"Achetez Zesty Blue Waspe 100k. Blueberry, limonade et miel de raisin. Contenance de 56 ml. Le meilleur dispositif sans nicotine pour vapoteurs, avec 100 000 bouff\u00e9es.","breadcrumb":{"@id":"https:\/\/vozolvapen.de\/product\/100k-vape-waspe-aiviou-100k-zesty-blue-series\/#breadcrumb"},"inLanguage":"fr-FR","potentialAction":[{"@type":"ReadAction","target":["https:\/\/vozolvapen.de\/product\/100k-vape-waspe-aiviou-100k-zesty-blue-series\/"]}]},{"@type":"ImageObject","inLanguage":"fr-FR","@id":"https:\/\/vozolvapen.de\/product\/100k-vape-waspe-aiviou-100k-zesty-blue-series\/#primaryimage","url":"https:\/\/vozolvapen.de\/wp-content\/uploads\/2026\/01\/waspe-100k-Blueberry-RaspberryBlueberry-LemonadeMixed-BerriesGrape-Honey-lce.webp","contentUrl":"https:\/\/vozolvapen.de\/wp-content\/uploads\/2026\/01\/waspe-100k-Blueberry-RaspberryBlueberry-LemonadeMixed-BerriesGrape-Honey-lce.webp","width":1200,"height":1200,"caption":"Waspe 100k Blueberry Raspberryblueberry Lemonademixed Berriesgrape Honey Lce Disposable Vape Device"},{"@type":"BreadcrumbList","@id":"https:\/\/vozolvapen.de\/product\/100k-vape-waspe-aiviou-100k-zesty-blue-series\/#breadcrumb","itemListElement":[{"@type":"ListItem","position":1,"name":"Home","item":"https:\/\/vozolvapen.de\/de\/"},{"@type":"ListItem","position":2,"name":"Shop","item":"https:\/\/vozolvapen.de\/shop\/"},{"@type":"ListItem","position":3,"name":"100k Vape Waspe Aiviou 100k &#8211; Zesty Blue Series"}]},{"@type":"WebSite","@id":"https:\/\/vozolvapen.de\/#website","url":"https:\/\/vozolvapen.de\/","name":"vozolvapen","description":"vozolvapen","publisher":{"@id":"https:\/\/vozolvapen.de\/#organization"},"potentialAction":[{"@type":"SearchAction","target":{"@type":"EntryPoint","urlTemplate":"https:\/\/vozolvapen.de\/?s={search_term_string}"},"query-input":{"@type":"PropertyValueSpecification","valueRequired":true,"valueName":"search_term_string"}}],"inLanguage":"fr-FR"},{"@type":"Organization","@id":"https:\/\/vozolvapen.de\/#organization","name":"vozolvapen","url":"https:\/\/vozolvapen.de\/","logo":{"@type":"ImageObject","inLanguage":"fr-FR","@id":"https:\/\/vozolvapen.de\/#\/schema\/logo\/image\/","url":"https:\/\/vozolvapen.de\/wp-content\/uploads\/2025\/12\/cropped-vozovapen-logo.webp","contentUrl":"https:\/\/vozolvapen.de\/wp-content\/uploads\/2025\/12\/cropped-vozovapen-logo.webp","width":470,"height":110,"caption":"vozolvapen"},"image":{"@id":"https:\/\/vozolvapen.de\/#\/schema\/logo\/image\/"}}]}},"tiered_pricing_type":"fixed","tiered_pricing_fixed_rules":{"30":"13.57","50":"11.57","100":"10.57","200":"10.07"},"tiered_pricing_product_settings":{"layout":"default","base_unit_name":{"singular":null,"plural":null},"default_variation":{}},"tiered_pricing_minimum_quantity":10,"tiered_pricing_roles_data":[],"tiered_pricing_percentage_rules":[],"tiered_pricing_maximum_quantity":null,"tiered_pricing_quantity_step":"10","_links":{"self":[{"href":"https:\/\/vozolvapen.de\/fr\/wp-json\/wp\/v2\/product\/52325","targetHints":{"allow":["GET"]}}],"collection":[{"href":"https:\/\/vozolvapen.de\/fr\/wp-json\/wp\/v2\/product"}],"about":[{"href":"https:\/\/vozolvapen.de\/fr\/wp-json\/wp\/v2\/types\/product"}],"replies":[{"embeddable":true,"href":"https:\/\/vozolvapen.de\/fr\/wp-json\/wp\/v2\/comments?post=52325"}],"wp:featuredmedia":[{"embeddable":true,"href":"https:\/\/vozolvapen.de\/fr\/wp-json\/wp\/v2\/media\/52400"}],"wp:attachment":[{"href":"https:\/\/vozolvapen.de\/fr\/wp-json\/wp\/v2\/media?parent=52325"}],"wp:term":[{"taxonomy":"product_brand","embeddable":true,"href":"https:\/\/vozolvapen.de\/fr\/wp-json\/wp\/v2\/product_brand?post=52325"},{"taxonomy":"product_cat","embeddable":true,"href":"https:\/\/vozolvapen.de\/fr\/wp-json\/wp\/v2\/product_cat?post=52325"},{"taxonomy":"product_tag","embeddable":true,"href":"https:\/\/vozolvapen.de\/fr\/wp-json\/wp\/v2\/product_tag?post=52325"}],"curies":[{"name":"wp","href":"https:\/\/api.w.org\/{rel}","templated":true}]}}