{"id":55642,"date":"2026-01-06T06:04:36","date_gmt":"2026-01-06T06:04:36","guid":{"rendered":"https:\/\/vozolvapen.de\/?post_type=product&#038;p=55642"},"modified":"2026-02-10T10:52:44","modified_gmt":"2026-02-10T10:52:44","slug":"40k-vape-waspe-aiviou-40000-triple-melon-ice-raspberry-watermelon","status":"publish","type":"product","link":"https:\/\/vozolvapen.de\/fr\/product\/40k-vape-waspe-aiviou-40000-triple-melon-ice-raspberry-watermelon\/","title":{"rendered":"40k Vape Waspe Aiviou 40000 \u2013 Triple Melon Ice &amp; Framboise Past\u00e8que"},"content":{"rendered":"<h1 data-path-to-node=\"77\"><b data-path-to-node=\"77\" data-index-in-node=\"0\">Waspe 40k \u2013 La sensation ultime en mati\u00e8re de melon<\/b><\/h1>\n<p data-path-to-node=\"78\">Nous terminons notre s\u00e9lection avec un chef-d'\u0153uvre en mati\u00e8re d'hydratation. Le <b data-path-to-node=\"78\" data-index-in-node=\"60\">Triple Melon Glac\u00e9 &amp; Past\u00e8que Framboise<\/b> est le roi de l'hydratation <b data-path-to-node=\"78\" data-index-in-node=\"129\">vaper waspe 40000<\/b> famille.<\/p>\n<h2 data-path-to-node=\"79\"><b data-path-to-node=\"79\" data-index-in-node=\"0\">R\u00e9partition de l'hydratation<\/b><\/h2>\n<ul data-path-to-node=\"80\">\n<li>\n<p data-path-to-node=\"80,0,0\"><b data-path-to-node=\"80,0,0\" data-index-in-node=\"0\">Triple Melon Glac\u00e9 :<\/b> Un m\u00e9lange de melon miel, de cantaloup et de past\u00e8que, recouvert d'un \u00e9pais givre. Il est soyeux, sucr\u00e9 et pur.<\/p>\n<\/li>\n<li>\n<p data-path-to-node=\"80,1,0\"><b data-path-to-node=\"80,1,0\" data-index-in-node=\"0\">Framboise-past\u00e8que :<\/b> Un m\u00e9lange lumineux de melon et de baies. La framboise acidul\u00e9e \u201c \u00e9clate \u201d sur fond de past\u00e8que a\u00e9rienne.<\/p>\n<\/li>\n<\/ul>\n<h2 data-path-to-node=\"81\"><b data-path-to-node=\"81\" data-index-in-node=\"0\">Tableau r\u00e9capitulatif des experts<\/b><\/h2>\n<table data-path-to-node=\"82\">\n<thead>\n<tr>\n<td><strong>Cat\u00e9gorie<\/strong><\/td>\n<td><strong>Triple Melon<\/strong><\/td>\n<td><strong>Framboise Past\u00e8que<\/strong><\/td>\n<\/tr>\n<\/thead>\n<tbody>\n<tr>\n<td><span data-path-to-node=\"82,1,0,0\"><b data-path-to-node=\"82,1,0,0\" data-index-in-node=\"0\">Ar\u00f4me<\/b><\/span><\/td>\n<td><span data-path-to-node=\"82,1,1,0\">\u2b50\u2b50\u2b50\u2b50\u2606<\/span><\/td>\n<td><span data-path-to-node=\"82,1,2,0\">\u2b50\u2b50\u2b50\u2b50\u2b50<\/span><\/td>\n<\/tr>\n<tr>\n<td><span data-path-to-node=\"82,2,0,0\"><b data-path-to-node=\"82,2,0,0\" data-index-in-node=\"0\">Refroidissement<\/b><\/span><\/td>\n<td><span data-path-to-node=\"82,2,1,0\">\u2744\ufe0f\u2744\ufe0f\u2744\ufe0f\u2744\ufe0f\u2606<\/span><\/td>\n<td><span data-path-to-node=\"82,2,2,0\">\u2744\ufe0f\u2744\ufe0f\u2606\u2606\u2606<\/span><\/td>\n<\/tr>\n<tr>\n<td><span data-path-to-node=\"82,3,0,0\"><b data-path-to-node=\"82,3,0,0\" data-index-in-node=\"0\">Complexit\u00e9<\/b><\/span><\/td>\n<td><span data-path-to-node=\"82,3,1,0\">\u00c9lev\u00e9 (3 melons)<\/span><\/td>\n<td><span data-path-to-node=\"82,3,2,0\">Vibrant<\/span><\/td>\n<\/tr>\n<tr>\n<td><span data-path-to-node=\"82,4,0,0\"><b data-path-to-node=\"82,4,0,0\" data-index-in-node=\"0\">Ambiance<\/b><\/span><\/td>\n<td><span data-path-to-node=\"82,4,1,0\">Relaxant<\/span><\/td>\n<td><span data-path-to-node=\"82,4,2,0\">\u00c9nergisant<\/span><\/td>\n<\/tr>\n<\/tbody>\n<\/table>\n<h2 data-path-to-node=\"22\">\u00c0 qui s'adresse ce produit ?<\/h2>\n<ul>\n<li>\n<p data-path-to-node=\"42,0,0\"><b data-path-to-node=\"42,0,0\" data-index-in-node=\"0\">L'hydratant ultime :<\/b> Si vous voulez que votre vapotage vous procure la m\u00eame sensation qu'un verre d'eau fra\u00eeche par une journ\u00e9e chaude, ne cherchez pas plus loin. C'est la saveur la plus \u201c pure \u201d et la plus rafra\u00eechissante de toute la gamme 40 000 bouff\u00e9es.<\/p>\n<\/li>\n<li>\n<p data-path-to-node=\"42,1,0\"><b data-path-to-node=\"42,1,0\" data-index-in-node=\"0\">Les obs\u00e9d\u00e9s du melon :<\/b> Pour les vapoteurs qui consid\u00e8rent la past\u00e8que et le melon comme les rois du monde des fruits.<\/p>\n<\/li>\n<\/ul>\n<h2 data-path-to-node=\"12\">40k Vape Waspe Aiviou 40000 FAQ<\/h2>\n<h3 data-path-to-node=\"91,0,0\"><b data-path-to-node=\"91,0,0\" data-index-in-node=\"0\">Q : Comment changer de saveur sur le Waspe Aiviou 40000 ?<\/b><\/h3>\n<p data-path-to-node=\"91,0,1,0,0\">R : L'appareil est \u00e9quip\u00e9 d'un interrupteur physique qui vous permet de passer instantan\u00e9ment d'un r\u00e9servoir de 18 ml \u00e0 l'autre.<\/p>\n<h3 data-path-to-node=\"91,0,1,0,0\"><b data-path-to-node=\"91,1,0\" data-index-in-node=\"0\">Q : Le nombre de 40,000 puff est-il r\u00e9el ?<\/b><\/h3>\n<p data-path-to-node=\"91,1,1,0,0\">R : Oui, gr\u00e2ce \u00e0 l'\u00e9norme <b data-path-to-node=\"91,1,1,0,0\" data-index-in-node=\"30\">R\u00e9servoir de 36 ml<\/b> et efficace <b data-path-to-node=\"91,1,1,0,0\" data-index-in-node=\"59\">bobines \u00e0 double maillage<\/b>, cet appareil est con\u00e7u pour atteindre 40 000 bouff\u00e9es dans des conditions d'utilisation normales.<\/p>\n<h3 data-path-to-node=\"91,2,0\"><b data-path-to-node=\"91,2,0\" data-index-in-node=\"0\">Q : Puis-je recharger ce stylo vape ?<\/b><\/h3>\n<p data-path-to-node=\"91,2,1,0,0\">R : Oui, il dispose d'un <b data-path-to-node=\"91,2,1,0,0\" data-index-in-node=\"22\">Port de chargement de type C<\/b> pour une recharge rapide de la batterie 650 mAh.<\/p>\n<h3 data-path-to-node=\"77\"><b data-path-to-node=\"77\" data-index-in-node=\"0\">Recommandations suppl\u00e9mentaires :<\/b><\/h3>\n<p data-path-to-node=\"78\">D\u00e9couvrez encore plus de saveurs incroyables avec le <strong>40k Vape Waspe Aiviou 40000<\/strong>!<\/p>\n<p data-path-to-node=\"79\"><a class=\"ng-star-inserted\" href=\"https:\/\/vozolvapen.de\/fr\/product-category\/waspe-vape\/40k-vape-waspe-aiviou-40000-2-in-1\/\" target=\"_blank\" rel=\"noopener\" data-hveid=\"0\" data-ved=\"0CAAQ_4QMahgKEwjxyYqx9_CRAxUAAAAAHQAAAAAQ9wE\">Voir toutes les vari\u00e9t\u00e9s ici \u2192<\/a><\/p>\n<p data-path-to-node=\"80\">D\u00e9couvrez notre collection compl\u00e8te et achetez les meilleures marques de cigarettes \u00e9lectroniques que vous allez adorer.<\/p>\n<p data-path-to-node=\"81\"><a class=\"ng-star-inserted\" href=\"https:\/\/vozolvapen.de\/fr\/\" target=\"_blank\" rel=\"noopener\" data-hveid=\"0\" data-ved=\"0CAAQ_4QMahgKEwjxyYqx9_CRAxUAAAAAHQAAAAAQ-AE\">Parcourir toutes les marques maintenant \u2192<\/a><\/p>\n<p data-path-to-node=\"82\">Consultez la liste compl\u00e8te\u00a0<b data-path-to-node=\"82\" data-index-in-node=\"23\">Waspe Aiviou<\/b>\u00a0s\u00e9rie \u2014 toutes les saveurs, tous les styles !<\/p>\n<p data-path-to-node=\"83\"><a class=\"ng-star-inserted\" href=\"https:\/\/vozolvapen.de\/fr\/product-category\/waspe-vape\/\" target=\"_blank\" rel=\"noopener\" data-hveid=\"0\" data-ved=\"0CAAQ_4QMahgKEwjxyYqx9_CRAxUAAAAAHQAAAAAQ-QE\">D\u00e9couvrez toute la collection Waspe \u2192<\/a><\/p>","protected":false},"excerpt":{"rendered":"<p><b data-path-to-node=\"3,20,4,0\" data-index-in-node=\"0\">Le roi du melon.<\/b> Un trio de melons glac\u00e9s et une touche acidul\u00e9e de framboise et de past\u00e8que. Le plus rafra\u00eechissant. <b data-path-to-node=\"3,20,4,0\" data-index-in-node=\"99\">40k vape<\/b> dans le catalogue 2026.<\/p>","protected":false},"featured_media":55782,"comment_status":"open","ping_status":"closed","template":"","meta":{"_acf_changed":false},"product_brand":[],"product_cat":[109,134],"product_tag":[],"class_list":{"0":"post-55642","1":"product","2":"type-product","3":"status-publish","4":"has-post-thumbnail","6":"product_cat-40k-vape-waspe-aiviou-40000-2-in-1","7":"product_cat-eu-warehouse-in-stock","9":"first","10":"instock","11":"featured","12":"shipping-taxable","13":"purchasable","14":"product-type-variable"},"acf":[],"yoast_head":"<!-- This site is optimized with the Yoast SEO Premium plugin v26.1 (Yoast SEO v27.5) - https:\/\/yoast.com\/product\/yoast-seo-premium-wordpress\/ -->\n<title>Triple Melon Ice &amp; Raspberry Watermelon Waspe - vozolvapen<\/title>\n<meta name=\"description\" content=\"Shop Triple Melon Ice &amp; Raspberry Watermelon Waspe Aiviou 40000. 40k vaper puffs. 2-in-1 hydration. 100% Authentic.\" \/>\n<meta name=\"robots\" content=\"index, follow, max-snippet:-1, max-image-preview:large, max-video-preview:-1\" \/>\n<link rel=\"canonical\" href=\"https:\/\/vozolvapen.de\/fr\/product\/40k-vape-waspe-aiviou-40000-triple-melon-ice-raspberry-watermelon\/\" \/>\n<meta property=\"og:locale\" content=\"fr_FR\" \/>\n<meta property=\"og:type\" content=\"article\" \/>\n<meta property=\"og:title\" content=\"40k Vape Waspe Aiviou 40000 - Triple Melon Ice &amp; Raspberry Watermelon\" \/>\n<meta property=\"og:description\" content=\"Shop Triple Melon Ice &amp; Raspberry Watermelon Waspe Aiviou 40000. 40k vaper puffs. 2-in-1 hydration. 100% Authentic.\" \/>\n<meta property=\"og:url\" content=\"https:\/\/vozolvapen.de\/fr\/product\/40k-vape-waspe-aiviou-40000-triple-melon-ice-raspberry-watermelon\/\" \/>\n<meta property=\"og:site_name\" content=\"vozolvapen\" \/>\n<meta property=\"article:modified_time\" content=\"2026-02-10T10:52:44+00:00\" \/>\n<meta property=\"og:image\" content=\"https:\/\/vozolvapen.de\/wp-content\/uploads\/2026\/01\/40k-Vape-Waspe-Aiviou-40000-Triple-Melon-Ice-Raspberry-Watermelon-3.webp\" \/>\n\t<meta property=\"og:image:width\" content=\"1200\" \/>\n\t<meta property=\"og:image:height\" content=\"1200\" \/>\n\t<meta property=\"og:image:type\" content=\"image\/webp\" \/>\n<meta name=\"twitter:card\" content=\"summary_large_image\" \/>\n<meta name=\"twitter:label1\" content=\"Dur\u00e9e de lecture estim\u00e9e\" \/>\n\t<meta name=\"twitter:data1\" content=\"2 minutes\" \/>\n<script type=\"application\/ld+json\" class=\"yoast-schema-graph\">{\"@context\":\"https:\\\/\\\/schema.org\",\"@graph\":[{\"@type\":\"WebPage\",\"@id\":\"https:\\\/\\\/vozolvapen.de\\\/product\\\/40k-vape-waspe-aiviou-40000-triple-melon-ice-raspberry-watermelon\\\/\",\"url\":\"https:\\\/\\\/vozolvapen.de\\\/product\\\/40k-vape-waspe-aiviou-40000-triple-melon-ice-raspberry-watermelon\\\/\",\"name\":\"Triple Melon Ice & Raspberry Watermelon Waspe - vozolvapen\",\"isPartOf\":{\"@id\":\"https:\\\/\\\/vozolvapen.de\\\/#website\"},\"primaryImageOfPage\":{\"@id\":\"https:\\\/\\\/vozolvapen.de\\\/product\\\/40k-vape-waspe-aiviou-40000-triple-melon-ice-raspberry-watermelon\\\/#primaryimage\"},\"image\":{\"@id\":\"https:\\\/\\\/vozolvapen.de\\\/product\\\/40k-vape-waspe-aiviou-40000-triple-melon-ice-raspberry-watermelon\\\/#primaryimage\"},\"thumbnailUrl\":\"https:\\\/\\\/vozolvapen.de\\\/wp-content\\\/uploads\\\/2026\\\/01\\\/40k-Vape-Waspe-Aiviou-40000-Triple-Melon-Ice-Raspberry-Watermelon-3.webp\",\"datePublished\":\"2026-01-06T06:04:36+00:00\",\"dateModified\":\"2026-02-10T10:52:44+00:00\",\"description\":\"Shop Triple Melon Ice & Raspberry Watermelon Waspe Aiviou 40000. 40k vaper puffs. 2-in-1 hydration. 100% Authentic.\",\"breadcrumb\":{\"@id\":\"https:\\\/\\\/vozolvapen.de\\\/product\\\/40k-vape-waspe-aiviou-40000-triple-melon-ice-raspberry-watermelon\\\/#breadcrumb\"},\"inLanguage\":\"fr-FR\",\"potentialAction\":[{\"@type\":\"ReadAction\",\"target\":[\"https:\\\/\\\/vozolvapen.de\\\/product\\\/40k-vape-waspe-aiviou-40000-triple-melon-ice-raspberry-watermelon\\\/\"]}]},{\"@type\":\"ImageObject\",\"inLanguage\":\"fr-FR\",\"@id\":\"https:\\\/\\\/vozolvapen.de\\\/product\\\/40k-vape-waspe-aiviou-40000-triple-melon-ice-raspberry-watermelon\\\/#primaryimage\",\"url\":\"https:\\\/\\\/vozolvapen.de\\\/wp-content\\\/uploads\\\/2026\\\/01\\\/40k-Vape-Waspe-Aiviou-40000-Triple-Melon-Ice-Raspberry-Watermelon-3.webp\",\"contentUrl\":\"https:\\\/\\\/vozolvapen.de\\\/wp-content\\\/uploads\\\/2026\\\/01\\\/40k-Vape-Waspe-Aiviou-40000-Triple-Melon-Ice-Raspberry-Watermelon-3.webp\",\"width\":1200,\"height\":1200,\"caption\":\"40k Vape Waspe Aiviou 40000 Triple Melon Ice Raspberry Watermelon 3 Disposable Device\"},{\"@type\":\"BreadcrumbList\",\"@id\":\"https:\\\/\\\/vozolvapen.de\\\/product\\\/40k-vape-waspe-aiviou-40000-triple-melon-ice-raspberry-watermelon\\\/#breadcrumb\",\"itemListElement\":[{\"@type\":\"ListItem\",\"position\":1,\"name\":\"Home\",\"item\":\"https:\\\/\\\/vozolvapen.de\\\/de\\\/\"},{\"@type\":\"ListItem\",\"position\":2,\"name\":\"Shop\",\"item\":\"https:\\\/\\\/vozolvapen.de\\\/shop\\\/\"},{\"@type\":\"ListItem\",\"position\":3,\"name\":\"40k Vape Waspe Aiviou 40000 &#8211; Triple Melon Ice &#038; Raspberry Watermelon\"}]},{\"@type\":\"WebSite\",\"@id\":\"https:\\\/\\\/vozolvapen.de\\\/#website\",\"url\":\"https:\\\/\\\/vozolvapen.de\\\/\",\"name\":\"vozolvapen\",\"description\":\"vozolvapen\",\"publisher\":{\"@id\":\"https:\\\/\\\/vozolvapen.de\\\/#organization\"},\"potentialAction\":[{\"@type\":\"SearchAction\",\"target\":{\"@type\":\"EntryPoint\",\"urlTemplate\":\"https:\\\/\\\/vozolvapen.de\\\/?s={search_term_string}\"},\"query-input\":{\"@type\":\"PropertyValueSpecification\",\"valueRequired\":true,\"valueName\":\"search_term_string\"}}],\"inLanguage\":\"fr-FR\"},{\"@type\":\"Organization\",\"@id\":\"https:\\\/\\\/vozolvapen.de\\\/#organization\",\"name\":\"vozolvapen\",\"url\":\"https:\\\/\\\/vozolvapen.de\\\/\",\"logo\":{\"@type\":\"ImageObject\",\"inLanguage\":\"fr-FR\",\"@id\":\"https:\\\/\\\/vozolvapen.de\\\/#\\\/schema\\\/logo\\\/image\\\/\",\"url\":\"https:\\\/\\\/vozolvapen.de\\\/wp-content\\\/uploads\\\/2025\\\/12\\\/cropped-vozovapen-logo.webp\",\"contentUrl\":\"https:\\\/\\\/vozolvapen.de\\\/wp-content\\\/uploads\\\/2025\\\/12\\\/cropped-vozovapen-logo.webp\",\"width\":470,\"height\":110,\"caption\":\"vozolvapen\"},\"image\":{\"@id\":\"https:\\\/\\\/vozolvapen.de\\\/#\\\/schema\\\/logo\\\/image\\\/\"}}]}<\/script>\n<!-- \/ Yoast SEO Premium plugin. -->","yoast_head_json":{"title":"Triple Melon Ice &amp; Framboise Past\u00e8que Waspe - vozolvapen","description":"Achetez Triple Melon Ice &amp; Raspberry Watermelon Waspe Aiviou 40000. 40 000 bouff\u00e9es. Hydratation 2 en 1. 100% Authentique.","robots":{"index":"index","follow":"follow","max-snippet":"max-snippet:-1","max-image-preview":"max-image-preview:large","max-video-preview":"max-video-preview:-1"},"canonical":"https:\/\/vozolvapen.de\/fr\/product\/40k-vape-waspe-aiviou-40000-triple-melon-ice-raspberry-watermelon\/","og_locale":"fr_FR","og_type":"article","og_title":"40k Vape Waspe Aiviou 40000 - Triple Melon Ice & Raspberry Watermelon","og_description":"Shop Triple Melon Ice & Raspberry Watermelon Waspe Aiviou 40000. 40k vaper puffs. 2-in-1 hydration. 100% Authentic.","og_url":"https:\/\/vozolvapen.de\/fr\/product\/40k-vape-waspe-aiviou-40000-triple-melon-ice-raspberry-watermelon\/","og_site_name":"vozolvapen","article_modified_time":"2026-02-10T10:52:44+00:00","og_image":[{"width":1200,"height":1200,"url":"https:\/\/vozolvapen.de\/wp-content\/uploads\/2026\/01\/40k-Vape-Waspe-Aiviou-40000-Triple-Melon-Ice-Raspberry-Watermelon-3.webp","type":"image\/webp"}],"twitter_card":"summary_large_image","twitter_misc":{"Dur\u00e9e de lecture estim\u00e9e":"2 minutes"},"schema":{"@context":"https:\/\/schema.org","@graph":[{"@type":"WebPage","@id":"https:\/\/vozolvapen.de\/product\/40k-vape-waspe-aiviou-40000-triple-melon-ice-raspberry-watermelon\/","url":"https:\/\/vozolvapen.de\/product\/40k-vape-waspe-aiviou-40000-triple-melon-ice-raspberry-watermelon\/","name":"Triple Melon Ice &amp; Framboise Past\u00e8que Waspe - vozolvapen","isPartOf":{"@id":"https:\/\/vozolvapen.de\/#website"},"primaryImageOfPage":{"@id":"https:\/\/vozolvapen.de\/product\/40k-vape-waspe-aiviou-40000-triple-melon-ice-raspberry-watermelon\/#primaryimage"},"image":{"@id":"https:\/\/vozolvapen.de\/product\/40k-vape-waspe-aiviou-40000-triple-melon-ice-raspberry-watermelon\/#primaryimage"},"thumbnailUrl":"https:\/\/vozolvapen.de\/wp-content\/uploads\/2026\/01\/40k-Vape-Waspe-Aiviou-40000-Triple-Melon-Ice-Raspberry-Watermelon-3.webp","datePublished":"2026-01-06T06:04:36+00:00","dateModified":"2026-02-10T10:52:44+00:00","description":"Achetez Triple Melon Ice &amp; Raspberry Watermelon Waspe Aiviou 40000. 40 000 bouff\u00e9es. Hydratation 2 en 1. 100% Authentique.","breadcrumb":{"@id":"https:\/\/vozolvapen.de\/product\/40k-vape-waspe-aiviou-40000-triple-melon-ice-raspberry-watermelon\/#breadcrumb"},"inLanguage":"fr-FR","potentialAction":[{"@type":"ReadAction","target":["https:\/\/vozolvapen.de\/product\/40k-vape-waspe-aiviou-40000-triple-melon-ice-raspberry-watermelon\/"]}]},{"@type":"ImageObject","inLanguage":"fr-FR","@id":"https:\/\/vozolvapen.de\/product\/40k-vape-waspe-aiviou-40000-triple-melon-ice-raspberry-watermelon\/#primaryimage","url":"https:\/\/vozolvapen.de\/wp-content\/uploads\/2026\/01\/40k-Vape-Waspe-Aiviou-40000-Triple-Melon-Ice-Raspberry-Watermelon-3.webp","contentUrl":"https:\/\/vozolvapen.de\/wp-content\/uploads\/2026\/01\/40k-Vape-Waspe-Aiviou-40000-Triple-Melon-Ice-Raspberry-Watermelon-3.webp","width":1200,"height":1200,"caption":"40k Vape Waspe Aiviou 40000 Triple Melon Ice Raspberry Watermelon 3 Disposable Device"},{"@type":"BreadcrumbList","@id":"https:\/\/vozolvapen.de\/product\/40k-vape-waspe-aiviou-40000-triple-melon-ice-raspberry-watermelon\/#breadcrumb","itemListElement":[{"@type":"ListItem","position":1,"name":"Home","item":"https:\/\/vozolvapen.de\/de\/"},{"@type":"ListItem","position":2,"name":"Shop","item":"https:\/\/vozolvapen.de\/shop\/"},{"@type":"ListItem","position":3,"name":"40k Vape Waspe Aiviou 40000 &#8211; Triple Melon Ice &#038; Raspberry Watermelon"}]},{"@type":"WebSite","@id":"https:\/\/vozolvapen.de\/#website","url":"https:\/\/vozolvapen.de\/","name":"vozolvapen","description":"vozolvapen","publisher":{"@id":"https:\/\/vozolvapen.de\/#organization"},"potentialAction":[{"@type":"SearchAction","target":{"@type":"EntryPoint","urlTemplate":"https:\/\/vozolvapen.de\/?s={search_term_string}"},"query-input":{"@type":"PropertyValueSpecification","valueRequired":true,"valueName":"search_term_string"}}],"inLanguage":"fr-FR"},{"@type":"Organization","@id":"https:\/\/vozolvapen.de\/#organization","name":"vozolvapen","url":"https:\/\/vozolvapen.de\/","logo":{"@type":"ImageObject","inLanguage":"fr-FR","@id":"https:\/\/vozolvapen.de\/#\/schema\/logo\/image\/","url":"https:\/\/vozolvapen.de\/wp-content\/uploads\/2025\/12\/cropped-vozovapen-logo.webp","contentUrl":"https:\/\/vozolvapen.de\/wp-content\/uploads\/2025\/12\/cropped-vozovapen-logo.webp","width":470,"height":110,"caption":"vozolvapen"},"image":{"@id":"https:\/\/vozolvapen.de\/#\/schema\/logo\/image\/"}}]}},"tiered_pricing_type":"fixed","tiered_pricing_fixed_rules":{"30":"12.2","50":"10.2","100":"9.2","200":"8.7"},"tiered_pricing_product_settings":{"layout":"default","base_unit_name":{"singular":null,"plural":null},"default_variation":{}},"tiered_pricing_minimum_quantity":10,"tiered_pricing_roles_data":[],"tiered_pricing_percentage_rules":[],"tiered_pricing_maximum_quantity":null,"tiered_pricing_quantity_step":"10","_links":{"self":[{"href":"https:\/\/vozolvapen.de\/fr\/wp-json\/wp\/v2\/product\/55642","targetHints":{"allow":["GET"]}}],"collection":[{"href":"https:\/\/vozolvapen.de\/fr\/wp-json\/wp\/v2\/product"}],"about":[{"href":"https:\/\/vozolvapen.de\/fr\/wp-json\/wp\/v2\/types\/product"}],"replies":[{"embeddable":true,"href":"https:\/\/vozolvapen.de\/fr\/wp-json\/wp\/v2\/comments?post=55642"}],"wp:featuredmedia":[{"embeddable":true,"href":"https:\/\/vozolvapen.de\/fr\/wp-json\/wp\/v2\/media\/55782"}],"wp:attachment":[{"href":"https:\/\/vozolvapen.de\/fr\/wp-json\/wp\/v2\/media?parent=55642"}],"wp:term":[{"taxonomy":"product_brand","embeddable":true,"href":"https:\/\/vozolvapen.de\/fr\/wp-json\/wp\/v2\/product_brand?post=55642"},{"taxonomy":"product_cat","embeddable":true,"href":"https:\/\/vozolvapen.de\/fr\/wp-json\/wp\/v2\/product_cat?post=55642"},{"taxonomy":"product_tag","embeddable":true,"href":"https:\/\/vozolvapen.de\/fr\/wp-json\/wp\/v2\/product_tag?post=55642"}],"curies":[{"name":"wp","href":"https:\/\/api.w.org\/{rel}","templated":true}]}}