{"id":58823,"date":"2026-01-09T05:59:17","date_gmt":"2026-01-09T05:59:17","guid":{"rendered":"https:\/\/vozolvapen.de\/?post_type=product&#038;p=58823"},"modified":"2026-02-10T10:45:23","modified_gmt":"2026-02-10T10:45:23","slug":"60k-vape-waspe-aiviou-60000-energy-pop-blast","status":"publish","type":"product","link":"https:\/\/vozolvapen.de\/fr\/product\/60k-vape-waspe-aiviou-60000-energy-pop-blast\/","title":{"rendered":"60k Vape Waspe Aiviou 60000 - Energie Pop Blast"},"content":{"rendered":"<h1>Waspe Aiviou 60000 Energy Pop Blast : Red Bull Ice, Fraise Mangue, Fraise Past\u00e8que Bubblegum<\/h1>\n<p data-path-to-node=\"38\"><b data-path-to-node=\"38\" data-index-in-node=\"0\">Le m\u00e9lange \u00e0 haute teneur en octane :<\/b> Une combinaison de boissons \u00e9nergisantes et d'ar\u00f4mes ludiques de chewing-gum. Les <b data-path-to-node=\"38\" data-index-in-node=\"80\">vaper 60000 puffs<\/b> L'endurance signifie que vous avez de l'\u00e9nergie \u00e0 la demande pendant des semaines.<\/p>\n<h2 data-path-to-node=\"39\"><b data-path-to-node=\"39\" data-index-in-node=\"0\">Plong\u00e9e dans les pulsations et la pop<\/b><\/h2>\n<ul data-path-to-node=\"40\">\n<li>\n<p data-path-to-node=\"40,0,0\"><b data-path-to-node=\"40,0,0\" data-index-in-node=\"0\">Mode 1 - Red Bull Ice :<\/b> Le go\u00fbt embl\u00e9matique et piquant d'une boisson \u00e9nergisante glac\u00e9e.<\/p>\n<\/li>\n<li>\n<p data-path-to-node=\"40,1,0\"><b data-path-to-node=\"40,1,0\" data-index-in-node=\"0\">Mode 2 - Fraise Mangue :<\/b> Un duo tropical dense, \u00e0 la fois doux et aromatique.<\/p>\n<\/li>\n<li>\n<p data-path-to-node=\"40,2,0\"><b data-path-to-node=\"40,2,0\" data-index-in-node=\"0\">Mode 3 - Fraise et past\u00e8que Bubblegum :<\/b> Un bubblegum rose nostalgique avec un centre fruit\u00e9 juteux.<\/p>\n<\/li>\n<\/ul>\n<h2 data-path-to-node=\"41\"><b data-path-to-node=\"41\" data-index-in-node=\"0\">\u00c0 qui s'adresse cette saveur ?<\/b><\/h2>\n<ul data-path-to-node=\"42\">\n<li>\n<p data-path-to-node=\"42,0,0\"><b data-path-to-node=\"42,0,0\" data-index-in-node=\"0\">Le pr\u00e9curseur :<\/b> Pour les vapoteurs qui veulent des saveurs audacieuses et non traditionnelles.<\/p>\n<\/li>\n<\/ul>\n<h2 data-path-to-node=\"60\">60k Vape Waspe Aiviou 60000 Core Sp\u00e9cifications<\/h2>\n<table data-path-to-node=\"8\">\n<thead>\n<tr>\n<td><strong>Caract\u00e9ristiques du mat\u00e9riel<\/strong><\/td>\n<td><strong>Sp\u00e9cifications d\u00e9taill\u00e9es<\/strong><\/td>\n<\/tr>\n<\/thead>\n<tbody>\n<tr>\n<td><span data-path-to-node=\"8,1,0,0\"><b data-path-to-node=\"8,1,0,0\" data-index-in-node=\"0\">S\u00e9rie de marques<\/b><\/span><\/td>\n<td><span data-path-to-node=\"8,1,1,0\"><b data-path-to-node=\"8,1,1,0\" data-index-in-node=\"0\">Waspe 60k<\/b> Collection Aiviou<\/span><\/td>\n<\/tr>\n<tr>\n<td><span data-path-to-node=\"8,2,0,0\"><b data-path-to-node=\"8,2,0,0\" data-index-in-node=\"0\">Options de saveurs<\/b><\/span><\/td>\n<td><span data-path-to-node=\"8,2,1,0\">12 ensembles de vari\u00e9t\u00e9s (chacun comprenant 3 <b data-path-to-node=\"8,2,1,0\" data-index-in-node=\"34\">best vape liquids<\/b>)<\/span><\/td>\n<\/tr>\n<tr>\n<td><span data-path-to-node=\"8,3,0,0\"><b data-path-to-node=\"8,3,0,0\" data-index-in-node=\"0\">Dimensions<\/b><\/span><\/td>\n<td><span data-path-to-node=\"8,3,1,0\">47<i data-path-to-node=\"8,3,1,0\" data-index-in-node=\"2\">47<\/i>Conception ergonomique incurv\u00e9e de 116 mm<\/span><\/td>\n<\/tr>\n<tr>\n<td><span data-path-to-node=\"8,4,0,0\"><b data-path-to-node=\"8,4,0,0\" data-index-in-node=\"0\">Poids de l'appareil<\/b><\/span><\/td>\n<td><span data-path-to-node=\"8,4,1,0\">130 g (mat\u00e9riaux l\u00e9gers et durables)<\/span><\/td>\n<\/tr>\n<tr>\n<td><span data-path-to-node=\"8,5,0,0\"><b data-path-to-node=\"8,5,0,0\" data-index-in-node=\"0\">Options nicotine<\/b><\/span><\/td>\n<td><span data-path-to-node=\"8,5,1,0\">0% \/ 2% \/ 3% \/ 5% (Points forts multiples)<\/span><\/td>\n<\/tr>\n<tr>\n<td><span data-path-to-node=\"8,6,0,0\"><b data-path-to-node=\"8,6,0,0\" data-index-in-node=\"0\">Port de recharge<\/b><\/span><\/td>\n<td><span data-path-to-node=\"8,6,1,0\">Interface Type-C mont\u00e9e sur le fond<\/span><\/td>\n<\/tr>\n<tr>\n<td><span data-path-to-node=\"8,7,0,0\"><b data-path-to-node=\"8,7,0,0\" data-index-in-node=\"0\">Activation<\/b><\/span><\/td>\n<td><span data-path-to-node=\"8,7,1,0\">Activ\u00e9 par tirage au sort (fonctionnement sans bouton)<\/span><\/td>\n<\/tr>\n<\/tbody>\n<\/table>\n<p>La sensation vive et p\u00e9tillante de Red Bull Ice et Bubblegum est amplifi\u00e9e par l'utilisation de l'alcool. <b data-path-to-node=\"13\" data-index-in-node=\"79\">Le rendement constant de la tension d'Aiviou<\/b>. Contrairement aux produits jetables plus petits qui perdent de l'\u00e9nergie au fur et \u00e0 mesure qu'ils se vident, le <b data-path-to-node=\"13\" data-index-in-node=\"177\">Batterie rechargeable Type-C de 650 mAh<\/b> garantit que les notes \u201c\u00e9nerg\u00e9tiques\u201d restent percutantes et vibrantes, offrant une exp\u00e9rience de 60 000 bouff\u00e9es \u00e0 haut r\u00e9gime qui ne ralentit jamais.<\/p>\n<h3 data-path-to-node=\"77\"><b data-path-to-node=\"77\" data-index-in-node=\"0\">Recommandations suppl\u00e9mentaires :<\/b><\/h3>\n<p data-path-to-node=\"78\">D\u00e9couvrez encore plus de saveurs incroyables avec le 60k Vape Waspe Aiviou 60000 !<\/p>\n<p data-path-to-node=\"79\"><a class=\"ng-star-inserted\" href=\"https:\/\/vozolvapen.de\/fr\/product-category\/waspe-vape\/60k-vape-waspe-aiviou-60000-3-in-1\/\" target=\"_blank\" rel=\"noopener\" data-hveid=\"0\" data-ved=\"0CAAQ_4QMahgKEwjxyYqx9_CRAxUAAAAAHQAAAAAQ9wE\">Voir toutes les vari\u00e9t\u00e9s ici \u2192<\/a><\/p>\n<p data-path-to-node=\"80\">D\u00e9couvrez notre collection compl\u00e8te et achetez les meilleures marques de cigarettes \u00e9lectroniques que vous allez adorer.<\/p>\n<p data-path-to-node=\"81\"><a class=\"ng-star-inserted\" href=\"https:\/\/vozolvapen.de\/fr\/\" target=\"_blank\" rel=\"noopener\" data-hveid=\"0\" data-ved=\"0CAAQ_4QMahgKEwjxyYqx9_CRAxUAAAAAHQAAAAAQ-AE\">Parcourir toutes les marques maintenant \u2192<\/a><\/p>\n<p data-path-to-node=\"82\">Consultez la liste compl\u00e8te\u00a0<b data-path-to-node=\"82\" data-index-in-node=\"23\">Waspe Aiviou<\/b>\u00a0s\u00e9rie \u2014 toutes les saveurs, tous les styles !<\/p>\n<p data-path-to-node=\"83\"><a class=\"ng-star-inserted\" href=\"https:\/\/vozolvapen.de\/fr\/product-category\/waspe-vape\/\" target=\"_blank\" rel=\"noopener\" data-hveid=\"0\" data-ved=\"0CAAQ_4QMahgKEwjxyYqx9_CRAxUAAAAAHQAAAAAQ-QE\">D\u00e9couvrez toute la collection Waspe \u2192<\/a><\/p>","protected":false},"excerpt":{"rendered":"<p>Un go\u00fbt d'octane \u00e0 la demande. Passez au Red Bull Ice pour un coup de fouet instantan\u00e9 dans cette boisson durable. <b data-path-to-node=\"18\" data-index-in-node=\"303\">60k vape<\/b>. Parfait pour ceux qui veulent des saveurs audacieuses et non traditionnelles.<\/p>","protected":false},"featured_media":59126,"comment_status":"open","ping_status":"closed","template":"","meta":{"_acf_changed":false},"product_brand":[],"product_cat":[113,134],"product_tag":[],"class_list":{"0":"post-58823","1":"product","2":"type-product","3":"status-publish","4":"has-post-thumbnail","6":"product_cat-60k-vape-waspe-aiviou-60000-3-in-1","7":"product_cat-eu-warehouse-in-stock","9":"first","10":"instock","11":"shipping-taxable","12":"purchasable","13":"product-type-variable"},"acf":[],"yoast_head":"<!-- This site is optimized with the Yoast SEO Premium plugin v26.1 (Yoast SEO v27.5) - https:\/\/yoast.com\/product\/yoast-seo-premium-wordpress\/ -->\n<title>Energy Pop Blast | Waspe 60k 3-in-1 Switch - vozolvapen<\/title>\n<meta name=\"description\" content=\"Energy Pop Blast Waspe 60k. 60,000 puffs of Red Bull Ice, Mango &amp; Bubblegum. High-performance vaper 60000 puffs for 2026.\" \/>\n<meta name=\"robots\" content=\"index, follow, max-snippet:-1, max-image-preview:large, max-video-preview:-1\" \/>\n<link rel=\"canonical\" href=\"https:\/\/vozolvapen.de\/fr\/product\/60k-vape-waspe-aiviou-60000-energy-pop-blast\/\" \/>\n<meta property=\"og:locale\" content=\"fr_FR\" \/>\n<meta property=\"og:type\" content=\"article\" \/>\n<meta property=\"og:title\" content=\"60k Vape Waspe Aiviou 60000 - Energy Pop Blast\" \/>\n<meta property=\"og:description\" content=\"Energy Pop Blast Waspe 60k. 60,000 puffs of Red Bull Ice, Mango &amp; Bubblegum. High-performance vaper 60000 puffs for 2026.\" \/>\n<meta property=\"og:url\" content=\"https:\/\/vozolvapen.de\/fr\/product\/60k-vape-waspe-aiviou-60000-energy-pop-blast\/\" \/>\n<meta property=\"og:site_name\" content=\"vozolvapen\" \/>\n<meta property=\"article:modified_time\" content=\"2026-02-10T10:45:23+00:00\" \/>\n<meta property=\"og:image\" content=\"https:\/\/vozolvapen.de\/wp-content\/uploads\/2026\/01\/60k-Vape-Waspe-Aiviou-60000-Red-Bull-Ice-Strawberry-Mango-Strawberry-Watermelon-Bubblegum-2.webp\" \/>\n\t<meta property=\"og:image:width\" content=\"1200\" \/>\n\t<meta property=\"og:image:height\" content=\"1200\" \/>\n\t<meta property=\"og:image:type\" content=\"image\/webp\" \/>\n<meta name=\"twitter:card\" content=\"summary_large_image\" \/>\n<meta name=\"twitter:label1\" content=\"Dur\u00e9e de lecture estim\u00e9e\" \/>\n\t<meta name=\"twitter:data1\" content=\"2 minutes\" \/>\n<script type=\"application\/ld+json\" class=\"yoast-schema-graph\">{\"@context\":\"https:\\\/\\\/schema.org\",\"@graph\":[{\"@type\":\"WebPage\",\"@id\":\"https:\\\/\\\/vozolvapen.de\\\/product\\\/60k-vape-waspe-aiviou-60000-energy-pop-blast\\\/\",\"url\":\"https:\\\/\\\/vozolvapen.de\\\/product\\\/60k-vape-waspe-aiviou-60000-energy-pop-blast\\\/\",\"name\":\"Energy Pop Blast | Waspe 60k 3-in-1 Switch - vozolvapen\",\"isPartOf\":{\"@id\":\"https:\\\/\\\/vozolvapen.de\\\/#website\"},\"primaryImageOfPage\":{\"@id\":\"https:\\\/\\\/vozolvapen.de\\\/product\\\/60k-vape-waspe-aiviou-60000-energy-pop-blast\\\/#primaryimage\"},\"image\":{\"@id\":\"https:\\\/\\\/vozolvapen.de\\\/product\\\/60k-vape-waspe-aiviou-60000-energy-pop-blast\\\/#primaryimage\"},\"thumbnailUrl\":\"https:\\\/\\\/vozolvapen.de\\\/wp-content\\\/uploads\\\/2026\\\/01\\\/60k-Vape-Waspe-Aiviou-60000-Red-Bull-Ice-Strawberry-Mango-Strawberry-Watermelon-Bubblegum-2.webp\",\"datePublished\":\"2026-01-09T05:59:17+00:00\",\"dateModified\":\"2026-02-10T10:45:23+00:00\",\"description\":\"Energy Pop Blast Waspe 60k. 60,000 puffs of Red Bull Ice, Mango & Bubblegum. High-performance vaper 60000 puffs for 2026.\",\"breadcrumb\":{\"@id\":\"https:\\\/\\\/vozolvapen.de\\\/product\\\/60k-vape-waspe-aiviou-60000-energy-pop-blast\\\/#breadcrumb\"},\"inLanguage\":\"fr-FR\",\"potentialAction\":[{\"@type\":\"ReadAction\",\"target\":[\"https:\\\/\\\/vozolvapen.de\\\/product\\\/60k-vape-waspe-aiviou-60000-energy-pop-blast\\\/\"]}]},{\"@type\":\"ImageObject\",\"inLanguage\":\"fr-FR\",\"@id\":\"https:\\\/\\\/vozolvapen.de\\\/product\\\/60k-vape-waspe-aiviou-60000-energy-pop-blast\\\/#primaryimage\",\"url\":\"https:\\\/\\\/vozolvapen.de\\\/wp-content\\\/uploads\\\/2026\\\/01\\\/60k-Vape-Waspe-Aiviou-60000-Red-Bull-Ice-Strawberry-Mango-Strawberry-Watermelon-Bubblegum-2.webp\",\"contentUrl\":\"https:\\\/\\\/vozolvapen.de\\\/wp-content\\\/uploads\\\/2026\\\/01\\\/60k-Vape-Waspe-Aiviou-60000-Red-Bull-Ice-Strawberry-Mango-Strawberry-Watermelon-Bubblegum-2.webp\",\"width\":1200,\"height\":1200,\"caption\":\"60k Vape Waspe Aiviou 60000 Red Bull Ice Strawberry Mango Watermelon Bubblegum 2 Disposable Device\"},{\"@type\":\"BreadcrumbList\",\"@id\":\"https:\\\/\\\/vozolvapen.de\\\/product\\\/60k-vape-waspe-aiviou-60000-energy-pop-blast\\\/#breadcrumb\",\"itemListElement\":[{\"@type\":\"ListItem\",\"position\":1,\"name\":\"Home\",\"item\":\"https:\\\/\\\/vozolvapen.de\\\/de\\\/\"},{\"@type\":\"ListItem\",\"position\":2,\"name\":\"Shop\",\"item\":\"https:\\\/\\\/vozolvapen.de\\\/shop\\\/\"},{\"@type\":\"ListItem\",\"position\":3,\"name\":\"60k Vape Waspe Aiviou 60000 &#8211; Energy Pop Blast\"}]},{\"@type\":\"WebSite\",\"@id\":\"https:\\\/\\\/vozolvapen.de\\\/#website\",\"url\":\"https:\\\/\\\/vozolvapen.de\\\/\",\"name\":\"vozolvapen\",\"description\":\"vozolvapen\",\"publisher\":{\"@id\":\"https:\\\/\\\/vozolvapen.de\\\/#organization\"},\"potentialAction\":[{\"@type\":\"SearchAction\",\"target\":{\"@type\":\"EntryPoint\",\"urlTemplate\":\"https:\\\/\\\/vozolvapen.de\\\/?s={search_term_string}\"},\"query-input\":{\"@type\":\"PropertyValueSpecification\",\"valueRequired\":true,\"valueName\":\"search_term_string\"}}],\"inLanguage\":\"fr-FR\"},{\"@type\":\"Organization\",\"@id\":\"https:\\\/\\\/vozolvapen.de\\\/#organization\",\"name\":\"vozolvapen\",\"url\":\"https:\\\/\\\/vozolvapen.de\\\/\",\"logo\":{\"@type\":\"ImageObject\",\"inLanguage\":\"fr-FR\",\"@id\":\"https:\\\/\\\/vozolvapen.de\\\/#\\\/schema\\\/logo\\\/image\\\/\",\"url\":\"https:\\\/\\\/vozolvapen.de\\\/wp-content\\\/uploads\\\/2025\\\/12\\\/cropped-vozovapen-logo.webp\",\"contentUrl\":\"https:\\\/\\\/vozolvapen.de\\\/wp-content\\\/uploads\\\/2025\\\/12\\\/cropped-vozovapen-logo.webp\",\"width\":470,\"height\":110,\"caption\":\"vozolvapen\"},\"image\":{\"@id\":\"https:\\\/\\\/vozolvapen.de\\\/#\\\/schema\\\/logo\\\/image\\\/\"}}]}<\/script>\n<!-- \/ Yoast SEO Premium plugin. -->","yoast_head_json":{"title":"Energy Pop Blast | Waspe 60k 3-in-1 Switch - vozolvapen","description":"Energy Pop Blast Waspe 60k. 60 000 bouff\u00e9es de Red Bull Ice, Mango &amp; Bubblegum. Vapeur haute performance 60000 bouff\u00e9es pour 2026.","robots":{"index":"index","follow":"follow","max-snippet":"max-snippet:-1","max-image-preview":"max-image-preview:large","max-video-preview":"max-video-preview:-1"},"canonical":"https:\/\/vozolvapen.de\/fr\/product\/60k-vape-waspe-aiviou-60000-energy-pop-blast\/","og_locale":"fr_FR","og_type":"article","og_title":"60k Vape Waspe Aiviou 60000 - Energy Pop Blast","og_description":"Energy Pop Blast Waspe 60k. 60,000 puffs of Red Bull Ice, Mango & Bubblegum. High-performance vaper 60000 puffs for 2026.","og_url":"https:\/\/vozolvapen.de\/fr\/product\/60k-vape-waspe-aiviou-60000-energy-pop-blast\/","og_site_name":"vozolvapen","article_modified_time":"2026-02-10T10:45:23+00:00","og_image":[{"width":1200,"height":1200,"url":"https:\/\/vozolvapen.de\/wp-content\/uploads\/2026\/01\/60k-Vape-Waspe-Aiviou-60000-Red-Bull-Ice-Strawberry-Mango-Strawberry-Watermelon-Bubblegum-2.webp","type":"image\/webp"}],"twitter_card":"summary_large_image","twitter_misc":{"Dur\u00e9e de lecture estim\u00e9e":"2 minutes"},"schema":{"@context":"https:\/\/schema.org","@graph":[{"@type":"WebPage","@id":"https:\/\/vozolvapen.de\/product\/60k-vape-waspe-aiviou-60000-energy-pop-blast\/","url":"https:\/\/vozolvapen.de\/product\/60k-vape-waspe-aiviou-60000-energy-pop-blast\/","name":"Energy Pop Blast | Waspe 60k 3-in-1 Switch - vozolvapen","isPartOf":{"@id":"https:\/\/vozolvapen.de\/#website"},"primaryImageOfPage":{"@id":"https:\/\/vozolvapen.de\/product\/60k-vape-waspe-aiviou-60000-energy-pop-blast\/#primaryimage"},"image":{"@id":"https:\/\/vozolvapen.de\/product\/60k-vape-waspe-aiviou-60000-energy-pop-blast\/#primaryimage"},"thumbnailUrl":"https:\/\/vozolvapen.de\/wp-content\/uploads\/2026\/01\/60k-Vape-Waspe-Aiviou-60000-Red-Bull-Ice-Strawberry-Mango-Strawberry-Watermelon-Bubblegum-2.webp","datePublished":"2026-01-09T05:59:17+00:00","dateModified":"2026-02-10T10:45:23+00:00","description":"Energy Pop Blast Waspe 60k. 60 000 bouff\u00e9es de Red Bull Ice, Mango &amp; Bubblegum. Vapeur haute performance 60000 bouff\u00e9es pour 2026.","breadcrumb":{"@id":"https:\/\/vozolvapen.de\/product\/60k-vape-waspe-aiviou-60000-energy-pop-blast\/#breadcrumb"},"inLanguage":"fr-FR","potentialAction":[{"@type":"ReadAction","target":["https:\/\/vozolvapen.de\/product\/60k-vape-waspe-aiviou-60000-energy-pop-blast\/"]}]},{"@type":"ImageObject","inLanguage":"fr-FR","@id":"https:\/\/vozolvapen.de\/product\/60k-vape-waspe-aiviou-60000-energy-pop-blast\/#primaryimage","url":"https:\/\/vozolvapen.de\/wp-content\/uploads\/2026\/01\/60k-Vape-Waspe-Aiviou-60000-Red-Bull-Ice-Strawberry-Mango-Strawberry-Watermelon-Bubblegum-2.webp","contentUrl":"https:\/\/vozolvapen.de\/wp-content\/uploads\/2026\/01\/60k-Vape-Waspe-Aiviou-60000-Red-Bull-Ice-Strawberry-Mango-Strawberry-Watermelon-Bubblegum-2.webp","width":1200,"height":1200,"caption":"60k Vape Waspe Aiviou 60000 Red Bull Ice Strawberry Mango Watermelon Bubblegum 2 Disposable Device"},{"@type":"BreadcrumbList","@id":"https:\/\/vozolvapen.de\/product\/60k-vape-waspe-aiviou-60000-energy-pop-blast\/#breadcrumb","itemListElement":[{"@type":"ListItem","position":1,"name":"Home","item":"https:\/\/vozolvapen.de\/de\/"},{"@type":"ListItem","position":2,"name":"Shop","item":"https:\/\/vozolvapen.de\/shop\/"},{"@type":"ListItem","position":3,"name":"60k Vape Waspe Aiviou 60000 &#8211; Energy Pop Blast"}]},{"@type":"WebSite","@id":"https:\/\/vozolvapen.de\/#website","url":"https:\/\/vozolvapen.de\/","name":"vozolvapen","description":"vozolvapen","publisher":{"@id":"https:\/\/vozolvapen.de\/#organization"},"potentialAction":[{"@type":"SearchAction","target":{"@type":"EntryPoint","urlTemplate":"https:\/\/vozolvapen.de\/?s={search_term_string}"},"query-input":{"@type":"PropertyValueSpecification","valueRequired":true,"valueName":"search_term_string"}}],"inLanguage":"fr-FR"},{"@type":"Organization","@id":"https:\/\/vozolvapen.de\/#organization","name":"vozolvapen","url":"https:\/\/vozolvapen.de\/","logo":{"@type":"ImageObject","inLanguage":"fr-FR","@id":"https:\/\/vozolvapen.de\/#\/schema\/logo\/image\/","url":"https:\/\/vozolvapen.de\/wp-content\/uploads\/2025\/12\/cropped-vozovapen-logo.webp","contentUrl":"https:\/\/vozolvapen.de\/wp-content\/uploads\/2025\/12\/cropped-vozovapen-logo.webp","width":470,"height":110,"caption":"vozolvapen"},"image":{"@id":"https:\/\/vozolvapen.de\/#\/schema\/logo\/image\/"}}]}},"tiered_pricing_type":"fixed","tiered_pricing_fixed_rules":{"30":"13.4","50":"11.4","100":"10.4","200":"9.9"},"tiered_pricing_product_settings":{"layout":"default","base_unit_name":{"singular":null,"plural":null},"default_variation":{}},"tiered_pricing_minimum_quantity":10,"tiered_pricing_roles_data":[],"tiered_pricing_percentage_rules":[],"tiered_pricing_maximum_quantity":null,"tiered_pricing_quantity_step":"10","_links":{"self":[{"href":"https:\/\/vozolvapen.de\/fr\/wp-json\/wp\/v2\/product\/58823","targetHints":{"allow":["GET"]}}],"collection":[{"href":"https:\/\/vozolvapen.de\/fr\/wp-json\/wp\/v2\/product"}],"about":[{"href":"https:\/\/vozolvapen.de\/fr\/wp-json\/wp\/v2\/types\/product"}],"replies":[{"embeddable":true,"href":"https:\/\/vozolvapen.de\/fr\/wp-json\/wp\/v2\/comments?post=58823"}],"wp:featuredmedia":[{"embeddable":true,"href":"https:\/\/vozolvapen.de\/fr\/wp-json\/wp\/v2\/media\/59126"}],"wp:attachment":[{"href":"https:\/\/vozolvapen.de\/fr\/wp-json\/wp\/v2\/media?parent=58823"}],"wp:term":[{"taxonomy":"product_brand","embeddable":true,"href":"https:\/\/vozolvapen.de\/fr\/wp-json\/wp\/v2\/product_brand?post=58823"},{"taxonomy":"product_cat","embeddable":true,"href":"https:\/\/vozolvapen.de\/fr\/wp-json\/wp\/v2\/product_cat?post=58823"},{"taxonomy":"product_tag","embeddable":true,"href":"https:\/\/vozolvapen.de\/fr\/wp-json\/wp\/v2\/product_tag?post=58823"}],"curies":[{"name":"wp","href":"https:\/\/api.w.org\/{rel}","templated":true}]}}